{"id":56533,"date":"2025-07-17T15:04:24","date_gmt":"2025-07-17T12:04:24","guid":{"rendered":"https:\/\/www.gintaresgeles.lt\/puokste\/foil-helium-balloon-birthday-elephant\/"},"modified":"2025-07-17T15:04:24","modified_gmt":"2025-07-17T12:04:24","slug":"foil-helium-balloon-birthday-elephant","status":"publish","type":"product","link":"https:\/\/www.gintaresgeles.lt\/en\/puokste\/foil-helium-balloon-birthday-elephant\/","title":{"rendered":"Foil helium balloon \u201eBirthday Elephant\u201c"},"content":{"rendered":"","protected":false},"excerpt":{"rendered":"<article class=\"text-token-text-primary w-full focus:outline-none scroll-mt-[calc(var(--header-height)+min(200px,max(70px,20svh)))]\" dir=\"auto\" data-testid=\"conversation-turn-34\" data-scroll-anchor=\"true\" data-turn=\"assistant\">\n<div class=\"text-base my-auto mx-auto pb-10 [--thread-content-margin:--spacing(4)] @[37rem]:[--thread-content-margin:--spacing(6)] @[72rem]:[--thread-content-margin:--spacing(16)] px-(--thread-content-margin)\">\n<div class=\"[--thread-content-max-width:32rem] @[34rem]:[--thread-content-max-width:40rem] @[64rem]:[--thread-content-max-width:48rem] mx-auto max-w-(--thread-content-max-width) flex-1 group\/turn-messages focus-visible:outline-hidden relative flex w-full min-w-0 flex-col agent-turn\">\n<div class=\"flex max-w-full flex-col grow\">\n<div class=\"min-h-8 text-message relative flex w-full flex-col items-end gap-2 text-start break-words whitespace-normal [.text-message+&amp;]:mt-5\" dir=\"auto\" data-message-author-role=\"assistant\" data-message-id=\"3f3654aa-0607-46b0-a5b3-314815837554\" data-message-model-slug=\"gpt-4-1-mini\">\n<div class=\"flex w-full flex-col gap-1 empty:hidden first:pt-[3px]\">\n<div class=\"markdown prose dark:prose-invert w-full break-words dark\">\n<p data-start=\"51\" data-end=\"305\">Looking for a cute and playful birthday decoration? This foil balloon \u201eBirthday Elephant\u201c is a perfect choice! The balloon features a smiling elephant with the festive inscription \u201eHappy Birthday\u201c, surrounded by bright colors and a joyful atmosphere.<\/p>\n<p data-start=\"307\" data-end=\"332\" data-is-last-node=\"\" data-is-only-node=\"\">Balloon size \u2013 45 cm.<\/p>\n<\/div>\n<\/div>\n<\/div>\n<\/div>\n<div class=\"mx-[var(--mini-thread-content-inset)]\">\n<div class=\"flex min-h-[46px] justify-start\">\n<div class=\"touch:-me-2 touch:-ms-3.5 -ms-2.5 -me-1 flex flex-wrap items-center gap-y-4 p-1 select-none touch:w-[calc(100%+--spacing(3.5))] -mt-1 w-[calc(100%+--spacing(2.5))] duration-[1.5s] focus-within:transition-none hover:transition-none pointer-events-none [mask-image:linear-gradient(to_right,black_33%,transparent_66%)] [mask-size:300%_100%] [mask-position:100%_0%] motion-safe:transition-[mask-position] group-hover\/turn-messages:pointer-events-auto group-hover\/turn-messages:[mask-position:0_0] group-focus-within\/turn-messages:pointer-events-auto group-focus-within\/turn-messages:[mask-position:0_0] has-data-[state=open]:pointer-events-auto has-data-[state=open]:[mask-position:0_0]\"><\/div>\n<\/div>\n<\/div>\n<div class=\"aria-live=polite absolute\">\n<div class=\"flex items-center justify-center\"><\/div>\n<\/div>\n<\/div>\n<\/div>\n<\/article>\n<div class=\"pointer-events-none h-px w-px\" aria-hidden=\"true\" data-edge=\"true\"><\/div>\n","protected":false},"featured_media":56240,"template":"","meta":[],"product_brand":[],"product_cat":[270,1956,893,1959,894],"product_tag":[],"class_list":{"0":"post-56533","1":"product","2":"type-product","3":"status-publish","4":"has-post-thumbnail","6":"product_cat-helium-balloons","7":"product_cat-foil-helium-balloons","8":"product_cat-helium-balloons-for-birthday","9":"product_cat-helium-balloons-for-boys","10":"product_cat-helium-balloons-for-kids","11":"tm-has-options","13":"first","14":"instock","15":"taxable","16":"shipping-taxable","17":"purchasable","18":"product-type-simple"},"yoast_head":"<!-- This site is optimized with the Yoast SEO plugin v25.3 - https:\/\/yoast.com\/wordpress\/plugins\/seo\/ -->\n<title>Foil helium balloon \u201eBirthday Elephant\u201c | Gintar\u0117s G\u0117l\u0117s<\/title>\n<meta name=\"description\" content=\"Foil balloon \u201eBirthday Elephant\u201c \u2013 45 cm, with the inscription \u201eHappy Birthday\u201c. A charming choice for a child\u2019s celebration or an elegant decor accent!\" \/>\n<meta name=\"robots\" content=\"index, follow, max-snippet:-1, max-image-preview:large, max-video-preview:-1\" \/>\n<link rel=\"canonical\" href=\"https:\/\/www.gintaresgeles.lt\/en\/puokste\/foil-helium-balloon-birthday-elephant\/\" \/>\n<meta property=\"og:locale\" content=\"en_US\" \/>\n<meta property=\"og:type\" content=\"article\" \/>\n<meta property=\"og:title\" content=\"Foil helium balloon \u201eBirthday Elephant\u201c | Gintar\u0117s G\u0117l\u0117s\" \/>\n<meta property=\"og:description\" content=\"Foil balloon \u201eBirthday Elephant\u201c \u2013 45 cm, with the inscription \u201eHappy Birthday\u201c. A charming choice for a child\u2019s celebration or an elegant decor accent!\" \/>\n<meta property=\"og:url\" content=\"https:\/\/www.gintaresgeles.lt\/en\/puokste\/foil-helium-balloon-birthday-elephant\/\" \/>\n<meta property=\"og:site_name\" content=\"gintaresgeles.lt\" \/>\n<meta property=\"og:image\" content=\"https:\/\/www.gintaresgeles.lt\/wp-content\/uploads\/2025\/07\/Folinis-zaismingas-balionas-su-gimtadienio-sveikinimu.jpg\" \/>\n\t<meta property=\"og:image:width\" content=\"1102\" \/>\n\t<meta property=\"og:image:height\" content=\"1100\" \/>\n\t<meta property=\"og:image:type\" content=\"image\/jpeg\" \/>\n<meta name=\"twitter:card\" content=\"summary_large_image\" \/>\n<script type=\"application\/ld+json\" class=\"yoast-schema-graph\">{\"@context\":\"https:\/\/schema.org\",\"@graph\":[{\"@type\":\"WebPage\",\"@id\":\"https:\/\/www.gintaresgeles.lt\/en\/puokste\/foil-helium-balloon-birthday-elephant\/\",\"url\":\"https:\/\/www.gintaresgeles.lt\/en\/puokste\/foil-helium-balloon-birthday-elephant\/\",\"name\":\"Foil helium balloon \u201eBirthday Elephant\u201c | Gintar\u0117s G\u0117l\u0117s\",\"isPartOf\":{\"@id\":\"https:\/\/www.gintaresgeles.lt\/en\/#website\"},\"primaryImageOfPage\":{\"@id\":\"https:\/\/www.gintaresgeles.lt\/en\/puokste\/foil-helium-balloon-birthday-elephant\/#primaryimage\"},\"image\":{\"@id\":\"https:\/\/www.gintaresgeles.lt\/en\/puokste\/foil-helium-balloon-birthday-elephant\/#primaryimage\"},\"thumbnailUrl\":\"https:\/\/www.gintaresgeles.lt\/wp-content\/uploads\/2025\/07\/Folinis-zaismingas-balionas-su-gimtadienio-sveikinimu.jpg\",\"datePublished\":\"2025-07-17T12:04:24+00:00\",\"description\":\"Foil balloon \u201eBirthday Elephant\u201c \u2013 45 cm, with the inscription \u201eHappy Birthday\u201c. A charming choice for a child\u2019s celebration or an elegant decor accent!\",\"breadcrumb\":{\"@id\":\"https:\/\/www.gintaresgeles.lt\/en\/puokste\/foil-helium-balloon-birthday-elephant\/#breadcrumb\"},\"inLanguage\":\"en-US\",\"potentialAction\":[{\"@type\":\"ReadAction\",\"target\":[\"https:\/\/www.gintaresgeles.lt\/en\/puokste\/foil-helium-balloon-birthday-elephant\/\"]}]},{\"@type\":\"ImageObject\",\"inLanguage\":\"en-US\",\"@id\":\"https:\/\/www.gintaresgeles.lt\/en\/puokste\/foil-helium-balloon-birthday-elephant\/#primaryimage\",\"url\":\"https:\/\/www.gintaresgeles.lt\/wp-content\/uploads\/2025\/07\/Folinis-zaismingas-balionas-su-gimtadienio-sveikinimu.jpg\",\"contentUrl\":\"https:\/\/www.gintaresgeles.lt\/wp-content\/uploads\/2025\/07\/Folinis-zaismingas-balionas-su-gimtadienio-sveikinimu.jpg\",\"width\":1102,\"height\":1100,\"caption\":\"Geltonas folinis balionassu gimtadienio sveikinimu ir drambliuku\"},{\"@type\":\"BreadcrumbList\",\"@id\":\"https:\/\/www.gintaresgeles.lt\/en\/puokste\/foil-helium-balloon-birthday-elephant\/#breadcrumb\",\"itemListElement\":[{\"@type\":\"ListItem\",\"position\":1,\"name\":\"Prad\u017eia\",\"item\":\"https:\/\/www.gintaresgeles.lt\/en\/\"},{\"@type\":\"ListItem\",\"position\":2,\"name\":\"All flowers and other products\",\"item\":\"https:\/\/www.gintaresgeles.lt\/en\/all-flowers-and-other-products\/\"},{\"@type\":\"ListItem\",\"position\":3,\"name\":\"Foil helium balloon \u201eBirthday Elephant\u201c\"}]},{\"@type\":\"WebSite\",\"@id\":\"https:\/\/www.gintaresgeles.lt\/en\/#website\",\"url\":\"https:\/\/www.gintaresgeles.lt\/en\/\",\"name\":\"gintaresgeles.lt\",\"description\":\"G\u0117li\u0173 parduotuv\u0117 internete\",\"potentialAction\":[{\"@type\":\"SearchAction\",\"target\":{\"@type\":\"EntryPoint\",\"urlTemplate\":\"https:\/\/www.gintaresgeles.lt\/en\/?s={search_term_string}\"},\"query-input\":{\"@type\":\"PropertyValueSpecification\",\"valueRequired\":true,\"valueName\":\"search_term_string\"}}],\"inLanguage\":\"en-US\"}]}<\/script>\n<!-- \/ Yoast SEO plugin. -->","yoast_head_json":{"title":"Foil helium balloon \u201eBirthday Elephant\u201c | Gintar\u0117s G\u0117l\u0117s","description":"Foil balloon \u201eBirthday Elephant\u201c \u2013 45 cm, with the inscription \u201eHappy Birthday\u201c. A charming choice for a child\u2019s celebration or an elegant decor accent!","robots":{"index":"index","follow":"follow","max-snippet":"max-snippet:-1","max-image-preview":"max-image-preview:large","max-video-preview":"max-video-preview:-1"},"canonical":"https:\/\/www.gintaresgeles.lt\/en\/puokste\/foil-helium-balloon-birthday-elephant\/","og_locale":"en_US","og_type":"article","og_title":"Foil helium balloon \u201eBirthday Elephant\u201c | Gintar\u0117s G\u0117l\u0117s","og_description":"Foil balloon \u201eBirthday Elephant\u201c \u2013 45 cm, with the inscription \u201eHappy Birthday\u201c. A charming choice for a child\u2019s celebration or an elegant decor accent!","og_url":"https:\/\/www.gintaresgeles.lt\/en\/puokste\/foil-helium-balloon-birthday-elephant\/","og_site_name":"gintaresgeles.lt","og_image":[{"width":1102,"height":1100,"url":"https:\/\/www.gintaresgeles.lt\/wp-content\/uploads\/2025\/07\/Folinis-zaismingas-balionas-su-gimtadienio-sveikinimu.jpg","type":"image\/jpeg"}],"twitter_card":"summary_large_image","schema":{"@context":"https:\/\/schema.org","@graph":[{"@type":"WebPage","@id":"https:\/\/www.gintaresgeles.lt\/en\/puokste\/foil-helium-balloon-birthday-elephant\/","url":"https:\/\/www.gintaresgeles.lt\/en\/puokste\/foil-helium-balloon-birthday-elephant\/","name":"Foil helium balloon \u201eBirthday Elephant\u201c | Gintar\u0117s G\u0117l\u0117s","isPartOf":{"@id":"https:\/\/www.gintaresgeles.lt\/en\/#website"},"primaryImageOfPage":{"@id":"https:\/\/www.gintaresgeles.lt\/en\/puokste\/foil-helium-balloon-birthday-elephant\/#primaryimage"},"image":{"@id":"https:\/\/www.gintaresgeles.lt\/en\/puokste\/foil-helium-balloon-birthday-elephant\/#primaryimage"},"thumbnailUrl":"https:\/\/www.gintaresgeles.lt\/wp-content\/uploads\/2025\/07\/Folinis-zaismingas-balionas-su-gimtadienio-sveikinimu.jpg","datePublished":"2025-07-17T12:04:24+00:00","description":"Foil balloon \u201eBirthday Elephant\u201c \u2013 45 cm, with the inscription \u201eHappy Birthday\u201c. A charming choice for a child\u2019s celebration or an elegant decor accent!","breadcrumb":{"@id":"https:\/\/www.gintaresgeles.lt\/en\/puokste\/foil-helium-balloon-birthday-elephant\/#breadcrumb"},"inLanguage":"en-US","potentialAction":[{"@type":"ReadAction","target":["https:\/\/www.gintaresgeles.lt\/en\/puokste\/foil-helium-balloon-birthday-elephant\/"]}]},{"@type":"ImageObject","inLanguage":"en-US","@id":"https:\/\/www.gintaresgeles.lt\/en\/puokste\/foil-helium-balloon-birthday-elephant\/#primaryimage","url":"https:\/\/www.gintaresgeles.lt\/wp-content\/uploads\/2025\/07\/Folinis-zaismingas-balionas-su-gimtadienio-sveikinimu.jpg","contentUrl":"https:\/\/www.gintaresgeles.lt\/wp-content\/uploads\/2025\/07\/Folinis-zaismingas-balionas-su-gimtadienio-sveikinimu.jpg","width":1102,"height":1100,"caption":"Geltonas folinis balionassu gimtadienio sveikinimu ir drambliuku"},{"@type":"BreadcrumbList","@id":"https:\/\/www.gintaresgeles.lt\/en\/puokste\/foil-helium-balloon-birthday-elephant\/#breadcrumb","itemListElement":[{"@type":"ListItem","position":1,"name":"Prad\u017eia","item":"https:\/\/www.gintaresgeles.lt\/en\/"},{"@type":"ListItem","position":2,"name":"All flowers and other products","item":"https:\/\/www.gintaresgeles.lt\/en\/all-flowers-and-other-products\/"},{"@type":"ListItem","position":3,"name":"Foil helium balloon \u201eBirthday Elephant\u201c"}]},{"@type":"WebSite","@id":"https:\/\/www.gintaresgeles.lt\/en\/#website","url":"https:\/\/www.gintaresgeles.lt\/en\/","name":"gintaresgeles.lt","description":"G\u0117li\u0173 parduotuv\u0117 internete","potentialAction":[{"@type":"SearchAction","target":{"@type":"EntryPoint","urlTemplate":"https:\/\/www.gintaresgeles.lt\/en\/?s={search_term_string}"},"query-input":{"@type":"PropertyValueSpecification","valueRequired":true,"valueName":"search_term_string"}}],"inLanguage":"en-US"}]}},"_links":{"self":[{"href":"https:\/\/www.gintaresgeles.lt\/en\/wp-json\/wp\/v2\/product\/56533","targetHints":{"allow":["GET"]}}],"collection":[{"href":"https:\/\/www.gintaresgeles.lt\/en\/wp-json\/wp\/v2\/product"}],"about":[{"href":"https:\/\/www.gintaresgeles.lt\/en\/wp-json\/wp\/v2\/types\/product"}],"wp:featuredmedia":[{"embeddable":true,"href":"https:\/\/www.gintaresgeles.lt\/en\/wp-json\/wp\/v2\/media\/56240"}],"wp:attachment":[{"href":"https:\/\/www.gintaresgeles.lt\/en\/wp-json\/wp\/v2\/media?parent=56533"}],"wp:term":[{"taxonomy":"product_brand","embeddable":true,"href":"https:\/\/www.gintaresgeles.lt\/en\/wp-json\/wp\/v2\/product_brand?post=56533"},{"taxonomy":"product_cat","embeddable":true,"href":"https:\/\/www.gintaresgeles.lt\/en\/wp-json\/wp\/v2\/product_cat?post=56533"},{"taxonomy":"product_tag","embeddable":true,"href":"https:\/\/www.gintaresgeles.lt\/en\/wp-json\/wp\/v2\/product_tag?post=56533"}],"curies":[{"name":"wp","href":"https:\/\/api.w.org\/{rel}","templated":true}]}}