{"id":56539,"date":"2025-07-21T14:03:08","date_gmt":"2025-07-21T11:03:08","guid":{"rendered":"https:\/\/www.gintaresgeles.lt\/puokste\/helium-balloon-bouquet-blue-birthday\/"},"modified":"2025-07-21T14:03:08","modified_gmt":"2025-07-21T11:03:08","slug":"helium-balloon-bouquet-blue-birthday","status":"publish","type":"product","link":"https:\/\/www.gintaresgeles.lt\/en\/puokste\/helium-balloon-bouquet-blue-birthday\/","title":{"rendered":"Helium balloon bouquet \u201eBlue Birthday\u201c"},"content":{"rendered":"","protected":false},"excerpt":{"rendered":"<p data-start=\"51\" data-end=\"377\">The striking large helium-filled blue balloon number symbolizes the significance of special moments, while the additional smaller latex balloons add dynamism. Every detail is carefully selected to create a harmony between luxury and festive spirit, turning your event into an unforgettable symphony of sights and emotions.<\/p>\n<p data-start=\"379\" data-end=\"404\">The bouquet includes:<\/p>\n<ul data-start=\"406\" data-end=\"573\">\n<li data-start=\"406\" data-end=\"452\">\n<p data-start=\"408\" data-end=\"452\">1 XXL foil blue number of your choice;<\/p>\n<\/li>\n<li data-start=\"453\" data-end=\"484\">\n<p data-start=\"455\" data-end=\"484\">2 chrome blue balloons;<\/p>\n<\/li>\n<li data-start=\"485\" data-end=\"510\">\n<p data-start=\"487\" data-end=\"510\">2 white balloons;<\/p>\n<\/li>\n<li data-start=\"511\" data-end=\"536\">\n<p data-start=\"513\" data-end=\"536\">1 foil blue star;<\/p>\n<\/li>\n<li data-start=\"537\" data-end=\"573\">\n<p data-start=\"539\" data-end=\"573\">2 balloons with blue confetti.<\/p>\n<\/li>\n<\/ul>\n<p data-start=\"575\" data-end=\"646\" data-is-last-node=\"\" data-is-only-node=\"\">The balloon shades may slightly vary from those shown in the photo.<\/p>\n","protected":false},"featured_media":55918,"template":"","meta":[],"product_brand":[],"product_cat":[270,1957,1956,893,1958,1278,1203],"product_tag":[],"class_list":{"0":"post-56539","1":"product","2":"type-product","3":"status-publish","4":"has-post-thumbnail","6":"product_cat-helium-balloons","7":"product_cat-chrome-helium-balloons","8":"product_cat-foil-helium-balloons","9":"product_cat-helium-balloons-for-birthday","10":"product_cat-helium-balloons-with-confetti","11":"product_cat-helium-filled-balloons-numbers","12":"product_cat-helium-rubber-balloons","13":"tm-no-options","15":"first","16":"instock","17":"taxable","18":"shipping-taxable","19":"purchasable","20":"product-type-variable"},"yoast_head":"<!-- This site is optimized with the Yoast SEO plugin v25.3 - https:\/\/yoast.com\/wordpress\/plugins\/seo\/ -->\n<title>Helium balloon bouquet \u201eBlue Birthday\u201c | Gintar\u0117s G\u0117l\u0117s<\/title>\n<meta name=\"description\" content=\"This balloon set is a perfect choice for making celebrations extra special. The dominant colors are designed for those who love blue or for boys.\" \/>\n<meta name=\"robots\" content=\"index, follow, max-snippet:-1, max-image-preview:large, max-video-preview:-1\" \/>\n<link rel=\"canonical\" href=\"https:\/\/www.gintaresgeles.lt\/en\/puokste\/helium-balloon-bouquet-blue-birthday\/\" \/>\n<meta property=\"og:locale\" content=\"en_US\" \/>\n<meta property=\"og:type\" content=\"article\" \/>\n<meta property=\"og:title\" content=\"Helium balloon bouquet \u201eBlue Birthday\u201c | Gintar\u0117s G\u0117l\u0117s\" \/>\n<meta property=\"og:description\" content=\"This balloon set is a perfect choice for making celebrations extra special. The dominant colors are designed for those who love blue or for boys.\" \/>\n<meta property=\"og:url\" content=\"https:\/\/www.gintaresgeles.lt\/en\/puokste\/helium-balloon-bouquet-blue-birthday\/\" \/>\n<meta property=\"og:site_name\" content=\"gintaresgeles.lt\" \/>\n<meta property=\"og:image\" content=\"https:\/\/www.gintaresgeles.lt\/wp-content\/uploads\/2025\/06\/Melynos-spalvos-balionu-rinkinys-megstantiems-sia-spalva.jpg\" \/>\n\t<meta property=\"og:image:width\" content=\"1000\" \/>\n\t<meta property=\"og:image:height\" content=\"1000\" \/>\n\t<meta property=\"og:image:type\" content=\"image\/jpeg\" \/>\n<meta name=\"twitter:card\" content=\"summary_large_image\" \/>\n<script type=\"application\/ld+json\" class=\"yoast-schema-graph\">{\"@context\":\"https:\/\/schema.org\",\"@graph\":[{\"@type\":\"WebPage\",\"@id\":\"https:\/\/www.gintaresgeles.lt\/en\/puokste\/helium-balloon-bouquet-blue-birthday\/\",\"url\":\"https:\/\/www.gintaresgeles.lt\/en\/puokste\/helium-balloon-bouquet-blue-birthday\/\",\"name\":\"Helium balloon bouquet \u201eBlue Birthday\u201c | Gintar\u0117s G\u0117l\u0117s\",\"isPartOf\":{\"@id\":\"https:\/\/www.gintaresgeles.lt\/en\/#website\"},\"primaryImageOfPage\":{\"@id\":\"https:\/\/www.gintaresgeles.lt\/en\/puokste\/helium-balloon-bouquet-blue-birthday\/#primaryimage\"},\"image\":{\"@id\":\"https:\/\/www.gintaresgeles.lt\/en\/puokste\/helium-balloon-bouquet-blue-birthday\/#primaryimage\"},\"thumbnailUrl\":\"https:\/\/www.gintaresgeles.lt\/wp-content\/uploads\/2025\/06\/Melynos-spalvos-balionu-rinkinys-megstantiems-sia-spalva.jpg\",\"datePublished\":\"2025-07-21T11:03:08+00:00\",\"description\":\"This balloon set is a perfect choice for making celebrations extra special. The dominant colors are designed for those who love blue or for boys.\",\"breadcrumb\":{\"@id\":\"https:\/\/www.gintaresgeles.lt\/en\/puokste\/helium-balloon-bouquet-blue-birthday\/#breadcrumb\"},\"inLanguage\":\"en-US\",\"potentialAction\":[{\"@type\":\"ReadAction\",\"target\":[\"https:\/\/www.gintaresgeles.lt\/en\/puokste\/helium-balloon-bouquet-blue-birthday\/\"]}]},{\"@type\":\"ImageObject\",\"inLanguage\":\"en-US\",\"@id\":\"https:\/\/www.gintaresgeles.lt\/en\/puokste\/helium-balloon-bouquet-blue-birthday\/#primaryimage\",\"url\":\"https:\/\/www.gintaresgeles.lt\/wp-content\/uploads\/2025\/06\/Melynos-spalvos-balionu-rinkinys-megstantiems-sia-spalva.jpg\",\"contentUrl\":\"https:\/\/www.gintaresgeles.lt\/wp-content\/uploads\/2025\/06\/Melynos-spalvos-balionu-rinkinys-megstantiems-sia-spalva.jpg\",\"width\":1000,\"height\":1000,\"caption\":\"Puikiai atrodantys ir derantys balionai ypatingai progai\"},{\"@type\":\"BreadcrumbList\",\"@id\":\"https:\/\/www.gintaresgeles.lt\/en\/puokste\/helium-balloon-bouquet-blue-birthday\/#breadcrumb\",\"itemListElement\":[{\"@type\":\"ListItem\",\"position\":1,\"name\":\"Prad\u017eia\",\"item\":\"https:\/\/www.gintaresgeles.lt\/en\/\"},{\"@type\":\"ListItem\",\"position\":2,\"name\":\"All flowers and other products\",\"item\":\"https:\/\/www.gintaresgeles.lt\/en\/all-flowers-and-other-products\/\"},{\"@type\":\"ListItem\",\"position\":3,\"name\":\"Helium balloon bouquet \u201eBlue Birthday\u201c\"}]},{\"@type\":\"WebSite\",\"@id\":\"https:\/\/www.gintaresgeles.lt\/en\/#website\",\"url\":\"https:\/\/www.gintaresgeles.lt\/en\/\",\"name\":\"gintaresgeles.lt\",\"description\":\"G\u0117li\u0173 parduotuv\u0117 internete\",\"potentialAction\":[{\"@type\":\"SearchAction\",\"target\":{\"@type\":\"EntryPoint\",\"urlTemplate\":\"https:\/\/www.gintaresgeles.lt\/en\/?s={search_term_string}\"},\"query-input\":{\"@type\":\"PropertyValueSpecification\",\"valueRequired\":true,\"valueName\":\"search_term_string\"}}],\"inLanguage\":\"en-US\"}]}<\/script>\n<!-- \/ Yoast SEO plugin. -->","yoast_head_json":{"title":"Helium balloon bouquet \u201eBlue Birthday\u201c | Gintar\u0117s G\u0117l\u0117s","description":"This balloon set is a perfect choice for making celebrations extra special. The dominant colors are designed for those who love blue or for boys.","robots":{"index":"index","follow":"follow","max-snippet":"max-snippet:-1","max-image-preview":"max-image-preview:large","max-video-preview":"max-video-preview:-1"},"canonical":"https:\/\/www.gintaresgeles.lt\/en\/puokste\/helium-balloon-bouquet-blue-birthday\/","og_locale":"en_US","og_type":"article","og_title":"Helium balloon bouquet \u201eBlue Birthday\u201c | Gintar\u0117s G\u0117l\u0117s","og_description":"This balloon set is a perfect choice for making celebrations extra special. The dominant colors are designed for those who love blue or for boys.","og_url":"https:\/\/www.gintaresgeles.lt\/en\/puokste\/helium-balloon-bouquet-blue-birthday\/","og_site_name":"gintaresgeles.lt","og_image":[{"width":1000,"height":1000,"url":"https:\/\/www.gintaresgeles.lt\/wp-content\/uploads\/2025\/06\/Melynos-spalvos-balionu-rinkinys-megstantiems-sia-spalva.jpg","type":"image\/jpeg"}],"twitter_card":"summary_large_image","schema":{"@context":"https:\/\/schema.org","@graph":[{"@type":"WebPage","@id":"https:\/\/www.gintaresgeles.lt\/en\/puokste\/helium-balloon-bouquet-blue-birthday\/","url":"https:\/\/www.gintaresgeles.lt\/en\/puokste\/helium-balloon-bouquet-blue-birthday\/","name":"Helium balloon bouquet \u201eBlue Birthday\u201c | Gintar\u0117s G\u0117l\u0117s","isPartOf":{"@id":"https:\/\/www.gintaresgeles.lt\/en\/#website"},"primaryImageOfPage":{"@id":"https:\/\/www.gintaresgeles.lt\/en\/puokste\/helium-balloon-bouquet-blue-birthday\/#primaryimage"},"image":{"@id":"https:\/\/www.gintaresgeles.lt\/en\/puokste\/helium-balloon-bouquet-blue-birthday\/#primaryimage"},"thumbnailUrl":"https:\/\/www.gintaresgeles.lt\/wp-content\/uploads\/2025\/06\/Melynos-spalvos-balionu-rinkinys-megstantiems-sia-spalva.jpg","datePublished":"2025-07-21T11:03:08+00:00","description":"This balloon set is a perfect choice for making celebrations extra special. The dominant colors are designed for those who love blue or for boys.","breadcrumb":{"@id":"https:\/\/www.gintaresgeles.lt\/en\/puokste\/helium-balloon-bouquet-blue-birthday\/#breadcrumb"},"inLanguage":"en-US","potentialAction":[{"@type":"ReadAction","target":["https:\/\/www.gintaresgeles.lt\/en\/puokste\/helium-balloon-bouquet-blue-birthday\/"]}]},{"@type":"ImageObject","inLanguage":"en-US","@id":"https:\/\/www.gintaresgeles.lt\/en\/puokste\/helium-balloon-bouquet-blue-birthday\/#primaryimage","url":"https:\/\/www.gintaresgeles.lt\/wp-content\/uploads\/2025\/06\/Melynos-spalvos-balionu-rinkinys-megstantiems-sia-spalva.jpg","contentUrl":"https:\/\/www.gintaresgeles.lt\/wp-content\/uploads\/2025\/06\/Melynos-spalvos-balionu-rinkinys-megstantiems-sia-spalva.jpg","width":1000,"height":1000,"caption":"Puikiai atrodantys ir derantys balionai ypatingai progai"},{"@type":"BreadcrumbList","@id":"https:\/\/www.gintaresgeles.lt\/en\/puokste\/helium-balloon-bouquet-blue-birthday\/#breadcrumb","itemListElement":[{"@type":"ListItem","position":1,"name":"Prad\u017eia","item":"https:\/\/www.gintaresgeles.lt\/en\/"},{"@type":"ListItem","position":2,"name":"All flowers and other products","item":"https:\/\/www.gintaresgeles.lt\/en\/all-flowers-and-other-products\/"},{"@type":"ListItem","position":3,"name":"Helium balloon bouquet \u201eBlue Birthday\u201c"}]},{"@type":"WebSite","@id":"https:\/\/www.gintaresgeles.lt\/en\/#website","url":"https:\/\/www.gintaresgeles.lt\/en\/","name":"gintaresgeles.lt","description":"G\u0117li\u0173 parduotuv\u0117 internete","potentialAction":[{"@type":"SearchAction","target":{"@type":"EntryPoint","urlTemplate":"https:\/\/www.gintaresgeles.lt\/en\/?s={search_term_string}"},"query-input":{"@type":"PropertyValueSpecification","valueRequired":true,"valueName":"search_term_string"}}],"inLanguage":"en-US"}]}},"_links":{"self":[{"href":"https:\/\/www.gintaresgeles.lt\/en\/wp-json\/wp\/v2\/product\/56539","targetHints":{"allow":["GET"]}}],"collection":[{"href":"https:\/\/www.gintaresgeles.lt\/en\/wp-json\/wp\/v2\/product"}],"about":[{"href":"https:\/\/www.gintaresgeles.lt\/en\/wp-json\/wp\/v2\/types\/product"}],"wp:featuredmedia":[{"embeddable":true,"href":"https:\/\/www.gintaresgeles.lt\/en\/wp-json\/wp\/v2\/media\/55918"}],"wp:attachment":[{"href":"https:\/\/www.gintaresgeles.lt\/en\/wp-json\/wp\/v2\/media?parent=56539"}],"wp:term":[{"taxonomy":"product_brand","embeddable":true,"href":"https:\/\/www.gintaresgeles.lt\/en\/wp-json\/wp\/v2\/product_brand?post=56539"},{"taxonomy":"product_cat","embeddable":true,"href":"https:\/\/www.gintaresgeles.lt\/en\/wp-json\/wp\/v2\/product_cat?post=56539"},{"taxonomy":"product_tag","embeddable":true,"href":"https:\/\/www.gintaresgeles.lt\/en\/wp-json\/wp\/v2\/product_tag?post=56539"}],"curies":[{"name":"wp","href":"https:\/\/api.w.org\/{rel}","templated":true}]}}