{"id":56577,"date":"2025-07-26T14:46:25","date_gmt":"2025-07-26T11:46:25","guid":{"rendered":"https:\/\/www.gintaresgeles.lt\/puokste\/latex-helium-balloon-just-married-with-swans\/"},"modified":"2025-07-26T14:46:25","modified_gmt":"2025-07-26T11:46:25","slug":"latex-helium-balloon-just-married-with-swans","status":"publish","type":"product","link":"https:\/\/www.gintaresgeles.lt\/en\/puokste\/latex-helium-balloon-just-married-with-swans\/","title":{"rendered":"Latex helium balloon \u201eJust Married\u201c with swans"},"content":{"rendered":"","protected":false},"excerpt":{"rendered":"<p>Enhance your wedding celebration with a distinctive detail \u2013 the helium balloon \u201eJust Married\u201c featuring elegant swans. The balloon symbolizes love, fidelity, and beauty\u2014just like swans, chosen as a symbol of eternal love. This balloon is perfect for photoshoots as well as decorating the venue or cars.<\/p>\n","protected":false},"featured_media":56525,"template":"","meta":[],"product_brand":[],"product_cat":[270,1951,1203],"product_tag":[],"class_list":{"0":"post-56577","1":"product","2":"type-product","3":"status-publish","4":"has-post-thumbnail","6":"product_cat-helium-balloons","7":"product_cat-helium-balloons-for-the-wedding","8":"product_cat-helium-rubber-balloons","9":"tm-has-options","11":"first","12":"instock","13":"taxable","14":"shipping-taxable","15":"purchasable","16":"product-type-simple"},"yoast_head":"<!-- This site is optimized with the Yoast SEO plugin v25.3 - https:\/\/yoast.com\/wordpress\/plugins\/seo\/ -->\n<title>Latex helium balloon \u201eJust Married\u201c with swans | Gintar\u0117s G\u0117l\u0117s<\/title>\n<meta name=\"description\" content=\"Wedding helium balloon \u201eJust Married\u201c with swans \u2013 a romantic and stylish decoration for your celebration. Perfect for photoshoots, gifts, and venue decoration.\" \/>\n<meta name=\"robots\" content=\"index, follow, max-snippet:-1, max-image-preview:large, max-video-preview:-1\" \/>\n<link rel=\"canonical\" href=\"https:\/\/www.gintaresgeles.lt\/en\/puokste\/latex-helium-balloon-just-married-with-swans\/\" \/>\n<meta property=\"og:locale\" content=\"en_US\" \/>\n<meta property=\"og:type\" content=\"article\" \/>\n<meta property=\"og:title\" content=\"Latex helium balloon \u201eJust Married\u201c with swans | Gintar\u0117s G\u0117l\u0117s\" \/>\n<meta property=\"og:description\" content=\"Wedding helium balloon \u201eJust Married\u201c with swans \u2013 a romantic and stylish decoration for your celebration. Perfect for photoshoots, gifts, and venue decoration.\" \/>\n<meta property=\"og:url\" content=\"https:\/\/www.gintaresgeles.lt\/en\/puokste\/latex-helium-balloon-just-married-with-swans\/\" \/>\n<meta property=\"og:site_name\" content=\"gintaresgeles.lt\" \/>\n<meta property=\"og:image\" content=\"https:\/\/www.gintaresgeles.lt\/wp-content\/uploads\/2025\/07\/Vestuviniai-balionai-su-uzrasu.jpg\" \/>\n\t<meta property=\"og:image:width\" content=\"550\" \/>\n\t<meta property=\"og:image:height\" content=\"550\" \/>\n\t<meta property=\"og:image:type\" content=\"image\/jpeg\" \/>\n<meta name=\"twitter:card\" content=\"summary_large_image\" \/>\n<script type=\"application\/ld+json\" class=\"yoast-schema-graph\">{\"@context\":\"https:\/\/schema.org\",\"@graph\":[{\"@type\":\"WebPage\",\"@id\":\"https:\/\/www.gintaresgeles.lt\/en\/puokste\/latex-helium-balloon-just-married-with-swans\/\",\"url\":\"https:\/\/www.gintaresgeles.lt\/en\/puokste\/latex-helium-balloon-just-married-with-swans\/\",\"name\":\"Latex helium balloon \u201eJust Married\u201c with swans | Gintar\u0117s G\u0117l\u0117s\",\"isPartOf\":{\"@id\":\"https:\/\/www.gintaresgeles.lt\/en\/#website\"},\"primaryImageOfPage\":{\"@id\":\"https:\/\/www.gintaresgeles.lt\/en\/puokste\/latex-helium-balloon-just-married-with-swans\/#primaryimage\"},\"image\":{\"@id\":\"https:\/\/www.gintaresgeles.lt\/en\/puokste\/latex-helium-balloon-just-married-with-swans\/#primaryimage\"},\"thumbnailUrl\":\"https:\/\/www.gintaresgeles.lt\/wp-content\/uploads\/2025\/07\/Vestuviniai-balionai-su-uzrasu.jpg\",\"datePublished\":\"2025-07-26T11:46:25+00:00\",\"description\":\"Wedding helium balloon \u201eJust Married\u201c with swans \u2013 a romantic and stylish decoration for your celebration. Perfect for photoshoots, gifts, and venue decoration.\",\"breadcrumb\":{\"@id\":\"https:\/\/www.gintaresgeles.lt\/en\/puokste\/latex-helium-balloon-just-married-with-swans\/#breadcrumb\"},\"inLanguage\":\"en-US\",\"potentialAction\":[{\"@type\":\"ReadAction\",\"target\":[\"https:\/\/www.gintaresgeles.lt\/en\/puokste\/latex-helium-balloon-just-married-with-swans\/\"]}]},{\"@type\":\"ImageObject\",\"inLanguage\":\"en-US\",\"@id\":\"https:\/\/www.gintaresgeles.lt\/en\/puokste\/latex-helium-balloon-just-married-with-swans\/#primaryimage\",\"url\":\"https:\/\/www.gintaresgeles.lt\/wp-content\/uploads\/2025\/07\/Vestuviniai-balionai-su-uzrasu.jpg\",\"contentUrl\":\"https:\/\/www.gintaresgeles.lt\/wp-content\/uploads\/2025\/07\/Vestuviniai-balionai-su-uzrasu.jpg\",\"width\":550,\"height\":550,\"caption\":\"Vestuviniai balionai su simbolika\"},{\"@type\":\"BreadcrumbList\",\"@id\":\"https:\/\/www.gintaresgeles.lt\/en\/puokste\/latex-helium-balloon-just-married-with-swans\/#breadcrumb\",\"itemListElement\":[{\"@type\":\"ListItem\",\"position\":1,\"name\":\"Prad\u017eia\",\"item\":\"https:\/\/www.gintaresgeles.lt\/en\/\"},{\"@type\":\"ListItem\",\"position\":2,\"name\":\"All flowers and other products\",\"item\":\"https:\/\/www.gintaresgeles.lt\/en\/all-flowers-and-other-products\/\"},{\"@type\":\"ListItem\",\"position\":3,\"name\":\"Latex helium balloon \u201eJust Married\u201c with swans\"}]},{\"@type\":\"WebSite\",\"@id\":\"https:\/\/www.gintaresgeles.lt\/en\/#website\",\"url\":\"https:\/\/www.gintaresgeles.lt\/en\/\",\"name\":\"gintaresgeles.lt\",\"description\":\"G\u0117li\u0173 parduotuv\u0117 internete\",\"potentialAction\":[{\"@type\":\"SearchAction\",\"target\":{\"@type\":\"EntryPoint\",\"urlTemplate\":\"https:\/\/www.gintaresgeles.lt\/en\/?s={search_term_string}\"},\"query-input\":{\"@type\":\"PropertyValueSpecification\",\"valueRequired\":true,\"valueName\":\"search_term_string\"}}],\"inLanguage\":\"en-US\"}]}<\/script>\n<!-- \/ Yoast SEO plugin. -->","yoast_head_json":{"title":"Latex helium balloon \u201eJust Married\u201c with swans | Gintar\u0117s G\u0117l\u0117s","description":"Wedding helium balloon \u201eJust Married\u201c with swans \u2013 a romantic and stylish decoration for your celebration. Perfect for photoshoots, gifts, and venue decoration.","robots":{"index":"index","follow":"follow","max-snippet":"max-snippet:-1","max-image-preview":"max-image-preview:large","max-video-preview":"max-video-preview:-1"},"canonical":"https:\/\/www.gintaresgeles.lt\/en\/puokste\/latex-helium-balloon-just-married-with-swans\/","og_locale":"en_US","og_type":"article","og_title":"Latex helium balloon \u201eJust Married\u201c with swans | Gintar\u0117s G\u0117l\u0117s","og_description":"Wedding helium balloon \u201eJust Married\u201c with swans \u2013 a romantic and stylish decoration for your celebration. Perfect for photoshoots, gifts, and venue decoration.","og_url":"https:\/\/www.gintaresgeles.lt\/en\/puokste\/latex-helium-balloon-just-married-with-swans\/","og_site_name":"gintaresgeles.lt","og_image":[{"width":550,"height":550,"url":"https:\/\/www.gintaresgeles.lt\/wp-content\/uploads\/2025\/07\/Vestuviniai-balionai-su-uzrasu.jpg","type":"image\/jpeg"}],"twitter_card":"summary_large_image","schema":{"@context":"https:\/\/schema.org","@graph":[{"@type":"WebPage","@id":"https:\/\/www.gintaresgeles.lt\/en\/puokste\/latex-helium-balloon-just-married-with-swans\/","url":"https:\/\/www.gintaresgeles.lt\/en\/puokste\/latex-helium-balloon-just-married-with-swans\/","name":"Latex helium balloon \u201eJust Married\u201c with swans | Gintar\u0117s G\u0117l\u0117s","isPartOf":{"@id":"https:\/\/www.gintaresgeles.lt\/en\/#website"},"primaryImageOfPage":{"@id":"https:\/\/www.gintaresgeles.lt\/en\/puokste\/latex-helium-balloon-just-married-with-swans\/#primaryimage"},"image":{"@id":"https:\/\/www.gintaresgeles.lt\/en\/puokste\/latex-helium-balloon-just-married-with-swans\/#primaryimage"},"thumbnailUrl":"https:\/\/www.gintaresgeles.lt\/wp-content\/uploads\/2025\/07\/Vestuviniai-balionai-su-uzrasu.jpg","datePublished":"2025-07-26T11:46:25+00:00","description":"Wedding helium balloon \u201eJust Married\u201c with swans \u2013 a romantic and stylish decoration for your celebration. Perfect for photoshoots, gifts, and venue decoration.","breadcrumb":{"@id":"https:\/\/www.gintaresgeles.lt\/en\/puokste\/latex-helium-balloon-just-married-with-swans\/#breadcrumb"},"inLanguage":"en-US","potentialAction":[{"@type":"ReadAction","target":["https:\/\/www.gintaresgeles.lt\/en\/puokste\/latex-helium-balloon-just-married-with-swans\/"]}]},{"@type":"ImageObject","inLanguage":"en-US","@id":"https:\/\/www.gintaresgeles.lt\/en\/puokste\/latex-helium-balloon-just-married-with-swans\/#primaryimage","url":"https:\/\/www.gintaresgeles.lt\/wp-content\/uploads\/2025\/07\/Vestuviniai-balionai-su-uzrasu.jpg","contentUrl":"https:\/\/www.gintaresgeles.lt\/wp-content\/uploads\/2025\/07\/Vestuviniai-balionai-su-uzrasu.jpg","width":550,"height":550,"caption":"Vestuviniai balionai su simbolika"},{"@type":"BreadcrumbList","@id":"https:\/\/www.gintaresgeles.lt\/en\/puokste\/latex-helium-balloon-just-married-with-swans\/#breadcrumb","itemListElement":[{"@type":"ListItem","position":1,"name":"Prad\u017eia","item":"https:\/\/www.gintaresgeles.lt\/en\/"},{"@type":"ListItem","position":2,"name":"All flowers and other products","item":"https:\/\/www.gintaresgeles.lt\/en\/all-flowers-and-other-products\/"},{"@type":"ListItem","position":3,"name":"Latex helium balloon \u201eJust Married\u201c with swans"}]},{"@type":"WebSite","@id":"https:\/\/www.gintaresgeles.lt\/en\/#website","url":"https:\/\/www.gintaresgeles.lt\/en\/","name":"gintaresgeles.lt","description":"G\u0117li\u0173 parduotuv\u0117 internete","potentialAction":[{"@type":"SearchAction","target":{"@type":"EntryPoint","urlTemplate":"https:\/\/www.gintaresgeles.lt\/en\/?s={search_term_string}"},"query-input":{"@type":"PropertyValueSpecification","valueRequired":true,"valueName":"search_term_string"}}],"inLanguage":"en-US"}]}},"_links":{"self":[{"href":"https:\/\/www.gintaresgeles.lt\/en\/wp-json\/wp\/v2\/product\/56577","targetHints":{"allow":["GET"]}}],"collection":[{"href":"https:\/\/www.gintaresgeles.lt\/en\/wp-json\/wp\/v2\/product"}],"about":[{"href":"https:\/\/www.gintaresgeles.lt\/en\/wp-json\/wp\/v2\/types\/product"}],"wp:featuredmedia":[{"embeddable":true,"href":"https:\/\/www.gintaresgeles.lt\/en\/wp-json\/wp\/v2\/media\/56525"}],"wp:attachment":[{"href":"https:\/\/www.gintaresgeles.lt\/en\/wp-json\/wp\/v2\/media?parent=56577"}],"wp:term":[{"taxonomy":"product_brand","embeddable":true,"href":"https:\/\/www.gintaresgeles.lt\/en\/wp-json\/wp\/v2\/product_brand?post=56577"},{"taxonomy":"product_cat","embeddable":true,"href":"https:\/\/www.gintaresgeles.lt\/en\/wp-json\/wp\/v2\/product_cat?post=56577"},{"taxonomy":"product_tag","embeddable":true,"href":"https:\/\/www.gintaresgeles.lt\/en\/wp-json\/wp\/v2\/product_tag?post=56577"}],"curies":[{"name":"wp","href":"https:\/\/api.w.org\/{rel}","templated":true}]}}