{"id":56650,"date":"2025-07-28T15:14:37","date_gmt":"2025-07-28T12:14:37","guid":{"rendered":"https:\/\/www.gintaresgeles.lt\/puokste\/foil-helium-balloon-paw-patrol-heroes-on-the-road\/"},"modified":"2025-07-28T15:14:37","modified_gmt":"2025-07-28T12:14:37","slug":"foil-helium-balloon-paw-patrol-heroes-on-the-road","status":"publish","type":"product","link":"https:\/\/www.gintaresgeles.lt\/en\/puokste\/foil-helium-balloon-paw-patrol-heroes-on-the-road\/","title":{"rendered":"Foil helium balloon \u201ePaw Patrol \u2013 Heroes on the Road\u201c"},"content":{"rendered":"","protected":false},"excerpt":{"rendered":"<p data-start=\"49\" data-end=\"286\">This playful foil balloon \u201ePaw Patrol \u2013 Heroes on the Road\u201c is perfect for children\u2019s birthdays or any \u201ePaw Patrol\u201c themed party. Featuring favorite characters like Chase and other heroes, it will be a great highlight of the celebration.<\/p>\n<p data-start=\"288\" data-end=\"309\">Balloon size \u2013 46 cm.<\/p>\n","protected":false},"featured_media":54949,"template":"","meta":[],"product_brand":[],"product_cat":[270,1956,1959,1961,894],"product_tag":[],"class_list":{"0":"post-56650","1":"product","2":"type-product","3":"status-publish","4":"has-post-thumbnail","6":"product_cat-helium-balloons","7":"product_cat-foil-helium-balloons","8":"product_cat-helium-balloons-for-boys","9":"product_cat-helium-balloons-for-girls","10":"product_cat-helium-balloons-for-kids","11":"tm-has-options","13":"first","14":"instock","15":"taxable","16":"shipping-taxable","17":"purchasable","18":"product-type-simple"},"yoast_head":"<!-- This site is optimized with the Yoast SEO plugin v25.3 - https:\/\/yoast.com\/wordpress\/plugins\/seo\/ -->\n<title>Foil helium balloon \u201ePaw Patrol \u2013 Heroes on the Road\u201c | Gintar\u0117s G\u0117l\u0117s<\/title>\n<meta name=\"description\" content=\"Foil balloon \u201ePaw Patrol \u2013 Heroes on the Road\u201c \u2013 a balloon featuring \u201ePaw Patrol\u201c characters. Helium-filled, perfect for children\u2019s birthdays.\" \/>\n<meta name=\"robots\" content=\"index, follow, max-snippet:-1, max-image-preview:large, max-video-preview:-1\" \/>\n<link rel=\"canonical\" href=\"https:\/\/www.gintaresgeles.lt\/en\/puokste\/foil-helium-balloon-paw-patrol-heroes-on-the-road\/\" \/>\n<meta property=\"og:locale\" content=\"en_US\" \/>\n<meta property=\"og:type\" content=\"article\" \/>\n<meta property=\"og:title\" content=\"Foil helium balloon \u201ePaw Patrol \u2013 Heroes on the Road\u201c | Gintar\u0117s G\u0117l\u0117s\" \/>\n<meta property=\"og:description\" content=\"Foil balloon \u201ePaw Patrol \u2013 Heroes on the Road\u201c \u2013 a balloon featuring \u201ePaw Patrol\u201c characters. Helium-filled, perfect for children\u2019s birthdays.\" \/>\n<meta property=\"og:url\" content=\"https:\/\/www.gintaresgeles.lt\/en\/puokste\/foil-helium-balloon-paw-patrol-heroes-on-the-road\/\" \/>\n<meta property=\"og:site_name\" content=\"gintaresgeles.lt\" \/>\n<meta property=\"og:image\" content=\"https:\/\/www.gintaresgeles.lt\/wp-content\/uploads\/2025\/04\/Apvalus-sunyciu-balionas-patruliai.jpg\" \/>\n\t<meta property=\"og:image:width\" content=\"1134\" \/>\n\t<meta property=\"og:image:height\" content=\"927\" \/>\n\t<meta property=\"og:image:type\" content=\"image\/jpeg\" \/>\n<meta name=\"twitter:card\" content=\"summary_large_image\" \/>\n<script type=\"application\/ld+json\" class=\"yoast-schema-graph\">{\"@context\":\"https:\/\/schema.org\",\"@graph\":[{\"@type\":\"WebPage\",\"@id\":\"https:\/\/www.gintaresgeles.lt\/en\/puokste\/foil-helium-balloon-paw-patrol-heroes-on-the-road\/\",\"url\":\"https:\/\/www.gintaresgeles.lt\/en\/puokste\/foil-helium-balloon-paw-patrol-heroes-on-the-road\/\",\"name\":\"Foil helium balloon \u201ePaw Patrol \u2013 Heroes on the Road\u201c | Gintar\u0117s G\u0117l\u0117s\",\"isPartOf\":{\"@id\":\"https:\/\/www.gintaresgeles.lt\/en\/#website\"},\"primaryImageOfPage\":{\"@id\":\"https:\/\/www.gintaresgeles.lt\/en\/puokste\/foil-helium-balloon-paw-patrol-heroes-on-the-road\/#primaryimage\"},\"image\":{\"@id\":\"https:\/\/www.gintaresgeles.lt\/en\/puokste\/foil-helium-balloon-paw-patrol-heroes-on-the-road\/#primaryimage\"},\"thumbnailUrl\":\"https:\/\/www.gintaresgeles.lt\/wp-content\/uploads\/2025\/04\/Apvalus-sunyciu-balionas-patruliai.jpg\",\"datePublished\":\"2025-07-28T12:14:37+00:00\",\"description\":\"Foil balloon \u201ePaw Patrol \u2013 Heroes on the Road\u201c \u2013 a balloon featuring \u201ePaw Patrol\u201c characters. Helium-filled, perfect for children\u2019s birthdays.\",\"breadcrumb\":{\"@id\":\"https:\/\/www.gintaresgeles.lt\/en\/puokste\/foil-helium-balloon-paw-patrol-heroes-on-the-road\/#breadcrumb\"},\"inLanguage\":\"en-US\",\"potentialAction\":[{\"@type\":\"ReadAction\",\"target\":[\"https:\/\/www.gintaresgeles.lt\/en\/puokste\/foil-helium-balloon-paw-patrol-heroes-on-the-road\/\"]}]},{\"@type\":\"ImageObject\",\"inLanguage\":\"en-US\",\"@id\":\"https:\/\/www.gintaresgeles.lt\/en\/puokste\/foil-helium-balloon-paw-patrol-heroes-on-the-road\/#primaryimage\",\"url\":\"https:\/\/www.gintaresgeles.lt\/wp-content\/uploads\/2025\/04\/Apvalus-sunyciu-balionas-patruliai.jpg\",\"contentUrl\":\"https:\/\/www.gintaresgeles.lt\/wp-content\/uploads\/2025\/04\/Apvalus-sunyciu-balionas-patruliai.jpg\",\"width\":1134,\"height\":927,\"caption\":\"Apvalus helio balionas su \u0161uniukais - patruliai\"},{\"@type\":\"BreadcrumbList\",\"@id\":\"https:\/\/www.gintaresgeles.lt\/en\/puokste\/foil-helium-balloon-paw-patrol-heroes-on-the-road\/#breadcrumb\",\"itemListElement\":[{\"@type\":\"ListItem\",\"position\":1,\"name\":\"Prad\u017eia\",\"item\":\"https:\/\/www.gintaresgeles.lt\/en\/\"},{\"@type\":\"ListItem\",\"position\":2,\"name\":\"All flowers and other products\",\"item\":\"https:\/\/www.gintaresgeles.lt\/en\/all-flowers-and-other-products\/\"},{\"@type\":\"ListItem\",\"position\":3,\"name\":\"Foil helium balloon \u201ePaw Patrol \u2013 Heroes on the Road\u201c\"}]},{\"@type\":\"WebSite\",\"@id\":\"https:\/\/www.gintaresgeles.lt\/en\/#website\",\"url\":\"https:\/\/www.gintaresgeles.lt\/en\/\",\"name\":\"Gintares Geles\",\"description\":\"Flower delivery in Vilnius | Same-day delivery | Gintares geles\",\"potentialAction\":[{\"@type\":\"SearchAction\",\"target\":{\"@type\":\"EntryPoint\",\"urlTemplate\":\"https:\/\/www.gintaresgeles.lt\/en\/?s={search_term_string}\"},\"query-input\":{\"@type\":\"PropertyValueSpecification\",\"valueRequired\":true,\"valueName\":\"search_term_string\"}}],\"inLanguage\":\"en-US\"}]}<\/script>\n<!-- \/ Yoast SEO plugin. -->","yoast_head_json":{"title":"Foil helium balloon \u201ePaw Patrol \u2013 Heroes on the Road\u201c | Gintar\u0117s G\u0117l\u0117s","description":"Foil balloon \u201ePaw Patrol \u2013 Heroes on the Road\u201c \u2013 a balloon featuring \u201ePaw Patrol\u201c characters. Helium-filled, perfect for children\u2019s birthdays.","robots":{"index":"index","follow":"follow","max-snippet":"max-snippet:-1","max-image-preview":"max-image-preview:large","max-video-preview":"max-video-preview:-1"},"canonical":"https:\/\/www.gintaresgeles.lt\/en\/puokste\/foil-helium-balloon-paw-patrol-heroes-on-the-road\/","og_locale":"en_US","og_type":"article","og_title":"Foil helium balloon \u201ePaw Patrol \u2013 Heroes on the Road\u201c | Gintar\u0117s G\u0117l\u0117s","og_description":"Foil balloon \u201ePaw Patrol \u2013 Heroes on the Road\u201c \u2013 a balloon featuring \u201ePaw Patrol\u201c characters. Helium-filled, perfect for children\u2019s birthdays.","og_url":"https:\/\/www.gintaresgeles.lt\/en\/puokste\/foil-helium-balloon-paw-patrol-heroes-on-the-road\/","og_site_name":"gintaresgeles.lt","og_image":[{"width":1134,"height":927,"url":"https:\/\/www.gintaresgeles.lt\/wp-content\/uploads\/2025\/04\/Apvalus-sunyciu-balionas-patruliai.jpg","type":"image\/jpeg"}],"twitter_card":"summary_large_image","schema":{"@context":"https:\/\/schema.org","@graph":[{"@type":"WebPage","@id":"https:\/\/www.gintaresgeles.lt\/en\/puokste\/foil-helium-balloon-paw-patrol-heroes-on-the-road\/","url":"https:\/\/www.gintaresgeles.lt\/en\/puokste\/foil-helium-balloon-paw-patrol-heroes-on-the-road\/","name":"Foil helium balloon \u201ePaw Patrol \u2013 Heroes on the Road\u201c | Gintar\u0117s G\u0117l\u0117s","isPartOf":{"@id":"https:\/\/www.gintaresgeles.lt\/en\/#website"},"primaryImageOfPage":{"@id":"https:\/\/www.gintaresgeles.lt\/en\/puokste\/foil-helium-balloon-paw-patrol-heroes-on-the-road\/#primaryimage"},"image":{"@id":"https:\/\/www.gintaresgeles.lt\/en\/puokste\/foil-helium-balloon-paw-patrol-heroes-on-the-road\/#primaryimage"},"thumbnailUrl":"https:\/\/www.gintaresgeles.lt\/wp-content\/uploads\/2025\/04\/Apvalus-sunyciu-balionas-patruliai.jpg","datePublished":"2025-07-28T12:14:37+00:00","description":"Foil balloon \u201ePaw Patrol \u2013 Heroes on the Road\u201c \u2013 a balloon featuring \u201ePaw Patrol\u201c characters. Helium-filled, perfect for children\u2019s birthdays.","breadcrumb":{"@id":"https:\/\/www.gintaresgeles.lt\/en\/puokste\/foil-helium-balloon-paw-patrol-heroes-on-the-road\/#breadcrumb"},"inLanguage":"en-US","potentialAction":[{"@type":"ReadAction","target":["https:\/\/www.gintaresgeles.lt\/en\/puokste\/foil-helium-balloon-paw-patrol-heroes-on-the-road\/"]}]},{"@type":"ImageObject","inLanguage":"en-US","@id":"https:\/\/www.gintaresgeles.lt\/en\/puokste\/foil-helium-balloon-paw-patrol-heroes-on-the-road\/#primaryimage","url":"https:\/\/www.gintaresgeles.lt\/wp-content\/uploads\/2025\/04\/Apvalus-sunyciu-balionas-patruliai.jpg","contentUrl":"https:\/\/www.gintaresgeles.lt\/wp-content\/uploads\/2025\/04\/Apvalus-sunyciu-balionas-patruliai.jpg","width":1134,"height":927,"caption":"Apvalus helio balionas su \u0161uniukais - patruliai"},{"@type":"BreadcrumbList","@id":"https:\/\/www.gintaresgeles.lt\/en\/puokste\/foil-helium-balloon-paw-patrol-heroes-on-the-road\/#breadcrumb","itemListElement":[{"@type":"ListItem","position":1,"name":"Prad\u017eia","item":"https:\/\/www.gintaresgeles.lt\/en\/"},{"@type":"ListItem","position":2,"name":"All flowers and other products","item":"https:\/\/www.gintaresgeles.lt\/en\/all-flowers-and-other-products\/"},{"@type":"ListItem","position":3,"name":"Foil helium balloon \u201ePaw Patrol \u2013 Heroes on the Road\u201c"}]},{"@type":"WebSite","@id":"https:\/\/www.gintaresgeles.lt\/en\/#website","url":"https:\/\/www.gintaresgeles.lt\/en\/","name":"Gintares Geles","description":"Flower delivery in Vilnius | Same-day delivery | Gintares geles","potentialAction":[{"@type":"SearchAction","target":{"@type":"EntryPoint","urlTemplate":"https:\/\/www.gintaresgeles.lt\/en\/?s={search_term_string}"},"query-input":{"@type":"PropertyValueSpecification","valueRequired":true,"valueName":"search_term_string"}}],"inLanguage":"en-US"}]}},"_links":{"self":[{"href":"https:\/\/www.gintaresgeles.lt\/en\/wp-json\/wp\/v2\/product\/56650","targetHints":{"allow":["GET"]}}],"collection":[{"href":"https:\/\/www.gintaresgeles.lt\/en\/wp-json\/wp\/v2\/product"}],"about":[{"href":"https:\/\/www.gintaresgeles.lt\/en\/wp-json\/wp\/v2\/types\/product"}],"wp:featuredmedia":[{"embeddable":true,"href":"https:\/\/www.gintaresgeles.lt\/en\/wp-json\/wp\/v2\/media\/54949"}],"wp:attachment":[{"href":"https:\/\/www.gintaresgeles.lt\/en\/wp-json\/wp\/v2\/media?parent=56650"}],"wp:term":[{"taxonomy":"product_brand","embeddable":true,"href":"https:\/\/www.gintaresgeles.lt\/en\/wp-json\/wp\/v2\/product_brand?post=56650"},{"taxonomy":"product_cat","embeddable":true,"href":"https:\/\/www.gintaresgeles.lt\/en\/wp-json\/wp\/v2\/product_cat?post=56650"},{"taxonomy":"product_tag","embeddable":true,"href":"https:\/\/www.gintaresgeles.lt\/en\/wp-json\/wp\/v2\/product_tag?post=56650"}],"curies":[{"name":"wp","href":"https:\/\/api.w.org\/{rel}","templated":true}]}}