{"id":56656,"date":"2025-07-29T15:48:51","date_gmt":"2025-07-29T12:48:51","guid":{"rendered":"https:\/\/www.gintaresgeles.lt\/puokste\/a-transparent-helium-balloon-with-colorful-hearts\/"},"modified":"2025-07-29T15:48:51","modified_gmt":"2025-07-29T12:48:51","slug":"a-transparent-helium-balloon-with-colorful-hearts","status":"publish","type":"product","link":"https:\/\/www.gintaresgeles.lt\/en\/puokste\/a-transparent-helium-balloon-with-colorful-hearts\/","title":{"rendered":"A transparent helium balloon with colorful hearts"},"content":{"rendered":"","protected":false},"excerpt":{"rendered":"<p data-start=\"49\" data-end=\"267\">It is a playful and romantic gift or decoration detail that will leave no one indifferent! The transparent surface of the balloon highlights the floating hearts, which bring lightness, love, and joy to the celebration.<\/p>\n<p data-start=\"269\" data-end=\"299\">The balloon diameter is 46 cm.<\/p>\n","protected":false},"featured_media":55084,"template":"","meta":[],"product_brand":[],"product_cat":[270,1954,1951,1203],"product_tag":[],"class_list":{"0":"post-56656","1":"product","2":"type-product","3":"status-publish","4":"has-post-thumbnail","6":"product_cat-helium-balloons","7":"product_cat-helium-balloons-for-the-valentines-day","8":"product_cat-helium-balloons-for-the-wedding","9":"product_cat-helium-rubber-balloons","10":"tm-has-options","12":"first","13":"instock","14":"taxable","15":"shipping-taxable","16":"purchasable","17":"product-type-simple"},"yoast_head":"<!-- This site is optimized with the Yoast SEO plugin v25.3 - https:\/\/yoast.com\/wordpress\/plugins\/seo\/ -->\n<title>Transparent Helium Balloon with Colorful Hearts | Gintar\u0117s G\u0117l\u0117s<\/title>\n<meta name=\"description\" content=\"A transparent helium balloon with colorful hearts \u2014 perfect for birthdays, Valentine\u2019s Day, weddings, or simply to surprise a loved one.\" \/>\n<meta name=\"robots\" content=\"index, follow, max-snippet:-1, max-image-preview:large, max-video-preview:-1\" \/>\n<link rel=\"canonical\" href=\"https:\/\/www.gintaresgeles.lt\/en\/puokste\/a-transparent-helium-balloon-with-colorful-hearts\/\" \/>\n<meta property=\"og:locale\" content=\"en_US\" \/>\n<meta property=\"og:type\" content=\"article\" \/>\n<meta property=\"og:title\" content=\"Transparent Helium Balloon with Colorful Hearts | Gintar\u0117s G\u0117l\u0117s\" \/>\n<meta property=\"og:description\" content=\"A transparent helium balloon with colorful hearts \u2014 perfect for birthdays, Valentine\u2019s Day, weddings, or simply to surprise a loved one.\" \/>\n<meta property=\"og:url\" content=\"https:\/\/www.gintaresgeles.lt\/en\/puokste\/a-transparent-helium-balloon-with-colorful-hearts\/\" \/>\n<meta property=\"og:site_name\" content=\"gintaresgeles.lt\" \/>\n<meta property=\"og:image\" content=\"https:\/\/www.gintaresgeles.lt\/wp-content\/uploads\/2025\/04\/Skaidrus-guminis-helio-balionas-su-sirdelemis.jpg\" \/>\n\t<meta property=\"og:image:width\" content=\"1002\" \/>\n\t<meta property=\"og:image:height\" content=\"1002\" \/>\n\t<meta property=\"og:image:type\" content=\"image\/jpeg\" \/>\n<meta name=\"twitter:card\" content=\"summary_large_image\" \/>\n<script type=\"application\/ld+json\" class=\"yoast-schema-graph\">{\"@context\":\"https:\/\/schema.org\",\"@graph\":[{\"@type\":\"WebPage\",\"@id\":\"https:\/\/www.gintaresgeles.lt\/en\/puokste\/a-transparent-helium-balloon-with-colorful-hearts\/\",\"url\":\"https:\/\/www.gintaresgeles.lt\/en\/puokste\/a-transparent-helium-balloon-with-colorful-hearts\/\",\"name\":\"Transparent Helium Balloon with Colorful Hearts | Gintar\u0117s G\u0117l\u0117s\",\"isPartOf\":{\"@id\":\"https:\/\/www.gintaresgeles.lt\/en\/#website\"},\"primaryImageOfPage\":{\"@id\":\"https:\/\/www.gintaresgeles.lt\/en\/puokste\/a-transparent-helium-balloon-with-colorful-hearts\/#primaryimage\"},\"image\":{\"@id\":\"https:\/\/www.gintaresgeles.lt\/en\/puokste\/a-transparent-helium-balloon-with-colorful-hearts\/#primaryimage\"},\"thumbnailUrl\":\"https:\/\/www.gintaresgeles.lt\/wp-content\/uploads\/2025\/04\/Skaidrus-guminis-helio-balionas-su-sirdelemis.jpg\",\"datePublished\":\"2025-07-29T12:48:51+00:00\",\"description\":\"A transparent helium balloon with colorful hearts \u2014 perfect for birthdays, Valentine\u2019s Day, weddings, or simply to surprise a loved one.\",\"breadcrumb\":{\"@id\":\"https:\/\/www.gintaresgeles.lt\/en\/puokste\/a-transparent-helium-balloon-with-colorful-hearts\/#breadcrumb\"},\"inLanguage\":\"en-US\",\"potentialAction\":[{\"@type\":\"ReadAction\",\"target\":[\"https:\/\/www.gintaresgeles.lt\/en\/puokste\/a-transparent-helium-balloon-with-colorful-hearts\/\"]}]},{\"@type\":\"ImageObject\",\"inLanguage\":\"en-US\",\"@id\":\"https:\/\/www.gintaresgeles.lt\/en\/puokste\/a-transparent-helium-balloon-with-colorful-hearts\/#primaryimage\",\"url\":\"https:\/\/www.gintaresgeles.lt\/wp-content\/uploads\/2025\/04\/Skaidrus-guminis-helio-balionas-su-sirdelemis.jpg\",\"contentUrl\":\"https:\/\/www.gintaresgeles.lt\/wp-content\/uploads\/2025\/04\/Skaidrus-guminis-helio-balionas-su-sirdelemis.jpg\",\"width\":1002,\"height\":1002,\"caption\":\"Mielas ir ypatingas balionas su spalvingomis \u0161irdel\u0117mis\"},{\"@type\":\"BreadcrumbList\",\"@id\":\"https:\/\/www.gintaresgeles.lt\/en\/puokste\/a-transparent-helium-balloon-with-colorful-hearts\/#breadcrumb\",\"itemListElement\":[{\"@type\":\"ListItem\",\"position\":1,\"name\":\"Prad\u017eia\",\"item\":\"https:\/\/www.gintaresgeles.lt\/en\/\"},{\"@type\":\"ListItem\",\"position\":2,\"name\":\"All flowers and other products\",\"item\":\"https:\/\/www.gintaresgeles.lt\/en\/all-flowers-and-other-products\/\"},{\"@type\":\"ListItem\",\"position\":3,\"name\":\"A transparent helium balloon with colorful hearts\"}]},{\"@type\":\"WebSite\",\"@id\":\"https:\/\/www.gintaresgeles.lt\/en\/#website\",\"url\":\"https:\/\/www.gintaresgeles.lt\/en\/\",\"name\":\"gintaresgeles.lt\",\"description\":\"G\u0117li\u0173 parduotuv\u0117 internete\",\"potentialAction\":[{\"@type\":\"SearchAction\",\"target\":{\"@type\":\"EntryPoint\",\"urlTemplate\":\"https:\/\/www.gintaresgeles.lt\/en\/?s={search_term_string}\"},\"query-input\":{\"@type\":\"PropertyValueSpecification\",\"valueRequired\":true,\"valueName\":\"search_term_string\"}}],\"inLanguage\":\"en-US\"}]}<\/script>\n<!-- \/ Yoast SEO plugin. -->","yoast_head_json":{"title":"Transparent Helium Balloon with Colorful Hearts | Gintar\u0117s G\u0117l\u0117s","description":"A transparent helium balloon with colorful hearts \u2014 perfect for birthdays, Valentine\u2019s Day, weddings, or simply to surprise a loved one.","robots":{"index":"index","follow":"follow","max-snippet":"max-snippet:-1","max-image-preview":"max-image-preview:large","max-video-preview":"max-video-preview:-1"},"canonical":"https:\/\/www.gintaresgeles.lt\/en\/puokste\/a-transparent-helium-balloon-with-colorful-hearts\/","og_locale":"en_US","og_type":"article","og_title":"Transparent Helium Balloon with Colorful Hearts | Gintar\u0117s G\u0117l\u0117s","og_description":"A transparent helium balloon with colorful hearts \u2014 perfect for birthdays, Valentine\u2019s Day, weddings, or simply to surprise a loved one.","og_url":"https:\/\/www.gintaresgeles.lt\/en\/puokste\/a-transparent-helium-balloon-with-colorful-hearts\/","og_site_name":"gintaresgeles.lt","og_image":[{"width":1002,"height":1002,"url":"https:\/\/www.gintaresgeles.lt\/wp-content\/uploads\/2025\/04\/Skaidrus-guminis-helio-balionas-su-sirdelemis.jpg","type":"image\/jpeg"}],"twitter_card":"summary_large_image","schema":{"@context":"https:\/\/schema.org","@graph":[{"@type":"WebPage","@id":"https:\/\/www.gintaresgeles.lt\/en\/puokste\/a-transparent-helium-balloon-with-colorful-hearts\/","url":"https:\/\/www.gintaresgeles.lt\/en\/puokste\/a-transparent-helium-balloon-with-colorful-hearts\/","name":"Transparent Helium Balloon with Colorful Hearts | Gintar\u0117s G\u0117l\u0117s","isPartOf":{"@id":"https:\/\/www.gintaresgeles.lt\/en\/#website"},"primaryImageOfPage":{"@id":"https:\/\/www.gintaresgeles.lt\/en\/puokste\/a-transparent-helium-balloon-with-colorful-hearts\/#primaryimage"},"image":{"@id":"https:\/\/www.gintaresgeles.lt\/en\/puokste\/a-transparent-helium-balloon-with-colorful-hearts\/#primaryimage"},"thumbnailUrl":"https:\/\/www.gintaresgeles.lt\/wp-content\/uploads\/2025\/04\/Skaidrus-guminis-helio-balionas-su-sirdelemis.jpg","datePublished":"2025-07-29T12:48:51+00:00","description":"A transparent helium balloon with colorful hearts \u2014 perfect for birthdays, Valentine\u2019s Day, weddings, or simply to surprise a loved one.","breadcrumb":{"@id":"https:\/\/www.gintaresgeles.lt\/en\/puokste\/a-transparent-helium-balloon-with-colorful-hearts\/#breadcrumb"},"inLanguage":"en-US","potentialAction":[{"@type":"ReadAction","target":["https:\/\/www.gintaresgeles.lt\/en\/puokste\/a-transparent-helium-balloon-with-colorful-hearts\/"]}]},{"@type":"ImageObject","inLanguage":"en-US","@id":"https:\/\/www.gintaresgeles.lt\/en\/puokste\/a-transparent-helium-balloon-with-colorful-hearts\/#primaryimage","url":"https:\/\/www.gintaresgeles.lt\/wp-content\/uploads\/2025\/04\/Skaidrus-guminis-helio-balionas-su-sirdelemis.jpg","contentUrl":"https:\/\/www.gintaresgeles.lt\/wp-content\/uploads\/2025\/04\/Skaidrus-guminis-helio-balionas-su-sirdelemis.jpg","width":1002,"height":1002,"caption":"Mielas ir ypatingas balionas su spalvingomis \u0161irdel\u0117mis"},{"@type":"BreadcrumbList","@id":"https:\/\/www.gintaresgeles.lt\/en\/puokste\/a-transparent-helium-balloon-with-colorful-hearts\/#breadcrumb","itemListElement":[{"@type":"ListItem","position":1,"name":"Prad\u017eia","item":"https:\/\/www.gintaresgeles.lt\/en\/"},{"@type":"ListItem","position":2,"name":"All flowers and other products","item":"https:\/\/www.gintaresgeles.lt\/en\/all-flowers-and-other-products\/"},{"@type":"ListItem","position":3,"name":"A transparent helium balloon with colorful hearts"}]},{"@type":"WebSite","@id":"https:\/\/www.gintaresgeles.lt\/en\/#website","url":"https:\/\/www.gintaresgeles.lt\/en\/","name":"gintaresgeles.lt","description":"G\u0117li\u0173 parduotuv\u0117 internete","potentialAction":[{"@type":"SearchAction","target":{"@type":"EntryPoint","urlTemplate":"https:\/\/www.gintaresgeles.lt\/en\/?s={search_term_string}"},"query-input":{"@type":"PropertyValueSpecification","valueRequired":true,"valueName":"search_term_string"}}],"inLanguage":"en-US"}]}},"_links":{"self":[{"href":"https:\/\/www.gintaresgeles.lt\/en\/wp-json\/wp\/v2\/product\/56656","targetHints":{"allow":["GET"]}}],"collection":[{"href":"https:\/\/www.gintaresgeles.lt\/en\/wp-json\/wp\/v2\/product"}],"about":[{"href":"https:\/\/www.gintaresgeles.lt\/en\/wp-json\/wp\/v2\/types\/product"}],"wp:featuredmedia":[{"embeddable":true,"href":"https:\/\/www.gintaresgeles.lt\/en\/wp-json\/wp\/v2\/media\/55084"}],"wp:attachment":[{"href":"https:\/\/www.gintaresgeles.lt\/en\/wp-json\/wp\/v2\/media?parent=56656"}],"wp:term":[{"taxonomy":"product_brand","embeddable":true,"href":"https:\/\/www.gintaresgeles.lt\/en\/wp-json\/wp\/v2\/product_brand?post=56656"},{"taxonomy":"product_cat","embeddable":true,"href":"https:\/\/www.gintaresgeles.lt\/en\/wp-json\/wp\/v2\/product_cat?post=56656"},{"taxonomy":"product_tag","embeddable":true,"href":"https:\/\/www.gintaresgeles.lt\/en\/wp-json\/wp\/v2\/product_tag?post=56656"}],"curies":[{"name":"wp","href":"https:\/\/api.w.org\/{rel}","templated":true}]}}