{"id":56658,"date":"2025-07-29T15:52:24","date_gmt":"2025-07-29T12:52:24","guid":{"rendered":"https:\/\/www.gintaresgeles.lt\/puokste\/foil-helium-balloon-flamingo-fiesta\/"},"modified":"2025-07-29T15:52:24","modified_gmt":"2025-07-29T12:52:24","slug":"foil-helium-balloon-flamingo-fiesta","status":"publish","type":"product","link":"https:\/\/www.gintaresgeles.lt\/en\/puokste\/foil-helium-balloon-flamingo-fiesta\/","title":{"rendered":"Foil helium balloon \u201eFlamingo fiesta\u201c"},"content":{"rendered":"","protected":false},"excerpt":{"rendered":"<p data-start=\"112\" data-end=\"407\">This colorful and playful round foil balloon featuring a flamingo image is a perfect choice for birthdays. The balloon boasts vibrant colors and an eye-catching design, making it sure to become the centerpiece of any celebration. Choose this balloon to add even more charm and fun to your party.<\/p>\n<p data-start=\"409\" data-end=\"434\">Balloon diameter \u2013 46 cm.<\/p>\n","protected":false},"featured_media":55038,"template":"","meta":[],"product_brand":[],"product_cat":[270,1956,893],"product_tag":[],"class_list":{"0":"post-56658","1":"product","2":"type-product","3":"status-publish","4":"has-post-thumbnail","6":"product_cat-helium-balloons","7":"product_cat-foil-helium-balloons","8":"product_cat-helium-balloons-for-birthday","9":"tm-has-options","11":"first","12":"instock","13":"taxable","14":"shipping-taxable","15":"purchasable","16":"product-type-simple"},"yoast_head":"<!-- This site is optimized with the Yoast SEO plugin v25.3 - https:\/\/yoast.com\/wordpress\/plugins\/seo\/ -->\n<title>Foil helium balloon \u201eFlamingo fiesta\u201c | Gintar\u0117s G\u0117l\u0117s<\/title>\n<meta name=\"description\" content=\"A bright and cheerful flamingo-shaped balloon, perfect for birthdays. The balloon features a unique design that will add mood and charm to the celebration.\" \/>\n<meta name=\"robots\" content=\"index, follow, max-snippet:-1, max-image-preview:large, max-video-preview:-1\" \/>\n<link rel=\"canonical\" href=\"https:\/\/www.gintaresgeles.lt\/en\/puokste\/foil-helium-balloon-flamingo-fiesta\/\" \/>\n<meta property=\"og:locale\" content=\"en_US\" \/>\n<meta property=\"og:type\" content=\"article\" \/>\n<meta property=\"og:title\" content=\"Foil helium balloon \u201eFlamingo fiesta\u201c | Gintar\u0117s G\u0117l\u0117s\" \/>\n<meta property=\"og:description\" content=\"A bright and cheerful flamingo-shaped balloon, perfect for birthdays. The balloon features a unique design that will add mood and charm to the celebration.\" \/>\n<meta property=\"og:url\" content=\"https:\/\/www.gintaresgeles.lt\/en\/puokste\/foil-helium-balloon-flamingo-fiesta\/\" \/>\n<meta property=\"og:site_name\" content=\"gintaresgeles.lt\" \/>\n<meta property=\"og:image\" content=\"https:\/\/www.gintaresgeles.lt\/wp-content\/uploads\/2025\/04\/Gimtadieninis-folinis-helio-balionas-su-flamingu.jpg\" \/>\n\t<meta property=\"og:image:width\" content=\"600\" \/>\n\t<meta property=\"og:image:height\" content=\"600\" \/>\n\t<meta property=\"og:image:type\" content=\"image\/jpeg\" \/>\n<meta name=\"twitter:card\" content=\"summary_large_image\" \/>\n<script type=\"application\/ld+json\" class=\"yoast-schema-graph\">{\"@context\":\"https:\/\/schema.org\",\"@graph\":[{\"@type\":\"WebPage\",\"@id\":\"https:\/\/www.gintaresgeles.lt\/en\/puokste\/foil-helium-balloon-flamingo-fiesta\/\",\"url\":\"https:\/\/www.gintaresgeles.lt\/en\/puokste\/foil-helium-balloon-flamingo-fiesta\/\",\"name\":\"Foil helium balloon \u201eFlamingo fiesta\u201c | Gintar\u0117s G\u0117l\u0117s\",\"isPartOf\":{\"@id\":\"https:\/\/www.gintaresgeles.lt\/en\/#website\"},\"primaryImageOfPage\":{\"@id\":\"https:\/\/www.gintaresgeles.lt\/en\/puokste\/foil-helium-balloon-flamingo-fiesta\/#primaryimage\"},\"image\":{\"@id\":\"https:\/\/www.gintaresgeles.lt\/en\/puokste\/foil-helium-balloon-flamingo-fiesta\/#primaryimage\"},\"thumbnailUrl\":\"https:\/\/www.gintaresgeles.lt\/wp-content\/uploads\/2025\/04\/Gimtadieninis-folinis-helio-balionas-su-flamingu.jpg\",\"datePublished\":\"2025-07-29T12:52:24+00:00\",\"description\":\"A bright and cheerful flamingo-shaped balloon, perfect for birthdays. The balloon features a unique design that will add mood and charm to the celebration.\",\"breadcrumb\":{\"@id\":\"https:\/\/www.gintaresgeles.lt\/en\/puokste\/foil-helium-balloon-flamingo-fiesta\/#breadcrumb\"},\"inLanguage\":\"en-US\",\"potentialAction\":[{\"@type\":\"ReadAction\",\"target\":[\"https:\/\/www.gintaresgeles.lt\/en\/puokste\/foil-helium-balloon-flamingo-fiesta\/\"]}]},{\"@type\":\"ImageObject\",\"inLanguage\":\"en-US\",\"@id\":\"https:\/\/www.gintaresgeles.lt\/en\/puokste\/foil-helium-balloon-flamingo-fiesta\/#primaryimage\",\"url\":\"https:\/\/www.gintaresgeles.lt\/wp-content\/uploads\/2025\/04\/Gimtadieninis-folinis-helio-balionas-su-flamingu.jpg\",\"contentUrl\":\"https:\/\/www.gintaresgeles.lt\/wp-content\/uploads\/2025\/04\/Gimtadieninis-folinis-helio-balionas-su-flamingu.jpg\",\"width\":600,\"height\":600,\"caption\":\"Labai spalvingas bei ry\u0161kus gimtadienio sveikinimo balionas su flamingu\"},{\"@type\":\"BreadcrumbList\",\"@id\":\"https:\/\/www.gintaresgeles.lt\/en\/puokste\/foil-helium-balloon-flamingo-fiesta\/#breadcrumb\",\"itemListElement\":[{\"@type\":\"ListItem\",\"position\":1,\"name\":\"Prad\u017eia\",\"item\":\"https:\/\/www.gintaresgeles.lt\/en\/\"},{\"@type\":\"ListItem\",\"position\":2,\"name\":\"All flowers and other products\",\"item\":\"https:\/\/www.gintaresgeles.lt\/en\/all-flowers-and-other-products\/\"},{\"@type\":\"ListItem\",\"position\":3,\"name\":\"Foil helium balloon \u201eFlamingo fiesta\u201c\"}]},{\"@type\":\"WebSite\",\"@id\":\"https:\/\/www.gintaresgeles.lt\/en\/#website\",\"url\":\"https:\/\/www.gintaresgeles.lt\/en\/\",\"name\":\"gintaresgeles.lt\",\"description\":\"G\u0117li\u0173 parduotuv\u0117 internete\",\"potentialAction\":[{\"@type\":\"SearchAction\",\"target\":{\"@type\":\"EntryPoint\",\"urlTemplate\":\"https:\/\/www.gintaresgeles.lt\/en\/?s={search_term_string}\"},\"query-input\":{\"@type\":\"PropertyValueSpecification\",\"valueRequired\":true,\"valueName\":\"search_term_string\"}}],\"inLanguage\":\"en-US\"}]}<\/script>\n<!-- \/ Yoast SEO plugin. -->","yoast_head_json":{"title":"Foil helium balloon \u201eFlamingo fiesta\u201c | Gintar\u0117s G\u0117l\u0117s","description":"A bright and cheerful flamingo-shaped balloon, perfect for birthdays. The balloon features a unique design that will add mood and charm to the celebration.","robots":{"index":"index","follow":"follow","max-snippet":"max-snippet:-1","max-image-preview":"max-image-preview:large","max-video-preview":"max-video-preview:-1"},"canonical":"https:\/\/www.gintaresgeles.lt\/en\/puokste\/foil-helium-balloon-flamingo-fiesta\/","og_locale":"en_US","og_type":"article","og_title":"Foil helium balloon \u201eFlamingo fiesta\u201c | Gintar\u0117s G\u0117l\u0117s","og_description":"A bright and cheerful flamingo-shaped balloon, perfect for birthdays. The balloon features a unique design that will add mood and charm to the celebration.","og_url":"https:\/\/www.gintaresgeles.lt\/en\/puokste\/foil-helium-balloon-flamingo-fiesta\/","og_site_name":"gintaresgeles.lt","og_image":[{"width":600,"height":600,"url":"https:\/\/www.gintaresgeles.lt\/wp-content\/uploads\/2025\/04\/Gimtadieninis-folinis-helio-balionas-su-flamingu.jpg","type":"image\/jpeg"}],"twitter_card":"summary_large_image","schema":{"@context":"https:\/\/schema.org","@graph":[{"@type":"WebPage","@id":"https:\/\/www.gintaresgeles.lt\/en\/puokste\/foil-helium-balloon-flamingo-fiesta\/","url":"https:\/\/www.gintaresgeles.lt\/en\/puokste\/foil-helium-balloon-flamingo-fiesta\/","name":"Foil helium balloon \u201eFlamingo fiesta\u201c | Gintar\u0117s G\u0117l\u0117s","isPartOf":{"@id":"https:\/\/www.gintaresgeles.lt\/en\/#website"},"primaryImageOfPage":{"@id":"https:\/\/www.gintaresgeles.lt\/en\/puokste\/foil-helium-balloon-flamingo-fiesta\/#primaryimage"},"image":{"@id":"https:\/\/www.gintaresgeles.lt\/en\/puokste\/foil-helium-balloon-flamingo-fiesta\/#primaryimage"},"thumbnailUrl":"https:\/\/www.gintaresgeles.lt\/wp-content\/uploads\/2025\/04\/Gimtadieninis-folinis-helio-balionas-su-flamingu.jpg","datePublished":"2025-07-29T12:52:24+00:00","description":"A bright and cheerful flamingo-shaped balloon, perfect for birthdays. The balloon features a unique design that will add mood and charm to the celebration.","breadcrumb":{"@id":"https:\/\/www.gintaresgeles.lt\/en\/puokste\/foil-helium-balloon-flamingo-fiesta\/#breadcrumb"},"inLanguage":"en-US","potentialAction":[{"@type":"ReadAction","target":["https:\/\/www.gintaresgeles.lt\/en\/puokste\/foil-helium-balloon-flamingo-fiesta\/"]}]},{"@type":"ImageObject","inLanguage":"en-US","@id":"https:\/\/www.gintaresgeles.lt\/en\/puokste\/foil-helium-balloon-flamingo-fiesta\/#primaryimage","url":"https:\/\/www.gintaresgeles.lt\/wp-content\/uploads\/2025\/04\/Gimtadieninis-folinis-helio-balionas-su-flamingu.jpg","contentUrl":"https:\/\/www.gintaresgeles.lt\/wp-content\/uploads\/2025\/04\/Gimtadieninis-folinis-helio-balionas-su-flamingu.jpg","width":600,"height":600,"caption":"Labai spalvingas bei ry\u0161kus gimtadienio sveikinimo balionas su flamingu"},{"@type":"BreadcrumbList","@id":"https:\/\/www.gintaresgeles.lt\/en\/puokste\/foil-helium-balloon-flamingo-fiesta\/#breadcrumb","itemListElement":[{"@type":"ListItem","position":1,"name":"Prad\u017eia","item":"https:\/\/www.gintaresgeles.lt\/en\/"},{"@type":"ListItem","position":2,"name":"All flowers and other products","item":"https:\/\/www.gintaresgeles.lt\/en\/all-flowers-and-other-products\/"},{"@type":"ListItem","position":3,"name":"Foil helium balloon \u201eFlamingo fiesta\u201c"}]},{"@type":"WebSite","@id":"https:\/\/www.gintaresgeles.lt\/en\/#website","url":"https:\/\/www.gintaresgeles.lt\/en\/","name":"gintaresgeles.lt","description":"G\u0117li\u0173 parduotuv\u0117 internete","potentialAction":[{"@type":"SearchAction","target":{"@type":"EntryPoint","urlTemplate":"https:\/\/www.gintaresgeles.lt\/en\/?s={search_term_string}"},"query-input":{"@type":"PropertyValueSpecification","valueRequired":true,"valueName":"search_term_string"}}],"inLanguage":"en-US"}]}},"_links":{"self":[{"href":"https:\/\/www.gintaresgeles.lt\/en\/wp-json\/wp\/v2\/product\/56658","targetHints":{"allow":["GET"]}}],"collection":[{"href":"https:\/\/www.gintaresgeles.lt\/en\/wp-json\/wp\/v2\/product"}],"about":[{"href":"https:\/\/www.gintaresgeles.lt\/en\/wp-json\/wp\/v2\/types\/product"}],"wp:featuredmedia":[{"embeddable":true,"href":"https:\/\/www.gintaresgeles.lt\/en\/wp-json\/wp\/v2\/media\/55038"}],"wp:attachment":[{"href":"https:\/\/www.gintaresgeles.lt\/en\/wp-json\/wp\/v2\/media?parent=56658"}],"wp:term":[{"taxonomy":"product_brand","embeddable":true,"href":"https:\/\/www.gintaresgeles.lt\/en\/wp-json\/wp\/v2\/product_brand?post=56658"},{"taxonomy":"product_cat","embeddable":true,"href":"https:\/\/www.gintaresgeles.lt\/en\/wp-json\/wp\/v2\/product_cat?post=56658"},{"taxonomy":"product_tag","embeddable":true,"href":"https:\/\/www.gintaresgeles.lt\/en\/wp-json\/wp\/v2\/product_tag?post=56658"}],"curies":[{"name":"wp","href":"https:\/\/api.w.org\/{rel}","templated":true}]}}