{"id":57012,"date":"2025-08-23T09:50:27","date_gmt":"2025-08-23T06:50:27","guid":{"rendered":"https:\/\/www.gintaresgeles.lt\/puokste\/colorful-foil-helium-balloon\/"},"modified":"2025-08-23T09:50:27","modified_gmt":"2025-08-23T06:50:27","slug":"colorful-foil-helium-balloon","status":"publish","type":"product","link":"https:\/\/www.gintaresgeles.lt\/en\/puokste\/colorful-foil-helium-balloon\/","title":{"rendered":"Colorful Foil Helium Balloon"},"content":{"rendered":"","protected":false},"excerpt":{"rendered":"<p data-start=\"116\" data-end=\"426\">This cheerful party accent is sure to stand out. With its perfect spherical shape, glossy finish, and vibrant colors, the balloon adds a unique touch of style to any space. The rainbow palette evokes calm, mystery, and versatility all at once. Ideal for birthdays, parties, photoshoots, or modern weddings.<\/p>\n<p data-start=\"428\" data-end=\"451\">Balloon size: 40 cm.<\/p>\n","protected":false},"featured_media":56932,"template":"","meta":[],"product_brand":[],"product_cat":[270,1956],"product_tag":[],"class_list":{"0":"post-57012","1":"product","2":"type-product","3":"status-publish","4":"has-post-thumbnail","6":"product_cat-helium-balloons","7":"product_cat-foil-helium-balloons","8":"tm-has-options","10":"first","11":"instock","12":"taxable","13":"shipping-taxable","14":"purchasable","15":"product-type-simple"},"yoast_head":"<!-- This site is optimized with the Yoast SEO plugin v25.3 - https:\/\/yoast.com\/wordpress\/plugins\/seo\/ -->\n<title>Colorful Foil Helium Balloon | Gintar\u0117s G\u0117l\u0117s<\/title>\n<meta name=\"description\" content=\"Colorful Foil Helium Balloon \u2013 Ball-Shaped, 40 cm in Diameter.\" \/>\n<meta name=\"robots\" content=\"index, follow, max-snippet:-1, max-image-preview:large, max-video-preview:-1\" \/>\n<link rel=\"canonical\" href=\"https:\/\/www.gintaresgeles.lt\/en\/puokste\/colorful-foil-helium-balloon\/\" \/>\n<meta property=\"og:locale\" content=\"en_US\" \/>\n<meta property=\"og:type\" content=\"article\" \/>\n<meta property=\"og:title\" content=\"Colorful Foil Helium Balloon | Gintar\u0117s G\u0117l\u0117s\" \/>\n<meta property=\"og:description\" content=\"Colorful Foil Helium Balloon \u2013 Ball-Shaped, 40 cm in Diameter.\" \/>\n<meta property=\"og:url\" content=\"https:\/\/www.gintaresgeles.lt\/en\/puokste\/colorful-foil-helium-balloon\/\" \/>\n<meta property=\"og:site_name\" content=\"gintaresgeles.lt\" \/>\n<meta property=\"og:image\" content=\"https:\/\/www.gintaresgeles.lt\/wp-content\/uploads\/2025\/08\/ORBZ-folinis-balionas-ivairiu-spalvu.jpg\" \/>\n\t<meta property=\"og:image:width\" content=\"802\" \/>\n\t<meta property=\"og:image:height\" content=\"800\" \/>\n\t<meta property=\"og:image:type\" content=\"image\/jpeg\" \/>\n<meta name=\"twitter:card\" content=\"summary_large_image\" \/>\n<script type=\"application\/ld+json\" class=\"yoast-schema-graph\">{\"@context\":\"https:\/\/schema.org\",\"@graph\":[{\"@type\":\"WebPage\",\"@id\":\"https:\/\/www.gintaresgeles.lt\/en\/puokste\/colorful-foil-helium-balloon\/\",\"url\":\"https:\/\/www.gintaresgeles.lt\/en\/puokste\/colorful-foil-helium-balloon\/\",\"name\":\"Colorful Foil Helium Balloon | Gintar\u0117s G\u0117l\u0117s\",\"isPartOf\":{\"@id\":\"https:\/\/www.gintaresgeles.lt\/en\/#website\"},\"primaryImageOfPage\":{\"@id\":\"https:\/\/www.gintaresgeles.lt\/en\/puokste\/colorful-foil-helium-balloon\/#primaryimage\"},\"image\":{\"@id\":\"https:\/\/www.gintaresgeles.lt\/en\/puokste\/colorful-foil-helium-balloon\/#primaryimage\"},\"thumbnailUrl\":\"https:\/\/www.gintaresgeles.lt\/wp-content\/uploads\/2025\/08\/ORBZ-folinis-balionas-ivairiu-spalvu.jpg\",\"datePublished\":\"2025-08-23T06:50:27+00:00\",\"description\":\"Colorful Foil Helium Balloon \u2013 Ball-Shaped, 40 cm in Diameter.\",\"breadcrumb\":{\"@id\":\"https:\/\/www.gintaresgeles.lt\/en\/puokste\/colorful-foil-helium-balloon\/#breadcrumb\"},\"inLanguage\":\"en-US\",\"potentialAction\":[{\"@type\":\"ReadAction\",\"target\":[\"https:\/\/www.gintaresgeles.lt\/en\/puokste\/colorful-foil-helium-balloon\/\"]}]},{\"@type\":\"ImageObject\",\"inLanguage\":\"en-US\",\"@id\":\"https:\/\/www.gintaresgeles.lt\/en\/puokste\/colorful-foil-helium-balloon\/#primaryimage\",\"url\":\"https:\/\/www.gintaresgeles.lt\/wp-content\/uploads\/2025\/08\/ORBZ-folinis-balionas-ivairiu-spalvu.jpg\",\"contentUrl\":\"https:\/\/www.gintaresgeles.lt\/wp-content\/uploads\/2025\/08\/ORBZ-folinis-balionas-ivairiu-spalvu.jpg\",\"width\":802,\"height\":800,\"caption\":\"Mielas, jaukus ir raminantis ORBZ balionas i\u0161skirtini\u0173 spalv\u0173\"},{\"@type\":\"BreadcrumbList\",\"@id\":\"https:\/\/www.gintaresgeles.lt\/en\/puokste\/colorful-foil-helium-balloon\/#breadcrumb\",\"itemListElement\":[{\"@type\":\"ListItem\",\"position\":1,\"name\":\"Prad\u017eia\",\"item\":\"https:\/\/www.gintaresgeles.lt\/en\/\"},{\"@type\":\"ListItem\",\"position\":2,\"name\":\"All flowers and other products\",\"item\":\"https:\/\/www.gintaresgeles.lt\/en\/all-flowers-and-other-products\/\"},{\"@type\":\"ListItem\",\"position\":3,\"name\":\"Colorful Foil Helium Balloon\"}]},{\"@type\":\"WebSite\",\"@id\":\"https:\/\/www.gintaresgeles.lt\/en\/#website\",\"url\":\"https:\/\/www.gintaresgeles.lt\/en\/\",\"name\":\"gintaresgeles.lt\",\"description\":\"G\u0117li\u0173 parduotuv\u0117 internete\",\"potentialAction\":[{\"@type\":\"SearchAction\",\"target\":{\"@type\":\"EntryPoint\",\"urlTemplate\":\"https:\/\/www.gintaresgeles.lt\/en\/?s={search_term_string}\"},\"query-input\":{\"@type\":\"PropertyValueSpecification\",\"valueRequired\":true,\"valueName\":\"search_term_string\"}}],\"inLanguage\":\"en-US\"}]}<\/script>\n<!-- \/ Yoast SEO plugin. -->","yoast_head_json":{"title":"Colorful Foil Helium Balloon | Gintar\u0117s G\u0117l\u0117s","description":"Colorful Foil Helium Balloon \u2013 Ball-Shaped, 40 cm in Diameter.","robots":{"index":"index","follow":"follow","max-snippet":"max-snippet:-1","max-image-preview":"max-image-preview:large","max-video-preview":"max-video-preview:-1"},"canonical":"https:\/\/www.gintaresgeles.lt\/en\/puokste\/colorful-foil-helium-balloon\/","og_locale":"en_US","og_type":"article","og_title":"Colorful Foil Helium Balloon | Gintar\u0117s G\u0117l\u0117s","og_description":"Colorful Foil Helium Balloon \u2013 Ball-Shaped, 40 cm in Diameter.","og_url":"https:\/\/www.gintaresgeles.lt\/en\/puokste\/colorful-foil-helium-balloon\/","og_site_name":"gintaresgeles.lt","og_image":[{"width":802,"height":800,"url":"https:\/\/www.gintaresgeles.lt\/wp-content\/uploads\/2025\/08\/ORBZ-folinis-balionas-ivairiu-spalvu.jpg","type":"image\/jpeg"}],"twitter_card":"summary_large_image","schema":{"@context":"https:\/\/schema.org","@graph":[{"@type":"WebPage","@id":"https:\/\/www.gintaresgeles.lt\/en\/puokste\/colorful-foil-helium-balloon\/","url":"https:\/\/www.gintaresgeles.lt\/en\/puokste\/colorful-foil-helium-balloon\/","name":"Colorful Foil Helium Balloon | Gintar\u0117s G\u0117l\u0117s","isPartOf":{"@id":"https:\/\/www.gintaresgeles.lt\/en\/#website"},"primaryImageOfPage":{"@id":"https:\/\/www.gintaresgeles.lt\/en\/puokste\/colorful-foil-helium-balloon\/#primaryimage"},"image":{"@id":"https:\/\/www.gintaresgeles.lt\/en\/puokste\/colorful-foil-helium-balloon\/#primaryimage"},"thumbnailUrl":"https:\/\/www.gintaresgeles.lt\/wp-content\/uploads\/2025\/08\/ORBZ-folinis-balionas-ivairiu-spalvu.jpg","datePublished":"2025-08-23T06:50:27+00:00","description":"Colorful Foil Helium Balloon \u2013 Ball-Shaped, 40 cm in Diameter.","breadcrumb":{"@id":"https:\/\/www.gintaresgeles.lt\/en\/puokste\/colorful-foil-helium-balloon\/#breadcrumb"},"inLanguage":"en-US","potentialAction":[{"@type":"ReadAction","target":["https:\/\/www.gintaresgeles.lt\/en\/puokste\/colorful-foil-helium-balloon\/"]}]},{"@type":"ImageObject","inLanguage":"en-US","@id":"https:\/\/www.gintaresgeles.lt\/en\/puokste\/colorful-foil-helium-balloon\/#primaryimage","url":"https:\/\/www.gintaresgeles.lt\/wp-content\/uploads\/2025\/08\/ORBZ-folinis-balionas-ivairiu-spalvu.jpg","contentUrl":"https:\/\/www.gintaresgeles.lt\/wp-content\/uploads\/2025\/08\/ORBZ-folinis-balionas-ivairiu-spalvu.jpg","width":802,"height":800,"caption":"Mielas, jaukus ir raminantis ORBZ balionas i\u0161skirtini\u0173 spalv\u0173"},{"@type":"BreadcrumbList","@id":"https:\/\/www.gintaresgeles.lt\/en\/puokste\/colorful-foil-helium-balloon\/#breadcrumb","itemListElement":[{"@type":"ListItem","position":1,"name":"Prad\u017eia","item":"https:\/\/www.gintaresgeles.lt\/en\/"},{"@type":"ListItem","position":2,"name":"All flowers and other products","item":"https:\/\/www.gintaresgeles.lt\/en\/all-flowers-and-other-products\/"},{"@type":"ListItem","position":3,"name":"Colorful Foil Helium Balloon"}]},{"@type":"WebSite","@id":"https:\/\/www.gintaresgeles.lt\/en\/#website","url":"https:\/\/www.gintaresgeles.lt\/en\/","name":"gintaresgeles.lt","description":"G\u0117li\u0173 parduotuv\u0117 internete","potentialAction":[{"@type":"SearchAction","target":{"@type":"EntryPoint","urlTemplate":"https:\/\/www.gintaresgeles.lt\/en\/?s={search_term_string}"},"query-input":{"@type":"PropertyValueSpecification","valueRequired":true,"valueName":"search_term_string"}}],"inLanguage":"en-US"}]}},"_links":{"self":[{"href":"https:\/\/www.gintaresgeles.lt\/en\/wp-json\/wp\/v2\/product\/57012","targetHints":{"allow":["GET"]}}],"collection":[{"href":"https:\/\/www.gintaresgeles.lt\/en\/wp-json\/wp\/v2\/product"}],"about":[{"href":"https:\/\/www.gintaresgeles.lt\/en\/wp-json\/wp\/v2\/types\/product"}],"wp:featuredmedia":[{"embeddable":true,"href":"https:\/\/www.gintaresgeles.lt\/en\/wp-json\/wp\/v2\/media\/56932"}],"wp:attachment":[{"href":"https:\/\/www.gintaresgeles.lt\/en\/wp-json\/wp\/v2\/media?parent=57012"}],"wp:term":[{"taxonomy":"product_brand","embeddable":true,"href":"https:\/\/www.gintaresgeles.lt\/en\/wp-json\/wp\/v2\/product_brand?post=57012"},{"taxonomy":"product_cat","embeddable":true,"href":"https:\/\/www.gintaresgeles.lt\/en\/wp-json\/wp\/v2\/product_cat?post=57012"},{"taxonomy":"product_tag","embeddable":true,"href":"https:\/\/www.gintaresgeles.lt\/en\/wp-json\/wp\/v2\/product_tag?post=57012"}],"curies":[{"name":"wp","href":"https:\/\/api.w.org\/{rel}","templated":true}]}}