{"id":57019,"date":"2025-08-28T11:28:42","date_gmt":"2025-08-28T08:28:42","guid":{"rendered":"https:\/\/www.gintaresgeles.lt\/puokste\/acrylic-heart-shaped-rose-box\/"},"modified":"2025-08-28T11:28:42","modified_gmt":"2025-08-28T08:28:42","slug":"acrylic-heart-shaped-rose-box","status":"publish","type":"product","link":"https:\/\/www.gintaresgeles.lt\/en\/puokste\/acrylic-heart-shaped-rose-box\/","title":{"rendered":"Acrylic heart-shaped rose box"},"content":{"rendered":"","protected":false},"excerpt":{"rendered":"<p>Elegant and delicate heart-shaped acrylic box made from high-quality transparent acrylic. Inside, a soft pink hue and carefully arranged long-lasting stabilized roses add uniqueness and romance to the box. A perfect gift for a loved one on any occasion \u2014 Valentine\u2019s Day, birthday, or simply to express your feelings.<\/p>\n","protected":false},"featured_media":56995,"template":"","meta":[],"product_brand":[],"product_cat":[259,252,256,253,257,892,264],"product_tag":[],"class_list":{"0":"post-57019","1":"product","2":"type-product","3":"status-publish","4":"has-post-thumbnail","6":"product_cat-flowers-by-occasion","7":"product_cat-flowers-by-recipient","8":"product_cat-flowers-for-girlfriend","9":"product_cat-flowers-for-mom","10":"product_cat-flowers-for-women","11":"product_cat-sleeping-roses-en-flowers-by-type","12":"product_cat-valentines-day-flowers","13":"tm-has-options","15":"first","16":"outofstock","17":"taxable","18":"shipping-taxable","19":"purchasable","20":"product-type-simple"},"yoast_head":"<!-- This site is optimized with the Yoast SEO plugin v25.3 - https:\/\/yoast.com\/wordpress\/plugins\/seo\/ -->\n<title>Acrylic heart-shaped rose box | Gintar\u0117s G\u0117l\u0117s<\/title>\n<meta name=\"description\" content=\"Exclusive acrylic heart-shaped rose box \u2013 subtle pink color, long-lasting preserved blooms. A perfect gift for special occasions.\" \/>\n<meta name=\"robots\" content=\"index, follow, max-snippet:-1, max-image-preview:large, max-video-preview:-1\" \/>\n<link rel=\"canonical\" href=\"https:\/\/www.gintaresgeles.lt\/en\/puokste\/acrylic-heart-shaped-rose-box\/\" \/>\n<meta property=\"og:locale\" content=\"en_US\" \/>\n<meta property=\"og:type\" content=\"article\" \/>\n<meta property=\"og:title\" content=\"Acrylic heart-shaped rose box | Gintar\u0117s G\u0117l\u0117s\" \/>\n<meta property=\"og:description\" content=\"Exclusive acrylic heart-shaped rose box \u2013 subtle pink color, long-lasting preserved blooms. A perfect gift for special occasions.\" \/>\n<meta property=\"og:url\" content=\"https:\/\/www.gintaresgeles.lt\/en\/puokste\/acrylic-heart-shaped-rose-box\/\" \/>\n<meta property=\"og:site_name\" content=\"gintaresgeles.lt\" \/>\n<meta property=\"og:image\" content=\"https:\/\/www.gintaresgeles.lt\/wp-content\/uploads\/2025\/08\/akriline-dezute-su-mieganciomis-rozemis-scaled.jpg\" \/>\n\t<meta property=\"og:image:width\" content=\"2560\" \/>\n\t<meta property=\"og:image:height\" content=\"2560\" \/>\n\t<meta property=\"og:image:type\" content=\"image\/jpeg\" \/>\n<meta name=\"twitter:card\" content=\"summary_large_image\" \/>\n<script type=\"application\/ld+json\" class=\"yoast-schema-graph\">{\"@context\":\"https:\/\/schema.org\",\"@graph\":[{\"@type\":\"WebPage\",\"@id\":\"https:\/\/www.gintaresgeles.lt\/en\/puokste\/acrylic-heart-shaped-rose-box\/\",\"url\":\"https:\/\/www.gintaresgeles.lt\/en\/puokste\/acrylic-heart-shaped-rose-box\/\",\"name\":\"Acrylic heart-shaped rose box | Gintar\u0117s G\u0117l\u0117s\",\"isPartOf\":{\"@id\":\"https:\/\/www.gintaresgeles.lt\/en\/#website\"},\"primaryImageOfPage\":{\"@id\":\"https:\/\/www.gintaresgeles.lt\/en\/puokste\/acrylic-heart-shaped-rose-box\/#primaryimage\"},\"image\":{\"@id\":\"https:\/\/www.gintaresgeles.lt\/en\/puokste\/acrylic-heart-shaped-rose-box\/#primaryimage\"},\"thumbnailUrl\":\"https:\/\/www.gintaresgeles.lt\/wp-content\/uploads\/2025\/08\/akriline-dezute-su-mieganciomis-rozemis-scaled.jpg\",\"datePublished\":\"2025-08-28T08:28:42+00:00\",\"description\":\"Exclusive acrylic heart-shaped rose box \u2013 subtle pink color, long-lasting preserved blooms. A perfect gift for special occasions.\",\"breadcrumb\":{\"@id\":\"https:\/\/www.gintaresgeles.lt\/en\/puokste\/acrylic-heart-shaped-rose-box\/#breadcrumb\"},\"inLanguage\":\"en-US\",\"potentialAction\":[{\"@type\":\"ReadAction\",\"target\":[\"https:\/\/www.gintaresgeles.lt\/en\/puokste\/acrylic-heart-shaped-rose-box\/\"]}]},{\"@type\":\"ImageObject\",\"inLanguage\":\"en-US\",\"@id\":\"https:\/\/www.gintaresgeles.lt\/en\/puokste\/acrylic-heart-shaped-rose-box\/#primaryimage\",\"url\":\"https:\/\/www.gintaresgeles.lt\/wp-content\/uploads\/2025\/08\/akriline-dezute-su-mieganciomis-rozemis-scaled.jpg\",\"contentUrl\":\"https:\/\/www.gintaresgeles.lt\/wp-content\/uploads\/2025\/08\/akriline-dezute-su-mieganciomis-rozemis-scaled.jpg\",\"width\":2560,\"height\":2560,\"caption\":\"Stabilizuot\u0173 ro\u017ei\u0173 \u0161ird\u0117les formos akriline d\u0117\u017eut\u0117\"},{\"@type\":\"BreadcrumbList\",\"@id\":\"https:\/\/www.gintaresgeles.lt\/en\/puokste\/acrylic-heart-shaped-rose-box\/#breadcrumb\",\"itemListElement\":[{\"@type\":\"ListItem\",\"position\":1,\"name\":\"Prad\u017eia\",\"item\":\"https:\/\/www.gintaresgeles.lt\/en\/\"},{\"@type\":\"ListItem\",\"position\":2,\"name\":\"All flowers and other products\",\"item\":\"https:\/\/www.gintaresgeles.lt\/en\/all-flowers-and-other-products\/\"},{\"@type\":\"ListItem\",\"position\":3,\"name\":\"Acrylic heart-shaped rose box\"}]},{\"@type\":\"WebSite\",\"@id\":\"https:\/\/www.gintaresgeles.lt\/en\/#website\",\"url\":\"https:\/\/www.gintaresgeles.lt\/en\/\",\"name\":\"gintaresgeles.lt\",\"description\":\"G\u0117li\u0173 parduotuv\u0117 internete\",\"potentialAction\":[{\"@type\":\"SearchAction\",\"target\":{\"@type\":\"EntryPoint\",\"urlTemplate\":\"https:\/\/www.gintaresgeles.lt\/en\/?s={search_term_string}\"},\"query-input\":{\"@type\":\"PropertyValueSpecification\",\"valueRequired\":true,\"valueName\":\"search_term_string\"}}],\"inLanguage\":\"en-US\"}]}<\/script>\n<!-- \/ Yoast SEO plugin. -->","yoast_head_json":{"title":"Acrylic heart-shaped rose box | Gintar\u0117s G\u0117l\u0117s","description":"Exclusive acrylic heart-shaped rose box \u2013 subtle pink color, long-lasting preserved blooms. A perfect gift for special occasions.","robots":{"index":"index","follow":"follow","max-snippet":"max-snippet:-1","max-image-preview":"max-image-preview:large","max-video-preview":"max-video-preview:-1"},"canonical":"https:\/\/www.gintaresgeles.lt\/en\/puokste\/acrylic-heart-shaped-rose-box\/","og_locale":"en_US","og_type":"article","og_title":"Acrylic heart-shaped rose box | Gintar\u0117s G\u0117l\u0117s","og_description":"Exclusive acrylic heart-shaped rose box \u2013 subtle pink color, long-lasting preserved blooms. A perfect gift for special occasions.","og_url":"https:\/\/www.gintaresgeles.lt\/en\/puokste\/acrylic-heart-shaped-rose-box\/","og_site_name":"gintaresgeles.lt","og_image":[{"width":2560,"height":2560,"url":"https:\/\/www.gintaresgeles.lt\/wp-content\/uploads\/2025\/08\/akriline-dezute-su-mieganciomis-rozemis-scaled.jpg","type":"image\/jpeg"}],"twitter_card":"summary_large_image","schema":{"@context":"https:\/\/schema.org","@graph":[{"@type":"WebPage","@id":"https:\/\/www.gintaresgeles.lt\/en\/puokste\/acrylic-heart-shaped-rose-box\/","url":"https:\/\/www.gintaresgeles.lt\/en\/puokste\/acrylic-heart-shaped-rose-box\/","name":"Acrylic heart-shaped rose box | Gintar\u0117s G\u0117l\u0117s","isPartOf":{"@id":"https:\/\/www.gintaresgeles.lt\/en\/#website"},"primaryImageOfPage":{"@id":"https:\/\/www.gintaresgeles.lt\/en\/puokste\/acrylic-heart-shaped-rose-box\/#primaryimage"},"image":{"@id":"https:\/\/www.gintaresgeles.lt\/en\/puokste\/acrylic-heart-shaped-rose-box\/#primaryimage"},"thumbnailUrl":"https:\/\/www.gintaresgeles.lt\/wp-content\/uploads\/2025\/08\/akriline-dezute-su-mieganciomis-rozemis-scaled.jpg","datePublished":"2025-08-28T08:28:42+00:00","description":"Exclusive acrylic heart-shaped rose box \u2013 subtle pink color, long-lasting preserved blooms. A perfect gift for special occasions.","breadcrumb":{"@id":"https:\/\/www.gintaresgeles.lt\/en\/puokste\/acrylic-heart-shaped-rose-box\/#breadcrumb"},"inLanguage":"en-US","potentialAction":[{"@type":"ReadAction","target":["https:\/\/www.gintaresgeles.lt\/en\/puokste\/acrylic-heart-shaped-rose-box\/"]}]},{"@type":"ImageObject","inLanguage":"en-US","@id":"https:\/\/www.gintaresgeles.lt\/en\/puokste\/acrylic-heart-shaped-rose-box\/#primaryimage","url":"https:\/\/www.gintaresgeles.lt\/wp-content\/uploads\/2025\/08\/akriline-dezute-su-mieganciomis-rozemis-scaled.jpg","contentUrl":"https:\/\/www.gintaresgeles.lt\/wp-content\/uploads\/2025\/08\/akriline-dezute-su-mieganciomis-rozemis-scaled.jpg","width":2560,"height":2560,"caption":"Stabilizuot\u0173 ro\u017ei\u0173 \u0161ird\u0117les formos akriline d\u0117\u017eut\u0117"},{"@type":"BreadcrumbList","@id":"https:\/\/www.gintaresgeles.lt\/en\/puokste\/acrylic-heart-shaped-rose-box\/#breadcrumb","itemListElement":[{"@type":"ListItem","position":1,"name":"Prad\u017eia","item":"https:\/\/www.gintaresgeles.lt\/en\/"},{"@type":"ListItem","position":2,"name":"All flowers and other products","item":"https:\/\/www.gintaresgeles.lt\/en\/all-flowers-and-other-products\/"},{"@type":"ListItem","position":3,"name":"Acrylic heart-shaped rose box"}]},{"@type":"WebSite","@id":"https:\/\/www.gintaresgeles.lt\/en\/#website","url":"https:\/\/www.gintaresgeles.lt\/en\/","name":"gintaresgeles.lt","description":"G\u0117li\u0173 parduotuv\u0117 internete","potentialAction":[{"@type":"SearchAction","target":{"@type":"EntryPoint","urlTemplate":"https:\/\/www.gintaresgeles.lt\/en\/?s={search_term_string}"},"query-input":{"@type":"PropertyValueSpecification","valueRequired":true,"valueName":"search_term_string"}}],"inLanguage":"en-US"}]}},"_links":{"self":[{"href":"https:\/\/www.gintaresgeles.lt\/en\/wp-json\/wp\/v2\/product\/57019","targetHints":{"allow":["GET"]}}],"collection":[{"href":"https:\/\/www.gintaresgeles.lt\/en\/wp-json\/wp\/v2\/product"}],"about":[{"href":"https:\/\/www.gintaresgeles.lt\/en\/wp-json\/wp\/v2\/types\/product"}],"wp:featuredmedia":[{"embeddable":true,"href":"https:\/\/www.gintaresgeles.lt\/en\/wp-json\/wp\/v2\/media\/56995"}],"wp:attachment":[{"href":"https:\/\/www.gintaresgeles.lt\/en\/wp-json\/wp\/v2\/media?parent=57019"}],"wp:term":[{"taxonomy":"product_brand","embeddable":true,"href":"https:\/\/www.gintaresgeles.lt\/en\/wp-json\/wp\/v2\/product_brand?post=57019"},{"taxonomy":"product_cat","embeddable":true,"href":"https:\/\/www.gintaresgeles.lt\/en\/wp-json\/wp\/v2\/product_cat?post=57019"},{"taxonomy":"product_tag","embeddable":true,"href":"https:\/\/www.gintaresgeles.lt\/en\/wp-json\/wp\/v2\/product_tag?post=57019"}],"curies":[{"name":"wp","href":"https:\/\/api.w.org\/{rel}","templated":true}]}}