{"id":57480,"date":"2024-10-30T11:31:54","date_gmt":"2024-10-30T09:31:54","guid":{"rendered":"https:\/\/www.gintaresgeles.lt\/puokste\/one-sided-christmas-wreath-winter-harmony\/"},"modified":"2024-10-30T11:31:54","modified_gmt":"2024-10-30T09:31:54","slug":"one-sided-christmas-wreath-winter-harmony","status":"publish","type":"product","link":"https:\/\/www.gintaresgeles.lt\/en\/puokste\/one-sided-christmas-wreath-winter-harmony\/","title":{"rendered":"One-Sided Christmas Wreath &#8220;Winter Harmony&#8221;"},"content":{"rendered":"","protected":false},"excerpt":{"rendered":"<p>This natural Advent wreath is a handmade creation that will bring a festive mood to your home. The wreath is made from fresh pine branches and decorated with dried orange slices, cinnamon sticks, and pine cones. Each element is carefully selected and arranged to create a harmonious and aesthetic composition.<\/p>\n<p>This wreath is perfect for hanging on a door, a wall, or using as a table centerpiece. It is also an excellent gift for loved ones who appreciate handmade and natural products.<\/p>\n<p>The wreath&#8217;s diameter is <b>30 cm<\/b>.<\/p>\n","protected":false},"featured_media":53170,"template":"","meta":[],"product_brand":[],"product_cat":[2193,1964],"product_tag":[],"class_list":{"0":"post-57480","1":"product","2":"type-product","3":"status-publish","4":"has-post-thumbnail","6":"product_cat-christmas-compositions","7":"product_cat-christmas-wreaths","8":"tm-has-options","10":"first","11":"outofstock","12":"taxable","13":"shipping-taxable","14":"purchasable","15":"product-type-simple"},"yoast_head":"<!-- This site is optimized with the Yoast SEO plugin v25.3 - https:\/\/yoast.com\/wordpress\/plugins\/seo\/ -->\n<title>One-Sided Christmas Wreath &quot;Winter Harmony&quot; | Gintar\u0117s G\u0117l\u0117s<\/title>\n<meta name=\"description\" content=\"Handmade Advent wreath - decorated with dried oranges, cinnamon, and natural elements. Perfect for home decor or as a gift.\" \/>\n<meta name=\"robots\" content=\"index, follow, max-snippet:-1, max-image-preview:large, max-video-preview:-1\" \/>\n<link rel=\"canonical\" href=\"https:\/\/www.gintaresgeles.lt\/en\/puokste\/one-sided-christmas-wreath-winter-harmony\/\" \/>\n<meta property=\"og:locale\" content=\"en_US\" \/>\n<meta property=\"og:type\" content=\"article\" \/>\n<meta property=\"og:title\" content=\"One-Sided Christmas Wreath &quot;Winter Harmony&quot; | Gintar\u0117s G\u0117l\u0117s\" \/>\n<meta property=\"og:description\" content=\"Handmade Advent wreath - decorated with dried oranges, cinnamon, and natural elements. Perfect for home decor or as a gift.\" \/>\n<meta property=\"og:url\" content=\"https:\/\/www.gintaresgeles.lt\/en\/puokste\/one-sided-christmas-wreath-winter-harmony\/\" \/>\n<meta property=\"og:site_name\" content=\"gintaresgeles.lt\" \/>\n<meta property=\"og:image\" content=\"https:\/\/www.gintaresgeles.lt\/wp-content\/uploads\/2024\/10\/kaledinis-vainikai-su-papuosimais-scaled.jpg\" \/>\n\t<meta property=\"og:image:width\" content=\"2560\" \/>\n\t<meta property=\"og:image:height\" content=\"2560\" \/>\n\t<meta property=\"og:image:type\" content=\"image\/jpeg\" \/>\n<meta name=\"twitter:card\" content=\"summary_large_image\" \/>\n<script type=\"application\/ld+json\" class=\"yoast-schema-graph\">{\"@context\":\"https:\/\/schema.org\",\"@graph\":[{\"@type\":\"WebPage\",\"@id\":\"https:\/\/www.gintaresgeles.lt\/en\/puokste\/one-sided-christmas-wreath-winter-harmony\/\",\"url\":\"https:\/\/www.gintaresgeles.lt\/en\/puokste\/one-sided-christmas-wreath-winter-harmony\/\",\"name\":\"One-Sided Christmas Wreath \\\"Winter Harmony\\\" | Gintar\u0117s G\u0117l\u0117s\",\"isPartOf\":{\"@id\":\"https:\/\/www.gintaresgeles.lt\/en\/#website\"},\"primaryImageOfPage\":{\"@id\":\"https:\/\/www.gintaresgeles.lt\/en\/puokste\/one-sided-christmas-wreath-winter-harmony\/#primaryimage\"},\"image\":{\"@id\":\"https:\/\/www.gintaresgeles.lt\/en\/puokste\/one-sided-christmas-wreath-winter-harmony\/#primaryimage\"},\"thumbnailUrl\":\"https:\/\/www.gintaresgeles.lt\/wp-content\/uploads\/2024\/10\/kaledinis-vainikai-su-papuosimais-scaled.jpg\",\"datePublished\":\"2024-10-30T09:31:54+00:00\",\"description\":\"Handmade Advent wreath - decorated with dried oranges, cinnamon, and natural elements. Perfect for home decor or as a gift.\",\"breadcrumb\":{\"@id\":\"https:\/\/www.gintaresgeles.lt\/en\/puokste\/one-sided-christmas-wreath-winter-harmony\/#breadcrumb\"},\"inLanguage\":\"en-US\",\"potentialAction\":[{\"@type\":\"ReadAction\",\"target\":[\"https:\/\/www.gintaresgeles.lt\/en\/puokste\/one-sided-christmas-wreath-winter-harmony\/\"]}]},{\"@type\":\"ImageObject\",\"inLanguage\":\"en-US\",\"@id\":\"https:\/\/www.gintaresgeles.lt\/en\/puokste\/one-sided-christmas-wreath-winter-harmony\/#primaryimage\",\"url\":\"https:\/\/www.gintaresgeles.lt\/wp-content\/uploads\/2024\/10\/kaledinis-vainikai-su-papuosimais-scaled.jpg\",\"contentUrl\":\"https:\/\/www.gintaresgeles.lt\/wp-content\/uploads\/2024\/10\/kaledinis-vainikai-su-papuosimais-scaled.jpg\",\"width\":2560,\"height\":2560,\"caption\":\"Kal\u0117dinis vainikas su papuo\u0161imais \\\"\u017diemos harmonija\\\"\"},{\"@type\":\"BreadcrumbList\",\"@id\":\"https:\/\/www.gintaresgeles.lt\/en\/puokste\/one-sided-christmas-wreath-winter-harmony\/#breadcrumb\",\"itemListElement\":[{\"@type\":\"ListItem\",\"position\":1,\"name\":\"Prad\u017eia\",\"item\":\"https:\/\/www.gintaresgeles.lt\/en\/\"},{\"@type\":\"ListItem\",\"position\":2,\"name\":\"All flowers and other products\",\"item\":\"https:\/\/www.gintaresgeles.lt\/en\/all-flowers-and-other-products\/\"},{\"@type\":\"ListItem\",\"position\":3,\"name\":\"One-Sided Christmas Wreath &#8222;Winter Harmony&#8221;\"}]},{\"@type\":\"WebSite\",\"@id\":\"https:\/\/www.gintaresgeles.lt\/en\/#website\",\"url\":\"https:\/\/www.gintaresgeles.lt\/en\/\",\"name\":\"gintaresgeles.lt\",\"description\":\"G\u0117li\u0173 parduotuv\u0117 internete\",\"potentialAction\":[{\"@type\":\"SearchAction\",\"target\":{\"@type\":\"EntryPoint\",\"urlTemplate\":\"https:\/\/www.gintaresgeles.lt\/en\/?s={search_term_string}\"},\"query-input\":{\"@type\":\"PropertyValueSpecification\",\"valueRequired\":true,\"valueName\":\"search_term_string\"}}],\"inLanguage\":\"en-US\"}]}<\/script>\n<!-- \/ Yoast SEO plugin. -->","yoast_head_json":{"title":"One-Sided Christmas Wreath \"Winter Harmony\" | Gintar\u0117s G\u0117l\u0117s","description":"Handmade Advent wreath - decorated with dried oranges, cinnamon, and natural elements. Perfect for home decor or as a gift.","robots":{"index":"index","follow":"follow","max-snippet":"max-snippet:-1","max-image-preview":"max-image-preview:large","max-video-preview":"max-video-preview:-1"},"canonical":"https:\/\/www.gintaresgeles.lt\/en\/puokste\/one-sided-christmas-wreath-winter-harmony\/","og_locale":"en_US","og_type":"article","og_title":"One-Sided Christmas Wreath \"Winter Harmony\" | Gintar\u0117s G\u0117l\u0117s","og_description":"Handmade Advent wreath - decorated with dried oranges, cinnamon, and natural elements. Perfect for home decor or as a gift.","og_url":"https:\/\/www.gintaresgeles.lt\/en\/puokste\/one-sided-christmas-wreath-winter-harmony\/","og_site_name":"gintaresgeles.lt","og_image":[{"width":2560,"height":2560,"url":"https:\/\/www.gintaresgeles.lt\/wp-content\/uploads\/2024\/10\/kaledinis-vainikai-su-papuosimais-scaled.jpg","type":"image\/jpeg"}],"twitter_card":"summary_large_image","schema":{"@context":"https:\/\/schema.org","@graph":[{"@type":"WebPage","@id":"https:\/\/www.gintaresgeles.lt\/en\/puokste\/one-sided-christmas-wreath-winter-harmony\/","url":"https:\/\/www.gintaresgeles.lt\/en\/puokste\/one-sided-christmas-wreath-winter-harmony\/","name":"One-Sided Christmas Wreath \"Winter Harmony\" | Gintar\u0117s G\u0117l\u0117s","isPartOf":{"@id":"https:\/\/www.gintaresgeles.lt\/en\/#website"},"primaryImageOfPage":{"@id":"https:\/\/www.gintaresgeles.lt\/en\/puokste\/one-sided-christmas-wreath-winter-harmony\/#primaryimage"},"image":{"@id":"https:\/\/www.gintaresgeles.lt\/en\/puokste\/one-sided-christmas-wreath-winter-harmony\/#primaryimage"},"thumbnailUrl":"https:\/\/www.gintaresgeles.lt\/wp-content\/uploads\/2024\/10\/kaledinis-vainikai-su-papuosimais-scaled.jpg","datePublished":"2024-10-30T09:31:54+00:00","description":"Handmade Advent wreath - decorated with dried oranges, cinnamon, and natural elements. Perfect for home decor or as a gift.","breadcrumb":{"@id":"https:\/\/www.gintaresgeles.lt\/en\/puokste\/one-sided-christmas-wreath-winter-harmony\/#breadcrumb"},"inLanguage":"en-US","potentialAction":[{"@type":"ReadAction","target":["https:\/\/www.gintaresgeles.lt\/en\/puokste\/one-sided-christmas-wreath-winter-harmony\/"]}]},{"@type":"ImageObject","inLanguage":"en-US","@id":"https:\/\/www.gintaresgeles.lt\/en\/puokste\/one-sided-christmas-wreath-winter-harmony\/#primaryimage","url":"https:\/\/www.gintaresgeles.lt\/wp-content\/uploads\/2024\/10\/kaledinis-vainikai-su-papuosimais-scaled.jpg","contentUrl":"https:\/\/www.gintaresgeles.lt\/wp-content\/uploads\/2024\/10\/kaledinis-vainikai-su-papuosimais-scaled.jpg","width":2560,"height":2560,"caption":"Kal\u0117dinis vainikas su papuo\u0161imais \"\u017diemos harmonija\""},{"@type":"BreadcrumbList","@id":"https:\/\/www.gintaresgeles.lt\/en\/puokste\/one-sided-christmas-wreath-winter-harmony\/#breadcrumb","itemListElement":[{"@type":"ListItem","position":1,"name":"Prad\u017eia","item":"https:\/\/www.gintaresgeles.lt\/en\/"},{"@type":"ListItem","position":2,"name":"All flowers and other products","item":"https:\/\/www.gintaresgeles.lt\/en\/all-flowers-and-other-products\/"},{"@type":"ListItem","position":3,"name":"One-Sided Christmas Wreath &#8222;Winter Harmony&#8221;"}]},{"@type":"WebSite","@id":"https:\/\/www.gintaresgeles.lt\/en\/#website","url":"https:\/\/www.gintaresgeles.lt\/en\/","name":"gintaresgeles.lt","description":"G\u0117li\u0173 parduotuv\u0117 internete","potentialAction":[{"@type":"SearchAction","target":{"@type":"EntryPoint","urlTemplate":"https:\/\/www.gintaresgeles.lt\/en\/?s={search_term_string}"},"query-input":{"@type":"PropertyValueSpecification","valueRequired":true,"valueName":"search_term_string"}}],"inLanguage":"en-US"}]}},"_links":{"self":[{"href":"https:\/\/www.gintaresgeles.lt\/en\/wp-json\/wp\/v2\/product\/57480","targetHints":{"allow":["GET"]}}],"collection":[{"href":"https:\/\/www.gintaresgeles.lt\/en\/wp-json\/wp\/v2\/product"}],"about":[{"href":"https:\/\/www.gintaresgeles.lt\/en\/wp-json\/wp\/v2\/types\/product"}],"wp:featuredmedia":[{"embeddable":true,"href":"https:\/\/www.gintaresgeles.lt\/en\/wp-json\/wp\/v2\/media\/53170"}],"wp:attachment":[{"href":"https:\/\/www.gintaresgeles.lt\/en\/wp-json\/wp\/v2\/media?parent=57480"}],"wp:term":[{"taxonomy":"product_brand","embeddable":true,"href":"https:\/\/www.gintaresgeles.lt\/en\/wp-json\/wp\/v2\/product_brand?post=57480"},{"taxonomy":"product_cat","embeddable":true,"href":"https:\/\/www.gintaresgeles.lt\/en\/wp-json\/wp\/v2\/product_cat?post=57480"},{"taxonomy":"product_tag","embeddable":true,"href":"https:\/\/www.gintaresgeles.lt\/en\/wp-json\/wp\/v2\/product_tag?post=57480"}],"curies":[{"name":"wp","href":"https:\/\/api.w.org\/{rel}","templated":true}]}}