{"id":57489,"date":"2024-11-25T13:17:20","date_gmt":"2024-11-25T11:17:20","guid":{"rendered":"https:\/\/www.gintaresgeles.lt\/puokste\/one-sided-christmas-wreath-christmas-joy\/"},"modified":"2024-11-25T13:17:20","modified_gmt":"2024-11-25T11:17:20","slug":"one-sided-christmas-wreath-christmas-joy","status":"publish","type":"product","link":"https:\/\/www.gintaresgeles.lt\/en\/puokste\/one-sided-christmas-wreath-christmas-joy\/","title":{"rendered":"One-Sided Christmas Wreath &#8220;Christmas Joy&#8221;"},"content":{"rendered":"","protected":false},"excerpt":{"rendered":"<p>The wreath is made from pine branches and decorated with various ornaments, including red and black baubles, glittering stars, cinnamon sticks, wooden deer, and green ribbons. Every detail has been carefully selected to create a warm and cozy atmosphere in your home. This wreath will not only look great on your door or wall but will also provide a pleasant festive scent. An ideal choice for those who want to add a little magic and festive cheer to their home. The wreath&#8217;s diameter is <b>30 cm<\/b>.<\/p>\n","protected":false},"featured_media":53368,"template":"","meta":[],"product_brand":[],"product_cat":[2193,252,256,258,253,257,1964],"product_tag":[],"class_list":{"0":"post-57489","1":"product","2":"type-product","3":"status-publish","4":"has-post-thumbnail","6":"product_cat-christmas-compositions","7":"product_cat-flowers-by-recipient","8":"product_cat-flowers-for-girlfriend","9":"product_cat-flowers-for-men","10":"product_cat-flowers-for-mom","11":"product_cat-flowers-for-women","12":"product_cat-christmas-wreaths","13":"tm-has-options","15":"first","16":"outofstock","17":"taxable","18":"shipping-taxable","19":"purchasable","20":"product-type-simple"},"yoast_head":"<!-- This site is optimized with the Yoast SEO plugin v25.3 - https:\/\/yoast.com\/wordpress\/plugins\/seo\/ -->\n<title>One-Sided Christmas Wreath &quot;Christmas Joy&quot; | Gintar\u0117s G\u0117l\u0117s<\/title>\n<meta name=\"description\" content=\"Handmade Christmas wreath with various decorations. Perfect for decorating your home during the festive season.\" \/>\n<meta name=\"robots\" content=\"index, follow, max-snippet:-1, max-image-preview:large, max-video-preview:-1\" \/>\n<link rel=\"canonical\" href=\"https:\/\/www.gintaresgeles.lt\/en\/puokste\/one-sided-christmas-wreath-christmas-joy\/\" \/>\n<meta property=\"og:locale\" content=\"en_US\" \/>\n<meta property=\"og:type\" content=\"article\" \/>\n<meta property=\"og:title\" content=\"One-Sided Christmas Wreath &quot;Christmas Joy&quot; | Gintar\u0117s G\u0117l\u0117s\" \/>\n<meta property=\"og:description\" content=\"Handmade Christmas wreath with various decorations. Perfect for decorating your home during the festive season.\" \/>\n<meta property=\"og:url\" content=\"https:\/\/www.gintaresgeles.lt\/en\/puokste\/one-sided-christmas-wreath-christmas-joy\/\" \/>\n<meta property=\"og:site_name\" content=\"gintaresgeles.lt\" \/>\n<meta property=\"og:image\" content=\"https:\/\/www.gintaresgeles.lt\/wp-content\/uploads\/2024\/11\/vienpusis-kaledinis-vainikas-namams-scaled.jpg\" \/>\n\t<meta property=\"og:image:width\" content=\"2560\" \/>\n\t<meta property=\"og:image:height\" content=\"2560\" \/>\n\t<meta property=\"og:image:type\" content=\"image\/jpeg\" \/>\n<meta name=\"twitter:card\" content=\"summary_large_image\" \/>\n<script type=\"application\/ld+json\" class=\"yoast-schema-graph\">{\"@context\":\"https:\/\/schema.org\",\"@graph\":[{\"@type\":\"WebPage\",\"@id\":\"https:\/\/www.gintaresgeles.lt\/en\/puokste\/one-sided-christmas-wreath-christmas-joy\/\",\"url\":\"https:\/\/www.gintaresgeles.lt\/en\/puokste\/one-sided-christmas-wreath-christmas-joy\/\",\"name\":\"One-Sided Christmas Wreath \\\"Christmas Joy\\\" | Gintar\u0117s G\u0117l\u0117s\",\"isPartOf\":{\"@id\":\"https:\/\/www.gintaresgeles.lt\/en\/#website\"},\"primaryImageOfPage\":{\"@id\":\"https:\/\/www.gintaresgeles.lt\/en\/puokste\/one-sided-christmas-wreath-christmas-joy\/#primaryimage\"},\"image\":{\"@id\":\"https:\/\/www.gintaresgeles.lt\/en\/puokste\/one-sided-christmas-wreath-christmas-joy\/#primaryimage\"},\"thumbnailUrl\":\"https:\/\/www.gintaresgeles.lt\/wp-content\/uploads\/2024\/11\/vienpusis-kaledinis-vainikas-namams-scaled.jpg\",\"datePublished\":\"2024-11-25T11:17:20+00:00\",\"description\":\"Handmade Christmas wreath with various decorations. Perfect for decorating your home during the festive season.\",\"breadcrumb\":{\"@id\":\"https:\/\/www.gintaresgeles.lt\/en\/puokste\/one-sided-christmas-wreath-christmas-joy\/#breadcrumb\"},\"inLanguage\":\"en-US\",\"potentialAction\":[{\"@type\":\"ReadAction\",\"target\":[\"https:\/\/www.gintaresgeles.lt\/en\/puokste\/one-sided-christmas-wreath-christmas-joy\/\"]}]},{\"@type\":\"ImageObject\",\"inLanguage\":\"en-US\",\"@id\":\"https:\/\/www.gintaresgeles.lt\/en\/puokste\/one-sided-christmas-wreath-christmas-joy\/#primaryimage\",\"url\":\"https:\/\/www.gintaresgeles.lt\/wp-content\/uploads\/2024\/11\/vienpusis-kaledinis-vainikas-namams-scaled.jpg\",\"contentUrl\":\"https:\/\/www.gintaresgeles.lt\/wp-content\/uploads\/2024\/11\/vienpusis-kaledinis-vainikas-namams-scaled.jpg\",\"width\":2560,\"height\":2560,\"caption\":\"Kal\u0117dinis vainikas su papuo\u0161imais namams\"},{\"@type\":\"BreadcrumbList\",\"@id\":\"https:\/\/www.gintaresgeles.lt\/en\/puokste\/one-sided-christmas-wreath-christmas-joy\/#breadcrumb\",\"itemListElement\":[{\"@type\":\"ListItem\",\"position\":1,\"name\":\"Prad\u017eia\",\"item\":\"https:\/\/www.gintaresgeles.lt\/en\/\"},{\"@type\":\"ListItem\",\"position\":2,\"name\":\"All flowers and other products\",\"item\":\"https:\/\/www.gintaresgeles.lt\/en\/all-flowers-and-other-products\/\"},{\"@type\":\"ListItem\",\"position\":3,\"name\":\"One-Sided Christmas Wreath &#8222;Christmas Joy&#8221;\"}]},{\"@type\":\"WebSite\",\"@id\":\"https:\/\/www.gintaresgeles.lt\/en\/#website\",\"url\":\"https:\/\/www.gintaresgeles.lt\/en\/\",\"name\":\"Gintares Geles\",\"description\":\"Flower delivery in Vilnius | Same-day delivery | Gintares geles\",\"potentialAction\":[{\"@type\":\"SearchAction\",\"target\":{\"@type\":\"EntryPoint\",\"urlTemplate\":\"https:\/\/www.gintaresgeles.lt\/en\/?s={search_term_string}\"},\"query-input\":{\"@type\":\"PropertyValueSpecification\",\"valueRequired\":true,\"valueName\":\"search_term_string\"}}],\"inLanguage\":\"en-US\"}]}<\/script>\n<!-- \/ Yoast SEO plugin. -->","yoast_head_json":{"title":"One-Sided Christmas Wreath \"Christmas Joy\" | Gintar\u0117s G\u0117l\u0117s","description":"Handmade Christmas wreath with various decorations. Perfect for decorating your home during the festive season.","robots":{"index":"index","follow":"follow","max-snippet":"max-snippet:-1","max-image-preview":"max-image-preview:large","max-video-preview":"max-video-preview:-1"},"canonical":"https:\/\/www.gintaresgeles.lt\/en\/puokste\/one-sided-christmas-wreath-christmas-joy\/","og_locale":"en_US","og_type":"article","og_title":"One-Sided Christmas Wreath \"Christmas Joy\" | Gintar\u0117s G\u0117l\u0117s","og_description":"Handmade Christmas wreath with various decorations. Perfect for decorating your home during the festive season.","og_url":"https:\/\/www.gintaresgeles.lt\/en\/puokste\/one-sided-christmas-wreath-christmas-joy\/","og_site_name":"gintaresgeles.lt","og_image":[{"width":2560,"height":2560,"url":"https:\/\/www.gintaresgeles.lt\/wp-content\/uploads\/2024\/11\/vienpusis-kaledinis-vainikas-namams-scaled.jpg","type":"image\/jpeg"}],"twitter_card":"summary_large_image","schema":{"@context":"https:\/\/schema.org","@graph":[{"@type":"WebPage","@id":"https:\/\/www.gintaresgeles.lt\/en\/puokste\/one-sided-christmas-wreath-christmas-joy\/","url":"https:\/\/www.gintaresgeles.lt\/en\/puokste\/one-sided-christmas-wreath-christmas-joy\/","name":"One-Sided Christmas Wreath \"Christmas Joy\" | Gintar\u0117s G\u0117l\u0117s","isPartOf":{"@id":"https:\/\/www.gintaresgeles.lt\/en\/#website"},"primaryImageOfPage":{"@id":"https:\/\/www.gintaresgeles.lt\/en\/puokste\/one-sided-christmas-wreath-christmas-joy\/#primaryimage"},"image":{"@id":"https:\/\/www.gintaresgeles.lt\/en\/puokste\/one-sided-christmas-wreath-christmas-joy\/#primaryimage"},"thumbnailUrl":"https:\/\/www.gintaresgeles.lt\/wp-content\/uploads\/2024\/11\/vienpusis-kaledinis-vainikas-namams-scaled.jpg","datePublished":"2024-11-25T11:17:20+00:00","description":"Handmade Christmas wreath with various decorations. Perfect for decorating your home during the festive season.","breadcrumb":{"@id":"https:\/\/www.gintaresgeles.lt\/en\/puokste\/one-sided-christmas-wreath-christmas-joy\/#breadcrumb"},"inLanguage":"en-US","potentialAction":[{"@type":"ReadAction","target":["https:\/\/www.gintaresgeles.lt\/en\/puokste\/one-sided-christmas-wreath-christmas-joy\/"]}]},{"@type":"ImageObject","inLanguage":"en-US","@id":"https:\/\/www.gintaresgeles.lt\/en\/puokste\/one-sided-christmas-wreath-christmas-joy\/#primaryimage","url":"https:\/\/www.gintaresgeles.lt\/wp-content\/uploads\/2024\/11\/vienpusis-kaledinis-vainikas-namams-scaled.jpg","contentUrl":"https:\/\/www.gintaresgeles.lt\/wp-content\/uploads\/2024\/11\/vienpusis-kaledinis-vainikas-namams-scaled.jpg","width":2560,"height":2560,"caption":"Kal\u0117dinis vainikas su papuo\u0161imais namams"},{"@type":"BreadcrumbList","@id":"https:\/\/www.gintaresgeles.lt\/en\/puokste\/one-sided-christmas-wreath-christmas-joy\/#breadcrumb","itemListElement":[{"@type":"ListItem","position":1,"name":"Prad\u017eia","item":"https:\/\/www.gintaresgeles.lt\/en\/"},{"@type":"ListItem","position":2,"name":"All flowers and other products","item":"https:\/\/www.gintaresgeles.lt\/en\/all-flowers-and-other-products\/"},{"@type":"ListItem","position":3,"name":"One-Sided Christmas Wreath &#8222;Christmas Joy&#8221;"}]},{"@type":"WebSite","@id":"https:\/\/www.gintaresgeles.lt\/en\/#website","url":"https:\/\/www.gintaresgeles.lt\/en\/","name":"Gintares Geles","description":"Flower delivery in Vilnius | Same-day delivery | Gintares geles","potentialAction":[{"@type":"SearchAction","target":{"@type":"EntryPoint","urlTemplate":"https:\/\/www.gintaresgeles.lt\/en\/?s={search_term_string}"},"query-input":{"@type":"PropertyValueSpecification","valueRequired":true,"valueName":"search_term_string"}}],"inLanguage":"en-US"}]}},"_links":{"self":[{"href":"https:\/\/www.gintaresgeles.lt\/en\/wp-json\/wp\/v2\/product\/57489","targetHints":{"allow":["GET"]}}],"collection":[{"href":"https:\/\/www.gintaresgeles.lt\/en\/wp-json\/wp\/v2\/product"}],"about":[{"href":"https:\/\/www.gintaresgeles.lt\/en\/wp-json\/wp\/v2\/types\/product"}],"wp:featuredmedia":[{"embeddable":true,"href":"https:\/\/www.gintaresgeles.lt\/en\/wp-json\/wp\/v2\/media\/53368"}],"wp:attachment":[{"href":"https:\/\/www.gintaresgeles.lt\/en\/wp-json\/wp\/v2\/media?parent=57489"}],"wp:term":[{"taxonomy":"product_brand","embeddable":true,"href":"https:\/\/www.gintaresgeles.lt\/en\/wp-json\/wp\/v2\/product_brand?post=57489"},{"taxonomy":"product_cat","embeddable":true,"href":"https:\/\/www.gintaresgeles.lt\/en\/wp-json\/wp\/v2\/product_cat?post=57489"},{"taxonomy":"product_tag","embeddable":true,"href":"https:\/\/www.gintaresgeles.lt\/en\/wp-json\/wp\/v2\/product_tag?post=57489"}],"curies":[{"name":"wp","href":"https:\/\/api.w.org\/{rel}","templated":true}]}}