{"id":57536,"date":"2025-09-09T19:56:34","date_gmt":"2025-09-09T16:56:34","guid":{"rendered":"https:\/\/www.gintaresgeles.lt\/puokste\/pastel-flower-composition-in-a-pink-basket\/"},"modified":"2025-09-09T19:56:34","modified_gmt":"2025-09-09T16:56:34","slug":"pastel-flower-composition-in-a-pink-basket","status":"publish","type":"product","link":"https:\/\/www.gintaresgeles.lt\/en\/puokste\/pastel-flower-composition-in-a-pink-basket\/","title":{"rendered":"Pastel flower composition in a pink basket"},"content":{"rendered":"","protected":false},"excerpt":{"rendered":"<p>Subtle, bright, and cozy \u2013 this pastel-hued flower composition is luxuriously presented in a pink basket. Its natural beauty speaks for itself \u2013 the soft color palette provides a sense of peace, lightness, and elegance. A perfect choice if you are looking for a gift for a christening, welcoming a newborn, Mother&#8217;s Day, or any other occasion dear to the heart.<\/p>\n","protected":false},"featured_media":57107,"template":"","meta":[],"product_brand":[],"product_cat":[260,259,266,265,2184,428,262,263,264,240,246,242,267,426,1804,238],"product_tag":[],"class_list":{"0":"post-57536","1":"product","2":"type-product","3":"status-publish","4":"has-post-thumbnail","6":"product_cat-birthday-flowers","7":"product_cat-flowers-by-occasion","8":"product_cat-flowers-by-style","9":"product_cat-flowers-by-type","10":"product_cat-flowers-for-teachers-day","11":"product_cat-jubilee-flowers","12":"product_cat-march8th-flowers","13":"product_cat-mothers-day-flowers","14":"product_cat-valentines-day-flowers","15":"product_cat-alstroemerias","16":"product_cat-carnations","17":"product_cat-eustomas","18":"product_cat-flower-boxes","19":"product_cat-freesias","20":"product_cat-gypsophila","21":"product_cat-roses","22":"tm-has-options","24":"first","25":"instock","26":"taxable","27":"shipping-taxable","28":"purchasable","29":"product-type-simple"},"yoast_head":"<!-- This site is optimized with the Yoast SEO plugin v25.3 - https:\/\/yoast.com\/wordpress\/plugins\/seo\/ -->\n<title>Pastel flower composition in a pink basket | Gintar\u0117s G\u0117l\u0117s<\/title>\n<meta name=\"description\" content=\"Elegant pink basket with pastel-colored flowers \u2013 a stylish and gentle gift for any occasion that leaves an impression.\" \/>\n<meta name=\"robots\" content=\"index, follow, max-snippet:-1, max-image-preview:large, max-video-preview:-1\" \/>\n<link rel=\"canonical\" href=\"https:\/\/www.gintaresgeles.lt\/en\/puokste\/pastel-flower-composition-in-a-pink-basket\/\" \/>\n<meta property=\"og:locale\" content=\"en_US\" \/>\n<meta property=\"og:type\" content=\"article\" \/>\n<meta property=\"og:title\" content=\"Pastel flower composition in a pink basket | Gintar\u0117s G\u0117l\u0117s\" \/>\n<meta property=\"og:description\" content=\"Elegant pink basket with pastel-colored flowers \u2013 a stylish and gentle gift for any occasion that leaves an impression.\" \/>\n<meta property=\"og:url\" content=\"https:\/\/www.gintaresgeles.lt\/en\/puokste\/pastel-flower-composition-in-a-pink-basket\/\" \/>\n<meta property=\"og:site_name\" content=\"gintaresgeles.lt\" \/>\n<meta property=\"og:image\" content=\"https:\/\/www.gintaresgeles.lt\/wp-content\/uploads\/2025\/05\/pasteliniu-spalvu-geles-roziniame-krepselyje-scaled.jpg\" \/>\n\t<meta property=\"og:image:width\" content=\"2560\" \/>\n\t<meta property=\"og:image:height\" content=\"2560\" \/>\n\t<meta property=\"og:image:type\" content=\"image\/jpeg\" \/>\n<meta name=\"twitter:card\" content=\"summary_large_image\" \/>\n<script type=\"application\/ld+json\" class=\"yoast-schema-graph\">{\"@context\":\"https:\/\/schema.org\",\"@graph\":[{\"@type\":\"WebPage\",\"@id\":\"https:\/\/www.gintaresgeles.lt\/en\/puokste\/pastel-flower-composition-in-a-pink-basket\/\",\"url\":\"https:\/\/www.gintaresgeles.lt\/en\/puokste\/pastel-flower-composition-in-a-pink-basket\/\",\"name\":\"Pastel flower composition in a pink basket | Gintar\u0117s G\u0117l\u0117s\",\"isPartOf\":{\"@id\":\"https:\/\/www.gintaresgeles.lt\/en\/#website\"},\"primaryImageOfPage\":{\"@id\":\"https:\/\/www.gintaresgeles.lt\/en\/puokste\/pastel-flower-composition-in-a-pink-basket\/#primaryimage\"},\"image\":{\"@id\":\"https:\/\/www.gintaresgeles.lt\/en\/puokste\/pastel-flower-composition-in-a-pink-basket\/#primaryimage\"},\"thumbnailUrl\":\"https:\/\/www.gintaresgeles.lt\/wp-content\/uploads\/2025\/05\/pasteliniu-spalvu-geles-roziniame-krepselyje-scaled.jpg\",\"datePublished\":\"2025-09-09T16:56:34+00:00\",\"description\":\"Elegant pink basket with pastel-colored flowers \u2013 a stylish and gentle gift for any occasion that leaves an impression.\",\"breadcrumb\":{\"@id\":\"https:\/\/www.gintaresgeles.lt\/en\/puokste\/pastel-flower-composition-in-a-pink-basket\/#breadcrumb\"},\"inLanguage\":\"en-US\",\"potentialAction\":[{\"@type\":\"ReadAction\",\"target\":[\"https:\/\/www.gintaresgeles.lt\/en\/puokste\/pastel-flower-composition-in-a-pink-basket\/\"]}]},{\"@type\":\"ImageObject\",\"inLanguage\":\"en-US\",\"@id\":\"https:\/\/www.gintaresgeles.lt\/en\/puokste\/pastel-flower-composition-in-a-pink-basket\/#primaryimage\",\"url\":\"https:\/\/www.gintaresgeles.lt\/wp-content\/uploads\/2025\/05\/pasteliniu-spalvu-geles-roziniame-krepselyje-scaled.jpg\",\"contentUrl\":\"https:\/\/www.gintaresgeles.lt\/wp-content\/uploads\/2025\/05\/pasteliniu-spalvu-geles-roziniame-krepselyje-scaled.jpg\",\"width\":2560,\"height\":2560,\"caption\":\"Pastelini\u0173 g\u0117li\u0173 kompozicija d\u0117\u017eut\u0117je merginai\"},{\"@type\":\"BreadcrumbList\",\"@id\":\"https:\/\/www.gintaresgeles.lt\/en\/puokste\/pastel-flower-composition-in-a-pink-basket\/#breadcrumb\",\"itemListElement\":[{\"@type\":\"ListItem\",\"position\":1,\"name\":\"Prad\u017eia\",\"item\":\"https:\/\/www.gintaresgeles.lt\/en\/\"},{\"@type\":\"ListItem\",\"position\":2,\"name\":\"All flowers and other products\",\"item\":\"https:\/\/www.gintaresgeles.lt\/en\/all-flowers-and-other-products\/\"},{\"@type\":\"ListItem\",\"position\":3,\"name\":\"Pastel flower composition in a pink basket\"}]},{\"@type\":\"WebSite\",\"@id\":\"https:\/\/www.gintaresgeles.lt\/en\/#website\",\"url\":\"https:\/\/www.gintaresgeles.lt\/en\/\",\"name\":\"gintaresgeles.lt\",\"description\":\"G\u0117li\u0173 parduotuv\u0117 internete\",\"potentialAction\":[{\"@type\":\"SearchAction\",\"target\":{\"@type\":\"EntryPoint\",\"urlTemplate\":\"https:\/\/www.gintaresgeles.lt\/en\/?s={search_term_string}\"},\"query-input\":{\"@type\":\"PropertyValueSpecification\",\"valueRequired\":true,\"valueName\":\"search_term_string\"}}],\"inLanguage\":\"en-US\"}]}<\/script>\n<!-- \/ Yoast SEO plugin. -->","yoast_head_json":{"title":"Pastel flower composition in a pink basket | Gintar\u0117s G\u0117l\u0117s","description":"Elegant pink basket with pastel-colored flowers \u2013 a stylish and gentle gift for any occasion that leaves an impression.","robots":{"index":"index","follow":"follow","max-snippet":"max-snippet:-1","max-image-preview":"max-image-preview:large","max-video-preview":"max-video-preview:-1"},"canonical":"https:\/\/www.gintaresgeles.lt\/en\/puokste\/pastel-flower-composition-in-a-pink-basket\/","og_locale":"en_US","og_type":"article","og_title":"Pastel flower composition in a pink basket | Gintar\u0117s G\u0117l\u0117s","og_description":"Elegant pink basket with pastel-colored flowers \u2013 a stylish and gentle gift for any occasion that leaves an impression.","og_url":"https:\/\/www.gintaresgeles.lt\/en\/puokste\/pastel-flower-composition-in-a-pink-basket\/","og_site_name":"gintaresgeles.lt","og_image":[{"width":2560,"height":2560,"url":"https:\/\/www.gintaresgeles.lt\/wp-content\/uploads\/2025\/05\/pasteliniu-spalvu-geles-roziniame-krepselyje-scaled.jpg","type":"image\/jpeg"}],"twitter_card":"summary_large_image","schema":{"@context":"https:\/\/schema.org","@graph":[{"@type":"WebPage","@id":"https:\/\/www.gintaresgeles.lt\/en\/puokste\/pastel-flower-composition-in-a-pink-basket\/","url":"https:\/\/www.gintaresgeles.lt\/en\/puokste\/pastel-flower-composition-in-a-pink-basket\/","name":"Pastel flower composition in a pink basket | Gintar\u0117s G\u0117l\u0117s","isPartOf":{"@id":"https:\/\/www.gintaresgeles.lt\/en\/#website"},"primaryImageOfPage":{"@id":"https:\/\/www.gintaresgeles.lt\/en\/puokste\/pastel-flower-composition-in-a-pink-basket\/#primaryimage"},"image":{"@id":"https:\/\/www.gintaresgeles.lt\/en\/puokste\/pastel-flower-composition-in-a-pink-basket\/#primaryimage"},"thumbnailUrl":"https:\/\/www.gintaresgeles.lt\/wp-content\/uploads\/2025\/05\/pasteliniu-spalvu-geles-roziniame-krepselyje-scaled.jpg","datePublished":"2025-09-09T16:56:34+00:00","description":"Elegant pink basket with pastel-colored flowers \u2013 a stylish and gentle gift for any occasion that leaves an impression.","breadcrumb":{"@id":"https:\/\/www.gintaresgeles.lt\/en\/puokste\/pastel-flower-composition-in-a-pink-basket\/#breadcrumb"},"inLanguage":"en-US","potentialAction":[{"@type":"ReadAction","target":["https:\/\/www.gintaresgeles.lt\/en\/puokste\/pastel-flower-composition-in-a-pink-basket\/"]}]},{"@type":"ImageObject","inLanguage":"en-US","@id":"https:\/\/www.gintaresgeles.lt\/en\/puokste\/pastel-flower-composition-in-a-pink-basket\/#primaryimage","url":"https:\/\/www.gintaresgeles.lt\/wp-content\/uploads\/2025\/05\/pasteliniu-spalvu-geles-roziniame-krepselyje-scaled.jpg","contentUrl":"https:\/\/www.gintaresgeles.lt\/wp-content\/uploads\/2025\/05\/pasteliniu-spalvu-geles-roziniame-krepselyje-scaled.jpg","width":2560,"height":2560,"caption":"Pastelini\u0173 g\u0117li\u0173 kompozicija d\u0117\u017eut\u0117je merginai"},{"@type":"BreadcrumbList","@id":"https:\/\/www.gintaresgeles.lt\/en\/puokste\/pastel-flower-composition-in-a-pink-basket\/#breadcrumb","itemListElement":[{"@type":"ListItem","position":1,"name":"Prad\u017eia","item":"https:\/\/www.gintaresgeles.lt\/en\/"},{"@type":"ListItem","position":2,"name":"All flowers and other products","item":"https:\/\/www.gintaresgeles.lt\/en\/all-flowers-and-other-products\/"},{"@type":"ListItem","position":3,"name":"Pastel flower composition in a pink basket"}]},{"@type":"WebSite","@id":"https:\/\/www.gintaresgeles.lt\/en\/#website","url":"https:\/\/www.gintaresgeles.lt\/en\/","name":"gintaresgeles.lt","description":"G\u0117li\u0173 parduotuv\u0117 internete","potentialAction":[{"@type":"SearchAction","target":{"@type":"EntryPoint","urlTemplate":"https:\/\/www.gintaresgeles.lt\/en\/?s={search_term_string}"},"query-input":{"@type":"PropertyValueSpecification","valueRequired":true,"valueName":"search_term_string"}}],"inLanguage":"en-US"}]}},"_links":{"self":[{"href":"https:\/\/www.gintaresgeles.lt\/en\/wp-json\/wp\/v2\/product\/57536","targetHints":{"allow":["GET"]}}],"collection":[{"href":"https:\/\/www.gintaresgeles.lt\/en\/wp-json\/wp\/v2\/product"}],"about":[{"href":"https:\/\/www.gintaresgeles.lt\/en\/wp-json\/wp\/v2\/types\/product"}],"wp:featuredmedia":[{"embeddable":true,"href":"https:\/\/www.gintaresgeles.lt\/en\/wp-json\/wp\/v2\/media\/57107"}],"wp:attachment":[{"href":"https:\/\/www.gintaresgeles.lt\/en\/wp-json\/wp\/v2\/media?parent=57536"}],"wp:term":[{"taxonomy":"product_brand","embeddable":true,"href":"https:\/\/www.gintaresgeles.lt\/en\/wp-json\/wp\/v2\/product_brand?post=57536"},{"taxonomy":"product_cat","embeddable":true,"href":"https:\/\/www.gintaresgeles.lt\/en\/wp-json\/wp\/v2\/product_cat?post=57536"},{"taxonomy":"product_tag","embeddable":true,"href":"https:\/\/www.gintaresgeles.lt\/en\/wp-json\/wp\/v2\/product_tag?post=57536"}],"curies":[{"name":"wp","href":"https:\/\/api.w.org\/{rel}","templated":true}]}}