{"id":57537,"date":"2025-02-07T09:48:27","date_gmt":"2025-02-07T07:48:27","guid":{"rendered":"https:\/\/www.gintaresgeles.lt\/puokste\/rose-bouquet-gentle-moment\/"},"modified":"2026-01-19T17:14:19","modified_gmt":"2026-01-19T15:14:19","slug":"rose-bouquet-gentle-moment","status":"publish","type":"product","link":"https:\/\/www.gintaresgeles.lt\/en\/puokste\/rose-bouquet-gentle-moment\/","title":{"rendered":"Rose Bouquet &#8220;Gentle Moment&#8221;"},"content":{"rendered":"","protected":false},"excerpt":{"rendered":"<p>An elegant rose bouquet combining delicate pink and white roses, symbolizing love, tenderness, and purity. This bouquet is perfect for romantic occasions, birthdays, or other important moments. Its gentle colors and exceptional beauty will create an unforgettable atmosphere and warm the heart.<\/p>\n<p>Quantity of roses &#8211; <b>9 pcs<\/b>.<\/p>\n<p>The flowers are placed in a florist&#8217;s foam \u2013 an oasis, so there is no need to worry about a vase.<\/p>\n<p><em>To achieve the finest aesthetic result, we coordinate the packaging with our current selection. We are replacing the deep purple with an elegant light-toned paper \u2014 a combination that maintains the bouquet\u2019s luxury while adding a touch of subtle radiance.<\/em><\/p>\n","protected":false},"featured_media":54130,"template":"","meta":[],"product_brand":[],"product_cat":[261,260,259,252,266,265,256,253,2184,2183,257,428,262,263,651,264,908,268,2179,238],"product_tag":[],"class_list":{"0":"post-57537","1":"product","2":"type-product","3":"status-publish","4":"has-post-thumbnail","6":"product_cat-birthday-bouquets","7":"product_cat-birthday-flowers","8":"product_cat-flowers-by-occasion","9":"product_cat-flowers-by-recipient","10":"product_cat-flowers-by-style","11":"product_cat-flowers-by-type","12":"product_cat-flowers-for-girlfriend","13":"product_cat-flowers-for-mom","14":"product_cat-flowers-for-teachers-day","15":"product_cat-flowers-for-teachers","16":"product_cat-flowers-for-women","17":"product_cat-jubilee-flowers","18":"product_cat-march8th-flowers","19":"product_cat-mothers-day-flowers","20":"product_cat-pink-roses","21":"product_cat-valentines-day-flowers","22":"product_cat-white-roses","23":"product_cat-flower-bouquets","24":"product_cat-flowers-in-exclusive-packaging","25":"product_cat-roses","26":"tm-has-options","28":"first","29":"instock","30":"taxable","31":"shipping-taxable","32":"purchasable","33":"product-type-simple"},"yoast_head":"<!-- This site is optimized with the Yoast SEO plugin v25.3 - https:\/\/yoast.com\/wordpress\/plugins\/seo\/ -->\n<title>Rose Bouquet &quot;Gentle Moment&quot; | Flowers in Vilnius | Gintar\u0117s G\u0117l\u0117s<\/title>\n<meta name=\"description\" content=\"The Rose Bouquet &quot;Gentle Moment&quot; with pink and white roses is perfect for romantic occasions or as a gift for loved ones.\" \/>\n<meta name=\"robots\" content=\"index, follow, max-snippet:-1, max-image-preview:large, max-video-preview:-1\" \/>\n<link rel=\"canonical\" href=\"https:\/\/www.gintaresgeles.lt\/en\/puokste\/rose-bouquet-gentle-moment\/\" \/>\n<meta property=\"og:locale\" content=\"en_US\" \/>\n<meta property=\"og:type\" content=\"article\" \/>\n<meta property=\"og:title\" content=\"Rose Bouquet &quot;Gentle Moment&quot; | Flowers in Vilnius | Gintar\u0117s G\u0117l\u0117s\" \/>\n<meta property=\"og:description\" content=\"The Rose Bouquet &quot;Gentle Moment&quot; with pink and white roses is perfect for romantic occasions or as a gift for loved ones.\" \/>\n<meta property=\"og:url\" content=\"https:\/\/www.gintaresgeles.lt\/en\/puokste\/rose-bouquet-gentle-moment\/\" \/>\n<meta property=\"og:site_name\" content=\"gintaresgeles.lt\" \/>\n<meta property=\"article:modified_time\" content=\"2026-01-19T15:14:19+00:00\" \/>\n<meta property=\"og:image\" content=\"https:\/\/www.gintaresgeles.lt\/wp-content\/uploads\/2025\/02\/roziu-puokste-baltos-ir-rozines-rozes-isskirtiniame-ipakavime-scaled.jpg\" \/>\n\t<meta property=\"og:image:width\" content=\"2560\" \/>\n\t<meta property=\"og:image:height\" content=\"2560\" \/>\n\t<meta property=\"og:image:type\" content=\"image\/jpeg\" \/>\n<meta name=\"twitter:card\" content=\"summary_large_image\" \/>\n<script type=\"application\/ld+json\" class=\"yoast-schema-graph\">{\"@context\":\"https:\/\/schema.org\",\"@graph\":[{\"@type\":\"WebPage\",\"@id\":\"https:\/\/www.gintaresgeles.lt\/en\/puokste\/rose-bouquet-gentle-moment\/\",\"url\":\"https:\/\/www.gintaresgeles.lt\/en\/puokste\/rose-bouquet-gentle-moment\/\",\"name\":\"Rose Bouquet \\\"Gentle Moment\\\" | Flowers in Vilnius | Gintar\u0117s G\u0117l\u0117s\",\"isPartOf\":{\"@id\":\"https:\/\/www.gintaresgeles.lt\/en\/#website\"},\"primaryImageOfPage\":{\"@id\":\"https:\/\/www.gintaresgeles.lt\/en\/puokste\/rose-bouquet-gentle-moment\/#primaryimage\"},\"image\":{\"@id\":\"https:\/\/www.gintaresgeles.lt\/en\/puokste\/rose-bouquet-gentle-moment\/#primaryimage\"},\"thumbnailUrl\":\"https:\/\/www.gintaresgeles.lt\/wp-content\/uploads\/2025\/02\/roziu-puokste-baltos-ir-rozines-rozes-isskirtiniame-ipakavime-scaled.jpg\",\"datePublished\":\"2025-02-07T07:48:27+00:00\",\"dateModified\":\"2026-01-19T15:14:19+00:00\",\"description\":\"The Rose Bouquet \\\"Gentle Moment\\\" with pink and white roses is perfect for romantic occasions or as a gift for loved ones.\",\"breadcrumb\":{\"@id\":\"https:\/\/www.gintaresgeles.lt\/en\/puokste\/rose-bouquet-gentle-moment\/#breadcrumb\"},\"inLanguage\":\"en-US\",\"potentialAction\":[{\"@type\":\"ReadAction\",\"target\":[\"https:\/\/www.gintaresgeles.lt\/en\/puokste\/rose-bouquet-gentle-moment\/\"]}]},{\"@type\":\"ImageObject\",\"inLanguage\":\"en-US\",\"@id\":\"https:\/\/www.gintaresgeles.lt\/en\/puokste\/rose-bouquet-gentle-moment\/#primaryimage\",\"url\":\"https:\/\/www.gintaresgeles.lt\/wp-content\/uploads\/2025\/02\/roziu-puokste-baltos-ir-rozines-rozes-isskirtiniame-ipakavime-scaled.jpg\",\"contentUrl\":\"https:\/\/www.gintaresgeles.lt\/wp-content\/uploads\/2025\/02\/roziu-puokste-baltos-ir-rozines-rozes-isskirtiniame-ipakavime-scaled.jpg\",\"width\":2560,\"height\":2560,\"caption\":\"Ro\u017ein\u0117s ir baltos ro\u017e\u0117s i\u0161skirtiniame \u012fpakavime g\u0117l\u0117s merginai valentino dienai\"},{\"@type\":\"BreadcrumbList\",\"@id\":\"https:\/\/www.gintaresgeles.lt\/en\/puokste\/rose-bouquet-gentle-moment\/#breadcrumb\",\"itemListElement\":[{\"@type\":\"ListItem\",\"position\":1,\"name\":\"Prad\u017eia\",\"item\":\"https:\/\/www.gintaresgeles.lt\/en\/\"},{\"@type\":\"ListItem\",\"position\":2,\"name\":\"All flowers and other products\",\"item\":\"https:\/\/www.gintaresgeles.lt\/en\/all-flowers-and-other-products\/\"},{\"@type\":\"ListItem\",\"position\":3,\"name\":\"Rose Bouquet &#8222;Gentle Moment&#8221;\"}]},{\"@type\":\"WebSite\",\"@id\":\"https:\/\/www.gintaresgeles.lt\/en\/#website\",\"url\":\"https:\/\/www.gintaresgeles.lt\/en\/\",\"name\":\"gintaresgeles.lt\",\"description\":\"G\u0117li\u0173 parduotuv\u0117 internete\",\"potentialAction\":[{\"@type\":\"SearchAction\",\"target\":{\"@type\":\"EntryPoint\",\"urlTemplate\":\"https:\/\/www.gintaresgeles.lt\/en\/?s={search_term_string}\"},\"query-input\":{\"@type\":\"PropertyValueSpecification\",\"valueRequired\":true,\"valueName\":\"search_term_string\"}}],\"inLanguage\":\"en-US\"}]}<\/script>\n<!-- \/ Yoast SEO plugin. -->","yoast_head_json":{"title":"Rose Bouquet \"Gentle Moment\" | Flowers in Vilnius | Gintar\u0117s G\u0117l\u0117s","description":"The Rose Bouquet \"Gentle Moment\" with pink and white roses is perfect for romantic occasions or as a gift for loved ones.","robots":{"index":"index","follow":"follow","max-snippet":"max-snippet:-1","max-image-preview":"max-image-preview:large","max-video-preview":"max-video-preview:-1"},"canonical":"https:\/\/www.gintaresgeles.lt\/en\/puokste\/rose-bouquet-gentle-moment\/","og_locale":"en_US","og_type":"article","og_title":"Rose Bouquet \"Gentle Moment\" | Flowers in Vilnius | Gintar\u0117s G\u0117l\u0117s","og_description":"The Rose Bouquet \"Gentle Moment\" with pink and white roses is perfect for romantic occasions or as a gift for loved ones.","og_url":"https:\/\/www.gintaresgeles.lt\/en\/puokste\/rose-bouquet-gentle-moment\/","og_site_name":"gintaresgeles.lt","article_modified_time":"2026-01-19T15:14:19+00:00","og_image":[{"width":2560,"height":2560,"url":"https:\/\/www.gintaresgeles.lt\/wp-content\/uploads\/2025\/02\/roziu-puokste-baltos-ir-rozines-rozes-isskirtiniame-ipakavime-scaled.jpg","type":"image\/jpeg"}],"twitter_card":"summary_large_image","schema":{"@context":"https:\/\/schema.org","@graph":[{"@type":"WebPage","@id":"https:\/\/www.gintaresgeles.lt\/en\/puokste\/rose-bouquet-gentle-moment\/","url":"https:\/\/www.gintaresgeles.lt\/en\/puokste\/rose-bouquet-gentle-moment\/","name":"Rose Bouquet \"Gentle Moment\" | Flowers in Vilnius | Gintar\u0117s G\u0117l\u0117s","isPartOf":{"@id":"https:\/\/www.gintaresgeles.lt\/en\/#website"},"primaryImageOfPage":{"@id":"https:\/\/www.gintaresgeles.lt\/en\/puokste\/rose-bouquet-gentle-moment\/#primaryimage"},"image":{"@id":"https:\/\/www.gintaresgeles.lt\/en\/puokste\/rose-bouquet-gentle-moment\/#primaryimage"},"thumbnailUrl":"https:\/\/www.gintaresgeles.lt\/wp-content\/uploads\/2025\/02\/roziu-puokste-baltos-ir-rozines-rozes-isskirtiniame-ipakavime-scaled.jpg","datePublished":"2025-02-07T07:48:27+00:00","dateModified":"2026-01-19T15:14:19+00:00","description":"The Rose Bouquet \"Gentle Moment\" with pink and white roses is perfect for romantic occasions or as a gift for loved ones.","breadcrumb":{"@id":"https:\/\/www.gintaresgeles.lt\/en\/puokste\/rose-bouquet-gentle-moment\/#breadcrumb"},"inLanguage":"en-US","potentialAction":[{"@type":"ReadAction","target":["https:\/\/www.gintaresgeles.lt\/en\/puokste\/rose-bouquet-gentle-moment\/"]}]},{"@type":"ImageObject","inLanguage":"en-US","@id":"https:\/\/www.gintaresgeles.lt\/en\/puokste\/rose-bouquet-gentle-moment\/#primaryimage","url":"https:\/\/www.gintaresgeles.lt\/wp-content\/uploads\/2025\/02\/roziu-puokste-baltos-ir-rozines-rozes-isskirtiniame-ipakavime-scaled.jpg","contentUrl":"https:\/\/www.gintaresgeles.lt\/wp-content\/uploads\/2025\/02\/roziu-puokste-baltos-ir-rozines-rozes-isskirtiniame-ipakavime-scaled.jpg","width":2560,"height":2560,"caption":"Ro\u017ein\u0117s ir baltos ro\u017e\u0117s i\u0161skirtiniame \u012fpakavime g\u0117l\u0117s merginai valentino dienai"},{"@type":"BreadcrumbList","@id":"https:\/\/www.gintaresgeles.lt\/en\/puokste\/rose-bouquet-gentle-moment\/#breadcrumb","itemListElement":[{"@type":"ListItem","position":1,"name":"Prad\u017eia","item":"https:\/\/www.gintaresgeles.lt\/en\/"},{"@type":"ListItem","position":2,"name":"All flowers and other products","item":"https:\/\/www.gintaresgeles.lt\/en\/all-flowers-and-other-products\/"},{"@type":"ListItem","position":3,"name":"Rose Bouquet &#8222;Gentle Moment&#8221;"}]},{"@type":"WebSite","@id":"https:\/\/www.gintaresgeles.lt\/en\/#website","url":"https:\/\/www.gintaresgeles.lt\/en\/","name":"gintaresgeles.lt","description":"G\u0117li\u0173 parduotuv\u0117 internete","potentialAction":[{"@type":"SearchAction","target":{"@type":"EntryPoint","urlTemplate":"https:\/\/www.gintaresgeles.lt\/en\/?s={search_term_string}"},"query-input":{"@type":"PropertyValueSpecification","valueRequired":true,"valueName":"search_term_string"}}],"inLanguage":"en-US"}]}},"_links":{"self":[{"href":"https:\/\/www.gintaresgeles.lt\/en\/wp-json\/wp\/v2\/product\/57537","targetHints":{"allow":["GET"]}}],"collection":[{"href":"https:\/\/www.gintaresgeles.lt\/en\/wp-json\/wp\/v2\/product"}],"about":[{"href":"https:\/\/www.gintaresgeles.lt\/en\/wp-json\/wp\/v2\/types\/product"}],"wp:featuredmedia":[{"embeddable":true,"href":"https:\/\/www.gintaresgeles.lt\/en\/wp-json\/wp\/v2\/media\/54130"}],"wp:attachment":[{"href":"https:\/\/www.gintaresgeles.lt\/en\/wp-json\/wp\/v2\/media?parent=57537"}],"wp:term":[{"taxonomy":"product_brand","embeddable":true,"href":"https:\/\/www.gintaresgeles.lt\/en\/wp-json\/wp\/v2\/product_brand?post=57537"},{"taxonomy":"product_cat","embeddable":true,"href":"https:\/\/www.gintaresgeles.lt\/en\/wp-json\/wp\/v2\/product_cat?post=57537"},{"taxonomy":"product_tag","embeddable":true,"href":"https:\/\/www.gintaresgeles.lt\/en\/wp-json\/wp\/v2\/product_tag?post=57537"}],"curies":[{"name":"wp","href":"https:\/\/api.w.org\/{rel}","templated":true}]}}