{"id":57555,"date":"2025-11-15T08:15:24","date_gmt":"2025-11-15T06:15:24","guid":{"rendered":"https:\/\/www.gintaresgeles.lt\/puokste\/festive-red-rose-elegance\/"},"modified":"2025-11-15T08:15:24","modified_gmt":"2025-11-15T06:15:24","slug":"festive-red-rose-elegance","status":"publish","type":"product","link":"https:\/\/www.gintaresgeles.lt\/en\/puokste\/festive-red-rose-elegance\/","title":{"rendered":"Festive Red Rose Elegance"},"content":{"rendered":"","protected":false},"excerpt":{"rendered":"<p>An exceptionally festive and elegant bouquet created from bright red roses, fragrant eucalyptus, soft cotton, delicate freesia, carnations, and expressive leucadendron. This is a harmonious blend of combinations, perfect for special occasions, holidays, or simply conveying warmth and distinction.<\/p>\n<p>We create the arrangement using available blooms, carefully matching colors and shapes so that the composition is as close as possible to the example provided in the photo.<\/p>\n","protected":false},"featured_media":57525,"template":"","meta":[],"product_brand":[],"product_cat":[261,260,259,252,266,265,256,258,253,257,428,891,246,268,1966,426,238],"product_tag":[],"class_list":{"0":"post-57555","1":"product","2":"type-product","3":"status-publish","4":"has-post-thumbnail","6":"product_cat-birthday-bouquets","7":"product_cat-birthday-flowers","8":"product_cat-flowers-by-occasion","9":"product_cat-flowers-by-recipient","10":"product_cat-flowers-by-style","11":"product_cat-flowers-by-type","12":"product_cat-flowers-for-girlfriend","13":"product_cat-flowers-for-men","14":"product_cat-flowers-for-mom","15":"product_cat-flowers-for-women","16":"product_cat-jubilee-flowers","17":"product_cat-red-roses","18":"product_cat-carnations","19":"product_cat-flower-bouquets","20":"product_cat-flowers-wrapped-in-paper","21":"product_cat-freesias","22":"product_cat-roses","23":"tm-has-options","25":"first","26":"outofstock","27":"taxable","28":"shipping-taxable","29":"purchasable","30":"product-type-simple"},"yoast_head":"<!-- This site is optimized with the Yoast SEO plugin v25.3 - https:\/\/yoast.com\/wordpress\/plugins\/seo\/ -->\n<title>Festive Red Rose Elegance | Gintar\u0117s G\u0117l\u0117s<\/title>\n<meta name=\"description\" content=\"The festive bouquet radiates elegance and coziness, subtly blending luxury with tenderness. A refined choice that creates a festive mood.\" \/>\n<meta name=\"robots\" content=\"index, follow, max-snippet:-1, max-image-preview:large, max-video-preview:-1\" \/>\n<link rel=\"canonical\" href=\"https:\/\/www.gintaresgeles.lt\/en\/puokste\/festive-red-rose-elegance\/\" \/>\n<meta property=\"og:locale\" content=\"en_US\" \/>\n<meta property=\"og:type\" content=\"article\" \/>\n<meta property=\"og:title\" content=\"Festive Red Rose Elegance | Gintar\u0117s G\u0117l\u0117s\" \/>\n<meta property=\"og:description\" content=\"The festive bouquet radiates elegance and coziness, subtly blending luxury with tenderness. A refined choice that creates a festive mood.\" \/>\n<meta property=\"og:url\" content=\"https:\/\/www.gintaresgeles.lt\/en\/puokste\/festive-red-rose-elegance\/\" \/>\n<meta property=\"og:site_name\" content=\"gintaresgeles.lt\" \/>\n<meta property=\"og:image\" content=\"https:\/\/www.gintaresgeles.lt\/wp-content\/uploads\/2025\/11\/viber_image_2025-11-14_16-04-45-613.jpg\" \/>\n\t<meta property=\"og:image:width\" content=\"1600\" \/>\n\t<meta property=\"og:image:height\" content=\"1537\" \/>\n\t<meta property=\"og:image:type\" content=\"image\/jpeg\" \/>\n<meta name=\"twitter:card\" content=\"summary_large_image\" \/>\n<script type=\"application\/ld+json\" class=\"yoast-schema-graph\">{\"@context\":\"https:\/\/schema.org\",\"@graph\":[{\"@type\":\"WebPage\",\"@id\":\"https:\/\/www.gintaresgeles.lt\/en\/puokste\/festive-red-rose-elegance\/\",\"url\":\"https:\/\/www.gintaresgeles.lt\/en\/puokste\/festive-red-rose-elegance\/\",\"name\":\"Festive Red Rose Elegance | Gintar\u0117s G\u0117l\u0117s\",\"isPartOf\":{\"@id\":\"https:\/\/www.gintaresgeles.lt\/en\/#website\"},\"primaryImageOfPage\":{\"@id\":\"https:\/\/www.gintaresgeles.lt\/en\/puokste\/festive-red-rose-elegance\/#primaryimage\"},\"image\":{\"@id\":\"https:\/\/www.gintaresgeles.lt\/en\/puokste\/festive-red-rose-elegance\/#primaryimage\"},\"thumbnailUrl\":\"https:\/\/www.gintaresgeles.lt\/wp-content\/uploads\/2025\/11\/viber_image_2025-11-14_16-04-45-613.jpg\",\"datePublished\":\"2025-11-15T06:15:24+00:00\",\"description\":\"The festive bouquet radiates elegance and coziness, subtly blending luxury with tenderness. A refined choice that creates a festive mood.\",\"breadcrumb\":{\"@id\":\"https:\/\/www.gintaresgeles.lt\/en\/puokste\/festive-red-rose-elegance\/#breadcrumb\"},\"inLanguage\":\"en-US\",\"potentialAction\":[{\"@type\":\"ReadAction\",\"target\":[\"https:\/\/www.gintaresgeles.lt\/en\/puokste\/festive-red-rose-elegance\/\"]}]},{\"@type\":\"ImageObject\",\"inLanguage\":\"en-US\",\"@id\":\"https:\/\/www.gintaresgeles.lt\/en\/puokste\/festive-red-rose-elegance\/#primaryimage\",\"url\":\"https:\/\/www.gintaresgeles.lt\/wp-content\/uploads\/2025\/11\/viber_image_2025-11-14_16-04-45-613.jpg\",\"contentUrl\":\"https:\/\/www.gintaresgeles.lt\/wp-content\/uploads\/2025\/11\/viber_image_2025-11-14_16-04-45-613.jpg\",\"width\":1600,\"height\":1537,\"caption\":\"\u0160ventin\u0117 raudon\u0173 ro\u017ei\u0173 elegancija\"},{\"@type\":\"BreadcrumbList\",\"@id\":\"https:\/\/www.gintaresgeles.lt\/en\/puokste\/festive-red-rose-elegance\/#breadcrumb\",\"itemListElement\":[{\"@type\":\"ListItem\",\"position\":1,\"name\":\"Prad\u017eia\",\"item\":\"https:\/\/www.gintaresgeles.lt\/en\/\"},{\"@type\":\"ListItem\",\"position\":2,\"name\":\"All flowers and other products\",\"item\":\"https:\/\/www.gintaresgeles.lt\/en\/all-flowers-and-other-products\/\"},{\"@type\":\"ListItem\",\"position\":3,\"name\":\"Festive Red Rose Elegance\"}]},{\"@type\":\"WebSite\",\"@id\":\"https:\/\/www.gintaresgeles.lt\/en\/#website\",\"url\":\"https:\/\/www.gintaresgeles.lt\/en\/\",\"name\":\"gintaresgeles.lt\",\"description\":\"G\u0117li\u0173 parduotuv\u0117 internete\",\"potentialAction\":[{\"@type\":\"SearchAction\",\"target\":{\"@type\":\"EntryPoint\",\"urlTemplate\":\"https:\/\/www.gintaresgeles.lt\/en\/?s={search_term_string}\"},\"query-input\":{\"@type\":\"PropertyValueSpecification\",\"valueRequired\":true,\"valueName\":\"search_term_string\"}}],\"inLanguage\":\"en-US\"}]}<\/script>\n<!-- \/ Yoast SEO plugin. -->","yoast_head_json":{"title":"Festive Red Rose Elegance | Gintar\u0117s G\u0117l\u0117s","description":"The festive bouquet radiates elegance and coziness, subtly blending luxury with tenderness. A refined choice that creates a festive mood.","robots":{"index":"index","follow":"follow","max-snippet":"max-snippet:-1","max-image-preview":"max-image-preview:large","max-video-preview":"max-video-preview:-1"},"canonical":"https:\/\/www.gintaresgeles.lt\/en\/puokste\/festive-red-rose-elegance\/","og_locale":"en_US","og_type":"article","og_title":"Festive Red Rose Elegance | Gintar\u0117s G\u0117l\u0117s","og_description":"The festive bouquet radiates elegance and coziness, subtly blending luxury with tenderness. A refined choice that creates a festive mood.","og_url":"https:\/\/www.gintaresgeles.lt\/en\/puokste\/festive-red-rose-elegance\/","og_site_name":"gintaresgeles.lt","og_image":[{"width":1600,"height":1537,"url":"https:\/\/www.gintaresgeles.lt\/wp-content\/uploads\/2025\/11\/viber_image_2025-11-14_16-04-45-613.jpg","type":"image\/jpeg"}],"twitter_card":"summary_large_image","schema":{"@context":"https:\/\/schema.org","@graph":[{"@type":"WebPage","@id":"https:\/\/www.gintaresgeles.lt\/en\/puokste\/festive-red-rose-elegance\/","url":"https:\/\/www.gintaresgeles.lt\/en\/puokste\/festive-red-rose-elegance\/","name":"Festive Red Rose Elegance | Gintar\u0117s G\u0117l\u0117s","isPartOf":{"@id":"https:\/\/www.gintaresgeles.lt\/en\/#website"},"primaryImageOfPage":{"@id":"https:\/\/www.gintaresgeles.lt\/en\/puokste\/festive-red-rose-elegance\/#primaryimage"},"image":{"@id":"https:\/\/www.gintaresgeles.lt\/en\/puokste\/festive-red-rose-elegance\/#primaryimage"},"thumbnailUrl":"https:\/\/www.gintaresgeles.lt\/wp-content\/uploads\/2025\/11\/viber_image_2025-11-14_16-04-45-613.jpg","datePublished":"2025-11-15T06:15:24+00:00","description":"The festive bouquet radiates elegance and coziness, subtly blending luxury with tenderness. A refined choice that creates a festive mood.","breadcrumb":{"@id":"https:\/\/www.gintaresgeles.lt\/en\/puokste\/festive-red-rose-elegance\/#breadcrumb"},"inLanguage":"en-US","potentialAction":[{"@type":"ReadAction","target":["https:\/\/www.gintaresgeles.lt\/en\/puokste\/festive-red-rose-elegance\/"]}]},{"@type":"ImageObject","inLanguage":"en-US","@id":"https:\/\/www.gintaresgeles.lt\/en\/puokste\/festive-red-rose-elegance\/#primaryimage","url":"https:\/\/www.gintaresgeles.lt\/wp-content\/uploads\/2025\/11\/viber_image_2025-11-14_16-04-45-613.jpg","contentUrl":"https:\/\/www.gintaresgeles.lt\/wp-content\/uploads\/2025\/11\/viber_image_2025-11-14_16-04-45-613.jpg","width":1600,"height":1537,"caption":"\u0160ventin\u0117 raudon\u0173 ro\u017ei\u0173 elegancija"},{"@type":"BreadcrumbList","@id":"https:\/\/www.gintaresgeles.lt\/en\/puokste\/festive-red-rose-elegance\/#breadcrumb","itemListElement":[{"@type":"ListItem","position":1,"name":"Prad\u017eia","item":"https:\/\/www.gintaresgeles.lt\/en\/"},{"@type":"ListItem","position":2,"name":"All flowers and other products","item":"https:\/\/www.gintaresgeles.lt\/en\/all-flowers-and-other-products\/"},{"@type":"ListItem","position":3,"name":"Festive Red Rose Elegance"}]},{"@type":"WebSite","@id":"https:\/\/www.gintaresgeles.lt\/en\/#website","url":"https:\/\/www.gintaresgeles.lt\/en\/","name":"gintaresgeles.lt","description":"G\u0117li\u0173 parduotuv\u0117 internete","potentialAction":[{"@type":"SearchAction","target":{"@type":"EntryPoint","urlTemplate":"https:\/\/www.gintaresgeles.lt\/en\/?s={search_term_string}"},"query-input":{"@type":"PropertyValueSpecification","valueRequired":true,"valueName":"search_term_string"}}],"inLanguage":"en-US"}]}},"_links":{"self":[{"href":"https:\/\/www.gintaresgeles.lt\/en\/wp-json\/wp\/v2\/product\/57555","targetHints":{"allow":["GET"]}}],"collection":[{"href":"https:\/\/www.gintaresgeles.lt\/en\/wp-json\/wp\/v2\/product"}],"about":[{"href":"https:\/\/www.gintaresgeles.lt\/en\/wp-json\/wp\/v2\/types\/product"}],"wp:featuredmedia":[{"embeddable":true,"href":"https:\/\/www.gintaresgeles.lt\/en\/wp-json\/wp\/v2\/media\/57525"}],"wp:attachment":[{"href":"https:\/\/www.gintaresgeles.lt\/en\/wp-json\/wp\/v2\/media?parent=57555"}],"wp:term":[{"taxonomy":"product_brand","embeddable":true,"href":"https:\/\/www.gintaresgeles.lt\/en\/wp-json\/wp\/v2\/product_brand?post=57555"},{"taxonomy":"product_cat","embeddable":true,"href":"https:\/\/www.gintaresgeles.lt\/en\/wp-json\/wp\/v2\/product_cat?post=57555"},{"taxonomy":"product_tag","embeddable":true,"href":"https:\/\/www.gintaresgeles.lt\/en\/wp-json\/wp\/v2\/product_tag?post=57555"}],"curies":[{"name":"wp","href":"https:\/\/api.w.org\/{rel}","templated":true}]}}