{"id":57592,"date":"2025-11-23T12:54:27","date_gmt":"2025-11-23T10:54:27","guid":{"rendered":"https:\/\/www.gintaresgeles.lt\/puokste\/xxl-double-sided-christmas-wreath-winter-aromas-wreath\/"},"modified":"2025-11-23T12:54:27","modified_gmt":"2025-11-23T10:54:27","slug":"xxl-double-sided-christmas-wreath-winter-aromas-wreath","status":"publish","type":"product","link":"https:\/\/www.gintaresgeles.lt\/en\/puokste\/xxl-double-sided-christmas-wreath-winter-aromas-wreath\/","title":{"rendered":"XXL Double-Sided Christmas Wreath &#8220;Winter Aromas Wreath&#8221;"},"content":{"rendered":"","protected":false},"excerpt":{"rendered":"<p>A Christmas wreath made from fresh pine branches and decorated with dried oranges, pine cones, and aromatic cinnamon sticks.<\/p>\n<p>Natural accents give the wreath a cozy, warm, and festive scent, making it perfect for decorating doors, tables, or home spaces during the Christmas season.<\/p>\n<p>The wreath frame diameter is <b>40 cm<\/b>, with a total diameter of <b>~53 cm<\/b>.<\/p>\n","protected":false},"featured_media":57585,"template":"","meta":[],"product_brand":[],"product_cat":[2193,266,1964],"product_tag":[],"class_list":{"0":"post-57592","1":"product","2":"type-product","3":"status-publish","4":"has-post-thumbnail","6":"product_cat-christmas-compositions","7":"product_cat-flowers-by-style","8":"product_cat-christmas-wreaths","9":"tm-has-options","11":"first","12":"outofstock","13":"taxable","14":"shipping-taxable","15":"purchasable","16":"product-type-simple"},"yoast_head":"<!-- This site is optimized with the Yoast SEO plugin v25.3 - https:\/\/yoast.com\/wordpress\/plugins\/seo\/ -->\n<title>XXL Double-Sided Christmas Wreath &quot;Winter Aromas Wreath&quot; | Gintar\u0117s G\u0117l\u0117s<\/title>\n<meta name=\"description\" content=\"This is a natural, festive wreath that combines winter scents and textures, creating a cozy, classic Christmas atmosphere.\" \/>\n<meta name=\"robots\" content=\"index, follow, max-snippet:-1, max-image-preview:large, max-video-preview:-1\" \/>\n<link rel=\"canonical\" href=\"https:\/\/www.gintaresgeles.lt\/en\/puokste\/xxl-double-sided-christmas-wreath-winter-aromas-wreath\/\" \/>\n<meta property=\"og:locale\" content=\"en_US\" \/>\n<meta property=\"og:type\" content=\"article\" \/>\n<meta property=\"og:title\" content=\"XXL Double-Sided Christmas Wreath &quot;Winter Aromas Wreath&quot; | Gintar\u0117s G\u0117l\u0117s\" \/>\n<meta property=\"og:description\" content=\"This is a natural, festive wreath that combines winter scents and textures, creating a cozy, classic Christmas atmosphere.\" \/>\n<meta property=\"og:url\" content=\"https:\/\/www.gintaresgeles.lt\/en\/puokste\/xxl-double-sided-christmas-wreath-winter-aromas-wreath\/\" \/>\n<meta property=\"og:site_name\" content=\"gintaresgeles.lt\" \/>\n<meta property=\"og:image\" content=\"https:\/\/www.gintaresgeles.lt\/wp-content\/uploads\/2025\/11\/viber_image_2025-11-21_11-41-37-526.jpg\" \/>\n\t<meta property=\"og:image:width\" content=\"1600\" \/>\n\t<meta property=\"og:image:height\" content=\"1580\" \/>\n\t<meta property=\"og:image:type\" content=\"image\/jpeg\" \/>\n<meta name=\"twitter:card\" content=\"summary_large_image\" \/>\n<script type=\"application\/ld+json\" class=\"yoast-schema-graph\">{\"@context\":\"https:\/\/schema.org\",\"@graph\":[{\"@type\":\"WebPage\",\"@id\":\"https:\/\/www.gintaresgeles.lt\/en\/puokste\/xxl-double-sided-christmas-wreath-winter-aromas-wreath\/\",\"url\":\"https:\/\/www.gintaresgeles.lt\/en\/puokste\/xxl-double-sided-christmas-wreath-winter-aromas-wreath\/\",\"name\":\"XXL Double-Sided Christmas Wreath \\\"Winter Aromas Wreath\\\" | Gintar\u0117s G\u0117l\u0117s\",\"isPartOf\":{\"@id\":\"https:\/\/www.gintaresgeles.lt\/en\/#website\"},\"primaryImageOfPage\":{\"@id\":\"https:\/\/www.gintaresgeles.lt\/en\/puokste\/xxl-double-sided-christmas-wreath-winter-aromas-wreath\/#primaryimage\"},\"image\":{\"@id\":\"https:\/\/www.gintaresgeles.lt\/en\/puokste\/xxl-double-sided-christmas-wreath-winter-aromas-wreath\/#primaryimage\"},\"thumbnailUrl\":\"https:\/\/www.gintaresgeles.lt\/wp-content\/uploads\/2025\/11\/viber_image_2025-11-21_11-41-37-526.jpg\",\"datePublished\":\"2025-11-23T10:54:27+00:00\",\"description\":\"This is a natural, festive wreath that combines winter scents and textures, creating a cozy, classic Christmas atmosphere.\",\"breadcrumb\":{\"@id\":\"https:\/\/www.gintaresgeles.lt\/en\/puokste\/xxl-double-sided-christmas-wreath-winter-aromas-wreath\/#breadcrumb\"},\"inLanguage\":\"en-US\",\"potentialAction\":[{\"@type\":\"ReadAction\",\"target\":[\"https:\/\/www.gintaresgeles.lt\/en\/puokste\/xxl-double-sided-christmas-wreath-winter-aromas-wreath\/\"]}]},{\"@type\":\"ImageObject\",\"inLanguage\":\"en-US\",\"@id\":\"https:\/\/www.gintaresgeles.lt\/en\/puokste\/xxl-double-sided-christmas-wreath-winter-aromas-wreath\/#primaryimage\",\"url\":\"https:\/\/www.gintaresgeles.lt\/wp-content\/uploads\/2025\/11\/viber_image_2025-11-21_11-41-37-526.jpg\",\"contentUrl\":\"https:\/\/www.gintaresgeles.lt\/wp-content\/uploads\/2025\/11\/viber_image_2025-11-21_11-41-37-526.jpg\",\"width\":1600,\"height\":1580,\"caption\":\"Dvipusis Kal\u0117dinis vainikas \u201e\u017diemos Aromat\u0173 Vainikas\u201c\"},{\"@type\":\"BreadcrumbList\",\"@id\":\"https:\/\/www.gintaresgeles.lt\/en\/puokste\/xxl-double-sided-christmas-wreath-winter-aromas-wreath\/#breadcrumb\",\"itemListElement\":[{\"@type\":\"ListItem\",\"position\":1,\"name\":\"Prad\u017eia\",\"item\":\"https:\/\/www.gintaresgeles.lt\/en\/\"},{\"@type\":\"ListItem\",\"position\":2,\"name\":\"All flowers and other products\",\"item\":\"https:\/\/www.gintaresgeles.lt\/en\/all-flowers-and-other-products\/\"},{\"@type\":\"ListItem\",\"position\":3,\"name\":\"XXL Double-Sided Christmas Wreath &#8222;Winter Aromas Wreath&#8221;\"}]},{\"@type\":\"WebSite\",\"@id\":\"https:\/\/www.gintaresgeles.lt\/en\/#website\",\"url\":\"https:\/\/www.gintaresgeles.lt\/en\/\",\"name\":\"Gintares Geles\",\"description\":\"Flower delivery in Vilnius | Same-day delivery | Gintares geles\",\"potentialAction\":[{\"@type\":\"SearchAction\",\"target\":{\"@type\":\"EntryPoint\",\"urlTemplate\":\"https:\/\/www.gintaresgeles.lt\/en\/?s={search_term_string}\"},\"query-input\":{\"@type\":\"PropertyValueSpecification\",\"valueRequired\":true,\"valueName\":\"search_term_string\"}}],\"inLanguage\":\"en-US\"}]}<\/script>\n<!-- \/ Yoast SEO plugin. -->","yoast_head_json":{"title":"XXL Double-Sided Christmas Wreath \"Winter Aromas Wreath\" | Gintar\u0117s G\u0117l\u0117s","description":"This is a natural, festive wreath that combines winter scents and textures, creating a cozy, classic Christmas atmosphere.","robots":{"index":"index","follow":"follow","max-snippet":"max-snippet:-1","max-image-preview":"max-image-preview:large","max-video-preview":"max-video-preview:-1"},"canonical":"https:\/\/www.gintaresgeles.lt\/en\/puokste\/xxl-double-sided-christmas-wreath-winter-aromas-wreath\/","og_locale":"en_US","og_type":"article","og_title":"XXL Double-Sided Christmas Wreath \"Winter Aromas Wreath\" | Gintar\u0117s G\u0117l\u0117s","og_description":"This is a natural, festive wreath that combines winter scents and textures, creating a cozy, classic Christmas atmosphere.","og_url":"https:\/\/www.gintaresgeles.lt\/en\/puokste\/xxl-double-sided-christmas-wreath-winter-aromas-wreath\/","og_site_name":"gintaresgeles.lt","og_image":[{"width":1600,"height":1580,"url":"https:\/\/www.gintaresgeles.lt\/wp-content\/uploads\/2025\/11\/viber_image_2025-11-21_11-41-37-526.jpg","type":"image\/jpeg"}],"twitter_card":"summary_large_image","schema":{"@context":"https:\/\/schema.org","@graph":[{"@type":"WebPage","@id":"https:\/\/www.gintaresgeles.lt\/en\/puokste\/xxl-double-sided-christmas-wreath-winter-aromas-wreath\/","url":"https:\/\/www.gintaresgeles.lt\/en\/puokste\/xxl-double-sided-christmas-wreath-winter-aromas-wreath\/","name":"XXL Double-Sided Christmas Wreath \"Winter Aromas Wreath\" | Gintar\u0117s G\u0117l\u0117s","isPartOf":{"@id":"https:\/\/www.gintaresgeles.lt\/en\/#website"},"primaryImageOfPage":{"@id":"https:\/\/www.gintaresgeles.lt\/en\/puokste\/xxl-double-sided-christmas-wreath-winter-aromas-wreath\/#primaryimage"},"image":{"@id":"https:\/\/www.gintaresgeles.lt\/en\/puokste\/xxl-double-sided-christmas-wreath-winter-aromas-wreath\/#primaryimage"},"thumbnailUrl":"https:\/\/www.gintaresgeles.lt\/wp-content\/uploads\/2025\/11\/viber_image_2025-11-21_11-41-37-526.jpg","datePublished":"2025-11-23T10:54:27+00:00","description":"This is a natural, festive wreath that combines winter scents and textures, creating a cozy, classic Christmas atmosphere.","breadcrumb":{"@id":"https:\/\/www.gintaresgeles.lt\/en\/puokste\/xxl-double-sided-christmas-wreath-winter-aromas-wreath\/#breadcrumb"},"inLanguage":"en-US","potentialAction":[{"@type":"ReadAction","target":["https:\/\/www.gintaresgeles.lt\/en\/puokste\/xxl-double-sided-christmas-wreath-winter-aromas-wreath\/"]}]},{"@type":"ImageObject","inLanguage":"en-US","@id":"https:\/\/www.gintaresgeles.lt\/en\/puokste\/xxl-double-sided-christmas-wreath-winter-aromas-wreath\/#primaryimage","url":"https:\/\/www.gintaresgeles.lt\/wp-content\/uploads\/2025\/11\/viber_image_2025-11-21_11-41-37-526.jpg","contentUrl":"https:\/\/www.gintaresgeles.lt\/wp-content\/uploads\/2025\/11\/viber_image_2025-11-21_11-41-37-526.jpg","width":1600,"height":1580,"caption":"Dvipusis Kal\u0117dinis vainikas \u201e\u017diemos Aromat\u0173 Vainikas\u201c"},{"@type":"BreadcrumbList","@id":"https:\/\/www.gintaresgeles.lt\/en\/puokste\/xxl-double-sided-christmas-wreath-winter-aromas-wreath\/#breadcrumb","itemListElement":[{"@type":"ListItem","position":1,"name":"Prad\u017eia","item":"https:\/\/www.gintaresgeles.lt\/en\/"},{"@type":"ListItem","position":2,"name":"All flowers and other products","item":"https:\/\/www.gintaresgeles.lt\/en\/all-flowers-and-other-products\/"},{"@type":"ListItem","position":3,"name":"XXL Double-Sided Christmas Wreath &#8222;Winter Aromas Wreath&#8221;"}]},{"@type":"WebSite","@id":"https:\/\/www.gintaresgeles.lt\/en\/#website","url":"https:\/\/www.gintaresgeles.lt\/en\/","name":"Gintares Geles","description":"Flower delivery in Vilnius | Same-day delivery | Gintares geles","potentialAction":[{"@type":"SearchAction","target":{"@type":"EntryPoint","urlTemplate":"https:\/\/www.gintaresgeles.lt\/en\/?s={search_term_string}"},"query-input":{"@type":"PropertyValueSpecification","valueRequired":true,"valueName":"search_term_string"}}],"inLanguage":"en-US"}]}},"_links":{"self":[{"href":"https:\/\/www.gintaresgeles.lt\/en\/wp-json\/wp\/v2\/product\/57592","targetHints":{"allow":["GET"]}}],"collection":[{"href":"https:\/\/www.gintaresgeles.lt\/en\/wp-json\/wp\/v2\/product"}],"about":[{"href":"https:\/\/www.gintaresgeles.lt\/en\/wp-json\/wp\/v2\/types\/product"}],"wp:featuredmedia":[{"embeddable":true,"href":"https:\/\/www.gintaresgeles.lt\/en\/wp-json\/wp\/v2\/media\/57585"}],"wp:attachment":[{"href":"https:\/\/www.gintaresgeles.lt\/en\/wp-json\/wp\/v2\/media?parent=57592"}],"wp:term":[{"taxonomy":"product_brand","embeddable":true,"href":"https:\/\/www.gintaresgeles.lt\/en\/wp-json\/wp\/v2\/product_brand?post=57592"},{"taxonomy":"product_cat","embeddable":true,"href":"https:\/\/www.gintaresgeles.lt\/en\/wp-json\/wp\/v2\/product_cat?post=57592"},{"taxonomy":"product_tag","embeddable":true,"href":"https:\/\/www.gintaresgeles.lt\/en\/wp-json\/wp\/v2\/product_tag?post=57592"}],"curies":[{"name":"wp","href":"https:\/\/api.w.org\/{rel}","templated":true}]}}