{"id":57650,"date":"2025-09-10T12:39:03","date_gmt":"2025-09-10T09:39:03","guid":{"rendered":"https:\/\/www.gintaresgeles.lt\/puokste\/black-orbz-jumbo-foil-helium-balloon\/"},"modified":"2025-09-10T12:39:03","modified_gmt":"2025-09-10T09:39:03","slug":"black-orbz-jumbo-foil-helium-balloon","status":"publish","type":"product","link":"https:\/\/www.gintaresgeles.lt\/en\/puokste\/black-orbz-jumbo-foil-helium-balloon\/","title":{"rendered":"Black &#8211; ORBZ-JUMBO &#8211; Foil Helium Balloon"},"content":{"rendered":"","protected":false},"excerpt":{"rendered":"<p>This is a detail of celebration exuding luxury that certainly won&#8217;t go unnoticed. Black color represents elegance, mystery, and versatility all in one. Perfect for birthdays, parties, photo shoots, or modern weddings.<\/p>\n<p>Balloon size: <b>53 x 53 cm<\/b>.<\/p>\n","protected":false},"featured_media":55093,"template":"","meta":[],"product_brand":[],"product_cat":[270,1956],"product_tag":[],"class_list":{"0":"post-57650","1":"product","2":"type-product","3":"status-publish","4":"has-post-thumbnail","6":"product_cat-helium-balloons","7":"product_cat-foil-helium-balloons","8":"tm-has-options","10":"first","11":"instock","12":"taxable","13":"shipping-taxable","14":"purchasable","15":"product-type-simple"},"yoast_head":"<!-- This site is optimized with the Yoast SEO plugin v25.3 - https:\/\/yoast.com\/wordpress\/plugins\/seo\/ -->\n<title>Black - ORBZ-JUMBO - Foil Helium Balloon | Gintar\u0117s G\u0117l\u0117s<\/title>\n<meta name=\"description\" content=\"The perfectly spherical, highly glossy balloon adds exceptional style to any space. Perfect for birthdays, parties, and photo shoots.\" \/>\n<meta name=\"robots\" content=\"index, follow, max-snippet:-1, max-image-preview:large, max-video-preview:-1\" \/>\n<link rel=\"canonical\" href=\"https:\/\/www.gintaresgeles.lt\/en\/puokste\/black-orbz-jumbo-foil-helium-balloon\/\" \/>\n<meta property=\"og:locale\" content=\"en_US\" \/>\n<meta property=\"og:type\" content=\"article\" \/>\n<meta property=\"og:title\" content=\"Black - ORBZ-JUMBO - Foil Helium Balloon | Gintar\u0117s G\u0117l\u0117s\" \/>\n<meta property=\"og:description\" content=\"The perfectly spherical, highly glossy balloon adds exceptional style to any space. Perfect for birthdays, parties, and photo shoots.\" \/>\n<meta property=\"og:url\" content=\"https:\/\/www.gintaresgeles.lt\/en\/puokste\/black-orbz-jumbo-foil-helium-balloon\/\" \/>\n<meta property=\"og:site_name\" content=\"gintaresgeles.lt\" \/>\n<meta property=\"og:image\" content=\"https:\/\/www.gintaresgeles.lt\/wp-content\/uploads\/2025\/04\/Apvalus-ORBZ-balionas-juodos-spalvos.jpg\" \/>\n\t<meta property=\"og:image:width\" content=\"768\" \/>\n\t<meta property=\"og:image:height\" content=\"768\" \/>\n\t<meta property=\"og:image:type\" content=\"image\/jpeg\" \/>\n<meta name=\"twitter:card\" content=\"summary_large_image\" \/>\n<script type=\"application\/ld+json\" class=\"yoast-schema-graph\">{\"@context\":\"https:\/\/schema.org\",\"@graph\":[{\"@type\":\"WebPage\",\"@id\":\"https:\/\/www.gintaresgeles.lt\/en\/puokste\/black-orbz-jumbo-foil-helium-balloon\/\",\"url\":\"https:\/\/www.gintaresgeles.lt\/en\/puokste\/black-orbz-jumbo-foil-helium-balloon\/\",\"name\":\"Black - ORBZ-JUMBO - Foil Helium Balloon | Gintar\u0117s G\u0117l\u0117s\",\"isPartOf\":{\"@id\":\"https:\/\/www.gintaresgeles.lt\/en\/#website\"},\"primaryImageOfPage\":{\"@id\":\"https:\/\/www.gintaresgeles.lt\/en\/puokste\/black-orbz-jumbo-foil-helium-balloon\/#primaryimage\"},\"image\":{\"@id\":\"https:\/\/www.gintaresgeles.lt\/en\/puokste\/black-orbz-jumbo-foil-helium-balloon\/#primaryimage\"},\"thumbnailUrl\":\"https:\/\/www.gintaresgeles.lt\/wp-content\/uploads\/2025\/04\/Apvalus-ORBZ-balionas-juodos-spalvos.jpg\",\"datePublished\":\"2025-09-10T09:39:03+00:00\",\"description\":\"The perfectly spherical, highly glossy balloon adds exceptional style to any space. Perfect for birthdays, parties, and photo shoots.\",\"breadcrumb\":{\"@id\":\"https:\/\/www.gintaresgeles.lt\/en\/puokste\/black-orbz-jumbo-foil-helium-balloon\/#breadcrumb\"},\"inLanguage\":\"en-US\",\"potentialAction\":[{\"@type\":\"ReadAction\",\"target\":[\"https:\/\/www.gintaresgeles.lt\/en\/puokste\/black-orbz-jumbo-foil-helium-balloon\/\"]}]},{\"@type\":\"ImageObject\",\"inLanguage\":\"en-US\",\"@id\":\"https:\/\/www.gintaresgeles.lt\/en\/puokste\/black-orbz-jumbo-foil-helium-balloon\/#primaryimage\",\"url\":\"https:\/\/www.gintaresgeles.lt\/wp-content\/uploads\/2025\/04\/Apvalus-ORBZ-balionas-juodos-spalvos.jpg\",\"contentUrl\":\"https:\/\/www.gintaresgeles.lt\/wp-content\/uploads\/2025\/04\/Apvalus-ORBZ-balionas-juodos-spalvos.jpg\",\"width\":768,\"height\":768,\"caption\":\"I\u0161skirtin\u0117s i\u0161vaizdos apvalus, kamuolio formos balionas, juodos spalvos\"},{\"@type\":\"BreadcrumbList\",\"@id\":\"https:\/\/www.gintaresgeles.lt\/en\/puokste\/black-orbz-jumbo-foil-helium-balloon\/#breadcrumb\",\"itemListElement\":[{\"@type\":\"ListItem\",\"position\":1,\"name\":\"Prad\u017eia\",\"item\":\"https:\/\/www.gintaresgeles.lt\/en\/\"},{\"@type\":\"ListItem\",\"position\":2,\"name\":\"All flowers and other products\",\"item\":\"https:\/\/www.gintaresgeles.lt\/en\/all-flowers-and-other-products\/\"},{\"@type\":\"ListItem\",\"position\":3,\"name\":\"Black &#8211; ORBZ-JUMBO &#8211; Foil Helium Balloon\"}]},{\"@type\":\"WebSite\",\"@id\":\"https:\/\/www.gintaresgeles.lt\/en\/#website\",\"url\":\"https:\/\/www.gintaresgeles.lt\/en\/\",\"name\":\"Gintares Geles\",\"description\":\"Flower delivery in Vilnius | Same-day delivery | Gintares geles\",\"potentialAction\":[{\"@type\":\"SearchAction\",\"target\":{\"@type\":\"EntryPoint\",\"urlTemplate\":\"https:\/\/www.gintaresgeles.lt\/en\/?s={search_term_string}\"},\"query-input\":{\"@type\":\"PropertyValueSpecification\",\"valueRequired\":true,\"valueName\":\"search_term_string\"}}],\"inLanguage\":\"en-US\"}]}<\/script>\n<!-- \/ Yoast SEO plugin. -->","yoast_head_json":{"title":"Black - ORBZ-JUMBO - Foil Helium Balloon | Gintar\u0117s G\u0117l\u0117s","description":"The perfectly spherical, highly glossy balloon adds exceptional style to any space. Perfect for birthdays, parties, and photo shoots.","robots":{"index":"index","follow":"follow","max-snippet":"max-snippet:-1","max-image-preview":"max-image-preview:large","max-video-preview":"max-video-preview:-1"},"canonical":"https:\/\/www.gintaresgeles.lt\/en\/puokste\/black-orbz-jumbo-foil-helium-balloon\/","og_locale":"en_US","og_type":"article","og_title":"Black - ORBZ-JUMBO - Foil Helium Balloon | Gintar\u0117s G\u0117l\u0117s","og_description":"The perfectly spherical, highly glossy balloon adds exceptional style to any space. Perfect for birthdays, parties, and photo shoots.","og_url":"https:\/\/www.gintaresgeles.lt\/en\/puokste\/black-orbz-jumbo-foil-helium-balloon\/","og_site_name":"gintaresgeles.lt","og_image":[{"width":768,"height":768,"url":"https:\/\/www.gintaresgeles.lt\/wp-content\/uploads\/2025\/04\/Apvalus-ORBZ-balionas-juodos-spalvos.jpg","type":"image\/jpeg"}],"twitter_card":"summary_large_image","schema":{"@context":"https:\/\/schema.org","@graph":[{"@type":"WebPage","@id":"https:\/\/www.gintaresgeles.lt\/en\/puokste\/black-orbz-jumbo-foil-helium-balloon\/","url":"https:\/\/www.gintaresgeles.lt\/en\/puokste\/black-orbz-jumbo-foil-helium-balloon\/","name":"Black - ORBZ-JUMBO - Foil Helium Balloon | Gintar\u0117s G\u0117l\u0117s","isPartOf":{"@id":"https:\/\/www.gintaresgeles.lt\/en\/#website"},"primaryImageOfPage":{"@id":"https:\/\/www.gintaresgeles.lt\/en\/puokste\/black-orbz-jumbo-foil-helium-balloon\/#primaryimage"},"image":{"@id":"https:\/\/www.gintaresgeles.lt\/en\/puokste\/black-orbz-jumbo-foil-helium-balloon\/#primaryimage"},"thumbnailUrl":"https:\/\/www.gintaresgeles.lt\/wp-content\/uploads\/2025\/04\/Apvalus-ORBZ-balionas-juodos-spalvos.jpg","datePublished":"2025-09-10T09:39:03+00:00","description":"The perfectly spherical, highly glossy balloon adds exceptional style to any space. Perfect for birthdays, parties, and photo shoots.","breadcrumb":{"@id":"https:\/\/www.gintaresgeles.lt\/en\/puokste\/black-orbz-jumbo-foil-helium-balloon\/#breadcrumb"},"inLanguage":"en-US","potentialAction":[{"@type":"ReadAction","target":["https:\/\/www.gintaresgeles.lt\/en\/puokste\/black-orbz-jumbo-foil-helium-balloon\/"]}]},{"@type":"ImageObject","inLanguage":"en-US","@id":"https:\/\/www.gintaresgeles.lt\/en\/puokste\/black-orbz-jumbo-foil-helium-balloon\/#primaryimage","url":"https:\/\/www.gintaresgeles.lt\/wp-content\/uploads\/2025\/04\/Apvalus-ORBZ-balionas-juodos-spalvos.jpg","contentUrl":"https:\/\/www.gintaresgeles.lt\/wp-content\/uploads\/2025\/04\/Apvalus-ORBZ-balionas-juodos-spalvos.jpg","width":768,"height":768,"caption":"I\u0161skirtin\u0117s i\u0161vaizdos apvalus, kamuolio formos balionas, juodos spalvos"},{"@type":"BreadcrumbList","@id":"https:\/\/www.gintaresgeles.lt\/en\/puokste\/black-orbz-jumbo-foil-helium-balloon\/#breadcrumb","itemListElement":[{"@type":"ListItem","position":1,"name":"Prad\u017eia","item":"https:\/\/www.gintaresgeles.lt\/en\/"},{"@type":"ListItem","position":2,"name":"All flowers and other products","item":"https:\/\/www.gintaresgeles.lt\/en\/all-flowers-and-other-products\/"},{"@type":"ListItem","position":3,"name":"Black &#8211; ORBZ-JUMBO &#8211; Foil Helium Balloon"}]},{"@type":"WebSite","@id":"https:\/\/www.gintaresgeles.lt\/en\/#website","url":"https:\/\/www.gintaresgeles.lt\/en\/","name":"Gintares Geles","description":"Flower delivery in Vilnius | Same-day delivery | Gintares geles","potentialAction":[{"@type":"SearchAction","target":{"@type":"EntryPoint","urlTemplate":"https:\/\/www.gintaresgeles.lt\/en\/?s={search_term_string}"},"query-input":{"@type":"PropertyValueSpecification","valueRequired":true,"valueName":"search_term_string"}}],"inLanguage":"en-US"}]}},"_links":{"self":[{"href":"https:\/\/www.gintaresgeles.lt\/en\/wp-json\/wp\/v2\/product\/57650","targetHints":{"allow":["GET"]}}],"collection":[{"href":"https:\/\/www.gintaresgeles.lt\/en\/wp-json\/wp\/v2\/product"}],"about":[{"href":"https:\/\/www.gintaresgeles.lt\/en\/wp-json\/wp\/v2\/types\/product"}],"wp:featuredmedia":[{"embeddable":true,"href":"https:\/\/www.gintaresgeles.lt\/en\/wp-json\/wp\/v2\/media\/55093"}],"wp:attachment":[{"href":"https:\/\/www.gintaresgeles.lt\/en\/wp-json\/wp\/v2\/media?parent=57650"}],"wp:term":[{"taxonomy":"product_brand","embeddable":true,"href":"https:\/\/www.gintaresgeles.lt\/en\/wp-json\/wp\/v2\/product_brand?post=57650"},{"taxonomy":"product_cat","embeddable":true,"href":"https:\/\/www.gintaresgeles.lt\/en\/wp-json\/wp\/v2\/product_cat?post=57650"},{"taxonomy":"product_tag","embeddable":true,"href":"https:\/\/www.gintaresgeles.lt\/en\/wp-json\/wp\/v2\/product_tag?post=57650"}],"curies":[{"name":"wp","href":"https:\/\/api.w.org\/{rel}","templated":true}]}}