{"id":57683,"date":"2025-11-08T10:15:19","date_gmt":"2025-11-08T08:15:19","guid":{"rendered":"https:\/\/www.gintaresgeles.lt\/puokste\/christmas-composition-in-a-green-basket\/"},"modified":"2025-11-08T10:15:19","modified_gmt":"2025-11-08T08:15:19","slug":"christmas-composition-in-a-green-basket","status":"publish","type":"product","link":"https:\/\/www.gintaresgeles.lt\/en\/puokste\/christmas-composition-in-a-green-basket\/","title":{"rendered":"Christmas Composition in a Green Basket"},"content":{"rendered":"","protected":false},"excerpt":{"rendered":"<p>A Christmas composition with fresh flowers \u2013 a cozy and elegant festive accent. Beautifully arranged greenery, Christmas details, and fresh blooms create a mood of warmth, beauty, and anticipation for the holidays.<\/p>\n<p>A perfect choice for a gift or home decor during the festive season.<\/p>\n<p>Compositions are made using the flowers available at the time, but the overall style and festive mood remain the same.<\/p>\n","protected":false},"featured_media":57516,"template":"","meta":[],"product_brand":[],"product_cat":[260,2193,266,256,258,253,257,428,891,908,267,238],"product_tag":[],"class_list":{"0":"post-57683","1":"product","2":"type-product","3":"status-publish","4":"has-post-thumbnail","6":"product_cat-birthday-flowers","7":"product_cat-christmas-compositions","8":"product_cat-flowers-by-style","9":"product_cat-flowers-for-girlfriend","10":"product_cat-flowers-for-men","11":"product_cat-flowers-for-mom","12":"product_cat-flowers-for-women","13":"product_cat-jubilee-flowers","14":"product_cat-red-roses","15":"product_cat-white-roses","16":"product_cat-flower-boxes","17":"product_cat-roses","18":"tm-has-options","20":"first","21":"outofstock","22":"taxable","23":"shipping-taxable","24":"purchasable","25":"product-type-simple"},"yoast_head":"<!-- This site is optimized with the Yoast SEO plugin v25.3 - https:\/\/yoast.com\/wordpress\/plugins\/seo\/ -->\n<title>Christmas Composition in a Green Basket | Gintar\u0117s G\u0117l\u0117s<\/title>\n<meta name=\"description\" content=\"Christmas composition in a green basket with fresh flowers! Create a mood of warmth and anticipation for the holidays. A perfect gift or home decor.\" \/>\n<meta name=\"robots\" content=\"index, follow, max-snippet:-1, max-image-preview:large, max-video-preview:-1\" \/>\n<link rel=\"canonical\" href=\"https:\/\/www.gintaresgeles.lt\/en\/puokste\/christmas-composition-in-a-green-basket\/\" \/>\n<meta property=\"og:locale\" content=\"en_US\" \/>\n<meta property=\"og:type\" content=\"article\" \/>\n<meta property=\"og:title\" content=\"Christmas Composition in a Green Basket | Gintar\u0117s G\u0117l\u0117s\" \/>\n<meta property=\"og:description\" content=\"Christmas composition in a green basket with fresh flowers! Create a mood of warmth and anticipation for the holidays. A perfect gift or home decor.\" \/>\n<meta property=\"og:url\" content=\"https:\/\/www.gintaresgeles.lt\/en\/puokste\/christmas-composition-in-a-green-basket\/\" \/>\n<meta property=\"og:site_name\" content=\"gintaresgeles.lt\" \/>\n<meta property=\"og:image\" content=\"https:\/\/www.gintaresgeles.lt\/wp-content\/uploads\/2025\/11\/viber_image_2025-11-14_13-08-27-103.jpg\" \/>\n\t<meta property=\"og:image:width\" content=\"1592\" \/>\n\t<meta property=\"og:image:height\" content=\"1600\" \/>\n\t<meta property=\"og:image:type\" content=\"image\/jpeg\" \/>\n<meta name=\"twitter:card\" content=\"summary_large_image\" \/>\n<script type=\"application\/ld+json\" class=\"yoast-schema-graph\">{\"@context\":\"https:\/\/schema.org\",\"@graph\":[{\"@type\":\"WebPage\",\"@id\":\"https:\/\/www.gintaresgeles.lt\/en\/puokste\/christmas-composition-in-a-green-basket\/\",\"url\":\"https:\/\/www.gintaresgeles.lt\/en\/puokste\/christmas-composition-in-a-green-basket\/\",\"name\":\"Christmas Composition in a Green Basket | Gintar\u0117s G\u0117l\u0117s\",\"isPartOf\":{\"@id\":\"https:\/\/www.gintaresgeles.lt\/en\/#website\"},\"primaryImageOfPage\":{\"@id\":\"https:\/\/www.gintaresgeles.lt\/en\/puokste\/christmas-composition-in-a-green-basket\/#primaryimage\"},\"image\":{\"@id\":\"https:\/\/www.gintaresgeles.lt\/en\/puokste\/christmas-composition-in-a-green-basket\/#primaryimage\"},\"thumbnailUrl\":\"https:\/\/www.gintaresgeles.lt\/wp-content\/uploads\/2025\/11\/viber_image_2025-11-14_13-08-27-103.jpg\",\"datePublished\":\"2025-11-08T08:15:19+00:00\",\"description\":\"Christmas composition in a green basket with fresh flowers! Create a mood of warmth and anticipation for the holidays. A perfect gift or home decor.\",\"breadcrumb\":{\"@id\":\"https:\/\/www.gintaresgeles.lt\/en\/puokste\/christmas-composition-in-a-green-basket\/#breadcrumb\"},\"inLanguage\":\"en-US\",\"potentialAction\":[{\"@type\":\"ReadAction\",\"target\":[\"https:\/\/www.gintaresgeles.lt\/en\/puokste\/christmas-composition-in-a-green-basket\/\"]}]},{\"@type\":\"ImageObject\",\"inLanguage\":\"en-US\",\"@id\":\"https:\/\/www.gintaresgeles.lt\/en\/puokste\/christmas-composition-in-a-green-basket\/#primaryimage\",\"url\":\"https:\/\/www.gintaresgeles.lt\/wp-content\/uploads\/2025\/11\/viber_image_2025-11-14_13-08-27-103.jpg\",\"contentUrl\":\"https:\/\/www.gintaresgeles.lt\/wp-content\/uploads\/2025\/11\/viber_image_2025-11-14_13-08-27-103.jpg\",\"width\":1592,\"height\":1600,\"caption\":\"Kal\u0117din\u0117 kompozicija \u017ealiame krep\u0161elyje\"},{\"@type\":\"BreadcrumbList\",\"@id\":\"https:\/\/www.gintaresgeles.lt\/en\/puokste\/christmas-composition-in-a-green-basket\/#breadcrumb\",\"itemListElement\":[{\"@type\":\"ListItem\",\"position\":1,\"name\":\"Prad\u017eia\",\"item\":\"https:\/\/www.gintaresgeles.lt\/en\/\"},{\"@type\":\"ListItem\",\"position\":2,\"name\":\"All flowers and other products\",\"item\":\"https:\/\/www.gintaresgeles.lt\/en\/all-flowers-and-other-products\/\"},{\"@type\":\"ListItem\",\"position\":3,\"name\":\"Christmas Composition in a Green Basket\"}]},{\"@type\":\"WebSite\",\"@id\":\"https:\/\/www.gintaresgeles.lt\/en\/#website\",\"url\":\"https:\/\/www.gintaresgeles.lt\/en\/\",\"name\":\"gintaresgeles.lt\",\"description\":\"G\u0117li\u0173 parduotuv\u0117 internete\",\"potentialAction\":[{\"@type\":\"SearchAction\",\"target\":{\"@type\":\"EntryPoint\",\"urlTemplate\":\"https:\/\/www.gintaresgeles.lt\/en\/?s={search_term_string}\"},\"query-input\":{\"@type\":\"PropertyValueSpecification\",\"valueRequired\":true,\"valueName\":\"search_term_string\"}}],\"inLanguage\":\"en-US\"}]}<\/script>\n<!-- \/ Yoast SEO plugin. -->","yoast_head_json":{"title":"Christmas Composition in a Green Basket | Gintar\u0117s G\u0117l\u0117s","description":"Christmas composition in a green basket with fresh flowers! Create a mood of warmth and anticipation for the holidays. A perfect gift or home decor.","robots":{"index":"index","follow":"follow","max-snippet":"max-snippet:-1","max-image-preview":"max-image-preview:large","max-video-preview":"max-video-preview:-1"},"canonical":"https:\/\/www.gintaresgeles.lt\/en\/puokste\/christmas-composition-in-a-green-basket\/","og_locale":"en_US","og_type":"article","og_title":"Christmas Composition in a Green Basket | Gintar\u0117s G\u0117l\u0117s","og_description":"Christmas composition in a green basket with fresh flowers! Create a mood of warmth and anticipation for the holidays. A perfect gift or home decor.","og_url":"https:\/\/www.gintaresgeles.lt\/en\/puokste\/christmas-composition-in-a-green-basket\/","og_site_name":"gintaresgeles.lt","og_image":[{"width":1592,"height":1600,"url":"https:\/\/www.gintaresgeles.lt\/wp-content\/uploads\/2025\/11\/viber_image_2025-11-14_13-08-27-103.jpg","type":"image\/jpeg"}],"twitter_card":"summary_large_image","schema":{"@context":"https:\/\/schema.org","@graph":[{"@type":"WebPage","@id":"https:\/\/www.gintaresgeles.lt\/en\/puokste\/christmas-composition-in-a-green-basket\/","url":"https:\/\/www.gintaresgeles.lt\/en\/puokste\/christmas-composition-in-a-green-basket\/","name":"Christmas Composition in a Green Basket | Gintar\u0117s G\u0117l\u0117s","isPartOf":{"@id":"https:\/\/www.gintaresgeles.lt\/en\/#website"},"primaryImageOfPage":{"@id":"https:\/\/www.gintaresgeles.lt\/en\/puokste\/christmas-composition-in-a-green-basket\/#primaryimage"},"image":{"@id":"https:\/\/www.gintaresgeles.lt\/en\/puokste\/christmas-composition-in-a-green-basket\/#primaryimage"},"thumbnailUrl":"https:\/\/www.gintaresgeles.lt\/wp-content\/uploads\/2025\/11\/viber_image_2025-11-14_13-08-27-103.jpg","datePublished":"2025-11-08T08:15:19+00:00","description":"Christmas composition in a green basket with fresh flowers! Create a mood of warmth and anticipation for the holidays. A perfect gift or home decor.","breadcrumb":{"@id":"https:\/\/www.gintaresgeles.lt\/en\/puokste\/christmas-composition-in-a-green-basket\/#breadcrumb"},"inLanguage":"en-US","potentialAction":[{"@type":"ReadAction","target":["https:\/\/www.gintaresgeles.lt\/en\/puokste\/christmas-composition-in-a-green-basket\/"]}]},{"@type":"ImageObject","inLanguage":"en-US","@id":"https:\/\/www.gintaresgeles.lt\/en\/puokste\/christmas-composition-in-a-green-basket\/#primaryimage","url":"https:\/\/www.gintaresgeles.lt\/wp-content\/uploads\/2025\/11\/viber_image_2025-11-14_13-08-27-103.jpg","contentUrl":"https:\/\/www.gintaresgeles.lt\/wp-content\/uploads\/2025\/11\/viber_image_2025-11-14_13-08-27-103.jpg","width":1592,"height":1600,"caption":"Kal\u0117din\u0117 kompozicija \u017ealiame krep\u0161elyje"},{"@type":"BreadcrumbList","@id":"https:\/\/www.gintaresgeles.lt\/en\/puokste\/christmas-composition-in-a-green-basket\/#breadcrumb","itemListElement":[{"@type":"ListItem","position":1,"name":"Prad\u017eia","item":"https:\/\/www.gintaresgeles.lt\/en\/"},{"@type":"ListItem","position":2,"name":"All flowers and other products","item":"https:\/\/www.gintaresgeles.lt\/en\/all-flowers-and-other-products\/"},{"@type":"ListItem","position":3,"name":"Christmas Composition in a Green Basket"}]},{"@type":"WebSite","@id":"https:\/\/www.gintaresgeles.lt\/en\/#website","url":"https:\/\/www.gintaresgeles.lt\/en\/","name":"gintaresgeles.lt","description":"G\u0117li\u0173 parduotuv\u0117 internete","potentialAction":[{"@type":"SearchAction","target":{"@type":"EntryPoint","urlTemplate":"https:\/\/www.gintaresgeles.lt\/en\/?s={search_term_string}"},"query-input":{"@type":"PropertyValueSpecification","valueRequired":true,"valueName":"search_term_string"}}],"inLanguage":"en-US"}]}},"_links":{"self":[{"href":"https:\/\/www.gintaresgeles.lt\/en\/wp-json\/wp\/v2\/product\/57683","targetHints":{"allow":["GET"]}}],"collection":[{"href":"https:\/\/www.gintaresgeles.lt\/en\/wp-json\/wp\/v2\/product"}],"about":[{"href":"https:\/\/www.gintaresgeles.lt\/en\/wp-json\/wp\/v2\/types\/product"}],"wp:featuredmedia":[{"embeddable":true,"href":"https:\/\/www.gintaresgeles.lt\/en\/wp-json\/wp\/v2\/media\/57516"}],"wp:attachment":[{"href":"https:\/\/www.gintaresgeles.lt\/en\/wp-json\/wp\/v2\/media?parent=57683"}],"wp:term":[{"taxonomy":"product_brand","embeddable":true,"href":"https:\/\/www.gintaresgeles.lt\/en\/wp-json\/wp\/v2\/product_brand?post=57683"},{"taxonomy":"product_cat","embeddable":true,"href":"https:\/\/www.gintaresgeles.lt\/en\/wp-json\/wp\/v2\/product_cat?post=57683"},{"taxonomy":"product_tag","embeddable":true,"href":"https:\/\/www.gintaresgeles.lt\/en\/wp-json\/wp\/v2\/product_tag?post=57683"}],"curies":[{"name":"wp","href":"https:\/\/api.w.org\/{rel}","templated":true}]}}