{"id":57687,"date":"2025-09-10T12:57:25","date_gmt":"2025-09-10T09:57:25","guid":{"rendered":"https:\/\/www.gintaresgeles.lt\/puokste\/colorful-helium-balloon-birthday-bouquet-stylish-contrast\/"},"modified":"2025-09-10T12:57:25","modified_gmt":"2025-09-10T09:57:25","slug":"colorful-helium-balloon-birthday-bouquet-stylish-contrast","status":"publish","type":"product","link":"https:\/\/www.gintaresgeles.lt\/en\/puokste\/colorful-helium-balloon-birthday-bouquet-stylish-contrast\/","title":{"rendered":"Colorful Helium Balloon Birthday Bouquet &#8220;Stylish Contrast&#8221;"},"content":{"rendered":"","protected":false},"excerpt":{"rendered":"<p>Expressive and refined \u2014 that is the &#8220;Stylish Contrast&#8221; helium balloon bouquet. It is perfect for those who appreciate bright celebration design and elegance.<\/p>\n<p>The set includes:<\/p>\n<p><b>1 pc.<\/b> black rubber balloon &#8220;Happy Birthday&#8221;;<\/p>\n<p>The remaining rubber balloons, which include various shades of pink, cream, and chrome.<\/p>\n<p>The balloon shade may slightly differ from the one shown in the photo.<\/p>\n","protected":false},"featured_media":56471,"template":"","meta":[],"product_brand":[],"product_cat":[270,1957,893,1959,1961,894,1203],"product_tag":[],"class_list":{"0":"post-57687","1":"product","2":"type-product","3":"status-publish","4":"has-post-thumbnail","6":"product_cat-helium-balloons","7":"product_cat-chrome-helium-balloons","8":"product_cat-helium-balloons-for-birthday","9":"product_cat-helium-balloons-for-boys","10":"product_cat-helium-balloons-for-girls","11":"product_cat-helium-balloons-for-kids","12":"product_cat-helium-rubber-balloons","13":"tm-has-options","15":"first","16":"instock","17":"taxable","18":"shipping-taxable","19":"purchasable","20":"product-type-simple"},"yoast_head":"<!-- This site is optimized with the Yoast SEO plugin v25.3 - https:\/\/yoast.com\/wordpress\/plugins\/seo\/ -->\n<title>Balloon Birthday Bouquet &quot;Stylish Contrast&quot; | Gintar\u0117s G\u0117l\u0117s<\/title>\n<meta name=\"description\" content=\"An elegant balloon composition \u2014 pink and black rubber balloons combined with a &quot;Happy Birthday&quot; balloon \u2013 perfectly suited for modern-style birthdays.\" \/>\n<meta name=\"robots\" content=\"index, follow, max-snippet:-1, max-image-preview:large, max-video-preview:-1\" \/>\n<link rel=\"canonical\" href=\"https:\/\/www.gintaresgeles.lt\/en\/puokste\/colorful-helium-balloon-birthday-bouquet-stylish-contrast\/\" \/>\n<meta property=\"og:locale\" content=\"en_US\" \/>\n<meta property=\"og:type\" content=\"article\" \/>\n<meta property=\"og:title\" content=\"Balloon Birthday Bouquet &quot;Stylish Contrast&quot; | Gintar\u0117s G\u0117l\u0117s\" \/>\n<meta property=\"og:description\" content=\"An elegant balloon composition \u2014 pink and black rubber balloons combined with a &quot;Happy Birthday&quot; balloon \u2013 perfectly suited for modern-style birthdays.\" \/>\n<meta property=\"og:url\" content=\"https:\/\/www.gintaresgeles.lt\/en\/puokste\/colorful-helium-balloon-birthday-bouquet-stylish-contrast\/\" \/>\n<meta property=\"og:site_name\" content=\"gintaresgeles.lt\" \/>\n<meta property=\"og:image\" content=\"https:\/\/www.gintaresgeles.lt\/wp-content\/uploads\/2025\/07\/Guminiu-balionu-puokste-su-skirtingais-atspalviais-gimtadieniui.jpg\" \/>\n\t<meta property=\"og:image:width\" content=\"850\" \/>\n\t<meta property=\"og:image:height\" content=\"850\" \/>\n\t<meta property=\"og:image:type\" content=\"image\/jpeg\" \/>\n<meta name=\"twitter:card\" content=\"summary_large_image\" \/>\n<script type=\"application\/ld+json\" class=\"yoast-schema-graph\">{\"@context\":\"https:\/\/schema.org\",\"@graph\":[{\"@type\":\"WebPage\",\"@id\":\"https:\/\/www.gintaresgeles.lt\/en\/puokste\/colorful-helium-balloon-birthday-bouquet-stylish-contrast\/\",\"url\":\"https:\/\/www.gintaresgeles.lt\/en\/puokste\/colorful-helium-balloon-birthday-bouquet-stylish-contrast\/\",\"name\":\"Balloon Birthday Bouquet \\\"Stylish Contrast\\\" | Gintar\u0117s G\u0117l\u0117s\",\"isPartOf\":{\"@id\":\"https:\/\/www.gintaresgeles.lt\/en\/#website\"},\"primaryImageOfPage\":{\"@id\":\"https:\/\/www.gintaresgeles.lt\/en\/puokste\/colorful-helium-balloon-birthday-bouquet-stylish-contrast\/#primaryimage\"},\"image\":{\"@id\":\"https:\/\/www.gintaresgeles.lt\/en\/puokste\/colorful-helium-balloon-birthday-bouquet-stylish-contrast\/#primaryimage\"},\"thumbnailUrl\":\"https:\/\/www.gintaresgeles.lt\/wp-content\/uploads\/2025\/07\/Guminiu-balionu-puokste-su-skirtingais-atspalviais-gimtadieniui.jpg\",\"datePublished\":\"2025-09-10T09:57:25+00:00\",\"description\":\"An elegant balloon composition \u2014 pink and black rubber balloons combined with a \\\"Happy Birthday\\\" balloon \u2013 perfectly suited for modern-style birthdays.\",\"breadcrumb\":{\"@id\":\"https:\/\/www.gintaresgeles.lt\/en\/puokste\/colorful-helium-balloon-birthday-bouquet-stylish-contrast\/#breadcrumb\"},\"inLanguage\":\"en-US\",\"potentialAction\":[{\"@type\":\"ReadAction\",\"target\":[\"https:\/\/www.gintaresgeles.lt\/en\/puokste\/colorful-helium-balloon-birthday-bouquet-stylish-contrast\/\"]}]},{\"@type\":\"ImageObject\",\"inLanguage\":\"en-US\",\"@id\":\"https:\/\/www.gintaresgeles.lt\/en\/puokste\/colorful-helium-balloon-birthday-bouquet-stylish-contrast\/#primaryimage\",\"url\":\"https:\/\/www.gintaresgeles.lt\/wp-content\/uploads\/2025\/07\/Guminiu-balionu-puokste-su-skirtingais-atspalviais-gimtadieniui.jpg\",\"contentUrl\":\"https:\/\/www.gintaresgeles.lt\/wp-content\/uploads\/2025\/07\/Guminiu-balionu-puokste-su-skirtingais-atspalviais-gimtadieniui.jpg\",\"width\":850,\"height\":850,\"caption\":\"Skirting\u0173 atspalvi\u0173 balion\u0173 puok\u0161t\u0117 su gimtadienio sveikinimu\"},{\"@type\":\"BreadcrumbList\",\"@id\":\"https:\/\/www.gintaresgeles.lt\/en\/puokste\/colorful-helium-balloon-birthday-bouquet-stylish-contrast\/#breadcrumb\",\"itemListElement\":[{\"@type\":\"ListItem\",\"position\":1,\"name\":\"Prad\u017eia\",\"item\":\"https:\/\/www.gintaresgeles.lt\/en\/\"},{\"@type\":\"ListItem\",\"position\":2,\"name\":\"All flowers and other products\",\"item\":\"https:\/\/www.gintaresgeles.lt\/en\/all-flowers-and-other-products\/\"},{\"@type\":\"ListItem\",\"position\":3,\"name\":\"Colorful Helium Balloon Birthday Bouquet &#8222;Stylish Contrast&#8221;\"}]},{\"@type\":\"WebSite\",\"@id\":\"https:\/\/www.gintaresgeles.lt\/en\/#website\",\"url\":\"https:\/\/www.gintaresgeles.lt\/en\/\",\"name\":\"Gintares Geles\",\"description\":\"Flower delivery in Vilnius | Same-day delivery | Gintares geles\",\"potentialAction\":[{\"@type\":\"SearchAction\",\"target\":{\"@type\":\"EntryPoint\",\"urlTemplate\":\"https:\/\/www.gintaresgeles.lt\/en\/?s={search_term_string}\"},\"query-input\":{\"@type\":\"PropertyValueSpecification\",\"valueRequired\":true,\"valueName\":\"search_term_string\"}}],\"inLanguage\":\"en-US\"}]}<\/script>\n<!-- \/ Yoast SEO plugin. -->","yoast_head_json":{"title":"Balloon Birthday Bouquet \"Stylish Contrast\" | Gintar\u0117s G\u0117l\u0117s","description":"An elegant balloon composition \u2014 pink and black rubber balloons combined with a \"Happy Birthday\" balloon \u2013 perfectly suited for modern-style birthdays.","robots":{"index":"index","follow":"follow","max-snippet":"max-snippet:-1","max-image-preview":"max-image-preview:large","max-video-preview":"max-video-preview:-1"},"canonical":"https:\/\/www.gintaresgeles.lt\/en\/puokste\/colorful-helium-balloon-birthday-bouquet-stylish-contrast\/","og_locale":"en_US","og_type":"article","og_title":"Balloon Birthday Bouquet \"Stylish Contrast\" | Gintar\u0117s G\u0117l\u0117s","og_description":"An elegant balloon composition \u2014 pink and black rubber balloons combined with a \"Happy Birthday\" balloon \u2013 perfectly suited for modern-style birthdays.","og_url":"https:\/\/www.gintaresgeles.lt\/en\/puokste\/colorful-helium-balloon-birthday-bouquet-stylish-contrast\/","og_site_name":"gintaresgeles.lt","og_image":[{"width":850,"height":850,"url":"https:\/\/www.gintaresgeles.lt\/wp-content\/uploads\/2025\/07\/Guminiu-balionu-puokste-su-skirtingais-atspalviais-gimtadieniui.jpg","type":"image\/jpeg"}],"twitter_card":"summary_large_image","schema":{"@context":"https:\/\/schema.org","@graph":[{"@type":"WebPage","@id":"https:\/\/www.gintaresgeles.lt\/en\/puokste\/colorful-helium-balloon-birthday-bouquet-stylish-contrast\/","url":"https:\/\/www.gintaresgeles.lt\/en\/puokste\/colorful-helium-balloon-birthday-bouquet-stylish-contrast\/","name":"Balloon Birthday Bouquet \"Stylish Contrast\" | Gintar\u0117s G\u0117l\u0117s","isPartOf":{"@id":"https:\/\/www.gintaresgeles.lt\/en\/#website"},"primaryImageOfPage":{"@id":"https:\/\/www.gintaresgeles.lt\/en\/puokste\/colorful-helium-balloon-birthday-bouquet-stylish-contrast\/#primaryimage"},"image":{"@id":"https:\/\/www.gintaresgeles.lt\/en\/puokste\/colorful-helium-balloon-birthday-bouquet-stylish-contrast\/#primaryimage"},"thumbnailUrl":"https:\/\/www.gintaresgeles.lt\/wp-content\/uploads\/2025\/07\/Guminiu-balionu-puokste-su-skirtingais-atspalviais-gimtadieniui.jpg","datePublished":"2025-09-10T09:57:25+00:00","description":"An elegant balloon composition \u2014 pink and black rubber balloons combined with a \"Happy Birthday\" balloon \u2013 perfectly suited for modern-style birthdays.","breadcrumb":{"@id":"https:\/\/www.gintaresgeles.lt\/en\/puokste\/colorful-helium-balloon-birthday-bouquet-stylish-contrast\/#breadcrumb"},"inLanguage":"en-US","potentialAction":[{"@type":"ReadAction","target":["https:\/\/www.gintaresgeles.lt\/en\/puokste\/colorful-helium-balloon-birthday-bouquet-stylish-contrast\/"]}]},{"@type":"ImageObject","inLanguage":"en-US","@id":"https:\/\/www.gintaresgeles.lt\/en\/puokste\/colorful-helium-balloon-birthday-bouquet-stylish-contrast\/#primaryimage","url":"https:\/\/www.gintaresgeles.lt\/wp-content\/uploads\/2025\/07\/Guminiu-balionu-puokste-su-skirtingais-atspalviais-gimtadieniui.jpg","contentUrl":"https:\/\/www.gintaresgeles.lt\/wp-content\/uploads\/2025\/07\/Guminiu-balionu-puokste-su-skirtingais-atspalviais-gimtadieniui.jpg","width":850,"height":850,"caption":"Skirting\u0173 atspalvi\u0173 balion\u0173 puok\u0161t\u0117 su gimtadienio sveikinimu"},{"@type":"BreadcrumbList","@id":"https:\/\/www.gintaresgeles.lt\/en\/puokste\/colorful-helium-balloon-birthday-bouquet-stylish-contrast\/#breadcrumb","itemListElement":[{"@type":"ListItem","position":1,"name":"Prad\u017eia","item":"https:\/\/www.gintaresgeles.lt\/en\/"},{"@type":"ListItem","position":2,"name":"All flowers and other products","item":"https:\/\/www.gintaresgeles.lt\/en\/all-flowers-and-other-products\/"},{"@type":"ListItem","position":3,"name":"Colorful Helium Balloon Birthday Bouquet &#8222;Stylish Contrast&#8221;"}]},{"@type":"WebSite","@id":"https:\/\/www.gintaresgeles.lt\/en\/#website","url":"https:\/\/www.gintaresgeles.lt\/en\/","name":"Gintares Geles","description":"Flower delivery in Vilnius | Same-day delivery | Gintares geles","potentialAction":[{"@type":"SearchAction","target":{"@type":"EntryPoint","urlTemplate":"https:\/\/www.gintaresgeles.lt\/en\/?s={search_term_string}"},"query-input":{"@type":"PropertyValueSpecification","valueRequired":true,"valueName":"search_term_string"}}],"inLanguage":"en-US"}]}},"_links":{"self":[{"href":"https:\/\/www.gintaresgeles.lt\/en\/wp-json\/wp\/v2\/product\/57687","targetHints":{"allow":["GET"]}}],"collection":[{"href":"https:\/\/www.gintaresgeles.lt\/en\/wp-json\/wp\/v2\/product"}],"about":[{"href":"https:\/\/www.gintaresgeles.lt\/en\/wp-json\/wp\/v2\/types\/product"}],"wp:featuredmedia":[{"embeddable":true,"href":"https:\/\/www.gintaresgeles.lt\/en\/wp-json\/wp\/v2\/media\/56471"}],"wp:attachment":[{"href":"https:\/\/www.gintaresgeles.lt\/en\/wp-json\/wp\/v2\/media?parent=57687"}],"wp:term":[{"taxonomy":"product_brand","embeddable":true,"href":"https:\/\/www.gintaresgeles.lt\/en\/wp-json\/wp\/v2\/product_brand?post=57687"},{"taxonomy":"product_cat","embeddable":true,"href":"https:\/\/www.gintaresgeles.lt\/en\/wp-json\/wp\/v2\/product_cat?post=57687"},{"taxonomy":"product_tag","embeddable":true,"href":"https:\/\/www.gintaresgeles.lt\/en\/wp-json\/wp\/v2\/product_tag?post=57687"}],"curies":[{"name":"wp","href":"https:\/\/api.w.org\/{rel}","templated":true}]}}