{"id":57691,"date":"2025-09-09T21:54:04","date_gmt":"2025-09-09T18:54:04","guid":{"rendered":"https:\/\/www.gintaresgeles.lt\/puokste\/elegant-foil-helium-balloon-get-well\/"},"modified":"2025-09-09T21:54:04","modified_gmt":"2025-09-09T18:54:04","slug":"elegant-foil-helium-balloon-get-well","status":"publish","type":"product","link":"https:\/\/www.gintaresgeles.lt\/en\/puokste\/elegant-foil-helium-balloon-get-well\/","title":{"rendered":"Elegant Foil Helium Balloon &#8220;Get Well&#8221;"},"content":{"rendered":"","protected":false},"excerpt":{"rendered":"<p>An elegant foil helium balloon with the inscription &#8220;Wishing You a Smooth Recovery&#8221; (or &#8220;Get Well Soon&#8221;) \u2013 a subtle and stylish gift expressing care and support.<\/p>\n<p>The balloon features a combination of white and gold colors, which is perfect for both a hospital and home environment.<\/p>\n<p>Balloon size &#8211; <b>46 cm<\/b>.<\/p>\n","protected":false},"featured_media":56917,"template":"","meta":[],"product_brand":[],"product_cat":[270,1956],"product_tag":[],"class_list":{"0":"post-57691","1":"product","2":"type-product","3":"status-publish","4":"has-post-thumbnail","6":"product_cat-helium-balloons","7":"product_cat-foil-helium-balloons","8":"tm-has-options","10":"first","11":"instock","12":"taxable","13":"shipping-taxable","14":"purchasable","15":"product-type-simple"},"yoast_head":"<!-- This site is optimized with the Yoast SEO plugin v25.3 - https:\/\/yoast.com\/wordpress\/plugins\/seo\/ -->\n<title>Foil Helium Balloon &quot;Get Well&quot; | Gintar\u0117s G\u0117l\u0117s<\/title>\n<meta name=\"description\" content=\"Elegant foil helium balloon &quot;Wishing You a Smooth Recovery&quot; \u2013 a perfect gift expressing care and support for everyone.\" \/>\n<meta name=\"robots\" content=\"index, follow, max-snippet:-1, max-image-preview:large, max-video-preview:-1\" \/>\n<link rel=\"canonical\" href=\"https:\/\/www.gintaresgeles.lt\/en\/puokste\/elegant-foil-helium-balloon-get-well\/\" \/>\n<meta property=\"og:locale\" content=\"en_US\" \/>\n<meta property=\"og:type\" content=\"article\" \/>\n<meta property=\"og:title\" content=\"Foil Helium Balloon &quot;Get Well&quot; | Gintar\u0117s G\u0117l\u0117s\" \/>\n<meta property=\"og:description\" content=\"Elegant foil helium balloon &quot;Wishing You a Smooth Recovery&quot; \u2013 a perfect gift expressing care and support for everyone.\" \/>\n<meta property=\"og:url\" content=\"https:\/\/www.gintaresgeles.lt\/en\/puokste\/elegant-foil-helium-balloon-get-well\/\" \/>\n<meta property=\"og:site_name\" content=\"gintaresgeles.lt\" \/>\n<meta property=\"og:image\" content=\"https:\/\/www.gintaresgeles.lt\/wp-content\/uploads\/2025\/08\/Linkejimo-pasveikti-balionas.jpg\" \/>\n\t<meta property=\"og:image:width\" content=\"1002\" \/>\n\t<meta property=\"og:image:height\" content=\"1002\" \/>\n\t<meta property=\"og:image:type\" content=\"image\/jpeg\" \/>\n<meta name=\"twitter:card\" content=\"summary_large_image\" \/>\n<script type=\"application\/ld+json\" class=\"yoast-schema-graph\">{\"@context\":\"https:\/\/schema.org\",\"@graph\":[{\"@type\":\"WebPage\",\"@id\":\"https:\/\/www.gintaresgeles.lt\/en\/puokste\/elegant-foil-helium-balloon-get-well\/\",\"url\":\"https:\/\/www.gintaresgeles.lt\/en\/puokste\/elegant-foil-helium-balloon-get-well\/\",\"name\":\"Foil Helium Balloon \\\"Get Well\\\" | Gintar\u0117s G\u0117l\u0117s\",\"isPartOf\":{\"@id\":\"https:\/\/www.gintaresgeles.lt\/en\/#website\"},\"primaryImageOfPage\":{\"@id\":\"https:\/\/www.gintaresgeles.lt\/en\/puokste\/elegant-foil-helium-balloon-get-well\/#primaryimage\"},\"image\":{\"@id\":\"https:\/\/www.gintaresgeles.lt\/en\/puokste\/elegant-foil-helium-balloon-get-well\/#primaryimage\"},\"thumbnailUrl\":\"https:\/\/www.gintaresgeles.lt\/wp-content\/uploads\/2025\/08\/Linkejimo-pasveikti-balionas.jpg\",\"datePublished\":\"2025-09-09T18:54:04+00:00\",\"description\":\"Elegant foil helium balloon \\\"Wishing You a Smooth Recovery\\\" \u2013 a perfect gift expressing care and support for everyone.\",\"breadcrumb\":{\"@id\":\"https:\/\/www.gintaresgeles.lt\/en\/puokste\/elegant-foil-helium-balloon-get-well\/#breadcrumb\"},\"inLanguage\":\"en-US\",\"potentialAction\":[{\"@type\":\"ReadAction\",\"target\":[\"https:\/\/www.gintaresgeles.lt\/en\/puokste\/elegant-foil-helium-balloon-get-well\/\"]}]},{\"@type\":\"ImageObject\",\"inLanguage\":\"en-US\",\"@id\":\"https:\/\/www.gintaresgeles.lt\/en\/puokste\/elegant-foil-helium-balloon-get-well\/#primaryimage\",\"url\":\"https:\/\/www.gintaresgeles.lt\/wp-content\/uploads\/2025\/08\/Linkejimo-pasveikti-balionas.jpg\",\"contentUrl\":\"https:\/\/www.gintaresgeles.lt\/wp-content\/uploads\/2025\/08\/Linkejimo-pasveikti-balionas.jpg\",\"width\":1002,\"height\":1002,\"caption\":\"Mielas ir spalvingas geros sveikatos linkintis balionas\"},{\"@type\":\"BreadcrumbList\",\"@id\":\"https:\/\/www.gintaresgeles.lt\/en\/puokste\/elegant-foil-helium-balloon-get-well\/#breadcrumb\",\"itemListElement\":[{\"@type\":\"ListItem\",\"position\":1,\"name\":\"Prad\u017eia\",\"item\":\"https:\/\/www.gintaresgeles.lt\/en\/\"},{\"@type\":\"ListItem\",\"position\":2,\"name\":\"All flowers and other products\",\"item\":\"https:\/\/www.gintaresgeles.lt\/en\/all-flowers-and-other-products\/\"},{\"@type\":\"ListItem\",\"position\":3,\"name\":\"Elegant Foil Helium Balloon &#8222;Get Well&#8221;\"}]},{\"@type\":\"WebSite\",\"@id\":\"https:\/\/www.gintaresgeles.lt\/en\/#website\",\"url\":\"https:\/\/www.gintaresgeles.lt\/en\/\",\"name\":\"gintaresgeles.lt\",\"description\":\"G\u0117li\u0173 parduotuv\u0117 internete\",\"potentialAction\":[{\"@type\":\"SearchAction\",\"target\":{\"@type\":\"EntryPoint\",\"urlTemplate\":\"https:\/\/www.gintaresgeles.lt\/en\/?s={search_term_string}\"},\"query-input\":{\"@type\":\"PropertyValueSpecification\",\"valueRequired\":true,\"valueName\":\"search_term_string\"}}],\"inLanguage\":\"en-US\"}]}<\/script>\n<!-- \/ Yoast SEO plugin. -->","yoast_head_json":{"title":"Foil Helium Balloon \"Get Well\" | Gintar\u0117s G\u0117l\u0117s","description":"Elegant foil helium balloon \"Wishing You a Smooth Recovery\" \u2013 a perfect gift expressing care and support for everyone.","robots":{"index":"index","follow":"follow","max-snippet":"max-snippet:-1","max-image-preview":"max-image-preview:large","max-video-preview":"max-video-preview:-1"},"canonical":"https:\/\/www.gintaresgeles.lt\/en\/puokste\/elegant-foil-helium-balloon-get-well\/","og_locale":"en_US","og_type":"article","og_title":"Foil Helium Balloon \"Get Well\" | Gintar\u0117s G\u0117l\u0117s","og_description":"Elegant foil helium balloon \"Wishing You a Smooth Recovery\" \u2013 a perfect gift expressing care and support for everyone.","og_url":"https:\/\/www.gintaresgeles.lt\/en\/puokste\/elegant-foil-helium-balloon-get-well\/","og_site_name":"gintaresgeles.lt","og_image":[{"width":1002,"height":1002,"url":"https:\/\/www.gintaresgeles.lt\/wp-content\/uploads\/2025\/08\/Linkejimo-pasveikti-balionas.jpg","type":"image\/jpeg"}],"twitter_card":"summary_large_image","schema":{"@context":"https:\/\/schema.org","@graph":[{"@type":"WebPage","@id":"https:\/\/www.gintaresgeles.lt\/en\/puokste\/elegant-foil-helium-balloon-get-well\/","url":"https:\/\/www.gintaresgeles.lt\/en\/puokste\/elegant-foil-helium-balloon-get-well\/","name":"Foil Helium Balloon \"Get Well\" | Gintar\u0117s G\u0117l\u0117s","isPartOf":{"@id":"https:\/\/www.gintaresgeles.lt\/en\/#website"},"primaryImageOfPage":{"@id":"https:\/\/www.gintaresgeles.lt\/en\/puokste\/elegant-foil-helium-balloon-get-well\/#primaryimage"},"image":{"@id":"https:\/\/www.gintaresgeles.lt\/en\/puokste\/elegant-foil-helium-balloon-get-well\/#primaryimage"},"thumbnailUrl":"https:\/\/www.gintaresgeles.lt\/wp-content\/uploads\/2025\/08\/Linkejimo-pasveikti-balionas.jpg","datePublished":"2025-09-09T18:54:04+00:00","description":"Elegant foil helium balloon \"Wishing You a Smooth Recovery\" \u2013 a perfect gift expressing care and support for everyone.","breadcrumb":{"@id":"https:\/\/www.gintaresgeles.lt\/en\/puokste\/elegant-foil-helium-balloon-get-well\/#breadcrumb"},"inLanguage":"en-US","potentialAction":[{"@type":"ReadAction","target":["https:\/\/www.gintaresgeles.lt\/en\/puokste\/elegant-foil-helium-balloon-get-well\/"]}]},{"@type":"ImageObject","inLanguage":"en-US","@id":"https:\/\/www.gintaresgeles.lt\/en\/puokste\/elegant-foil-helium-balloon-get-well\/#primaryimage","url":"https:\/\/www.gintaresgeles.lt\/wp-content\/uploads\/2025\/08\/Linkejimo-pasveikti-balionas.jpg","contentUrl":"https:\/\/www.gintaresgeles.lt\/wp-content\/uploads\/2025\/08\/Linkejimo-pasveikti-balionas.jpg","width":1002,"height":1002,"caption":"Mielas ir spalvingas geros sveikatos linkintis balionas"},{"@type":"BreadcrumbList","@id":"https:\/\/www.gintaresgeles.lt\/en\/puokste\/elegant-foil-helium-balloon-get-well\/#breadcrumb","itemListElement":[{"@type":"ListItem","position":1,"name":"Prad\u017eia","item":"https:\/\/www.gintaresgeles.lt\/en\/"},{"@type":"ListItem","position":2,"name":"All flowers and other products","item":"https:\/\/www.gintaresgeles.lt\/en\/all-flowers-and-other-products\/"},{"@type":"ListItem","position":3,"name":"Elegant Foil Helium Balloon &#8222;Get Well&#8221;"}]},{"@type":"WebSite","@id":"https:\/\/www.gintaresgeles.lt\/en\/#website","url":"https:\/\/www.gintaresgeles.lt\/en\/","name":"gintaresgeles.lt","description":"G\u0117li\u0173 parduotuv\u0117 internete","potentialAction":[{"@type":"SearchAction","target":{"@type":"EntryPoint","urlTemplate":"https:\/\/www.gintaresgeles.lt\/en\/?s={search_term_string}"},"query-input":{"@type":"PropertyValueSpecification","valueRequired":true,"valueName":"search_term_string"}}],"inLanguage":"en-US"}]}},"_links":{"self":[{"href":"https:\/\/www.gintaresgeles.lt\/en\/wp-json\/wp\/v2\/product\/57691","targetHints":{"allow":["GET"]}}],"collection":[{"href":"https:\/\/www.gintaresgeles.lt\/en\/wp-json\/wp\/v2\/product"}],"about":[{"href":"https:\/\/www.gintaresgeles.lt\/en\/wp-json\/wp\/v2\/types\/product"}],"wp:featuredmedia":[{"embeddable":true,"href":"https:\/\/www.gintaresgeles.lt\/en\/wp-json\/wp\/v2\/media\/56917"}],"wp:attachment":[{"href":"https:\/\/www.gintaresgeles.lt\/en\/wp-json\/wp\/v2\/media?parent=57691"}],"wp:term":[{"taxonomy":"product_brand","embeddable":true,"href":"https:\/\/www.gintaresgeles.lt\/en\/wp-json\/wp\/v2\/product_brand?post=57691"},{"taxonomy":"product_cat","embeddable":true,"href":"https:\/\/www.gintaresgeles.lt\/en\/wp-json\/wp\/v2\/product_cat?post=57691"},{"taxonomy":"product_tag","embeddable":true,"href":"https:\/\/www.gintaresgeles.lt\/en\/wp-json\/wp\/v2\/product_tag?post=57691"}],"curies":[{"name":"wp","href":"https:\/\/api.w.org\/{rel}","templated":true}]}}