{"id":57700,"date":"2025-09-09T21:56:38","date_gmt":"2025-09-09T18:56:38","guid":{"rendered":"https:\/\/www.gintaresgeles.lt\/puokste\/colorful-greeting-dots-hello-baby-helium-balloon\/"},"modified":"2025-09-09T21:56:38","modified_gmt":"2025-09-09T18:56:38","slug":"colorful-greeting-dots-hello-baby-helium-balloon","status":"publish","type":"product","link":"https:\/\/www.gintaresgeles.lt\/en\/puokste\/colorful-greeting-dots-hello-baby-helium-balloon\/","title":{"rendered":"Colorful Greeting Dots &#8220;Hello Baby&#8221; Helium Balloon"},"content":{"rendered":"","protected":false},"excerpt":{"rendered":"<p>A gentle welcome to a new life \u2013 that is what the &#8220;Colorful Greeting Dots &#8216;Hello Baby'&#8221; expresses. This foil helium balloon with subtle pastel color accents and a cute inscription is perfect for welcoming a baby or a baby shower celebration.<\/p>\n<p>It not only decorates the space but also creates a cozy, joyful atmosphere \u2013 inflated with helium, the balloon rises and, floating in the air, sends the warmest greetings to the little one.<\/p>\n<p>Balloon size &#8211; <b>46 cm<\/b>.<\/p>\n","protected":false},"featured_media":56941,"template":"","meta":[],"product_brand":[],"product_cat":[270,1956,915],"product_tag":[],"class_list":{"0":"post-57700","1":"product","2":"type-product","3":"status-publish","4":"has-post-thumbnail","6":"product_cat-helium-balloons","7":"product_cat-foil-helium-balloons","8":"product_cat-helium-balloons-for-childbirth","9":"tm-has-options","11":"first","12":"instock","13":"taxable","14":"shipping-taxable","15":"purchasable","16":"product-type-simple"},"yoast_head":"<!-- This site is optimized with the Yoast SEO plugin v25.3 - https:\/\/yoast.com\/wordpress\/plugins\/seo\/ -->\n<title>Colorful Greeting Dots &quot;Hello Baby&quot; Helium Balloon | Gintar\u0117s G\u0117l\u0117s<\/title>\n<meta name=\"description\" content=\"Pastel dot foil helium balloon &quot;Hello Baby&quot; \u2013 a gentle and sweet decoration for a baby celebration or baby shower occasion.\" \/>\n<meta name=\"robots\" content=\"index, follow, max-snippet:-1, max-image-preview:large, max-video-preview:-1\" \/>\n<link rel=\"canonical\" href=\"https:\/\/www.gintaresgeles.lt\/en\/puokste\/colorful-greeting-dots-hello-baby-helium-balloon\/\" \/>\n<meta property=\"og:locale\" content=\"en_US\" \/>\n<meta property=\"og:type\" content=\"article\" \/>\n<meta property=\"og:title\" content=\"Colorful Greeting Dots &quot;Hello Baby&quot; Helium Balloon | Gintar\u0117s G\u0117l\u0117s\" \/>\n<meta property=\"og:description\" content=\"Pastel dot foil helium balloon &quot;Hello Baby&quot; \u2013 a gentle and sweet decoration for a baby celebration or baby shower occasion.\" \/>\n<meta property=\"og:url\" content=\"https:\/\/www.gintaresgeles.lt\/en\/puokste\/colorful-greeting-dots-hello-baby-helium-balloon\/\" \/>\n<meta property=\"og:site_name\" content=\"gintaresgeles.lt\" \/>\n<meta property=\"og:image\" content=\"https:\/\/www.gintaresgeles.lt\/wp-content\/uploads\/2025\/08\/Vaiko-gimimo-balionas-su-konfeti.jpg\" \/>\n\t<meta property=\"og:image:width\" content=\"1000\" \/>\n\t<meta property=\"og:image:height\" content=\"1002\" \/>\n\t<meta property=\"og:image:type\" content=\"image\/jpeg\" \/>\n<meta name=\"twitter:card\" content=\"summary_large_image\" \/>\n<script type=\"application\/ld+json\" class=\"yoast-schema-graph\">{\"@context\":\"https:\/\/schema.org\",\"@graph\":[{\"@type\":\"WebPage\",\"@id\":\"https:\/\/www.gintaresgeles.lt\/en\/puokste\/colorful-greeting-dots-hello-baby-helium-balloon\/\",\"url\":\"https:\/\/www.gintaresgeles.lt\/en\/puokste\/colorful-greeting-dots-hello-baby-helium-balloon\/\",\"name\":\"Colorful Greeting Dots \\\"Hello Baby\\\" Helium Balloon | Gintar\u0117s G\u0117l\u0117s\",\"isPartOf\":{\"@id\":\"https:\/\/www.gintaresgeles.lt\/en\/#website\"},\"primaryImageOfPage\":{\"@id\":\"https:\/\/www.gintaresgeles.lt\/en\/puokste\/colorful-greeting-dots-hello-baby-helium-balloon\/#primaryimage\"},\"image\":{\"@id\":\"https:\/\/www.gintaresgeles.lt\/en\/puokste\/colorful-greeting-dots-hello-baby-helium-balloon\/#primaryimage\"},\"thumbnailUrl\":\"https:\/\/www.gintaresgeles.lt\/wp-content\/uploads\/2025\/08\/Vaiko-gimimo-balionas-su-konfeti.jpg\",\"datePublished\":\"2025-09-09T18:56:38+00:00\",\"description\":\"Pastel dot foil helium balloon \\\"Hello Baby\\\" \u2013 a gentle and sweet decoration for a baby celebration or baby shower occasion.\",\"breadcrumb\":{\"@id\":\"https:\/\/www.gintaresgeles.lt\/en\/puokste\/colorful-greeting-dots-hello-baby-helium-balloon\/#breadcrumb\"},\"inLanguage\":\"en-US\",\"potentialAction\":[{\"@type\":\"ReadAction\",\"target\":[\"https:\/\/www.gintaresgeles.lt\/en\/puokste\/colorful-greeting-dots-hello-baby-helium-balloon\/\"]}]},{\"@type\":\"ImageObject\",\"inLanguage\":\"en-US\",\"@id\":\"https:\/\/www.gintaresgeles.lt\/en\/puokste\/colorful-greeting-dots-hello-baby-helium-balloon\/#primaryimage\",\"url\":\"https:\/\/www.gintaresgeles.lt\/wp-content\/uploads\/2025\/08\/Vaiko-gimimo-balionas-su-konfeti.jpg\",\"contentUrl\":\"https:\/\/www.gintaresgeles.lt\/wp-content\/uploads\/2025\/08\/Vaiko-gimimo-balionas-su-konfeti.jpg\",\"width\":1000,\"height\":1002,\"caption\":\"Mielas pasitikimo balionas su spalvotais ta\u0161kiukais\"},{\"@type\":\"BreadcrumbList\",\"@id\":\"https:\/\/www.gintaresgeles.lt\/en\/puokste\/colorful-greeting-dots-hello-baby-helium-balloon\/#breadcrumb\",\"itemListElement\":[{\"@type\":\"ListItem\",\"position\":1,\"name\":\"Prad\u017eia\",\"item\":\"https:\/\/www.gintaresgeles.lt\/en\/\"},{\"@type\":\"ListItem\",\"position\":2,\"name\":\"All flowers and other products\",\"item\":\"https:\/\/www.gintaresgeles.lt\/en\/all-flowers-and-other-products\/\"},{\"@type\":\"ListItem\",\"position\":3,\"name\":\"Colorful Greeting Dots &#8222;Hello Baby&#8221; Helium Balloon\"}]},{\"@type\":\"WebSite\",\"@id\":\"https:\/\/www.gintaresgeles.lt\/en\/#website\",\"url\":\"https:\/\/www.gintaresgeles.lt\/en\/\",\"name\":\"gintaresgeles.lt\",\"description\":\"G\u0117li\u0173 parduotuv\u0117 internete\",\"potentialAction\":[{\"@type\":\"SearchAction\",\"target\":{\"@type\":\"EntryPoint\",\"urlTemplate\":\"https:\/\/www.gintaresgeles.lt\/en\/?s={search_term_string}\"},\"query-input\":{\"@type\":\"PropertyValueSpecification\",\"valueRequired\":true,\"valueName\":\"search_term_string\"}}],\"inLanguage\":\"en-US\"}]}<\/script>\n<!-- \/ Yoast SEO plugin. -->","yoast_head_json":{"title":"Colorful Greeting Dots \"Hello Baby\" Helium Balloon | Gintar\u0117s G\u0117l\u0117s","description":"Pastel dot foil helium balloon \"Hello Baby\" \u2013 a gentle and sweet decoration for a baby celebration or baby shower occasion.","robots":{"index":"index","follow":"follow","max-snippet":"max-snippet:-1","max-image-preview":"max-image-preview:large","max-video-preview":"max-video-preview:-1"},"canonical":"https:\/\/www.gintaresgeles.lt\/en\/puokste\/colorful-greeting-dots-hello-baby-helium-balloon\/","og_locale":"en_US","og_type":"article","og_title":"Colorful Greeting Dots \"Hello Baby\" Helium Balloon | Gintar\u0117s G\u0117l\u0117s","og_description":"Pastel dot foil helium balloon \"Hello Baby\" \u2013 a gentle and sweet decoration for a baby celebration or baby shower occasion.","og_url":"https:\/\/www.gintaresgeles.lt\/en\/puokste\/colorful-greeting-dots-hello-baby-helium-balloon\/","og_site_name":"gintaresgeles.lt","og_image":[{"width":1000,"height":1002,"url":"https:\/\/www.gintaresgeles.lt\/wp-content\/uploads\/2025\/08\/Vaiko-gimimo-balionas-su-konfeti.jpg","type":"image\/jpeg"}],"twitter_card":"summary_large_image","schema":{"@context":"https:\/\/schema.org","@graph":[{"@type":"WebPage","@id":"https:\/\/www.gintaresgeles.lt\/en\/puokste\/colorful-greeting-dots-hello-baby-helium-balloon\/","url":"https:\/\/www.gintaresgeles.lt\/en\/puokste\/colorful-greeting-dots-hello-baby-helium-balloon\/","name":"Colorful Greeting Dots \"Hello Baby\" Helium Balloon | Gintar\u0117s G\u0117l\u0117s","isPartOf":{"@id":"https:\/\/www.gintaresgeles.lt\/en\/#website"},"primaryImageOfPage":{"@id":"https:\/\/www.gintaresgeles.lt\/en\/puokste\/colorful-greeting-dots-hello-baby-helium-balloon\/#primaryimage"},"image":{"@id":"https:\/\/www.gintaresgeles.lt\/en\/puokste\/colorful-greeting-dots-hello-baby-helium-balloon\/#primaryimage"},"thumbnailUrl":"https:\/\/www.gintaresgeles.lt\/wp-content\/uploads\/2025\/08\/Vaiko-gimimo-balionas-su-konfeti.jpg","datePublished":"2025-09-09T18:56:38+00:00","description":"Pastel dot foil helium balloon \"Hello Baby\" \u2013 a gentle and sweet decoration for a baby celebration or baby shower occasion.","breadcrumb":{"@id":"https:\/\/www.gintaresgeles.lt\/en\/puokste\/colorful-greeting-dots-hello-baby-helium-balloon\/#breadcrumb"},"inLanguage":"en-US","potentialAction":[{"@type":"ReadAction","target":["https:\/\/www.gintaresgeles.lt\/en\/puokste\/colorful-greeting-dots-hello-baby-helium-balloon\/"]}]},{"@type":"ImageObject","inLanguage":"en-US","@id":"https:\/\/www.gintaresgeles.lt\/en\/puokste\/colorful-greeting-dots-hello-baby-helium-balloon\/#primaryimage","url":"https:\/\/www.gintaresgeles.lt\/wp-content\/uploads\/2025\/08\/Vaiko-gimimo-balionas-su-konfeti.jpg","contentUrl":"https:\/\/www.gintaresgeles.lt\/wp-content\/uploads\/2025\/08\/Vaiko-gimimo-balionas-su-konfeti.jpg","width":1000,"height":1002,"caption":"Mielas pasitikimo balionas su spalvotais ta\u0161kiukais"},{"@type":"BreadcrumbList","@id":"https:\/\/www.gintaresgeles.lt\/en\/puokste\/colorful-greeting-dots-hello-baby-helium-balloon\/#breadcrumb","itemListElement":[{"@type":"ListItem","position":1,"name":"Prad\u017eia","item":"https:\/\/www.gintaresgeles.lt\/en\/"},{"@type":"ListItem","position":2,"name":"All flowers and other products","item":"https:\/\/www.gintaresgeles.lt\/en\/all-flowers-and-other-products\/"},{"@type":"ListItem","position":3,"name":"Colorful Greeting Dots &#8222;Hello Baby&#8221; Helium Balloon"}]},{"@type":"WebSite","@id":"https:\/\/www.gintaresgeles.lt\/en\/#website","url":"https:\/\/www.gintaresgeles.lt\/en\/","name":"gintaresgeles.lt","description":"G\u0117li\u0173 parduotuv\u0117 internete","potentialAction":[{"@type":"SearchAction","target":{"@type":"EntryPoint","urlTemplate":"https:\/\/www.gintaresgeles.lt\/en\/?s={search_term_string}"},"query-input":{"@type":"PropertyValueSpecification","valueRequired":true,"valueName":"search_term_string"}}],"inLanguage":"en-US"}]}},"_links":{"self":[{"href":"https:\/\/www.gintaresgeles.lt\/en\/wp-json\/wp\/v2\/product\/57700","targetHints":{"allow":["GET"]}}],"collection":[{"href":"https:\/\/www.gintaresgeles.lt\/en\/wp-json\/wp\/v2\/product"}],"about":[{"href":"https:\/\/www.gintaresgeles.lt\/en\/wp-json\/wp\/v2\/types\/product"}],"wp:featuredmedia":[{"embeddable":true,"href":"https:\/\/www.gintaresgeles.lt\/en\/wp-json\/wp\/v2\/media\/56941"}],"wp:attachment":[{"href":"https:\/\/www.gintaresgeles.lt\/en\/wp-json\/wp\/v2\/media?parent=57700"}],"wp:term":[{"taxonomy":"product_brand","embeddable":true,"href":"https:\/\/www.gintaresgeles.lt\/en\/wp-json\/wp\/v2\/product_brand?post=57700"},{"taxonomy":"product_cat","embeddable":true,"href":"https:\/\/www.gintaresgeles.lt\/en\/wp-json\/wp\/v2\/product_cat?post=57700"},{"taxonomy":"product_tag","embeddable":true,"href":"https:\/\/www.gintaresgeles.lt\/en\/wp-json\/wp\/v2\/product_tag?post=57700"}],"curies":[{"name":"wp","href":"https:\/\/api.w.org\/{rel}","templated":true}]}}