{"id":57905,"date":"2026-01-18T17:15:25","date_gmt":"2026-01-18T15:15:25","guid":{"rendered":"https:\/\/www.gintaresgeles.lt\/puokste\/preserved-flower-arrangement-spring-bloom\/"},"modified":"2026-01-18T17:15:25","modified_gmt":"2026-01-18T15:15:25","slug":"preserved-flower-arrangement-spring-bloom","status":"publish","type":"product","link":"https:\/\/www.gintaresgeles.lt\/en\/puokste\/preserved-flower-arrangement-spring-bloom\/","title":{"rendered":"Preserved Flower Arrangement &#8220;Spring Bloom&#8221;"},"content":{"rendered":"","protected":false},"excerpt":{"rendered":"<p>An elegant handmade bouquet of preserved flowers. Subtly coordinated roses, chrysanthemums, hydrangeas, and limonium convey peace and aesthetics, while eucalyptus leaves and greenery provide freshness and texture. The flowers are beautifully presented in a classic white box.<\/p>\n","protected":false},"featured_media":57900,"template":"","meta":[],"product_brand":[],"product_cat":[892],"product_tag":[],"class_list":{"0":"post-57905","1":"product","2":"type-product","3":"status-publish","4":"has-post-thumbnail","6":"product_cat-sleeping-roses-en-flowers-by-type","7":"tm-has-options","9":"first","10":"instock","11":"taxable","12":"shipping-taxable","13":"purchasable","14":"product-type-simple"},"yoast_head":"<!-- This site is optimized with the Yoast SEO plugin v25.3 - https:\/\/yoast.com\/wordpress\/plugins\/seo\/ -->\n<title>Preserved Flower Arrangement &quot;Spring Bloom&quot; | Gintar\u0117s G\u0117l\u0117s<\/title>\n<meta name=\"description\" content=\"A subtle and elegant bouquet of preserved flowers \u2013 a natural interior accent or a unique gift for those who value quiet beauty and long-lasting naturalness.\" \/>\n<meta name=\"robots\" content=\"index, follow, max-snippet:-1, max-image-preview:large, max-video-preview:-1\" \/>\n<link rel=\"canonical\" href=\"https:\/\/www.gintaresgeles.lt\/en\/puokste\/preserved-flower-arrangement-spring-bloom\/\" \/>\n<meta property=\"og:locale\" content=\"en_US\" \/>\n<meta property=\"og:type\" content=\"article\" \/>\n<meta property=\"og:title\" content=\"Preserved Flower Arrangement &quot;Spring Bloom&quot; | Gintar\u0117s G\u0117l\u0117s\" \/>\n<meta property=\"og:description\" content=\"A subtle and elegant bouquet of preserved flowers \u2013 a natural interior accent or a unique gift for those who value quiet beauty and long-lasting naturalness.\" \/>\n<meta property=\"og:url\" content=\"https:\/\/www.gintaresgeles.lt\/en\/puokste\/preserved-flower-arrangement-spring-bloom\/\" \/>\n<meta property=\"og:site_name\" content=\"gintaresgeles.lt\" \/>\n<meta property=\"og:image\" content=\"https:\/\/www.gintaresgeles.lt\/wp-content\/uploads\/2026\/01\/stabilizuotu-geliu-kompozicija-pavasario-zydejimas-mergina-scaled.jpg\" \/>\n\t<meta property=\"og:image:width\" content=\"2560\" \/>\n\t<meta property=\"og:image:height\" content=\"2560\" \/>\n\t<meta property=\"og:image:type\" content=\"image\/jpeg\" \/>\n<meta name=\"twitter:card\" content=\"summary_large_image\" \/>\n<script type=\"application\/ld+json\" class=\"yoast-schema-graph\">{\"@context\":\"https:\/\/schema.org\",\"@graph\":[{\"@type\":\"WebPage\",\"@id\":\"https:\/\/www.gintaresgeles.lt\/en\/puokste\/preserved-flower-arrangement-spring-bloom\/\",\"url\":\"https:\/\/www.gintaresgeles.lt\/en\/puokste\/preserved-flower-arrangement-spring-bloom\/\",\"name\":\"Preserved Flower Arrangement \\\"Spring Bloom\\\" | Gintar\u0117s G\u0117l\u0117s\",\"isPartOf\":{\"@id\":\"https:\/\/www.gintaresgeles.lt\/en\/#website\"},\"primaryImageOfPage\":{\"@id\":\"https:\/\/www.gintaresgeles.lt\/en\/puokste\/preserved-flower-arrangement-spring-bloom\/#primaryimage\"},\"image\":{\"@id\":\"https:\/\/www.gintaresgeles.lt\/en\/puokste\/preserved-flower-arrangement-spring-bloom\/#primaryimage\"},\"thumbnailUrl\":\"https:\/\/www.gintaresgeles.lt\/wp-content\/uploads\/2026\/01\/stabilizuotu-geliu-kompozicija-pavasario-zydejimas-mergina-scaled.jpg\",\"datePublished\":\"2026-01-18T15:15:25+00:00\",\"description\":\"A subtle and elegant bouquet of preserved flowers \u2013 a natural interior accent or a unique gift for those who value quiet beauty and long-lasting naturalness.\",\"breadcrumb\":{\"@id\":\"https:\/\/www.gintaresgeles.lt\/en\/puokste\/preserved-flower-arrangement-spring-bloom\/#breadcrumb\"},\"inLanguage\":\"en-US\",\"potentialAction\":[{\"@type\":\"ReadAction\",\"target\":[\"https:\/\/www.gintaresgeles.lt\/en\/puokste\/preserved-flower-arrangement-spring-bloom\/\"]}]},{\"@type\":\"ImageObject\",\"inLanguage\":\"en-US\",\"@id\":\"https:\/\/www.gintaresgeles.lt\/en\/puokste\/preserved-flower-arrangement-spring-bloom\/#primaryimage\",\"url\":\"https:\/\/www.gintaresgeles.lt\/wp-content\/uploads\/2026\/01\/stabilizuotu-geliu-kompozicija-pavasario-zydejimas-mergina-scaled.jpg\",\"contentUrl\":\"https:\/\/www.gintaresgeles.lt\/wp-content\/uploads\/2026\/01\/stabilizuotu-geliu-kompozicija-pavasario-zydejimas-mergina-scaled.jpg\",\"width\":2560,\"height\":2560,\"caption\":\"Stabilizuotos g\u0117l\u0117s puok\u0161t\u0117je dovana merginai\"},{\"@type\":\"BreadcrumbList\",\"@id\":\"https:\/\/www.gintaresgeles.lt\/en\/puokste\/preserved-flower-arrangement-spring-bloom\/#breadcrumb\",\"itemListElement\":[{\"@type\":\"ListItem\",\"position\":1,\"name\":\"Prad\u017eia\",\"item\":\"https:\/\/www.gintaresgeles.lt\/en\/\"},{\"@type\":\"ListItem\",\"position\":2,\"name\":\"All flowers and other products\",\"item\":\"https:\/\/www.gintaresgeles.lt\/en\/all-flowers-and-other-products\/\"},{\"@type\":\"ListItem\",\"position\":3,\"name\":\"Preserved Flower Arrangement &#8222;Spring Bloom&#8221;\"}]},{\"@type\":\"WebSite\",\"@id\":\"https:\/\/www.gintaresgeles.lt\/en\/#website\",\"url\":\"https:\/\/www.gintaresgeles.lt\/en\/\",\"name\":\"gintaresgeles.lt\",\"description\":\"G\u0117li\u0173 parduotuv\u0117 internete\",\"potentialAction\":[{\"@type\":\"SearchAction\",\"target\":{\"@type\":\"EntryPoint\",\"urlTemplate\":\"https:\/\/www.gintaresgeles.lt\/en\/?s={search_term_string}\"},\"query-input\":{\"@type\":\"PropertyValueSpecification\",\"valueRequired\":true,\"valueName\":\"search_term_string\"}}],\"inLanguage\":\"en-US\"}]}<\/script>\n<!-- \/ Yoast SEO plugin. -->","yoast_head_json":{"title":"Preserved Flower Arrangement \"Spring Bloom\" | Gintar\u0117s G\u0117l\u0117s","description":"A subtle and elegant bouquet of preserved flowers \u2013 a natural interior accent or a unique gift for those who value quiet beauty and long-lasting naturalness.","robots":{"index":"index","follow":"follow","max-snippet":"max-snippet:-1","max-image-preview":"max-image-preview:large","max-video-preview":"max-video-preview:-1"},"canonical":"https:\/\/www.gintaresgeles.lt\/en\/puokste\/preserved-flower-arrangement-spring-bloom\/","og_locale":"en_US","og_type":"article","og_title":"Preserved Flower Arrangement \"Spring Bloom\" | Gintar\u0117s G\u0117l\u0117s","og_description":"A subtle and elegant bouquet of preserved flowers \u2013 a natural interior accent or a unique gift for those who value quiet beauty and long-lasting naturalness.","og_url":"https:\/\/www.gintaresgeles.lt\/en\/puokste\/preserved-flower-arrangement-spring-bloom\/","og_site_name":"gintaresgeles.lt","og_image":[{"width":2560,"height":2560,"url":"https:\/\/www.gintaresgeles.lt\/wp-content\/uploads\/2026\/01\/stabilizuotu-geliu-kompozicija-pavasario-zydejimas-mergina-scaled.jpg","type":"image\/jpeg"}],"twitter_card":"summary_large_image","schema":{"@context":"https:\/\/schema.org","@graph":[{"@type":"WebPage","@id":"https:\/\/www.gintaresgeles.lt\/en\/puokste\/preserved-flower-arrangement-spring-bloom\/","url":"https:\/\/www.gintaresgeles.lt\/en\/puokste\/preserved-flower-arrangement-spring-bloom\/","name":"Preserved Flower Arrangement \"Spring Bloom\" | Gintar\u0117s G\u0117l\u0117s","isPartOf":{"@id":"https:\/\/www.gintaresgeles.lt\/en\/#website"},"primaryImageOfPage":{"@id":"https:\/\/www.gintaresgeles.lt\/en\/puokste\/preserved-flower-arrangement-spring-bloom\/#primaryimage"},"image":{"@id":"https:\/\/www.gintaresgeles.lt\/en\/puokste\/preserved-flower-arrangement-spring-bloom\/#primaryimage"},"thumbnailUrl":"https:\/\/www.gintaresgeles.lt\/wp-content\/uploads\/2026\/01\/stabilizuotu-geliu-kompozicija-pavasario-zydejimas-mergina-scaled.jpg","datePublished":"2026-01-18T15:15:25+00:00","description":"A subtle and elegant bouquet of preserved flowers \u2013 a natural interior accent or a unique gift for those who value quiet beauty and long-lasting naturalness.","breadcrumb":{"@id":"https:\/\/www.gintaresgeles.lt\/en\/puokste\/preserved-flower-arrangement-spring-bloom\/#breadcrumb"},"inLanguage":"en-US","potentialAction":[{"@type":"ReadAction","target":["https:\/\/www.gintaresgeles.lt\/en\/puokste\/preserved-flower-arrangement-spring-bloom\/"]}]},{"@type":"ImageObject","inLanguage":"en-US","@id":"https:\/\/www.gintaresgeles.lt\/en\/puokste\/preserved-flower-arrangement-spring-bloom\/#primaryimage","url":"https:\/\/www.gintaresgeles.lt\/wp-content\/uploads\/2026\/01\/stabilizuotu-geliu-kompozicija-pavasario-zydejimas-mergina-scaled.jpg","contentUrl":"https:\/\/www.gintaresgeles.lt\/wp-content\/uploads\/2026\/01\/stabilizuotu-geliu-kompozicija-pavasario-zydejimas-mergina-scaled.jpg","width":2560,"height":2560,"caption":"Stabilizuotos g\u0117l\u0117s puok\u0161t\u0117je dovana merginai"},{"@type":"BreadcrumbList","@id":"https:\/\/www.gintaresgeles.lt\/en\/puokste\/preserved-flower-arrangement-spring-bloom\/#breadcrumb","itemListElement":[{"@type":"ListItem","position":1,"name":"Prad\u017eia","item":"https:\/\/www.gintaresgeles.lt\/en\/"},{"@type":"ListItem","position":2,"name":"All flowers and other products","item":"https:\/\/www.gintaresgeles.lt\/en\/all-flowers-and-other-products\/"},{"@type":"ListItem","position":3,"name":"Preserved Flower Arrangement &#8222;Spring Bloom&#8221;"}]},{"@type":"WebSite","@id":"https:\/\/www.gintaresgeles.lt\/en\/#website","url":"https:\/\/www.gintaresgeles.lt\/en\/","name":"gintaresgeles.lt","description":"G\u0117li\u0173 parduotuv\u0117 internete","potentialAction":[{"@type":"SearchAction","target":{"@type":"EntryPoint","urlTemplate":"https:\/\/www.gintaresgeles.lt\/en\/?s={search_term_string}"},"query-input":{"@type":"PropertyValueSpecification","valueRequired":true,"valueName":"search_term_string"}}],"inLanguage":"en-US"}]}},"_links":{"self":[{"href":"https:\/\/www.gintaresgeles.lt\/en\/wp-json\/wp\/v2\/product\/57905","targetHints":{"allow":["GET"]}}],"collection":[{"href":"https:\/\/www.gintaresgeles.lt\/en\/wp-json\/wp\/v2\/product"}],"about":[{"href":"https:\/\/www.gintaresgeles.lt\/en\/wp-json\/wp\/v2\/types\/product"}],"wp:featuredmedia":[{"embeddable":true,"href":"https:\/\/www.gintaresgeles.lt\/en\/wp-json\/wp\/v2\/media\/57900"}],"wp:attachment":[{"href":"https:\/\/www.gintaresgeles.lt\/en\/wp-json\/wp\/v2\/media?parent=57905"}],"wp:term":[{"taxonomy":"product_brand","embeddable":true,"href":"https:\/\/www.gintaresgeles.lt\/en\/wp-json\/wp\/v2\/product_brand?post=57905"},{"taxonomy":"product_cat","embeddable":true,"href":"https:\/\/www.gintaresgeles.lt\/en\/wp-json\/wp\/v2\/product_cat?post=57905"},{"taxonomy":"product_tag","embeddable":true,"href":"https:\/\/www.gintaresgeles.lt\/en\/wp-json\/wp\/v2\/product_tag?post=57905"}],"curies":[{"name":"wp","href":"https:\/\/api.w.org\/{rel}","templated":true}]}}