{"id":58868,"date":"2025-09-10T14:31:30","date_gmt":"2025-09-10T11:31:30","guid":{"rendered":"https:\/\/www.gintaresgeles.lt\/puokste\/flower-bouquet-sunny-meadow\/"},"modified":"2026-04-04T13:26:55","modified_gmt":"2026-04-04T10:26:55","slug":"flower-bouquet-sunny-meadow","status":"publish","type":"product","link":"https:\/\/www.gintaresgeles.lt\/en\/puokste\/flower-bouquet-sunny-meadow\/","title":{"rendered":"Flower Bouquet &#8220;Sunny Meadow&#8221;"},"content":{"rendered":"","protected":false},"excerpt":{"rendered":"<p data-path-to-node=\"4\">Bring joy and sunshine into any home with this wonderful bouquet, crafted from radiant sunflowers and playful daisies. This arrangement is designed to evoke a sunny summer day in a meadow, with delicate eucalyptus leaves adding a touch of freshness and elegance.<\/p>\n<p data-path-to-node=\"5\"><b data-path-to-node=\"5\" data-index-in-node=\"0\">Bouquet Sizes:<\/b><\/p>\n<ul>\n<li data-path-to-node=\"6,0,0\"><b data-path-to-node=\"6,0,0\" data-index-in-node=\"0\">Small:<\/b> 3 sunflowers, 2 daisies + eucalyptus<\/li>\n<li data-path-to-node=\"6,0,0\"><b data-path-to-node=\"6,1,0\" data-index-in-node=\"0\">Medium:<\/b> 5 sunflowers, 6 daisies + eucalyptus<\/li>\n<li data-path-to-node=\"6,0,0\"><b data-path-to-node=\"6,2,0\" data-index-in-node=\"0\">Large:<\/b> 7 sunflowers, 10 daisies + eucalyptus<\/li>\n<\/ul>\n","protected":false},"featured_media":57126,"template":"","meta":[],"product_brand":[],"product_cat":[261,260,259,252,266,265,256,258,253,2157,2184,2183,257,428,263,1975,268,1966,250],"product_tag":[],"class_list":{"0":"post-58868","1":"product","2":"type-product","3":"status-publish","4":"has-post-thumbnail","6":"product_cat-birthday-bouquets","7":"product_cat-birthday-flowers","8":"product_cat-flowers-by-occasion","9":"product_cat-flowers-by-recipient","10":"product_cat-flowers-by-style","11":"product_cat-flowers-by-type","12":"product_cat-flowers-for-girlfriend","13":"product_cat-flowers-for-men","14":"product_cat-flowers-for-mom","15":"product_cat-september-1","16":"product_cat-flowers-for-teachers-day","17":"product_cat-flowers-for-teachers","18":"product_cat-flowers-for-women","19":"product_cat-jubilee-flowers","20":"product_cat-mothers-day-flowers","21":"product_cat-chamomile","22":"product_cat-flower-bouquets","23":"product_cat-flowers-wrapped-in-paper","24":"product_cat-sunflowers","25":"tm-has-options","27":"first","28":"instock","29":"taxable","30":"shipping-taxable","31":"purchasable","32":"product-type-variable"},"yoast_head":"<!-- This site is optimized with the Yoast SEO plugin v25.3 - https:\/\/yoast.com\/wordpress\/plugins\/seo\/ -->\n<title>Flower Bouquet &quot;Sunny Meadow&quot; | Gintar\u0117s G\u0117l\u0117s<\/title>\n<meta name=\"description\" content=\"Give the gift of a sunny mood with the &quot;Sunny Meadow&quot; bouquet! This blend of sunflowers, daisies, and eucalyptus is the perfect way to brighten anyone&#039;s day.\" \/>\n<meta name=\"robots\" content=\"index, follow, max-snippet:-1, max-image-preview:large, max-video-preview:-1\" \/>\n<link rel=\"canonical\" href=\"https:\/\/www.gintaresgeles.lt\/en\/puokste\/flower-bouquet-sunny-meadow\/\" \/>\n<meta property=\"og:locale\" content=\"en_US\" \/>\n<meta property=\"og:type\" content=\"article\" \/>\n<meta property=\"og:title\" content=\"Flower Bouquet &quot;Sunny Meadow&quot; | Gintar\u0117s G\u0117l\u0117s\" \/>\n<meta property=\"og:description\" content=\"Give the gift of a sunny mood with the &quot;Sunny Meadow&quot; bouquet! This blend of sunflowers, daisies, and eucalyptus is the perfect way to brighten anyone&#039;s day.\" \/>\n<meta property=\"og:url\" content=\"https:\/\/www.gintaresgeles.lt\/en\/puokste\/flower-bouquet-sunny-meadow\/\" \/>\n<meta property=\"og:site_name\" content=\"gintaresgeles.lt\" \/>\n<meta property=\"article:modified_time\" content=\"2026-04-04T10:26:55+00:00\" \/>\n<meta property=\"og:image\" content=\"https:\/\/www.gintaresgeles.lt\/wp-content\/uploads\/2025\/09\/geliu-puokste-su-saulegraza-ramunelemis-ir-zaluma-scaled.jpg\" \/>\n\t<meta property=\"og:image:width\" content=\"2560\" \/>\n\t<meta property=\"og:image:height\" content=\"2560\" \/>\n\t<meta property=\"og:image:type\" content=\"image\/jpeg\" \/>\n<meta name=\"twitter:card\" content=\"summary_large_image\" \/>\n<script type=\"application\/ld+json\" class=\"yoast-schema-graph\">{\"@context\":\"https:\/\/schema.org\",\"@graph\":[{\"@type\":\"WebPage\",\"@id\":\"https:\/\/www.gintaresgeles.lt\/en\/puokste\/flower-bouquet-sunny-meadow\/\",\"url\":\"https:\/\/www.gintaresgeles.lt\/en\/puokste\/flower-bouquet-sunny-meadow\/\",\"name\":\"Flower Bouquet \\\"Sunny Meadow\\\" | Gintar\u0117s G\u0117l\u0117s\",\"isPartOf\":{\"@id\":\"https:\/\/www.gintaresgeles.lt\/en\/#website\"},\"primaryImageOfPage\":{\"@id\":\"https:\/\/www.gintaresgeles.lt\/en\/puokste\/flower-bouquet-sunny-meadow\/#primaryimage\"},\"image\":{\"@id\":\"https:\/\/www.gintaresgeles.lt\/en\/puokste\/flower-bouquet-sunny-meadow\/#primaryimage\"},\"thumbnailUrl\":\"https:\/\/www.gintaresgeles.lt\/wp-content\/uploads\/2025\/09\/geliu-puokste-su-saulegraza-ramunelemis-ir-zaluma-scaled.jpg\",\"datePublished\":\"2025-09-10T11:31:30+00:00\",\"dateModified\":\"2026-04-04T10:26:55+00:00\",\"description\":\"Give the gift of a sunny mood with the \\\"Sunny Meadow\\\" bouquet! This blend of sunflowers, daisies, and eucalyptus is the perfect way to brighten anyone's day.\",\"breadcrumb\":{\"@id\":\"https:\/\/www.gintaresgeles.lt\/en\/puokste\/flower-bouquet-sunny-meadow\/#breadcrumb\"},\"inLanguage\":\"en-US\",\"potentialAction\":[{\"@type\":\"ReadAction\",\"target\":[\"https:\/\/www.gintaresgeles.lt\/en\/puokste\/flower-bouquet-sunny-meadow\/\"]}]},{\"@type\":\"ImageObject\",\"inLanguage\":\"en-US\",\"@id\":\"https:\/\/www.gintaresgeles.lt\/en\/puokste\/flower-bouquet-sunny-meadow\/#primaryimage\",\"url\":\"https:\/\/www.gintaresgeles.lt\/wp-content\/uploads\/2025\/09\/geliu-puokste-su-saulegraza-ramunelemis-ir-zaluma-scaled.jpg\",\"contentUrl\":\"https:\/\/www.gintaresgeles.lt\/wp-content\/uploads\/2025\/09\/geliu-puokste-su-saulegraza-ramunelemis-ir-zaluma-scaled.jpg\",\"width\":2560,\"height\":2560,\"caption\":\"Saul\u0117gr\u0105\u017eos, ramun\u0117l\u0117s ir \u017ealuma puok\u0161t\u0117je gimtadienio g\u0117l\u0117s\"},{\"@type\":\"BreadcrumbList\",\"@id\":\"https:\/\/www.gintaresgeles.lt\/en\/puokste\/flower-bouquet-sunny-meadow\/#breadcrumb\",\"itemListElement\":[{\"@type\":\"ListItem\",\"position\":1,\"name\":\"Prad\u017eia\",\"item\":\"https:\/\/www.gintaresgeles.lt\/en\/\"},{\"@type\":\"ListItem\",\"position\":2,\"name\":\"All flowers and other products\",\"item\":\"https:\/\/www.gintaresgeles.lt\/en\/all-flowers-and-other-products\/\"},{\"@type\":\"ListItem\",\"position\":3,\"name\":\"Flower Bouquet &#8222;Sunny Meadow&#8221;\"}]},{\"@type\":\"WebSite\",\"@id\":\"https:\/\/www.gintaresgeles.lt\/en\/#website\",\"url\":\"https:\/\/www.gintaresgeles.lt\/en\/\",\"name\":\"gintaresgeles.lt\",\"description\":\"G\u0117li\u0173 parduotuv\u0117 internete\",\"potentialAction\":[{\"@type\":\"SearchAction\",\"target\":{\"@type\":\"EntryPoint\",\"urlTemplate\":\"https:\/\/www.gintaresgeles.lt\/en\/?s={search_term_string}\"},\"query-input\":{\"@type\":\"PropertyValueSpecification\",\"valueRequired\":true,\"valueName\":\"search_term_string\"}}],\"inLanguage\":\"en-US\"}]}<\/script>\n<!-- \/ Yoast SEO plugin. -->","yoast_head_json":{"title":"Flower Bouquet \"Sunny Meadow\" | Gintar\u0117s G\u0117l\u0117s","description":"Give the gift of a sunny mood with the \"Sunny Meadow\" bouquet! This blend of sunflowers, daisies, and eucalyptus is the perfect way to brighten anyone's day.","robots":{"index":"index","follow":"follow","max-snippet":"max-snippet:-1","max-image-preview":"max-image-preview:large","max-video-preview":"max-video-preview:-1"},"canonical":"https:\/\/www.gintaresgeles.lt\/en\/puokste\/flower-bouquet-sunny-meadow\/","og_locale":"en_US","og_type":"article","og_title":"Flower Bouquet \"Sunny Meadow\" | Gintar\u0117s G\u0117l\u0117s","og_description":"Give the gift of a sunny mood with the \"Sunny Meadow\" bouquet! This blend of sunflowers, daisies, and eucalyptus is the perfect way to brighten anyone's day.","og_url":"https:\/\/www.gintaresgeles.lt\/en\/puokste\/flower-bouquet-sunny-meadow\/","og_site_name":"gintaresgeles.lt","article_modified_time":"2026-04-04T10:26:55+00:00","og_image":[{"width":2560,"height":2560,"url":"https:\/\/www.gintaresgeles.lt\/wp-content\/uploads\/2025\/09\/geliu-puokste-su-saulegraza-ramunelemis-ir-zaluma-scaled.jpg","type":"image\/jpeg"}],"twitter_card":"summary_large_image","schema":{"@context":"https:\/\/schema.org","@graph":[{"@type":"WebPage","@id":"https:\/\/www.gintaresgeles.lt\/en\/puokste\/flower-bouquet-sunny-meadow\/","url":"https:\/\/www.gintaresgeles.lt\/en\/puokste\/flower-bouquet-sunny-meadow\/","name":"Flower Bouquet \"Sunny Meadow\" | Gintar\u0117s G\u0117l\u0117s","isPartOf":{"@id":"https:\/\/www.gintaresgeles.lt\/en\/#website"},"primaryImageOfPage":{"@id":"https:\/\/www.gintaresgeles.lt\/en\/puokste\/flower-bouquet-sunny-meadow\/#primaryimage"},"image":{"@id":"https:\/\/www.gintaresgeles.lt\/en\/puokste\/flower-bouquet-sunny-meadow\/#primaryimage"},"thumbnailUrl":"https:\/\/www.gintaresgeles.lt\/wp-content\/uploads\/2025\/09\/geliu-puokste-su-saulegraza-ramunelemis-ir-zaluma-scaled.jpg","datePublished":"2025-09-10T11:31:30+00:00","dateModified":"2026-04-04T10:26:55+00:00","description":"Give the gift of a sunny mood with the \"Sunny Meadow\" bouquet! This blend of sunflowers, daisies, and eucalyptus is the perfect way to brighten anyone's day.","breadcrumb":{"@id":"https:\/\/www.gintaresgeles.lt\/en\/puokste\/flower-bouquet-sunny-meadow\/#breadcrumb"},"inLanguage":"en-US","potentialAction":[{"@type":"ReadAction","target":["https:\/\/www.gintaresgeles.lt\/en\/puokste\/flower-bouquet-sunny-meadow\/"]}]},{"@type":"ImageObject","inLanguage":"en-US","@id":"https:\/\/www.gintaresgeles.lt\/en\/puokste\/flower-bouquet-sunny-meadow\/#primaryimage","url":"https:\/\/www.gintaresgeles.lt\/wp-content\/uploads\/2025\/09\/geliu-puokste-su-saulegraza-ramunelemis-ir-zaluma-scaled.jpg","contentUrl":"https:\/\/www.gintaresgeles.lt\/wp-content\/uploads\/2025\/09\/geliu-puokste-su-saulegraza-ramunelemis-ir-zaluma-scaled.jpg","width":2560,"height":2560,"caption":"Saul\u0117gr\u0105\u017eos, ramun\u0117l\u0117s ir \u017ealuma puok\u0161t\u0117je gimtadienio g\u0117l\u0117s"},{"@type":"BreadcrumbList","@id":"https:\/\/www.gintaresgeles.lt\/en\/puokste\/flower-bouquet-sunny-meadow\/#breadcrumb","itemListElement":[{"@type":"ListItem","position":1,"name":"Prad\u017eia","item":"https:\/\/www.gintaresgeles.lt\/en\/"},{"@type":"ListItem","position":2,"name":"All flowers and other products","item":"https:\/\/www.gintaresgeles.lt\/en\/all-flowers-and-other-products\/"},{"@type":"ListItem","position":3,"name":"Flower Bouquet &#8222;Sunny Meadow&#8221;"}]},{"@type":"WebSite","@id":"https:\/\/www.gintaresgeles.lt\/en\/#website","url":"https:\/\/www.gintaresgeles.lt\/en\/","name":"gintaresgeles.lt","description":"G\u0117li\u0173 parduotuv\u0117 internete","potentialAction":[{"@type":"SearchAction","target":{"@type":"EntryPoint","urlTemplate":"https:\/\/www.gintaresgeles.lt\/en\/?s={search_term_string}"},"query-input":{"@type":"PropertyValueSpecification","valueRequired":true,"valueName":"search_term_string"}}],"inLanguage":"en-US"}]}},"_links":{"self":[{"href":"https:\/\/www.gintaresgeles.lt\/en\/wp-json\/wp\/v2\/product\/58868","targetHints":{"allow":["GET"]}}],"collection":[{"href":"https:\/\/www.gintaresgeles.lt\/en\/wp-json\/wp\/v2\/product"}],"about":[{"href":"https:\/\/www.gintaresgeles.lt\/en\/wp-json\/wp\/v2\/types\/product"}],"wp:featuredmedia":[{"embeddable":true,"href":"https:\/\/www.gintaresgeles.lt\/en\/wp-json\/wp\/v2\/media\/57126"}],"wp:attachment":[{"href":"https:\/\/www.gintaresgeles.lt\/en\/wp-json\/wp\/v2\/media?parent=58868"}],"wp:term":[{"taxonomy":"product_brand","embeddable":true,"href":"https:\/\/www.gintaresgeles.lt\/en\/wp-json\/wp\/v2\/product_brand?post=58868"},{"taxonomy":"product_cat","embeddable":true,"href":"https:\/\/www.gintaresgeles.lt\/en\/wp-json\/wp\/v2\/product_cat?post=58868"},{"taxonomy":"product_tag","embeddable":true,"href":"https:\/\/www.gintaresgeles.lt\/en\/wp-json\/wp\/v2\/product_tag?post=58868"}],"curies":[{"name":"wp","href":"https:\/\/api.w.org\/{rel}","templated":true}]}}