{"id":31675,"date":"2020-09-30T09:15:35","date_gmt":"2020-09-30T11:15:35","guid":{"rendered":"https:\/\/www.gintaresgeles.lt\/?page_id=31675"},"modified":"2025-12-29T20:24:38","modified_gmt":"2025-12-29T18:24:38","slug":"o-gintares-geles","status":"publish","type":"page","link":"https:\/\/www.gintaresgeles.lt\/ru\/o-gintares-geles\/","title":{"rendered":"\u041e Gintar\u0117s G\u0117les"},"content":{"rendered":"<div class=\"wpb-content-wrapper\"><p>[vc_row css_animation=&#187;&#187; row_type=&#187;row&#187; use_row_as_full_screen_section=&#187;no&#187; type=&#187;full_width&#187; angled_section=&#187;no&#187; text_align=&#187;left&#187; background_image_as_pattern=&#187;without_pattern&#187;][vc_column width=&#187;1\/3&#8243;]<div class='q_icon_with_title large normal_icon center '><div class=\"icon_holder \" style=\" \"><span data-icon-type=\"normal\" class=\"qode_iwt_icon_holder q_font_awsome_icon fa-4x  \"><i class=\"qode_icon_font_awesome fa fa-shopping-basket qode_iwt_icon_element\"><\/i><\/span><\/div><div class=\"icon_text_holder\" style=\"\"><div class=\"icon_text_inner\" style=\"\"><h3 class=\"icon_title\" style=\"\">\u041f\u0440\u0438\u0435\u043c \u0437\u0430\u043a\u0430\u0437\u043e\u0432 24\/7<\/h3><p style=''>\u041f\u0440\u0438\u0435\u043c \u0437\u0430\u043a\u0430\u0437\u043e\u0432 24 \u0447\u0430\u0441\u0430 \u0432 \u0441\u0443\u0442\u043a\u0438 \u043e\u043d\u043b\u0430\u0439\u043d, \u043a\u0430\u0436\u0434\u044b\u0439 \u0434\u0435\u043d\u044c \u043d\u0435\u0434\u0435\u043b\u0438.<\/p><\/div><\/div><\/div>[\/vc_column][vc_column width=&#187;1\/3&#8243;]<div class='q_icon_with_title large normal_icon center '><div class=\"icon_holder \" style=\" \"><span data-icon-type=\"normal\" class=\"qode_iwt_icon_holder q_font_awsome_icon fa-4x  \"><i class=\"qode_icon_font_awesome fa fa-leaf qode_iwt_icon_element\"><\/i><\/span><\/div><div class=\"icon_text_holder\" style=\"\"><div class=\"icon_text_inner\" style=\"\"><h3 class=\"icon_title\" style=\"\">\u041a\u0430\u0447\u0435\u0441\u0442\u0432\u0435\u043d\u043d\u044b\u0435 \u0446\u0432\u0435\u0442\u044b<\/h3><p style=''>\u041d\u0430\u0448\u0438 \u043f\u043e\u0441\u0442\u043e\u044f\u043d\u043d\u044b\u0435 \u043f\u0430\u0440\u0442\u043d\u0435\u0440\u044b - \u043f\u0440\u043e\u0444\u0435\u0441\u0441\u0438\u043e\u043d\u0430\u043b\u044c\u043d\u044b\u0435 \u0444\u043b\u043e\u0440\u0438\u0441\u0442\u044b. \u042f\u0449\u0438\u043a\u0438 \u0438 \u0431\u0443\u043a\u0435\u0442\u044b \u0442\u043e\u043b\u044c\u043a\u043e \u0438\u0437 \u0441\u0430\u043c\u044b\u0445 \u0441\u0432\u0435\u0436\u0438\u0445 \u0441\u0440\u0435\u0437\u0430\u043d\u043d\u044b\u0445 \u0446\u0432\u0435\u0442\u043e\u0432 \u0438\u0437\u0433\u043e\u0442\u0430\u0432\u043b\u0438\u0432\u0430\u0435\u043c \u0437\u0430 \u043d\u0435\u0441\u043a\u043e\u043b\u044c\u043a\u043e \u0447\u0430\u0441\u043e\u0432 \u0434\u043e \u0434\u043e\u0441\u0442\u0430\u0432\u043a\u0438. \u0422\u0430\u043a\u0438\u043c \u043e\u0431\u0440\u0430\u0437\u043e\u043c, \u043c\u044b \u043c\u043e\u0436\u0435\u043c \u0433\u0430\u0440\u0430\u043d\u0442\u0438\u0440\u043e\u0432\u0430\u0442\u044c \u0432\u044b\u0441\u043e\u043a\u043e\u0435 \u043a\u0430\u0447\u0435\u0441\u0442\u0432\u043e \u0446\u0432\u0435\u0442\u043e\u0432, \u0441\u0432\u0435\u0436\u0435\u0441\u0442\u044c \u0438 \u043b\u0443\u0447\u0448\u0438\u0439 \u0440\u0435\u0437\u0443\u043b\u044c\u0442\u0430\u0442 \u0434\u043e\u0441\u0442\u0430\u0432\u043a\u0438 \u0446\u0432\u0435\u0442\u043e\u0432.<\/p><\/div><\/div><\/div>[\/vc_column][vc_column width=&#187;1\/3&#8243;]<div class='q_icon_with_title large normal_icon center '><div class=\"icon_holder \" style=\" \"><span data-icon-type=\"normal\" class=\"qode_iwt_icon_holder q_font_awsome_icon fa-4x  \"><i class=\"qode_icon_font_awesome fa fa-money qode_iwt_icon_element\"><\/i><\/span><\/div><div class=\"icon_text_holder\" style=\"\"><div class=\"icon_text_inner\" style=\"\"><h3 class=\"icon_title\" style=\"\">100% \u0433\u0430\u0440\u0430\u043d\u0442\u0438\u044f \u0432\u043e\u0437\u0432\u0440\u0430\u0442\u0430 \u0434\u0435\u043d\u0435\u0433.<\/h3><p style=''>\u041c\u044b \u0432\u0435\u0440\u043d\u0435\u043c \u0432\u0430\u043c \u0432\u0441\u0435 \u0434\u0435\u043d\u044c\u0433\u0438, \u0435\u0441\u043b\u0438 \u043f\u043e\u0434\u0433\u043e\u0442\u043e\u0432\u043a\u0430 \u0446\u0432\u0435\u0442\u043e\u0432 \u0435\u0449\u0435 \u043d\u0435 \u043d\u0430\u0447\u0430\u043b\u0430\u0441\u044c.<\/p><\/div><\/div><\/div>[\/vc_column][\/vc_row][vc_row css_animation=&#187;&#187; row_type=&#187;row&#187; use_row_as_full_screen_section=&#187;no&#187; type=&#187;full_width&#187; angled_section=&#187;no&#187; text_align=&#187;left&#187; background_image_as_pattern=&#187;without_pattern&#187; css=&#187;.vc_custom_1485508471475{padding-top: 15px !important;padding-bottom: 15px !important;}&#187;][vc_column width=&#187;1\/3&#8243;]<div class='q_icon_with_title large normal_icon center '><div class=\"icon_holder \" style=\" \"><span data-icon-type=\"normal\" class=\"qode_iwt_icon_holder q_font_awsome_icon fa-4x  \"><i class=\"qode_icon_font_awesome fa fa-info-circle qode_iwt_icon_element\"><\/i><\/span><\/div><div class=\"icon_text_holder\" style=\"\"><div class=\"icon_text_inner\" style=\"\"><h3 class=\"icon_title\" style=\"\">\u0411\u044b\u0441\u0442\u0440\u0430\u044f \u043f\u043e\u043c\u043e\u0449\u044c \u0438 \u043e\u0442\u0432\u0435\u0442\u044b \u043d\u0430 \u0440\u0430\u0437\u043b\u0438\u0447\u043d\u044b\u0435 \u0432\u043e\u043f\u0440\u043e\u0441\u044b \u0434\u0430\u0436\u0435 \u0432 \u043d\u0435\u0440\u0430\u0431\u043e\u0447\u0435\u0435 \u0432\u0440\u0435\u043c\u044f.<\/h3><p style=''>\u0412\u044b \u043c\u043e\u0436\u0435\u0442\u0435 \u0441\u0432\u044f\u0437\u0430\u0442\u044c\u0441\u044f \u0441 \u043d\u0430\u043c\u0438 \u0447\u0435\u0440\u0435\u0437 \u043c\u0435\u0441\u0441\u0435\u043d\u0434\u0436\u0435\u0440 Facebook, Viber, \u044d\u043b\u0435\u043a\u0442\u0440\u043e\u043d\u043d\u0443\u044e \u043f\u043e\u0447\u0442\u0443 \u0438 WhatsApp. \u041c\u044b \u043f\u043e\u0441\u0442\u0430\u0440\u0430\u0435\u043c\u0441\u044f \u043e\u0442\u0432\u0435\u0442\u0438\u0442\u044c \u043d\u0430 \u0432\u0441\u0435 \u0432\u0430\u0448\u0438 \u0432\u043e\u043f\u0440\u043e\u0441\u044b \u0432 \u043a\u0440\u0430\u0442\u0447\u0430\u0439\u0448\u0438\u0435 \u0441\u0440\u043e\u043a\u0438.<\/p><\/div><\/div><\/div>[\/vc_column][vc_column width=&#187;1\/3&#8243;]<div class='q_icon_with_title large normal_icon center '><div class=\"icon_holder \" style=\" \"><span data-icon-type=\"normal\" class=\"qode_iwt_icon_holder q_font_awsome_icon fa-4x  \"><i class=\"qode_icon_font_awesome fa fa-truck qode_iwt_icon_element\"><\/i><\/span><\/div><div class=\"icon_text_holder\" style=\"\"><div class=\"icon_text_inner\" style=\"\"><h3 class=\"icon_title\" style=\"\">\u0411\u044b\u0441\u0442\u0440\u0430\u044f \u0434\u043e\u0441\u0442\u0430\u0432\u043a\u0430.<\/h3><p style=''>\u0414\u043e\u0441\u0442\u0430\u0432\u043a\u0430 \u0446\u0432\u0435\u0442\u043e\u0432 \u043e\u0441\u0443\u0449\u0435\u0441\u0442\u0432\u043b\u044f\u0435\u0442\u0441\u044f \u0432 \u0442\u043e\u0442 \u0436\u0435 \u0434\u0435\u043d\u044c. \u0412\u043e\u0437\u043c\u043e\u0436\u043d\u0430 \u0434\u043e\u0441\u0442\u0430\u0432\u043a\u0430 \u0432 \u0442\u043e\u0442 \u0436\u0435 \u0434\u0435\u043d\u044c, \u043f\u0440\u0438 \u043e\u0444\u043e\u0440\u043c\u043b\u0435\u043d\u0438\u0438 \u0437\u0430\u043a\u0430\u0437\u0430 \u0434\u043e 15:30.<\/p><\/div><\/div><\/div>[\/vc_column][vc_column width=&#187;1\/3&#8243;]<div class='q_icon_with_title large normal_icon center '><div class=\"icon_holder \" style=\" \"><span data-icon-type=\"normal\" class=\"qode_iwt_icon_holder q_font_awsome_icon fa-4x  \"><i class=\"qode_icon_font_awesome fa fa-thumbs-o-up qode_iwt_icon_element\"><\/i><\/span><\/div><div class=\"icon_text_holder\" style=\"\"><div class=\"icon_text_inner\" style=\"\"><h3 class=\"icon_title\" style=\"\">\u041d\u0430\u0448\u0430 \u0441\u0438\u043b\u0430 - \u0433\u0438\u0431\u043a\u043e\u0441\u0442\u044c.<\/h3><p style=''>\u041c\u044b \u0433\u043e\u0442\u043e\u0432\u044b \u0434\u0430\u0436\u0435 \u043d\u0435 \u043e\u0442\u0432\u0435\u0447\u0430\u0442\u044c \u043d\u0430 \u0432\u0430\u0448\u0438 \u0432\u043e\u043f\u0440\u043e\u0441\u044b, \u0430 \u0432\u044b\u0441\u043b\u0443\u0448\u0438\u0432\u0430\u0442\u044c \u043f\u043e\u0436\u0435\u043b\u0430\u043d\u0438\u044f. \u0412\u044b \u0432\u0441\u0435\u0433\u0434\u0430 \u043c\u043e\u0436\u0435\u0442\u0435 \u0441\u0432\u044f\u0437\u0430\u0442\u044c\u0441\u044f \u0441 \u043d\u0430\u043c\u0438, \u0447\u0442\u043e\u0431\u044b \u0438\u0437\u043c\u0435\u043d\u0438\u0442\u044c \u0438\u043d\u0444\u043e\u0440\u043c\u0430\u0446\u0438\u044e \u043e \u0434\u043e\u0441\u0442\u0430\u0432\u043a\u0435 \u0438\u043b\u0438 \u0434\u0430\u0436\u0435 \u0432\u044b\u0431\u0440\u0430\u043d\u043d\u044b\u0435 \u0446\u0432\u0435\u0442\u044b. \u041c\u044b \u0432\u0441\u0435\u0433\u0434\u0430 \u0433\u043e\u0442\u043e\u0432\u044b \u043f\u043e\u043c\u043e\u0447\u044c \u0438 \u043d\u0430\u0439\u0442\u0438 \u043a\u043e\u043c\u043f\u0440\u043e\u043c\u0438\u0441\u0441.<\/p><\/div><\/div><\/div>[\/vc_column][\/vc_row][vc_row css_animation=&#187;&#187; row_type=&#187;row&#187; use_row_as_full_screen_section=&#187;no&#187; type=&#187;full_width&#187; angled_section=&#187;no&#187; text_align=&#187;left&#187; background_image_as_pattern=&#187;without_pattern&#187; css=&#187;.vc_custom_1485508458643{padding-bottom: 40px !important;}&#187;][vc_column width=&#187;1\/3&#8243;]<div class='q_icon_with_title large normal_icon center '><div class=\"icon_holder \" style=\" \"><span data-icon-type=\"normal\" class=\"qode_iwt_icon_holder q_font_awsome_icon fa-4x  \"><i class=\"qode_icon_font_awesome fa fa-map-marker qode_iwt_icon_element\"><\/i><\/span><\/div><div class=\"icon_text_holder\" style=\"\"><div class=\"icon_text_inner\" style=\"\"><h3 class=\"icon_title\" style=\"\">\u0412\u0435\u0437\u0434\u0435 \u0432 \u0412\u0438\u043b\u044c\u043d\u044e\u0441\u0435 \u0438 \u0412\u0438\u043b\u044c\u043d\u044e\u0441\u0441\u043a\u043e\u043c \u0440\u0430\u0439\u043e\u043d\u0435.<\/h3><p style=''>\u0414\u043e\u0441\u0442\u0430\u0432\u043b\u044f\u0435\u043c \u0446\u0432\u0435\u0442\u044b \u043f\u043e \u0412\u0438\u043b\u044c\u043d\u044e\u0441\u0443 \u0438 \u0412\u0438\u043b\u044c\u043d\u044e\u0441\u0441\u043a\u043e\u043c\u0443 \u0440\u0435\u0433\u0438\u043e\u043d\u0443. \u041c\u044b \u0434\u043e\u0441\u0442\u0430\u0432\u0438\u043c \u0446\u0432\u0435\u0442\u044b \u043a\u0443\u0434\u0430 \u0443\u0433\u043e\u0434\u043d\u043e (\u0434\u043e\u043c\u043e\u0439, \u0432 \u043e\u0444\u0438\u0441, \u0440\u0435\u0441\u0442\u043e\u0440\u0430\u043d, \u0431\u043e\u043b\u044c\u043d\u0438\u0446\u0443 \u0438 \u0442. \u0434.)<\/p><\/div><\/div><\/div>[\/vc_column][vc_column width=&#187;1\/3&#8243;]<div class='q_icon_with_title large normal_icon center '><div class=\"icon_holder \" style=\" \"><span data-icon-type=\"normal\" class=\"qode_iwt_icon_holder q_font_awsome_icon fa-4x  \"><i class=\"qode_icon_font_awesome fa fa-comments qode_iwt_icon_element\"><\/i><\/span><\/div><div class=\"icon_text_holder\" style=\"\"><div class=\"icon_text_inner\" style=\"\"><h3 class=\"icon_title\" style=\"\">\u041c\u044b \u043e\u0431\u043e \u0432\u0441\u0435\u043c \u043f\u043e\u0437\u0430\u0431\u043e\u0442\u0438\u043c\u0441\u044f.<\/h3><p style=''>\u041d\u0435 \u0431\u0435\u0441\u043f\u043e\u043a\u043e\u0439\u0442\u0435\u0441\u044c \u043e \u0434\u043e\u0441\u0442\u0430\u0432\u043a\u0435 \u0446\u0432\u0435\u0442\u043e\u0432 - \u044d\u0442\u043e \u043d\u0430\u0448\u0430 \u0440\u0430\u0431\u043e\u0442\u0430. \u041c\u044b \u0441\u0432\u044f\u0436\u0435\u043c\u0441\u044f \u0441 \u0432\u0430\u043c\u0438, \u0435\u0441\u043b\u0438 \u0447\u0442\u043e-\u0442\u043e \u043f\u043e\u0439\u0434\u0435\u0442 \u043d\u0435 \u0442\u0430\u043a (\u043f\u043e\u043b\u0443\u0447\u0430\u0442\u0435\u043b\u044f \u043d\u0435\u0442 \u0434\u043e\u043c\u0430 \u0438 \u0442. \u0434.), \u041c\u044b \u0441\u043e\u043e\u0431\u0449\u0438\u043c \u0432\u0430\u043c, \u0435\u0441\u043b\u0438 \u0434\u043e\u0441\u0442\u0430\u0432\u043a\u0430 \u0437\u0430\u0434\u0435\u0440\u0436\u0438\u0442\u0441\u044f, \u0438 \u043e\u0442\u043f\u0440\u0430\u0432\u0438\u043c \u0432\u0430\u043c \u044d\u043b\u0435\u043a\u0442\u0440\u043e\u043d\u043d\u043e\u0435 \u043f\u0438\u0441\u044c\u043c\u043e, \u043a\u043e\u0433\u0434\u0430 \u0431\u0443\u0434\u0443\u0442 \u0434\u043e\u0441\u0442\u0430\u0432\u043b\u0435\u043d\u044b \u0446\u0432\u0435\u0442\u044b.<\/p><\/div><\/div><\/div>[\/vc_column][vc_column width=&#187;1\/3&#8243;]<div class='q_icon_with_title large normal_icon center '><div class=\"icon_holder \" style=\" \"><span data-icon-type=\"normal\" class=\"qode_iwt_icon_holder q_font_awsome_icon fa-4x  \"><i class=\"qode_icon_font_awesome fa fa-gift qode_iwt_icon_element\"><\/i><\/span><\/div><div class=\"icon_text_holder\" style=\"\"><div class=\"icon_text_inner\" style=\"\"><h3 class=\"icon_title\" style=\"\">\u041c\u044b \u0445\u0440\u0430\u043d\u0438\u043c \u0441\u0435\u043a\u0440\u0435\u0442\u044b \u0438 \u0434\u0435\u043b\u0430\u0435\u043c \u0441\u044e\u0440\u043f\u0440\u0438\u0437\u044b.<\/h3><p style=''>\u0414\u043e\u0441\u0442\u0430\u0432\u043a\u0430 \u0446\u0432\u0435\u0442\u043e\u0432 - \u043e\u0434\u0438\u043d \u0438\u0437 \u043b\u0443\u0447\u0448\u0438\u0445 \u0441\u044e\u0440\u043f\u0440\u0438\u0437\u043e\u0432. \u0421\u043e\u0445\u0440\u0430\u043d\u044f\u0439\u0442\u0435 \u0441\u043f\u043e\u043a\u043e\u0439\u0441\u0442\u0432\u0438\u0435, \u043c\u044b \u0435\u0433\u043e \u043d\u0435 \u0440\u0430\u0437\u0440\u0443\u0448\u0430\u0435\u043c. \u041c\u044b \u043d\u0438\u043a\u043e\u0433\u0434\u0430 \u043d\u0435 \u0431\u0430\u043b\u0443\u0435\u043c \u043f\u043e\u043b\u0443\u0447\u0430\u0442\u0435\u043b\u044f \u0446\u0432\u0435\u0442\u043e\u0432 \u0442\u0435\u043c, \u0447\u0442\u043e \u0434\u043e\u0441\u0442\u0430\u0432\u043b\u044f\u0435\u043c \u0446\u0432\u0435\u0442\u044b. \u041d\u0430\u043c \u043d\u0440\u0430\u0432\u0438\u0442\u0441\u044f \u0443\u0434\u0438\u0432\u043b\u044f\u0442\u044c \u043d\u0435 \u043c\u0435\u043d\u044c\u0448\u0435 \u0432\u0430\u0441!<\/p><\/div><\/div><\/div>[\/vc_column][\/vc_row]<\/p>\n<\/div>","protected":false},"excerpt":{"rendered":"<p>[vc_row css_animation=&#187;&#187; row_type=&#187;row&#187; use_row_as_full_screen_section=&#187;no&#187; type=&#187;full_width&#187; angled_section=&#187;no&#187; text_align=&#187;left&#187; background_image_as_pattern=&#187;without_pattern&#187;][vc_column width=&#187;1\/3&#8243;][\/vc_column][vc_column width=&#187;1\/3&#8243;][\/vc_column][vc_column width=&#187;1\/3&#8243;][\/vc_column][\/vc_row][vc_row css_animation=&#187;&#187; row_type=&#187;row&#187; use_row_as_full_screen_section=&#187;no&#187; type=&#187;full_width&#187; angled_section=&#187;no&#187; text_align=&#187;left&#187; background_image_as_pattern=&#187;without_pattern&#187; css=&#187;.vc_custom_1485508471475{padding-top: 15px !important;padding-bottom: 15px !important;}&#187;][vc_column width=&#187;1\/3&#8243;][\/vc_column][vc_column width=&#187;1\/3&#8243;][\/vc_column][vc_column width=&#187;1\/3&#8243;][\/vc_column][\/vc_row][vc_row css_animation=&#187;&#187; row_type=&#187;row&#187; use_row_as_full_screen_section=&#187;no&#187; type=&#187;full_width&#187; angled_section=&#187;no&#187; text_align=&#187;left&#187; background_image_as_pattern=&#187;without_pattern&#187; css=&#187;.vc_custom_1485508458643{padding-bottom: 40px !important;}&#187;][vc_column width=&#187;1\/3&#8243;][\/vc_column][vc_column width=&#187;1\/3&#8243;][\/vc_column][vc_column width=&#187;1\/3&#8243;][\/vc_column][\/vc_row]<\/p>\n","protected":false},"author":5,"featured_media":0,"parent":0,"menu_order":0,"comment_status":"closed","ping_status":"closed","template":"","meta":{"footnotes":""},"class_list":["post-31675","page","type-page","status-publish","hentry"],"yoast_head":"<!-- This site is optimized with the Yoast SEO plugin v25.3 - https:\/\/yoast.com\/wordpress\/plugins\/seo\/ -->\n<title>\u041e Gintar\u0117s G\u0117les | \u0414\u043e\u0441\u0442\u0430\u0432\u043a\u0430 \u0446\u0432\u0435\u0442\u043e\u0432 \u0432 \u0412\u0438\u043b\u044c\u043d\u044e\u0441\u0435<\/title>\n<meta name=\"description\" content=\"\u0418\u043d\u0444\u043e\u0440\u043c\u0430\u0446\u0438\u044f \u043e \u0442\u043e\u043c, \u043f\u043e\u0447\u0435\u043c\u0443 \u0441\u0442\u043e\u0438\u0442 \u0432\u044b\u0431\u0440\u0430\u0442\u044c \u0434\u043e\u0441\u0442\u0430\u0432\u043a\u0443 \u0446\u0432\u0435\u0442\u043e\u0432 \u0432 \u0412\u0438\u043b\u044c\u043d\u044e\u0441\u0435 \u043e\u0442 GintaresGeles.lt\" \/>\n<meta name=\"robots\" content=\"index, follow, max-snippet:-1, max-image-preview:large, max-video-preview:-1\" \/>\n<link rel=\"canonical\" href=\"https:\/\/www.gintaresgeles.lt\/ru\/o-gintares-geles\/\" \/>\n<meta property=\"og:locale\" content=\"ru_RU\" \/>\n<meta property=\"og:type\" content=\"article\" \/>\n<meta property=\"og:title\" content=\"\u041e Gintar\u0117s G\u0117les | \u0414\u043e\u0441\u0442\u0430\u0432\u043a\u0430 \u0446\u0432\u0435\u0442\u043e\u0432 \u0432 \u0412\u0438\u043b\u044c\u043d\u044e\u0441\u0435\" \/>\n<meta property=\"og:description\" content=\"\u0418\u043d\u0444\u043e\u0440\u043c\u0430\u0446\u0438\u044f \u043e \u0442\u043e\u043c, \u043f\u043e\u0447\u0435\u043c\u0443 \u0441\u0442\u043e\u0438\u0442 \u0432\u044b\u0431\u0440\u0430\u0442\u044c \u0434\u043e\u0441\u0442\u0430\u0432\u043a\u0443 \u0446\u0432\u0435\u0442\u043e\u0432 \u0432 \u0412\u0438\u043b\u044c\u043d\u044e\u0441\u0435 \u043e\u0442 GintaresGeles.lt\" \/>\n<meta property=\"og:url\" content=\"https:\/\/www.gintaresgeles.lt\/ru\/o-gintares-geles\/\" \/>\n<meta property=\"og:site_name\" content=\"gintaresgeles.lt\" \/>\n<meta property=\"article:modified_time\" content=\"2025-12-29T18:24:38+00:00\" \/>\n<meta name=\"twitter:card\" content=\"summary_large_image\" \/>\n<meta name=\"twitter:label1\" content=\"\u041f\u0440\u0438\u043c\u0435\u0440\u043d\u043e\u0435 \u0432\u0440\u0435\u043c\u044f \u0434\u043b\u044f \u0447\u0442\u0435\u043d\u0438\u044f\" \/>\n\t<meta name=\"twitter:data1\" content=\"2 \u043c\u0438\u043d\u0443\u0442\u044b\" \/>\n<script type=\"application\/ld+json\" class=\"yoast-schema-graph\">{\"@context\":\"https:\/\/schema.org\",\"@graph\":[{\"@type\":\"WebPage\",\"@id\":\"https:\/\/www.gintaresgeles.lt\/ru\/o-gintares-geles\/\",\"url\":\"https:\/\/www.gintaresgeles.lt\/ru\/o-gintares-geles\/\",\"name\":\"\u041e Gintar\u0117s G\u0117les | \u0414\u043e\u0441\u0442\u0430\u0432\u043a\u0430 \u0446\u0432\u0435\u0442\u043e\u0432 \u0432 \u0412\u0438\u043b\u044c\u043d\u044e\u0441\u0435\",\"isPartOf\":{\"@id\":\"https:\/\/www.gintaresgeles.lt\/ru\/#website\"},\"datePublished\":\"2020-09-30T11:15:35+00:00\",\"dateModified\":\"2025-12-29T18:24:38+00:00\",\"description\":\"\u0418\u043d\u0444\u043e\u0440\u043c\u0430\u0446\u0438\u044f \u043e \u0442\u043e\u043c, \u043f\u043e\u0447\u0435\u043c\u0443 \u0441\u0442\u043e\u0438\u0442 \u0432\u044b\u0431\u0440\u0430\u0442\u044c \u0434\u043e\u0441\u0442\u0430\u0432\u043a\u0443 \u0446\u0432\u0435\u0442\u043e\u0432 \u0432 \u0412\u0438\u043b\u044c\u043d\u044e\u0441\u0435 \u043e\u0442 GintaresGeles.lt\",\"breadcrumb\":{\"@id\":\"https:\/\/www.gintaresgeles.lt\/ru\/o-gintares-geles\/#breadcrumb\"},\"inLanguage\":\"ru-RU\",\"potentialAction\":[{\"@type\":\"ReadAction\",\"target\":[\"https:\/\/www.gintaresgeles.lt\/ru\/o-gintares-geles\/\"]}]},{\"@type\":\"BreadcrumbList\",\"@id\":\"https:\/\/www.gintaresgeles.lt\/ru\/o-gintares-geles\/#breadcrumb\",\"itemListElement\":[{\"@type\":\"ListItem\",\"position\":1,\"name\":\"Prad\u017eia\",\"item\":\"https:\/\/www.gintaresgeles.lt\/ru\/\"},{\"@type\":\"ListItem\",\"position\":2,\"name\":\"\u041e Gintar\u0117s G\u0117les\"}]},{\"@type\":\"WebSite\",\"@id\":\"https:\/\/www.gintaresgeles.lt\/ru\/#website\",\"url\":\"https:\/\/www.gintaresgeles.lt\/ru\/\",\"name\":\"gintaresgeles.lt\",\"description\":\"G\u0117li\u0173 parduotuv\u0117 internete\",\"potentialAction\":[{\"@type\":\"SearchAction\",\"target\":{\"@type\":\"EntryPoint\",\"urlTemplate\":\"https:\/\/www.gintaresgeles.lt\/ru\/?s={search_term_string}\"},\"query-input\":{\"@type\":\"PropertyValueSpecification\",\"valueRequired\":true,\"valueName\":\"search_term_string\"}}],\"inLanguage\":\"ru-RU\"}]}<\/script>\n<!-- \/ Yoast SEO plugin. -->","yoast_head_json":{"title":"\u041e Gintar\u0117s G\u0117les | \u0414\u043e\u0441\u0442\u0430\u0432\u043a\u0430 \u0446\u0432\u0435\u0442\u043e\u0432 \u0432 \u0412\u0438\u043b\u044c\u043d\u044e\u0441\u0435","description":"\u0418\u043d\u0444\u043e\u0440\u043c\u0430\u0446\u0438\u044f \u043e \u0442\u043e\u043c, \u043f\u043e\u0447\u0435\u043c\u0443 \u0441\u0442\u043e\u0438\u0442 \u0432\u044b\u0431\u0440\u0430\u0442\u044c \u0434\u043e\u0441\u0442\u0430\u0432\u043a\u0443 \u0446\u0432\u0435\u0442\u043e\u0432 \u0432 \u0412\u0438\u043b\u044c\u043d\u044e\u0441\u0435 \u043e\u0442 GintaresGeles.lt","robots":{"index":"index","follow":"follow","max-snippet":"max-snippet:-1","max-image-preview":"max-image-preview:large","max-video-preview":"max-video-preview:-1"},"canonical":"https:\/\/www.gintaresgeles.lt\/ru\/o-gintares-geles\/","og_locale":"ru_RU","og_type":"article","og_title":"\u041e Gintar\u0117s G\u0117les | \u0414\u043e\u0441\u0442\u0430\u0432\u043a\u0430 \u0446\u0432\u0435\u0442\u043e\u0432 \u0432 \u0412\u0438\u043b\u044c\u043d\u044e\u0441\u0435","og_description":"\u0418\u043d\u0444\u043e\u0440\u043c\u0430\u0446\u0438\u044f \u043e \u0442\u043e\u043c, \u043f\u043e\u0447\u0435\u043c\u0443 \u0441\u0442\u043e\u0438\u0442 \u0432\u044b\u0431\u0440\u0430\u0442\u044c \u0434\u043e\u0441\u0442\u0430\u0432\u043a\u0443 \u0446\u0432\u0435\u0442\u043e\u0432 \u0432 \u0412\u0438\u043b\u044c\u043d\u044e\u0441\u0435 \u043e\u0442 GintaresGeles.lt","og_url":"https:\/\/www.gintaresgeles.lt\/ru\/o-gintares-geles\/","og_site_name":"gintaresgeles.lt","article_modified_time":"2025-12-29T18:24:38+00:00","twitter_card":"summary_large_image","twitter_misc":{"\u041f\u0440\u0438\u043c\u0435\u0440\u043d\u043e\u0435 \u0432\u0440\u0435\u043c\u044f \u0434\u043b\u044f \u0447\u0442\u0435\u043d\u0438\u044f":"2 \u043c\u0438\u043d\u0443\u0442\u044b"},"schema":{"@context":"https:\/\/schema.org","@graph":[{"@type":"WebPage","@id":"https:\/\/www.gintaresgeles.lt\/ru\/o-gintares-geles\/","url":"https:\/\/www.gintaresgeles.lt\/ru\/o-gintares-geles\/","name":"\u041e Gintar\u0117s G\u0117les | \u0414\u043e\u0441\u0442\u0430\u0432\u043a\u0430 \u0446\u0432\u0435\u0442\u043e\u0432 \u0432 \u0412\u0438\u043b\u044c\u043d\u044e\u0441\u0435","isPartOf":{"@id":"https:\/\/www.gintaresgeles.lt\/ru\/#website"},"datePublished":"2020-09-30T11:15:35+00:00","dateModified":"2025-12-29T18:24:38+00:00","description":"\u0418\u043d\u0444\u043e\u0440\u043c\u0430\u0446\u0438\u044f \u043e \u0442\u043e\u043c, \u043f\u043e\u0447\u0435\u043c\u0443 \u0441\u0442\u043e\u0438\u0442 \u0432\u044b\u0431\u0440\u0430\u0442\u044c \u0434\u043e\u0441\u0442\u0430\u0432\u043a\u0443 \u0446\u0432\u0435\u0442\u043e\u0432 \u0432 \u0412\u0438\u043b\u044c\u043d\u044e\u0441\u0435 \u043e\u0442 GintaresGeles.lt","breadcrumb":{"@id":"https:\/\/www.gintaresgeles.lt\/ru\/o-gintares-geles\/#breadcrumb"},"inLanguage":"ru-RU","potentialAction":[{"@type":"ReadAction","target":["https:\/\/www.gintaresgeles.lt\/ru\/o-gintares-geles\/"]}]},{"@type":"BreadcrumbList","@id":"https:\/\/www.gintaresgeles.lt\/ru\/o-gintares-geles\/#breadcrumb","itemListElement":[{"@type":"ListItem","position":1,"name":"Prad\u017eia","item":"https:\/\/www.gintaresgeles.lt\/ru\/"},{"@type":"ListItem","position":2,"name":"\u041e Gintar\u0117s G\u0117les"}]},{"@type":"WebSite","@id":"https:\/\/www.gintaresgeles.lt\/ru\/#website","url":"https:\/\/www.gintaresgeles.lt\/ru\/","name":"gintaresgeles.lt","description":"G\u0117li\u0173 parduotuv\u0117 internete","potentialAction":[{"@type":"SearchAction","target":{"@type":"EntryPoint","urlTemplate":"https:\/\/www.gintaresgeles.lt\/ru\/?s={search_term_string}"},"query-input":{"@type":"PropertyValueSpecification","valueRequired":true,"valueName":"search_term_string"}}],"inLanguage":"ru-RU"}]}},"_links":{"self":[{"href":"https:\/\/www.gintaresgeles.lt\/ru\/wp-json\/wp\/v2\/pages\/31675","targetHints":{"allow":["GET"]}}],"collection":[{"href":"https:\/\/www.gintaresgeles.lt\/ru\/wp-json\/wp\/v2\/pages"}],"about":[{"href":"https:\/\/www.gintaresgeles.lt\/ru\/wp-json\/wp\/v2\/types\/page"}],"author":[{"embeddable":true,"href":"https:\/\/www.gintaresgeles.lt\/ru\/wp-json\/wp\/v2\/users\/5"}],"replies":[{"embeddable":true,"href":"https:\/\/www.gintaresgeles.lt\/ru\/wp-json\/wp\/v2\/comments?post=31675"}],"version-history":[{"count":1,"href":"https:\/\/www.gintaresgeles.lt\/ru\/wp-json\/wp\/v2\/pages\/31675\/revisions"}],"predecessor-version":[{"id":57808,"href":"https:\/\/www.gintaresgeles.lt\/ru\/wp-json\/wp\/v2\/pages\/31675\/revisions\/57808"}],"wp:attachment":[{"href":"https:\/\/www.gintaresgeles.lt\/ru\/wp-json\/wp\/v2\/media?parent=31675"}],"curies":[{"name":"wp","href":"https:\/\/api.w.org\/{rel}","templated":true}]}}