{"id":31699,"date":"2020-09-30T13:37:01","date_gmt":"2020-09-30T15:37:01","guid":{"rendered":"https:\/\/www.gintaresgeles.lt\/?page_id=31699"},"modified":"2020-09-30T13:49:16","modified_gmt":"2020-09-30T15:49:16","slug":"korzina-pokupok","status":"publish","type":"page","link":"https:\/\/www.gintaresgeles.lt\/ru\/korzina-pokupok\/","title":{"rendered":"\u041a\u043e\u0440\u0437\u0438\u043d\u0430 \u043f\u043e\u043a\u0443\u043f\u043e\u043a"},"content":{"rendered":"<div class=\"woocommerce\">\n<div class=\"empty-cart-wrapper\">\n\n\t<div class=\"woocommerce-notices-wrapper\">\n<ul class=\"woocommerce-error\" role=\"alert\">\n\t\t\t<li>\n\t\t\tJ\u016bs\u0173 dabartinio preki\u0173 krep\u0161elio suma yra <span class=\"woocommerce-Price-amount amount\">0.00&nbsp;<span class=\"woocommerce-Price-currencySymbol\">&euro;<\/span><\/span> \u2014 minimali preki\u0173 krep\u0161elio suma norint gauti prekes su pristatymu yra <span class=\"woocommerce-Price-amount amount\">15.00&nbsp;<span class=\"woocommerce-Price-currencySymbol\">&euro;<\/span><\/span> \t\t<\/li>\n\t<\/ul>\n<\/div><div class=\"wc-empty-cart-message\">\n\t<div class=\"cart-empty woocommerce-info\">\n\t\t\u0412\u0430\u0448\u0430 \u043a\u043e\u0440\u0437\u0438\u043d\u0430 \u043f\u043e\u043a\u0430 \u043f\u0443\u0441\u0442\u0430.\t<\/div>\n<\/div>\t\n\t\t\t<p class=\"return-to-shop\">\n\t\t\t<a class=\"button wc-backward tiny\" href=\"https:\/\/www.gintaresgeles.lt\/ru\/vse-cvety-i-drugie-produkty\/\">\n\t\t\t\t\u0412\u0435\u0440\u043d\u0443\u0442\u044c\u0441\u044f \u0432 \u043c\u0430\u0433\u0430\u0437\u0438\u043d\t\t\t<\/a>\n\t\t<\/p>\n\t<\/div><\/div>\n","protected":false},"excerpt":{"rendered":"J\u016bs\u0173 dabartinio preki\u0173 krep\u0161elio suma yra 0.00&nbsp;&euro; \u2014 minimali preki\u0173 krep\u0161elio suma norint gauti prekes su pristatymu yra 15.00&nbsp;&euro; \u0412\u0430\u0448\u0430 \u043a\u043e\u0440\u0437\u0438\u043d\u0430 \u043f\u043e\u043a\u0430 \u043f\u0443\u0441\u0442\u0430. \u0412\u0435\u0440\u043d\u0443\u0442\u044c\u0441\u044f \u0432 \u043c\u0430\u0433\u0430\u0437\u0438\u043d","protected":false},"author":5,"featured_media":0,"parent":0,"menu_order":0,"comment_status":"closed","ping_status":"closed","template":"","meta":{"footnotes":""},"class_list":["post-31699","page","type-page","status-publish","hentry"],"yoast_head":"<!-- This site is optimized with the Yoast SEO plugin v25.3 - https:\/\/yoast.com\/wordpress\/plugins\/seo\/ -->\n<title>\u041a\u043e\u0440\u0437\u0438\u043d\u0430 \u043f\u043e\u043a\u0443\u043f\u043e\u043a | \u041b\u0435\u0433\u043a\u0438\u0439 \u0441\u043f\u043e\u0441\u043e\u0431 \u0441\u0434\u0435\u043b\u0430\u0442\u044c \u0437\u0430\u043a\u0430\u0437 | GintaresGeles.lt<\/title>\n<meta name=\"description\" content=\"\u0414\u043e\u0431\u0430\u0432\u0438\u0442\u044c \u0432\u0441\u0435 \u043f\u0440\u043e\u0434\u0443\u043a\u0442\u044b, \u043a\u043e\u0442\u043e\u0440\u044b\u0435 \u0432\u044b \u0445\u043e\u0442\u0438\u0442\u0435 \u043a\u0443\u043f\u0438\u0442\u044c - \u0446\u0432\u0435\u0442\u043e\u0447\u043d\u0443\u044e \u043a\u043e\u0440\u043e\u0431\u043a\u0443, \u0431\u0443\u043a\u0435\u0442, \u043f\u043e\u0434\u0430\u0440\u043e\u043a \u0438\u043b\u0438 \u043f\u043e\u0437\u0434\u0440\u0430\u0432\u0438\u0442\u0435\u043b\u044c\u043d\u0443\u044e \u043e\u0442\u043a\u0440\u044b\u0442\u043a\u0443.\" \/>\n<meta name=\"robots\" content=\"index, follow, max-snippet:-1, max-image-preview:large, max-video-preview:-1\" \/>\n<link rel=\"canonical\" href=\"https:\/\/www.gintaresgeles.lt\/ru\/korzina-pokupok\/\" \/>\n<meta property=\"og:locale\" content=\"ru_RU\" \/>\n<meta property=\"og:type\" content=\"article\" \/>\n<meta property=\"og:title\" content=\"\u041a\u043e\u0440\u0437\u0438\u043d\u0430 \u043f\u043e\u043a\u0443\u043f\u043e\u043a | \u041b\u0435\u0433\u043a\u0438\u0439 \u0441\u043f\u043e\u0441\u043e\u0431 \u0441\u0434\u0435\u043b\u0430\u0442\u044c \u0437\u0430\u043a\u0430\u0437 | GintaresGeles.lt\" \/>\n<meta property=\"og:description\" content=\"\u0414\u043e\u0431\u0430\u0432\u0438\u0442\u044c \u0432\u0441\u0435 \u043f\u0440\u043e\u0434\u0443\u043a\u0442\u044b, \u043a\u043e\u0442\u043e\u0440\u044b\u0435 \u0432\u044b \u0445\u043e\u0442\u0438\u0442\u0435 \u043a\u0443\u043f\u0438\u0442\u044c - \u0446\u0432\u0435\u0442\u043e\u0447\u043d\u0443\u044e \u043a\u043e\u0440\u043e\u0431\u043a\u0443, \u0431\u0443\u043a\u0435\u0442, \u043f\u043e\u0434\u0430\u0440\u043e\u043a \u0438\u043b\u0438 \u043f\u043e\u0437\u0434\u0440\u0430\u0432\u0438\u0442\u0435\u043b\u044c\u043d\u0443\u044e \u043e\u0442\u043a\u0440\u044b\u0442\u043a\u0443.\" \/>\n<meta property=\"og:url\" content=\"https:\/\/www.gintaresgeles.lt\/ru\/korzina-pokupok\/\" \/>\n<meta property=\"og:site_name\" content=\"gintaresgeles.lt\" \/>\n<meta property=\"article:modified_time\" content=\"2020-09-30T15:49:16+00:00\" \/>\n<meta name=\"twitter:card\" content=\"summary_large_image\" \/>\n<script type=\"application\/ld+json\" class=\"yoast-schema-graph\">{\"@context\":\"https:\/\/schema.org\",\"@graph\":[{\"@type\":\"WebPage\",\"@id\":\"https:\/\/www.gintaresgeles.lt\/ru\/korzina-pokupok\/\",\"url\":\"https:\/\/www.gintaresgeles.lt\/ru\/korzina-pokupok\/\",\"name\":\"\u041a\u043e\u0440\u0437\u0438\u043d\u0430 \u043f\u043e\u043a\u0443\u043f\u043e\u043a | \u041b\u0435\u0433\u043a\u0438\u0439 \u0441\u043f\u043e\u0441\u043e\u0431 \u0441\u0434\u0435\u043b\u0430\u0442\u044c \u0437\u0430\u043a\u0430\u0437 | GintaresGeles.lt\",\"isPartOf\":{\"@id\":\"https:\/\/www.gintaresgeles.lt\/ru\/#website\"},\"datePublished\":\"2020-09-30T15:37:01+00:00\",\"dateModified\":\"2020-09-30T15:49:16+00:00\",\"description\":\"\u0414\u043e\u0431\u0430\u0432\u0438\u0442\u044c \u0432\u0441\u0435 \u043f\u0440\u043e\u0434\u0443\u043a\u0442\u044b, \u043a\u043e\u0442\u043e\u0440\u044b\u0435 \u0432\u044b \u0445\u043e\u0442\u0438\u0442\u0435 \u043a\u0443\u043f\u0438\u0442\u044c - \u0446\u0432\u0435\u0442\u043e\u0447\u043d\u0443\u044e \u043a\u043e\u0440\u043e\u0431\u043a\u0443, \u0431\u0443\u043a\u0435\u0442, \u043f\u043e\u0434\u0430\u0440\u043e\u043a \u0438\u043b\u0438 \u043f\u043e\u0437\u0434\u0440\u0430\u0432\u0438\u0442\u0435\u043b\u044c\u043d\u0443\u044e \u043e\u0442\u043a\u0440\u044b\u0442\u043a\u0443.\",\"breadcrumb\":{\"@id\":\"https:\/\/www.gintaresgeles.lt\/ru\/korzina-pokupok\/#breadcrumb\"},\"inLanguage\":\"ru-RU\",\"potentialAction\":[{\"@type\":\"ReadAction\",\"target\":[\"https:\/\/www.gintaresgeles.lt\/ru\/korzina-pokupok\/\"]}]},{\"@type\":\"BreadcrumbList\",\"@id\":\"https:\/\/www.gintaresgeles.lt\/ru\/korzina-pokupok\/#breadcrumb\",\"itemListElement\":[{\"@type\":\"ListItem\",\"position\":1,\"name\":\"Prad\u017eia\",\"item\":\"https:\/\/www.gintaresgeles.lt\/ru\/\"},{\"@type\":\"ListItem\",\"position\":2,\"name\":\"\u041a\u043e\u0440\u0437\u0438\u043d\u0430 \u043f\u043e\u043a\u0443\u043f\u043e\u043a\"}]},{\"@type\":\"WebSite\",\"@id\":\"https:\/\/www.gintaresgeles.lt\/ru\/#website\",\"url\":\"https:\/\/www.gintaresgeles.lt\/ru\/\",\"name\":\"gintaresgeles.lt\",\"description\":\"G\u0117li\u0173 parduotuv\u0117 internete\",\"potentialAction\":[{\"@type\":\"SearchAction\",\"target\":{\"@type\":\"EntryPoint\",\"urlTemplate\":\"https:\/\/www.gintaresgeles.lt\/ru\/?s={search_term_string}\"},\"query-input\":{\"@type\":\"PropertyValueSpecification\",\"valueRequired\":true,\"valueName\":\"search_term_string\"}}],\"inLanguage\":\"ru-RU\"}]}<\/script>\n<!-- \/ Yoast SEO plugin. -->","yoast_head_json":{"title":"\u041a\u043e\u0440\u0437\u0438\u043d\u0430 \u043f\u043e\u043a\u0443\u043f\u043e\u043a | \u041b\u0435\u0433\u043a\u0438\u0439 \u0441\u043f\u043e\u0441\u043e\u0431 \u0441\u0434\u0435\u043b\u0430\u0442\u044c \u0437\u0430\u043a\u0430\u0437 | GintaresGeles.lt","description":"\u0414\u043e\u0431\u0430\u0432\u0438\u0442\u044c \u0432\u0441\u0435 \u043f\u0440\u043e\u0434\u0443\u043a\u0442\u044b, \u043a\u043e\u0442\u043e\u0440\u044b\u0435 \u0432\u044b \u0445\u043e\u0442\u0438\u0442\u0435 \u043a\u0443\u043f\u0438\u0442\u044c - \u0446\u0432\u0435\u0442\u043e\u0447\u043d\u0443\u044e \u043a\u043e\u0440\u043e\u0431\u043a\u0443, \u0431\u0443\u043a\u0435\u0442, \u043f\u043e\u0434\u0430\u0440\u043e\u043a \u0438\u043b\u0438 \u043f\u043e\u0437\u0434\u0440\u0430\u0432\u0438\u0442\u0435\u043b\u044c\u043d\u0443\u044e \u043e\u0442\u043a\u0440\u044b\u0442\u043a\u0443.","robots":{"index":"index","follow":"follow","max-snippet":"max-snippet:-1","max-image-preview":"max-image-preview:large","max-video-preview":"max-video-preview:-1"},"canonical":"https:\/\/www.gintaresgeles.lt\/ru\/korzina-pokupok\/","og_locale":"ru_RU","og_type":"article","og_title":"\u041a\u043e\u0440\u0437\u0438\u043d\u0430 \u043f\u043e\u043a\u0443\u043f\u043e\u043a | \u041b\u0435\u0433\u043a\u0438\u0439 \u0441\u043f\u043e\u0441\u043e\u0431 \u0441\u0434\u0435\u043b\u0430\u0442\u044c \u0437\u0430\u043a\u0430\u0437 | GintaresGeles.lt","og_description":"\u0414\u043e\u0431\u0430\u0432\u0438\u0442\u044c \u0432\u0441\u0435 \u043f\u0440\u043e\u0434\u0443\u043a\u0442\u044b, \u043a\u043e\u0442\u043e\u0440\u044b\u0435 \u0432\u044b \u0445\u043e\u0442\u0438\u0442\u0435 \u043a\u0443\u043f\u0438\u0442\u044c - \u0446\u0432\u0435\u0442\u043e\u0447\u043d\u0443\u044e \u043a\u043e\u0440\u043e\u0431\u043a\u0443, \u0431\u0443\u043a\u0435\u0442, \u043f\u043e\u0434\u0430\u0440\u043e\u043a \u0438\u043b\u0438 \u043f\u043e\u0437\u0434\u0440\u0430\u0432\u0438\u0442\u0435\u043b\u044c\u043d\u0443\u044e \u043e\u0442\u043a\u0440\u044b\u0442\u043a\u0443.","og_url":"https:\/\/www.gintaresgeles.lt\/ru\/korzina-pokupok\/","og_site_name":"gintaresgeles.lt","article_modified_time":"2020-09-30T15:49:16+00:00","twitter_card":"summary_large_image","schema":{"@context":"https:\/\/schema.org","@graph":[{"@type":"WebPage","@id":"https:\/\/www.gintaresgeles.lt\/ru\/korzina-pokupok\/","url":"https:\/\/www.gintaresgeles.lt\/ru\/korzina-pokupok\/","name":"\u041a\u043e\u0440\u0437\u0438\u043d\u0430 \u043f\u043e\u043a\u0443\u043f\u043e\u043a | \u041b\u0435\u0433\u043a\u0438\u0439 \u0441\u043f\u043e\u0441\u043e\u0431 \u0441\u0434\u0435\u043b\u0430\u0442\u044c \u0437\u0430\u043a\u0430\u0437 | GintaresGeles.lt","isPartOf":{"@id":"https:\/\/www.gintaresgeles.lt\/ru\/#website"},"datePublished":"2020-09-30T15:37:01+00:00","dateModified":"2020-09-30T15:49:16+00:00","description":"\u0414\u043e\u0431\u0430\u0432\u0438\u0442\u044c \u0432\u0441\u0435 \u043f\u0440\u043e\u0434\u0443\u043a\u0442\u044b, \u043a\u043e\u0442\u043e\u0440\u044b\u0435 \u0432\u044b \u0445\u043e\u0442\u0438\u0442\u0435 \u043a\u0443\u043f\u0438\u0442\u044c - \u0446\u0432\u0435\u0442\u043e\u0447\u043d\u0443\u044e \u043a\u043e\u0440\u043e\u0431\u043a\u0443, \u0431\u0443\u043a\u0435\u0442, \u043f\u043e\u0434\u0430\u0440\u043e\u043a \u0438\u043b\u0438 \u043f\u043e\u0437\u0434\u0440\u0430\u0432\u0438\u0442\u0435\u043b\u044c\u043d\u0443\u044e \u043e\u0442\u043a\u0440\u044b\u0442\u043a\u0443.","breadcrumb":{"@id":"https:\/\/www.gintaresgeles.lt\/ru\/korzina-pokupok\/#breadcrumb"},"inLanguage":"ru-RU","potentialAction":[{"@type":"ReadAction","target":["https:\/\/www.gintaresgeles.lt\/ru\/korzina-pokupok\/"]}]},{"@type":"BreadcrumbList","@id":"https:\/\/www.gintaresgeles.lt\/ru\/korzina-pokupok\/#breadcrumb","itemListElement":[{"@type":"ListItem","position":1,"name":"Prad\u017eia","item":"https:\/\/www.gintaresgeles.lt\/ru\/"},{"@type":"ListItem","position":2,"name":"\u041a\u043e\u0440\u0437\u0438\u043d\u0430 \u043f\u043e\u043a\u0443\u043f\u043e\u043a"}]},{"@type":"WebSite","@id":"https:\/\/www.gintaresgeles.lt\/ru\/#website","url":"https:\/\/www.gintaresgeles.lt\/ru\/","name":"gintaresgeles.lt","description":"G\u0117li\u0173 parduotuv\u0117 internete","potentialAction":[{"@type":"SearchAction","target":{"@type":"EntryPoint","urlTemplate":"https:\/\/www.gintaresgeles.lt\/ru\/?s={search_term_string}"},"query-input":{"@type":"PropertyValueSpecification","valueRequired":true,"valueName":"search_term_string"}}],"inLanguage":"ru-RU"}]}},"_links":{"self":[{"href":"https:\/\/www.gintaresgeles.lt\/ru\/wp-json\/wp\/v2\/pages\/31699","targetHints":{"allow":["GET"]}}],"collection":[{"href":"https:\/\/www.gintaresgeles.lt\/ru\/wp-json\/wp\/v2\/pages"}],"about":[{"href":"https:\/\/www.gintaresgeles.lt\/ru\/wp-json\/wp\/v2\/types\/page"}],"author":[{"embeddable":true,"href":"https:\/\/www.gintaresgeles.lt\/ru\/wp-json\/wp\/v2\/users\/5"}],"replies":[{"embeddable":true,"href":"https:\/\/www.gintaresgeles.lt\/ru\/wp-json\/wp\/v2\/comments?post=31699"}],"version-history":[{"count":0,"href":"https:\/\/www.gintaresgeles.lt\/ru\/wp-json\/wp\/v2\/pages\/31699\/revisions"}],"wp:attachment":[{"href":"https:\/\/www.gintaresgeles.lt\/ru\/wp-json\/wp\/v2\/media?parent=31699"}],"curies":[{"name":"wp","href":"https:\/\/api.w.org\/{rel}","templated":true}]}}