{"id":24407,"date":"2019-05-27T18:18:19","date_gmt":"2019-05-27T20:18:19","guid":{"rendered":"https:\/\/www.gintaresgeles.lt\/puokste\/%d0%ba%d0%be%d1%80%d0%be%d0%b1%d0%ba%d0%b0-%d0%ba%d1%80%d0%b0%d1%81%d0%bd%d1%8b%d1%85-%d0%b3%d0%b2%d0%be%d0%b7%d0%b4%d0%b8%d0%ba\/"},"modified":"2025-05-29T02:00:54","modified_gmt":"2025-05-29T00:00:54","slug":"%d0%ba%d0%be%d1%80%d0%be%d0%b1%d0%ba%d0%b0-%d0%ba%d1%80%d0%b0%d1%81%d0%bd%d1%8b%d1%85-%d0%b3%d0%b2%d0%be%d0%b7%d0%b4%d0%b8%d0%ba","status":"publish","type":"product","link":"https:\/\/www.gintaresgeles.lt\/ru\/puokste\/%d0%ba%d0%be%d1%80%d0%be%d0%b1%d0%ba%d0%b0-%d0%ba%d1%80%d0%b0%d1%81%d0%bd%d1%8b%d1%85-%d0%b3%d0%b2%d0%be%d0%b7%d0%b4%d0%b8%d0%ba\/","title":{"rendered":"\u041a\u043e\u0440\u043e\u0431\u043a\u0430 \u043a\u0440\u0430\u0441\u043d\u044b\u0445 \u0433\u0432\u043e\u0437\u0434\u0438\u043a &#171;\u0434\u043b\u044f \u043e\u0442\u0446\u0430&#187;"},"content":{"rendered":"","protected":false},"excerpt":{"rendered":"<p>\u041a\u043e\u0440\u043e\u0431\u043a\u0430 \u0441 \u043a\u0440\u0430\u0441\u043d\u044b\u043c\u0438 \u0433\u0432\u043e\u0437\u0434\u0438\u043a\u0430\u043c\u0438 \u0441\u0442\u0430\u043d\u0435\u0442 \u043e\u0442\u043b\u0438\u0447\u043d\u044b\u043c \u043f\u043e\u0434\u0430\u0440\u043a\u043e\u043c, \u0447\u0442\u043e\u0431\u044b \u043f\u043e\u0437\u0434\u0440\u0430\u0432\u0438\u0442\u044c \u043b\u044e\u0431\u0438\u043c\u044b\u0445 \u043f\u0430\u043f \u0441 \u0438\u0445 \u0434\u043d\u0435\u043c . \u0426\u0432\u0435\u0442\u043e\u0447\u043d\u044b\u0435 \u043a\u043e\u0440\u043e\u0431\u043a\u0438 \u0442\u0430\u043a\u0436\u0435 \u0443\u043a\u0440\u0430\u0448\u0435\u043d\u044b \u0434\u0435\u0440\u0435\u0432\u044f\u043d\u043d\u044b\u043c\u0438 \u0443\u043a\u0440\u0430\u0448\u0435\u043d\u0438\u044f\u043c\u0438, \u043a\u043e\u0442\u043e\u0440\u044b\u0435 \u0441\u0434\u0435\u043b\u0430\u044e\u0442 \u044d\u0442\u0443 \u0446\u0432\u0435\u0442\u043e\u0447\u043d\u0443\u044e \u043a\u043e\u043c\u043f\u043e\u0437\u0438\u0446\u0438\u044e \u0435\u0449\u0435 \u0431\u043e\u043b\u0435\u0435 \u0438\u0437\u044b\u0441\u043a\u0430\u043d\u043d\u043e\u0439.<\/p>\n","protected":false},"featured_media":24408,"template":"","meta":[],"product_brand":[],"product_cat":[969,965,966,968,1011,963],"product_tag":[],"class_list":{"0":"post-24407","1":"product","2":"type-product","3":"status-publish","4":"has-post-thumbnail","6":"product_cat-969","7":"product_cat-965","8":"product_cat-966","9":"product_cat-968","10":"product_cat-1011","11":"product_cat-963","12":"tm-has-options","14":"first","15":"outofstock","16":"taxable","17":"shipping-taxable","18":"purchasable","19":"product-type-variable","20":"has-default-attributes"},"yoast_head":"<!-- This site is optimized with the Yoast SEO plugin v25.3 - https:\/\/yoast.com\/wordpress\/plugins\/seo\/ -->\n<title>\u041a\u043e\u0440\u043e\u0431\u043a\u0430 \u043a\u0440\u0430\u0441\u043d\u044b\u0445 \u0433\u0432\u043e\u0437\u0434\u0438\u043a &quot;\u0434\u043b\u044f \u043e\u0442\u0446\u0430&quot; | \u0414\u0435\u043d\u044c \u043e\u0442\u0446\u0430 | Gintar\u0117s g\u0117l\u0117s<\/title>\n<meta name=\"description\" content=\"\u041f\u0440\u0438\u0432\u0435\u0442\u0441\u0442\u0432\u0443\u0439\u0442\u0435 \u0441\u0432\u043e\u0438\u0445 \u0440\u043e\u0434\u043d\u044b\u0445 \u0438 \u0431\u043b\u0438\u0437\u043a\u0438\u0445 \u0441 \u043a\u043e\u0440\u043e\u0431\u043a\u043e\u0439 \u044f\u0440\u043a\u0438\u0445 \u0433\u0432\u043e\u0437\u0434\u0438\u043a, \u0443\u043a\u0440\u0430\u0448\u0435\u043d\u043d\u044b\u0445 \u0434\u0435\u0440\u0435\u0432\u044f\u043d\u043d\u044b\u043c\u0438 \u0446\u0432\u0435\u0442\u043e\u0447\u043d\u044b\u043c\u0438 \u0443\u043a\u0440\u0430\u0448\u0435\u043d\u0438\u044f\u043c\u0438.\" \/>\n<meta name=\"robots\" content=\"index, follow, max-snippet:-1, max-image-preview:large, max-video-preview:-1\" \/>\n<link rel=\"canonical\" href=\"https:\/\/www.gintaresgeles.lt\/ru\/puokste\/%d0%ba%d0%be%d1%80%d0%be%d0%b1%d0%ba%d0%b0-%d0%ba%d1%80%d0%b0%d1%81%d0%bd%d1%8b%d1%85-%d0%b3%d0%b2%d0%be%d0%b7%d0%b4%d0%b8%d0%ba\/\" \/>\n<meta property=\"og:locale\" content=\"ru_RU\" \/>\n<meta property=\"og:type\" content=\"article\" \/>\n<meta property=\"og:title\" content=\"\u041a\u043e\u0440\u043e\u0431\u043a\u0430 \u043a\u0440\u0430\u0441\u043d\u044b\u0445 \u0433\u0432\u043e\u0437\u0434\u0438\u043a &quot;\u0434\u043b\u044f \u043e\u0442\u0446\u0430&quot; | \u0414\u0435\u043d\u044c \u043e\u0442\u0446\u0430 | Gintar\u0117s g\u0117l\u0117s\" \/>\n<meta property=\"og:description\" content=\"\u041f\u0440\u0438\u0432\u0435\u0442\u0441\u0442\u0432\u0443\u0439\u0442\u0435 \u0441\u0432\u043e\u0438\u0445 \u0440\u043e\u0434\u043d\u044b\u0445 \u0438 \u0431\u043b\u0438\u0437\u043a\u0438\u0445 \u0441 \u043a\u043e\u0440\u043e\u0431\u043a\u043e\u0439 \u044f\u0440\u043a\u0438\u0445 \u0433\u0432\u043e\u0437\u0434\u0438\u043a, \u0443\u043a\u0440\u0430\u0448\u0435\u043d\u043d\u044b\u0445 \u0434\u0435\u0440\u0435\u0432\u044f\u043d\u043d\u044b\u043c\u0438 \u0446\u0432\u0435\u0442\u043e\u0447\u043d\u044b\u043c\u0438 \u0443\u043a\u0440\u0430\u0448\u0435\u043d\u0438\u044f\u043c\u0438.\" \/>\n<meta property=\"og:url\" content=\"https:\/\/www.gintaresgeles.lt\/ru\/puokste\/%d0%ba%d0%be%d1%80%d0%be%d0%b1%d0%ba%d0%b0-%d0%ba%d1%80%d0%b0%d1%81%d0%bd%d1%8b%d1%85-%d0%b3%d0%b2%d0%be%d0%b7%d0%b4%d0%b8%d0%ba\/\" \/>\n<meta property=\"og:site_name\" content=\"gintaresgeles.lt\" \/>\n<meta property=\"article:modified_time\" content=\"2025-05-29T00:00:54+00:00\" \/>\n<meta property=\"og:image\" content=\"https:\/\/www.gintaresgeles.lt\/wp-content\/uploads\/2019\/05\/geliu-dezutes-raudoni-gvazdikai.jpg\" \/>\n\t<meta property=\"og:image:width\" content=\"601\" \/>\n\t<meta property=\"og:image:height\" content=\"600\" \/>\n\t<meta property=\"og:image:type\" content=\"image\/jpeg\" \/>\n<meta name=\"twitter:card\" content=\"summary_large_image\" \/>\n<script type=\"application\/ld+json\" class=\"yoast-schema-graph\">{\"@context\":\"https:\/\/schema.org\",\"@graph\":[{\"@type\":\"WebPage\",\"@id\":\"https:\/\/www.gintaresgeles.lt\/ru\/puokste\/%d0%ba%d0%be%d1%80%d0%be%d0%b1%d0%ba%d0%b0-%d0%ba%d1%80%d0%b0%d1%81%d0%bd%d1%8b%d1%85-%d0%b3%d0%b2%d0%be%d0%b7%d0%b4%d0%b8%d0%ba\/\",\"url\":\"https:\/\/www.gintaresgeles.lt\/ru\/puokste\/%d0%ba%d0%be%d1%80%d0%be%d0%b1%d0%ba%d0%b0-%d0%ba%d1%80%d0%b0%d1%81%d0%bd%d1%8b%d1%85-%d0%b3%d0%b2%d0%be%d0%b7%d0%b4%d0%b8%d0%ba\/\",\"name\":\"\u041a\u043e\u0440\u043e\u0431\u043a\u0430 \u043a\u0440\u0430\u0441\u043d\u044b\u0445 \u0433\u0432\u043e\u0437\u0434\u0438\u043a \\\"\u0434\u043b\u044f \u043e\u0442\u0446\u0430\\\" | \u0414\u0435\u043d\u044c \u043e\u0442\u0446\u0430 | Gintar\u0117s g\u0117l\u0117s\",\"isPartOf\":{\"@id\":\"https:\/\/www.gintaresgeles.lt\/ru\/#website\"},\"primaryImageOfPage\":{\"@id\":\"https:\/\/www.gintaresgeles.lt\/ru\/puokste\/%d0%ba%d0%be%d1%80%d0%be%d0%b1%d0%ba%d0%b0-%d0%ba%d1%80%d0%b0%d1%81%d0%bd%d1%8b%d1%85-%d0%b3%d0%b2%d0%be%d0%b7%d0%b4%d0%b8%d0%ba\/#primaryimage\"},\"image\":{\"@id\":\"https:\/\/www.gintaresgeles.lt\/ru\/puokste\/%d0%ba%d0%be%d1%80%d0%be%d0%b1%d0%ba%d0%b0-%d0%ba%d1%80%d0%b0%d1%81%d0%bd%d1%8b%d1%85-%d0%b3%d0%b2%d0%be%d0%b7%d0%b4%d0%b8%d0%ba\/#primaryimage\"},\"thumbnailUrl\":\"https:\/\/www.gintaresgeles.lt\/wp-content\/uploads\/2019\/05\/geliu-dezutes-raudoni-gvazdikai.jpg\",\"datePublished\":\"2019-05-27T20:18:19+00:00\",\"dateModified\":\"2025-05-29T00:00:54+00:00\",\"description\":\"\u041f\u0440\u0438\u0432\u0435\u0442\u0441\u0442\u0432\u0443\u0439\u0442\u0435 \u0441\u0432\u043e\u0438\u0445 \u0440\u043e\u0434\u043d\u044b\u0445 \u0438 \u0431\u043b\u0438\u0437\u043a\u0438\u0445 \u0441 \u043a\u043e\u0440\u043e\u0431\u043a\u043e\u0439 \u044f\u0440\u043a\u0438\u0445 \u0433\u0432\u043e\u0437\u0434\u0438\u043a, \u0443\u043a\u0440\u0430\u0448\u0435\u043d\u043d\u044b\u0445 \u0434\u0435\u0440\u0435\u0432\u044f\u043d\u043d\u044b\u043c\u0438 \u0446\u0432\u0435\u0442\u043e\u0447\u043d\u044b\u043c\u0438 \u0443\u043a\u0440\u0430\u0448\u0435\u043d\u0438\u044f\u043c\u0438.\",\"breadcrumb\":{\"@id\":\"https:\/\/www.gintaresgeles.lt\/ru\/puokste\/%d0%ba%d0%be%d1%80%d0%be%d0%b1%d0%ba%d0%b0-%d0%ba%d1%80%d0%b0%d1%81%d0%bd%d1%8b%d1%85-%d0%b3%d0%b2%d0%be%d0%b7%d0%b4%d0%b8%d0%ba\/#breadcrumb\"},\"inLanguage\":\"ru-RU\",\"potentialAction\":[{\"@type\":\"ReadAction\",\"target\":[\"https:\/\/www.gintaresgeles.lt\/ru\/puokste\/%d0%ba%d0%be%d1%80%d0%be%d0%b1%d0%ba%d0%b0-%d0%ba%d1%80%d0%b0%d1%81%d0%bd%d1%8b%d1%85-%d0%b3%d0%b2%d0%be%d0%b7%d0%b4%d0%b8%d0%ba\/\"]}]},{\"@type\":\"ImageObject\",\"inLanguage\":\"ru-RU\",\"@id\":\"https:\/\/www.gintaresgeles.lt\/ru\/puokste\/%d0%ba%d0%be%d1%80%d0%be%d0%b1%d0%ba%d0%b0-%d0%ba%d1%80%d0%b0%d1%81%d0%bd%d1%8b%d1%85-%d0%b3%d0%b2%d0%be%d0%b7%d0%b4%d0%b8%d0%ba\/#primaryimage\",\"url\":\"https:\/\/www.gintaresgeles.lt\/wp-content\/uploads\/2019\/05\/geliu-dezutes-raudoni-gvazdikai.jpg\",\"contentUrl\":\"https:\/\/www.gintaresgeles.lt\/wp-content\/uploads\/2019\/05\/geliu-dezutes-raudoni-gvazdikai.jpg\",\"width\":601,\"height\":600,\"caption\":\"\u041f\u043e\u0434\u0430\u0440\u043a\u0438 \u0434\u043b\u044f \u043f\u0430\u043f\u044b \u0433\u0432\u043e\u0437\u0434\u0438\u043a\u0438 \u0432 \u043a\u043e\u0440\u043e\u0431\u043a\u0435\"},{\"@type\":\"BreadcrumbList\",\"@id\":\"https:\/\/www.gintaresgeles.lt\/ru\/puokste\/%d0%ba%d0%be%d1%80%d0%be%d0%b1%d0%ba%d0%b0-%d0%ba%d1%80%d0%b0%d1%81%d0%bd%d1%8b%d1%85-%d0%b3%d0%b2%d0%be%d0%b7%d0%b4%d0%b8%d0%ba\/#breadcrumb\",\"itemListElement\":[{\"@type\":\"ListItem\",\"position\":1,\"name\":\"Prad\u017eia\",\"item\":\"https:\/\/www.gintaresgeles.lt\/ru\/\"},{\"@type\":\"ListItem\",\"position\":2,\"name\":\"\u0412\u0441\u0435 \u0446\u0432\u0435\u0442\u044b \u0438 \u0434\u0440\u0443\u0433\u0438\u0435 \u043f\u0440\u043e\u0434\u0443\u043a\u0442\u044b\",\"item\":\"https:\/\/www.gintaresgeles.lt\/ru\/vse-cvety-i-drugie-produkty\/\"},{\"@type\":\"ListItem\",\"position\":3,\"name\":\"\u041a\u043e\u0440\u043e\u0431\u043a\u0430 \u043a\u0440\u0430\u0441\u043d\u044b\u0445 \u0433\u0432\u043e\u0437\u0434\u0438\u043a &#8222;\u0434\u043b\u044f \u043e\u0442\u0446\u0430&#8221;\"}]},{\"@type\":\"WebSite\",\"@id\":\"https:\/\/www.gintaresgeles.lt\/ru\/#website\",\"url\":\"https:\/\/www.gintaresgeles.lt\/ru\/\",\"name\":\"gintaresgeles.lt\",\"description\":\"G\u0117li\u0173 parduotuv\u0117 internete\",\"potentialAction\":[{\"@type\":\"SearchAction\",\"target\":{\"@type\":\"EntryPoint\",\"urlTemplate\":\"https:\/\/www.gintaresgeles.lt\/ru\/?s={search_term_string}\"},\"query-input\":{\"@type\":\"PropertyValueSpecification\",\"valueRequired\":true,\"valueName\":\"search_term_string\"}}],\"inLanguage\":\"ru-RU\"}]}<\/script>\n<!-- \/ Yoast SEO plugin. -->","yoast_head_json":{"title":"\u041a\u043e\u0440\u043e\u0431\u043a\u0430 \u043a\u0440\u0430\u0441\u043d\u044b\u0445 \u0433\u0432\u043e\u0437\u0434\u0438\u043a \"\u0434\u043b\u044f \u043e\u0442\u0446\u0430\" | \u0414\u0435\u043d\u044c \u043e\u0442\u0446\u0430 | Gintar\u0117s g\u0117l\u0117s","description":"\u041f\u0440\u0438\u0432\u0435\u0442\u0441\u0442\u0432\u0443\u0439\u0442\u0435 \u0441\u0432\u043e\u0438\u0445 \u0440\u043e\u0434\u043d\u044b\u0445 \u0438 \u0431\u043b\u0438\u0437\u043a\u0438\u0445 \u0441 \u043a\u043e\u0440\u043e\u0431\u043a\u043e\u0439 \u044f\u0440\u043a\u0438\u0445 \u0433\u0432\u043e\u0437\u0434\u0438\u043a, \u0443\u043a\u0440\u0430\u0448\u0435\u043d\u043d\u044b\u0445 \u0434\u0435\u0440\u0435\u0432\u044f\u043d\u043d\u044b\u043c\u0438 \u0446\u0432\u0435\u0442\u043e\u0447\u043d\u044b\u043c\u0438 \u0443\u043a\u0440\u0430\u0448\u0435\u043d\u0438\u044f\u043c\u0438.","robots":{"index":"index","follow":"follow","max-snippet":"max-snippet:-1","max-image-preview":"max-image-preview:large","max-video-preview":"max-video-preview:-1"},"canonical":"https:\/\/www.gintaresgeles.lt\/ru\/puokste\/%d0%ba%d0%be%d1%80%d0%be%d0%b1%d0%ba%d0%b0-%d0%ba%d1%80%d0%b0%d1%81%d0%bd%d1%8b%d1%85-%d0%b3%d0%b2%d0%be%d0%b7%d0%b4%d0%b8%d0%ba\/","og_locale":"ru_RU","og_type":"article","og_title":"\u041a\u043e\u0440\u043e\u0431\u043a\u0430 \u043a\u0440\u0430\u0441\u043d\u044b\u0445 \u0433\u0432\u043e\u0437\u0434\u0438\u043a \"\u0434\u043b\u044f \u043e\u0442\u0446\u0430\" | \u0414\u0435\u043d\u044c \u043e\u0442\u0446\u0430 | Gintar\u0117s g\u0117l\u0117s","og_description":"\u041f\u0440\u0438\u0432\u0435\u0442\u0441\u0442\u0432\u0443\u0439\u0442\u0435 \u0441\u0432\u043e\u0438\u0445 \u0440\u043e\u0434\u043d\u044b\u0445 \u0438 \u0431\u043b\u0438\u0437\u043a\u0438\u0445 \u0441 \u043a\u043e\u0440\u043e\u0431\u043a\u043e\u0439 \u044f\u0440\u043a\u0438\u0445 \u0433\u0432\u043e\u0437\u0434\u0438\u043a, \u0443\u043a\u0440\u0430\u0448\u0435\u043d\u043d\u044b\u0445 \u0434\u0435\u0440\u0435\u0432\u044f\u043d\u043d\u044b\u043c\u0438 \u0446\u0432\u0435\u0442\u043e\u0447\u043d\u044b\u043c\u0438 \u0443\u043a\u0440\u0430\u0448\u0435\u043d\u0438\u044f\u043c\u0438.","og_url":"https:\/\/www.gintaresgeles.lt\/ru\/puokste\/%d0%ba%d0%be%d1%80%d0%be%d0%b1%d0%ba%d0%b0-%d0%ba%d1%80%d0%b0%d1%81%d0%bd%d1%8b%d1%85-%d0%b3%d0%b2%d0%be%d0%b7%d0%b4%d0%b8%d0%ba\/","og_site_name":"gintaresgeles.lt","article_modified_time":"2025-05-29T00:00:54+00:00","og_image":[{"width":601,"height":600,"url":"https:\/\/www.gintaresgeles.lt\/wp-content\/uploads\/2019\/05\/geliu-dezutes-raudoni-gvazdikai.jpg","type":"image\/jpeg"}],"twitter_card":"summary_large_image","schema":{"@context":"https:\/\/schema.org","@graph":[{"@type":"WebPage","@id":"https:\/\/www.gintaresgeles.lt\/ru\/puokste\/%d0%ba%d0%be%d1%80%d0%be%d0%b1%d0%ba%d0%b0-%d0%ba%d1%80%d0%b0%d1%81%d0%bd%d1%8b%d1%85-%d0%b3%d0%b2%d0%be%d0%b7%d0%b4%d0%b8%d0%ba\/","url":"https:\/\/www.gintaresgeles.lt\/ru\/puokste\/%d0%ba%d0%be%d1%80%d0%be%d0%b1%d0%ba%d0%b0-%d0%ba%d1%80%d0%b0%d1%81%d0%bd%d1%8b%d1%85-%d0%b3%d0%b2%d0%be%d0%b7%d0%b4%d0%b8%d0%ba\/","name":"\u041a\u043e\u0440\u043e\u0431\u043a\u0430 \u043a\u0440\u0430\u0441\u043d\u044b\u0445 \u0433\u0432\u043e\u0437\u0434\u0438\u043a \"\u0434\u043b\u044f \u043e\u0442\u0446\u0430\" | \u0414\u0435\u043d\u044c \u043e\u0442\u0446\u0430 | Gintar\u0117s g\u0117l\u0117s","isPartOf":{"@id":"https:\/\/www.gintaresgeles.lt\/ru\/#website"},"primaryImageOfPage":{"@id":"https:\/\/www.gintaresgeles.lt\/ru\/puokste\/%d0%ba%d0%be%d1%80%d0%be%d0%b1%d0%ba%d0%b0-%d0%ba%d1%80%d0%b0%d1%81%d0%bd%d1%8b%d1%85-%d0%b3%d0%b2%d0%be%d0%b7%d0%b4%d0%b8%d0%ba\/#primaryimage"},"image":{"@id":"https:\/\/www.gintaresgeles.lt\/ru\/puokste\/%d0%ba%d0%be%d1%80%d0%be%d0%b1%d0%ba%d0%b0-%d0%ba%d1%80%d0%b0%d1%81%d0%bd%d1%8b%d1%85-%d0%b3%d0%b2%d0%be%d0%b7%d0%b4%d0%b8%d0%ba\/#primaryimage"},"thumbnailUrl":"https:\/\/www.gintaresgeles.lt\/wp-content\/uploads\/2019\/05\/geliu-dezutes-raudoni-gvazdikai.jpg","datePublished":"2019-05-27T20:18:19+00:00","dateModified":"2025-05-29T00:00:54+00:00","description":"\u041f\u0440\u0438\u0432\u0435\u0442\u0441\u0442\u0432\u0443\u0439\u0442\u0435 \u0441\u0432\u043e\u0438\u0445 \u0440\u043e\u0434\u043d\u044b\u0445 \u0438 \u0431\u043b\u0438\u0437\u043a\u0438\u0445 \u0441 \u043a\u043e\u0440\u043e\u0431\u043a\u043e\u0439 \u044f\u0440\u043a\u0438\u0445 \u0433\u0432\u043e\u0437\u0434\u0438\u043a, \u0443\u043a\u0440\u0430\u0448\u0435\u043d\u043d\u044b\u0445 \u0434\u0435\u0440\u0435\u0432\u044f\u043d\u043d\u044b\u043c\u0438 \u0446\u0432\u0435\u0442\u043e\u0447\u043d\u044b\u043c\u0438 \u0443\u043a\u0440\u0430\u0448\u0435\u043d\u0438\u044f\u043c\u0438.","breadcrumb":{"@id":"https:\/\/www.gintaresgeles.lt\/ru\/puokste\/%d0%ba%d0%be%d1%80%d0%be%d0%b1%d0%ba%d0%b0-%d0%ba%d1%80%d0%b0%d1%81%d0%bd%d1%8b%d1%85-%d0%b3%d0%b2%d0%be%d0%b7%d0%b4%d0%b8%d0%ba\/#breadcrumb"},"inLanguage":"ru-RU","potentialAction":[{"@type":"ReadAction","target":["https:\/\/www.gintaresgeles.lt\/ru\/puokste\/%d0%ba%d0%be%d1%80%d0%be%d0%b1%d0%ba%d0%b0-%d0%ba%d1%80%d0%b0%d1%81%d0%bd%d1%8b%d1%85-%d0%b3%d0%b2%d0%be%d0%b7%d0%b4%d0%b8%d0%ba\/"]}]},{"@type":"ImageObject","inLanguage":"ru-RU","@id":"https:\/\/www.gintaresgeles.lt\/ru\/puokste\/%d0%ba%d0%be%d1%80%d0%be%d0%b1%d0%ba%d0%b0-%d0%ba%d1%80%d0%b0%d1%81%d0%bd%d1%8b%d1%85-%d0%b3%d0%b2%d0%be%d0%b7%d0%b4%d0%b8%d0%ba\/#primaryimage","url":"https:\/\/www.gintaresgeles.lt\/wp-content\/uploads\/2019\/05\/geliu-dezutes-raudoni-gvazdikai.jpg","contentUrl":"https:\/\/www.gintaresgeles.lt\/wp-content\/uploads\/2019\/05\/geliu-dezutes-raudoni-gvazdikai.jpg","width":601,"height":600,"caption":"\u041f\u043e\u0434\u0430\u0440\u043a\u0438 \u0434\u043b\u044f \u043f\u0430\u043f\u044b \u0433\u0432\u043e\u0437\u0434\u0438\u043a\u0438 \u0432 \u043a\u043e\u0440\u043e\u0431\u043a\u0435"},{"@type":"BreadcrumbList","@id":"https:\/\/www.gintaresgeles.lt\/ru\/puokste\/%d0%ba%d0%be%d1%80%d0%be%d0%b1%d0%ba%d0%b0-%d0%ba%d1%80%d0%b0%d1%81%d0%bd%d1%8b%d1%85-%d0%b3%d0%b2%d0%be%d0%b7%d0%b4%d0%b8%d0%ba\/#breadcrumb","itemListElement":[{"@type":"ListItem","position":1,"name":"Prad\u017eia","item":"https:\/\/www.gintaresgeles.lt\/ru\/"},{"@type":"ListItem","position":2,"name":"\u0412\u0441\u0435 \u0446\u0432\u0435\u0442\u044b \u0438 \u0434\u0440\u0443\u0433\u0438\u0435 \u043f\u0440\u043e\u0434\u0443\u043a\u0442\u044b","item":"https:\/\/www.gintaresgeles.lt\/ru\/vse-cvety-i-drugie-produkty\/"},{"@type":"ListItem","position":3,"name":"\u041a\u043e\u0440\u043e\u0431\u043a\u0430 \u043a\u0440\u0430\u0441\u043d\u044b\u0445 \u0433\u0432\u043e\u0437\u0434\u0438\u043a &#8222;\u0434\u043b\u044f \u043e\u0442\u0446\u0430&#8221;"}]},{"@type":"WebSite","@id":"https:\/\/www.gintaresgeles.lt\/ru\/#website","url":"https:\/\/www.gintaresgeles.lt\/ru\/","name":"gintaresgeles.lt","description":"G\u0117li\u0173 parduotuv\u0117 internete","potentialAction":[{"@type":"SearchAction","target":{"@type":"EntryPoint","urlTemplate":"https:\/\/www.gintaresgeles.lt\/ru\/?s={search_term_string}"},"query-input":{"@type":"PropertyValueSpecification","valueRequired":true,"valueName":"search_term_string"}}],"inLanguage":"ru-RU"}]}},"_links":{"self":[{"href":"https:\/\/www.gintaresgeles.lt\/ru\/wp-json\/wp\/v2\/product\/24407","targetHints":{"allow":["GET"]}}],"collection":[{"href":"https:\/\/www.gintaresgeles.lt\/ru\/wp-json\/wp\/v2\/product"}],"about":[{"href":"https:\/\/www.gintaresgeles.lt\/ru\/wp-json\/wp\/v2\/types\/product"}],"wp:featuredmedia":[{"embeddable":true,"href":"https:\/\/www.gintaresgeles.lt\/ru\/wp-json\/wp\/v2\/media\/24408"}],"wp:attachment":[{"href":"https:\/\/www.gintaresgeles.lt\/ru\/wp-json\/wp\/v2\/media?parent=24407"}],"wp:term":[{"taxonomy":"product_brand","embeddable":true,"href":"https:\/\/www.gintaresgeles.lt\/ru\/wp-json\/wp\/v2\/product_brand?post=24407"},{"taxonomy":"product_cat","embeddable":true,"href":"https:\/\/www.gintaresgeles.lt\/ru\/wp-json\/wp\/v2\/product_cat?post=24407"},{"taxonomy":"product_tag","embeddable":true,"href":"https:\/\/www.gintaresgeles.lt\/ru\/wp-json\/wp\/v2\/product_tag?post=24407"}],"curies":[{"name":"wp","href":"https:\/\/api.w.org\/{rel}","templated":true}]}}