{"id":24455,"date":"2019-05-08T10:25:41","date_gmt":"2019-05-08T12:25:41","guid":{"rendered":"https:\/\/www.gintaresgeles.lt\/puokste\/%d0%b3%d0%b5%d0%bb%d0%b8%d0%b5%d0%b2%d1%8b%d0%b9-%d1%88%d0%b0%d1%80-2\/"},"modified":"2025-05-29T02:00:56","modified_gmt":"2025-05-29T00:00:56","slug":"%d0%b3%d0%b5%d0%bb%d0%b8%d0%b5%d0%b2%d1%8b%d0%b9-%d1%88%d0%b0%d1%80-%d1%86%d0%b2%d0%b5%d1%82%d0%be%d1%87%d0%ba%d0%b8","status":"publish","type":"product","link":"https:\/\/www.gintaresgeles.lt\/ru\/puokste\/%d0%b3%d0%b5%d0%bb%d0%b8%d0%b5%d0%b2%d1%8b%d0%b9-%d1%88%d0%b0%d1%80-%d1%86%d0%b2%d0%b5%d1%82%d0%be%d1%87%d0%ba%d0%b8\/","title":{"rendered":"\u0413\u0435\u043b\u0438\u0435\u0432\u044b\u0439 \u0428\u0430\u0440 &#171;\u0426\u0432\u0435\u0442\u043e\u0447\u043a\u0438&#187;"},"content":{"rendered":"","protected":false},"excerpt":{"rendered":"<p>\u0412\u043e\u0437\u0434\u0443\u0448\u043d\u044b\u0439 \u0448\u0430\u0440 \u0441\u043e \u0441\u043b\u043e\u0432\u0430\u043c\u0438 \u00ab\u0421 \u0434\u043d\u0435\u043c \u200b\u200b\u0440\u043e\u0436\u0434\u0435\u043d\u0438\u044f\u00bb \u0443\u043a\u0440\u0430\u0448\u0435\u043d \u0432\u0435\u0441\u0435\u043b\u044b\u043c\u0438 \u0440\u043e\u0437\u043e\u0432\u044b\u043c\u0438 \u0446\u0432\u0435\u0442\u0430\u043c\u0438, \u0431\u0435\u043b\u044b\u043c\u0438 \u0438 \u0447\u0435\u0440\u043d\u044b\u043c\u0438 \u043f\u043e\u043b\u043e\u0441\u0430\u043c\u0438.<\/p>\n","protected":false},"featured_media":23157,"template":"","meta":[],"product_brand":[],"product_cat":[957,984,959,958,1845],"product_tag":[],"class_list":{"0":"post-24455","1":"product","2":"type-product","3":"status-publish","4":"has-post-thumbnail","6":"product_cat-957","7":"product_cat-984","8":"product_cat-959","9":"product_cat-958","10":"product_cat-1845","11":"tm-has-options","13":"first","14":"instock","15":"taxable","16":"shipping-taxable","17":"purchasable","18":"product-type-simple"},"yoast_head":"<!-- This site is optimized with the Yoast SEO plugin v25.3 - https:\/\/yoast.com\/wordpress\/plugins\/seo\/ -->\n<title>\u0412\u043e\u0437\u0434\u0443\u0448\u043d\u044b\u0439 \u0448\u0430\u0440 &quot;\u0426\u0432\u0435\u0442\u043e\u0447\u043a\u0438&quot; | \u0412\u043e\u0437\u0434\u0443\u0448\u043d\u044b\u0435 \u0448\u0430\u0440\u044b \u043d\u0430 \u0434\u0435\u043d\u044c \u0440\u043e\u0436\u0434\u0435\u043d\u0438\u044f | Gintar\u0117s G\u0117l\u0117s<\/title>\n<meta name=\"description\" content=\"\u0413\u0435\u043b\u0438\u0435\u0432\u044b\u0439 \u0448\u0430\u0440 \u0434\u043b\u044f \u0434\u0435\u0432\u043e\u0447\u043a\u0438, \u0443\u043a\u0440\u0430\u0448\u0435\u043d \u0440\u043e\u0437\u043e\u0432\u044b\u043c\u0438 \u0446\u0432\u0435\u0442\u0430\u043c\u0438 \u0438 \u0431\u0435\u043b\u043e-\u0447\u0435\u0440\u043d\u044b\u043c\u0438 \u043f\u043e\u043b\u043e\u0441\u0430\u043c\u0438 \u0441\u043e \u0441\u043b\u043e\u0432\u0430\u043c\u0438 \u00ab\u0421 \u0434\u043d\u0435\u043c \u200b\u200b\u0440\u043e\u0436\u0434\u0435\u043d\u0438\u044f\u00bb.\" \/>\n<meta name=\"robots\" content=\"index, follow, max-snippet:-1, max-image-preview:large, max-video-preview:-1\" \/>\n<link rel=\"canonical\" href=\"https:\/\/www.gintaresgeles.lt\/ru\/puokste\/%d0%b3%d0%b5%d0%bb%d0%b8%d0%b5%d0%b2%d1%8b%d0%b9-%d1%88%d0%b0%d1%80-%d1%86%d0%b2%d0%b5%d1%82%d0%be%d1%87%d0%ba%d0%b8\/\" \/>\n<meta property=\"og:locale\" content=\"ru_RU\" \/>\n<meta property=\"og:type\" content=\"article\" \/>\n<meta property=\"og:title\" content=\"\u0412\u043e\u0437\u0434\u0443\u0448\u043d\u044b\u0439 \u0448\u0430\u0440 &quot;\u0426\u0432\u0435\u0442\u043e\u0447\u043a\u0438&quot; | \u0412\u043e\u0437\u0434\u0443\u0448\u043d\u044b\u0435 \u0448\u0430\u0440\u044b \u043d\u0430 \u0434\u0435\u043d\u044c \u0440\u043e\u0436\u0434\u0435\u043d\u0438\u044f | Gintar\u0117s G\u0117l\u0117s\" \/>\n<meta property=\"og:description\" content=\"\u0413\u0435\u043b\u0438\u0435\u0432\u044b\u0439 \u0448\u0430\u0440 \u0434\u043b\u044f \u0434\u0435\u0432\u043e\u0447\u043a\u0438, \u0443\u043a\u0440\u0430\u0448\u0435\u043d \u0440\u043e\u0437\u043e\u0432\u044b\u043c\u0438 \u0446\u0432\u0435\u0442\u0430\u043c\u0438 \u0438 \u0431\u0435\u043b\u043e-\u0447\u0435\u0440\u043d\u044b\u043c\u0438 \u043f\u043e\u043b\u043e\u0441\u0430\u043c\u0438 \u0441\u043e \u0441\u043b\u043e\u0432\u0430\u043c\u0438 \u00ab\u0421 \u0434\u043d\u0435\u043c \u200b\u200b\u0440\u043e\u0436\u0434\u0435\u043d\u0438\u044f\u00bb.\" \/>\n<meta property=\"og:url\" content=\"https:\/\/www.gintaresgeles.lt\/ru\/puokste\/%d0%b3%d0%b5%d0%bb%d0%b8%d0%b5%d0%b2%d1%8b%d0%b9-%d1%88%d0%b0%d1%80-%d1%86%d0%b2%d0%b5%d1%82%d0%be%d1%87%d0%ba%d0%b8\/\" \/>\n<meta property=\"og:site_name\" content=\"gintaresgeles.lt\" \/>\n<meta property=\"article:modified_time\" content=\"2025-05-29T00:00:56+00:00\" \/>\n<meta property=\"og:image\" content=\"https:\/\/www.gintaresgeles.lt\/wp-content\/uploads\/2019\/05\/gimtadienio-balionas-su-gelytemis.jpg\" \/>\n\t<meta property=\"og:image:width\" content=\"601\" \/>\n\t<meta property=\"og:image:height\" content=\"601\" \/>\n\t<meta property=\"og:image:type\" content=\"image\/jpeg\" \/>\n<meta name=\"twitter:card\" content=\"summary_large_image\" \/>\n<script type=\"application\/ld+json\" class=\"yoast-schema-graph\">{\"@context\":\"https:\/\/schema.org\",\"@graph\":[{\"@type\":\"WebPage\",\"@id\":\"https:\/\/www.gintaresgeles.lt\/ru\/puokste\/%d0%b3%d0%b5%d0%bb%d0%b8%d0%b5%d0%b2%d1%8b%d0%b9-%d1%88%d0%b0%d1%80-%d1%86%d0%b2%d0%b5%d1%82%d0%be%d1%87%d0%ba%d0%b8\/\",\"url\":\"https:\/\/www.gintaresgeles.lt\/ru\/puokste\/%d0%b3%d0%b5%d0%bb%d0%b8%d0%b5%d0%b2%d1%8b%d0%b9-%d1%88%d0%b0%d1%80-%d1%86%d0%b2%d0%b5%d1%82%d0%be%d1%87%d0%ba%d0%b8\/\",\"name\":\"\u0412\u043e\u0437\u0434\u0443\u0448\u043d\u044b\u0439 \u0448\u0430\u0440 \\\"\u0426\u0432\u0435\u0442\u043e\u0447\u043a\u0438\\\" | \u0412\u043e\u0437\u0434\u0443\u0448\u043d\u044b\u0435 \u0448\u0430\u0440\u044b \u043d\u0430 \u0434\u0435\u043d\u044c \u0440\u043e\u0436\u0434\u0435\u043d\u0438\u044f | Gintar\u0117s G\u0117l\u0117s\",\"isPartOf\":{\"@id\":\"https:\/\/www.gintaresgeles.lt\/ru\/#website\"},\"primaryImageOfPage\":{\"@id\":\"https:\/\/www.gintaresgeles.lt\/ru\/puokste\/%d0%b3%d0%b5%d0%bb%d0%b8%d0%b5%d0%b2%d1%8b%d0%b9-%d1%88%d0%b0%d1%80-%d1%86%d0%b2%d0%b5%d1%82%d0%be%d1%87%d0%ba%d0%b8\/#primaryimage\"},\"image\":{\"@id\":\"https:\/\/www.gintaresgeles.lt\/ru\/puokste\/%d0%b3%d0%b5%d0%bb%d0%b8%d0%b5%d0%b2%d1%8b%d0%b9-%d1%88%d0%b0%d1%80-%d1%86%d0%b2%d0%b5%d1%82%d0%be%d1%87%d0%ba%d0%b8\/#primaryimage\"},\"thumbnailUrl\":\"https:\/\/www.gintaresgeles.lt\/wp-content\/uploads\/2019\/05\/gimtadienio-balionas-su-gelytemis.jpg\",\"datePublished\":\"2019-05-08T12:25:41+00:00\",\"dateModified\":\"2025-05-29T00:00:56+00:00\",\"description\":\"\u0413\u0435\u043b\u0438\u0435\u0432\u044b\u0439 \u0448\u0430\u0440 \u0434\u043b\u044f \u0434\u0435\u0432\u043e\u0447\u043a\u0438, \u0443\u043a\u0440\u0430\u0448\u0435\u043d \u0440\u043e\u0437\u043e\u0432\u044b\u043c\u0438 \u0446\u0432\u0435\u0442\u0430\u043c\u0438 \u0438 \u0431\u0435\u043b\u043e-\u0447\u0435\u0440\u043d\u044b\u043c\u0438 \u043f\u043e\u043b\u043e\u0441\u0430\u043c\u0438 \u0441\u043e \u0441\u043b\u043e\u0432\u0430\u043c\u0438 \u00ab\u0421 \u0434\u043d\u0435\u043c \u200b\u200b\u0440\u043e\u0436\u0434\u0435\u043d\u0438\u044f\u00bb.\",\"breadcrumb\":{\"@id\":\"https:\/\/www.gintaresgeles.lt\/ru\/puokste\/%d0%b3%d0%b5%d0%bb%d0%b8%d0%b5%d0%b2%d1%8b%d0%b9-%d1%88%d0%b0%d1%80-%d1%86%d0%b2%d0%b5%d1%82%d0%be%d1%87%d0%ba%d0%b8\/#breadcrumb\"},\"inLanguage\":\"ru-RU\",\"potentialAction\":[{\"@type\":\"ReadAction\",\"target\":[\"https:\/\/www.gintaresgeles.lt\/ru\/puokste\/%d0%b3%d0%b5%d0%bb%d0%b8%d0%b5%d0%b2%d1%8b%d0%b9-%d1%88%d0%b0%d1%80-%d1%86%d0%b2%d0%b5%d1%82%d0%be%d1%87%d0%ba%d0%b8\/\"]}]},{\"@type\":\"ImageObject\",\"inLanguage\":\"ru-RU\",\"@id\":\"https:\/\/www.gintaresgeles.lt\/ru\/puokste\/%d0%b3%d0%b5%d0%bb%d0%b8%d0%b5%d0%b2%d1%8b%d0%b9-%d1%88%d0%b0%d1%80-%d1%86%d0%b2%d0%b5%d1%82%d0%be%d1%87%d0%ba%d0%b8\/#primaryimage\",\"url\":\"https:\/\/www.gintaresgeles.lt\/wp-content\/uploads\/2019\/05\/gimtadienio-balionas-su-gelytemis.jpg\",\"contentUrl\":\"https:\/\/www.gintaresgeles.lt\/wp-content\/uploads\/2019\/05\/gimtadienio-balionas-su-gelytemis.jpg\",\"width\":601,\"height\":601,\"caption\":\"\u043f\u0440\u0430\u0437\u0434\u043d\u0438\u0447\u043d\u044b\u0439 \u0448\u0430\u0440 \u0441 \u0446\u0432\u0435\u0442\u0430\u043c\u0438\"},{\"@type\":\"BreadcrumbList\",\"@id\":\"https:\/\/www.gintaresgeles.lt\/ru\/puokste\/%d0%b3%d0%b5%d0%bb%d0%b8%d0%b5%d0%b2%d1%8b%d0%b9-%d1%88%d0%b0%d1%80-%d1%86%d0%b2%d0%b5%d1%82%d0%be%d1%87%d0%ba%d0%b8\/#breadcrumb\",\"itemListElement\":[{\"@type\":\"ListItem\",\"position\":1,\"name\":\"Prad\u017eia\",\"item\":\"https:\/\/www.gintaresgeles.lt\/ru\/\"},{\"@type\":\"ListItem\",\"position\":2,\"name\":\"\u0412\u0441\u0435 \u0446\u0432\u0435\u0442\u044b \u0438 \u0434\u0440\u0443\u0433\u0438\u0435 \u043f\u0440\u043e\u0434\u0443\u043a\u0442\u044b\",\"item\":\"https:\/\/www.gintaresgeles.lt\/ru\/vse-cvety-i-drugie-produkty\/\"},{\"@type\":\"ListItem\",\"position\":3,\"name\":\"\u0413\u0435\u043b\u0438\u0435\u0432\u044b\u0439 \u0428\u0430\u0440 &#8222;\u0426\u0432\u0435\u0442\u043e\u0447\u043a\u0438&#8221;\"}]},{\"@type\":\"WebSite\",\"@id\":\"https:\/\/www.gintaresgeles.lt\/ru\/#website\",\"url\":\"https:\/\/www.gintaresgeles.lt\/ru\/\",\"name\":\"Gintares Geles\",\"description\":\"\u0414\u043e\u0441\u0442\u0430\u0432\u043a\u0430 \u0446\u0432\u0435\u0442\u043e\u0432 \u0432 \u0412\u0438\u043b\u044c\u043d\u044e\u0441\u0435 | \u0412 \u0442\u043e\u0442 \u0436\u0435 \u0434\u0435\u043d\u044c | Gintares geles\",\"potentialAction\":[{\"@type\":\"SearchAction\",\"target\":{\"@type\":\"EntryPoint\",\"urlTemplate\":\"https:\/\/www.gintaresgeles.lt\/ru\/?s={search_term_string}\"},\"query-input\":{\"@type\":\"PropertyValueSpecification\",\"valueRequired\":true,\"valueName\":\"search_term_string\"}}],\"inLanguage\":\"ru-RU\"}]}<\/script>\n<!-- \/ Yoast SEO plugin. -->","yoast_head_json":{"title":"\u0412\u043e\u0437\u0434\u0443\u0448\u043d\u044b\u0439 \u0448\u0430\u0440 \"\u0426\u0432\u0435\u0442\u043e\u0447\u043a\u0438\" | \u0412\u043e\u0437\u0434\u0443\u0448\u043d\u044b\u0435 \u0448\u0430\u0440\u044b \u043d\u0430 \u0434\u0435\u043d\u044c \u0440\u043e\u0436\u0434\u0435\u043d\u0438\u044f | Gintar\u0117s G\u0117l\u0117s","description":"\u0413\u0435\u043b\u0438\u0435\u0432\u044b\u0439 \u0448\u0430\u0440 \u0434\u043b\u044f \u0434\u0435\u0432\u043e\u0447\u043a\u0438, \u0443\u043a\u0440\u0430\u0448\u0435\u043d \u0440\u043e\u0437\u043e\u0432\u044b\u043c\u0438 \u0446\u0432\u0435\u0442\u0430\u043c\u0438 \u0438 \u0431\u0435\u043b\u043e-\u0447\u0435\u0440\u043d\u044b\u043c\u0438 \u043f\u043e\u043b\u043e\u0441\u0430\u043c\u0438 \u0441\u043e \u0441\u043b\u043e\u0432\u0430\u043c\u0438 \u00ab\u0421 \u0434\u043d\u0435\u043c \u200b\u200b\u0440\u043e\u0436\u0434\u0435\u043d\u0438\u044f\u00bb.","robots":{"index":"index","follow":"follow","max-snippet":"max-snippet:-1","max-image-preview":"max-image-preview:large","max-video-preview":"max-video-preview:-1"},"canonical":"https:\/\/www.gintaresgeles.lt\/ru\/puokste\/%d0%b3%d0%b5%d0%bb%d0%b8%d0%b5%d0%b2%d1%8b%d0%b9-%d1%88%d0%b0%d1%80-%d1%86%d0%b2%d0%b5%d1%82%d0%be%d1%87%d0%ba%d0%b8\/","og_locale":"ru_RU","og_type":"article","og_title":"\u0412\u043e\u0437\u0434\u0443\u0448\u043d\u044b\u0439 \u0448\u0430\u0440 \"\u0426\u0432\u0435\u0442\u043e\u0447\u043a\u0438\" | \u0412\u043e\u0437\u0434\u0443\u0448\u043d\u044b\u0435 \u0448\u0430\u0440\u044b \u043d\u0430 \u0434\u0435\u043d\u044c \u0440\u043e\u0436\u0434\u0435\u043d\u0438\u044f | Gintar\u0117s G\u0117l\u0117s","og_description":"\u0413\u0435\u043b\u0438\u0435\u0432\u044b\u0439 \u0448\u0430\u0440 \u0434\u043b\u044f \u0434\u0435\u0432\u043e\u0447\u043a\u0438, \u0443\u043a\u0440\u0430\u0448\u0435\u043d \u0440\u043e\u0437\u043e\u0432\u044b\u043c\u0438 \u0446\u0432\u0435\u0442\u0430\u043c\u0438 \u0438 \u0431\u0435\u043b\u043e-\u0447\u0435\u0440\u043d\u044b\u043c\u0438 \u043f\u043e\u043b\u043e\u0441\u0430\u043c\u0438 \u0441\u043e \u0441\u043b\u043e\u0432\u0430\u043c\u0438 \u00ab\u0421 \u0434\u043d\u0435\u043c \u200b\u200b\u0440\u043e\u0436\u0434\u0435\u043d\u0438\u044f\u00bb.","og_url":"https:\/\/www.gintaresgeles.lt\/ru\/puokste\/%d0%b3%d0%b5%d0%bb%d0%b8%d0%b5%d0%b2%d1%8b%d0%b9-%d1%88%d0%b0%d1%80-%d1%86%d0%b2%d0%b5%d1%82%d0%be%d1%87%d0%ba%d0%b8\/","og_site_name":"gintaresgeles.lt","article_modified_time":"2025-05-29T00:00:56+00:00","og_image":[{"width":601,"height":601,"url":"https:\/\/www.gintaresgeles.lt\/wp-content\/uploads\/2019\/05\/gimtadienio-balionas-su-gelytemis.jpg","type":"image\/jpeg"}],"twitter_card":"summary_large_image","schema":{"@context":"https:\/\/schema.org","@graph":[{"@type":"WebPage","@id":"https:\/\/www.gintaresgeles.lt\/ru\/puokste\/%d0%b3%d0%b5%d0%bb%d0%b8%d0%b5%d0%b2%d1%8b%d0%b9-%d1%88%d0%b0%d1%80-%d1%86%d0%b2%d0%b5%d1%82%d0%be%d1%87%d0%ba%d0%b8\/","url":"https:\/\/www.gintaresgeles.lt\/ru\/puokste\/%d0%b3%d0%b5%d0%bb%d0%b8%d0%b5%d0%b2%d1%8b%d0%b9-%d1%88%d0%b0%d1%80-%d1%86%d0%b2%d0%b5%d1%82%d0%be%d1%87%d0%ba%d0%b8\/","name":"\u0412\u043e\u0437\u0434\u0443\u0448\u043d\u044b\u0439 \u0448\u0430\u0440 \"\u0426\u0432\u0435\u0442\u043e\u0447\u043a\u0438\" | \u0412\u043e\u0437\u0434\u0443\u0448\u043d\u044b\u0435 \u0448\u0430\u0440\u044b \u043d\u0430 \u0434\u0435\u043d\u044c \u0440\u043e\u0436\u0434\u0435\u043d\u0438\u044f | Gintar\u0117s G\u0117l\u0117s","isPartOf":{"@id":"https:\/\/www.gintaresgeles.lt\/ru\/#website"},"primaryImageOfPage":{"@id":"https:\/\/www.gintaresgeles.lt\/ru\/puokste\/%d0%b3%d0%b5%d0%bb%d0%b8%d0%b5%d0%b2%d1%8b%d0%b9-%d1%88%d0%b0%d1%80-%d1%86%d0%b2%d0%b5%d1%82%d0%be%d1%87%d0%ba%d0%b8\/#primaryimage"},"image":{"@id":"https:\/\/www.gintaresgeles.lt\/ru\/puokste\/%d0%b3%d0%b5%d0%bb%d0%b8%d0%b5%d0%b2%d1%8b%d0%b9-%d1%88%d0%b0%d1%80-%d1%86%d0%b2%d0%b5%d1%82%d0%be%d1%87%d0%ba%d0%b8\/#primaryimage"},"thumbnailUrl":"https:\/\/www.gintaresgeles.lt\/wp-content\/uploads\/2019\/05\/gimtadienio-balionas-su-gelytemis.jpg","datePublished":"2019-05-08T12:25:41+00:00","dateModified":"2025-05-29T00:00:56+00:00","description":"\u0413\u0435\u043b\u0438\u0435\u0432\u044b\u0439 \u0448\u0430\u0440 \u0434\u043b\u044f \u0434\u0435\u0432\u043e\u0447\u043a\u0438, \u0443\u043a\u0440\u0430\u0448\u0435\u043d \u0440\u043e\u0437\u043e\u0432\u044b\u043c\u0438 \u0446\u0432\u0435\u0442\u0430\u043c\u0438 \u0438 \u0431\u0435\u043b\u043e-\u0447\u0435\u0440\u043d\u044b\u043c\u0438 \u043f\u043e\u043b\u043e\u0441\u0430\u043c\u0438 \u0441\u043e \u0441\u043b\u043e\u0432\u0430\u043c\u0438 \u00ab\u0421 \u0434\u043d\u0435\u043c \u200b\u200b\u0440\u043e\u0436\u0434\u0435\u043d\u0438\u044f\u00bb.","breadcrumb":{"@id":"https:\/\/www.gintaresgeles.lt\/ru\/puokste\/%d0%b3%d0%b5%d0%bb%d0%b8%d0%b5%d0%b2%d1%8b%d0%b9-%d1%88%d0%b0%d1%80-%d1%86%d0%b2%d0%b5%d1%82%d0%be%d1%87%d0%ba%d0%b8\/#breadcrumb"},"inLanguage":"ru-RU","potentialAction":[{"@type":"ReadAction","target":["https:\/\/www.gintaresgeles.lt\/ru\/puokste\/%d0%b3%d0%b5%d0%bb%d0%b8%d0%b5%d0%b2%d1%8b%d0%b9-%d1%88%d0%b0%d1%80-%d1%86%d0%b2%d0%b5%d1%82%d0%be%d1%87%d0%ba%d0%b8\/"]}]},{"@type":"ImageObject","inLanguage":"ru-RU","@id":"https:\/\/www.gintaresgeles.lt\/ru\/puokste\/%d0%b3%d0%b5%d0%bb%d0%b8%d0%b5%d0%b2%d1%8b%d0%b9-%d1%88%d0%b0%d1%80-%d1%86%d0%b2%d0%b5%d1%82%d0%be%d1%87%d0%ba%d0%b8\/#primaryimage","url":"https:\/\/www.gintaresgeles.lt\/wp-content\/uploads\/2019\/05\/gimtadienio-balionas-su-gelytemis.jpg","contentUrl":"https:\/\/www.gintaresgeles.lt\/wp-content\/uploads\/2019\/05\/gimtadienio-balionas-su-gelytemis.jpg","width":601,"height":601,"caption":"\u043f\u0440\u0430\u0437\u0434\u043d\u0438\u0447\u043d\u044b\u0439 \u0448\u0430\u0440 \u0441 \u0446\u0432\u0435\u0442\u0430\u043c\u0438"},{"@type":"BreadcrumbList","@id":"https:\/\/www.gintaresgeles.lt\/ru\/puokste\/%d0%b3%d0%b5%d0%bb%d0%b8%d0%b5%d0%b2%d1%8b%d0%b9-%d1%88%d0%b0%d1%80-%d1%86%d0%b2%d0%b5%d1%82%d0%be%d1%87%d0%ba%d0%b8\/#breadcrumb","itemListElement":[{"@type":"ListItem","position":1,"name":"Prad\u017eia","item":"https:\/\/www.gintaresgeles.lt\/ru\/"},{"@type":"ListItem","position":2,"name":"\u0412\u0441\u0435 \u0446\u0432\u0435\u0442\u044b \u0438 \u0434\u0440\u0443\u0433\u0438\u0435 \u043f\u0440\u043e\u0434\u0443\u043a\u0442\u044b","item":"https:\/\/www.gintaresgeles.lt\/ru\/vse-cvety-i-drugie-produkty\/"},{"@type":"ListItem","position":3,"name":"\u0413\u0435\u043b\u0438\u0435\u0432\u044b\u0439 \u0428\u0430\u0440 &#8222;\u0426\u0432\u0435\u0442\u043e\u0447\u043a\u0438&#8221;"}]},{"@type":"WebSite","@id":"https:\/\/www.gintaresgeles.lt\/ru\/#website","url":"https:\/\/www.gintaresgeles.lt\/ru\/","name":"Gintares Geles","description":"\u0414\u043e\u0441\u0442\u0430\u0432\u043a\u0430 \u0446\u0432\u0435\u0442\u043e\u0432 \u0432 \u0412\u0438\u043b\u044c\u043d\u044e\u0441\u0435 | \u0412 \u0442\u043e\u0442 \u0436\u0435 \u0434\u0435\u043d\u044c | Gintares geles","potentialAction":[{"@type":"SearchAction","target":{"@type":"EntryPoint","urlTemplate":"https:\/\/www.gintaresgeles.lt\/ru\/?s={search_term_string}"},"query-input":{"@type":"PropertyValueSpecification","valueRequired":true,"valueName":"search_term_string"}}],"inLanguage":"ru-RU"}]}},"_links":{"self":[{"href":"https:\/\/www.gintaresgeles.lt\/ru\/wp-json\/wp\/v2\/product\/24455","targetHints":{"allow":["GET"]}}],"collection":[{"href":"https:\/\/www.gintaresgeles.lt\/ru\/wp-json\/wp\/v2\/product"}],"about":[{"href":"https:\/\/www.gintaresgeles.lt\/ru\/wp-json\/wp\/v2\/types\/product"}],"wp:featuredmedia":[{"embeddable":true,"href":"https:\/\/www.gintaresgeles.lt\/ru\/wp-json\/wp\/v2\/media\/23157"}],"wp:attachment":[{"href":"https:\/\/www.gintaresgeles.lt\/ru\/wp-json\/wp\/v2\/media?parent=24455"}],"wp:term":[{"taxonomy":"product_brand","embeddable":true,"href":"https:\/\/www.gintaresgeles.lt\/ru\/wp-json\/wp\/v2\/product_brand?post=24455"},{"taxonomy":"product_cat","embeddable":true,"href":"https:\/\/www.gintaresgeles.lt\/ru\/wp-json\/wp\/v2\/product_cat?post=24455"},{"taxonomy":"product_tag","embeddable":true,"href":"https:\/\/www.gintaresgeles.lt\/ru\/wp-json\/wp\/v2\/product_tag?post=24455"}],"curies":[{"name":"wp","href":"https:\/\/api.w.org\/{rel}","templated":true}]}}