{"id":24563,"date":"2019-03-21T13:16:38","date_gmt":"2019-03-21T15:16:38","guid":{"rendered":"https:\/\/www.gintaresgeles.lt\/puokste\/%d0%bc%d0%b0%d0%bb%d0%b5%d0%bd%d1%8c%d0%ba%d0%b0%d1%8f-%d1%82%d0%b5%d0%bc%d0%bd%d0%be-%d1%80%d0%be%d0%b7%d0%be%d0%b2%d0%b0%d1%8f-%d1%81%d0%bf%d1%8f%d1%89%d0%b0%d1%8f-%d1%80%d0%be%d0%b7%d0%b0\/"},"modified":"2025-05-29T02:01:02","modified_gmt":"2025-05-29T00:01:02","slug":"%d0%bc%d0%b0%d0%bb%d0%b5%d0%bd%d1%8c%d0%ba%d0%b0%d1%8f-%d1%82%d0%b5%d0%bc%d0%bd%d0%be-%d1%80%d0%be%d0%b7%d0%be%d0%b2%d0%b0%d1%8f-%d1%81%d0%bf%d1%8f%d1%89%d0%b0%d1%8f-%d1%80%d0%be%d0%b7%d0%b0","status":"publish","type":"product","link":"https:\/\/www.gintaresgeles.lt\/ru\/puokste\/%d0%bc%d0%b0%d0%bb%d0%b5%d0%bd%d1%8c%d0%ba%d0%b0%d1%8f-%d1%82%d0%b5%d0%bc%d0%bd%d0%be-%d1%80%d0%be%d0%b7%d0%be%d0%b2%d0%b0%d1%8f-%d1%81%d0%bf%d1%8f%d1%89%d0%b0%d1%8f-%d1%80%d0%be%d0%b7%d0%b0\/","title":{"rendered":"\u041c\u0430\u043b\u0435\u043d\u044c\u043a\u0430\u044f \u0442\u0435\u043c\u043d\u043e-\u0440\u043e\u0437\u043e\u0432\u0430\u044f \u0441\u043f\u044f\u0449\u0430\u044f \u0440\u043e\u0437\u0430"},"content":{"rendered":"","protected":false},"excerpt":{"rendered":"<p>\u0423\u0434\u0438\u0432\u0438\u0442\u0435 \u0441\u0432\u043e\u0438\u0445 \u0431\u043b\u0438\u0437\u043a\u0438\u0445 \u0438 \u043b\u044e\u0431\u0438\u043c\u044b\u0445! \u0414\u0430\u0439\u0442\u0435 \u044d\u0442\u043e\u0439 \u043f\u0440\u0435\u043a\u0440\u0430\u0441\u043d\u043e\u0439 \u0431\u0430\u043b\u044c\u0437\u0430\u043c\u0438\u0440\u043e\u0432\u0430\u043d\u043d\u043e\u0439 \u0440\u043e\u0437\u0435 \u0448\u0430\u043d\u0441 \u0443\u043a\u0440\u0430\u0441\u0438\u0442\u044c \u0434\u0435\u043d\u044c \u0432\u0430\u0448\u0438\u0445 \u0431\u043b\u0438\u0437\u043a\u0438\u0445. \u0414\u0430\u0432\u0430\u0439\u0442\u0435 \u043d\u0430\u043f\u043e\u043b\u043d\u0438\u043c \u0438\u0445 \u0442\u0435\u043f\u043b\u044b\u043c\u0438 \u0447\u0443\u0432\u0441\u0442\u0432\u0430\u043c\u0438 \u0438 \u0431\u043b\u0430\u0433\u043e\u0434\u0430\u0440\u043d\u043e\u0441\u0442\u044c\u044e. \u0427\u0435\u043b\u043e\u0432\u0435\u043a, \u043a\u043e\u0442\u043e\u0440\u043e\u043c\u0443 \u0432\u044b \u0434\u0430\u0440\u0438\u0442\u0435 \u044d\u0442\u0443 \u0431\u0430\u043b\u044c\u0437\u0430\u043c\u0438\u0440\u043e\u0432\u0430\u043d\u043d\u0443\u044e \u0440\u043e\u0437\u0443, \u043a\u043e\u0442\u043e\u0440\u0430\u044f \u043d\u0435 \u0442\u0435\u0440\u044f\u0435\u0442 \u0441\u0432\u043e\u0435\u0433\u043e \u043e\u0447\u0430\u0440\u043e\u0432\u0430\u043d\u0438\u044f, \u0442\u0430\u043a\u0436\u0435 \u043f\u043e\u043b\u0443\u0447\u0438\u0442 \u043a\u0440\u0430\u0441\u0438\u0432\u044b\u0439 \u0441\u0442\u0435\u043a\u043b\u044f\u043d\u043d\u044b\u0439 \u043a\u0430\u043f\u044e\u0448\u043e\u043d \u0441 \u043b\u0435\u043d\u0442\u043e\u0439, \u043a\u043e\u0442\u043e\u0440\u044b\u0439 \u0441\u0434\u0435\u043b\u0430\u0435\u0442 \u043e\u0431\u0449\u0443\u044e \u043a\u0430\u0440\u0442\u0438\u043d\u0443 \u0435\u0449\u0435 \u043b\u0443\u0447\u0448\u0435. \u0412\u044b \u043c\u043e\u0436\u0435\u0442\u0435 \u0432\u043e\u0441\u0445\u0438\u0449\u0430\u0442\u044c\u0441\u044f \u0440\u043e\u0437\u043e\u0439 \u0433\u043e\u0434\u0430\u043c\u0438.<\/p>\n","protected":false},"featured_media":40054,"template":"","meta":[],"product_brand":[],"product_cat":[975,977,1006,970,971,976,1363,972,965,967,968],"product_tag":[],"class_list":{"0":"post-24563","1":"product","2":"type-product","3":"status-publish","4":"has-post-thumbnail","6":"product_cat-14--","7":"product_cat-977","8":"product_cat-1006","9":"product_cat-970","10":"product_cat-971","11":"product_cat-976","12":"product_cat-cveti-8-marta","13":"product_cat-972","14":"product_cat-965","15":"product_cat-967","16":"product_cat-968","17":"tm-has-options","19":"first","20":"outofstock","21":"taxable","22":"shipping-taxable","23":"purchasable","24":"product-type-simple"},"yoast_head":"<!-- This site is optimized with the Yoast SEO plugin v25.3 - https:\/\/yoast.com\/wordpress\/plugins\/seo\/ -->\n<title>\u041c\u0430\u043b\u0435\u043d\u044c\u043a\u0430\u044f \u0442\u0435\u043c\u043d\u043e-\u0440\u043e\u0437\u043e\u0432\u0430\u044f \u0441\u043f\u044f\u0449\u0430\u044f \u0440\u043e\u0437\u0430 | \u0421\u0442\u0430\u0431\u0438\u043b\u0438\u0437\u0438\u0440\u043e\u0432\u0430\u043d\u043d\u044b\u0435 \u0446\u0432\u0435\u0442\u044b | Gintar\u0117s G\u0117l\u0117s<\/title>\n<meta name=\"description\" content=\"\u041c\u0430\u043b\u0435\u043d\u044c\u043a\u0430\u044f \u0442\u0435\u043c\u043d\u043e-\u0440\u043e\u0437\u043e\u0432\u0430\u044f \u0441\u043f\u044f\u0449\u0430\u044f \u0440\u043e\u0437\u0430 \u0441\u0442\u0430\u043d\u0435\u0442 \u043e\u0442\u043b\u0438\u0447\u043d\u044b\u043c \u043f\u043e\u0434\u0430\u0440\u043a\u043e\u043c \u043d\u0430 \u043b\u044e\u0431\u043e\u0439 \u0441\u043b\u0443\u0447\u0430\u0439. \u042d\u0442\u043e\u0442 \u0446\u0432\u0435\u0442\u043e\u043a \u043f\u043e\u0440\u0430\u0434\u0443\u0435\u0442 \u043c\u043d\u043e\u0433\u0438\u0445 \u043f\u043e\u043b\u0443\u0447\u0430\u0442\u0435\u043b\u0435\u0439 \u0438 \u0443\u043a\u0440\u0430\u0441\u0438\u0442 \u043c\u043d\u043e\u0433\u0438\u0435 \u0434\u043e\u043c\u0430.\" \/>\n<meta name=\"robots\" content=\"index, follow, max-snippet:-1, max-image-preview:large, max-video-preview:-1\" \/>\n<link rel=\"canonical\" href=\"https:\/\/www.gintaresgeles.lt\/ru\/puokste\/%d0%bc%d0%b0%d0%bb%d0%b5%d0%bd%d1%8c%d0%ba%d0%b0%d1%8f-%d1%82%d0%b5%d0%bc%d0%bd%d0%be-%d1%80%d0%be%d0%b7%d0%be%d0%b2%d0%b0%d1%8f-%d1%81%d0%bf%d1%8f%d1%89%d0%b0%d1%8f-%d1%80%d0%be%d0%b7%d0%b0\/\" \/>\n<meta property=\"og:locale\" content=\"ru_RU\" \/>\n<meta property=\"og:type\" content=\"article\" \/>\n<meta property=\"og:title\" content=\"\u041c\u0430\u043b\u0435\u043d\u044c\u043a\u0430\u044f \u0442\u0435\u043c\u043d\u043e-\u0440\u043e\u0437\u043e\u0432\u0430\u044f \u0441\u043f\u044f\u0449\u0430\u044f \u0440\u043e\u0437\u0430 | \u0421\u0442\u0430\u0431\u0438\u043b\u0438\u0437\u0438\u0440\u043e\u0432\u0430\u043d\u043d\u044b\u0435 \u0446\u0432\u0435\u0442\u044b | Gintar\u0117s G\u0117l\u0117s\" \/>\n<meta property=\"og:description\" content=\"\u041c\u0430\u043b\u0435\u043d\u044c\u043a\u0430\u044f \u0442\u0435\u043c\u043d\u043e-\u0440\u043e\u0437\u043e\u0432\u0430\u044f \u0441\u043f\u044f\u0449\u0430\u044f \u0440\u043e\u0437\u0430 \u0441\u0442\u0430\u043d\u0435\u0442 \u043e\u0442\u043b\u0438\u0447\u043d\u044b\u043c \u043f\u043e\u0434\u0430\u0440\u043a\u043e\u043c \u043d\u0430 \u043b\u044e\u0431\u043e\u0439 \u0441\u043b\u0443\u0447\u0430\u0439. \u042d\u0442\u043e\u0442 \u0446\u0432\u0435\u0442\u043e\u043a \u043f\u043e\u0440\u0430\u0434\u0443\u0435\u0442 \u043c\u043d\u043e\u0433\u0438\u0445 \u043f\u043e\u043b\u0443\u0447\u0430\u0442\u0435\u043b\u0435\u0439 \u0438 \u0443\u043a\u0440\u0430\u0441\u0438\u0442 \u043c\u043d\u043e\u0433\u0438\u0435 \u0434\u043e\u043c\u0430.\" \/>\n<meta property=\"og:url\" content=\"https:\/\/www.gintaresgeles.lt\/ru\/puokste\/%d0%bc%d0%b0%d0%bb%d0%b5%d0%bd%d1%8c%d0%ba%d0%b0%d1%8f-%d1%82%d0%b5%d0%bc%d0%bd%d0%be-%d1%80%d0%be%d0%b7%d0%be%d0%b2%d0%b0%d1%8f-%d1%81%d0%bf%d1%8f%d1%89%d0%b0%d1%8f-%d1%80%d0%be%d0%b7%d0%b0\/\" \/>\n<meta property=\"og:site_name\" content=\"gintaresgeles.lt\" \/>\n<meta property=\"article:modified_time\" content=\"2025-05-29T00:01:02+00:00\" \/>\n<meta property=\"og:image\" content=\"https:\/\/www.gintaresgeles.lt\/wp-content\/uploads\/2019\/03\/maza-stabilizuota-roze-po-stiklu-tamsiai-rozines-spalvos-scaled.jpg\" \/>\n\t<meta property=\"og:image:width\" content=\"2560\" \/>\n\t<meta property=\"og:image:height\" content=\"2560\" \/>\n\t<meta property=\"og:image:type\" content=\"image\/jpeg\" \/>\n<meta name=\"twitter:card\" content=\"summary_large_image\" \/>\n<script type=\"application\/ld+json\" class=\"yoast-schema-graph\">{\"@context\":\"https:\/\/schema.org\",\"@graph\":[{\"@type\":\"WebPage\",\"@id\":\"https:\/\/www.gintaresgeles.lt\/ru\/puokste\/%d0%bc%d0%b0%d0%bb%d0%b5%d0%bd%d1%8c%d0%ba%d0%b0%d1%8f-%d1%82%d0%b5%d0%bc%d0%bd%d0%be-%d1%80%d0%be%d0%b7%d0%be%d0%b2%d0%b0%d1%8f-%d1%81%d0%bf%d1%8f%d1%89%d0%b0%d1%8f-%d1%80%d0%be%d0%b7%d0%b0\/\",\"url\":\"https:\/\/www.gintaresgeles.lt\/ru\/puokste\/%d0%bc%d0%b0%d0%bb%d0%b5%d0%bd%d1%8c%d0%ba%d0%b0%d1%8f-%d1%82%d0%b5%d0%bc%d0%bd%d0%be-%d1%80%d0%be%d0%b7%d0%be%d0%b2%d0%b0%d1%8f-%d1%81%d0%bf%d1%8f%d1%89%d0%b0%d1%8f-%d1%80%d0%be%d0%b7%d0%b0\/\",\"name\":\"\u041c\u0430\u043b\u0435\u043d\u044c\u043a\u0430\u044f \u0442\u0435\u043c\u043d\u043e-\u0440\u043e\u0437\u043e\u0432\u0430\u044f \u0441\u043f\u044f\u0449\u0430\u044f \u0440\u043e\u0437\u0430 | \u0421\u0442\u0430\u0431\u0438\u043b\u0438\u0437\u0438\u0440\u043e\u0432\u0430\u043d\u043d\u044b\u0435 \u0446\u0432\u0435\u0442\u044b | Gintar\u0117s G\u0117l\u0117s\",\"isPartOf\":{\"@id\":\"https:\/\/www.gintaresgeles.lt\/ru\/#website\"},\"primaryImageOfPage\":{\"@id\":\"https:\/\/www.gintaresgeles.lt\/ru\/puokste\/%d0%bc%d0%b0%d0%bb%d0%b5%d0%bd%d1%8c%d0%ba%d0%b0%d1%8f-%d1%82%d0%b5%d0%bc%d0%bd%d0%be-%d1%80%d0%be%d0%b7%d0%be%d0%b2%d0%b0%d1%8f-%d1%81%d0%bf%d1%8f%d1%89%d0%b0%d1%8f-%d1%80%d0%be%d0%b7%d0%b0\/#primaryimage\"},\"image\":{\"@id\":\"https:\/\/www.gintaresgeles.lt\/ru\/puokste\/%d0%bc%d0%b0%d0%bb%d0%b5%d0%bd%d1%8c%d0%ba%d0%b0%d1%8f-%d1%82%d0%b5%d0%bc%d0%bd%d0%be-%d1%80%d0%be%d0%b7%d0%be%d0%b2%d0%b0%d1%8f-%d1%81%d0%bf%d1%8f%d1%89%d0%b0%d1%8f-%d1%80%d0%be%d0%b7%d0%b0\/#primaryimage\"},\"thumbnailUrl\":\"https:\/\/www.gintaresgeles.lt\/wp-content\/uploads\/2019\/03\/maza-stabilizuota-roze-po-stiklu-tamsiai-rozines-spalvos-scaled.jpg\",\"datePublished\":\"2019-03-21T15:16:38+00:00\",\"dateModified\":\"2025-05-29T00:01:02+00:00\",\"description\":\"\u041c\u0430\u043b\u0435\u043d\u044c\u043a\u0430\u044f \u0442\u0435\u043c\u043d\u043e-\u0440\u043e\u0437\u043e\u0432\u0430\u044f \u0441\u043f\u044f\u0449\u0430\u044f \u0440\u043e\u0437\u0430 \u0441\u0442\u0430\u043d\u0435\u0442 \u043e\u0442\u043b\u0438\u0447\u043d\u044b\u043c \u043f\u043e\u0434\u0430\u0440\u043a\u043e\u043c \u043d\u0430 \u043b\u044e\u0431\u043e\u0439 \u0441\u043b\u0443\u0447\u0430\u0439. \u042d\u0442\u043e\u0442 \u0446\u0432\u0435\u0442\u043e\u043a \u043f\u043e\u0440\u0430\u0434\u0443\u0435\u0442 \u043c\u043d\u043e\u0433\u0438\u0445 \u043f\u043e\u043b\u0443\u0447\u0430\u0442\u0435\u043b\u0435\u0439 \u0438 \u0443\u043a\u0440\u0430\u0441\u0438\u0442 \u043c\u043d\u043e\u0433\u0438\u0435 \u0434\u043e\u043c\u0430.\",\"breadcrumb\":{\"@id\":\"https:\/\/www.gintaresgeles.lt\/ru\/puokste\/%d0%bc%d0%b0%d0%bb%d0%b5%d0%bd%d1%8c%d0%ba%d0%b0%d1%8f-%d1%82%d0%b5%d0%bc%d0%bd%d0%be-%d1%80%d0%be%d0%b7%d0%be%d0%b2%d0%b0%d1%8f-%d1%81%d0%bf%d1%8f%d1%89%d0%b0%d1%8f-%d1%80%d0%be%d0%b7%d0%b0\/#breadcrumb\"},\"inLanguage\":\"ru-RU\",\"potentialAction\":[{\"@type\":\"ReadAction\",\"target\":[\"https:\/\/www.gintaresgeles.lt\/ru\/puokste\/%d0%bc%d0%b0%d0%bb%d0%b5%d0%bd%d1%8c%d0%ba%d0%b0%d1%8f-%d1%82%d0%b5%d0%bc%d0%bd%d0%be-%d1%80%d0%be%d0%b7%d0%be%d0%b2%d0%b0%d1%8f-%d1%81%d0%bf%d1%8f%d1%89%d0%b0%d1%8f-%d1%80%d0%be%d0%b7%d0%b0\/\"]}]},{\"@type\":\"ImageObject\",\"inLanguage\":\"ru-RU\",\"@id\":\"https:\/\/www.gintaresgeles.lt\/ru\/puokste\/%d0%bc%d0%b0%d0%bb%d0%b5%d0%bd%d1%8c%d0%ba%d0%b0%d1%8f-%d1%82%d0%b5%d0%bc%d0%bd%d0%be-%d1%80%d0%be%d0%b7%d0%be%d0%b2%d0%b0%d1%8f-%d1%81%d0%bf%d1%8f%d1%89%d0%b0%d1%8f-%d1%80%d0%be%d0%b7%d0%b0\/#primaryimage\",\"url\":\"https:\/\/www.gintaresgeles.lt\/wp-content\/uploads\/2019\/03\/maza-stabilizuota-roze-po-stiklu-tamsiai-rozines-spalvos-scaled.jpg\",\"contentUrl\":\"https:\/\/www.gintaresgeles.lt\/wp-content\/uploads\/2019\/03\/maza-stabilizuota-roze-po-stiklu-tamsiai-rozines-spalvos-scaled.jpg\",\"width\":2560,\"height\":2560,\"caption\":\"Tamsiai ro\u017ein\u0117 mieganti ma\u017ea ro\u017e\u0117 po stiklu dovana merginai\"},{\"@type\":\"BreadcrumbList\",\"@id\":\"https:\/\/www.gintaresgeles.lt\/ru\/puokste\/%d0%bc%d0%b0%d0%bb%d0%b5%d0%bd%d1%8c%d0%ba%d0%b0%d1%8f-%d1%82%d0%b5%d0%bc%d0%bd%d0%be-%d1%80%d0%be%d0%b7%d0%be%d0%b2%d0%b0%d1%8f-%d1%81%d0%bf%d1%8f%d1%89%d0%b0%d1%8f-%d1%80%d0%be%d0%b7%d0%b0\/#breadcrumb\",\"itemListElement\":[{\"@type\":\"ListItem\",\"position\":1,\"name\":\"Prad\u017eia\",\"item\":\"https:\/\/www.gintaresgeles.lt\/ru\/\"},{\"@type\":\"ListItem\",\"position\":2,\"name\":\"\u0412\u0441\u0435 \u0446\u0432\u0435\u0442\u044b \u0438 \u0434\u0440\u0443\u0433\u0438\u0435 \u043f\u0440\u043e\u0434\u0443\u043a\u0442\u044b\",\"item\":\"https:\/\/www.gintaresgeles.lt\/ru\/vse-cvety-i-drugie-produkty\/\"},{\"@type\":\"ListItem\",\"position\":3,\"name\":\"\u041c\u0430\u043b\u0435\u043d\u044c\u043a\u0430\u044f \u0442\u0435\u043c\u043d\u043e-\u0440\u043e\u0437\u043e\u0432\u0430\u044f \u0441\u043f\u044f\u0449\u0430\u044f \u0440\u043e\u0437\u0430\"}]},{\"@type\":\"WebSite\",\"@id\":\"https:\/\/www.gintaresgeles.lt\/ru\/#website\",\"url\":\"https:\/\/www.gintaresgeles.lt\/ru\/\",\"name\":\"Gintares Geles\",\"description\":\"\u0414\u043e\u0441\u0442\u0430\u0432\u043a\u0430 \u0446\u0432\u0435\u0442\u043e\u0432 \u0432 \u0412\u0438\u043b\u044c\u043d\u044e\u0441\u0435 | \u0412 \u0442\u043e\u0442 \u0436\u0435 \u0434\u0435\u043d\u044c | Gintares geles\",\"potentialAction\":[{\"@type\":\"SearchAction\",\"target\":{\"@type\":\"EntryPoint\",\"urlTemplate\":\"https:\/\/www.gintaresgeles.lt\/ru\/?s={search_term_string}\"},\"query-input\":{\"@type\":\"PropertyValueSpecification\",\"valueRequired\":true,\"valueName\":\"search_term_string\"}}],\"inLanguage\":\"ru-RU\"}]}<\/script>\n<!-- \/ Yoast SEO plugin. -->","yoast_head_json":{"title":"\u041c\u0430\u043b\u0435\u043d\u044c\u043a\u0430\u044f \u0442\u0435\u043c\u043d\u043e-\u0440\u043e\u0437\u043e\u0432\u0430\u044f \u0441\u043f\u044f\u0449\u0430\u044f \u0440\u043e\u0437\u0430 | \u0421\u0442\u0430\u0431\u0438\u043b\u0438\u0437\u0438\u0440\u043e\u0432\u0430\u043d\u043d\u044b\u0435 \u0446\u0432\u0435\u0442\u044b | Gintar\u0117s G\u0117l\u0117s","description":"\u041c\u0430\u043b\u0435\u043d\u044c\u043a\u0430\u044f \u0442\u0435\u043c\u043d\u043e-\u0440\u043e\u0437\u043e\u0432\u0430\u044f \u0441\u043f\u044f\u0449\u0430\u044f \u0440\u043e\u0437\u0430 \u0441\u0442\u0430\u043d\u0435\u0442 \u043e\u0442\u043b\u0438\u0447\u043d\u044b\u043c \u043f\u043e\u0434\u0430\u0440\u043a\u043e\u043c \u043d\u0430 \u043b\u044e\u0431\u043e\u0439 \u0441\u043b\u0443\u0447\u0430\u0439. \u042d\u0442\u043e\u0442 \u0446\u0432\u0435\u0442\u043e\u043a \u043f\u043e\u0440\u0430\u0434\u0443\u0435\u0442 \u043c\u043d\u043e\u0433\u0438\u0445 \u043f\u043e\u043b\u0443\u0447\u0430\u0442\u0435\u043b\u0435\u0439 \u0438 \u0443\u043a\u0440\u0430\u0441\u0438\u0442 \u043c\u043d\u043e\u0433\u0438\u0435 \u0434\u043e\u043c\u0430.","robots":{"index":"index","follow":"follow","max-snippet":"max-snippet:-1","max-image-preview":"max-image-preview:large","max-video-preview":"max-video-preview:-1"},"canonical":"https:\/\/www.gintaresgeles.lt\/ru\/puokste\/%d0%bc%d0%b0%d0%bb%d0%b5%d0%bd%d1%8c%d0%ba%d0%b0%d1%8f-%d1%82%d0%b5%d0%bc%d0%bd%d0%be-%d1%80%d0%be%d0%b7%d0%be%d0%b2%d0%b0%d1%8f-%d1%81%d0%bf%d1%8f%d1%89%d0%b0%d1%8f-%d1%80%d0%be%d0%b7%d0%b0\/","og_locale":"ru_RU","og_type":"article","og_title":"\u041c\u0430\u043b\u0435\u043d\u044c\u043a\u0430\u044f \u0442\u0435\u043c\u043d\u043e-\u0440\u043e\u0437\u043e\u0432\u0430\u044f \u0441\u043f\u044f\u0449\u0430\u044f \u0440\u043e\u0437\u0430 | \u0421\u0442\u0430\u0431\u0438\u043b\u0438\u0437\u0438\u0440\u043e\u0432\u0430\u043d\u043d\u044b\u0435 \u0446\u0432\u0435\u0442\u044b | Gintar\u0117s G\u0117l\u0117s","og_description":"\u041c\u0430\u043b\u0435\u043d\u044c\u043a\u0430\u044f \u0442\u0435\u043c\u043d\u043e-\u0440\u043e\u0437\u043e\u0432\u0430\u044f \u0441\u043f\u044f\u0449\u0430\u044f \u0440\u043e\u0437\u0430 \u0441\u0442\u0430\u043d\u0435\u0442 \u043e\u0442\u043b\u0438\u0447\u043d\u044b\u043c \u043f\u043e\u0434\u0430\u0440\u043a\u043e\u043c \u043d\u0430 \u043b\u044e\u0431\u043e\u0439 \u0441\u043b\u0443\u0447\u0430\u0439. \u042d\u0442\u043e\u0442 \u0446\u0432\u0435\u0442\u043e\u043a \u043f\u043e\u0440\u0430\u0434\u0443\u0435\u0442 \u043c\u043d\u043e\u0433\u0438\u0445 \u043f\u043e\u043b\u0443\u0447\u0430\u0442\u0435\u043b\u0435\u0439 \u0438 \u0443\u043a\u0440\u0430\u0441\u0438\u0442 \u043c\u043d\u043e\u0433\u0438\u0435 \u0434\u043e\u043c\u0430.","og_url":"https:\/\/www.gintaresgeles.lt\/ru\/puokste\/%d0%bc%d0%b0%d0%bb%d0%b5%d0%bd%d1%8c%d0%ba%d0%b0%d1%8f-%d1%82%d0%b5%d0%bc%d0%bd%d0%be-%d1%80%d0%be%d0%b7%d0%be%d0%b2%d0%b0%d1%8f-%d1%81%d0%bf%d1%8f%d1%89%d0%b0%d1%8f-%d1%80%d0%be%d0%b7%d0%b0\/","og_site_name":"gintaresgeles.lt","article_modified_time":"2025-05-29T00:01:02+00:00","og_image":[{"width":2560,"height":2560,"url":"https:\/\/www.gintaresgeles.lt\/wp-content\/uploads\/2019\/03\/maza-stabilizuota-roze-po-stiklu-tamsiai-rozines-spalvos-scaled.jpg","type":"image\/jpeg"}],"twitter_card":"summary_large_image","schema":{"@context":"https:\/\/schema.org","@graph":[{"@type":"WebPage","@id":"https:\/\/www.gintaresgeles.lt\/ru\/puokste\/%d0%bc%d0%b0%d0%bb%d0%b5%d0%bd%d1%8c%d0%ba%d0%b0%d1%8f-%d1%82%d0%b5%d0%bc%d0%bd%d0%be-%d1%80%d0%be%d0%b7%d0%be%d0%b2%d0%b0%d1%8f-%d1%81%d0%bf%d1%8f%d1%89%d0%b0%d1%8f-%d1%80%d0%be%d0%b7%d0%b0\/","url":"https:\/\/www.gintaresgeles.lt\/ru\/puokste\/%d0%bc%d0%b0%d0%bb%d0%b5%d0%bd%d1%8c%d0%ba%d0%b0%d1%8f-%d1%82%d0%b5%d0%bc%d0%bd%d0%be-%d1%80%d0%be%d0%b7%d0%be%d0%b2%d0%b0%d1%8f-%d1%81%d0%bf%d1%8f%d1%89%d0%b0%d1%8f-%d1%80%d0%be%d0%b7%d0%b0\/","name":"\u041c\u0430\u043b\u0435\u043d\u044c\u043a\u0430\u044f \u0442\u0435\u043c\u043d\u043e-\u0440\u043e\u0437\u043e\u0432\u0430\u044f \u0441\u043f\u044f\u0449\u0430\u044f \u0440\u043e\u0437\u0430 | \u0421\u0442\u0430\u0431\u0438\u043b\u0438\u0437\u0438\u0440\u043e\u0432\u0430\u043d\u043d\u044b\u0435 \u0446\u0432\u0435\u0442\u044b | Gintar\u0117s G\u0117l\u0117s","isPartOf":{"@id":"https:\/\/www.gintaresgeles.lt\/ru\/#website"},"primaryImageOfPage":{"@id":"https:\/\/www.gintaresgeles.lt\/ru\/puokste\/%d0%bc%d0%b0%d0%bb%d0%b5%d0%bd%d1%8c%d0%ba%d0%b0%d1%8f-%d1%82%d0%b5%d0%bc%d0%bd%d0%be-%d1%80%d0%be%d0%b7%d0%be%d0%b2%d0%b0%d1%8f-%d1%81%d0%bf%d1%8f%d1%89%d0%b0%d1%8f-%d1%80%d0%be%d0%b7%d0%b0\/#primaryimage"},"image":{"@id":"https:\/\/www.gintaresgeles.lt\/ru\/puokste\/%d0%bc%d0%b0%d0%bb%d0%b5%d0%bd%d1%8c%d0%ba%d0%b0%d1%8f-%d1%82%d0%b5%d0%bc%d0%bd%d0%be-%d1%80%d0%be%d0%b7%d0%be%d0%b2%d0%b0%d1%8f-%d1%81%d0%bf%d1%8f%d1%89%d0%b0%d1%8f-%d1%80%d0%be%d0%b7%d0%b0\/#primaryimage"},"thumbnailUrl":"https:\/\/www.gintaresgeles.lt\/wp-content\/uploads\/2019\/03\/maza-stabilizuota-roze-po-stiklu-tamsiai-rozines-spalvos-scaled.jpg","datePublished":"2019-03-21T15:16:38+00:00","dateModified":"2025-05-29T00:01:02+00:00","description":"\u041c\u0430\u043b\u0435\u043d\u044c\u043a\u0430\u044f \u0442\u0435\u043c\u043d\u043e-\u0440\u043e\u0437\u043e\u0432\u0430\u044f \u0441\u043f\u044f\u0449\u0430\u044f \u0440\u043e\u0437\u0430 \u0441\u0442\u0430\u043d\u0435\u0442 \u043e\u0442\u043b\u0438\u0447\u043d\u044b\u043c \u043f\u043e\u0434\u0430\u0440\u043a\u043e\u043c \u043d\u0430 \u043b\u044e\u0431\u043e\u0439 \u0441\u043b\u0443\u0447\u0430\u0439. \u042d\u0442\u043e\u0442 \u0446\u0432\u0435\u0442\u043e\u043a \u043f\u043e\u0440\u0430\u0434\u0443\u0435\u0442 \u043c\u043d\u043e\u0433\u0438\u0445 \u043f\u043e\u043b\u0443\u0447\u0430\u0442\u0435\u043b\u0435\u0439 \u0438 \u0443\u043a\u0440\u0430\u0441\u0438\u0442 \u043c\u043d\u043e\u0433\u0438\u0435 \u0434\u043e\u043c\u0430.","breadcrumb":{"@id":"https:\/\/www.gintaresgeles.lt\/ru\/puokste\/%d0%bc%d0%b0%d0%bb%d0%b5%d0%bd%d1%8c%d0%ba%d0%b0%d1%8f-%d1%82%d0%b5%d0%bc%d0%bd%d0%be-%d1%80%d0%be%d0%b7%d0%be%d0%b2%d0%b0%d1%8f-%d1%81%d0%bf%d1%8f%d1%89%d0%b0%d1%8f-%d1%80%d0%be%d0%b7%d0%b0\/#breadcrumb"},"inLanguage":"ru-RU","potentialAction":[{"@type":"ReadAction","target":["https:\/\/www.gintaresgeles.lt\/ru\/puokste\/%d0%bc%d0%b0%d0%bb%d0%b5%d0%bd%d1%8c%d0%ba%d0%b0%d1%8f-%d1%82%d0%b5%d0%bc%d0%bd%d0%be-%d1%80%d0%be%d0%b7%d0%be%d0%b2%d0%b0%d1%8f-%d1%81%d0%bf%d1%8f%d1%89%d0%b0%d1%8f-%d1%80%d0%be%d0%b7%d0%b0\/"]}]},{"@type":"ImageObject","inLanguage":"ru-RU","@id":"https:\/\/www.gintaresgeles.lt\/ru\/puokste\/%d0%bc%d0%b0%d0%bb%d0%b5%d0%bd%d1%8c%d0%ba%d0%b0%d1%8f-%d1%82%d0%b5%d0%bc%d0%bd%d0%be-%d1%80%d0%be%d0%b7%d0%be%d0%b2%d0%b0%d1%8f-%d1%81%d0%bf%d1%8f%d1%89%d0%b0%d1%8f-%d1%80%d0%be%d0%b7%d0%b0\/#primaryimage","url":"https:\/\/www.gintaresgeles.lt\/wp-content\/uploads\/2019\/03\/maza-stabilizuota-roze-po-stiklu-tamsiai-rozines-spalvos-scaled.jpg","contentUrl":"https:\/\/www.gintaresgeles.lt\/wp-content\/uploads\/2019\/03\/maza-stabilizuota-roze-po-stiklu-tamsiai-rozines-spalvos-scaled.jpg","width":2560,"height":2560,"caption":"Tamsiai ro\u017ein\u0117 mieganti ma\u017ea ro\u017e\u0117 po stiklu dovana merginai"},{"@type":"BreadcrumbList","@id":"https:\/\/www.gintaresgeles.lt\/ru\/puokste\/%d0%bc%d0%b0%d0%bb%d0%b5%d0%bd%d1%8c%d0%ba%d0%b0%d1%8f-%d1%82%d0%b5%d0%bc%d0%bd%d0%be-%d1%80%d0%be%d0%b7%d0%be%d0%b2%d0%b0%d1%8f-%d1%81%d0%bf%d1%8f%d1%89%d0%b0%d1%8f-%d1%80%d0%be%d0%b7%d0%b0\/#breadcrumb","itemListElement":[{"@type":"ListItem","position":1,"name":"Prad\u017eia","item":"https:\/\/www.gintaresgeles.lt\/ru\/"},{"@type":"ListItem","position":2,"name":"\u0412\u0441\u0435 \u0446\u0432\u0435\u0442\u044b \u0438 \u0434\u0440\u0443\u0433\u0438\u0435 \u043f\u0440\u043e\u0434\u0443\u043a\u0442\u044b","item":"https:\/\/www.gintaresgeles.lt\/ru\/vse-cvety-i-drugie-produkty\/"},{"@type":"ListItem","position":3,"name":"\u041c\u0430\u043b\u0435\u043d\u044c\u043a\u0430\u044f \u0442\u0435\u043c\u043d\u043e-\u0440\u043e\u0437\u043e\u0432\u0430\u044f \u0441\u043f\u044f\u0449\u0430\u044f \u0440\u043e\u0437\u0430"}]},{"@type":"WebSite","@id":"https:\/\/www.gintaresgeles.lt\/ru\/#website","url":"https:\/\/www.gintaresgeles.lt\/ru\/","name":"Gintares Geles","description":"\u0414\u043e\u0441\u0442\u0430\u0432\u043a\u0430 \u0446\u0432\u0435\u0442\u043e\u0432 \u0432 \u0412\u0438\u043b\u044c\u043d\u044e\u0441\u0435 | \u0412 \u0442\u043e\u0442 \u0436\u0435 \u0434\u0435\u043d\u044c | Gintares geles","potentialAction":[{"@type":"SearchAction","target":{"@type":"EntryPoint","urlTemplate":"https:\/\/www.gintaresgeles.lt\/ru\/?s={search_term_string}"},"query-input":{"@type":"PropertyValueSpecification","valueRequired":true,"valueName":"search_term_string"}}],"inLanguage":"ru-RU"}]}},"_links":{"self":[{"href":"https:\/\/www.gintaresgeles.lt\/ru\/wp-json\/wp\/v2\/product\/24563","targetHints":{"allow":["GET"]}}],"collection":[{"href":"https:\/\/www.gintaresgeles.lt\/ru\/wp-json\/wp\/v2\/product"}],"about":[{"href":"https:\/\/www.gintaresgeles.lt\/ru\/wp-json\/wp\/v2\/types\/product"}],"wp:featuredmedia":[{"embeddable":true,"href":"https:\/\/www.gintaresgeles.lt\/ru\/wp-json\/wp\/v2\/media\/40054"}],"wp:attachment":[{"href":"https:\/\/www.gintaresgeles.lt\/ru\/wp-json\/wp\/v2\/media?parent=24563"}],"wp:term":[{"taxonomy":"product_brand","embeddable":true,"href":"https:\/\/www.gintaresgeles.lt\/ru\/wp-json\/wp\/v2\/product_brand?post=24563"},{"taxonomy":"product_cat","embeddable":true,"href":"https:\/\/www.gintaresgeles.lt\/ru\/wp-json\/wp\/v2\/product_cat?post=24563"},{"taxonomy":"product_tag","embeddable":true,"href":"https:\/\/www.gintaresgeles.lt\/ru\/wp-json\/wp\/v2\/product_tag?post=24563"}],"curies":[{"name":"wp","href":"https:\/\/api.w.org\/{rel}","templated":true}]}}