{"id":24744,"date":"2018-10-31T13:16:34","date_gmt":"2018-10-31T15:16:34","guid":{"rendered":"https:\/\/www.gintaresgeles.lt\/puokste\/%d1%86%d0%b2%d0%b5%d1%82%d0%be%d1%87%d0%bd%d0%b0%d1%8f-%d0%ba%d0%be%d1%80%d0%be%d0%b1%d0%ba%d0%b0-%d0%b4%d1%8b%d1%85%d0%b0%d0%bd%d0%b8%d0%b5\/"},"modified":"2025-05-29T02:01:09","modified_gmt":"2025-05-29T00:01:09","slug":"%d1%86%d0%b2%d0%b5%d1%82%d0%be%d1%87%d0%bd%d0%b0%d1%8f-%d0%ba%d0%be%d1%80%d0%be%d0%b1%d0%ba%d0%b0-%d0%b4%d1%8b%d1%85%d0%b0%d0%bd%d0%b8%d0%b5","status":"publish","type":"product","link":"https:\/\/www.gintaresgeles.lt\/ru\/puokste\/%d1%86%d0%b2%d0%b5%d1%82%d0%be%d1%87%d0%bd%d0%b0%d1%8f-%d0%ba%d0%be%d1%80%d0%be%d0%b1%d0%ba%d0%b0-%d0%b4%d1%8b%d1%85%d0%b0%d0%bd%d0%b8%d0%b5\/","title":{"rendered":"\u0426\u0432\u0435\u0442\u043e\u0447\u043d\u0430\u044f \u043a\u043e\u0440\u043e\u0431\u043a\u0430 &#171;\u0414\u044b\u0445\u0430\u043d\u0438\u0435&#187;"},"content":{"rendered":"","protected":false},"excerpt":{"rendered":"<p>\u041a\u043e\u0440\u043e\u0431\u043a\u0430 \u0441 \u043a\u0440\u0430\u0441\u043d\u044b\u043c\u0438 \u0440\u043e\u0437\u0430\u043c\u0438 &#171;\u0414\u044b\u0445\u0430\u043d\u0438\u0435&#187; \u043d\u0435\u043e\u0431\u044b\u0447\u043d\u0430, \u043f\u043e\u0442\u043e\u043c\u0443 \u0447\u0442\u043e \u043e\u043d\u0430 \u0438\u0441\u043f\u043e\u043b\u044c\u0437\u0443\u0435\u0442 \u043a\u0440\u0430\u0441\u043d\u044b\u0435 \u043c\u0430\u043b\u0435\u043d\u044c\u043a\u0438\u0435 \u044f\u0433\u043e\u0434\u044b, \u0447\u0442\u043e\u0431\u044b \u043e\u0436\u0438\u0432\u0438\u0442\u044c \u0435\u0435, \u0434\u0435\u043b\u0430\u044f \u044d\u0442\u0443 \u043a\u043e\u0440\u043e\u0431\u043a\u0443 \u0431\u043e\u043b\u0435\u0435 \u0438\u0433\u0440\u0438\u0432\u043e\u0439 \u0438 \u0441\u043b\u0430\u0434\u043a\u043e\u0439, \u0447\u0435\u043c \u043e\u0431\u044b\u0447\u043d\u0430\u044f \u0440\u043e\u0437\u043e\u0432\u0430\u044f \u043a\u043e\u0440\u043e\u0431\u043a\u0430.<\/p>\n","protected":false},"featured_media":24745,"template":"","meta":[],"product_brand":[],"product_cat":[975,1003,1002,970,971,976,972,965,967,966,964,963],"product_tag":[],"class_list":{"0":"post-24744","1":"product","2":"type-product","3":"status-publish","4":"has-post-thumbnail","6":"product_cat-14--","7":"product_cat-1003","8":"product_cat-1002","9":"product_cat-970","10":"product_cat-971","11":"product_cat-976","12":"product_cat-972","13":"product_cat-965","14":"product_cat-967","15":"product_cat-966","16":"product_cat-964","17":"product_cat-963","18":"tm-no-options","20":"first","21":"outofstock","22":"taxable","23":"shipping-taxable","24":"purchasable","25":"product-type-variable","26":"has-default-attributes"},"yoast_head":"<!-- This site is optimized with the Yoast SEO plugin v25.3 - https:\/\/yoast.com\/wordpress\/plugins\/seo\/ -->\n<title>\u0426\u0432\u0435\u0442\u043e\u0447\u043d\u0430\u044f \u043a\u043e\u0440\u043e\u0431\u043a\u0430 &quot;\u0414\u044b\u0445\u0430\u043d\u0438\u0435&quot; | \u0414\u043e\u0441\u0442\u0430\u0432\u043a\u0430 \u0446\u0432\u0435\u0442\u043e\u0432 \u0432 \u0412\u0438\u043b\u044c\u043d\u044e\u0441\u0435 | Gintar\u0117s g\u0117l\u0117s<\/title>\n<meta name=\"description\" content=\"\u0417\u0430\u043a\u0430\u0436\u0438\u0442\u0435 \u044d\u043a\u0441\u043a\u043b\u044e\u0437\u0438\u0432\u043d\u0443\u044e \u043a\u043e\u0440\u043e\u0431\u043a\u0443 \u0438\u0437 \u043a\u0440\u0430\u0441\u043d\u044b\u0445 \u0440\u043e\u0437 \u0438 \u043c\u0430\u043b\u0435\u043d\u044c\u043a\u0438\u0445 \u043a\u0440\u0430\u0441\u043d\u044b\u0445 \u044f\u0433\u043e\u0434, \u043a\u043e\u0442\u043e\u0440\u044b\u0435 \u043f\u043e\u0440\u0430\u0434\u0443\u044e\u0442 \u0432\u0430\u0441 \u0441\u0432\u043e\u0438\u043c \u0448\u0430\u0440\u043c\u043e\u043c \u0438 \u0438\u0433\u0440\u0438\u0432\u043e\u0441\u0442\u044c\u044e. \u041c\u044b \u0434\u043e\u0441\u0442\u0430\u0432\u0438\u043c \u043a\u043e\u0440\u043e\u0431\u043a\u0443 \u043f\u043e \u0443\u043a\u0430\u0437\u0430\u043d\u043d\u043e\u043c\u0443 \u0432\u0430\u043c\u0438 \u0430\u0434\u0440\u0435\u0441\u0443.\" \/>\n<meta name=\"robots\" content=\"index, follow, max-snippet:-1, max-image-preview:large, max-video-preview:-1\" \/>\n<link rel=\"canonical\" href=\"https:\/\/www.gintaresgeles.lt\/ru\/puokste\/%d1%86%d0%b2%d0%b5%d1%82%d0%be%d1%87%d0%bd%d0%b0%d1%8f-%d0%ba%d0%be%d1%80%d0%be%d0%b1%d0%ba%d0%b0-%d0%b4%d1%8b%d1%85%d0%b0%d0%bd%d0%b8%d0%b5\/\" \/>\n<meta property=\"og:locale\" content=\"ru_RU\" \/>\n<meta property=\"og:type\" content=\"article\" \/>\n<meta property=\"og:title\" content=\"\u0426\u0432\u0435\u0442\u043e\u0447\u043d\u0430\u044f \u043a\u043e\u0440\u043e\u0431\u043a\u0430 &quot;\u0414\u044b\u0445\u0430\u043d\u0438\u0435&quot; | \u0414\u043e\u0441\u0442\u0430\u0432\u043a\u0430 \u0446\u0432\u0435\u0442\u043e\u0432 \u0432 \u0412\u0438\u043b\u044c\u043d\u044e\u0441\u0435 | Gintar\u0117s g\u0117l\u0117s\" \/>\n<meta property=\"og:description\" content=\"\u0417\u0430\u043a\u0430\u0436\u0438\u0442\u0435 \u044d\u043a\u0441\u043a\u043b\u044e\u0437\u0438\u0432\u043d\u0443\u044e \u043a\u043e\u0440\u043e\u0431\u043a\u0443 \u0438\u0437 \u043a\u0440\u0430\u0441\u043d\u044b\u0445 \u0440\u043e\u0437 \u0438 \u043c\u0430\u043b\u0435\u043d\u044c\u043a\u0438\u0445 \u043a\u0440\u0430\u0441\u043d\u044b\u0445 \u044f\u0433\u043e\u0434, \u043a\u043e\u0442\u043e\u0440\u044b\u0435 \u043f\u043e\u0440\u0430\u0434\u0443\u044e\u0442 \u0432\u0430\u0441 \u0441\u0432\u043e\u0438\u043c \u0448\u0430\u0440\u043c\u043e\u043c \u0438 \u0438\u0433\u0440\u0438\u0432\u043e\u0441\u0442\u044c\u044e. \u041c\u044b \u0434\u043e\u0441\u0442\u0430\u0432\u0438\u043c \u043a\u043e\u0440\u043e\u0431\u043a\u0443 \u043f\u043e \u0443\u043a\u0430\u0437\u0430\u043d\u043d\u043e\u043c\u0443 \u0432\u0430\u043c\u0438 \u0430\u0434\u0440\u0435\u0441\u0443.\" \/>\n<meta property=\"og:url\" content=\"https:\/\/www.gintaresgeles.lt\/ru\/puokste\/%d1%86%d0%b2%d0%b5%d1%82%d0%be%d1%87%d0%bd%d0%b0%d1%8f-%d0%ba%d0%be%d1%80%d0%be%d0%b1%d0%ba%d0%b0-%d0%b4%d1%8b%d1%85%d0%b0%d0%bd%d0%b8%d0%b5\/\" \/>\n<meta property=\"og:site_name\" content=\"gintaresgeles.lt\" \/>\n<meta property=\"article:modified_time\" content=\"2025-05-29T00:01:09+00:00\" \/>\n<meta property=\"og:image\" content=\"https:\/\/www.gintaresgeles.lt\/wp-content\/uploads\/2018\/10\/geliu-dezutes-dvelksmas.jpg\" \/>\n\t<meta property=\"og:image:width\" content=\"1500\" \/>\n\t<meta property=\"og:image:height\" content=\"1500\" \/>\n\t<meta property=\"og:image:type\" content=\"image\/jpeg\" \/>\n<meta name=\"twitter:card\" content=\"summary_large_image\" \/>\n<script type=\"application\/ld+json\" class=\"yoast-schema-graph\">{\"@context\":\"https:\/\/schema.org\",\"@graph\":[{\"@type\":\"WebPage\",\"@id\":\"https:\/\/www.gintaresgeles.lt\/ru\/puokste\/%d1%86%d0%b2%d0%b5%d1%82%d0%be%d1%87%d0%bd%d0%b0%d1%8f-%d0%ba%d0%be%d1%80%d0%be%d0%b1%d0%ba%d0%b0-%d0%b4%d1%8b%d1%85%d0%b0%d0%bd%d0%b8%d0%b5\/\",\"url\":\"https:\/\/www.gintaresgeles.lt\/ru\/puokste\/%d1%86%d0%b2%d0%b5%d1%82%d0%be%d1%87%d0%bd%d0%b0%d1%8f-%d0%ba%d0%be%d1%80%d0%be%d0%b1%d0%ba%d0%b0-%d0%b4%d1%8b%d1%85%d0%b0%d0%bd%d0%b8%d0%b5\/\",\"name\":\"\u0426\u0432\u0435\u0442\u043e\u0447\u043d\u0430\u044f \u043a\u043e\u0440\u043e\u0431\u043a\u0430 \\\"\u0414\u044b\u0445\u0430\u043d\u0438\u0435\\\" | \u0414\u043e\u0441\u0442\u0430\u0432\u043a\u0430 \u0446\u0432\u0435\u0442\u043e\u0432 \u0432 \u0412\u0438\u043b\u044c\u043d\u044e\u0441\u0435 | Gintar\u0117s g\u0117l\u0117s\",\"isPartOf\":{\"@id\":\"https:\/\/www.gintaresgeles.lt\/ru\/#website\"},\"primaryImageOfPage\":{\"@id\":\"https:\/\/www.gintaresgeles.lt\/ru\/puokste\/%d1%86%d0%b2%d0%b5%d1%82%d0%be%d1%87%d0%bd%d0%b0%d1%8f-%d0%ba%d0%be%d1%80%d0%be%d0%b1%d0%ba%d0%b0-%d0%b4%d1%8b%d1%85%d0%b0%d0%bd%d0%b8%d0%b5\/#primaryimage\"},\"image\":{\"@id\":\"https:\/\/www.gintaresgeles.lt\/ru\/puokste\/%d1%86%d0%b2%d0%b5%d1%82%d0%be%d1%87%d0%bd%d0%b0%d1%8f-%d0%ba%d0%be%d1%80%d0%be%d0%b1%d0%ba%d0%b0-%d0%b4%d1%8b%d1%85%d0%b0%d0%bd%d0%b8%d0%b5\/#primaryimage\"},\"thumbnailUrl\":\"https:\/\/www.gintaresgeles.lt\/wp-content\/uploads\/2018\/10\/geliu-dezutes-dvelksmas.jpg\",\"datePublished\":\"2018-10-31T15:16:34+00:00\",\"dateModified\":\"2025-05-29T00:01:09+00:00\",\"description\":\"\u0417\u0430\u043a\u0430\u0436\u0438\u0442\u0435 \u044d\u043a\u0441\u043a\u043b\u044e\u0437\u0438\u0432\u043d\u0443\u044e \u043a\u043e\u0440\u043e\u0431\u043a\u0443 \u0438\u0437 \u043a\u0440\u0430\u0441\u043d\u044b\u0445 \u0440\u043e\u0437 \u0438 \u043c\u0430\u043b\u0435\u043d\u044c\u043a\u0438\u0445 \u043a\u0440\u0430\u0441\u043d\u044b\u0445 \u044f\u0433\u043e\u0434, \u043a\u043e\u0442\u043e\u0440\u044b\u0435 \u043f\u043e\u0440\u0430\u0434\u0443\u044e\u0442 \u0432\u0430\u0441 \u0441\u0432\u043e\u0438\u043c \u0448\u0430\u0440\u043c\u043e\u043c \u0438 \u0438\u0433\u0440\u0438\u0432\u043e\u0441\u0442\u044c\u044e. \u041c\u044b \u0434\u043e\u0441\u0442\u0430\u0432\u0438\u043c \u043a\u043e\u0440\u043e\u0431\u043a\u0443 \u043f\u043e \u0443\u043a\u0430\u0437\u0430\u043d\u043d\u043e\u043c\u0443 \u0432\u0430\u043c\u0438 \u0430\u0434\u0440\u0435\u0441\u0443.\",\"breadcrumb\":{\"@id\":\"https:\/\/www.gintaresgeles.lt\/ru\/puokste\/%d1%86%d0%b2%d0%b5%d1%82%d0%be%d1%87%d0%bd%d0%b0%d1%8f-%d0%ba%d0%be%d1%80%d0%be%d0%b1%d0%ba%d0%b0-%d0%b4%d1%8b%d1%85%d0%b0%d0%bd%d0%b8%d0%b5\/#breadcrumb\"},\"inLanguage\":\"ru-RU\",\"potentialAction\":[{\"@type\":\"ReadAction\",\"target\":[\"https:\/\/www.gintaresgeles.lt\/ru\/puokste\/%d1%86%d0%b2%d0%b5%d1%82%d0%be%d1%87%d0%bd%d0%b0%d1%8f-%d0%ba%d0%be%d1%80%d0%be%d0%b1%d0%ba%d0%b0-%d0%b4%d1%8b%d1%85%d0%b0%d0%bd%d0%b8%d0%b5\/\"]}]},{\"@type\":\"ImageObject\",\"inLanguage\":\"ru-RU\",\"@id\":\"https:\/\/www.gintaresgeles.lt\/ru\/puokste\/%d1%86%d0%b2%d0%b5%d1%82%d0%be%d1%87%d0%bd%d0%b0%d1%8f-%d0%ba%d0%be%d1%80%d0%be%d0%b1%d0%ba%d0%b0-%d0%b4%d1%8b%d1%85%d0%b0%d0%bd%d0%b8%d0%b5\/#primaryimage\",\"url\":\"https:\/\/www.gintaresgeles.lt\/wp-content\/uploads\/2018\/10\/geliu-dezutes-dvelksmas.jpg\",\"contentUrl\":\"https:\/\/www.gintaresgeles.lt\/wp-content\/uploads\/2018\/10\/geliu-dezutes-dvelksmas.jpg\",\"width\":1500,\"height\":1500,\"caption\":\"\u0426\u0432\u0435\u0442\u044b \u0432 \u043a\u043e\u0440\u043e\u0431\u043a\u0435 \u0438\u0437 \u043a\u0440\u0430\u0441\u043d\u044b\u0445 \u0440\u043e\u0437\"},{\"@type\":\"BreadcrumbList\",\"@id\":\"https:\/\/www.gintaresgeles.lt\/ru\/puokste\/%d1%86%d0%b2%d0%b5%d1%82%d0%be%d1%87%d0%bd%d0%b0%d1%8f-%d0%ba%d0%be%d1%80%d0%be%d0%b1%d0%ba%d0%b0-%d0%b4%d1%8b%d1%85%d0%b0%d0%bd%d0%b8%d0%b5\/#breadcrumb\",\"itemListElement\":[{\"@type\":\"ListItem\",\"position\":1,\"name\":\"Prad\u017eia\",\"item\":\"https:\/\/www.gintaresgeles.lt\/ru\/\"},{\"@type\":\"ListItem\",\"position\":2,\"name\":\"\u0412\u0441\u0435 \u0446\u0432\u0435\u0442\u044b \u0438 \u0434\u0440\u0443\u0433\u0438\u0435 \u043f\u0440\u043e\u0434\u0443\u043a\u0442\u044b\",\"item\":\"https:\/\/www.gintaresgeles.lt\/ru\/vse-cvety-i-drugie-produkty\/\"},{\"@type\":\"ListItem\",\"position\":3,\"name\":\"\u0426\u0432\u0435\u0442\u043e\u0447\u043d\u0430\u044f \u043a\u043e\u0440\u043e\u0431\u043a\u0430 &#8222;\u0414\u044b\u0445\u0430\u043d\u0438\u0435&#8221;\"}]},{\"@type\":\"WebSite\",\"@id\":\"https:\/\/www.gintaresgeles.lt\/ru\/#website\",\"url\":\"https:\/\/www.gintaresgeles.lt\/ru\/\",\"name\":\"gintaresgeles.lt\",\"description\":\"G\u0117li\u0173 parduotuv\u0117 internete\",\"potentialAction\":[{\"@type\":\"SearchAction\",\"target\":{\"@type\":\"EntryPoint\",\"urlTemplate\":\"https:\/\/www.gintaresgeles.lt\/ru\/?s={search_term_string}\"},\"query-input\":{\"@type\":\"PropertyValueSpecification\",\"valueRequired\":true,\"valueName\":\"search_term_string\"}}],\"inLanguage\":\"ru-RU\"}]}<\/script>\n<!-- \/ Yoast SEO plugin. -->","yoast_head_json":{"title":"\u0426\u0432\u0435\u0442\u043e\u0447\u043d\u0430\u044f \u043a\u043e\u0440\u043e\u0431\u043a\u0430 \"\u0414\u044b\u0445\u0430\u043d\u0438\u0435\" | \u0414\u043e\u0441\u0442\u0430\u0432\u043a\u0430 \u0446\u0432\u0435\u0442\u043e\u0432 \u0432 \u0412\u0438\u043b\u044c\u043d\u044e\u0441\u0435 | Gintar\u0117s g\u0117l\u0117s","description":"\u0417\u0430\u043a\u0430\u0436\u0438\u0442\u0435 \u044d\u043a\u0441\u043a\u043b\u044e\u0437\u0438\u0432\u043d\u0443\u044e \u043a\u043e\u0440\u043e\u0431\u043a\u0443 \u0438\u0437 \u043a\u0440\u0430\u0441\u043d\u044b\u0445 \u0440\u043e\u0437 \u0438 \u043c\u0430\u043b\u0435\u043d\u044c\u043a\u0438\u0445 \u043a\u0440\u0430\u0441\u043d\u044b\u0445 \u044f\u0433\u043e\u0434, \u043a\u043e\u0442\u043e\u0440\u044b\u0435 \u043f\u043e\u0440\u0430\u0434\u0443\u044e\u0442 \u0432\u0430\u0441 \u0441\u0432\u043e\u0438\u043c \u0448\u0430\u0440\u043c\u043e\u043c \u0438 \u0438\u0433\u0440\u0438\u0432\u043e\u0441\u0442\u044c\u044e. \u041c\u044b \u0434\u043e\u0441\u0442\u0430\u0432\u0438\u043c \u043a\u043e\u0440\u043e\u0431\u043a\u0443 \u043f\u043e \u0443\u043a\u0430\u0437\u0430\u043d\u043d\u043e\u043c\u0443 \u0432\u0430\u043c\u0438 \u0430\u0434\u0440\u0435\u0441\u0443.","robots":{"index":"index","follow":"follow","max-snippet":"max-snippet:-1","max-image-preview":"max-image-preview:large","max-video-preview":"max-video-preview:-1"},"canonical":"https:\/\/www.gintaresgeles.lt\/ru\/puokste\/%d1%86%d0%b2%d0%b5%d1%82%d0%be%d1%87%d0%bd%d0%b0%d1%8f-%d0%ba%d0%be%d1%80%d0%be%d0%b1%d0%ba%d0%b0-%d0%b4%d1%8b%d1%85%d0%b0%d0%bd%d0%b8%d0%b5\/","og_locale":"ru_RU","og_type":"article","og_title":"\u0426\u0432\u0435\u0442\u043e\u0447\u043d\u0430\u044f \u043a\u043e\u0440\u043e\u0431\u043a\u0430 \"\u0414\u044b\u0445\u0430\u043d\u0438\u0435\" | \u0414\u043e\u0441\u0442\u0430\u0432\u043a\u0430 \u0446\u0432\u0435\u0442\u043e\u0432 \u0432 \u0412\u0438\u043b\u044c\u043d\u044e\u0441\u0435 | Gintar\u0117s g\u0117l\u0117s","og_description":"\u0417\u0430\u043a\u0430\u0436\u0438\u0442\u0435 \u044d\u043a\u0441\u043a\u043b\u044e\u0437\u0438\u0432\u043d\u0443\u044e \u043a\u043e\u0440\u043e\u0431\u043a\u0443 \u0438\u0437 \u043a\u0440\u0430\u0441\u043d\u044b\u0445 \u0440\u043e\u0437 \u0438 \u043c\u0430\u043b\u0435\u043d\u044c\u043a\u0438\u0445 \u043a\u0440\u0430\u0441\u043d\u044b\u0445 \u044f\u0433\u043e\u0434, \u043a\u043e\u0442\u043e\u0440\u044b\u0435 \u043f\u043e\u0440\u0430\u0434\u0443\u044e\u0442 \u0432\u0430\u0441 \u0441\u0432\u043e\u0438\u043c \u0448\u0430\u0440\u043c\u043e\u043c \u0438 \u0438\u0433\u0440\u0438\u0432\u043e\u0441\u0442\u044c\u044e. \u041c\u044b \u0434\u043e\u0441\u0442\u0430\u0432\u0438\u043c \u043a\u043e\u0440\u043e\u0431\u043a\u0443 \u043f\u043e \u0443\u043a\u0430\u0437\u0430\u043d\u043d\u043e\u043c\u0443 \u0432\u0430\u043c\u0438 \u0430\u0434\u0440\u0435\u0441\u0443.","og_url":"https:\/\/www.gintaresgeles.lt\/ru\/puokste\/%d1%86%d0%b2%d0%b5%d1%82%d0%be%d1%87%d0%bd%d0%b0%d1%8f-%d0%ba%d0%be%d1%80%d0%be%d0%b1%d0%ba%d0%b0-%d0%b4%d1%8b%d1%85%d0%b0%d0%bd%d0%b8%d0%b5\/","og_site_name":"gintaresgeles.lt","article_modified_time":"2025-05-29T00:01:09+00:00","og_image":[{"width":1500,"height":1500,"url":"https:\/\/www.gintaresgeles.lt\/wp-content\/uploads\/2018\/10\/geliu-dezutes-dvelksmas.jpg","type":"image\/jpeg"}],"twitter_card":"summary_large_image","schema":{"@context":"https:\/\/schema.org","@graph":[{"@type":"WebPage","@id":"https:\/\/www.gintaresgeles.lt\/ru\/puokste\/%d1%86%d0%b2%d0%b5%d1%82%d0%be%d1%87%d0%bd%d0%b0%d1%8f-%d0%ba%d0%be%d1%80%d0%be%d0%b1%d0%ba%d0%b0-%d0%b4%d1%8b%d1%85%d0%b0%d0%bd%d0%b8%d0%b5\/","url":"https:\/\/www.gintaresgeles.lt\/ru\/puokste\/%d1%86%d0%b2%d0%b5%d1%82%d0%be%d1%87%d0%bd%d0%b0%d1%8f-%d0%ba%d0%be%d1%80%d0%be%d0%b1%d0%ba%d0%b0-%d0%b4%d1%8b%d1%85%d0%b0%d0%bd%d0%b8%d0%b5\/","name":"\u0426\u0432\u0435\u0442\u043e\u0447\u043d\u0430\u044f \u043a\u043e\u0440\u043e\u0431\u043a\u0430 \"\u0414\u044b\u0445\u0430\u043d\u0438\u0435\" | \u0414\u043e\u0441\u0442\u0430\u0432\u043a\u0430 \u0446\u0432\u0435\u0442\u043e\u0432 \u0432 \u0412\u0438\u043b\u044c\u043d\u044e\u0441\u0435 | Gintar\u0117s g\u0117l\u0117s","isPartOf":{"@id":"https:\/\/www.gintaresgeles.lt\/ru\/#website"},"primaryImageOfPage":{"@id":"https:\/\/www.gintaresgeles.lt\/ru\/puokste\/%d1%86%d0%b2%d0%b5%d1%82%d0%be%d1%87%d0%bd%d0%b0%d1%8f-%d0%ba%d0%be%d1%80%d0%be%d0%b1%d0%ba%d0%b0-%d0%b4%d1%8b%d1%85%d0%b0%d0%bd%d0%b8%d0%b5\/#primaryimage"},"image":{"@id":"https:\/\/www.gintaresgeles.lt\/ru\/puokste\/%d1%86%d0%b2%d0%b5%d1%82%d0%be%d1%87%d0%bd%d0%b0%d1%8f-%d0%ba%d0%be%d1%80%d0%be%d0%b1%d0%ba%d0%b0-%d0%b4%d1%8b%d1%85%d0%b0%d0%bd%d0%b8%d0%b5\/#primaryimage"},"thumbnailUrl":"https:\/\/www.gintaresgeles.lt\/wp-content\/uploads\/2018\/10\/geliu-dezutes-dvelksmas.jpg","datePublished":"2018-10-31T15:16:34+00:00","dateModified":"2025-05-29T00:01:09+00:00","description":"\u0417\u0430\u043a\u0430\u0436\u0438\u0442\u0435 \u044d\u043a\u0441\u043a\u043b\u044e\u0437\u0438\u0432\u043d\u0443\u044e \u043a\u043e\u0440\u043e\u0431\u043a\u0443 \u0438\u0437 \u043a\u0440\u0430\u0441\u043d\u044b\u0445 \u0440\u043e\u0437 \u0438 \u043c\u0430\u043b\u0435\u043d\u044c\u043a\u0438\u0445 \u043a\u0440\u0430\u0441\u043d\u044b\u0445 \u044f\u0433\u043e\u0434, \u043a\u043e\u0442\u043e\u0440\u044b\u0435 \u043f\u043e\u0440\u0430\u0434\u0443\u044e\u0442 \u0432\u0430\u0441 \u0441\u0432\u043e\u0438\u043c \u0448\u0430\u0440\u043c\u043e\u043c \u0438 \u0438\u0433\u0440\u0438\u0432\u043e\u0441\u0442\u044c\u044e. \u041c\u044b \u0434\u043e\u0441\u0442\u0430\u0432\u0438\u043c \u043a\u043e\u0440\u043e\u0431\u043a\u0443 \u043f\u043e \u0443\u043a\u0430\u0437\u0430\u043d\u043d\u043e\u043c\u0443 \u0432\u0430\u043c\u0438 \u0430\u0434\u0440\u0435\u0441\u0443.","breadcrumb":{"@id":"https:\/\/www.gintaresgeles.lt\/ru\/puokste\/%d1%86%d0%b2%d0%b5%d1%82%d0%be%d1%87%d0%bd%d0%b0%d1%8f-%d0%ba%d0%be%d1%80%d0%be%d0%b1%d0%ba%d0%b0-%d0%b4%d1%8b%d1%85%d0%b0%d0%bd%d0%b8%d0%b5\/#breadcrumb"},"inLanguage":"ru-RU","potentialAction":[{"@type":"ReadAction","target":["https:\/\/www.gintaresgeles.lt\/ru\/puokste\/%d1%86%d0%b2%d0%b5%d1%82%d0%be%d1%87%d0%bd%d0%b0%d1%8f-%d0%ba%d0%be%d1%80%d0%be%d0%b1%d0%ba%d0%b0-%d0%b4%d1%8b%d1%85%d0%b0%d0%bd%d0%b8%d0%b5\/"]}]},{"@type":"ImageObject","inLanguage":"ru-RU","@id":"https:\/\/www.gintaresgeles.lt\/ru\/puokste\/%d1%86%d0%b2%d0%b5%d1%82%d0%be%d1%87%d0%bd%d0%b0%d1%8f-%d0%ba%d0%be%d1%80%d0%be%d0%b1%d0%ba%d0%b0-%d0%b4%d1%8b%d1%85%d0%b0%d0%bd%d0%b8%d0%b5\/#primaryimage","url":"https:\/\/www.gintaresgeles.lt\/wp-content\/uploads\/2018\/10\/geliu-dezutes-dvelksmas.jpg","contentUrl":"https:\/\/www.gintaresgeles.lt\/wp-content\/uploads\/2018\/10\/geliu-dezutes-dvelksmas.jpg","width":1500,"height":1500,"caption":"\u0426\u0432\u0435\u0442\u044b \u0432 \u043a\u043e\u0440\u043e\u0431\u043a\u0435 \u0438\u0437 \u043a\u0440\u0430\u0441\u043d\u044b\u0445 \u0440\u043e\u0437"},{"@type":"BreadcrumbList","@id":"https:\/\/www.gintaresgeles.lt\/ru\/puokste\/%d1%86%d0%b2%d0%b5%d1%82%d0%be%d1%87%d0%bd%d0%b0%d1%8f-%d0%ba%d0%be%d1%80%d0%be%d0%b1%d0%ba%d0%b0-%d0%b4%d1%8b%d1%85%d0%b0%d0%bd%d0%b8%d0%b5\/#breadcrumb","itemListElement":[{"@type":"ListItem","position":1,"name":"Prad\u017eia","item":"https:\/\/www.gintaresgeles.lt\/ru\/"},{"@type":"ListItem","position":2,"name":"\u0412\u0441\u0435 \u0446\u0432\u0435\u0442\u044b \u0438 \u0434\u0440\u0443\u0433\u0438\u0435 \u043f\u0440\u043e\u0434\u0443\u043a\u0442\u044b","item":"https:\/\/www.gintaresgeles.lt\/ru\/vse-cvety-i-drugie-produkty\/"},{"@type":"ListItem","position":3,"name":"\u0426\u0432\u0435\u0442\u043e\u0447\u043d\u0430\u044f \u043a\u043e\u0440\u043e\u0431\u043a\u0430 &#8222;\u0414\u044b\u0445\u0430\u043d\u0438\u0435&#8221;"}]},{"@type":"WebSite","@id":"https:\/\/www.gintaresgeles.lt\/ru\/#website","url":"https:\/\/www.gintaresgeles.lt\/ru\/","name":"gintaresgeles.lt","description":"G\u0117li\u0173 parduotuv\u0117 internete","potentialAction":[{"@type":"SearchAction","target":{"@type":"EntryPoint","urlTemplate":"https:\/\/www.gintaresgeles.lt\/ru\/?s={search_term_string}"},"query-input":{"@type":"PropertyValueSpecification","valueRequired":true,"valueName":"search_term_string"}}],"inLanguage":"ru-RU"}]}},"_links":{"self":[{"href":"https:\/\/www.gintaresgeles.lt\/ru\/wp-json\/wp\/v2\/product\/24744","targetHints":{"allow":["GET"]}}],"collection":[{"href":"https:\/\/www.gintaresgeles.lt\/ru\/wp-json\/wp\/v2\/product"}],"about":[{"href":"https:\/\/www.gintaresgeles.lt\/ru\/wp-json\/wp\/v2\/types\/product"}],"wp:featuredmedia":[{"embeddable":true,"href":"https:\/\/www.gintaresgeles.lt\/ru\/wp-json\/wp\/v2\/media\/24745"}],"wp:attachment":[{"href":"https:\/\/www.gintaresgeles.lt\/ru\/wp-json\/wp\/v2\/media?parent=24744"}],"wp:term":[{"taxonomy":"product_brand","embeddable":true,"href":"https:\/\/www.gintaresgeles.lt\/ru\/wp-json\/wp\/v2\/product_brand?post=24744"},{"taxonomy":"product_cat","embeddable":true,"href":"https:\/\/www.gintaresgeles.lt\/ru\/wp-json\/wp\/v2\/product_cat?post=24744"},{"taxonomy":"product_tag","embeddable":true,"href":"https:\/\/www.gintaresgeles.lt\/ru\/wp-json\/wp\/v2\/product_tag?post=24744"}],"curies":[{"name":"wp","href":"https:\/\/api.w.org\/{rel}","templated":true}]}}