{"id":25199,"date":"2018-04-07T11:09:15","date_gmt":"2018-04-07T13:09:15","guid":{"rendered":"https:\/\/www.gintaresgeles.lt\/puokste\/%d0%b1%d1%83%d0%ba%d0%b5%d1%82-%d0%b8%d0%b7-%d1%84%d0%b8%d0%be%d0%bb%d0%b5%d1%82%d0%be%d0%b2%d1%8b%d1%85-%d0%b8%d1%80%d0%b8%d1%81%d0%be%d0%b2-%d0%b8-%d0%b6%d0%b5%d0%bb%d1%82%d1%8b%d1%85-%d1%85%d1%80\/"},"modified":"2020-02-03T13:26:43","modified_gmt":"2020-02-03T15:26:43","slug":"%d0%b1%d1%83%d0%ba%d0%b5%d1%82-%d0%b8%d0%b7-%d1%84%d0%b8%d0%be%d0%bb%d0%b5%d1%82%d0%be%d0%b2%d1%8b%d1%85-%d0%b8%d1%80%d0%b8%d1%81%d0%be%d0%b2-%d0%b8-%d0%b6%d0%b5%d0%bb%d1%82%d1%8b%d1%85-%d1%85%d1%80","status":"publish","type":"product","link":"https:\/\/www.gintaresgeles.lt\/ru\/puokste\/%d0%b1%d1%83%d0%ba%d0%b5%d1%82-%d0%b8%d0%b7-%d1%84%d0%b8%d0%be%d0%bb%d0%b5%d1%82%d0%be%d0%b2%d1%8b%d1%85-%d0%b8%d1%80%d0%b8%d1%81%d0%be%d0%b2-%d0%b8-%d0%b6%d0%b5%d0%bb%d1%82%d1%8b%d1%85-%d1%85%d1%80\/","title":{"rendered":"\u0411\u0443\u043a\u0435\u0442 \u0438\u0437 \u0444\u0438\u043e\u043b\u0435\u0442\u043e\u0432\u044b\u0445 \u0438\u0440\u0438\u0441\u043e\u0432 \u0438 \u0436\u0435\u043b\u0442\u044b\u0445 \u0445\u0440\u0438\u0437\u0430\u043d\u0442\u0435\u043c"},"content":{"rendered":"<div id=\"tw-target-text-container\" class=\"tw-ta-container tw-nfl\">\n<pre id=\"tw-target-text\" class=\"tw-data-text tw-text-large tw-ta\" dir=\"ltr\" data-placeholder=\"Vertimas\"><span lang=\"ru\" tabindex=\"0\">\u042d\u0442\u043e\u0442 \u0431\u0443\u043a\u0435\u0442 \u0434\u0432\u0443\u0445 \u0446\u0432\u0435\u0442\u043e\u0432 \u043e\u0441\u043e\u0431\u0435\u043d\u043d\u044b\u0439, \u043e\u043d \u043e\u0447\u0430\u0440\u0443\u0435\u0442 \u0432\u0441\u0435\u0445 \u0441\u0432\u043e\u0435\u0439 \u043f\u0440\u043e\u0441\u0442\u043e\u0442\u043e\u0439 \u0438 \u043a\u0440\u0430\u0441\u043e\u0442\u043e\u0439. \u0418\u0441\u043a\u0440\u0435\u043d\u043d\u0438\u0439 \u0431\u0443\u043a\u0435\u0442 \u0438\u0434\u0435\u0430\u043b\u044c\u043d\u043e \u043f\u043e\u0434\u0445\u043e\u0434\u0438\u0442 \u0434\u043b\u044f \u043f\u0440\u0438\u0432\u0435\u0442\u0441\u0442\u0432\u0438\u044f \u0441\u0430\u043c\u044b\u0445 \u0431\u043b\u0438\u0437\u043a\u0438\u0445 \u0438 \u0441\u0430\u043c\u044b\u0445 \u043b\u044e\u0431\u0438\u043c\u044b\u0445 \u043b\u044e\u0434\u0435\u0439 \u0432\u043e \u043c\u043d\u043e\u0433\u0438\u0445 \u0441\u043b\u0443\u0447\u0430\u044f\u0445 \u0438\u043b\u0438 \u0434\u0430\u0436\u0435 \u0431\u0435\u0437 \u043f\u043e\u0432\u043e\u0434\u0430. \u041f\u043e\u0448\u043b\u0438\u0442\u0435 \u0431\u0443\u043a\u0435\u0442 \u0438\u0440\u0438\u0441\u043e\u0432 \u0438 \u0445\u0440\u0438\u0437\u0430\u043d\u0442\u0435\u043c \u0441\u043f\u0435\u0446\u0438\u0430\u043b\u044c\u043d\u043e\u043c\u0443 \u0447\u0435\u043b\u043e\u0432\u0435\u043a\u0443, \u0438 \u043f\u043e\u043b\u0443\u0447\u0430\u0442\u0435\u043b\u044c \u0431\u0443\u0434\u0435\u0442 \u0432 \u0432\u043e\u0441\u0442\u043e\u0440\u0433\u0435 \u043e\u0442 \u0432\u043d\u0438\u043c\u0430\u043d\u0438\u044f, \u043a\u043e\u0442\u043e\u0440\u043e\u0435 \u0432\u044b \u043f\u0440\u043e\u044f\u0432\u0438\u043b\u0438, \u0438 \u044f\u0440\u043a\u0438\u0445 \u0446\u0432\u0435\u0442\u043e\u0432.<\/span><\/pre>\n<\/div>\n<div id=\"z6maec\" class=\"tw-ta-container tw-nfl\"><\/div>\n","protected":false},"excerpt":{"rendered":"<pre id=\"tw-target-text\" class=\"tw-data-text tw-text-large tw-ta\" dir=\"ltr\" data-placeholder=\"Vertimas\"><span lang=\"ru\" tabindex=\"0\">\u041f\u0440\u0435\u043a\u0440\u0430\u0441\u043d\u044b\u0439 \u0431\u0443\u043a\u0435\u0442 \u0434\u043b\u044f \u0447\u0435\u043b\u043e\u0432\u0435\u043a\u0430, \u043a\u043e\u0442\u043e\u0440\u043e\u0433\u043e \u0432\u044b \u0445\u043e\u0442\u0438\u0442\u0435 \u0443\u0434\u0438\u0432\u0438\u0442\u044c \u0438 \u0432\u043e\u0441\u0445\u0438\u0442\u0438\u0442\u044c, - \u044d\u0442\u043e \u0431\u0443\u043a\u0435\u0442 \u0446\u0432\u0435\u0442\u043e\u0432. \u042f\u0440\u043a\u0438\u0435 \u0446\u0432\u0435\u0442\u0430 \u043e\u0431\u044f\u0437\u0430\u0442\u0435\u043b\u044c\u043d\u043e \u043f\u043e\u0434\u043d\u0438\u043c\u0443\u0442 \u0432\u0430\u043c \u043d\u0430\u0441\u0442\u0440\u043e\u0435\u043d\u0438\u0435, \u0430 \u0441\u043e\u043e\u0442\u0432\u0435\u0442\u0441\u0442\u0432\u0443\u044e\u0449\u0438\u0435 \u0446\u0432\u0435\u0442\u0430 \u043f\u043e\u043a\u0430\u0436\u0443\u0442 \u0432\u0430\u0448 \u0445\u043e\u0440\u043e\u0448\u0438\u0439 \u0432\u043a\u0443\u0441 \u043a \u0446\u0432\u0435\u0442\u0430\u043c \u0438 \u0431\u0443\u043a\u0435\u0442\u0430\u043c.\r\n\r\n\u0411\u0443\u043a\u0435\u0442 \u0441\u043e\u0441\u0442\u043e\u0438\u0442 \u0438\u0437 5 \u0432\u0435\u0442\u043e\u0447\u0435\u043a \u0445\u0440\u0438\u0437\u0430\u043d\u0442\u0435\u043c \u0438 11 \u0438\u0440\u0438\u0441.<\/span><\/pre>\n","protected":false},"featured_media":0,"template":"","meta":[],"product_brand":[],"product_cat":[1000,977,970,971,976,1363,972,965,967,966,968,1151,999,1140,1902],"product_tag":[],"class_list":{"0":"post-25199","1":"product","2":"type-product","3":"status-publish","5":"product_cat-1000","6":"product_cat-977","7":"product_cat-970","8":"product_cat-971","9":"product_cat-976","10":"product_cat-cveti-8-marta","11":"product_cat-972","12":"product_cat-965","13":"product_cat-967","14":"product_cat-966","15":"product_cat-968","16":"product_cat-1151","17":"product_cat-999","18":"product_cat-1140","19":"product_cat-1902","20":"tm-has-options","22":"first","23":"outofstock","24":"taxable","25":"shipping-taxable","26":"purchasable","27":"product-type-simple"},"yoast_head":"<!-- This site is optimized with the Yoast SEO plugin v25.3 - https:\/\/yoast.com\/wordpress\/plugins\/seo\/ -->\n<title>\u0411\u0443\u043a\u0435\u0442 \u0438\u0437 \u0444\u0438\u043e\u043b\u0435\u0442\u043e\u0432\u044b\u0445 \u0438\u0440\u0438\u0441\u043e\u0432 \u0438 \u0436\u0435\u043b\u0442\u044b\u0445 \u0445\u0440\u0438\u0437\u0430\u043d\u0442\u0435\u043c | Gintar\u0117sG\u0117l\u0117s<\/title>\n<meta name=\"description\" content=\"\u0411\u0443\u043a\u0435\u0442 \u0432\u044b\u0440\u0430\u0437\u0438\u0442\u0435\u043b\u044c\u043d\u044b\u0445 \u0438 \u043a\u043e\u043d\u0442\u0440\u0430\u0441\u0442\u043d\u044b\u0445 \u0446\u0432\u0435\u0442\u043e\u0432 \u043f\u043e\u043b\u043e\u043d \u0438\u0440\u0438\u0441 \u0438 \u0436\u0435\u043b\u0442\u044b\u0445 \u0445\u0440\u0438\u0437\u0430\u043d\u0442\u0435\u043c - \u0438\u0434\u0435\u0430\u043b\u044c\u043d\u044b\u0439 \u043f\u043e\u0434\u0430\u0440\u043e\u043a \u0434\u043b\u044f \u0434\u0440\u0443\u0437\u0435\u0439 \u0438 \u0441\u0435\u043c\u044c\u0438 \u0432\u043e \u043c\u043d\u043e\u0433\u0438\u0445 \u0441\u043b\u0443\u0447\u0430\u044f\u0445. \u0420\u0430\u0437\u043c\u0435\u0441\u0442\u0438\u0442\u0435 \u0441\u0432\u043e\u0439 \u0437\u0430\u043a\u0430\u0437 \u043e\u043d\u043b\u0430\u0439\u043d, \u0438 \u043c\u044b \u043e\u0440\u0433\u0430\u043d\u0438\u0437\u0443\u0435\u043c \u0434\u043e\u0441\u0442\u0430\u0432\u043a\u0443 \u043d\u0430 \u0434\u043e\u043c \u0438\u043b\u0438 \u0432 \u043e\u0444\u0438\u0441 \u043f\u043e \u0432\u0441\u0435\u043c\u0443 \u0412\u0438\u043b\u044c\u043d\u044e\u0441\u0443 \u0438 \u043f\u0440\u0438\u0433\u043e\u0440\u043e\u0434\u0430\u043c \u0412\u0438\u043b\u044c\u043d\u044e\u0441\u0430.\" \/>\n<meta name=\"robots\" content=\"index, follow, max-snippet:-1, max-image-preview:large, max-video-preview:-1\" \/>\n<link rel=\"canonical\" href=\"https:\/\/www.gintaresgeles.lt\/ru\/puokste\/%d0%b1%d1%83%d0%ba%d0%b5%d1%82-%d0%b8%d0%b7-%d1%84%d0%b8%d0%be%d0%bb%d0%b5%d1%82%d0%be%d0%b2%d1%8b%d1%85-%d0%b8%d1%80%d0%b8%d1%81%d0%be%d0%b2-%d0%b8-%d0%b6%d0%b5%d0%bb%d1%82%d1%8b%d1%85-%d1%85%d1%80\/\" \/>\n<meta property=\"og:locale\" content=\"ru_RU\" \/>\n<meta property=\"og:type\" content=\"article\" \/>\n<meta property=\"og:title\" content=\"\u0411\u0443\u043a\u0435\u0442 \u0438\u0437 \u0444\u0438\u043e\u043b\u0435\u0442\u043e\u0432\u044b\u0445 \u0438\u0440\u0438\u0441\u043e\u0432 \u0438 \u0436\u0435\u043b\u0442\u044b\u0445 \u0445\u0440\u0438\u0437\u0430\u043d\u0442\u0435\u043c | Gintar\u0117sG\u0117l\u0117s\" \/>\n<meta property=\"og:description\" content=\"\u0411\u0443\u043a\u0435\u0442 \u0432\u044b\u0440\u0430\u0437\u0438\u0442\u0435\u043b\u044c\u043d\u044b\u0445 \u0438 \u043a\u043e\u043d\u0442\u0440\u0430\u0441\u0442\u043d\u044b\u0445 \u0446\u0432\u0435\u0442\u043e\u0432 \u043f\u043e\u043b\u043e\u043d \u0438\u0440\u0438\u0441 \u0438 \u0436\u0435\u043b\u0442\u044b\u0445 \u0445\u0440\u0438\u0437\u0430\u043d\u0442\u0435\u043c - \u0438\u0434\u0435\u0430\u043b\u044c\u043d\u044b\u0439 \u043f\u043e\u0434\u0430\u0440\u043e\u043a \u0434\u043b\u044f \u0434\u0440\u0443\u0437\u0435\u0439 \u0438 \u0441\u0435\u043c\u044c\u0438 \u0432\u043e \u043c\u043d\u043e\u0433\u0438\u0445 \u0441\u043b\u0443\u0447\u0430\u044f\u0445. \u0420\u0430\u0437\u043c\u0435\u0441\u0442\u0438\u0442\u0435 \u0441\u0432\u043e\u0439 \u0437\u0430\u043a\u0430\u0437 \u043e\u043d\u043b\u0430\u0439\u043d, \u0438 \u043c\u044b \u043e\u0440\u0433\u0430\u043d\u0438\u0437\u0443\u0435\u043c \u0434\u043e\u0441\u0442\u0430\u0432\u043a\u0443 \u043d\u0430 \u0434\u043e\u043c \u0438\u043b\u0438 \u0432 \u043e\u0444\u0438\u0441 \u043f\u043e \u0432\u0441\u0435\u043c\u0443 \u0412\u0438\u043b\u044c\u043d\u044e\u0441\u0443 \u0438 \u043f\u0440\u0438\u0433\u043e\u0440\u043e\u0434\u0430\u043c \u0412\u0438\u043b\u044c\u043d\u044e\u0441\u0430.\" \/>\n<meta property=\"og:url\" content=\"https:\/\/www.gintaresgeles.lt\/ru\/puokste\/%d0%b1%d1%83%d0%ba%d0%b5%d1%82-%d0%b8%d0%b7-%d1%84%d0%b8%d0%be%d0%bb%d0%b5%d1%82%d0%be%d0%b2%d1%8b%d1%85-%d0%b8%d1%80%d0%b8%d1%81%d0%be%d0%b2-%d0%b8-%d0%b6%d0%b5%d0%bb%d1%82%d1%8b%d1%85-%d1%85%d1%80\/\" \/>\n<meta property=\"og:site_name\" content=\"gintaresgeles.lt\" \/>\n<meta property=\"article:modified_time\" content=\"2020-02-03T15:26:43+00:00\" \/>\n<meta name=\"twitter:card\" content=\"summary_large_image\" \/>\n<script type=\"application\/ld+json\" class=\"yoast-schema-graph\">{\"@context\":\"https:\/\/schema.org\",\"@graph\":[{\"@type\":\"WebPage\",\"@id\":\"https:\/\/www.gintaresgeles.lt\/ru\/puokste\/%d0%b1%d1%83%d0%ba%d0%b5%d1%82-%d0%b8%d0%b7-%d1%84%d0%b8%d0%be%d0%bb%d0%b5%d1%82%d0%be%d0%b2%d1%8b%d1%85-%d0%b8%d1%80%d0%b8%d1%81%d0%be%d0%b2-%d0%b8-%d0%b6%d0%b5%d0%bb%d1%82%d1%8b%d1%85-%d1%85%d1%80\/\",\"url\":\"https:\/\/www.gintaresgeles.lt\/ru\/puokste\/%d0%b1%d1%83%d0%ba%d0%b5%d1%82-%d0%b8%d0%b7-%d1%84%d0%b8%d0%be%d0%bb%d0%b5%d1%82%d0%be%d0%b2%d1%8b%d1%85-%d0%b8%d1%80%d0%b8%d1%81%d0%be%d0%b2-%d0%b8-%d0%b6%d0%b5%d0%bb%d1%82%d1%8b%d1%85-%d1%85%d1%80\/\",\"name\":\"\u0411\u0443\u043a\u0435\u0442 \u0438\u0437 \u0444\u0438\u043e\u043b\u0435\u0442\u043e\u0432\u044b\u0445 \u0438\u0440\u0438\u0441\u043e\u0432 \u0438 \u0436\u0435\u043b\u0442\u044b\u0445 \u0445\u0440\u0438\u0437\u0430\u043d\u0442\u0435\u043c | Gintar\u0117sG\u0117l\u0117s\",\"isPartOf\":{\"@id\":\"https:\/\/www.gintaresgeles.lt\/ru\/#website\"},\"datePublished\":\"2018-04-07T13:09:15+00:00\",\"dateModified\":\"2020-02-03T15:26:43+00:00\",\"description\":\"\u0411\u0443\u043a\u0435\u0442 \u0432\u044b\u0440\u0430\u0437\u0438\u0442\u0435\u043b\u044c\u043d\u044b\u0445 \u0438 \u043a\u043e\u043d\u0442\u0440\u0430\u0441\u0442\u043d\u044b\u0445 \u0446\u0432\u0435\u0442\u043e\u0432 \u043f\u043e\u043b\u043e\u043d \u0438\u0440\u0438\u0441 \u0438 \u0436\u0435\u043b\u0442\u044b\u0445 \u0445\u0440\u0438\u0437\u0430\u043d\u0442\u0435\u043c - \u0438\u0434\u0435\u0430\u043b\u044c\u043d\u044b\u0439 \u043f\u043e\u0434\u0430\u0440\u043e\u043a \u0434\u043b\u044f \u0434\u0440\u0443\u0437\u0435\u0439 \u0438 \u0441\u0435\u043c\u044c\u0438 \u0432\u043e \u043c\u043d\u043e\u0433\u0438\u0445 \u0441\u043b\u0443\u0447\u0430\u044f\u0445. \u0420\u0430\u0437\u043c\u0435\u0441\u0442\u0438\u0442\u0435 \u0441\u0432\u043e\u0439 \u0437\u0430\u043a\u0430\u0437 \u043e\u043d\u043b\u0430\u0439\u043d, \u0438 \u043c\u044b \u043e\u0440\u0433\u0430\u043d\u0438\u0437\u0443\u0435\u043c \u0434\u043e\u0441\u0442\u0430\u0432\u043a\u0443 \u043d\u0430 \u0434\u043e\u043c \u0438\u043b\u0438 \u0432 \u043e\u0444\u0438\u0441 \u043f\u043e \u0432\u0441\u0435\u043c\u0443 \u0412\u0438\u043b\u044c\u043d\u044e\u0441\u0443 \u0438 \u043f\u0440\u0438\u0433\u043e\u0440\u043e\u0434\u0430\u043c \u0412\u0438\u043b\u044c\u043d\u044e\u0441\u0430.\",\"breadcrumb\":{\"@id\":\"https:\/\/www.gintaresgeles.lt\/ru\/puokste\/%d0%b1%d1%83%d0%ba%d0%b5%d1%82-%d0%b8%d0%b7-%d1%84%d0%b8%d0%be%d0%bb%d0%b5%d1%82%d0%be%d0%b2%d1%8b%d1%85-%d0%b8%d1%80%d0%b8%d1%81%d0%be%d0%b2-%d0%b8-%d0%b6%d0%b5%d0%bb%d1%82%d1%8b%d1%85-%d1%85%d1%80\/#breadcrumb\"},\"inLanguage\":\"ru-RU\",\"potentialAction\":[{\"@type\":\"ReadAction\",\"target\":[\"https:\/\/www.gintaresgeles.lt\/ru\/puokste\/%d0%b1%d1%83%d0%ba%d0%b5%d1%82-%d0%b8%d0%b7-%d1%84%d0%b8%d0%be%d0%bb%d0%b5%d1%82%d0%be%d0%b2%d1%8b%d1%85-%d0%b8%d1%80%d0%b8%d1%81%d0%be%d0%b2-%d0%b8-%d0%b6%d0%b5%d0%bb%d1%82%d1%8b%d1%85-%d1%85%d1%80\/\"]}]},{\"@type\":\"BreadcrumbList\",\"@id\":\"https:\/\/www.gintaresgeles.lt\/ru\/puokste\/%d0%b1%d1%83%d0%ba%d0%b5%d1%82-%d0%b8%d0%b7-%d1%84%d0%b8%d0%be%d0%bb%d0%b5%d1%82%d0%be%d0%b2%d1%8b%d1%85-%d0%b8%d1%80%d0%b8%d1%81%d0%be%d0%b2-%d0%b8-%d0%b6%d0%b5%d0%bb%d1%82%d1%8b%d1%85-%d1%85%d1%80\/#breadcrumb\",\"itemListElement\":[{\"@type\":\"ListItem\",\"position\":1,\"name\":\"Prad\u017eia\",\"item\":\"https:\/\/www.gintaresgeles.lt\/ru\/\"},{\"@type\":\"ListItem\",\"position\":2,\"name\":\"\u0412\u0441\u0435 \u0446\u0432\u0435\u0442\u044b \u0438 \u0434\u0440\u0443\u0433\u0438\u0435 \u043f\u0440\u043e\u0434\u0443\u043a\u0442\u044b\",\"item\":\"https:\/\/www.gintaresgeles.lt\/ru\/vse-cvety-i-drugie-produkty\/\"},{\"@type\":\"ListItem\",\"position\":3,\"name\":\"\u0411\u0443\u043a\u0435\u0442 \u0438\u0437 \u0444\u0438\u043e\u043b\u0435\u0442\u043e\u0432\u044b\u0445 \u0438\u0440\u0438\u0441\u043e\u0432 \u0438 \u0436\u0435\u043b\u0442\u044b\u0445 \u0445\u0440\u0438\u0437\u0430\u043d\u0442\u0435\u043c\"}]},{\"@type\":\"WebSite\",\"@id\":\"https:\/\/www.gintaresgeles.lt\/ru\/#website\",\"url\":\"https:\/\/www.gintaresgeles.lt\/ru\/\",\"name\":\"gintaresgeles.lt\",\"description\":\"G\u0117li\u0173 parduotuv\u0117 internete\",\"potentialAction\":[{\"@type\":\"SearchAction\",\"target\":{\"@type\":\"EntryPoint\",\"urlTemplate\":\"https:\/\/www.gintaresgeles.lt\/ru\/?s={search_term_string}\"},\"query-input\":{\"@type\":\"PropertyValueSpecification\",\"valueRequired\":true,\"valueName\":\"search_term_string\"}}],\"inLanguage\":\"ru-RU\"}]}<\/script>\n<!-- \/ Yoast SEO plugin. -->","yoast_head_json":{"title":"\u0411\u0443\u043a\u0435\u0442 \u0438\u0437 \u0444\u0438\u043e\u043b\u0435\u0442\u043e\u0432\u044b\u0445 \u0438\u0440\u0438\u0441\u043e\u0432 \u0438 \u0436\u0435\u043b\u0442\u044b\u0445 \u0445\u0440\u0438\u0437\u0430\u043d\u0442\u0435\u043c | Gintar\u0117sG\u0117l\u0117s","description":"\u0411\u0443\u043a\u0435\u0442 \u0432\u044b\u0440\u0430\u0437\u0438\u0442\u0435\u043b\u044c\u043d\u044b\u0445 \u0438 \u043a\u043e\u043d\u0442\u0440\u0430\u0441\u0442\u043d\u044b\u0445 \u0446\u0432\u0435\u0442\u043e\u0432 \u043f\u043e\u043b\u043e\u043d \u0438\u0440\u0438\u0441 \u0438 \u0436\u0435\u043b\u0442\u044b\u0445 \u0445\u0440\u0438\u0437\u0430\u043d\u0442\u0435\u043c - \u0438\u0434\u0435\u0430\u043b\u044c\u043d\u044b\u0439 \u043f\u043e\u0434\u0430\u0440\u043e\u043a \u0434\u043b\u044f \u0434\u0440\u0443\u0437\u0435\u0439 \u0438 \u0441\u0435\u043c\u044c\u0438 \u0432\u043e \u043c\u043d\u043e\u0433\u0438\u0445 \u0441\u043b\u0443\u0447\u0430\u044f\u0445. \u0420\u0430\u0437\u043c\u0435\u0441\u0442\u0438\u0442\u0435 \u0441\u0432\u043e\u0439 \u0437\u0430\u043a\u0430\u0437 \u043e\u043d\u043b\u0430\u0439\u043d, \u0438 \u043c\u044b \u043e\u0440\u0433\u0430\u043d\u0438\u0437\u0443\u0435\u043c \u0434\u043e\u0441\u0442\u0430\u0432\u043a\u0443 \u043d\u0430 \u0434\u043e\u043c \u0438\u043b\u0438 \u0432 \u043e\u0444\u0438\u0441 \u043f\u043e \u0432\u0441\u0435\u043c\u0443 \u0412\u0438\u043b\u044c\u043d\u044e\u0441\u0443 \u0438 \u043f\u0440\u0438\u0433\u043e\u0440\u043e\u0434\u0430\u043c \u0412\u0438\u043b\u044c\u043d\u044e\u0441\u0430.","robots":{"index":"index","follow":"follow","max-snippet":"max-snippet:-1","max-image-preview":"max-image-preview:large","max-video-preview":"max-video-preview:-1"},"canonical":"https:\/\/www.gintaresgeles.lt\/ru\/puokste\/%d0%b1%d1%83%d0%ba%d0%b5%d1%82-%d0%b8%d0%b7-%d1%84%d0%b8%d0%be%d0%bb%d0%b5%d1%82%d0%be%d0%b2%d1%8b%d1%85-%d0%b8%d1%80%d0%b8%d1%81%d0%be%d0%b2-%d0%b8-%d0%b6%d0%b5%d0%bb%d1%82%d1%8b%d1%85-%d1%85%d1%80\/","og_locale":"ru_RU","og_type":"article","og_title":"\u0411\u0443\u043a\u0435\u0442 \u0438\u0437 \u0444\u0438\u043e\u043b\u0435\u0442\u043e\u0432\u044b\u0445 \u0438\u0440\u0438\u0441\u043e\u0432 \u0438 \u0436\u0435\u043b\u0442\u044b\u0445 \u0445\u0440\u0438\u0437\u0430\u043d\u0442\u0435\u043c | Gintar\u0117sG\u0117l\u0117s","og_description":"\u0411\u0443\u043a\u0435\u0442 \u0432\u044b\u0440\u0430\u0437\u0438\u0442\u0435\u043b\u044c\u043d\u044b\u0445 \u0438 \u043a\u043e\u043d\u0442\u0440\u0430\u0441\u0442\u043d\u044b\u0445 \u0446\u0432\u0435\u0442\u043e\u0432 \u043f\u043e\u043b\u043e\u043d \u0438\u0440\u0438\u0441 \u0438 \u0436\u0435\u043b\u0442\u044b\u0445 \u0445\u0440\u0438\u0437\u0430\u043d\u0442\u0435\u043c - \u0438\u0434\u0435\u0430\u043b\u044c\u043d\u044b\u0439 \u043f\u043e\u0434\u0430\u0440\u043e\u043a \u0434\u043b\u044f \u0434\u0440\u0443\u0437\u0435\u0439 \u0438 \u0441\u0435\u043c\u044c\u0438 \u0432\u043e \u043c\u043d\u043e\u0433\u0438\u0445 \u0441\u043b\u0443\u0447\u0430\u044f\u0445. \u0420\u0430\u0437\u043c\u0435\u0441\u0442\u0438\u0442\u0435 \u0441\u0432\u043e\u0439 \u0437\u0430\u043a\u0430\u0437 \u043e\u043d\u043b\u0430\u0439\u043d, \u0438 \u043c\u044b \u043e\u0440\u0433\u0430\u043d\u0438\u0437\u0443\u0435\u043c \u0434\u043e\u0441\u0442\u0430\u0432\u043a\u0443 \u043d\u0430 \u0434\u043e\u043c \u0438\u043b\u0438 \u0432 \u043e\u0444\u0438\u0441 \u043f\u043e \u0432\u0441\u0435\u043c\u0443 \u0412\u0438\u043b\u044c\u043d\u044e\u0441\u0443 \u0438 \u043f\u0440\u0438\u0433\u043e\u0440\u043e\u0434\u0430\u043c \u0412\u0438\u043b\u044c\u043d\u044e\u0441\u0430.","og_url":"https:\/\/www.gintaresgeles.lt\/ru\/puokste\/%d0%b1%d1%83%d0%ba%d0%b5%d1%82-%d0%b8%d0%b7-%d1%84%d0%b8%d0%be%d0%bb%d0%b5%d1%82%d0%be%d0%b2%d1%8b%d1%85-%d0%b8%d1%80%d0%b8%d1%81%d0%be%d0%b2-%d0%b8-%d0%b6%d0%b5%d0%bb%d1%82%d1%8b%d1%85-%d1%85%d1%80\/","og_site_name":"gintaresgeles.lt","article_modified_time":"2020-02-03T15:26:43+00:00","twitter_card":"summary_large_image","schema":{"@context":"https:\/\/schema.org","@graph":[{"@type":"WebPage","@id":"https:\/\/www.gintaresgeles.lt\/ru\/puokste\/%d0%b1%d1%83%d0%ba%d0%b5%d1%82-%d0%b8%d0%b7-%d1%84%d0%b8%d0%be%d0%bb%d0%b5%d1%82%d0%be%d0%b2%d1%8b%d1%85-%d0%b8%d1%80%d0%b8%d1%81%d0%be%d0%b2-%d0%b8-%d0%b6%d0%b5%d0%bb%d1%82%d1%8b%d1%85-%d1%85%d1%80\/","url":"https:\/\/www.gintaresgeles.lt\/ru\/puokste\/%d0%b1%d1%83%d0%ba%d0%b5%d1%82-%d0%b8%d0%b7-%d1%84%d0%b8%d0%be%d0%bb%d0%b5%d1%82%d0%be%d0%b2%d1%8b%d1%85-%d0%b8%d1%80%d0%b8%d1%81%d0%be%d0%b2-%d0%b8-%d0%b6%d0%b5%d0%bb%d1%82%d1%8b%d1%85-%d1%85%d1%80\/","name":"\u0411\u0443\u043a\u0435\u0442 \u0438\u0437 \u0444\u0438\u043e\u043b\u0435\u0442\u043e\u0432\u044b\u0445 \u0438\u0440\u0438\u0441\u043e\u0432 \u0438 \u0436\u0435\u043b\u0442\u044b\u0445 \u0445\u0440\u0438\u0437\u0430\u043d\u0442\u0435\u043c | Gintar\u0117sG\u0117l\u0117s","isPartOf":{"@id":"https:\/\/www.gintaresgeles.lt\/ru\/#website"},"datePublished":"2018-04-07T13:09:15+00:00","dateModified":"2020-02-03T15:26:43+00:00","description":"\u0411\u0443\u043a\u0435\u0442 \u0432\u044b\u0440\u0430\u0437\u0438\u0442\u0435\u043b\u044c\u043d\u044b\u0445 \u0438 \u043a\u043e\u043d\u0442\u0440\u0430\u0441\u0442\u043d\u044b\u0445 \u0446\u0432\u0435\u0442\u043e\u0432 \u043f\u043e\u043b\u043e\u043d \u0438\u0440\u0438\u0441 \u0438 \u0436\u0435\u043b\u0442\u044b\u0445 \u0445\u0440\u0438\u0437\u0430\u043d\u0442\u0435\u043c - \u0438\u0434\u0435\u0430\u043b\u044c\u043d\u044b\u0439 \u043f\u043e\u0434\u0430\u0440\u043e\u043a \u0434\u043b\u044f \u0434\u0440\u0443\u0437\u0435\u0439 \u0438 \u0441\u0435\u043c\u044c\u0438 \u0432\u043e \u043c\u043d\u043e\u0433\u0438\u0445 \u0441\u043b\u0443\u0447\u0430\u044f\u0445. \u0420\u0430\u0437\u043c\u0435\u0441\u0442\u0438\u0442\u0435 \u0441\u0432\u043e\u0439 \u0437\u0430\u043a\u0430\u0437 \u043e\u043d\u043b\u0430\u0439\u043d, \u0438 \u043c\u044b \u043e\u0440\u0433\u0430\u043d\u0438\u0437\u0443\u0435\u043c \u0434\u043e\u0441\u0442\u0430\u0432\u043a\u0443 \u043d\u0430 \u0434\u043e\u043c \u0438\u043b\u0438 \u0432 \u043e\u0444\u0438\u0441 \u043f\u043e \u0432\u0441\u0435\u043c\u0443 \u0412\u0438\u043b\u044c\u043d\u044e\u0441\u0443 \u0438 \u043f\u0440\u0438\u0433\u043e\u0440\u043e\u0434\u0430\u043c \u0412\u0438\u043b\u044c\u043d\u044e\u0441\u0430.","breadcrumb":{"@id":"https:\/\/www.gintaresgeles.lt\/ru\/puokste\/%d0%b1%d1%83%d0%ba%d0%b5%d1%82-%d0%b8%d0%b7-%d1%84%d0%b8%d0%be%d0%bb%d0%b5%d1%82%d0%be%d0%b2%d1%8b%d1%85-%d0%b8%d1%80%d0%b8%d1%81%d0%be%d0%b2-%d0%b8-%d0%b6%d0%b5%d0%bb%d1%82%d1%8b%d1%85-%d1%85%d1%80\/#breadcrumb"},"inLanguage":"ru-RU","potentialAction":[{"@type":"ReadAction","target":["https:\/\/www.gintaresgeles.lt\/ru\/puokste\/%d0%b1%d1%83%d0%ba%d0%b5%d1%82-%d0%b8%d0%b7-%d1%84%d0%b8%d0%be%d0%bb%d0%b5%d1%82%d0%be%d0%b2%d1%8b%d1%85-%d0%b8%d1%80%d0%b8%d1%81%d0%be%d0%b2-%d0%b8-%d0%b6%d0%b5%d0%bb%d1%82%d1%8b%d1%85-%d1%85%d1%80\/"]}]},{"@type":"BreadcrumbList","@id":"https:\/\/www.gintaresgeles.lt\/ru\/puokste\/%d0%b1%d1%83%d0%ba%d0%b5%d1%82-%d0%b8%d0%b7-%d1%84%d0%b8%d0%be%d0%bb%d0%b5%d1%82%d0%be%d0%b2%d1%8b%d1%85-%d0%b8%d1%80%d0%b8%d1%81%d0%be%d0%b2-%d0%b8-%d0%b6%d0%b5%d0%bb%d1%82%d1%8b%d1%85-%d1%85%d1%80\/#breadcrumb","itemListElement":[{"@type":"ListItem","position":1,"name":"Prad\u017eia","item":"https:\/\/www.gintaresgeles.lt\/ru\/"},{"@type":"ListItem","position":2,"name":"\u0412\u0441\u0435 \u0446\u0432\u0435\u0442\u044b \u0438 \u0434\u0440\u0443\u0433\u0438\u0435 \u043f\u0440\u043e\u0434\u0443\u043a\u0442\u044b","item":"https:\/\/www.gintaresgeles.lt\/ru\/vse-cvety-i-drugie-produkty\/"},{"@type":"ListItem","position":3,"name":"\u0411\u0443\u043a\u0435\u0442 \u0438\u0437 \u0444\u0438\u043e\u043b\u0435\u0442\u043e\u0432\u044b\u0445 \u0438\u0440\u0438\u0441\u043e\u0432 \u0438 \u0436\u0435\u043b\u0442\u044b\u0445 \u0445\u0440\u0438\u0437\u0430\u043d\u0442\u0435\u043c"}]},{"@type":"WebSite","@id":"https:\/\/www.gintaresgeles.lt\/ru\/#website","url":"https:\/\/www.gintaresgeles.lt\/ru\/","name":"gintaresgeles.lt","description":"G\u0117li\u0173 parduotuv\u0117 internete","potentialAction":[{"@type":"SearchAction","target":{"@type":"EntryPoint","urlTemplate":"https:\/\/www.gintaresgeles.lt\/ru\/?s={search_term_string}"},"query-input":{"@type":"PropertyValueSpecification","valueRequired":true,"valueName":"search_term_string"}}],"inLanguage":"ru-RU"}]}},"_links":{"self":[{"href":"https:\/\/www.gintaresgeles.lt\/ru\/wp-json\/wp\/v2\/product\/25199","targetHints":{"allow":["GET"]}}],"collection":[{"href":"https:\/\/www.gintaresgeles.lt\/ru\/wp-json\/wp\/v2\/product"}],"about":[{"href":"https:\/\/www.gintaresgeles.lt\/ru\/wp-json\/wp\/v2\/types\/product"}],"wp:attachment":[{"href":"https:\/\/www.gintaresgeles.lt\/ru\/wp-json\/wp\/v2\/media?parent=25199"}],"wp:term":[{"taxonomy":"product_brand","embeddable":true,"href":"https:\/\/www.gintaresgeles.lt\/ru\/wp-json\/wp\/v2\/product_brand?post=25199"},{"taxonomy":"product_cat","embeddable":true,"href":"https:\/\/www.gintaresgeles.lt\/ru\/wp-json\/wp\/v2\/product_cat?post=25199"},{"taxonomy":"product_tag","embeddable":true,"href":"https:\/\/www.gintaresgeles.lt\/ru\/wp-json\/wp\/v2\/product_tag?post=25199"}],"curies":[{"name":"wp","href":"https:\/\/api.w.org\/{rel}","templated":true}]}}