{"id":26438,"date":"2019-02-04T08:55:51","date_gmt":"2019-02-04T10:55:51","guid":{"rendered":"https:\/\/www.gintaresgeles.lt\/puokste\/%d1%80%d0%be%d0%b7%d0%be%d0%b2%d0%b0%d1%8f-%d1%81%d0%bf%d1%8f%d1%89%d0%b0%d1%8f-%d1%80%d0%be%d0%b7%d0%b0-%d0%b2-%d1%82%d1%8e%d0%b1%d0%b8%d0%ba%d0%b5\/"},"modified":"2024-03-06T18:12:02","modified_gmt":"2024-03-06T16:12:02","slug":"%d1%80%d0%be%d0%b7%d0%be%d0%b2%d0%b0%d1%8f-%d1%81%d0%bf%d1%8f%d1%89%d0%b0%d1%8f-%d1%80%d0%be%d0%b7%d0%b0-%d0%b2-%d1%82%d1%8e%d0%b1%d0%b8%d0%ba%d0%b5","status":"publish","type":"product","link":"https:\/\/www.gintaresgeles.lt\/ru\/puokste\/%d1%80%d0%be%d0%b7%d0%be%d0%b2%d0%b0%d1%8f-%d1%81%d0%bf%d1%8f%d1%89%d0%b0%d1%8f-%d1%80%d0%be%d0%b7%d0%b0-%d0%b2-%d1%82%d1%8e%d0%b1%d0%b8%d0%ba%d0%b5\/","title":{"rendered":"\u0420\u043e\u0437\u043e\u0432\u0430\u044f \u0441\u043f\u044f\u0449\u0430\u044f \u0440\u043e\u0437\u0430 \u0432 \u0442\u044e\u0431\u0438\u043a\u0435"},"content":{"rendered":"<p>\u041f\u0438\u0440\u0430\u043c\u0438\u0434\u0430\u043b\u044c\u043d\u0430\u044f \u0448\u043a\u0430\u0442\u0443\u043b\u043a\u0430 &#8212; \u044d\u0442\u043e \u044d\u043b\u0435\u0433\u0430\u043d\u0442\u043d\u044b\u0439 \u0441\u043f\u043e\u0441\u043e\u0431 \u043f\u043e\u0434\u0430\u0440\u0438\u0442\u044c \u0440\u043e\u0437\u043e\u0432\u0443\u044e \u0441\u043f\u044f\u0449\u0443\u044e \u0440\u043e\u0437\u0443. \u00ab\u0421\u043f\u044f\u0449\u0430\u044f \u0440\u043e\u0437\u0430\u00bb &#8212; \u044d\u0442\u043e, \u043f\u043e\u0436\u0430\u043b\u0443\u0439, \u043e\u0434\u043d\u043e \u0438\u0437 \u0441\u0430\u043c\u044b\u0445 \u0442\u0435\u043f\u043b\u044b\u0445 \u0438 \u0440\u043e\u043c\u0430\u043d\u0442\u0438\u0447\u043d\u044b\u0445 \u0432\u044b\u0440\u0430\u0436\u0435\u043d\u0438\u0439 \u043b\u044e\u0431\u0432\u0438 \u0432\u043e \u0432\u0442\u043e\u0440\u043e\u0439 \u043f\u043e\u043b\u043e\u0432\u0438\u043d\u0435. \u0426\u0432\u0435\u0442\u0435\u043d\u0438\u044f \u0441\u043f\u044f\u0449\u0438\u0445 \u0440\u043e\u0437 \u0438\u043c\u0435\u044e\u0442 \u043e\u0441\u043e\u0431\u0443\u044e \u043d\u0430\u0441\u044b\u0449\u0435\u043d\u043d\u043e\u0441\u0442\u044c \u043b\u0435\u043f\u0435\u0441\u0442\u043a\u043e\u0432 \u0438 \u0441\u043f\u043e\u0441\u043e\u0431\u043d\u043e\u0441\u0442\u044c \u0441\u043e\u0445\u0440\u0430\u043d\u044f\u0442\u044c \u0431\u0435\u0437\u0443\u043f\u0440\u0435\u0447\u043d\u044b\u0439 \u0432\u043d\u0435\u0448\u043d\u0438\u0439 \u0432\u0438\u0434 \u0434\u0430\u0436\u0435 \u0447\u0435\u0440\u0435\u0437 \u043c\u043d\u043e\u0433\u043e \u043c\u0435\u0441\u044f\u0446\u0435\u0432. \u042d\u0442\u0438 \u0440\u043e\u0437\u044b &#8212; \u044d\u0442\u043e 100% \u043d\u0430\u0442\u0443\u0440\u0430\u043b\u044c\u043d\u044b\u0439 \u043f\u0440\u043e\u0434\u0443\u043a\u0442, \u043a\u043e\u0442\u043e\u0440\u044b\u0439 \u043d\u0435 \u0442\u0440\u0435\u0431\u0443\u0435\u0442 \u0441\u043e\u043b\u043d\u0435\u0447\u043d\u043e\u0433\u043e \u0441\u0432\u0435\u0442\u0430, \u0432\u043e\u0434\u044b \u0438\u043b\u0438 \u043a\u0430\u043a\u043e\u0433\u043e-\u043b\u0438\u0431\u043e \u0434\u0440\u0443\u0433\u043e\u0433\u043e \u0443\u0445\u043e\u0434\u0430. \u041a\u043e\u0440\u043e\u0431\u043a\u0430 \u0438\u043c\u0435\u0435\u0442 \u0430\u043a\u043a\u0443\u0440\u0430\u0442\u043d\u0443\u044e \u043b\u0435\u043d\u0442\u0443.<\/p>\n","protected":false},"excerpt":{"rendered":"<p>\u0414\u0430\u0439\u0442\u0435 \u0432\u0430\u0448\u0435\u0439 \u0432\u0442\u043e\u0440\u043e\u0439 \u043f\u043e\u043b\u043e\u0432\u0438\u043d\u0435 \u044d\u0442\u0443 \u0440\u043e\u0437\u0443 \u0432 \u0430\u043a\u043a\u0443\u0440\u0430\u0442\u043d\u043e\u0439 \u0443\u0434\u043b\u0438\u043d\u0435\u043d\u043d\u043e\u0439 \u043a\u043e\u0440\u043e\u0431\u043a\u0435. \u0418\u0445 \u043d\u0435\u0443\u0432\u044f\u0434\u0430\u044e\u0449\u0430\u044f \u043a\u0440\u0430\u0441\u043e\u0442\u0430 \u043d\u0430\u0434\u043e\u043b\u0433\u043e \u043e\u043a\u0443\u0442\u0430\u0435\u0442 \u0435\u0435 \u0442\u0435\u043f\u043b\u044b\u043c\u0438 \u0432\u043e\u0441\u043f\u043e\u043c\u0438\u043d\u0430\u043d\u0438\u044f\u043c\u0438 \u043e \u0447\u0443\u0432\u0441\u0442\u0432\u0430\u0445, \u043a\u043e\u0442\u043e\u0440\u044b\u0435 \u0432\u0430\u0441 \u0441\u0432\u044f\u0437\u044b\u0432\u0430\u044e\u0442.<\/p>\n","protected":false},"featured_media":26401,"template":"","meta":[],"product_brand":[],"product_cat":[975,977,1006,970,971,976,1363,972,965,967,968],"product_tag":[],"class_list":{"0":"post-26438","1":"product","2":"type-product","3":"status-publish","4":"has-post-thumbnail","6":"product_cat-14--","7":"product_cat-977","8":"product_cat-1006","9":"product_cat-970","10":"product_cat-971","11":"product_cat-976","12":"product_cat-cveti-8-marta","13":"product_cat-972","14":"product_cat-965","15":"product_cat-967","16":"product_cat-968","17":"tm-no-options","19":"first","20":"outofstock","21":"taxable","22":"shipping-taxable","23":"purchasable","24":"product-type-variable","25":"has-default-attributes"},"yoast_head":"<!-- This site is optimized with the Yoast SEO plugin v25.3 - https:\/\/yoast.com\/wordpress\/plugins\/seo\/ -->\n<title>\u0420\u043e\u0437\u043e\u0432\u0430\u044f \u0441\u043f\u044f\u0449\u0430\u044f \u0440\u043e\u0437\u0430 \u0432 \u0442\u044e\u0431\u0438\u043a\u0435 | \u0420\u043e\u043c\u0430\u043d\u0442\u0438\u0447\u0435\u0441\u043a\u0438\u0435 \u043f\u043e\u0434\u0430\u0440\u043a\u0438 | Gintar\u0117s G\u0117l\u0117s<\/title>\n<meta name=\"description\" content=\"\u0421\u0442\u0430\u0431\u0438\u043b\u0438\u0437\u0438\u0440\u043e\u0432\u0430\u043d\u043d\u044b\u0435 \u0441\u043f\u044f\u0449\u0438\u0435 \u0440\u043e\u0437\u043e\u0432\u044b\u0435 \u0446\u0432\u0435\u0442\u043a\u0438 - \u044d\u0442\u043e \u043d\u0430\u0441\u044b\u0449\u0435\u043d\u043d\u044b\u0435 \u0440\u043e\u0437\u043e\u0432\u044b\u0435 \u0431\u0430\u043b\u044c\u0437\u0430\u043c\u0438\u0440\u043e\u0432\u0430\u043d\u043d\u044b\u0435 \u0446\u0432\u0435\u0442\u044b. \u0420\u043e\u0437\u0430 \u043c\u043e\u0436\u0435\u0442 \u0431\u044b\u0442\u044c \u043f\u043e\u043c\u0435\u0449\u0435\u043d\u0430 \u0432 \u043a\u043e\u0440\u043e\u0431\u043a\u0443 \u043d\u0430 \u0432\u0430\u0448 \u0432\u044b\u0431\u043e\u0440.\" \/>\n<meta name=\"robots\" content=\"index, follow, max-snippet:-1, max-image-preview:large, max-video-preview:-1\" \/>\n<link rel=\"canonical\" href=\"https:\/\/www.gintaresgeles.lt\/ru\/puokste\/%d1%80%d0%be%d0%b7%d0%be%d0%b2%d0%b0%d1%8f-%d1%81%d0%bf%d1%8f%d1%89%d0%b0%d1%8f-%d1%80%d0%be%d0%b7%d0%b0-%d0%b2-%d1%82%d1%8e%d0%b1%d0%b8%d0%ba%d0%b5\/\" \/>\n<meta property=\"og:locale\" content=\"ru_RU\" \/>\n<meta property=\"og:type\" content=\"article\" \/>\n<meta property=\"og:title\" content=\"\u0420\u043e\u0437\u043e\u0432\u0430\u044f \u0441\u043f\u044f\u0449\u0430\u044f \u0440\u043e\u0437\u0430 \u0432 \u0442\u044e\u0431\u0438\u043a\u0435 | \u0420\u043e\u043c\u0430\u043d\u0442\u0438\u0447\u0435\u0441\u043a\u0438\u0435 \u043f\u043e\u0434\u0430\u0440\u043a\u0438 | Gintar\u0117s G\u0117l\u0117s\" \/>\n<meta property=\"og:description\" content=\"\u0421\u0442\u0430\u0431\u0438\u043b\u0438\u0437\u0438\u0440\u043e\u0432\u0430\u043d\u043d\u044b\u0435 \u0441\u043f\u044f\u0449\u0438\u0435 \u0440\u043e\u0437\u043e\u0432\u044b\u0435 \u0446\u0432\u0435\u0442\u043a\u0438 - \u044d\u0442\u043e \u043d\u0430\u0441\u044b\u0449\u0435\u043d\u043d\u044b\u0435 \u0440\u043e\u0437\u043e\u0432\u044b\u0435 \u0431\u0430\u043b\u044c\u0437\u0430\u043c\u0438\u0440\u043e\u0432\u0430\u043d\u043d\u044b\u0435 \u0446\u0432\u0435\u0442\u044b. \u0420\u043e\u0437\u0430 \u043c\u043e\u0436\u0435\u0442 \u0431\u044b\u0442\u044c \u043f\u043e\u043c\u0435\u0449\u0435\u043d\u0430 \u0432 \u043a\u043e\u0440\u043e\u0431\u043a\u0443 \u043d\u0430 \u0432\u0430\u0448 \u0432\u044b\u0431\u043e\u0440.\" \/>\n<meta property=\"og:url\" content=\"https:\/\/www.gintaresgeles.lt\/ru\/puokste\/%d1%80%d0%be%d0%b7%d0%be%d0%b2%d0%b0%d1%8f-%d1%81%d0%bf%d1%8f%d1%89%d0%b0%d1%8f-%d1%80%d0%be%d0%b7%d0%b0-%d0%b2-%d1%82%d1%8e%d0%b1%d0%b8%d0%ba%d0%b5\/\" \/>\n<meta property=\"og:site_name\" content=\"gintaresgeles.lt\" \/>\n<meta property=\"article:modified_time\" content=\"2024-03-06T16:12:02+00:00\" \/>\n<meta property=\"og:image\" content=\"https:\/\/www.gintaresgeles.lt\/wp-content\/uploads\/2019\/02\/miegancios-rozes-rozines-spalvos.jpg\" \/>\n\t<meta property=\"og:image:width\" content=\"600\" \/>\n\t<meta property=\"og:image:height\" content=\"600\" \/>\n\t<meta property=\"og:image:type\" content=\"image\/jpeg\" \/>\n<meta name=\"twitter:card\" content=\"summary_large_image\" \/>\n<script type=\"application\/ld+json\" class=\"yoast-schema-graph\">{\"@context\":\"https:\/\/schema.org\",\"@graph\":[{\"@type\":\"WebPage\",\"@id\":\"https:\/\/www.gintaresgeles.lt\/ru\/puokste\/%d1%80%d0%be%d0%b7%d0%be%d0%b2%d0%b0%d1%8f-%d1%81%d0%bf%d1%8f%d1%89%d0%b0%d1%8f-%d1%80%d0%be%d0%b7%d0%b0-%d0%b2-%d1%82%d1%8e%d0%b1%d0%b8%d0%ba%d0%b5\/\",\"url\":\"https:\/\/www.gintaresgeles.lt\/ru\/puokste\/%d1%80%d0%be%d0%b7%d0%be%d0%b2%d0%b0%d1%8f-%d1%81%d0%bf%d1%8f%d1%89%d0%b0%d1%8f-%d1%80%d0%be%d0%b7%d0%b0-%d0%b2-%d1%82%d1%8e%d0%b1%d0%b8%d0%ba%d0%b5\/\",\"name\":\"\u0420\u043e\u0437\u043e\u0432\u0430\u044f \u0441\u043f\u044f\u0449\u0430\u044f \u0440\u043e\u0437\u0430 \u0432 \u0442\u044e\u0431\u0438\u043a\u0435 | \u0420\u043e\u043c\u0430\u043d\u0442\u0438\u0447\u0435\u0441\u043a\u0438\u0435 \u043f\u043e\u0434\u0430\u0440\u043a\u0438 | Gintar\u0117s G\u0117l\u0117s\",\"isPartOf\":{\"@id\":\"https:\/\/www.gintaresgeles.lt\/ru\/#website\"},\"primaryImageOfPage\":{\"@id\":\"https:\/\/www.gintaresgeles.lt\/ru\/puokste\/%d1%80%d0%be%d0%b7%d0%be%d0%b2%d0%b0%d1%8f-%d1%81%d0%bf%d1%8f%d1%89%d0%b0%d1%8f-%d1%80%d0%be%d0%b7%d0%b0-%d0%b2-%d1%82%d1%8e%d0%b1%d0%b8%d0%ba%d0%b5\/#primaryimage\"},\"image\":{\"@id\":\"https:\/\/www.gintaresgeles.lt\/ru\/puokste\/%d1%80%d0%be%d0%b7%d0%be%d0%b2%d0%b0%d1%8f-%d1%81%d0%bf%d1%8f%d1%89%d0%b0%d1%8f-%d1%80%d0%be%d0%b7%d0%b0-%d0%b2-%d1%82%d1%8e%d0%b1%d0%b8%d0%ba%d0%b5\/#primaryimage\"},\"thumbnailUrl\":\"https:\/\/www.gintaresgeles.lt\/wp-content\/uploads\/2019\/02\/miegancios-rozes-rozines-spalvos.jpg\",\"datePublished\":\"2019-02-04T10:55:51+00:00\",\"dateModified\":\"2024-03-06T16:12:02+00:00\",\"description\":\"\u0421\u0442\u0430\u0431\u0438\u043b\u0438\u0437\u0438\u0440\u043e\u0432\u0430\u043d\u043d\u044b\u0435 \u0441\u043f\u044f\u0449\u0438\u0435 \u0440\u043e\u0437\u043e\u0432\u044b\u0435 \u0446\u0432\u0435\u0442\u043a\u0438 - \u044d\u0442\u043e \u043d\u0430\u0441\u044b\u0449\u0435\u043d\u043d\u044b\u0435 \u0440\u043e\u0437\u043e\u0432\u044b\u0435 \u0431\u0430\u043b\u044c\u0437\u0430\u043c\u0438\u0440\u043e\u0432\u0430\u043d\u043d\u044b\u0435 \u0446\u0432\u0435\u0442\u044b. \u0420\u043e\u0437\u0430 \u043c\u043e\u0436\u0435\u0442 \u0431\u044b\u0442\u044c \u043f\u043e\u043c\u0435\u0449\u0435\u043d\u0430 \u0432 \u043a\u043e\u0440\u043e\u0431\u043a\u0443 \u043d\u0430 \u0432\u0430\u0448 \u0432\u044b\u0431\u043e\u0440.\",\"breadcrumb\":{\"@id\":\"https:\/\/www.gintaresgeles.lt\/ru\/puokste\/%d1%80%d0%be%d0%b7%d0%be%d0%b2%d0%b0%d1%8f-%d1%81%d0%bf%d1%8f%d1%89%d0%b0%d1%8f-%d1%80%d0%be%d0%b7%d0%b0-%d0%b2-%d1%82%d1%8e%d0%b1%d0%b8%d0%ba%d0%b5\/#breadcrumb\"},\"inLanguage\":\"ru-RU\",\"potentialAction\":[{\"@type\":\"ReadAction\",\"target\":[\"https:\/\/www.gintaresgeles.lt\/ru\/puokste\/%d1%80%d0%be%d0%b7%d0%be%d0%b2%d0%b0%d1%8f-%d1%81%d0%bf%d1%8f%d1%89%d0%b0%d1%8f-%d1%80%d0%be%d0%b7%d0%b0-%d0%b2-%d1%82%d1%8e%d0%b1%d0%b8%d0%ba%d0%b5\/\"]}]},{\"@type\":\"ImageObject\",\"inLanguage\":\"ru-RU\",\"@id\":\"https:\/\/www.gintaresgeles.lt\/ru\/puokste\/%d1%80%d0%be%d0%b7%d0%be%d0%b2%d0%b0%d1%8f-%d1%81%d0%bf%d1%8f%d1%89%d0%b0%d1%8f-%d1%80%d0%be%d0%b7%d0%b0-%d0%b2-%d1%82%d1%8e%d0%b1%d0%b8%d0%ba%d0%b5\/#primaryimage\",\"url\":\"https:\/\/www.gintaresgeles.lt\/wp-content\/uploads\/2019\/02\/miegancios-rozes-rozines-spalvos.jpg\",\"contentUrl\":\"https:\/\/www.gintaresgeles.lt\/wp-content\/uploads\/2019\/02\/miegancios-rozes-rozines-spalvos.jpg\",\"width\":600,\"height\":600,\"caption\":\"\u0420\u043e\u0437\u043e\u0432\u0430\u044f \u0441\u0442\u0430\u0431\u0438\u043b\u0438\u0437\u0438\u0440\u043e\u0432\u0430\u043d\u043d\u0430\u044f \u0440\u043e\u0437\u0430 \u0432 \u043f\u0440\u043e\u0431\u0438\u0440\u043a\u0435\"},{\"@type\":\"BreadcrumbList\",\"@id\":\"https:\/\/www.gintaresgeles.lt\/ru\/puokste\/%d1%80%d0%be%d0%b7%d0%be%d0%b2%d0%b0%d1%8f-%d1%81%d0%bf%d1%8f%d1%89%d0%b0%d1%8f-%d1%80%d0%be%d0%b7%d0%b0-%d0%b2-%d1%82%d1%8e%d0%b1%d0%b8%d0%ba%d0%b5\/#breadcrumb\",\"itemListElement\":[{\"@type\":\"ListItem\",\"position\":1,\"name\":\"Prad\u017eia\",\"item\":\"https:\/\/www.gintaresgeles.lt\/ru\/\"},{\"@type\":\"ListItem\",\"position\":2,\"name\":\"\u0412\u0441\u0435 \u0446\u0432\u0435\u0442\u044b \u0438 \u0434\u0440\u0443\u0433\u0438\u0435 \u043f\u0440\u043e\u0434\u0443\u043a\u0442\u044b\",\"item\":\"https:\/\/www.gintaresgeles.lt\/ru\/vse-cvety-i-drugie-produkty\/\"},{\"@type\":\"ListItem\",\"position\":3,\"name\":\"\u0420\u043e\u0437\u043e\u0432\u0430\u044f \u0441\u043f\u044f\u0449\u0430\u044f \u0440\u043e\u0437\u0430 \u0432 \u0442\u044e\u0431\u0438\u043a\u0435\"}]},{\"@type\":\"WebSite\",\"@id\":\"https:\/\/www.gintaresgeles.lt\/ru\/#website\",\"url\":\"https:\/\/www.gintaresgeles.lt\/ru\/\",\"name\":\"gintaresgeles.lt\",\"description\":\"G\u0117li\u0173 parduotuv\u0117 internete\",\"potentialAction\":[{\"@type\":\"SearchAction\",\"target\":{\"@type\":\"EntryPoint\",\"urlTemplate\":\"https:\/\/www.gintaresgeles.lt\/ru\/?s={search_term_string}\"},\"query-input\":{\"@type\":\"PropertyValueSpecification\",\"valueRequired\":true,\"valueName\":\"search_term_string\"}}],\"inLanguage\":\"ru-RU\"}]}<\/script>\n<!-- \/ Yoast SEO plugin. -->","yoast_head_json":{"title":"\u0420\u043e\u0437\u043e\u0432\u0430\u044f \u0441\u043f\u044f\u0449\u0430\u044f \u0440\u043e\u0437\u0430 \u0432 \u0442\u044e\u0431\u0438\u043a\u0435 | \u0420\u043e\u043c\u0430\u043d\u0442\u0438\u0447\u0435\u0441\u043a\u0438\u0435 \u043f\u043e\u0434\u0430\u0440\u043a\u0438 | Gintar\u0117s G\u0117l\u0117s","description":"\u0421\u0442\u0430\u0431\u0438\u043b\u0438\u0437\u0438\u0440\u043e\u0432\u0430\u043d\u043d\u044b\u0435 \u0441\u043f\u044f\u0449\u0438\u0435 \u0440\u043e\u0437\u043e\u0432\u044b\u0435 \u0446\u0432\u0435\u0442\u043a\u0438 - \u044d\u0442\u043e \u043d\u0430\u0441\u044b\u0449\u0435\u043d\u043d\u044b\u0435 \u0440\u043e\u0437\u043e\u0432\u044b\u0435 \u0431\u0430\u043b\u044c\u0437\u0430\u043c\u0438\u0440\u043e\u0432\u0430\u043d\u043d\u044b\u0435 \u0446\u0432\u0435\u0442\u044b. \u0420\u043e\u0437\u0430 \u043c\u043e\u0436\u0435\u0442 \u0431\u044b\u0442\u044c \u043f\u043e\u043c\u0435\u0449\u0435\u043d\u0430 \u0432 \u043a\u043e\u0440\u043e\u0431\u043a\u0443 \u043d\u0430 \u0432\u0430\u0448 \u0432\u044b\u0431\u043e\u0440.","robots":{"index":"index","follow":"follow","max-snippet":"max-snippet:-1","max-image-preview":"max-image-preview:large","max-video-preview":"max-video-preview:-1"},"canonical":"https:\/\/www.gintaresgeles.lt\/ru\/puokste\/%d1%80%d0%be%d0%b7%d0%be%d0%b2%d0%b0%d1%8f-%d1%81%d0%bf%d1%8f%d1%89%d0%b0%d1%8f-%d1%80%d0%be%d0%b7%d0%b0-%d0%b2-%d1%82%d1%8e%d0%b1%d0%b8%d0%ba%d0%b5\/","og_locale":"ru_RU","og_type":"article","og_title":"\u0420\u043e\u0437\u043e\u0432\u0430\u044f \u0441\u043f\u044f\u0449\u0430\u044f \u0440\u043e\u0437\u0430 \u0432 \u0442\u044e\u0431\u0438\u043a\u0435 | \u0420\u043e\u043c\u0430\u043d\u0442\u0438\u0447\u0435\u0441\u043a\u0438\u0435 \u043f\u043e\u0434\u0430\u0440\u043a\u0438 | Gintar\u0117s G\u0117l\u0117s","og_description":"\u0421\u0442\u0430\u0431\u0438\u043b\u0438\u0437\u0438\u0440\u043e\u0432\u0430\u043d\u043d\u044b\u0435 \u0441\u043f\u044f\u0449\u0438\u0435 \u0440\u043e\u0437\u043e\u0432\u044b\u0435 \u0446\u0432\u0435\u0442\u043a\u0438 - \u044d\u0442\u043e \u043d\u0430\u0441\u044b\u0449\u0435\u043d\u043d\u044b\u0435 \u0440\u043e\u0437\u043e\u0432\u044b\u0435 \u0431\u0430\u043b\u044c\u0437\u0430\u043c\u0438\u0440\u043e\u0432\u0430\u043d\u043d\u044b\u0435 \u0446\u0432\u0435\u0442\u044b. \u0420\u043e\u0437\u0430 \u043c\u043e\u0436\u0435\u0442 \u0431\u044b\u0442\u044c \u043f\u043e\u043c\u0435\u0449\u0435\u043d\u0430 \u0432 \u043a\u043e\u0440\u043e\u0431\u043a\u0443 \u043d\u0430 \u0432\u0430\u0448 \u0432\u044b\u0431\u043e\u0440.","og_url":"https:\/\/www.gintaresgeles.lt\/ru\/puokste\/%d1%80%d0%be%d0%b7%d0%be%d0%b2%d0%b0%d1%8f-%d1%81%d0%bf%d1%8f%d1%89%d0%b0%d1%8f-%d1%80%d0%be%d0%b7%d0%b0-%d0%b2-%d1%82%d1%8e%d0%b1%d0%b8%d0%ba%d0%b5\/","og_site_name":"gintaresgeles.lt","article_modified_time":"2024-03-06T16:12:02+00:00","og_image":[{"width":600,"height":600,"url":"https:\/\/www.gintaresgeles.lt\/wp-content\/uploads\/2019\/02\/miegancios-rozes-rozines-spalvos.jpg","type":"image\/jpeg"}],"twitter_card":"summary_large_image","schema":{"@context":"https:\/\/schema.org","@graph":[{"@type":"WebPage","@id":"https:\/\/www.gintaresgeles.lt\/ru\/puokste\/%d1%80%d0%be%d0%b7%d0%be%d0%b2%d0%b0%d1%8f-%d1%81%d0%bf%d1%8f%d1%89%d0%b0%d1%8f-%d1%80%d0%be%d0%b7%d0%b0-%d0%b2-%d1%82%d1%8e%d0%b1%d0%b8%d0%ba%d0%b5\/","url":"https:\/\/www.gintaresgeles.lt\/ru\/puokste\/%d1%80%d0%be%d0%b7%d0%be%d0%b2%d0%b0%d1%8f-%d1%81%d0%bf%d1%8f%d1%89%d0%b0%d1%8f-%d1%80%d0%be%d0%b7%d0%b0-%d0%b2-%d1%82%d1%8e%d0%b1%d0%b8%d0%ba%d0%b5\/","name":"\u0420\u043e\u0437\u043e\u0432\u0430\u044f \u0441\u043f\u044f\u0449\u0430\u044f \u0440\u043e\u0437\u0430 \u0432 \u0442\u044e\u0431\u0438\u043a\u0435 | \u0420\u043e\u043c\u0430\u043d\u0442\u0438\u0447\u0435\u0441\u043a\u0438\u0435 \u043f\u043e\u0434\u0430\u0440\u043a\u0438 | Gintar\u0117s G\u0117l\u0117s","isPartOf":{"@id":"https:\/\/www.gintaresgeles.lt\/ru\/#website"},"primaryImageOfPage":{"@id":"https:\/\/www.gintaresgeles.lt\/ru\/puokste\/%d1%80%d0%be%d0%b7%d0%be%d0%b2%d0%b0%d1%8f-%d1%81%d0%bf%d1%8f%d1%89%d0%b0%d1%8f-%d1%80%d0%be%d0%b7%d0%b0-%d0%b2-%d1%82%d1%8e%d0%b1%d0%b8%d0%ba%d0%b5\/#primaryimage"},"image":{"@id":"https:\/\/www.gintaresgeles.lt\/ru\/puokste\/%d1%80%d0%be%d0%b7%d0%be%d0%b2%d0%b0%d1%8f-%d1%81%d0%bf%d1%8f%d1%89%d0%b0%d1%8f-%d1%80%d0%be%d0%b7%d0%b0-%d0%b2-%d1%82%d1%8e%d0%b1%d0%b8%d0%ba%d0%b5\/#primaryimage"},"thumbnailUrl":"https:\/\/www.gintaresgeles.lt\/wp-content\/uploads\/2019\/02\/miegancios-rozes-rozines-spalvos.jpg","datePublished":"2019-02-04T10:55:51+00:00","dateModified":"2024-03-06T16:12:02+00:00","description":"\u0421\u0442\u0430\u0431\u0438\u043b\u0438\u0437\u0438\u0440\u043e\u0432\u0430\u043d\u043d\u044b\u0435 \u0441\u043f\u044f\u0449\u0438\u0435 \u0440\u043e\u0437\u043e\u0432\u044b\u0435 \u0446\u0432\u0435\u0442\u043a\u0438 - \u044d\u0442\u043e \u043d\u0430\u0441\u044b\u0449\u0435\u043d\u043d\u044b\u0435 \u0440\u043e\u0437\u043e\u0432\u044b\u0435 \u0431\u0430\u043b\u044c\u0437\u0430\u043c\u0438\u0440\u043e\u0432\u0430\u043d\u043d\u044b\u0435 \u0446\u0432\u0435\u0442\u044b. \u0420\u043e\u0437\u0430 \u043c\u043e\u0436\u0435\u0442 \u0431\u044b\u0442\u044c \u043f\u043e\u043c\u0435\u0449\u0435\u043d\u0430 \u0432 \u043a\u043e\u0440\u043e\u0431\u043a\u0443 \u043d\u0430 \u0432\u0430\u0448 \u0432\u044b\u0431\u043e\u0440.","breadcrumb":{"@id":"https:\/\/www.gintaresgeles.lt\/ru\/puokste\/%d1%80%d0%be%d0%b7%d0%be%d0%b2%d0%b0%d1%8f-%d1%81%d0%bf%d1%8f%d1%89%d0%b0%d1%8f-%d1%80%d0%be%d0%b7%d0%b0-%d0%b2-%d1%82%d1%8e%d0%b1%d0%b8%d0%ba%d0%b5\/#breadcrumb"},"inLanguage":"ru-RU","potentialAction":[{"@type":"ReadAction","target":["https:\/\/www.gintaresgeles.lt\/ru\/puokste\/%d1%80%d0%be%d0%b7%d0%be%d0%b2%d0%b0%d1%8f-%d1%81%d0%bf%d1%8f%d1%89%d0%b0%d1%8f-%d1%80%d0%be%d0%b7%d0%b0-%d0%b2-%d1%82%d1%8e%d0%b1%d0%b8%d0%ba%d0%b5\/"]}]},{"@type":"ImageObject","inLanguage":"ru-RU","@id":"https:\/\/www.gintaresgeles.lt\/ru\/puokste\/%d1%80%d0%be%d0%b7%d0%be%d0%b2%d0%b0%d1%8f-%d1%81%d0%bf%d1%8f%d1%89%d0%b0%d1%8f-%d1%80%d0%be%d0%b7%d0%b0-%d0%b2-%d1%82%d1%8e%d0%b1%d0%b8%d0%ba%d0%b5\/#primaryimage","url":"https:\/\/www.gintaresgeles.lt\/wp-content\/uploads\/2019\/02\/miegancios-rozes-rozines-spalvos.jpg","contentUrl":"https:\/\/www.gintaresgeles.lt\/wp-content\/uploads\/2019\/02\/miegancios-rozes-rozines-spalvos.jpg","width":600,"height":600,"caption":"\u0420\u043e\u0437\u043e\u0432\u0430\u044f \u0441\u0442\u0430\u0431\u0438\u043b\u0438\u0437\u0438\u0440\u043e\u0432\u0430\u043d\u043d\u0430\u044f \u0440\u043e\u0437\u0430 \u0432 \u043f\u0440\u043e\u0431\u0438\u0440\u043a\u0435"},{"@type":"BreadcrumbList","@id":"https:\/\/www.gintaresgeles.lt\/ru\/puokste\/%d1%80%d0%be%d0%b7%d0%be%d0%b2%d0%b0%d1%8f-%d1%81%d0%bf%d1%8f%d1%89%d0%b0%d1%8f-%d1%80%d0%be%d0%b7%d0%b0-%d0%b2-%d1%82%d1%8e%d0%b1%d0%b8%d0%ba%d0%b5\/#breadcrumb","itemListElement":[{"@type":"ListItem","position":1,"name":"Prad\u017eia","item":"https:\/\/www.gintaresgeles.lt\/ru\/"},{"@type":"ListItem","position":2,"name":"\u0412\u0441\u0435 \u0446\u0432\u0435\u0442\u044b \u0438 \u0434\u0440\u0443\u0433\u0438\u0435 \u043f\u0440\u043e\u0434\u0443\u043a\u0442\u044b","item":"https:\/\/www.gintaresgeles.lt\/ru\/vse-cvety-i-drugie-produkty\/"},{"@type":"ListItem","position":3,"name":"\u0420\u043e\u0437\u043e\u0432\u0430\u044f \u0441\u043f\u044f\u0449\u0430\u044f \u0440\u043e\u0437\u0430 \u0432 \u0442\u044e\u0431\u0438\u043a\u0435"}]},{"@type":"WebSite","@id":"https:\/\/www.gintaresgeles.lt\/ru\/#website","url":"https:\/\/www.gintaresgeles.lt\/ru\/","name":"gintaresgeles.lt","description":"G\u0117li\u0173 parduotuv\u0117 internete","potentialAction":[{"@type":"SearchAction","target":{"@type":"EntryPoint","urlTemplate":"https:\/\/www.gintaresgeles.lt\/ru\/?s={search_term_string}"},"query-input":{"@type":"PropertyValueSpecification","valueRequired":true,"valueName":"search_term_string"}}],"inLanguage":"ru-RU"}]}},"_links":{"self":[{"href":"https:\/\/www.gintaresgeles.lt\/ru\/wp-json\/wp\/v2\/product\/26438","targetHints":{"allow":["GET"]}}],"collection":[{"href":"https:\/\/www.gintaresgeles.lt\/ru\/wp-json\/wp\/v2\/product"}],"about":[{"href":"https:\/\/www.gintaresgeles.lt\/ru\/wp-json\/wp\/v2\/types\/product"}],"wp:featuredmedia":[{"embeddable":true,"href":"https:\/\/www.gintaresgeles.lt\/ru\/wp-json\/wp\/v2\/media\/26401"}],"wp:attachment":[{"href":"https:\/\/www.gintaresgeles.lt\/ru\/wp-json\/wp\/v2\/media?parent=26438"}],"wp:term":[{"taxonomy":"product_brand","embeddable":true,"href":"https:\/\/www.gintaresgeles.lt\/ru\/wp-json\/wp\/v2\/product_brand?post=26438"},{"taxonomy":"product_cat","embeddable":true,"href":"https:\/\/www.gintaresgeles.lt\/ru\/wp-json\/wp\/v2\/product_cat?post=26438"},{"taxonomy":"product_tag","embeddable":true,"href":"https:\/\/www.gintaresgeles.lt\/ru\/wp-json\/wp\/v2\/product_tag?post=26438"}],"curies":[{"name":"wp","href":"https:\/\/api.w.org\/{rel}","templated":true}]}}