{"id":26500,"date":"2018-04-05T11:48:18","date_gmt":"2018-04-05T13:48:18","guid":{"rendered":"https:\/\/www.gintaresgeles.lt\/puokste\/%d1%84%d0%be%d0%bb%d1%8c%d0%b3%d0%b0-%d0%b6%d0%b5%d0%bb%d1%82%d0%be%d0%b3%d0%be-%d0%b3%d0%b5%d0%bb%d0%b8%d0%b5%d0%b2%d0%be%d0%b3%d0%be-%d1%88%d0%b0%d1%80%d0%b0-%d0%bf%d1%80%d0%b8%d0%b2%d0%b5%d1%82\/"},"modified":"2019-11-09T08:29:54","modified_gmt":"2019-11-09T10:29:54","slug":"%d1%84%d0%be%d0%bb%d1%8c%d0%b3%d0%b0-%d0%b6%d0%b5%d0%bb%d1%82%d0%be%d0%b3%d0%be-%d0%b3%d0%b5%d0%bb%d0%b8%d0%b5%d0%b2%d0%be%d0%b3%d0%be-%d1%88%d0%b0%d1%80%d0%b0-%d0%bf%d1%80%d0%b8%d0%b2%d0%b5%d1%82","status":"publish","type":"product","link":"https:\/\/www.gintaresgeles.lt\/ru\/puokste\/%d1%84%d0%be%d0%bb%d1%8c%d0%b3%d0%b0-%d0%b6%d0%b5%d0%bb%d1%82%d0%be%d0%b3%d0%be-%d0%b3%d0%b5%d0%bb%d0%b8%d0%b5%d0%b2%d0%be%d0%b3%d0%be-%d1%88%d0%b0%d1%80%d0%b0-%d0%bf%d1%80%d0%b8%d0%b2%d0%b5%d1%82\/","title":{"rendered":"\u0424\u043e\u043b\u044c\u0433\u0430 \u0436\u0435\u043b\u0442\u043e\u0433\u043e \u0433\u0435\u043b\u0438\u0435\u0432\u043e\u0433\u043e \u0448\u0430\u0440\u0430 &#171;\u041f\u0440\u0438\u0432\u0435\u0442 \u0432\u044b\u043f\u0443\u0441\u043a\u043d\u0438\u043a\u0443!&#187;"},"content":{"rendered":"<p>Wonderful Occasion &#8212; \u041d\u0430 \u0432\u044b\u043f\u0443\u0441\u043a\u043d\u043e\u043c \u043f\u043e\u043f\u0440\u0438\u0432\u0435\u0442\u0441\u0442\u0432\u0443\u0439\u0442\u0435 \u043b\u044e\u0431\u0438\u043c\u043e\u0433\u043e \u0447\u0435\u043b\u043e\u0432\u0435\u043a\u0430 \u0438\u043b\u0438 \u0434\u0440\u0443\u0433\u0430 \u0438 \u043f\u043e\u0434\u0430\u0440\u0438\u0442\u0435 \u044f\u0440\u043a\u043e \u043e\u043a\u0440\u0430\u0448\u0435\u043d\u043d\u044b\u0439 \u043a\u0440\u0443\u0433\u043b\u044b\u0439 \u0433\u0435\u043b\u0438\u0435\u0432\u044b\u0439 \u0448\u0430\u0440\u0438\u043a. \u0412\u043e\u0437\u0434\u0443\u0448\u043d\u044b\u0439 \u0448\u0430\u0440 \u0443\u043a\u0440\u0430\u0448\u0435\u043d \u0440\u0430\u0437\u043b\u0438\u0447\u043d\u044b\u043c\u0438 \u0443\u0437\u043e\u0440\u0430\u043c\u0438 \u0441 \u0430\u043d\u0433\u043b\u0438\u0439\u0441\u043a\u0438\u043c \u0442\u0435\u043a\u0441\u0442\u043e\u043c \u00ab\u041f\u043e\u0437\u0434\u0440\u0430\u0432\u043b\u044f\u0435\u043c \u0432\u044b\u043f\u0443\u0441\u043a\u043d\u0438\u043a\u043e\u0432!\u00bb. \u042d\u0442\u043e\u0442 \u0432\u043e\u0437\u0434\u0443\u0448\u043d\u044b\u0439 \u0448\u0430\u0440 \u0431\u0443\u0434\u0435\u0442 \u043e\u0442\u043b\u0438\u0447\u043d\u043e \u0441\u043c\u043e\u0442\u0440\u0435\u0442\u044c\u0441\u044f \u043d\u0430 \u043b\u044e\u0431\u043e\u043c \u0446\u0432\u0435\u0442\u043a\u0435, \u043a\u043e\u0442\u043e\u0440\u044b\u0439 \u0432\u044b \u0432\u044b\u0431\u0435\u0440\u0435\u0442\u0435. \u0412\u043e\u0437\u0434\u0443\u0448\u043d\u044b\u0439 \u0448\u0430\u0440 \u043d\u0430\u0441\u0442\u043e\u043b\u044c\u043a\u043e \u0432\u0435\u043b\u0438\u043a\u043e\u043b\u0435\u043f\u0435\u043d \u0438 \u0432\u0435\u0441\u0435\u043b, \u0447\u0442\u043e \u0435\u0433\u043e \u043c\u043e\u0436\u043d\u043e \u043f\u043e\u0434\u0430\u0440\u0438\u0442\u044c \u043e\u0434\u043d\u043e\u043c\u0443. \u041c\u044b \u0434\u043e\u0441\u0442\u0430\u0432\u0438\u043c \u0432\u043e\u0437\u0434\u0443\u0448\u043d\u044b\u0439 \u0448\u0430\u0440 \u0441 \u043f\u0435\u0440\u0435\u0432\u044f\u0437\u0430\u043d\u043d\u043e\u0439 \u0446\u0432\u0435\u0442\u043d\u043e\u0439 \u043b\u0435\u043d\u0442\u043e\u0439.<\/p>\n","protected":false},"excerpt":{"rendered":"<p>\u0426\u0438\u043b\u0438\u043d\u0434\u0440 \u0434\u0438\u0430\u043c\u0435\u0442\u0440\u043e\u043c 46 \u0441\u043c. \u041a\u0443\u043f\u0438\u0442\u0435 \u0436\u0435\u043b\u0442\u044b\u0439 \u0433\u0435\u043b\u0438\u0435\u0432\u044b\u0439 \u0448\u0430\u0440\u0438\u043a \u00ab\u041f\u0440\u0438\u0432\u0435\u0442 \u0432\u044b\u043f\u0443\u0441\u043a\u043d\u0438\u043a\u0443\u00bb \u0438 \u043f\u043e\u0437\u0434\u0440\u0430\u0432\u044c\u0442\u0435 \u0432\u044b\u043f\u0443\u0441\u043a\u043d\u0438\u043a\u043e\u0432 \u043a\u0430\u043a \u043c\u0443\u0436\u0447\u0438\u043d, \u0442\u0430\u043a \u0438 \u0436\u0435\u043d\u0449\u0438\u043d.<\/p>\n","protected":false},"featured_media":26501,"template":"","meta":[],"product_brand":[],"product_cat":[957,1845],"product_tag":[],"class_list":{"0":"post-26500","1":"product","2":"type-product","3":"status-publish","4":"has-post-thumbnail","6":"product_cat-957","7":"product_cat-1845","8":"tm-has-options","10":"first","11":"outofstock","12":"taxable","13":"shipping-taxable","14":"purchasable","15":"product-type-simple"},"yoast_head":"<!-- This site is optimized with the Yoast SEO plugin v25.3 - https:\/\/yoast.com\/wordpress\/plugins\/seo\/ -->\n<title>\u0436\u0435\u043b\u0442\u044b\u0439 \u0433\u0435\u043b\u0438\u0435\u0432\u044b\u0439 \u0448\u0430\u0440\u0438\u043a \u00ab\u041f\u0440\u0438\u0432\u0435\u0442 \u0432\u044b\u043f\u0443\u0441\u043a\u043d\u0438\u043a\u0443!\u00bb | \u042f\u043d\u0442\u0430\u0440\u043d\u044b\u0435 \u0446\u0432\u0435\u0442\u044b<\/title>\n<meta name=\"description\" content=\"\u0412\u0435\u043b\u0438\u043a\u043e\u043b\u0435\u043f\u043d\u044b\u0439 \u0432\u043e\u0437\u0434\u0443\u0448\u043d\u044b\u0439 \u0448\u0430\u0440 \u0441 \u043d\u0430\u0434\u0443\u0442\u044b\u043c \u0433\u0435\u043b\u0438\u0435\u043c \u043d\u0430\u0434\u043f\u0438\u0441\u044c\u044e \u00ab\u041f\u043e\u0437\u0434\u0440\u0430\u0432\u043b\u044f\u0435\u043c \u0432\u044b\u043f\u0443\u0441\u043a\u043d\u0438\u043a\u0430!\u00bb - \u043e\u0442\u043b\u0438\u0447\u043d\u044b\u0439 \u043f\u043e\u0434\u0430\u0440\u043e\u043a \u0434\u043b\u044f \u0432\u044b\u043f\u0443\u0441\u043a\u043d\u0438\u043a\u0430 \u0446\u0432\u0435\u0442\u043e\u0447\u043d\u043e\u0439 \u0448\u043a\u043e\u043b\u044b. \u0415\u0441\u043b\u0438 \u0432\u044b \u0445\u043e\u0442\u0438\u0442\u0435 \u044d\u043a\u0441\u043a\u043b\u044e\u0437\u0438\u0432\u043d\u044b\u0439 \u0438 \u043d\u0435\u0437\u0430\u0431\u044b\u0432\u0430\u0435\u043c\u044b\u0439 \u043f\u043e\u0434\u0430\u0440\u043e\u043a, \u043f\u043e\u0434\u0430\u0440\u0438\u0442\u0435 \u044d\u0442\u043e\u0442 \u0448\u0430\u0440 \u0432\u043c\u0435\u0441\u0442\u0435 \u0441 \u0434\u0440\u0443\u0433\u0438\u043c\u0438 \u0440\u0430\u0437\u043d\u043e\u0446\u0432\u0435\u0442\u043d\u044b\u043c\u0438 \u0432\u043e\u0437\u0434\u0443\u0448\u043d\u044b\u043c\u0438 \u0448\u0430\u0440\u0438\u043a\u0430\u043c\u0438, \u043d\u0430\u043f\u043e\u043b\u043d\u0435\u043d\u043d\u044b\u043c\u0438 \u0433\u0435\u043b\u0438\u0435\u043c.\" \/>\n<meta name=\"robots\" content=\"index, follow, max-snippet:-1, max-image-preview:large, max-video-preview:-1\" \/>\n<link rel=\"canonical\" href=\"https:\/\/www.gintaresgeles.lt\/ru\/puokste\/%d1%84%d0%be%d0%bb%d1%8c%d0%b3%d0%b0-%d0%b6%d0%b5%d0%bb%d1%82%d0%be%d0%b3%d0%be-%d0%b3%d0%b5%d0%bb%d0%b8%d0%b5%d0%b2%d0%be%d0%b3%d0%be-%d1%88%d0%b0%d1%80%d0%b0-%d0%bf%d1%80%d0%b8%d0%b2%d0%b5%d1%82\/\" \/>\n<meta property=\"og:locale\" content=\"ru_RU\" \/>\n<meta property=\"og:type\" content=\"article\" \/>\n<meta property=\"og:title\" content=\"\u0436\u0435\u043b\u0442\u044b\u0439 \u0433\u0435\u043b\u0438\u0435\u0432\u044b\u0439 \u0448\u0430\u0440\u0438\u043a \u00ab\u041f\u0440\u0438\u0432\u0435\u0442 \u0432\u044b\u043f\u0443\u0441\u043a\u043d\u0438\u043a\u0443!\u00bb | \u042f\u043d\u0442\u0430\u0440\u043d\u044b\u0435 \u0446\u0432\u0435\u0442\u044b\" \/>\n<meta property=\"og:description\" content=\"\u0412\u0435\u043b\u0438\u043a\u043e\u043b\u0435\u043f\u043d\u044b\u0439 \u0432\u043e\u0437\u0434\u0443\u0448\u043d\u044b\u0439 \u0448\u0430\u0440 \u0441 \u043d\u0430\u0434\u0443\u0442\u044b\u043c \u0433\u0435\u043b\u0438\u0435\u043c \u043d\u0430\u0434\u043f\u0438\u0441\u044c\u044e \u00ab\u041f\u043e\u0437\u0434\u0440\u0430\u0432\u043b\u044f\u0435\u043c \u0432\u044b\u043f\u0443\u0441\u043a\u043d\u0438\u043a\u0430!\u00bb - \u043e\u0442\u043b\u0438\u0447\u043d\u044b\u0439 \u043f\u043e\u0434\u0430\u0440\u043e\u043a \u0434\u043b\u044f \u0432\u044b\u043f\u0443\u0441\u043a\u043d\u0438\u043a\u0430 \u0446\u0432\u0435\u0442\u043e\u0447\u043d\u043e\u0439 \u0448\u043a\u043e\u043b\u044b. \u0415\u0441\u043b\u0438 \u0432\u044b \u0445\u043e\u0442\u0438\u0442\u0435 \u044d\u043a\u0441\u043a\u043b\u044e\u0437\u0438\u0432\u043d\u044b\u0439 \u0438 \u043d\u0435\u0437\u0430\u0431\u044b\u0432\u0430\u0435\u043c\u044b\u0439 \u043f\u043e\u0434\u0430\u0440\u043e\u043a, \u043f\u043e\u0434\u0430\u0440\u0438\u0442\u0435 \u044d\u0442\u043e\u0442 \u0448\u0430\u0440 \u0432\u043c\u0435\u0441\u0442\u0435 \u0441 \u0434\u0440\u0443\u0433\u0438\u043c\u0438 \u0440\u0430\u0437\u043d\u043e\u0446\u0432\u0435\u0442\u043d\u044b\u043c\u0438 \u0432\u043e\u0437\u0434\u0443\u0448\u043d\u044b\u043c\u0438 \u0448\u0430\u0440\u0438\u043a\u0430\u043c\u0438, \u043d\u0430\u043f\u043e\u043b\u043d\u0435\u043d\u043d\u044b\u043c\u0438 \u0433\u0435\u043b\u0438\u0435\u043c.\" \/>\n<meta property=\"og:url\" content=\"https:\/\/www.gintaresgeles.lt\/ru\/puokste\/%d1%84%d0%be%d0%bb%d1%8c%d0%b3%d0%b0-%d0%b6%d0%b5%d0%bb%d1%82%d0%be%d0%b3%d0%be-%d0%b3%d0%b5%d0%bb%d0%b8%d0%b5%d0%b2%d0%be%d0%b3%d0%be-%d1%88%d0%b0%d1%80%d0%b0-%d0%bf%d1%80%d0%b8%d0%b2%d0%b5%d1%82\/\" \/>\n<meta property=\"og:site_name\" content=\"gintaresgeles.lt\" \/>\n<meta property=\"article:modified_time\" content=\"2019-11-09T10:29:54+00:00\" \/>\n<meta property=\"og:image\" content=\"https:\/\/www.gintaresgeles.lt\/wp-content\/uploads\/2018\/04\/folinis-geltonas-balionas-absolventas.jpg\" \/>\n\t<meta property=\"og:image:width\" content=\"600\" \/>\n\t<meta property=\"og:image:height\" content=\"600\" \/>\n\t<meta property=\"og:image:type\" content=\"image\/jpeg\" \/>\n<meta name=\"twitter:card\" content=\"summary_large_image\" \/>\n<script type=\"application\/ld+json\" class=\"yoast-schema-graph\">{\"@context\":\"https:\/\/schema.org\",\"@graph\":[{\"@type\":\"WebPage\",\"@id\":\"https:\/\/www.gintaresgeles.lt\/ru\/puokste\/%d1%84%d0%be%d0%bb%d1%8c%d0%b3%d0%b0-%d0%b6%d0%b5%d0%bb%d1%82%d0%be%d0%b3%d0%be-%d0%b3%d0%b5%d0%bb%d0%b8%d0%b5%d0%b2%d0%be%d0%b3%d0%be-%d1%88%d0%b0%d1%80%d0%b0-%d0%bf%d1%80%d0%b8%d0%b2%d0%b5%d1%82\/\",\"url\":\"https:\/\/www.gintaresgeles.lt\/ru\/puokste\/%d1%84%d0%be%d0%bb%d1%8c%d0%b3%d0%b0-%d0%b6%d0%b5%d0%bb%d1%82%d0%be%d0%b3%d0%be-%d0%b3%d0%b5%d0%bb%d0%b8%d0%b5%d0%b2%d0%be%d0%b3%d0%be-%d1%88%d0%b0%d1%80%d0%b0-%d0%bf%d1%80%d0%b8%d0%b2%d0%b5%d1%82\/\",\"name\":\"\u0436\u0435\u043b\u0442\u044b\u0439 \u0433\u0435\u043b\u0438\u0435\u0432\u044b\u0439 \u0448\u0430\u0440\u0438\u043a \u00ab\u041f\u0440\u0438\u0432\u0435\u0442 \u0432\u044b\u043f\u0443\u0441\u043a\u043d\u0438\u043a\u0443!\u00bb | \u042f\u043d\u0442\u0430\u0440\u043d\u044b\u0435 \u0446\u0432\u0435\u0442\u044b\",\"isPartOf\":{\"@id\":\"https:\/\/www.gintaresgeles.lt\/ru\/#website\"},\"primaryImageOfPage\":{\"@id\":\"https:\/\/www.gintaresgeles.lt\/ru\/puokste\/%d1%84%d0%be%d0%bb%d1%8c%d0%b3%d0%b0-%d0%b6%d0%b5%d0%bb%d1%82%d0%be%d0%b3%d0%be-%d0%b3%d0%b5%d0%bb%d0%b8%d0%b5%d0%b2%d0%be%d0%b3%d0%be-%d1%88%d0%b0%d1%80%d0%b0-%d0%bf%d1%80%d0%b8%d0%b2%d0%b5%d1%82\/#primaryimage\"},\"image\":{\"@id\":\"https:\/\/www.gintaresgeles.lt\/ru\/puokste\/%d1%84%d0%be%d0%bb%d1%8c%d0%b3%d0%b0-%d0%b6%d0%b5%d0%bb%d1%82%d0%be%d0%b3%d0%be-%d0%b3%d0%b5%d0%bb%d0%b8%d0%b5%d0%b2%d0%be%d0%b3%d0%be-%d1%88%d0%b0%d1%80%d0%b0-%d0%bf%d1%80%d0%b8%d0%b2%d0%b5%d1%82\/#primaryimage\"},\"thumbnailUrl\":\"https:\/\/www.gintaresgeles.lt\/wp-content\/uploads\/2018\/04\/folinis-geltonas-balionas-absolventas.jpg\",\"datePublished\":\"2018-04-05T13:48:18+00:00\",\"dateModified\":\"2019-11-09T10:29:54+00:00\",\"description\":\"\u0412\u0435\u043b\u0438\u043a\u043e\u043b\u0435\u043f\u043d\u044b\u0439 \u0432\u043e\u0437\u0434\u0443\u0448\u043d\u044b\u0439 \u0448\u0430\u0440 \u0441 \u043d\u0430\u0434\u0443\u0442\u044b\u043c \u0433\u0435\u043b\u0438\u0435\u043c \u043d\u0430\u0434\u043f\u0438\u0441\u044c\u044e \u00ab\u041f\u043e\u0437\u0434\u0440\u0430\u0432\u043b\u044f\u0435\u043c \u0432\u044b\u043f\u0443\u0441\u043a\u043d\u0438\u043a\u0430!\u00bb - \u043e\u0442\u043b\u0438\u0447\u043d\u044b\u0439 \u043f\u043e\u0434\u0430\u0440\u043e\u043a \u0434\u043b\u044f \u0432\u044b\u043f\u0443\u0441\u043a\u043d\u0438\u043a\u0430 \u0446\u0432\u0435\u0442\u043e\u0447\u043d\u043e\u0439 \u0448\u043a\u043e\u043b\u044b. \u0415\u0441\u043b\u0438 \u0432\u044b \u0445\u043e\u0442\u0438\u0442\u0435 \u044d\u043a\u0441\u043a\u043b\u044e\u0437\u0438\u0432\u043d\u044b\u0439 \u0438 \u043d\u0435\u0437\u0430\u0431\u044b\u0432\u0430\u0435\u043c\u044b\u0439 \u043f\u043e\u0434\u0430\u0440\u043e\u043a, \u043f\u043e\u0434\u0430\u0440\u0438\u0442\u0435 \u044d\u0442\u043e\u0442 \u0448\u0430\u0440 \u0432\u043c\u0435\u0441\u0442\u0435 \u0441 \u0434\u0440\u0443\u0433\u0438\u043c\u0438 \u0440\u0430\u0437\u043d\u043e\u0446\u0432\u0435\u0442\u043d\u044b\u043c\u0438 \u0432\u043e\u0437\u0434\u0443\u0448\u043d\u044b\u043c\u0438 \u0448\u0430\u0440\u0438\u043a\u0430\u043c\u0438, \u043d\u0430\u043f\u043e\u043b\u043d\u0435\u043d\u043d\u044b\u043c\u0438 \u0433\u0435\u043b\u0438\u0435\u043c.\",\"breadcrumb\":{\"@id\":\"https:\/\/www.gintaresgeles.lt\/ru\/puokste\/%d1%84%d0%be%d0%bb%d1%8c%d0%b3%d0%b0-%d0%b6%d0%b5%d0%bb%d1%82%d0%be%d0%b3%d0%be-%d0%b3%d0%b5%d0%bb%d0%b8%d0%b5%d0%b2%d0%be%d0%b3%d0%be-%d1%88%d0%b0%d1%80%d0%b0-%d0%bf%d1%80%d0%b8%d0%b2%d0%b5%d1%82\/#breadcrumb\"},\"inLanguage\":\"ru-RU\",\"potentialAction\":[{\"@type\":\"ReadAction\",\"target\":[\"https:\/\/www.gintaresgeles.lt\/ru\/puokste\/%d1%84%d0%be%d0%bb%d1%8c%d0%b3%d0%b0-%d0%b6%d0%b5%d0%bb%d1%82%d0%be%d0%b3%d0%be-%d0%b3%d0%b5%d0%bb%d0%b8%d0%b5%d0%b2%d0%be%d0%b3%d0%be-%d1%88%d0%b0%d1%80%d0%b0-%d0%bf%d1%80%d0%b8%d0%b2%d0%b5%d1%82\/\"]}]},{\"@type\":\"ImageObject\",\"inLanguage\":\"ru-RU\",\"@id\":\"https:\/\/www.gintaresgeles.lt\/ru\/puokste\/%d1%84%d0%be%d0%bb%d1%8c%d0%b3%d0%b0-%d0%b6%d0%b5%d0%bb%d1%82%d0%be%d0%b3%d0%be-%d0%b3%d0%b5%d0%bb%d0%b8%d0%b5%d0%b2%d0%be%d0%b3%d0%be-%d1%88%d0%b0%d1%80%d0%b0-%d0%bf%d1%80%d0%b8%d0%b2%d0%b5%d1%82\/#primaryimage\",\"url\":\"https:\/\/www.gintaresgeles.lt\/wp-content\/uploads\/2018\/04\/folinis-geltonas-balionas-absolventas.jpg\",\"contentUrl\":\"https:\/\/www.gintaresgeles.lt\/wp-content\/uploads\/2018\/04\/folinis-geltonas-balionas-absolventas.jpg\",\"width\":600,\"height\":600},{\"@type\":\"BreadcrumbList\",\"@id\":\"https:\/\/www.gintaresgeles.lt\/ru\/puokste\/%d1%84%d0%be%d0%bb%d1%8c%d0%b3%d0%b0-%d0%b6%d0%b5%d0%bb%d1%82%d0%be%d0%b3%d0%be-%d0%b3%d0%b5%d0%bb%d0%b8%d0%b5%d0%b2%d0%be%d0%b3%d0%be-%d1%88%d0%b0%d1%80%d0%b0-%d0%bf%d1%80%d0%b8%d0%b2%d0%b5%d1%82\/#breadcrumb\",\"itemListElement\":[{\"@type\":\"ListItem\",\"position\":1,\"name\":\"Prad\u017eia\",\"item\":\"https:\/\/www.gintaresgeles.lt\/ru\/\"},{\"@type\":\"ListItem\",\"position\":2,\"name\":\"\u0412\u0441\u0435 \u0446\u0432\u0435\u0442\u044b \u0438 \u0434\u0440\u0443\u0433\u0438\u0435 \u043f\u0440\u043e\u0434\u0443\u043a\u0442\u044b\",\"item\":\"https:\/\/www.gintaresgeles.lt\/ru\/vse-cvety-i-drugie-produkty\/\"},{\"@type\":\"ListItem\",\"position\":3,\"name\":\"\u0424\u043e\u043b\u044c\u0433\u0430 \u0436\u0435\u043b\u0442\u043e\u0433\u043e \u0433\u0435\u043b\u0438\u0435\u0432\u043e\u0433\u043e \u0448\u0430\u0440\u0430 &#171;\u041f\u0440\u0438\u0432\u0435\u0442 \u0432\u044b\u043f\u0443\u0441\u043a\u043d\u0438\u043a\u0443!&#187;\"}]},{\"@type\":\"WebSite\",\"@id\":\"https:\/\/www.gintaresgeles.lt\/ru\/#website\",\"url\":\"https:\/\/www.gintaresgeles.lt\/ru\/\",\"name\":\"gintaresgeles.lt\",\"description\":\"G\u0117li\u0173 parduotuv\u0117 internete\",\"potentialAction\":[{\"@type\":\"SearchAction\",\"target\":{\"@type\":\"EntryPoint\",\"urlTemplate\":\"https:\/\/www.gintaresgeles.lt\/ru\/?s={search_term_string}\"},\"query-input\":{\"@type\":\"PropertyValueSpecification\",\"valueRequired\":true,\"valueName\":\"search_term_string\"}}],\"inLanguage\":\"ru-RU\"}]}<\/script>\n<!-- \/ Yoast SEO plugin. -->","yoast_head_json":{"title":"\u0436\u0435\u043b\u0442\u044b\u0439 \u0433\u0435\u043b\u0438\u0435\u0432\u044b\u0439 \u0448\u0430\u0440\u0438\u043a \u00ab\u041f\u0440\u0438\u0432\u0435\u0442 \u0432\u044b\u043f\u0443\u0441\u043a\u043d\u0438\u043a\u0443!\u00bb | \u042f\u043d\u0442\u0430\u0440\u043d\u044b\u0435 \u0446\u0432\u0435\u0442\u044b","description":"\u0412\u0435\u043b\u0438\u043a\u043e\u043b\u0435\u043f\u043d\u044b\u0439 \u0432\u043e\u0437\u0434\u0443\u0448\u043d\u044b\u0439 \u0448\u0430\u0440 \u0441 \u043d\u0430\u0434\u0443\u0442\u044b\u043c \u0433\u0435\u043b\u0438\u0435\u043c \u043d\u0430\u0434\u043f\u0438\u0441\u044c\u044e \u00ab\u041f\u043e\u0437\u0434\u0440\u0430\u0432\u043b\u044f\u0435\u043c \u0432\u044b\u043f\u0443\u0441\u043a\u043d\u0438\u043a\u0430!\u00bb - \u043e\u0442\u043b\u0438\u0447\u043d\u044b\u0439 \u043f\u043e\u0434\u0430\u0440\u043e\u043a \u0434\u043b\u044f \u0432\u044b\u043f\u0443\u0441\u043a\u043d\u0438\u043a\u0430 \u0446\u0432\u0435\u0442\u043e\u0447\u043d\u043e\u0439 \u0448\u043a\u043e\u043b\u044b. \u0415\u0441\u043b\u0438 \u0432\u044b \u0445\u043e\u0442\u0438\u0442\u0435 \u044d\u043a\u0441\u043a\u043b\u044e\u0437\u0438\u0432\u043d\u044b\u0439 \u0438 \u043d\u0435\u0437\u0430\u0431\u044b\u0432\u0430\u0435\u043c\u044b\u0439 \u043f\u043e\u0434\u0430\u0440\u043e\u043a, \u043f\u043e\u0434\u0430\u0440\u0438\u0442\u0435 \u044d\u0442\u043e\u0442 \u0448\u0430\u0440 \u0432\u043c\u0435\u0441\u0442\u0435 \u0441 \u0434\u0440\u0443\u0433\u0438\u043c\u0438 \u0440\u0430\u0437\u043d\u043e\u0446\u0432\u0435\u0442\u043d\u044b\u043c\u0438 \u0432\u043e\u0437\u0434\u0443\u0448\u043d\u044b\u043c\u0438 \u0448\u0430\u0440\u0438\u043a\u0430\u043c\u0438, \u043d\u0430\u043f\u043e\u043b\u043d\u0435\u043d\u043d\u044b\u043c\u0438 \u0433\u0435\u043b\u0438\u0435\u043c.","robots":{"index":"index","follow":"follow","max-snippet":"max-snippet:-1","max-image-preview":"max-image-preview:large","max-video-preview":"max-video-preview:-1"},"canonical":"https:\/\/www.gintaresgeles.lt\/ru\/puokste\/%d1%84%d0%be%d0%bb%d1%8c%d0%b3%d0%b0-%d0%b6%d0%b5%d0%bb%d1%82%d0%be%d0%b3%d0%be-%d0%b3%d0%b5%d0%bb%d0%b8%d0%b5%d0%b2%d0%be%d0%b3%d0%be-%d1%88%d0%b0%d1%80%d0%b0-%d0%bf%d1%80%d0%b8%d0%b2%d0%b5%d1%82\/","og_locale":"ru_RU","og_type":"article","og_title":"\u0436\u0435\u043b\u0442\u044b\u0439 \u0433\u0435\u043b\u0438\u0435\u0432\u044b\u0439 \u0448\u0430\u0440\u0438\u043a \u00ab\u041f\u0440\u0438\u0432\u0435\u0442 \u0432\u044b\u043f\u0443\u0441\u043a\u043d\u0438\u043a\u0443!\u00bb | \u042f\u043d\u0442\u0430\u0440\u043d\u044b\u0435 \u0446\u0432\u0435\u0442\u044b","og_description":"\u0412\u0435\u043b\u0438\u043a\u043e\u043b\u0435\u043f\u043d\u044b\u0439 \u0432\u043e\u0437\u0434\u0443\u0448\u043d\u044b\u0439 \u0448\u0430\u0440 \u0441 \u043d\u0430\u0434\u0443\u0442\u044b\u043c \u0433\u0435\u043b\u0438\u0435\u043c \u043d\u0430\u0434\u043f\u0438\u0441\u044c\u044e \u00ab\u041f\u043e\u0437\u0434\u0440\u0430\u0432\u043b\u044f\u0435\u043c \u0432\u044b\u043f\u0443\u0441\u043a\u043d\u0438\u043a\u0430!\u00bb - \u043e\u0442\u043b\u0438\u0447\u043d\u044b\u0439 \u043f\u043e\u0434\u0430\u0440\u043e\u043a \u0434\u043b\u044f \u0432\u044b\u043f\u0443\u0441\u043a\u043d\u0438\u043a\u0430 \u0446\u0432\u0435\u0442\u043e\u0447\u043d\u043e\u0439 \u0448\u043a\u043e\u043b\u044b. \u0415\u0441\u043b\u0438 \u0432\u044b \u0445\u043e\u0442\u0438\u0442\u0435 \u044d\u043a\u0441\u043a\u043b\u044e\u0437\u0438\u0432\u043d\u044b\u0439 \u0438 \u043d\u0435\u0437\u0430\u0431\u044b\u0432\u0430\u0435\u043c\u044b\u0439 \u043f\u043e\u0434\u0430\u0440\u043e\u043a, \u043f\u043e\u0434\u0430\u0440\u0438\u0442\u0435 \u044d\u0442\u043e\u0442 \u0448\u0430\u0440 \u0432\u043c\u0435\u0441\u0442\u0435 \u0441 \u0434\u0440\u0443\u0433\u0438\u043c\u0438 \u0440\u0430\u0437\u043d\u043e\u0446\u0432\u0435\u0442\u043d\u044b\u043c\u0438 \u0432\u043e\u0437\u0434\u0443\u0448\u043d\u044b\u043c\u0438 \u0448\u0430\u0440\u0438\u043a\u0430\u043c\u0438, \u043d\u0430\u043f\u043e\u043b\u043d\u0435\u043d\u043d\u044b\u043c\u0438 \u0433\u0435\u043b\u0438\u0435\u043c.","og_url":"https:\/\/www.gintaresgeles.lt\/ru\/puokste\/%d1%84%d0%be%d0%bb%d1%8c%d0%b3%d0%b0-%d0%b6%d0%b5%d0%bb%d1%82%d0%be%d0%b3%d0%be-%d0%b3%d0%b5%d0%bb%d0%b8%d0%b5%d0%b2%d0%be%d0%b3%d0%be-%d1%88%d0%b0%d1%80%d0%b0-%d0%bf%d1%80%d0%b8%d0%b2%d0%b5%d1%82\/","og_site_name":"gintaresgeles.lt","article_modified_time":"2019-11-09T10:29:54+00:00","og_image":[{"width":600,"height":600,"url":"https:\/\/www.gintaresgeles.lt\/wp-content\/uploads\/2018\/04\/folinis-geltonas-balionas-absolventas.jpg","type":"image\/jpeg"}],"twitter_card":"summary_large_image","schema":{"@context":"https:\/\/schema.org","@graph":[{"@type":"WebPage","@id":"https:\/\/www.gintaresgeles.lt\/ru\/puokste\/%d1%84%d0%be%d0%bb%d1%8c%d0%b3%d0%b0-%d0%b6%d0%b5%d0%bb%d1%82%d0%be%d0%b3%d0%be-%d0%b3%d0%b5%d0%bb%d0%b8%d0%b5%d0%b2%d0%be%d0%b3%d0%be-%d1%88%d0%b0%d1%80%d0%b0-%d0%bf%d1%80%d0%b8%d0%b2%d0%b5%d1%82\/","url":"https:\/\/www.gintaresgeles.lt\/ru\/puokste\/%d1%84%d0%be%d0%bb%d1%8c%d0%b3%d0%b0-%d0%b6%d0%b5%d0%bb%d1%82%d0%be%d0%b3%d0%be-%d0%b3%d0%b5%d0%bb%d0%b8%d0%b5%d0%b2%d0%be%d0%b3%d0%be-%d1%88%d0%b0%d1%80%d0%b0-%d0%bf%d1%80%d0%b8%d0%b2%d0%b5%d1%82\/","name":"\u0436\u0435\u043b\u0442\u044b\u0439 \u0433\u0435\u043b\u0438\u0435\u0432\u044b\u0439 \u0448\u0430\u0440\u0438\u043a \u00ab\u041f\u0440\u0438\u0432\u0435\u0442 \u0432\u044b\u043f\u0443\u0441\u043a\u043d\u0438\u043a\u0443!\u00bb | \u042f\u043d\u0442\u0430\u0440\u043d\u044b\u0435 \u0446\u0432\u0435\u0442\u044b","isPartOf":{"@id":"https:\/\/www.gintaresgeles.lt\/ru\/#website"},"primaryImageOfPage":{"@id":"https:\/\/www.gintaresgeles.lt\/ru\/puokste\/%d1%84%d0%be%d0%bb%d1%8c%d0%b3%d0%b0-%d0%b6%d0%b5%d0%bb%d1%82%d0%be%d0%b3%d0%be-%d0%b3%d0%b5%d0%bb%d0%b8%d0%b5%d0%b2%d0%be%d0%b3%d0%be-%d1%88%d0%b0%d1%80%d0%b0-%d0%bf%d1%80%d0%b8%d0%b2%d0%b5%d1%82\/#primaryimage"},"image":{"@id":"https:\/\/www.gintaresgeles.lt\/ru\/puokste\/%d1%84%d0%be%d0%bb%d1%8c%d0%b3%d0%b0-%d0%b6%d0%b5%d0%bb%d1%82%d0%be%d0%b3%d0%be-%d0%b3%d0%b5%d0%bb%d0%b8%d0%b5%d0%b2%d0%be%d0%b3%d0%be-%d1%88%d0%b0%d1%80%d0%b0-%d0%bf%d1%80%d0%b8%d0%b2%d0%b5%d1%82\/#primaryimage"},"thumbnailUrl":"https:\/\/www.gintaresgeles.lt\/wp-content\/uploads\/2018\/04\/folinis-geltonas-balionas-absolventas.jpg","datePublished":"2018-04-05T13:48:18+00:00","dateModified":"2019-11-09T10:29:54+00:00","description":"\u0412\u0435\u043b\u0438\u043a\u043e\u043b\u0435\u043f\u043d\u044b\u0439 \u0432\u043e\u0437\u0434\u0443\u0448\u043d\u044b\u0439 \u0448\u0430\u0440 \u0441 \u043d\u0430\u0434\u0443\u0442\u044b\u043c \u0433\u0435\u043b\u0438\u0435\u043c \u043d\u0430\u0434\u043f\u0438\u0441\u044c\u044e \u00ab\u041f\u043e\u0437\u0434\u0440\u0430\u0432\u043b\u044f\u0435\u043c \u0432\u044b\u043f\u0443\u0441\u043a\u043d\u0438\u043a\u0430!\u00bb - \u043e\u0442\u043b\u0438\u0447\u043d\u044b\u0439 \u043f\u043e\u0434\u0430\u0440\u043e\u043a \u0434\u043b\u044f \u0432\u044b\u043f\u0443\u0441\u043a\u043d\u0438\u043a\u0430 \u0446\u0432\u0435\u0442\u043e\u0447\u043d\u043e\u0439 \u0448\u043a\u043e\u043b\u044b. \u0415\u0441\u043b\u0438 \u0432\u044b \u0445\u043e\u0442\u0438\u0442\u0435 \u044d\u043a\u0441\u043a\u043b\u044e\u0437\u0438\u0432\u043d\u044b\u0439 \u0438 \u043d\u0435\u0437\u0430\u0431\u044b\u0432\u0430\u0435\u043c\u044b\u0439 \u043f\u043e\u0434\u0430\u0440\u043e\u043a, \u043f\u043e\u0434\u0430\u0440\u0438\u0442\u0435 \u044d\u0442\u043e\u0442 \u0448\u0430\u0440 \u0432\u043c\u0435\u0441\u0442\u0435 \u0441 \u0434\u0440\u0443\u0433\u0438\u043c\u0438 \u0440\u0430\u0437\u043d\u043e\u0446\u0432\u0435\u0442\u043d\u044b\u043c\u0438 \u0432\u043e\u0437\u0434\u0443\u0448\u043d\u044b\u043c\u0438 \u0448\u0430\u0440\u0438\u043a\u0430\u043c\u0438, \u043d\u0430\u043f\u043e\u043b\u043d\u0435\u043d\u043d\u044b\u043c\u0438 \u0433\u0435\u043b\u0438\u0435\u043c.","breadcrumb":{"@id":"https:\/\/www.gintaresgeles.lt\/ru\/puokste\/%d1%84%d0%be%d0%bb%d1%8c%d0%b3%d0%b0-%d0%b6%d0%b5%d0%bb%d1%82%d0%be%d0%b3%d0%be-%d0%b3%d0%b5%d0%bb%d0%b8%d0%b5%d0%b2%d0%be%d0%b3%d0%be-%d1%88%d0%b0%d1%80%d0%b0-%d0%bf%d1%80%d0%b8%d0%b2%d0%b5%d1%82\/#breadcrumb"},"inLanguage":"ru-RU","potentialAction":[{"@type":"ReadAction","target":["https:\/\/www.gintaresgeles.lt\/ru\/puokste\/%d1%84%d0%be%d0%bb%d1%8c%d0%b3%d0%b0-%d0%b6%d0%b5%d0%bb%d1%82%d0%be%d0%b3%d0%be-%d0%b3%d0%b5%d0%bb%d0%b8%d0%b5%d0%b2%d0%be%d0%b3%d0%be-%d1%88%d0%b0%d1%80%d0%b0-%d0%bf%d1%80%d0%b8%d0%b2%d0%b5%d1%82\/"]}]},{"@type":"ImageObject","inLanguage":"ru-RU","@id":"https:\/\/www.gintaresgeles.lt\/ru\/puokste\/%d1%84%d0%be%d0%bb%d1%8c%d0%b3%d0%b0-%d0%b6%d0%b5%d0%bb%d1%82%d0%be%d0%b3%d0%be-%d0%b3%d0%b5%d0%bb%d0%b8%d0%b5%d0%b2%d0%be%d0%b3%d0%be-%d1%88%d0%b0%d1%80%d0%b0-%d0%bf%d1%80%d0%b8%d0%b2%d0%b5%d1%82\/#primaryimage","url":"https:\/\/www.gintaresgeles.lt\/wp-content\/uploads\/2018\/04\/folinis-geltonas-balionas-absolventas.jpg","contentUrl":"https:\/\/www.gintaresgeles.lt\/wp-content\/uploads\/2018\/04\/folinis-geltonas-balionas-absolventas.jpg","width":600,"height":600},{"@type":"BreadcrumbList","@id":"https:\/\/www.gintaresgeles.lt\/ru\/puokste\/%d1%84%d0%be%d0%bb%d1%8c%d0%b3%d0%b0-%d0%b6%d0%b5%d0%bb%d1%82%d0%be%d0%b3%d0%be-%d0%b3%d0%b5%d0%bb%d0%b8%d0%b5%d0%b2%d0%be%d0%b3%d0%be-%d1%88%d0%b0%d1%80%d0%b0-%d0%bf%d1%80%d0%b8%d0%b2%d0%b5%d1%82\/#breadcrumb","itemListElement":[{"@type":"ListItem","position":1,"name":"Prad\u017eia","item":"https:\/\/www.gintaresgeles.lt\/ru\/"},{"@type":"ListItem","position":2,"name":"\u0412\u0441\u0435 \u0446\u0432\u0435\u0442\u044b \u0438 \u0434\u0440\u0443\u0433\u0438\u0435 \u043f\u0440\u043e\u0434\u0443\u043a\u0442\u044b","item":"https:\/\/www.gintaresgeles.lt\/ru\/vse-cvety-i-drugie-produkty\/"},{"@type":"ListItem","position":3,"name":"\u0424\u043e\u043b\u044c\u0433\u0430 \u0436\u0435\u043b\u0442\u043e\u0433\u043e \u0433\u0435\u043b\u0438\u0435\u0432\u043e\u0433\u043e \u0448\u0430\u0440\u0430 &#171;\u041f\u0440\u0438\u0432\u0435\u0442 \u0432\u044b\u043f\u0443\u0441\u043a\u043d\u0438\u043a\u0443!&#187;"}]},{"@type":"WebSite","@id":"https:\/\/www.gintaresgeles.lt\/ru\/#website","url":"https:\/\/www.gintaresgeles.lt\/ru\/","name":"gintaresgeles.lt","description":"G\u0117li\u0173 parduotuv\u0117 internete","potentialAction":[{"@type":"SearchAction","target":{"@type":"EntryPoint","urlTemplate":"https:\/\/www.gintaresgeles.lt\/ru\/?s={search_term_string}"},"query-input":{"@type":"PropertyValueSpecification","valueRequired":true,"valueName":"search_term_string"}}],"inLanguage":"ru-RU"}]}},"_links":{"self":[{"href":"https:\/\/www.gintaresgeles.lt\/ru\/wp-json\/wp\/v2\/product\/26500","targetHints":{"allow":["GET"]}}],"collection":[{"href":"https:\/\/www.gintaresgeles.lt\/ru\/wp-json\/wp\/v2\/product"}],"about":[{"href":"https:\/\/www.gintaresgeles.lt\/ru\/wp-json\/wp\/v2\/types\/product"}],"wp:featuredmedia":[{"embeddable":true,"href":"https:\/\/www.gintaresgeles.lt\/ru\/wp-json\/wp\/v2\/media\/26501"}],"wp:attachment":[{"href":"https:\/\/www.gintaresgeles.lt\/ru\/wp-json\/wp\/v2\/media?parent=26500"}],"wp:term":[{"taxonomy":"product_brand","embeddable":true,"href":"https:\/\/www.gintaresgeles.lt\/ru\/wp-json\/wp\/v2\/product_brand?post=26500"},{"taxonomy":"product_cat","embeddable":true,"href":"https:\/\/www.gintaresgeles.lt\/ru\/wp-json\/wp\/v2\/product_cat?post=26500"},{"taxonomy":"product_tag","embeddable":true,"href":"https:\/\/www.gintaresgeles.lt\/ru\/wp-json\/wp\/v2\/product_tag?post=26500"}],"curies":[{"name":"wp","href":"https:\/\/api.w.org\/{rel}","templated":true}]}}