{"id":26696,"date":"2018-02-21T13:38:08","date_gmt":"2018-02-21T15:38:08","guid":{"rendered":"https:\/\/www.gintaresgeles.lt\/puokste\/%d0%b4%d0%b2%d1%83%d1%85%d1%86%d0%b2%d0%b5%d1%82%d0%bd%d0%b0%d1%8f-%d1%84%d1%80%d0%b5%d0%b7%d0%b8%d1%8f\/"},"modified":"2025-05-29T02:01:44","modified_gmt":"2025-05-29T00:01:44","slug":"%d0%b4%d0%b2%d1%83%d1%85%d1%86%d0%b2%d0%b5%d1%82%d0%bd%d0%b0%d1%8f-%d1%84%d1%80%d0%b5%d0%b7%d0%b8%d1%8f","status":"publish","type":"product","link":"https:\/\/www.gintaresgeles.lt\/ru\/puokste\/%d0%b4%d0%b2%d1%83%d1%85%d1%86%d0%b2%d0%b5%d1%82%d0%bd%d0%b0%d1%8f-%d1%84%d1%80%d0%b5%d0%b7%d0%b8%d1%8f\/","title":{"rendered":"\u0414\u0432\u0443\u0445\u0446\u0432\u0435\u0442\u043d\u0430\u044f \u0444\u0440\u0435\u0437\u0438\u044f"},"content":{"rendered":"<p>\u0425\u043e\u0442\u044f \u0444\u0440\u0435\u0437\u0438\u044f &#8212; \u043c\u0430\u043b\u0435\u043d\u044c\u043a\u0438\u0435 \u0438 \u043e\u0447\u0435\u043d\u044c \u043d\u0435\u0436\u043d\u044b\u0435 \u0446\u0432\u0435\u0442\u044b, \u0438\u0445 \u043a\u0440\u0430\u0441\u043e\u0442\u0430 \u0438 \u043f\u0440\u0435\u043a\u0440\u0430\u0441\u043d\u044b\u0439 \u0430\u0440\u043e\u043c\u0430\u0442 \u0434\u0435\u043b\u0430\u044e\u0442 \u044d\u0442\u0438 \u0446\u0432\u0435\u0442\u044b \u043e\u0447\u0430\u0440\u043e\u0432\u0430\u0442\u0435\u043b\u044c\u043d\u044b\u043c\u0438. \u041f\u0440\u0435\u0437\u0435\u043d\u0442\u0430\u0446\u0438\u044f \u0444\u0440\u0435\u0437\u0438\u0438 \u0432 \u043a\u043e\u0440\u043e\u0431\u043a\u0435 \u0432\u044b\u0433\u043b\u044f\u0434\u0438\u0442 \u0435\u0449\u0435 \u0431\u043e\u043b\u0435\u0435 \u0441\u0442\u0438\u043b\u044c\u043d\u043e \u0438 \u0438\u043d\u0442\u0435\u0440\u0435\u0441\u043d\u043e. \u042d\u0442\u0430 \u043a\u043e\u0440\u043e\u0431\u043a\u0430 \u0441 \u0444\u0440\u0435\u0437\u0438\u0435\u0439 \u043f\u043e\u0440\u0430\u0434\u0443\u0435\u0442 \u043f\u043e\u043b\u0443\u0447\u0430\u0442\u0435\u043b\u044f \u0438 \u0443\u043a\u0440\u0430\u0441\u0438\u0442 \u0435\u0433\u043e \u0438\u043b\u0438 \u0435\u0435 \u0434\u043e\u043c, \u043a\u043e\u043c\u043d\u0430\u0442\u0443 \u0438\u043b\u0438 \u043e\u0444\u0438\u0441\u043d\u044b\u0439 \u0441\u0442\u043e\u043b. \u0426\u0432\u0435\u0442\u0430 \u043c\u043e\u0433\u0443\u0442 \u043e\u0442\u043b\u0438\u0447\u0430\u0442\u044c\u0441\u044f \u043e\u0442 \u043f\u043e\u043a\u0430\u0437\u0430\u043d\u043d\u044b\u0445 \u043d\u0430 \u0444\u043e\u0442\u043e. \u0415\u0441\u043b\u0438 \u0443 \u043d\u0430\u0441 \u043d\u0435\u0442 \u0438\u043b\u0438 \u043d\u0435 \u0445\u0432\u0430\u0442\u0430\u0435\u0442 \u0446\u0432\u0435\u0442\u043e\u0432 \u0444\u0440\u0435\u0437\u0438\u0438, \u043c\u044b \u043f\u043e\u0434\u0445\u043e\u0434\u0438\u043c \u043a \u0434\u0440\u0443\u0433\u0438\u043c \u0446\u0432\u0435\u0442\u0430\u043c \u0444\u0440\u0435\u0437\u0438\u0438. \u0412 \u043b\u044e\u0431\u043e\u043c \u0441\u043b\u0443\u0447\u0430\u0435 \u043a\u043e\u0440\u043e\u0431\u043a\u0430 \u0434\u043b\u044f \u0444\u0440\u0435\u0437\u0438\u0438 \u0431\u0443\u0434\u0435\u0442 \u0432\u044b\u0433\u043b\u044f\u0434\u0435\u0442\u044c \u0431\u0435\u0437\u0443\u043f\u0440\u0435\u0447\u043d\u043e \u0438 \u043f\u043e\u0440\u0430\u0434\u0443\u0435\u0442 \u0432\u0441\u0435\u0445 \u0441\u0432\u043e\u0438\u043c \u0447\u0443\u0434\u0435\u0441\u043d\u044b\u043c \u0430\u0440\u043e\u043c\u0430\u0442\u043e\u043c. \u041a\u043e\u0440\u043e\u0431\u043a\u0430 \u043c\u043e\u0436\u0435\u0442 \u0442\u0430\u043a\u0436\u0435 \u0441\u043e\u0434\u0435\u0440\u0436\u0430\u0442\u044c \u0431\u043e\u043b\u0435\u0435 \u0438\u043b\u0438 \u043c\u0435\u043d\u0435\u0435 \u043b\u0430\u0434\u044b \u0432 \u0437\u0430\u0432\u0438\u0441\u0438\u043c\u043e\u0441\u0442\u0438 \u043e\u0442 \u0440\u0430\u0437\u043c\u0435\u0440\u0430 \u0446\u0432\u0435\u0442\u043e\u0432 \u0438 \u0440\u0430\u0437\u043c\u0435\u0440\u0430 \u0446\u0432\u0435\u0442\u043e\u0432.<\/p>\n","protected":false},"excerpt":{"rendered":"<p>\u0424\u0440\u0435\u0437\u0438\u044f &#8212; \u044d\u0442\u043e \u0446\u0432\u0435\u0442\u044b, \u043a\u043e\u0442\u043e\u0440\u044b\u0435 \u0447\u0440\u0435\u0437\u0432\u044b\u0447\u0430\u0439\u043d\u043e \u0438\u0437\u044f\u0449\u043d\u044b \u0438 \u043e\u0447\u0430\u0440\u043e\u0432\u0430\u0442\u0435\u043b\u044c\u043d\u044b \u0432 \u0441\u0432\u043e\u0435\u043c \u0430\u0440\u043e\u043c\u0430\u0442\u0435. \u042d\u0442\u0430 \u043a\u0440\u0430\u0441\u0438\u0432\u0430\u044f \u0448\u043a\u0430\u0442\u0443\u043b\u043a\u0430 \u0441\u0442\u0430\u043d\u0435\u0442 \u043e\u0442\u043b\u0438\u0447\u043d\u044b\u043c \u043f\u043e\u0434\u0430\u0440\u043a\u043e\u043c \u043d\u0430 \u043b\u044e\u0431\u043e\u0439 \u0434\u0435\u043d\u044c \u0440\u043e\u0436\u0434\u0435\u043d\u0438\u044f, \u0441\u0432\u0430\u0434\u044c\u0431\u0443 \u0438\u043b\u0438 \u0434\u0440\u0443\u0433\u043e\u0435 \u0441\u043e\u0431\u044b\u0442\u0438\u0435. \u0412\u044b\u0431\u0435\u0440\u0438\u0442\u0435 \u043a\u043e\u043b\u0438\u0447\u0435\u0441\u0442\u0432\u043e \u0446\u0432\u0435\u0442\u043e\u0432 \u0432 \u043a\u043e\u0440\u043e\u0431\u043a\u0435, \u043a\u043e\u0442\u043e\u0440\u043e\u0435 \u0442\u0430\u043a\u0436\u0435 \u0431\u0443\u0434\u0435\u0442 \u0437\u0430\u0432\u0438\u0441\u0435\u0442\u044c \u043e\u0442 \u0440\u0430\u0437\u043c\u0435\u0440\u0430 \u043a\u043e\u0440\u043e\u0431\u043a\u0438 &#8212; \u043c\u0430\u043b\u0435\u043d\u044c\u043a\u0438\u0439, \u0441\u0440\u0435\u0434\u043d\u0438\u0439 \u0438 \u0431\u043e\u043b\u044c\u0448\u043e\u0439.<\/p>\n<p><em><strong>\u0426\u0432\u0435\u0442\u0430 \u0432\u044b\u0431\u0438\u0440\u0430\u044e\u0442\u0441\u044f \u0438\u0437 \u0442\u0435\u0445, \u0447\u0442\u043e \u0435\u0441\u0442\u044c \u0432 \u043f\u0440\u043e\u0434\u0430\u0436\u0435 \u043d\u0430 \u0434\u0430\u043d\u043d\u044b\u0439 \u043c\u043e\u043c\u0435\u043d\u0442, \u0435\u0441\u043b\u0438 \u0432\u0430\u043c \u043d\u0443\u0436\u0435\u043d \u043a\u043e\u043d\u043a\u0440\u0435\u0442\u043d\u044b\u0439 \u0446\u0432\u0435\u0442, \u0441\u0432\u044f\u0436\u0438\u0442\u0435\u0441\u044c \u0441 \u043d\u0430\u043c\u0438.<\/strong><\/em><\/p>\n","protected":false},"featured_media":27679,"template":"","meta":[],"product_brand":[],"product_cat":[975,977,970,971,976,1363,972,965,967,966,968,973,1026,963],"product_tag":[],"class_list":{"0":"post-26696","1":"product","2":"type-product","3":"status-publish","4":"has-post-thumbnail","6":"product_cat-14--","7":"product_cat-977","8":"product_cat-970","9":"product_cat-971","10":"product_cat-976","11":"product_cat-cveti-8-marta","12":"product_cat-972","13":"product_cat-965","14":"product_cat-967","15":"product_cat-966","16":"product_cat-968","17":"product_cat-973","18":"product_cat-1026","19":"product_cat-963","20":"tm-no-options","22":"first","23":"instock","24":"taxable","25":"shipping-taxable","26":"purchasable","27":"product-type-variable","28":"has-default-attributes"},"yoast_head":"<!-- This site is optimized with the Yoast SEO plugin v25.3 - https:\/\/yoast.com\/wordpress\/plugins\/seo\/ -->\n<title>\u0414\u0432\u0443\u0445\u0446\u0432\u0435\u0442\u043d\u0430\u044f \u0444\u0440\u0435\u0437\u0435\u0440\u043d\u0430\u044f \u043a\u043e\u0440\u043e\u0431\u043a\u0430 | \u0414\u043e\u0441\u0442\u0430\u0432\u043a\u0430 \u043a\u043e\u0440\u043e\u0431\u043e\u043a | Gintar\u0117sG\u0117l\u0117s<\/title>\n<meta name=\"description\" content=\"\u0414\u0432\u0443\u0445\u0446\u0432\u0435\u0442\u043d\u0430\u044f \u0444\u0440\u0435\u0437\u0438\u0439\u043d\u0430\u044f \u0448\u043a\u0430\u0442\u0443\u043b\u043a\u0430 - \u0443\u043d\u0438\u043a\u0430\u043b\u044c\u043d\u044b\u0439 \u043f\u043e\u0434\u0430\u0440\u043e\u043a \u043a\u0430\u043a \u043c\u0443\u0436\u0447\u0438\u043d\u0430\u043c, \u0442\u0430\u043a \u0438 \u0436\u0435\u043d\u0449\u0438\u043d\u0430\u043c. \u042d\u0442\u0430 \u043a\u043e\u0440\u043e\u0431\u043a\u0430 \u0443\u0434\u0438\u0432\u0438\u0442 \u0432\u0430\u0441 \u0441\u0432\u043e\u0435\u0439 \u044d\u043b\u0435\u0433\u0430\u043d\u0442\u043d\u043e\u0441\u0442\u044c\u044e \u0438 \u0441\u0442\u0430\u043d\u0435\u0442 \u043d\u0435\u043e\u0431\u044b\u0447\u0430\u0439\u043d\u043e \u0441\u0442\u0438\u043b\u044c\u043d\u044b\u043c \u043f\u043e\u0434\u0430\u0440\u043a\u043e\u043c. \u041e\u0442\u043f\u0440\u0430\u0432\u044c\u0442\u0435 \u0435\u0433\u043e \u043d\u0430 \u0434\u043e\u043c \u0438\u043b\u0438 \u0432 \u043e\u0444\u0438\u0441 \u0432 \u0412\u0438\u043b\u044c\u043d\u044e\u0441\u0435 \u0438 \u0412\u0438\u043b\u044c\u043d\u044e\u0441\u0435, \u0437\u0430\u043a\u0430\u0437\u0430\u0432 \u0446\u0432\u0435\u0442\u044b \u043e\u043d\u043b\u0430\u0439\u043d. \u0422\u0430\u043a\u043e\u0439 \u0441\u044e\u0440\u043f\u0440\u0438\u0437 \u043e\u0441\u0442\u0430\u043d\u0435\u0442\u0441\u044f \u0432 \u043f\u0430\u043c\u044f\u0442\u0438 \u043f\u043e\u043b\u0443\u0447\u0430\u0442\u0435\u043b\u044f \u043d\u0430\u0434\u043e\u043b\u0433\u043e.\" \/>\n<meta name=\"robots\" content=\"index, follow, max-snippet:-1, max-image-preview:large, max-video-preview:-1\" \/>\n<link rel=\"canonical\" href=\"https:\/\/www.gintaresgeles.lt\/ru\/puokste\/%d0%b4%d0%b2%d1%83%d1%85%d1%86%d0%b2%d0%b5%d1%82%d0%bd%d0%b0%d1%8f-%d1%84%d1%80%d0%b5%d0%b7%d0%b8%d1%8f\/\" \/>\n<meta property=\"og:locale\" content=\"ru_RU\" \/>\n<meta property=\"og:type\" content=\"article\" \/>\n<meta property=\"og:title\" content=\"\u0414\u0432\u0443\u0445\u0446\u0432\u0435\u0442\u043d\u0430\u044f \u0444\u0440\u0435\u0437\u0435\u0440\u043d\u0430\u044f \u043a\u043e\u0440\u043e\u0431\u043a\u0430 | \u0414\u043e\u0441\u0442\u0430\u0432\u043a\u0430 \u043a\u043e\u0440\u043e\u0431\u043e\u043a | Gintar\u0117sG\u0117l\u0117s\" \/>\n<meta property=\"og:description\" content=\"\u0414\u0432\u0443\u0445\u0446\u0432\u0435\u0442\u043d\u0430\u044f \u0444\u0440\u0435\u0437\u0438\u0439\u043d\u0430\u044f \u0448\u043a\u0430\u0442\u0443\u043b\u043a\u0430 - \u0443\u043d\u0438\u043a\u0430\u043b\u044c\u043d\u044b\u0439 \u043f\u043e\u0434\u0430\u0440\u043e\u043a \u043a\u0430\u043a \u043c\u0443\u0436\u0447\u0438\u043d\u0430\u043c, \u0442\u0430\u043a \u0438 \u0436\u0435\u043d\u0449\u0438\u043d\u0430\u043c. \u042d\u0442\u0430 \u043a\u043e\u0440\u043e\u0431\u043a\u0430 \u0443\u0434\u0438\u0432\u0438\u0442 \u0432\u0430\u0441 \u0441\u0432\u043e\u0435\u0439 \u044d\u043b\u0435\u0433\u0430\u043d\u0442\u043d\u043e\u0441\u0442\u044c\u044e \u0438 \u0441\u0442\u0430\u043d\u0435\u0442 \u043d\u0435\u043e\u0431\u044b\u0447\u0430\u0439\u043d\u043e \u0441\u0442\u0438\u043b\u044c\u043d\u044b\u043c \u043f\u043e\u0434\u0430\u0440\u043a\u043e\u043c. \u041e\u0442\u043f\u0440\u0430\u0432\u044c\u0442\u0435 \u0435\u0433\u043e \u043d\u0430 \u0434\u043e\u043c \u0438\u043b\u0438 \u0432 \u043e\u0444\u0438\u0441 \u0432 \u0412\u0438\u043b\u044c\u043d\u044e\u0441\u0435 \u0438 \u0412\u0438\u043b\u044c\u043d\u044e\u0441\u0435, \u0437\u0430\u043a\u0430\u0437\u0430\u0432 \u0446\u0432\u0435\u0442\u044b \u043e\u043d\u043b\u0430\u0439\u043d. \u0422\u0430\u043a\u043e\u0439 \u0441\u044e\u0440\u043f\u0440\u0438\u0437 \u043e\u0441\u0442\u0430\u043d\u0435\u0442\u0441\u044f \u0432 \u043f\u0430\u043c\u044f\u0442\u0438 \u043f\u043e\u043b\u0443\u0447\u0430\u0442\u0435\u043b\u044f \u043d\u0430\u0434\u043e\u043b\u0433\u043e.\" \/>\n<meta property=\"og:url\" content=\"https:\/\/www.gintaresgeles.lt\/ru\/puokste\/%d0%b4%d0%b2%d1%83%d1%85%d1%86%d0%b2%d0%b5%d1%82%d0%bd%d0%b0%d1%8f-%d1%84%d1%80%d0%b5%d0%b7%d0%b8%d1%8f\/\" \/>\n<meta property=\"og:site_name\" content=\"gintaresgeles.lt\" \/>\n<meta property=\"article:modified_time\" content=\"2025-05-29T00:01:44+00:00\" \/>\n<meta property=\"og:image\" content=\"https:\/\/www.gintaresgeles.lt\/wp-content\/uploads\/2018\/02\/geles-dezuteje-frezijos.jpg\" \/>\n\t<meta property=\"og:image:width\" content=\"4000\" \/>\n\t<meta property=\"og:image:height\" content=\"4000\" \/>\n\t<meta property=\"og:image:type\" content=\"image\/jpeg\" \/>\n<meta name=\"twitter:card\" content=\"summary_large_image\" \/>\n<script type=\"application\/ld+json\" class=\"yoast-schema-graph\">{\"@context\":\"https:\/\/schema.org\",\"@graph\":[{\"@type\":\"WebPage\",\"@id\":\"https:\/\/www.gintaresgeles.lt\/ru\/puokste\/%d0%b4%d0%b2%d1%83%d1%85%d1%86%d0%b2%d0%b5%d1%82%d0%bd%d0%b0%d1%8f-%d1%84%d1%80%d0%b5%d0%b7%d0%b8%d1%8f\/\",\"url\":\"https:\/\/www.gintaresgeles.lt\/ru\/puokste\/%d0%b4%d0%b2%d1%83%d1%85%d1%86%d0%b2%d0%b5%d1%82%d0%bd%d0%b0%d1%8f-%d1%84%d1%80%d0%b5%d0%b7%d0%b8%d1%8f\/\",\"name\":\"\u0414\u0432\u0443\u0445\u0446\u0432\u0435\u0442\u043d\u0430\u044f \u0444\u0440\u0435\u0437\u0435\u0440\u043d\u0430\u044f \u043a\u043e\u0440\u043e\u0431\u043a\u0430 | \u0414\u043e\u0441\u0442\u0430\u0432\u043a\u0430 \u043a\u043e\u0440\u043e\u0431\u043e\u043a | Gintar\u0117sG\u0117l\u0117s\",\"isPartOf\":{\"@id\":\"https:\/\/www.gintaresgeles.lt\/ru\/#website\"},\"primaryImageOfPage\":{\"@id\":\"https:\/\/www.gintaresgeles.lt\/ru\/puokste\/%d0%b4%d0%b2%d1%83%d1%85%d1%86%d0%b2%d0%b5%d1%82%d0%bd%d0%b0%d1%8f-%d1%84%d1%80%d0%b5%d0%b7%d0%b8%d1%8f\/#primaryimage\"},\"image\":{\"@id\":\"https:\/\/www.gintaresgeles.lt\/ru\/puokste\/%d0%b4%d0%b2%d1%83%d1%85%d1%86%d0%b2%d0%b5%d1%82%d0%bd%d0%b0%d1%8f-%d1%84%d1%80%d0%b5%d0%b7%d0%b8%d1%8f\/#primaryimage\"},\"thumbnailUrl\":\"https:\/\/www.gintaresgeles.lt\/wp-content\/uploads\/2018\/02\/geles-dezuteje-frezijos.jpg\",\"datePublished\":\"2018-02-21T15:38:08+00:00\",\"dateModified\":\"2025-05-29T00:01:44+00:00\",\"description\":\"\u0414\u0432\u0443\u0445\u0446\u0432\u0435\u0442\u043d\u0430\u044f \u0444\u0440\u0435\u0437\u0438\u0439\u043d\u0430\u044f \u0448\u043a\u0430\u0442\u0443\u043b\u043a\u0430 - \u0443\u043d\u0438\u043a\u0430\u043b\u044c\u043d\u044b\u0439 \u043f\u043e\u0434\u0430\u0440\u043e\u043a \u043a\u0430\u043a \u043c\u0443\u0436\u0447\u0438\u043d\u0430\u043c, \u0442\u0430\u043a \u0438 \u0436\u0435\u043d\u0449\u0438\u043d\u0430\u043c. \u042d\u0442\u0430 \u043a\u043e\u0440\u043e\u0431\u043a\u0430 \u0443\u0434\u0438\u0432\u0438\u0442 \u0432\u0430\u0441 \u0441\u0432\u043e\u0435\u0439 \u044d\u043b\u0435\u0433\u0430\u043d\u0442\u043d\u043e\u0441\u0442\u044c\u044e \u0438 \u0441\u0442\u0430\u043d\u0435\u0442 \u043d\u0435\u043e\u0431\u044b\u0447\u0430\u0439\u043d\u043e \u0441\u0442\u0438\u043b\u044c\u043d\u044b\u043c \u043f\u043e\u0434\u0430\u0440\u043a\u043e\u043c. \u041e\u0442\u043f\u0440\u0430\u0432\u044c\u0442\u0435 \u0435\u0433\u043e \u043d\u0430 \u0434\u043e\u043c \u0438\u043b\u0438 \u0432 \u043e\u0444\u0438\u0441 \u0432 \u0412\u0438\u043b\u044c\u043d\u044e\u0441\u0435 \u0438 \u0412\u0438\u043b\u044c\u043d\u044e\u0441\u0435, \u0437\u0430\u043a\u0430\u0437\u0430\u0432 \u0446\u0432\u0435\u0442\u044b \u043e\u043d\u043b\u0430\u0439\u043d. \u0422\u0430\u043a\u043e\u0439 \u0441\u044e\u0440\u043f\u0440\u0438\u0437 \u043e\u0441\u0442\u0430\u043d\u0435\u0442\u0441\u044f \u0432 \u043f\u0430\u043c\u044f\u0442\u0438 \u043f\u043e\u043b\u0443\u0447\u0430\u0442\u0435\u043b\u044f \u043d\u0430\u0434\u043e\u043b\u0433\u043e.\",\"breadcrumb\":{\"@id\":\"https:\/\/www.gintaresgeles.lt\/ru\/puokste\/%d0%b4%d0%b2%d1%83%d1%85%d1%86%d0%b2%d0%b5%d1%82%d0%bd%d0%b0%d1%8f-%d1%84%d1%80%d0%b5%d0%b7%d0%b8%d1%8f\/#breadcrumb\"},\"inLanguage\":\"ru-RU\",\"potentialAction\":[{\"@type\":\"ReadAction\",\"target\":[\"https:\/\/www.gintaresgeles.lt\/ru\/puokste\/%d0%b4%d0%b2%d1%83%d1%85%d1%86%d0%b2%d0%b5%d1%82%d0%bd%d0%b0%d1%8f-%d1%84%d1%80%d0%b5%d0%b7%d0%b8%d1%8f\/\"]}]},{\"@type\":\"ImageObject\",\"inLanguage\":\"ru-RU\",\"@id\":\"https:\/\/www.gintaresgeles.lt\/ru\/puokste\/%d0%b4%d0%b2%d1%83%d1%85%d1%86%d0%b2%d0%b5%d1%82%d0%bd%d0%b0%d1%8f-%d1%84%d1%80%d0%b5%d0%b7%d0%b8%d1%8f\/#primaryimage\",\"url\":\"https:\/\/www.gintaresgeles.lt\/wp-content\/uploads\/2018\/02\/geles-dezuteje-frezijos.jpg\",\"contentUrl\":\"https:\/\/www.gintaresgeles.lt\/wp-content\/uploads\/2018\/02\/geles-dezuteje-frezijos.jpg\",\"width\":4000,\"height\":4000,\"caption\":\"Dvispalv\u0117 frezij\u0173 d\u0117\u017eut\u0117\"},{\"@type\":\"BreadcrumbList\",\"@id\":\"https:\/\/www.gintaresgeles.lt\/ru\/puokste\/%d0%b4%d0%b2%d1%83%d1%85%d1%86%d0%b2%d0%b5%d1%82%d0%bd%d0%b0%d1%8f-%d1%84%d1%80%d0%b5%d0%b7%d0%b8%d1%8f\/#breadcrumb\",\"itemListElement\":[{\"@type\":\"ListItem\",\"position\":1,\"name\":\"Prad\u017eia\",\"item\":\"https:\/\/www.gintaresgeles.lt\/ru\/\"},{\"@type\":\"ListItem\",\"position\":2,\"name\":\"\u0412\u0441\u0435 \u0446\u0432\u0435\u0442\u044b \u0438 \u0434\u0440\u0443\u0433\u0438\u0435 \u043f\u0440\u043e\u0434\u0443\u043a\u0442\u044b\",\"item\":\"https:\/\/www.gintaresgeles.lt\/ru\/vse-cvety-i-drugie-produkty\/\"},{\"@type\":\"ListItem\",\"position\":3,\"name\":\"\u0414\u0432\u0443\u0445\u0446\u0432\u0435\u0442\u043d\u0430\u044f \u0444\u0440\u0435\u0437\u0438\u044f\"}]},{\"@type\":\"WebSite\",\"@id\":\"https:\/\/www.gintaresgeles.lt\/ru\/#website\",\"url\":\"https:\/\/www.gintaresgeles.lt\/ru\/\",\"name\":\"gintaresgeles.lt\",\"description\":\"G\u0117li\u0173 parduotuv\u0117 internete\",\"potentialAction\":[{\"@type\":\"SearchAction\",\"target\":{\"@type\":\"EntryPoint\",\"urlTemplate\":\"https:\/\/www.gintaresgeles.lt\/ru\/?s={search_term_string}\"},\"query-input\":{\"@type\":\"PropertyValueSpecification\",\"valueRequired\":true,\"valueName\":\"search_term_string\"}}],\"inLanguage\":\"ru-RU\"}]}<\/script>\n<!-- \/ Yoast SEO plugin. -->","yoast_head_json":{"title":"\u0414\u0432\u0443\u0445\u0446\u0432\u0435\u0442\u043d\u0430\u044f \u0444\u0440\u0435\u0437\u0435\u0440\u043d\u0430\u044f \u043a\u043e\u0440\u043e\u0431\u043a\u0430 | \u0414\u043e\u0441\u0442\u0430\u0432\u043a\u0430 \u043a\u043e\u0440\u043e\u0431\u043e\u043a | Gintar\u0117sG\u0117l\u0117s","description":"\u0414\u0432\u0443\u0445\u0446\u0432\u0435\u0442\u043d\u0430\u044f \u0444\u0440\u0435\u0437\u0438\u0439\u043d\u0430\u044f \u0448\u043a\u0430\u0442\u0443\u043b\u043a\u0430 - \u0443\u043d\u0438\u043a\u0430\u043b\u044c\u043d\u044b\u0439 \u043f\u043e\u0434\u0430\u0440\u043e\u043a \u043a\u0430\u043a \u043c\u0443\u0436\u0447\u0438\u043d\u0430\u043c, \u0442\u0430\u043a \u0438 \u0436\u0435\u043d\u0449\u0438\u043d\u0430\u043c. \u042d\u0442\u0430 \u043a\u043e\u0440\u043e\u0431\u043a\u0430 \u0443\u0434\u0438\u0432\u0438\u0442 \u0432\u0430\u0441 \u0441\u0432\u043e\u0435\u0439 \u044d\u043b\u0435\u0433\u0430\u043d\u0442\u043d\u043e\u0441\u0442\u044c\u044e \u0438 \u0441\u0442\u0430\u043d\u0435\u0442 \u043d\u0435\u043e\u0431\u044b\u0447\u0430\u0439\u043d\u043e \u0441\u0442\u0438\u043b\u044c\u043d\u044b\u043c \u043f\u043e\u0434\u0430\u0440\u043a\u043e\u043c. \u041e\u0442\u043f\u0440\u0430\u0432\u044c\u0442\u0435 \u0435\u0433\u043e \u043d\u0430 \u0434\u043e\u043c \u0438\u043b\u0438 \u0432 \u043e\u0444\u0438\u0441 \u0432 \u0412\u0438\u043b\u044c\u043d\u044e\u0441\u0435 \u0438 \u0412\u0438\u043b\u044c\u043d\u044e\u0441\u0435, \u0437\u0430\u043a\u0430\u0437\u0430\u0432 \u0446\u0432\u0435\u0442\u044b \u043e\u043d\u043b\u0430\u0439\u043d. \u0422\u0430\u043a\u043e\u0439 \u0441\u044e\u0440\u043f\u0440\u0438\u0437 \u043e\u0441\u0442\u0430\u043d\u0435\u0442\u0441\u044f \u0432 \u043f\u0430\u043c\u044f\u0442\u0438 \u043f\u043e\u043b\u0443\u0447\u0430\u0442\u0435\u043b\u044f \u043d\u0430\u0434\u043e\u043b\u0433\u043e.","robots":{"index":"index","follow":"follow","max-snippet":"max-snippet:-1","max-image-preview":"max-image-preview:large","max-video-preview":"max-video-preview:-1"},"canonical":"https:\/\/www.gintaresgeles.lt\/ru\/puokste\/%d0%b4%d0%b2%d1%83%d1%85%d1%86%d0%b2%d0%b5%d1%82%d0%bd%d0%b0%d1%8f-%d1%84%d1%80%d0%b5%d0%b7%d0%b8%d1%8f\/","og_locale":"ru_RU","og_type":"article","og_title":"\u0414\u0432\u0443\u0445\u0446\u0432\u0435\u0442\u043d\u0430\u044f \u0444\u0440\u0435\u0437\u0435\u0440\u043d\u0430\u044f \u043a\u043e\u0440\u043e\u0431\u043a\u0430 | \u0414\u043e\u0441\u0442\u0430\u0432\u043a\u0430 \u043a\u043e\u0440\u043e\u0431\u043e\u043a | Gintar\u0117sG\u0117l\u0117s","og_description":"\u0414\u0432\u0443\u0445\u0446\u0432\u0435\u0442\u043d\u0430\u044f \u0444\u0440\u0435\u0437\u0438\u0439\u043d\u0430\u044f \u0448\u043a\u0430\u0442\u0443\u043b\u043a\u0430 - \u0443\u043d\u0438\u043a\u0430\u043b\u044c\u043d\u044b\u0439 \u043f\u043e\u0434\u0430\u0440\u043e\u043a \u043a\u0430\u043a \u043c\u0443\u0436\u0447\u0438\u043d\u0430\u043c, \u0442\u0430\u043a \u0438 \u0436\u0435\u043d\u0449\u0438\u043d\u0430\u043c. \u042d\u0442\u0430 \u043a\u043e\u0440\u043e\u0431\u043a\u0430 \u0443\u0434\u0438\u0432\u0438\u0442 \u0432\u0430\u0441 \u0441\u0432\u043e\u0435\u0439 \u044d\u043b\u0435\u0433\u0430\u043d\u0442\u043d\u043e\u0441\u0442\u044c\u044e \u0438 \u0441\u0442\u0430\u043d\u0435\u0442 \u043d\u0435\u043e\u0431\u044b\u0447\u0430\u0439\u043d\u043e \u0441\u0442\u0438\u043b\u044c\u043d\u044b\u043c \u043f\u043e\u0434\u0430\u0440\u043a\u043e\u043c. \u041e\u0442\u043f\u0440\u0430\u0432\u044c\u0442\u0435 \u0435\u0433\u043e \u043d\u0430 \u0434\u043e\u043c \u0438\u043b\u0438 \u0432 \u043e\u0444\u0438\u0441 \u0432 \u0412\u0438\u043b\u044c\u043d\u044e\u0441\u0435 \u0438 \u0412\u0438\u043b\u044c\u043d\u044e\u0441\u0435, \u0437\u0430\u043a\u0430\u0437\u0430\u0432 \u0446\u0432\u0435\u0442\u044b \u043e\u043d\u043b\u0430\u0439\u043d. \u0422\u0430\u043a\u043e\u0439 \u0441\u044e\u0440\u043f\u0440\u0438\u0437 \u043e\u0441\u0442\u0430\u043d\u0435\u0442\u0441\u044f \u0432 \u043f\u0430\u043c\u044f\u0442\u0438 \u043f\u043e\u043b\u0443\u0447\u0430\u0442\u0435\u043b\u044f \u043d\u0430\u0434\u043e\u043b\u0433\u043e.","og_url":"https:\/\/www.gintaresgeles.lt\/ru\/puokste\/%d0%b4%d0%b2%d1%83%d1%85%d1%86%d0%b2%d0%b5%d1%82%d0%bd%d0%b0%d1%8f-%d1%84%d1%80%d0%b5%d0%b7%d0%b8%d1%8f\/","og_site_name":"gintaresgeles.lt","article_modified_time":"2025-05-29T00:01:44+00:00","og_image":[{"width":4000,"height":4000,"url":"https:\/\/www.gintaresgeles.lt\/wp-content\/uploads\/2018\/02\/geles-dezuteje-frezijos.jpg","type":"image\/jpeg"}],"twitter_card":"summary_large_image","schema":{"@context":"https:\/\/schema.org","@graph":[{"@type":"WebPage","@id":"https:\/\/www.gintaresgeles.lt\/ru\/puokste\/%d0%b4%d0%b2%d1%83%d1%85%d1%86%d0%b2%d0%b5%d1%82%d0%bd%d0%b0%d1%8f-%d1%84%d1%80%d0%b5%d0%b7%d0%b8%d1%8f\/","url":"https:\/\/www.gintaresgeles.lt\/ru\/puokste\/%d0%b4%d0%b2%d1%83%d1%85%d1%86%d0%b2%d0%b5%d1%82%d0%bd%d0%b0%d1%8f-%d1%84%d1%80%d0%b5%d0%b7%d0%b8%d1%8f\/","name":"\u0414\u0432\u0443\u0445\u0446\u0432\u0435\u0442\u043d\u0430\u044f \u0444\u0440\u0435\u0437\u0435\u0440\u043d\u0430\u044f \u043a\u043e\u0440\u043e\u0431\u043a\u0430 | \u0414\u043e\u0441\u0442\u0430\u0432\u043a\u0430 \u043a\u043e\u0440\u043e\u0431\u043e\u043a | Gintar\u0117sG\u0117l\u0117s","isPartOf":{"@id":"https:\/\/www.gintaresgeles.lt\/ru\/#website"},"primaryImageOfPage":{"@id":"https:\/\/www.gintaresgeles.lt\/ru\/puokste\/%d0%b4%d0%b2%d1%83%d1%85%d1%86%d0%b2%d0%b5%d1%82%d0%bd%d0%b0%d1%8f-%d1%84%d1%80%d0%b5%d0%b7%d0%b8%d1%8f\/#primaryimage"},"image":{"@id":"https:\/\/www.gintaresgeles.lt\/ru\/puokste\/%d0%b4%d0%b2%d1%83%d1%85%d1%86%d0%b2%d0%b5%d1%82%d0%bd%d0%b0%d1%8f-%d1%84%d1%80%d0%b5%d0%b7%d0%b8%d1%8f\/#primaryimage"},"thumbnailUrl":"https:\/\/www.gintaresgeles.lt\/wp-content\/uploads\/2018\/02\/geles-dezuteje-frezijos.jpg","datePublished":"2018-02-21T15:38:08+00:00","dateModified":"2025-05-29T00:01:44+00:00","description":"\u0414\u0432\u0443\u0445\u0446\u0432\u0435\u0442\u043d\u0430\u044f \u0444\u0440\u0435\u0437\u0438\u0439\u043d\u0430\u044f \u0448\u043a\u0430\u0442\u0443\u043b\u043a\u0430 - \u0443\u043d\u0438\u043a\u0430\u043b\u044c\u043d\u044b\u0439 \u043f\u043e\u0434\u0430\u0440\u043e\u043a \u043a\u0430\u043a \u043c\u0443\u0436\u0447\u0438\u043d\u0430\u043c, \u0442\u0430\u043a \u0438 \u0436\u0435\u043d\u0449\u0438\u043d\u0430\u043c. \u042d\u0442\u0430 \u043a\u043e\u0440\u043e\u0431\u043a\u0430 \u0443\u0434\u0438\u0432\u0438\u0442 \u0432\u0430\u0441 \u0441\u0432\u043e\u0435\u0439 \u044d\u043b\u0435\u0433\u0430\u043d\u0442\u043d\u043e\u0441\u0442\u044c\u044e \u0438 \u0441\u0442\u0430\u043d\u0435\u0442 \u043d\u0435\u043e\u0431\u044b\u0447\u0430\u0439\u043d\u043e \u0441\u0442\u0438\u043b\u044c\u043d\u044b\u043c \u043f\u043e\u0434\u0430\u0440\u043a\u043e\u043c. \u041e\u0442\u043f\u0440\u0430\u0432\u044c\u0442\u0435 \u0435\u0433\u043e \u043d\u0430 \u0434\u043e\u043c \u0438\u043b\u0438 \u0432 \u043e\u0444\u0438\u0441 \u0432 \u0412\u0438\u043b\u044c\u043d\u044e\u0441\u0435 \u0438 \u0412\u0438\u043b\u044c\u043d\u044e\u0441\u0435, \u0437\u0430\u043a\u0430\u0437\u0430\u0432 \u0446\u0432\u0435\u0442\u044b \u043e\u043d\u043b\u0430\u0439\u043d. \u0422\u0430\u043a\u043e\u0439 \u0441\u044e\u0440\u043f\u0440\u0438\u0437 \u043e\u0441\u0442\u0430\u043d\u0435\u0442\u0441\u044f \u0432 \u043f\u0430\u043c\u044f\u0442\u0438 \u043f\u043e\u043b\u0443\u0447\u0430\u0442\u0435\u043b\u044f \u043d\u0430\u0434\u043e\u043b\u0433\u043e.","breadcrumb":{"@id":"https:\/\/www.gintaresgeles.lt\/ru\/puokste\/%d0%b4%d0%b2%d1%83%d1%85%d1%86%d0%b2%d0%b5%d1%82%d0%bd%d0%b0%d1%8f-%d1%84%d1%80%d0%b5%d0%b7%d0%b8%d1%8f\/#breadcrumb"},"inLanguage":"ru-RU","potentialAction":[{"@type":"ReadAction","target":["https:\/\/www.gintaresgeles.lt\/ru\/puokste\/%d0%b4%d0%b2%d1%83%d1%85%d1%86%d0%b2%d0%b5%d1%82%d0%bd%d0%b0%d1%8f-%d1%84%d1%80%d0%b5%d0%b7%d0%b8%d1%8f\/"]}]},{"@type":"ImageObject","inLanguage":"ru-RU","@id":"https:\/\/www.gintaresgeles.lt\/ru\/puokste\/%d0%b4%d0%b2%d1%83%d1%85%d1%86%d0%b2%d0%b5%d1%82%d0%bd%d0%b0%d1%8f-%d1%84%d1%80%d0%b5%d0%b7%d0%b8%d1%8f\/#primaryimage","url":"https:\/\/www.gintaresgeles.lt\/wp-content\/uploads\/2018\/02\/geles-dezuteje-frezijos.jpg","contentUrl":"https:\/\/www.gintaresgeles.lt\/wp-content\/uploads\/2018\/02\/geles-dezuteje-frezijos.jpg","width":4000,"height":4000,"caption":"Dvispalv\u0117 frezij\u0173 d\u0117\u017eut\u0117"},{"@type":"BreadcrumbList","@id":"https:\/\/www.gintaresgeles.lt\/ru\/puokste\/%d0%b4%d0%b2%d1%83%d1%85%d1%86%d0%b2%d0%b5%d1%82%d0%bd%d0%b0%d1%8f-%d1%84%d1%80%d0%b5%d0%b7%d0%b8%d1%8f\/#breadcrumb","itemListElement":[{"@type":"ListItem","position":1,"name":"Prad\u017eia","item":"https:\/\/www.gintaresgeles.lt\/ru\/"},{"@type":"ListItem","position":2,"name":"\u0412\u0441\u0435 \u0446\u0432\u0435\u0442\u044b \u0438 \u0434\u0440\u0443\u0433\u0438\u0435 \u043f\u0440\u043e\u0434\u0443\u043a\u0442\u044b","item":"https:\/\/www.gintaresgeles.lt\/ru\/vse-cvety-i-drugie-produkty\/"},{"@type":"ListItem","position":3,"name":"\u0414\u0432\u0443\u0445\u0446\u0432\u0435\u0442\u043d\u0430\u044f \u0444\u0440\u0435\u0437\u0438\u044f"}]},{"@type":"WebSite","@id":"https:\/\/www.gintaresgeles.lt\/ru\/#website","url":"https:\/\/www.gintaresgeles.lt\/ru\/","name":"gintaresgeles.lt","description":"G\u0117li\u0173 parduotuv\u0117 internete","potentialAction":[{"@type":"SearchAction","target":{"@type":"EntryPoint","urlTemplate":"https:\/\/www.gintaresgeles.lt\/ru\/?s={search_term_string}"},"query-input":{"@type":"PropertyValueSpecification","valueRequired":true,"valueName":"search_term_string"}}],"inLanguage":"ru-RU"}]}},"_links":{"self":[{"href":"https:\/\/www.gintaresgeles.lt\/ru\/wp-json\/wp\/v2\/product\/26696","targetHints":{"allow":["GET"]}}],"collection":[{"href":"https:\/\/www.gintaresgeles.lt\/ru\/wp-json\/wp\/v2\/product"}],"about":[{"href":"https:\/\/www.gintaresgeles.lt\/ru\/wp-json\/wp\/v2\/types\/product"}],"wp:featuredmedia":[{"embeddable":true,"href":"https:\/\/www.gintaresgeles.lt\/ru\/wp-json\/wp\/v2\/media\/27679"}],"wp:attachment":[{"href":"https:\/\/www.gintaresgeles.lt\/ru\/wp-json\/wp\/v2\/media?parent=26696"}],"wp:term":[{"taxonomy":"product_brand","embeddable":true,"href":"https:\/\/www.gintaresgeles.lt\/ru\/wp-json\/wp\/v2\/product_brand?post=26696"},{"taxonomy":"product_cat","embeddable":true,"href":"https:\/\/www.gintaresgeles.lt\/ru\/wp-json\/wp\/v2\/product_cat?post=26696"},{"taxonomy":"product_tag","embeddable":true,"href":"https:\/\/www.gintaresgeles.lt\/ru\/wp-json\/wp\/v2\/product_tag?post=26696"}],"curies":[{"name":"wp","href":"https:\/\/api.w.org\/{rel}","templated":true}]}}