{"id":31086,"date":"2017-01-03T04:57:17","date_gmt":"2017-01-03T06:57:17","guid":{"rendered":"https:\/\/www.gintaresgeles.lt\/puokste\/%d0%b1%d1%83%d0%ba%d0%b5%d1%82-%d0%b8%d0%b7-%d0%b6%d0%b5%d0%bb%d1%82%d1%8b%d1%85-%d1%80%d0%be%d0%b7-%d0%b8-%d0%b0%d0%bb%d1%8c%d1%81%d1%82%d1%80%d0%be%d0%bc%d0%b5%d1%80%d0%be%d0%b2\/"},"modified":"2026-02-18T11:42:36","modified_gmt":"2026-02-18T09:42:36","slug":"%d0%b1%d1%83%d0%ba%d0%b5%d1%82-%d0%b8%d0%b7-%d0%b6%d0%b5%d0%bb%d1%82%d1%8b%d1%85-%d1%80%d0%be%d0%b7-%d0%b8-%d0%b0%d0%bb%d1%8c%d1%81%d1%82%d1%80%d0%be%d0%bc%d0%b5%d1%80%d0%be%d0%b2","status":"publish","type":"product","link":"https:\/\/www.gintaresgeles.lt\/ru\/puokste\/%d0%b1%d1%83%d0%ba%d0%b5%d1%82-%d0%b8%d0%b7-%d0%b6%d0%b5%d0%bb%d1%82%d1%8b%d1%85-%d1%80%d0%be%d0%b7-%d0%b8-%d0%b0%d0%bb%d1%8c%d1%81%d1%82%d1%80%d0%be%d0%bc%d0%b5%d1%80%d0%be%d0%b2\/","title":{"rendered":"\u0411\u0443\u043a\u0435\u0442 \u0438\u0437 \u0436\u0435\u043b\u0442\u044b\u0445 \u0440\u043e\u0437 \u0438 \u0430\u043b\u044c\u0441\u0442\u0440\u043e\u043c\u0435\u0440\u043e\u0432"},"content":{"rendered":"<p>\u0410\u043b\u044c\u0441\u0442\u0440\u043e\u043c\u0435\u0440\u0438\u044f &#8212; \u0441\u0438\u043c\u0432\u043e\u043b \u043f\u0440\u0438\u0437\u043d\u0430\u043d\u0438\u044f \u0438 \u0443\u0441\u043f\u0435\u0445\u0430, \u043a\u043e\u0442\u043e\u0440\u044b\u0439 \u0432\u0441\u0435 \u0447\u0430\u0449\u0435 \u0441\u0442\u0430\u043d\u043e\u0432\u0438\u0442\u0441\u044f \u0447\u0430\u0441\u0442\u044c\u044e \u0440\u0430\u0437\u043b\u0438\u0447\u043d\u044b\u0445 \u0431\u0443\u043a\u0435\u0442\u043e\u0432 \u043d\u0435 \u0442\u043e\u043b\u044c\u043a\u043e \u0438\u0437-\u0437\u0430 \u0441\u0432\u043e\u0435\u0439 \u0441\u0438\u043c\u0432\u043e\u043b\u0438\u043a\u0438, \u043d\u043e \u0438 \u0438\u0437-\u0437\u0430 \u0432\u044b\u0440\u0430\u0437\u0438\u0442\u0435\u043b\u044c\u043d\u044b\u0445 \u0440\u0430\u0437\u043d\u043e\u0446\u0432\u0435\u0442\u043d\u044b\u0445 \u043a\u043e\u043b\u0435\u0446, \u0438\u0437\u043b\u0443\u0447\u0430\u044e\u0449\u0438\u0445 \u0442\u043e\u043b\u044c\u043a\u043e \u043f\u043e\u043b\u043e\u0436\u0438\u0442\u0435\u043b\u044c\u043d\u044b\u0435 \u044d\u043c\u043e\u0446\u0438\u0438 \u0438 \u043f\u043e\u0437\u0438\u0442\u0438\u0432. \u0420\u043e\u0437\u044b \u0432 \u0442\u043e \u0432\u0440\u0435\u043c\u044f &#8212; \u0447\u0443\u0442\u044c \u0431\u043e\u043b\u0435\u0435 \u0441\u0434\u0435\u0440\u0436\u0430\u043d\u043d\u044b\u0435 \u0446\u0432\u0435\u0442\u044b, \u043d\u0435\u0441\u0443\u0449\u0438\u0435 \u0432 \u0441\u0435\u0431\u0435 \u0440\u043e\u043c\u0430\u043d\u0442\u0438\u0447\u0435\u0441\u043a\u0443\u044e \u0438 \u043b\u044e\u0431\u044f\u0449\u0443\u044e \u0430\u0442\u043c\u043e\u0441\u0444\u0435\u0440\u0443. \u0418\u043c\u0435\u043d\u043d\u043e \u044d\u0442\u043e\u0442 \u0438\u0434\u0435\u0430\u043b\u044c\u043d\u043e \u0441\u043e\u0447\u0435\u0442\u0430\u044e\u0449\u0438\u0439\u0441\u044f \u0432 \u0441\u0438\u043c\u0432\u043e\u043b\u0438\u0447\u0435\u0441\u043a\u043e\u043c \u0441\u043c\u044b\u0441\u043b\u0435 \u043a\u043e\u043d\u0442\u0440\u0430\u0441\u0442 \u0431\u0443\u0434\u0435\u0442 \u043e\u0431\u0435\u0441\u043f\u0435\u0447\u0435\u043d \u0431\u0443\u043a\u0435\u0442\u043e\u043c \u0436\u0435\u043b\u0442\u044b\u0445 \u0440\u043e\u0437 \u0438 \u044f\u0440\u043a\u0438\u043c\u0438 \u0430\u043b\u044c\u0441\u0442\u0440\u043e\u043c\u0435\u0440\u0430\u043c\u0438. \u041e\u043d\u0430 \u0432\u043e\u0441\u0445\u0438\u0442\u0438\u0442 \u043d\u0435 \u0442\u043e\u043b\u044c\u043a\u043e \u0437\u043d\u0430\u0447\u0438\u043c\u043e\u0441\u0442\u044c\u044e, \u043d\u043e \u0438 \u0432\u043d\u0435\u0448\u043d\u0438\u043c \u0432\u0438\u0434\u043e\u043c &#8212; \u043a\u043e\u043d\u0442\u0440\u0430\u0441\u0442 \u0446\u0432\u0435\u0442\u043e\u0447\u043d\u044b\u0445 \u043a\u0440\u0430\u0441\u043e\u043a \u043f\u0440\u0435\u0432\u0440\u0430\u0449\u0430\u0435\u0442 \u044d\u0442\u043e\u0442 \u0431\u0443\u043a\u0435\u0442 \u0432 \u043d\u0430\u0441\u0442\u043e\u044f\u0449\u0443\u044e \u043f\u043e\u0437\u0438\u0442\u0438\u0432\u043d\u0443\u044e \u0431\u043e\u043c\u0431\u0443, \u0437\u0430\u0441\u0442\u0430\u0432\u043b\u044f\u044e\u0449\u0443\u044e \u0438\u0441\u043a\u0440\u0435\u043d\u043d\u044e\u044e \u0443\u043b\u044b\u0431\u043a\u0443 \u043f\u043e\u044f\u0432\u043b\u044f\u0442\u044c\u0441\u044f \u043d\u0430 \u043b\u0438\u0446\u0435 \u043a\u0430\u0436\u0434\u043e\u0433\u043e, \u043a\u0442\u043e \u043f\u043e\u043b\u0443\u0447\u0438\u043b \u044d\u0442\u043e\u0442 \u043f\u043e\u0434\u0430\u0440\u043e\u043a!<\/p>\n","protected":false},"excerpt":{"rendered":"<p>\u041e\u0447\u0430\u0440\u043e\u0432\u0430\u0442\u0435\u043b\u044c\u043d\u044b\u0439 \u0438 \u044d\u043b\u0435\u0433\u0430\u043d\u0442\u043d\u044b\u0439 \u0431\u0443\u043a\u0435\u0442 \u0438\u0437 \u0436\u0435\u043b\u0442\u044b\u0445 \u0440\u043e\u0437 \u0438 \u0440\u0430\u0437\u043d\u043e\u0446\u0432\u0435\u0442\u043d\u044b\u0445 \u0430\u043b\u044c\u0441\u0442\u0440\u043e\u043c\u0435\u0440\u0438\u0439. \u042d\u0442\u043e\u0442 \u043a\u0440\u0430\u0441\u0438\u0432\u044b\u0439 \u0431\u0443\u043a\u0435\u0442 \u0441\u0432\u043e\u0438\u043c \u0441\u043e\u0447\u0435\u0442\u0430\u043d\u0438\u0435\u043c \u0446\u0432\u0435\u0442\u043e\u0432 \u043f\u043e\u0434\u043e\u0439\u0434\u0435\u0442 \u0434\u043b\u044f \u043f\u043e\u0437\u0434\u0440\u0430\u0432\u043b\u0435\u043d\u0438\u044f \u043d\u0435 \u0442\u043e\u043b\u044c\u043a\u043e \u0436\u0435\u043d\u0449\u0438\u043d, \u043d\u043e \u0438 \u043c\u0443\u0436\u0447\u0438\u043d.<\/p>\n<p>\u0412\u044b \u043c\u043e\u0436\u0435\u0442\u0435 \u0432\u044b\u0431\u0440\u0430\u0442\u044c \u043e\u0434\u0438\u043d \u0438\u0437 \u043d\u0435\u0441\u043a\u043e\u043b\u044c\u043a\u0438\u0445 \u0440\u0430\u0437\u043c\u0435\u0440\u043e\u0432 \u0431\u0443\u043a\u0435\u0442\u0430:<\/p>\n<p>\u041d\u0435\u0431\u043e\u043b\u044c\u0448\u043e\u0439 \u0431\u0443\u043a\u0435\u0442 &#8212; 5 \u0440\u043e\u0437 \u0438 6 \u0430\u043b\u044c\u0441\u0442\u0440\u043e\u043c\u0435\u0440\u0438\u0439;<\/p>\n<p>\u0421\u0440\u0435\u0434\u043d\u0438\u0439 \u0431\u0443\u043a\u0435\u0442 &#8212; 10 \u0440\u043e\u0437 \u0438 9 \u0430\u043b\u044c\u0441\u0442\u0440\u043e\u043c\u0435\u0440\u0438\u0439;<\/p>\n<p>\u0411\u043e\u043b\u044c\u0448\u043e\u0439 \u0431\u0443\u043a\u0435\u0442 &#8212; 15 \u0440\u043e\u0437 \u0438 12 \u0430\u043b\u044c\u0441\u0442\u0440\u043e\u043c\u0435\u0440\u0438\u0439.<\/p>\n<p><em><strong>\u0426\u0432\u0435\u0442\u0430 <span class=\"HwtZe\" lang=\"ru\"><span class=\"jCAhz ChMk0b C1N51c\"><span class=\"ryNqvb\">\u0430\u043b\u044c\u0441\u0442\u0440\u043e\u043c\u0435\u0440\u0438\u0438<\/span><\/span><\/span> \u0432\u044b\u0431\u0438\u0440\u0430\u044e\u0442\u0441\u044f \u0438\u0437 \u0442\u0435\u0445, \u0447\u0442\u043e \u0435\u0441\u0442\u044c \u0432 \u043f\u0440\u043e\u0434\u0430\u0436\u0435 \u043d\u0430 \u0434\u0430\u043d\u043d\u044b\u0439 \u043c\u043e\u043c\u0435\u043d\u0442, \u0435\u0441\u043b\u0438 \u0432\u0430\u043c \u043d\u0443\u0436\u0435\u043d \u043a\u043e\u043d\u043a\u0440\u0435\u0442\u043d\u044b\u0439 \u0446\u0432\u0435\u0442, \u0441\u0432\u044f\u0436\u0438\u0442\u0435\u0441\u044c \u0441 \u043d\u0430\u043c\u0438.<\/strong><\/em><\/p>\n","protected":false},"featured_media":44122,"template":"","meta":[],"product_brand":[],"product_cat":[975,1000,977,1028,970,971,976,969,972,965,967,966,968,1018,999,964,1902],"product_tag":[],"class_list":{"0":"post-31086","1":"product","2":"type-product","3":"status-publish","4":"has-post-thumbnail","6":"product_cat-14--","7":"product_cat-1000","8":"product_cat-977","9":"product_cat-1028","10":"product_cat-970","11":"product_cat-971","12":"product_cat-976","13":"product_cat-969","14":"product_cat-972","15":"product_cat-965","16":"product_cat-967","17":"product_cat-966","18":"product_cat-968","19":"product_cat-1018","20":"product_cat-999","21":"product_cat-964","22":"product_cat-1902","23":"tm-has-options","25":"first","26":"instock","27":"taxable","28":"shipping-taxable","29":"purchasable","30":"product-type-variable"},"yoast_head":"<!-- This site is optimized with the Yoast SEO plugin v25.3 - https:\/\/yoast.com\/wordpress\/plugins\/seo\/ -->\n<title>\u0411\u0443\u043a\u0435\u0442 \u0438\u0437 \u0436\u0435\u043b\u0442\u044b\u0445 \u0440\u043e\u0437 \u0438 \u0430\u043b\u044c\u0441\u0442\u0440\u043e\u043c\u0435\u0440\u043e\u0432 | \u041d\u0435\u0436\u043d\u044b\u0435 \u0431\u0443\u043a\u0435\u0442\u044b | Gintar\u0117sG\u0117l\u0117s<\/title>\n<meta name=\"description\" content=\"\u042f\u0440\u043a\u043e-\u0436\u0435\u043b\u0442\u044b\u0435 \u0440\u043e\u0437\u044b \u043f\u0440\u0435\u043a\u0440\u0430\u0441\u043d\u043e \u0441\u043e\u0447\u0435\u0442\u0430\u044e\u0442\u0441\u044f \u0441 \u043a\u0440\u0430\u0441\u043e\u0447\u043d\u044b\u043c\u0438 \u0430\u043b\u044c\u0441\u0442\u0440\u043e\u043c\u0435\u0440\u0430\u043c\u0438 \u0438 \u043e\u0434\u043d\u043e\u0432\u0440\u0435\u043c\u0435\u043d\u043d\u043e \u0441\u043e\u0437\u0434\u0430\u044e\u0442 \u043e\u0431\u0440\u0430\u0437 \u0438\u0433\u0440\u0438\u0432\u043e\u0433\u043e, \u043d\u043e \u0432 \u0442\u043e \u0436\u0435 \u0432\u0440\u0435\u043c\u044f \u043e\u0447\u0430\u0440\u043e\u0432\u0430\u0442\u0435\u043b\u044c\u043d\u043e\u0433\u043e \u0431\u0443\u043a\u0435\u0442\u0430.\" \/>\n<meta name=\"robots\" content=\"index, follow, max-snippet:-1, max-image-preview:large, max-video-preview:-1\" \/>\n<link rel=\"canonical\" href=\"https:\/\/www.gintaresgeles.lt\/ru\/puokste\/%d0%b1%d1%83%d0%ba%d0%b5%d1%82-%d0%b8%d0%b7-%d0%b6%d0%b5%d0%bb%d1%82%d1%8b%d1%85-%d1%80%d0%be%d0%b7-%d0%b8-%d0%b0%d0%bb%d1%8c%d1%81%d1%82%d1%80%d0%be%d0%bc%d0%b5%d1%80%d0%be%d0%b2\/\" \/>\n<meta property=\"og:locale\" content=\"ru_RU\" \/>\n<meta property=\"og:type\" content=\"article\" \/>\n<meta property=\"og:title\" content=\"\u0411\u0443\u043a\u0435\u0442 \u0438\u0437 \u0436\u0435\u043b\u0442\u044b\u0445 \u0440\u043e\u0437 \u0438 \u0430\u043b\u044c\u0441\u0442\u0440\u043e\u043c\u0435\u0440\u043e\u0432 | \u041d\u0435\u0436\u043d\u044b\u0435 \u0431\u0443\u043a\u0435\u0442\u044b | Gintar\u0117sG\u0117l\u0117s\" \/>\n<meta property=\"og:description\" content=\"\u042f\u0440\u043a\u043e-\u0436\u0435\u043b\u0442\u044b\u0435 \u0440\u043e\u0437\u044b \u043f\u0440\u0435\u043a\u0440\u0430\u0441\u043d\u043e \u0441\u043e\u0447\u0435\u0442\u0430\u044e\u0442\u0441\u044f \u0441 \u043a\u0440\u0430\u0441\u043e\u0447\u043d\u044b\u043c\u0438 \u0430\u043b\u044c\u0441\u0442\u0440\u043e\u043c\u0435\u0440\u0430\u043c\u0438 \u0438 \u043e\u0434\u043d\u043e\u0432\u0440\u0435\u043c\u0435\u043d\u043d\u043e \u0441\u043e\u0437\u0434\u0430\u044e\u0442 \u043e\u0431\u0440\u0430\u0437 \u0438\u0433\u0440\u0438\u0432\u043e\u0433\u043e, \u043d\u043e \u0432 \u0442\u043e \u0436\u0435 \u0432\u0440\u0435\u043c\u044f \u043e\u0447\u0430\u0440\u043e\u0432\u0430\u0442\u0435\u043b\u044c\u043d\u043e\u0433\u043e \u0431\u0443\u043a\u0435\u0442\u0430.\" \/>\n<meta property=\"og:url\" content=\"https:\/\/www.gintaresgeles.lt\/ru\/puokste\/%d0%b1%d1%83%d0%ba%d0%b5%d1%82-%d0%b8%d0%b7-%d0%b6%d0%b5%d0%bb%d1%82%d1%8b%d1%85-%d1%80%d0%be%d0%b7-%d0%b8-%d0%b0%d0%bb%d1%8c%d1%81%d1%82%d1%80%d0%be%d0%bc%d0%b5%d1%80%d0%be%d0%b2\/\" \/>\n<meta property=\"og:site_name\" content=\"gintaresgeles.lt\" \/>\n<meta property=\"article:modified_time\" content=\"2026-02-18T09:42:36+00:00\" \/>\n<meta property=\"og:image\" content=\"https:\/\/www.gintaresgeles.lt\/wp-content\/uploads\/2017\/01\/geltonos-rozes-ir-alstromerijos-puoksteje-gimtadienio-geles.jpg\" \/>\n\t<meta property=\"og:image:width\" content=\"1200\" \/>\n\t<meta property=\"og:image:height\" content=\"1200\" \/>\n\t<meta property=\"og:image:type\" content=\"image\/jpeg\" \/>\n<meta name=\"twitter:card\" content=\"summary_large_image\" \/>\n<script type=\"application\/ld+json\" class=\"yoast-schema-graph\">{\"@context\":\"https:\/\/schema.org\",\"@graph\":[{\"@type\":\"WebPage\",\"@id\":\"https:\/\/www.gintaresgeles.lt\/ru\/puokste\/%d0%b1%d1%83%d0%ba%d0%b5%d1%82-%d0%b8%d0%b7-%d0%b6%d0%b5%d0%bb%d1%82%d1%8b%d1%85-%d1%80%d0%be%d0%b7-%d0%b8-%d0%b0%d0%bb%d1%8c%d1%81%d1%82%d1%80%d0%be%d0%bc%d0%b5%d1%80%d0%be%d0%b2\/\",\"url\":\"https:\/\/www.gintaresgeles.lt\/ru\/puokste\/%d0%b1%d1%83%d0%ba%d0%b5%d1%82-%d0%b8%d0%b7-%d0%b6%d0%b5%d0%bb%d1%82%d1%8b%d1%85-%d1%80%d0%be%d0%b7-%d0%b8-%d0%b0%d0%bb%d1%8c%d1%81%d1%82%d1%80%d0%be%d0%bc%d0%b5%d1%80%d0%be%d0%b2\/\",\"name\":\"\u0411\u0443\u043a\u0435\u0442 \u0438\u0437 \u0436\u0435\u043b\u0442\u044b\u0445 \u0440\u043e\u0437 \u0438 \u0430\u043b\u044c\u0441\u0442\u0440\u043e\u043c\u0435\u0440\u043e\u0432 | \u041d\u0435\u0436\u043d\u044b\u0435 \u0431\u0443\u043a\u0435\u0442\u044b | Gintar\u0117sG\u0117l\u0117s\",\"isPartOf\":{\"@id\":\"https:\/\/www.gintaresgeles.lt\/ru\/#website\"},\"primaryImageOfPage\":{\"@id\":\"https:\/\/www.gintaresgeles.lt\/ru\/puokste\/%d0%b1%d1%83%d0%ba%d0%b5%d1%82-%d0%b8%d0%b7-%d0%b6%d0%b5%d0%bb%d1%82%d1%8b%d1%85-%d1%80%d0%be%d0%b7-%d0%b8-%d0%b0%d0%bb%d1%8c%d1%81%d1%82%d1%80%d0%be%d0%bc%d0%b5%d1%80%d0%be%d0%b2\/#primaryimage\"},\"image\":{\"@id\":\"https:\/\/www.gintaresgeles.lt\/ru\/puokste\/%d0%b1%d1%83%d0%ba%d0%b5%d1%82-%d0%b8%d0%b7-%d0%b6%d0%b5%d0%bb%d1%82%d1%8b%d1%85-%d1%80%d0%be%d0%b7-%d0%b8-%d0%b0%d0%bb%d1%8c%d1%81%d1%82%d1%80%d0%be%d0%bc%d0%b5%d1%80%d0%be%d0%b2\/#primaryimage\"},\"thumbnailUrl\":\"https:\/\/www.gintaresgeles.lt\/wp-content\/uploads\/2017\/01\/geltonos-rozes-ir-alstromerijos-puoksteje-gimtadienio-geles.jpg\",\"datePublished\":\"2017-01-03T06:57:17+00:00\",\"dateModified\":\"2026-02-18T09:42:36+00:00\",\"description\":\"\u042f\u0440\u043a\u043e-\u0436\u0435\u043b\u0442\u044b\u0435 \u0440\u043e\u0437\u044b \u043f\u0440\u0435\u043a\u0440\u0430\u0441\u043d\u043e \u0441\u043e\u0447\u0435\u0442\u0430\u044e\u0442\u0441\u044f \u0441 \u043a\u0440\u0430\u0441\u043e\u0447\u043d\u044b\u043c\u0438 \u0430\u043b\u044c\u0441\u0442\u0440\u043e\u043c\u0435\u0440\u0430\u043c\u0438 \u0438 \u043e\u0434\u043d\u043e\u0432\u0440\u0435\u043c\u0435\u043d\u043d\u043e \u0441\u043e\u0437\u0434\u0430\u044e\u0442 \u043e\u0431\u0440\u0430\u0437 \u0438\u0433\u0440\u0438\u0432\u043e\u0433\u043e, \u043d\u043e \u0432 \u0442\u043e \u0436\u0435 \u0432\u0440\u0435\u043c\u044f \u043e\u0447\u0430\u0440\u043e\u0432\u0430\u0442\u0435\u043b\u044c\u043d\u043e\u0433\u043e \u0431\u0443\u043a\u0435\u0442\u0430.\",\"breadcrumb\":{\"@id\":\"https:\/\/www.gintaresgeles.lt\/ru\/puokste\/%d0%b1%d1%83%d0%ba%d0%b5%d1%82-%d0%b8%d0%b7-%d0%b6%d0%b5%d0%bb%d1%82%d1%8b%d1%85-%d1%80%d0%be%d0%b7-%d0%b8-%d0%b0%d0%bb%d1%8c%d1%81%d1%82%d1%80%d0%be%d0%bc%d0%b5%d1%80%d0%be%d0%b2\/#breadcrumb\"},\"inLanguage\":\"ru-RU\",\"potentialAction\":[{\"@type\":\"ReadAction\",\"target\":[\"https:\/\/www.gintaresgeles.lt\/ru\/puokste\/%d0%b1%d1%83%d0%ba%d0%b5%d1%82-%d0%b8%d0%b7-%d0%b6%d0%b5%d0%bb%d1%82%d1%8b%d1%85-%d1%80%d0%be%d0%b7-%d0%b8-%d0%b0%d0%bb%d1%8c%d1%81%d1%82%d1%80%d0%be%d0%bc%d0%b5%d1%80%d0%be%d0%b2\/\"]}]},{\"@type\":\"ImageObject\",\"inLanguage\":\"ru-RU\",\"@id\":\"https:\/\/www.gintaresgeles.lt\/ru\/puokste\/%d0%b1%d1%83%d0%ba%d0%b5%d1%82-%d0%b8%d0%b7-%d0%b6%d0%b5%d0%bb%d1%82%d1%8b%d1%85-%d1%80%d0%be%d0%b7-%d0%b8-%d0%b0%d0%bb%d1%8c%d1%81%d1%82%d1%80%d0%be%d0%bc%d0%b5%d1%80%d0%be%d0%b2\/#primaryimage\",\"url\":\"https:\/\/www.gintaresgeles.lt\/wp-content\/uploads\/2017\/01\/geltonos-rozes-ir-alstromerijos-puoksteje-gimtadienio-geles.jpg\",\"contentUrl\":\"https:\/\/www.gintaresgeles.lt\/wp-content\/uploads\/2017\/01\/geltonos-rozes-ir-alstromerijos-puoksteje-gimtadienio-geles.jpg\",\"width\":1200,\"height\":1200,\"caption\":\"Gelton\u0173 ro\u017ei\u0173 ir ivairiaspalvi\u0173 alstromerij\u0173 puok\u0161t\u0117 g\u0117l\u0117s moterims\"},{\"@type\":\"BreadcrumbList\",\"@id\":\"https:\/\/www.gintaresgeles.lt\/ru\/puokste\/%d0%b1%d1%83%d0%ba%d0%b5%d1%82-%d0%b8%d0%b7-%d0%b6%d0%b5%d0%bb%d1%82%d1%8b%d1%85-%d1%80%d0%be%d0%b7-%d0%b8-%d0%b0%d0%bb%d1%8c%d1%81%d1%82%d1%80%d0%be%d0%bc%d0%b5%d1%80%d0%be%d0%b2\/#breadcrumb\",\"itemListElement\":[{\"@type\":\"ListItem\",\"position\":1,\"name\":\"Prad\u017eia\",\"item\":\"https:\/\/www.gintaresgeles.lt\/ru\/\"},{\"@type\":\"ListItem\",\"position\":2,\"name\":\"\u0412\u0441\u0435 \u0446\u0432\u0435\u0442\u044b \u0438 \u0434\u0440\u0443\u0433\u0438\u0435 \u043f\u0440\u043e\u0434\u0443\u043a\u0442\u044b\",\"item\":\"https:\/\/www.gintaresgeles.lt\/ru\/vse-cvety-i-drugie-produkty\/\"},{\"@type\":\"ListItem\",\"position\":3,\"name\":\"\u0411\u0443\u043a\u0435\u0442 \u0438\u0437 \u0436\u0435\u043b\u0442\u044b\u0445 \u0440\u043e\u0437 \u0438 \u0430\u043b\u044c\u0441\u0442\u0440\u043e\u043c\u0435\u0440\u043e\u0432\"}]},{\"@type\":\"WebSite\",\"@id\":\"https:\/\/www.gintaresgeles.lt\/ru\/#website\",\"url\":\"https:\/\/www.gintaresgeles.lt\/ru\/\",\"name\":\"Gintares Geles\",\"description\":\"\u0414\u043e\u0441\u0442\u0430\u0432\u043a\u0430 \u0446\u0432\u0435\u0442\u043e\u0432 \u0432 \u0412\u0438\u043b\u044c\u043d\u044e\u0441\u0435 | \u0412 \u0442\u043e\u0442 \u0436\u0435 \u0434\u0435\u043d\u044c | Gintares geles\",\"potentialAction\":[{\"@type\":\"SearchAction\",\"target\":{\"@type\":\"EntryPoint\",\"urlTemplate\":\"https:\/\/www.gintaresgeles.lt\/ru\/?s={search_term_string}\"},\"query-input\":{\"@type\":\"PropertyValueSpecification\",\"valueRequired\":true,\"valueName\":\"search_term_string\"}}],\"inLanguage\":\"ru-RU\"}]}<\/script>\n<!-- \/ Yoast SEO plugin. -->","yoast_head_json":{"title":"\u0411\u0443\u043a\u0435\u0442 \u0438\u0437 \u0436\u0435\u043b\u0442\u044b\u0445 \u0440\u043e\u0437 \u0438 \u0430\u043b\u044c\u0441\u0442\u0440\u043e\u043c\u0435\u0440\u043e\u0432 | \u041d\u0435\u0436\u043d\u044b\u0435 \u0431\u0443\u043a\u0435\u0442\u044b | Gintar\u0117sG\u0117l\u0117s","description":"\u042f\u0440\u043a\u043e-\u0436\u0435\u043b\u0442\u044b\u0435 \u0440\u043e\u0437\u044b \u043f\u0440\u0435\u043a\u0440\u0430\u0441\u043d\u043e \u0441\u043e\u0447\u0435\u0442\u0430\u044e\u0442\u0441\u044f \u0441 \u043a\u0440\u0430\u0441\u043e\u0447\u043d\u044b\u043c\u0438 \u0430\u043b\u044c\u0441\u0442\u0440\u043e\u043c\u0435\u0440\u0430\u043c\u0438 \u0438 \u043e\u0434\u043d\u043e\u0432\u0440\u0435\u043c\u0435\u043d\u043d\u043e \u0441\u043e\u0437\u0434\u0430\u044e\u0442 \u043e\u0431\u0440\u0430\u0437 \u0438\u0433\u0440\u0438\u0432\u043e\u0433\u043e, \u043d\u043e \u0432 \u0442\u043e \u0436\u0435 \u0432\u0440\u0435\u043c\u044f \u043e\u0447\u0430\u0440\u043e\u0432\u0430\u0442\u0435\u043b\u044c\u043d\u043e\u0433\u043e \u0431\u0443\u043a\u0435\u0442\u0430.","robots":{"index":"index","follow":"follow","max-snippet":"max-snippet:-1","max-image-preview":"max-image-preview:large","max-video-preview":"max-video-preview:-1"},"canonical":"https:\/\/www.gintaresgeles.lt\/ru\/puokste\/%d0%b1%d1%83%d0%ba%d0%b5%d1%82-%d0%b8%d0%b7-%d0%b6%d0%b5%d0%bb%d1%82%d1%8b%d1%85-%d1%80%d0%be%d0%b7-%d0%b8-%d0%b0%d0%bb%d1%8c%d1%81%d1%82%d1%80%d0%be%d0%bc%d0%b5%d1%80%d0%be%d0%b2\/","og_locale":"ru_RU","og_type":"article","og_title":"\u0411\u0443\u043a\u0435\u0442 \u0438\u0437 \u0436\u0435\u043b\u0442\u044b\u0445 \u0440\u043e\u0437 \u0438 \u0430\u043b\u044c\u0441\u0442\u0440\u043e\u043c\u0435\u0440\u043e\u0432 | \u041d\u0435\u0436\u043d\u044b\u0435 \u0431\u0443\u043a\u0435\u0442\u044b | Gintar\u0117sG\u0117l\u0117s","og_description":"\u042f\u0440\u043a\u043e-\u0436\u0435\u043b\u0442\u044b\u0435 \u0440\u043e\u0437\u044b \u043f\u0440\u0435\u043a\u0440\u0430\u0441\u043d\u043e \u0441\u043e\u0447\u0435\u0442\u0430\u044e\u0442\u0441\u044f \u0441 \u043a\u0440\u0430\u0441\u043e\u0447\u043d\u044b\u043c\u0438 \u0430\u043b\u044c\u0441\u0442\u0440\u043e\u043c\u0435\u0440\u0430\u043c\u0438 \u0438 \u043e\u0434\u043d\u043e\u0432\u0440\u0435\u043c\u0435\u043d\u043d\u043e \u0441\u043e\u0437\u0434\u0430\u044e\u0442 \u043e\u0431\u0440\u0430\u0437 \u0438\u0433\u0440\u0438\u0432\u043e\u0433\u043e, \u043d\u043e \u0432 \u0442\u043e \u0436\u0435 \u0432\u0440\u0435\u043c\u044f \u043e\u0447\u0430\u0440\u043e\u0432\u0430\u0442\u0435\u043b\u044c\u043d\u043e\u0433\u043e \u0431\u0443\u043a\u0435\u0442\u0430.","og_url":"https:\/\/www.gintaresgeles.lt\/ru\/puokste\/%d0%b1%d1%83%d0%ba%d0%b5%d1%82-%d0%b8%d0%b7-%d0%b6%d0%b5%d0%bb%d1%82%d1%8b%d1%85-%d1%80%d0%be%d0%b7-%d0%b8-%d0%b0%d0%bb%d1%8c%d1%81%d1%82%d1%80%d0%be%d0%bc%d0%b5%d1%80%d0%be%d0%b2\/","og_site_name":"gintaresgeles.lt","article_modified_time":"2026-02-18T09:42:36+00:00","og_image":[{"width":1200,"height":1200,"url":"https:\/\/www.gintaresgeles.lt\/wp-content\/uploads\/2017\/01\/geltonos-rozes-ir-alstromerijos-puoksteje-gimtadienio-geles.jpg","type":"image\/jpeg"}],"twitter_card":"summary_large_image","schema":{"@context":"https:\/\/schema.org","@graph":[{"@type":"WebPage","@id":"https:\/\/www.gintaresgeles.lt\/ru\/puokste\/%d0%b1%d1%83%d0%ba%d0%b5%d1%82-%d0%b8%d0%b7-%d0%b6%d0%b5%d0%bb%d1%82%d1%8b%d1%85-%d1%80%d0%be%d0%b7-%d0%b8-%d0%b0%d0%bb%d1%8c%d1%81%d1%82%d1%80%d0%be%d0%bc%d0%b5%d1%80%d0%be%d0%b2\/","url":"https:\/\/www.gintaresgeles.lt\/ru\/puokste\/%d0%b1%d1%83%d0%ba%d0%b5%d1%82-%d0%b8%d0%b7-%d0%b6%d0%b5%d0%bb%d1%82%d1%8b%d1%85-%d1%80%d0%be%d0%b7-%d0%b8-%d0%b0%d0%bb%d1%8c%d1%81%d1%82%d1%80%d0%be%d0%bc%d0%b5%d1%80%d0%be%d0%b2\/","name":"\u0411\u0443\u043a\u0435\u0442 \u0438\u0437 \u0436\u0435\u043b\u0442\u044b\u0445 \u0440\u043e\u0437 \u0438 \u0430\u043b\u044c\u0441\u0442\u0440\u043e\u043c\u0435\u0440\u043e\u0432 | \u041d\u0435\u0436\u043d\u044b\u0435 \u0431\u0443\u043a\u0435\u0442\u044b | Gintar\u0117sG\u0117l\u0117s","isPartOf":{"@id":"https:\/\/www.gintaresgeles.lt\/ru\/#website"},"primaryImageOfPage":{"@id":"https:\/\/www.gintaresgeles.lt\/ru\/puokste\/%d0%b1%d1%83%d0%ba%d0%b5%d1%82-%d0%b8%d0%b7-%d0%b6%d0%b5%d0%bb%d1%82%d1%8b%d1%85-%d1%80%d0%be%d0%b7-%d0%b8-%d0%b0%d0%bb%d1%8c%d1%81%d1%82%d1%80%d0%be%d0%bc%d0%b5%d1%80%d0%be%d0%b2\/#primaryimage"},"image":{"@id":"https:\/\/www.gintaresgeles.lt\/ru\/puokste\/%d0%b1%d1%83%d0%ba%d0%b5%d1%82-%d0%b8%d0%b7-%d0%b6%d0%b5%d0%bb%d1%82%d1%8b%d1%85-%d1%80%d0%be%d0%b7-%d0%b8-%d0%b0%d0%bb%d1%8c%d1%81%d1%82%d1%80%d0%be%d0%bc%d0%b5%d1%80%d0%be%d0%b2\/#primaryimage"},"thumbnailUrl":"https:\/\/www.gintaresgeles.lt\/wp-content\/uploads\/2017\/01\/geltonos-rozes-ir-alstromerijos-puoksteje-gimtadienio-geles.jpg","datePublished":"2017-01-03T06:57:17+00:00","dateModified":"2026-02-18T09:42:36+00:00","description":"\u042f\u0440\u043a\u043e-\u0436\u0435\u043b\u0442\u044b\u0435 \u0440\u043e\u0437\u044b \u043f\u0440\u0435\u043a\u0440\u0430\u0441\u043d\u043e \u0441\u043e\u0447\u0435\u0442\u0430\u044e\u0442\u0441\u044f \u0441 \u043a\u0440\u0430\u0441\u043e\u0447\u043d\u044b\u043c\u0438 \u0430\u043b\u044c\u0441\u0442\u0440\u043e\u043c\u0435\u0440\u0430\u043c\u0438 \u0438 \u043e\u0434\u043d\u043e\u0432\u0440\u0435\u043c\u0435\u043d\u043d\u043e \u0441\u043e\u0437\u0434\u0430\u044e\u0442 \u043e\u0431\u0440\u0430\u0437 \u0438\u0433\u0440\u0438\u0432\u043e\u0433\u043e, \u043d\u043e \u0432 \u0442\u043e \u0436\u0435 \u0432\u0440\u0435\u043c\u044f \u043e\u0447\u0430\u0440\u043e\u0432\u0430\u0442\u0435\u043b\u044c\u043d\u043e\u0433\u043e \u0431\u0443\u043a\u0435\u0442\u0430.","breadcrumb":{"@id":"https:\/\/www.gintaresgeles.lt\/ru\/puokste\/%d0%b1%d1%83%d0%ba%d0%b5%d1%82-%d0%b8%d0%b7-%d0%b6%d0%b5%d0%bb%d1%82%d1%8b%d1%85-%d1%80%d0%be%d0%b7-%d0%b8-%d0%b0%d0%bb%d1%8c%d1%81%d1%82%d1%80%d0%be%d0%bc%d0%b5%d1%80%d0%be%d0%b2\/#breadcrumb"},"inLanguage":"ru-RU","potentialAction":[{"@type":"ReadAction","target":["https:\/\/www.gintaresgeles.lt\/ru\/puokste\/%d0%b1%d1%83%d0%ba%d0%b5%d1%82-%d0%b8%d0%b7-%d0%b6%d0%b5%d0%bb%d1%82%d1%8b%d1%85-%d1%80%d0%be%d0%b7-%d0%b8-%d0%b0%d0%bb%d1%8c%d1%81%d1%82%d1%80%d0%be%d0%bc%d0%b5%d1%80%d0%be%d0%b2\/"]}]},{"@type":"ImageObject","inLanguage":"ru-RU","@id":"https:\/\/www.gintaresgeles.lt\/ru\/puokste\/%d0%b1%d1%83%d0%ba%d0%b5%d1%82-%d0%b8%d0%b7-%d0%b6%d0%b5%d0%bb%d1%82%d1%8b%d1%85-%d1%80%d0%be%d0%b7-%d0%b8-%d0%b0%d0%bb%d1%8c%d1%81%d1%82%d1%80%d0%be%d0%bc%d0%b5%d1%80%d0%be%d0%b2\/#primaryimage","url":"https:\/\/www.gintaresgeles.lt\/wp-content\/uploads\/2017\/01\/geltonos-rozes-ir-alstromerijos-puoksteje-gimtadienio-geles.jpg","contentUrl":"https:\/\/www.gintaresgeles.lt\/wp-content\/uploads\/2017\/01\/geltonos-rozes-ir-alstromerijos-puoksteje-gimtadienio-geles.jpg","width":1200,"height":1200,"caption":"Gelton\u0173 ro\u017ei\u0173 ir ivairiaspalvi\u0173 alstromerij\u0173 puok\u0161t\u0117 g\u0117l\u0117s moterims"},{"@type":"BreadcrumbList","@id":"https:\/\/www.gintaresgeles.lt\/ru\/puokste\/%d0%b1%d1%83%d0%ba%d0%b5%d1%82-%d0%b8%d0%b7-%d0%b6%d0%b5%d0%bb%d1%82%d1%8b%d1%85-%d1%80%d0%be%d0%b7-%d0%b8-%d0%b0%d0%bb%d1%8c%d1%81%d1%82%d1%80%d0%be%d0%bc%d0%b5%d1%80%d0%be%d0%b2\/#breadcrumb","itemListElement":[{"@type":"ListItem","position":1,"name":"Prad\u017eia","item":"https:\/\/www.gintaresgeles.lt\/ru\/"},{"@type":"ListItem","position":2,"name":"\u0412\u0441\u0435 \u0446\u0432\u0435\u0442\u044b \u0438 \u0434\u0440\u0443\u0433\u0438\u0435 \u043f\u0440\u043e\u0434\u0443\u043a\u0442\u044b","item":"https:\/\/www.gintaresgeles.lt\/ru\/vse-cvety-i-drugie-produkty\/"},{"@type":"ListItem","position":3,"name":"\u0411\u0443\u043a\u0435\u0442 \u0438\u0437 \u0436\u0435\u043b\u0442\u044b\u0445 \u0440\u043e\u0437 \u0438 \u0430\u043b\u044c\u0441\u0442\u0440\u043e\u043c\u0435\u0440\u043e\u0432"}]},{"@type":"WebSite","@id":"https:\/\/www.gintaresgeles.lt\/ru\/#website","url":"https:\/\/www.gintaresgeles.lt\/ru\/","name":"Gintares Geles","description":"\u0414\u043e\u0441\u0442\u0430\u0432\u043a\u0430 \u0446\u0432\u0435\u0442\u043e\u0432 \u0432 \u0412\u0438\u043b\u044c\u043d\u044e\u0441\u0435 | \u0412 \u0442\u043e\u0442 \u0436\u0435 \u0434\u0435\u043d\u044c | Gintares geles","potentialAction":[{"@type":"SearchAction","target":{"@type":"EntryPoint","urlTemplate":"https:\/\/www.gintaresgeles.lt\/ru\/?s={search_term_string}"},"query-input":{"@type":"PropertyValueSpecification","valueRequired":true,"valueName":"search_term_string"}}],"inLanguage":"ru-RU"}]}},"_links":{"self":[{"href":"https:\/\/www.gintaresgeles.lt\/ru\/wp-json\/wp\/v2\/product\/31086","targetHints":{"allow":["GET"]}}],"collection":[{"href":"https:\/\/www.gintaresgeles.lt\/ru\/wp-json\/wp\/v2\/product"}],"about":[{"href":"https:\/\/www.gintaresgeles.lt\/ru\/wp-json\/wp\/v2\/types\/product"}],"wp:featuredmedia":[{"embeddable":true,"href":"https:\/\/www.gintaresgeles.lt\/ru\/wp-json\/wp\/v2\/media\/44122"}],"wp:attachment":[{"href":"https:\/\/www.gintaresgeles.lt\/ru\/wp-json\/wp\/v2\/media?parent=31086"}],"wp:term":[{"taxonomy":"product_brand","embeddable":true,"href":"https:\/\/www.gintaresgeles.lt\/ru\/wp-json\/wp\/v2\/product_brand?post=31086"},{"taxonomy":"product_cat","embeddable":true,"href":"https:\/\/www.gintaresgeles.lt\/ru\/wp-json\/wp\/v2\/product_cat?post=31086"},{"taxonomy":"product_tag","embeddable":true,"href":"https:\/\/www.gintaresgeles.lt\/ru\/wp-json\/wp\/v2\/product_tag?post=31086"}],"curies":[{"name":"wp","href":"https:\/\/api.w.org\/{rel}","templated":true}]}}