{"id":37021,"date":"2021-06-03T14:37:59","date_gmt":"2021-06-03T12:38:00","guid":{"rendered":"https:\/\/www.gintaresgeles.lt\/?post_type=product&#038;p=37021"},"modified":"2025-05-29T02:00:33","modified_gmt":"2025-05-29T00:00:33","slug":"%d0%b1%d1%83%d0%ba%d0%b5%d1%82-%d0%bf%d0%b0%d1%81%d1%82%d0%b5%d0%bb%d1%8c%d0%bd%d1%8b%d1%85-%d1%86%d0%b2%d0%b5%d1%82%d0%be%d0%b2","status":"publish","type":"product","link":"https:\/\/www.gintaresgeles.lt\/ru\/puokste\/%d0%b1%d1%83%d0%ba%d0%b5%d1%82-%d0%bf%d0%b0%d1%81%d1%82%d0%b5%d0%bb%d1%8c%d0%bd%d1%8b%d1%85-%d1%86%d0%b2%d0%b5%d1%82%d0%be%d0%b2\/","title":{"rendered":"\u0411\u0443\u043a\u0435\u0442 \u043f\u0430\u0441\u0442\u0435\u043b\u044c\u043d\u044b\u0445 \u0446\u0432\u0435\u0442\u043e\u0432"},"content":{"rendered":"","protected":false},"excerpt":{"rendered":"<p>\u0412\u0435\u0441\u043d\u0430, \u043f\u0440\u0438\u0431\u043b\u0438\u0436\u0430\u044e\u0449\u0430\u044f\u0441\u044f \u0442\u0435\u043f\u043b\u0430\u044f \u043f\u043e\u0433\u043e\u0434\u0430, \u0445\u043e\u0440\u043e\u0448\u0435\u0435 \u043d\u0430\u0441\u0442\u0440\u043e\u0435\u043d\u0438\u0435, \u0432\u044b \u0438\u0449\u0435\u0442\u0435 \u0447\u0442\u043e-\u0442\u043e \u043f\u043e\u0434\u043e\u0431\u043d\u043e\u0435 \u0432 \u0441\u0432\u043e\u0435\u043c \u0432\u044b\u0431\u043e\u0440\u0435 \u0446\u0432\u0435\u0442\u043e\u0432? \u041d\u0435\u0438\u0437\u0431\u0435\u0436\u043d\u044b\u0439 \u0431\u0443\u043a\u0435\u0442 \u0446\u0432\u0435\u0442\u043e\u0432, \u0432 \u043a\u043e\u0442\u043e\u0440\u043e\u043c \u043a\u0440\u0430\u0441\u043a\u0438 \u043f\u0440\u0438\u0434\u0430\u044e\u0442 \u043d\u0435\u043e\u043f\u0438\u0441\u0443\u0435\u043c\u043e\u0435 \u043e\u0447\u0430\u0440\u043e\u0432\u0430\u043d\u0438\u0435. \u041a\u0440\u0443\u0433 \u0434\u0440\u0443\u0437\u0435\u0439, \u043c\u0430\u043c\u0430, \u0441\u0435\u0441\u0442\u0440\u0430, \u0434\u0440\u0443\u0433 \u0441\u0435\u0440\u0434\u0446\u0430 \u043e\u0442\u043b\u0438\u0447\u043d\u043e \u0432\u043f\u0438\u0448\u0443\u0442\u0441\u044f \u0438 \u043f\u043e\u043b\u0443\u0447\u0430\u0442 \u0443\u0434\u043e\u0432\u043e\u043b\u044c\u0441\u0442\u0432\u0438\u0435.<\/p>\n<p><strong><span class=\"HwtZe\" lang=\"ru\"><span class=\"jCAhz ChMk0b\"><span class=\"ryNqvb\">\u0422\u0438\u043f \u0446\u0432\u0435\u0442\u043e\u0432 \u0432\u044b\u0431\u0438\u0440\u0430\u0435\u0442\u0441\u044f \u0441\u043b\u0443\u0447\u0430\u0439\u043d\u044b\u043c \u043e\u0431\u0440\u0430\u0437\u043e\u043c, \u0438\u0441\u0445\u043e\u0434\u044f \u0438\u0437 \u0442\u043e\u0433\u043e, \u0447\u0442\u043e \u0435\u0441\u0442\u044c \u043d\u0430 \u043c\u0435\u0441\u0442\u0435 \u043d\u0430 \u043c\u043e\u043c\u0435\u043d\u0442 \u0437\u0430\u043a\u0430\u0437\u0430.<\/span><\/span><\/span><\/strong><\/p>\n","protected":false},"featured_media":37033,"template":"","meta":[],"product_brand":[],"product_cat":[978,1000,977,970,971,976,972,965,967,966,968,973,1018,999,989,1026,1902,1025],"product_tag":[],"class_list":{"0":"post-37021","1":"product","2":"type-product","3":"status-publish","4":"has-post-thumbnail","6":"product_cat-978","7":"product_cat-1000","8":"product_cat-977","9":"product_cat-970","10":"product_cat-971","11":"product_cat-976","12":"product_cat-972","13":"product_cat-965","14":"product_cat-967","15":"product_cat-966","16":"product_cat-968","17":"product_cat-973","18":"product_cat-1018","19":"product_cat-999","20":"product_cat-989","21":"product_cat-1026","22":"product_cat-1902","23":"product_cat-1025","24":"tm-has-options","26":"first","27":"instock","28":"taxable","29":"shipping-taxable","30":"purchasable","31":"product-type-variable","32":"has-default-attributes"},"yoast_head":"<!-- This site is optimized with the Yoast SEO plugin v25.3 - https:\/\/yoast.com\/wordpress\/plugins\/seo\/ -->\n<title>\u0411\u0443\u043a\u0435\u0442 \u043f\u0430\u0441\u0442\u0435\u043b\u044c\u043d\u044b\u0445 \u0446\u0432\u0435\u0442\u043e\u0432 | \u0420\u0430\u0437\u043d\u043e\u0446\u0432\u0435\u0442\u043d\u0430\u044f \u043a\u043e\u0440\u043e\u0431\u043a\u0430 | Gintar\u0117s g\u0117l\u0117s<\/title>\n<meta name=\"description\" content=\"\u0425\u043e\u0442\u0438\u0442\u0435 \u043f\u043e\u0434\u0430\u0440\u0438\u0442\u044c \u0431\u0443\u043a\u0435\u0442 \u0446\u0432\u0435\u0442\u043e\u0432 \u0432 \u043f\u0430\u0441\u0442\u0435\u043b\u044c\u043d\u044b\u0445 \u0442\u043e\u043d\u0430\u0445? \u041e\u0442\u043b\u0438\u0447\u043d\u044b\u0439 \u0432\u044b\u0431\u043e\u0440 \u0434\u043b\u044f \u044d\u0442\u043e\u0433\u043e \u0431\u0443\u043a\u0435\u0442\u0430 \u0446\u0432\u0435\u0442\u043e\u0432!\" \/>\n<meta name=\"robots\" content=\"index, follow, max-snippet:-1, max-image-preview:large, max-video-preview:-1\" \/>\n<link rel=\"canonical\" href=\"https:\/\/www.gintaresgeles.lt\/ru\/puokste\/%d0%b1%d1%83%d0%ba%d0%b5%d1%82-%d0%bf%d0%b0%d1%81%d1%82%d0%b5%d0%bb%d1%8c%d0%bd%d1%8b%d1%85-%d1%86%d0%b2%d0%b5%d1%82%d0%be%d0%b2\/\" \/>\n<meta property=\"og:locale\" content=\"ru_RU\" \/>\n<meta property=\"og:type\" content=\"article\" \/>\n<meta property=\"og:title\" content=\"\u0411\u0443\u043a\u0435\u0442 \u043f\u0430\u0441\u0442\u0435\u043b\u044c\u043d\u044b\u0445 \u0446\u0432\u0435\u0442\u043e\u0432 | \u0420\u0430\u0437\u043d\u043e\u0446\u0432\u0435\u0442\u043d\u0430\u044f \u043a\u043e\u0440\u043e\u0431\u043a\u0430 | Gintar\u0117s g\u0117l\u0117s\" \/>\n<meta property=\"og:description\" content=\"\u0425\u043e\u0442\u0438\u0442\u0435 \u043f\u043e\u0434\u0430\u0440\u0438\u0442\u044c \u0431\u0443\u043a\u0435\u0442 \u0446\u0432\u0435\u0442\u043e\u0432 \u0432 \u043f\u0430\u0441\u0442\u0435\u043b\u044c\u043d\u044b\u0445 \u0442\u043e\u043d\u0430\u0445? \u041e\u0442\u043b\u0438\u0447\u043d\u044b\u0439 \u0432\u044b\u0431\u043e\u0440 \u0434\u043b\u044f \u044d\u0442\u043e\u0433\u043e \u0431\u0443\u043a\u0435\u0442\u0430 \u0446\u0432\u0435\u0442\u043e\u0432!\" \/>\n<meta property=\"og:url\" content=\"https:\/\/www.gintaresgeles.lt\/ru\/puokste\/%d0%b1%d1%83%d0%ba%d0%b5%d1%82-%d0%bf%d0%b0%d1%81%d1%82%d0%b5%d0%bb%d1%8c%d0%bd%d1%8b%d1%85-%d1%86%d0%b2%d0%b5%d1%82%d0%be%d0%b2\/\" \/>\n<meta property=\"og:site_name\" content=\"gintaresgeles.lt\" \/>\n<meta property=\"article:modified_time\" content=\"2025-05-29T00:00:33+00:00\" \/>\n<meta property=\"og:image\" content=\"https:\/\/www.gintaresgeles.lt\/wp-content\/uploads\/2021\/06\/pasteliniu-spalvu-geliu-puokste-geles-merginai-scaled.jpg\" \/>\n\t<meta property=\"og:image:width\" content=\"2560\" \/>\n\t<meta property=\"og:image:height\" content=\"2560\" \/>\n\t<meta property=\"og:image:type\" content=\"image\/jpeg\" \/>\n<meta name=\"twitter:card\" content=\"summary_large_image\" \/>\n<script type=\"application\/ld+json\" class=\"yoast-schema-graph\">{\"@context\":\"https:\/\/schema.org\",\"@graph\":[{\"@type\":\"WebPage\",\"@id\":\"https:\/\/www.gintaresgeles.lt\/ru\/puokste\/%d0%b1%d1%83%d0%ba%d0%b5%d1%82-%d0%bf%d0%b0%d1%81%d1%82%d0%b5%d0%bb%d1%8c%d0%bd%d1%8b%d1%85-%d1%86%d0%b2%d0%b5%d1%82%d0%be%d0%b2\/\",\"url\":\"https:\/\/www.gintaresgeles.lt\/ru\/puokste\/%d0%b1%d1%83%d0%ba%d0%b5%d1%82-%d0%bf%d0%b0%d1%81%d1%82%d0%b5%d0%bb%d1%8c%d0%bd%d1%8b%d1%85-%d1%86%d0%b2%d0%b5%d1%82%d0%be%d0%b2\/\",\"name\":\"\u0411\u0443\u043a\u0435\u0442 \u043f\u0430\u0441\u0442\u0435\u043b\u044c\u043d\u044b\u0445 \u0446\u0432\u0435\u0442\u043e\u0432 | \u0420\u0430\u0437\u043d\u043e\u0446\u0432\u0435\u0442\u043d\u0430\u044f \u043a\u043e\u0440\u043e\u0431\u043a\u0430 | Gintar\u0117s g\u0117l\u0117s\",\"isPartOf\":{\"@id\":\"https:\/\/www.gintaresgeles.lt\/ru\/#website\"},\"primaryImageOfPage\":{\"@id\":\"https:\/\/www.gintaresgeles.lt\/ru\/puokste\/%d0%b1%d1%83%d0%ba%d0%b5%d1%82-%d0%bf%d0%b0%d1%81%d1%82%d0%b5%d0%bb%d1%8c%d0%bd%d1%8b%d1%85-%d1%86%d0%b2%d0%b5%d1%82%d0%be%d0%b2\/#primaryimage\"},\"image\":{\"@id\":\"https:\/\/www.gintaresgeles.lt\/ru\/puokste\/%d0%b1%d1%83%d0%ba%d0%b5%d1%82-%d0%bf%d0%b0%d1%81%d1%82%d0%b5%d0%bb%d1%8c%d0%bd%d1%8b%d1%85-%d1%86%d0%b2%d0%b5%d1%82%d0%be%d0%b2\/#primaryimage\"},\"thumbnailUrl\":\"https:\/\/www.gintaresgeles.lt\/wp-content\/uploads\/2021\/06\/pasteliniu-spalvu-geliu-puokste-geles-merginai-scaled.jpg\",\"datePublished\":\"2021-06-03T12:38:00+00:00\",\"dateModified\":\"2025-05-29T00:00:33+00:00\",\"description\":\"\u0425\u043e\u0442\u0438\u0442\u0435 \u043f\u043e\u0434\u0430\u0440\u0438\u0442\u044c \u0431\u0443\u043a\u0435\u0442 \u0446\u0432\u0435\u0442\u043e\u0432 \u0432 \u043f\u0430\u0441\u0442\u0435\u043b\u044c\u043d\u044b\u0445 \u0442\u043e\u043d\u0430\u0445? \u041e\u0442\u043b\u0438\u0447\u043d\u044b\u0439 \u0432\u044b\u0431\u043e\u0440 \u0434\u043b\u044f \u044d\u0442\u043e\u0433\u043e \u0431\u0443\u043a\u0435\u0442\u0430 \u0446\u0432\u0435\u0442\u043e\u0432!\",\"breadcrumb\":{\"@id\":\"https:\/\/www.gintaresgeles.lt\/ru\/puokste\/%d0%b1%d1%83%d0%ba%d0%b5%d1%82-%d0%bf%d0%b0%d1%81%d1%82%d0%b5%d0%bb%d1%8c%d0%bd%d1%8b%d1%85-%d1%86%d0%b2%d0%b5%d1%82%d0%be%d0%b2\/#breadcrumb\"},\"inLanguage\":\"ru-RU\",\"potentialAction\":[{\"@type\":\"ReadAction\",\"target\":[\"https:\/\/www.gintaresgeles.lt\/ru\/puokste\/%d0%b1%d1%83%d0%ba%d0%b5%d1%82-%d0%bf%d0%b0%d1%81%d1%82%d0%b5%d0%bb%d1%8c%d0%bd%d1%8b%d1%85-%d1%86%d0%b2%d0%b5%d1%82%d0%be%d0%b2\/\"]}]},{\"@type\":\"ImageObject\",\"inLanguage\":\"ru-RU\",\"@id\":\"https:\/\/www.gintaresgeles.lt\/ru\/puokste\/%d0%b1%d1%83%d0%ba%d0%b5%d1%82-%d0%bf%d0%b0%d1%81%d1%82%d0%b5%d0%bb%d1%8c%d0%bd%d1%8b%d1%85-%d1%86%d0%b2%d0%b5%d1%82%d0%be%d0%b2\/#primaryimage\",\"url\":\"https:\/\/www.gintaresgeles.lt\/wp-content\/uploads\/2021\/06\/pasteliniu-spalvu-geliu-puokste-geles-merginai-scaled.jpg\",\"contentUrl\":\"https:\/\/www.gintaresgeles.lt\/wp-content\/uploads\/2021\/06\/pasteliniu-spalvu-geliu-puokste-geles-merginai-scaled.jpg\",\"width\":2560,\"height\":2560,\"caption\":\"\u0160viesi\u0173 pastelini\u0173 spalv\u0173 g\u0117li\u0173 puok\u0161t\u0117\"},{\"@type\":\"BreadcrumbList\",\"@id\":\"https:\/\/www.gintaresgeles.lt\/ru\/puokste\/%d0%b1%d1%83%d0%ba%d0%b5%d1%82-%d0%bf%d0%b0%d1%81%d1%82%d0%b5%d0%bb%d1%8c%d0%bd%d1%8b%d1%85-%d1%86%d0%b2%d0%b5%d1%82%d0%be%d0%b2\/#breadcrumb\",\"itemListElement\":[{\"@type\":\"ListItem\",\"position\":1,\"name\":\"Prad\u017eia\",\"item\":\"https:\/\/www.gintaresgeles.lt\/ru\/\"},{\"@type\":\"ListItem\",\"position\":2,\"name\":\"\u0412\u0441\u0435 \u0446\u0432\u0435\u0442\u044b \u0438 \u0434\u0440\u0443\u0433\u0438\u0435 \u043f\u0440\u043e\u0434\u0443\u043a\u0442\u044b\",\"item\":\"https:\/\/www.gintaresgeles.lt\/ru\/vse-cvety-i-drugie-produkty\/\"},{\"@type\":\"ListItem\",\"position\":3,\"name\":\"\u0411\u0443\u043a\u0435\u0442 \u043f\u0430\u0441\u0442\u0435\u043b\u044c\u043d\u044b\u0445 \u0446\u0432\u0435\u0442\u043e\u0432\"}]},{\"@type\":\"WebSite\",\"@id\":\"https:\/\/www.gintaresgeles.lt\/ru\/#website\",\"url\":\"https:\/\/www.gintaresgeles.lt\/ru\/\",\"name\":\"gintaresgeles.lt\",\"description\":\"G\u0117li\u0173 parduotuv\u0117 internete\",\"potentialAction\":[{\"@type\":\"SearchAction\",\"target\":{\"@type\":\"EntryPoint\",\"urlTemplate\":\"https:\/\/www.gintaresgeles.lt\/ru\/?s={search_term_string}\"},\"query-input\":{\"@type\":\"PropertyValueSpecification\",\"valueRequired\":true,\"valueName\":\"search_term_string\"}}],\"inLanguage\":\"ru-RU\"}]}<\/script>\n<!-- \/ Yoast SEO plugin. -->","yoast_head_json":{"title":"\u0411\u0443\u043a\u0435\u0442 \u043f\u0430\u0441\u0442\u0435\u043b\u044c\u043d\u044b\u0445 \u0446\u0432\u0435\u0442\u043e\u0432 | \u0420\u0430\u0437\u043d\u043e\u0446\u0432\u0435\u0442\u043d\u0430\u044f \u043a\u043e\u0440\u043e\u0431\u043a\u0430 | Gintar\u0117s g\u0117l\u0117s","description":"\u0425\u043e\u0442\u0438\u0442\u0435 \u043f\u043e\u0434\u0430\u0440\u0438\u0442\u044c \u0431\u0443\u043a\u0435\u0442 \u0446\u0432\u0435\u0442\u043e\u0432 \u0432 \u043f\u0430\u0441\u0442\u0435\u043b\u044c\u043d\u044b\u0445 \u0442\u043e\u043d\u0430\u0445? \u041e\u0442\u043b\u0438\u0447\u043d\u044b\u0439 \u0432\u044b\u0431\u043e\u0440 \u0434\u043b\u044f \u044d\u0442\u043e\u0433\u043e \u0431\u0443\u043a\u0435\u0442\u0430 \u0446\u0432\u0435\u0442\u043e\u0432!","robots":{"index":"index","follow":"follow","max-snippet":"max-snippet:-1","max-image-preview":"max-image-preview:large","max-video-preview":"max-video-preview:-1"},"canonical":"https:\/\/www.gintaresgeles.lt\/ru\/puokste\/%d0%b1%d1%83%d0%ba%d0%b5%d1%82-%d0%bf%d0%b0%d1%81%d1%82%d0%b5%d0%bb%d1%8c%d0%bd%d1%8b%d1%85-%d1%86%d0%b2%d0%b5%d1%82%d0%be%d0%b2\/","og_locale":"ru_RU","og_type":"article","og_title":"\u0411\u0443\u043a\u0435\u0442 \u043f\u0430\u0441\u0442\u0435\u043b\u044c\u043d\u044b\u0445 \u0446\u0432\u0435\u0442\u043e\u0432 | \u0420\u0430\u0437\u043d\u043e\u0446\u0432\u0435\u0442\u043d\u0430\u044f \u043a\u043e\u0440\u043e\u0431\u043a\u0430 | Gintar\u0117s g\u0117l\u0117s","og_description":"\u0425\u043e\u0442\u0438\u0442\u0435 \u043f\u043e\u0434\u0430\u0440\u0438\u0442\u044c \u0431\u0443\u043a\u0435\u0442 \u0446\u0432\u0435\u0442\u043e\u0432 \u0432 \u043f\u0430\u0441\u0442\u0435\u043b\u044c\u043d\u044b\u0445 \u0442\u043e\u043d\u0430\u0445? \u041e\u0442\u043b\u0438\u0447\u043d\u044b\u0439 \u0432\u044b\u0431\u043e\u0440 \u0434\u043b\u044f \u044d\u0442\u043e\u0433\u043e \u0431\u0443\u043a\u0435\u0442\u0430 \u0446\u0432\u0435\u0442\u043e\u0432!","og_url":"https:\/\/www.gintaresgeles.lt\/ru\/puokste\/%d0%b1%d1%83%d0%ba%d0%b5%d1%82-%d0%bf%d0%b0%d1%81%d1%82%d0%b5%d0%bb%d1%8c%d0%bd%d1%8b%d1%85-%d1%86%d0%b2%d0%b5%d1%82%d0%be%d0%b2\/","og_site_name":"gintaresgeles.lt","article_modified_time":"2025-05-29T00:00:33+00:00","og_image":[{"width":2560,"height":2560,"url":"https:\/\/www.gintaresgeles.lt\/wp-content\/uploads\/2021\/06\/pasteliniu-spalvu-geliu-puokste-geles-merginai-scaled.jpg","type":"image\/jpeg"}],"twitter_card":"summary_large_image","schema":{"@context":"https:\/\/schema.org","@graph":[{"@type":"WebPage","@id":"https:\/\/www.gintaresgeles.lt\/ru\/puokste\/%d0%b1%d1%83%d0%ba%d0%b5%d1%82-%d0%bf%d0%b0%d1%81%d1%82%d0%b5%d0%bb%d1%8c%d0%bd%d1%8b%d1%85-%d1%86%d0%b2%d0%b5%d1%82%d0%be%d0%b2\/","url":"https:\/\/www.gintaresgeles.lt\/ru\/puokste\/%d0%b1%d1%83%d0%ba%d0%b5%d1%82-%d0%bf%d0%b0%d1%81%d1%82%d0%b5%d0%bb%d1%8c%d0%bd%d1%8b%d1%85-%d1%86%d0%b2%d0%b5%d1%82%d0%be%d0%b2\/","name":"\u0411\u0443\u043a\u0435\u0442 \u043f\u0430\u0441\u0442\u0435\u043b\u044c\u043d\u044b\u0445 \u0446\u0432\u0435\u0442\u043e\u0432 | \u0420\u0430\u0437\u043d\u043e\u0446\u0432\u0435\u0442\u043d\u0430\u044f \u043a\u043e\u0440\u043e\u0431\u043a\u0430 | Gintar\u0117s g\u0117l\u0117s","isPartOf":{"@id":"https:\/\/www.gintaresgeles.lt\/ru\/#website"},"primaryImageOfPage":{"@id":"https:\/\/www.gintaresgeles.lt\/ru\/puokste\/%d0%b1%d1%83%d0%ba%d0%b5%d1%82-%d0%bf%d0%b0%d1%81%d1%82%d0%b5%d0%bb%d1%8c%d0%bd%d1%8b%d1%85-%d1%86%d0%b2%d0%b5%d1%82%d0%be%d0%b2\/#primaryimage"},"image":{"@id":"https:\/\/www.gintaresgeles.lt\/ru\/puokste\/%d0%b1%d1%83%d0%ba%d0%b5%d1%82-%d0%bf%d0%b0%d1%81%d1%82%d0%b5%d0%bb%d1%8c%d0%bd%d1%8b%d1%85-%d1%86%d0%b2%d0%b5%d1%82%d0%be%d0%b2\/#primaryimage"},"thumbnailUrl":"https:\/\/www.gintaresgeles.lt\/wp-content\/uploads\/2021\/06\/pasteliniu-spalvu-geliu-puokste-geles-merginai-scaled.jpg","datePublished":"2021-06-03T12:38:00+00:00","dateModified":"2025-05-29T00:00:33+00:00","description":"\u0425\u043e\u0442\u0438\u0442\u0435 \u043f\u043e\u0434\u0430\u0440\u0438\u0442\u044c \u0431\u0443\u043a\u0435\u0442 \u0446\u0432\u0435\u0442\u043e\u0432 \u0432 \u043f\u0430\u0441\u0442\u0435\u043b\u044c\u043d\u044b\u0445 \u0442\u043e\u043d\u0430\u0445? \u041e\u0442\u043b\u0438\u0447\u043d\u044b\u0439 \u0432\u044b\u0431\u043e\u0440 \u0434\u043b\u044f \u044d\u0442\u043e\u0433\u043e \u0431\u0443\u043a\u0435\u0442\u0430 \u0446\u0432\u0435\u0442\u043e\u0432!","breadcrumb":{"@id":"https:\/\/www.gintaresgeles.lt\/ru\/puokste\/%d0%b1%d1%83%d0%ba%d0%b5%d1%82-%d0%bf%d0%b0%d1%81%d1%82%d0%b5%d0%bb%d1%8c%d0%bd%d1%8b%d1%85-%d1%86%d0%b2%d0%b5%d1%82%d0%be%d0%b2\/#breadcrumb"},"inLanguage":"ru-RU","potentialAction":[{"@type":"ReadAction","target":["https:\/\/www.gintaresgeles.lt\/ru\/puokste\/%d0%b1%d1%83%d0%ba%d0%b5%d1%82-%d0%bf%d0%b0%d1%81%d1%82%d0%b5%d0%bb%d1%8c%d0%bd%d1%8b%d1%85-%d1%86%d0%b2%d0%b5%d1%82%d0%be%d0%b2\/"]}]},{"@type":"ImageObject","inLanguage":"ru-RU","@id":"https:\/\/www.gintaresgeles.lt\/ru\/puokste\/%d0%b1%d1%83%d0%ba%d0%b5%d1%82-%d0%bf%d0%b0%d1%81%d1%82%d0%b5%d0%bb%d1%8c%d0%bd%d1%8b%d1%85-%d1%86%d0%b2%d0%b5%d1%82%d0%be%d0%b2\/#primaryimage","url":"https:\/\/www.gintaresgeles.lt\/wp-content\/uploads\/2021\/06\/pasteliniu-spalvu-geliu-puokste-geles-merginai-scaled.jpg","contentUrl":"https:\/\/www.gintaresgeles.lt\/wp-content\/uploads\/2021\/06\/pasteliniu-spalvu-geliu-puokste-geles-merginai-scaled.jpg","width":2560,"height":2560,"caption":"\u0160viesi\u0173 pastelini\u0173 spalv\u0173 g\u0117li\u0173 puok\u0161t\u0117"},{"@type":"BreadcrumbList","@id":"https:\/\/www.gintaresgeles.lt\/ru\/puokste\/%d0%b1%d1%83%d0%ba%d0%b5%d1%82-%d0%bf%d0%b0%d1%81%d1%82%d0%b5%d0%bb%d1%8c%d0%bd%d1%8b%d1%85-%d1%86%d0%b2%d0%b5%d1%82%d0%be%d0%b2\/#breadcrumb","itemListElement":[{"@type":"ListItem","position":1,"name":"Prad\u017eia","item":"https:\/\/www.gintaresgeles.lt\/ru\/"},{"@type":"ListItem","position":2,"name":"\u0412\u0441\u0435 \u0446\u0432\u0435\u0442\u044b \u0438 \u0434\u0440\u0443\u0433\u0438\u0435 \u043f\u0440\u043e\u0434\u0443\u043a\u0442\u044b","item":"https:\/\/www.gintaresgeles.lt\/ru\/vse-cvety-i-drugie-produkty\/"},{"@type":"ListItem","position":3,"name":"\u0411\u0443\u043a\u0435\u0442 \u043f\u0430\u0441\u0442\u0435\u043b\u044c\u043d\u044b\u0445 \u0446\u0432\u0435\u0442\u043e\u0432"}]},{"@type":"WebSite","@id":"https:\/\/www.gintaresgeles.lt\/ru\/#website","url":"https:\/\/www.gintaresgeles.lt\/ru\/","name":"gintaresgeles.lt","description":"G\u0117li\u0173 parduotuv\u0117 internete","potentialAction":[{"@type":"SearchAction","target":{"@type":"EntryPoint","urlTemplate":"https:\/\/www.gintaresgeles.lt\/ru\/?s={search_term_string}"},"query-input":{"@type":"PropertyValueSpecification","valueRequired":true,"valueName":"search_term_string"}}],"inLanguage":"ru-RU"}]}},"_links":{"self":[{"href":"https:\/\/www.gintaresgeles.lt\/ru\/wp-json\/wp\/v2\/product\/37021","targetHints":{"allow":["GET"]}}],"collection":[{"href":"https:\/\/www.gintaresgeles.lt\/ru\/wp-json\/wp\/v2\/product"}],"about":[{"href":"https:\/\/www.gintaresgeles.lt\/ru\/wp-json\/wp\/v2\/types\/product"}],"wp:featuredmedia":[{"embeddable":true,"href":"https:\/\/www.gintaresgeles.lt\/ru\/wp-json\/wp\/v2\/media\/37033"}],"wp:attachment":[{"href":"https:\/\/www.gintaresgeles.lt\/ru\/wp-json\/wp\/v2\/media?parent=37021"}],"wp:term":[{"taxonomy":"product_brand","embeddable":true,"href":"https:\/\/www.gintaresgeles.lt\/ru\/wp-json\/wp\/v2\/product_brand?post=37021"},{"taxonomy":"product_cat","embeddable":true,"href":"https:\/\/www.gintaresgeles.lt\/ru\/wp-json\/wp\/v2\/product_cat?post=37021"},{"taxonomy":"product_tag","embeddable":true,"href":"https:\/\/www.gintaresgeles.lt\/ru\/wp-json\/wp\/v2\/product_tag?post=37021"}],"curies":[{"name":"wp","href":"https:\/\/api.w.org\/{rel}","templated":true}]}}