{"id":40662,"date":"2022-04-19T13:42:03","date_gmt":"2022-04-19T11:42:04","guid":{"rendered":"https:\/\/www.gintaresgeles.lt\/?post_type=product&#038;p=40662"},"modified":"2026-03-07T17:01:35","modified_gmt":"2026-03-07T15:01:35","slug":"%d0%bf%d1%80%d0%be%d0%b7%d1%80%d0%b0%d1%87%d0%bd%d1%8b%d0%b9-%d0%b3%d0%b5%d0%bb%d0%b8%d0%b5%d0%b2%d1%8b%d0%b9-%d1%88%d0%b0%d1%80-%d1%81-%d1%87%d0%b5%d1%80%d0%bd%d1%8b%d0%bc-%d0%ba%d0%be%d0%bd%d1%84","status":"publish","type":"product","link":"https:\/\/www.gintaresgeles.lt\/ru\/puokste\/%d0%bf%d1%80%d0%be%d0%b7%d1%80%d0%b0%d1%87%d0%bd%d1%8b%d0%b9-%d0%b3%d0%b5%d0%bb%d0%b8%d0%b5%d0%b2%d1%8b%d0%b9-%d1%88%d0%b0%d1%80-%d1%81-%d1%87%d0%b5%d1%80%d0%bd%d1%8b%d0%bc-%d0%ba%d0%be%d0%bd%d1%84\/","title":{"rendered":"\u041f\u0440\u043e\u0437\u0440\u0430\u0447\u043d\u044b\u0439 \u0433\u0435\u043b\u0438\u0435\u0432\u044b\u0439 \u0448\u0430\u0440 \u0441 \u0447\u0435\u0440\u043d\u044b\u043c \u043a\u043e\u043d\u0444\u0435\u0442\u0442\u0438"},"content":{"rendered":"","protected":false},"excerpt":{"rendered":"<p>\u041f\u0440\u043e\u0437\u0440\u0430\u0447\u043d\u044b\u0435 \u0433\u0435\u043b\u0438\u0435\u0432\u044b\u0435 \u0448\u0430\u0440\u044b \u0441 \u0447\u0435\u0440\u043d\u044b\u043c \u043a\u043e\u043d\u0444\u0435\u0442\u0442\u0438 \u2013 \u043b\u0443\u0447\u0448\u0438\u0439 \u0432\u044b\u0431\u043e\u0440, \u0447\u0442\u043e\u0431\u044b \u043f\u043e\u0440\u0430\u0434\u043e\u0432\u0430\u0442\u044c \u0438 \u0434\u0435\u0442\u0435\u0439, \u0438 \u0432\u0437\u0440\u043e\u0441\u043b\u044b\u0445.<\/p>\n","protected":false},"featured_media":40665,"template":"","meta":[],"product_brand":[],"product_cat":[957,1088,1904,984,959,985,958],"product_tag":[],"class_list":{"0":"post-40662","1":"product","2":"type-product","3":"status-publish","4":"has-post-thumbnail","6":"product_cat-957","7":"product_cat-1088","8":"product_cat-1904","9":"product_cat-984","10":"product_cat-959","11":"product_cat-985","12":"product_cat-958","13":"tm-no-options","15":"first","16":"instock","17":"taxable","18":"shipping-taxable","19":"purchasable","20":"product-type-simple"},"yoast_head":"<!-- This site is optimized with the Yoast SEO plugin v25.3 - https:\/\/yoast.com\/wordpress\/plugins\/seo\/ -->\n<title>\u041f\u0440\u043e\u0437\u0440\u0430\u0447\u043d\u044b\u0439 \u0433\u0435\u043b\u0438\u0435\u0432\u044b\u0439 \u0448\u0430\u0440 \u0441 \u0447\u0435\u0440\u043d\u044b\u043c \u043a\u043e\u043d\u0444\u0435\u0442\u0442\u0438 | Gintar\u0117sG\u0117l\u0117s<\/title>\n<meta name=\"description\" content=\"\u041f\u0440\u043e\u0437\u0440\u0430\u0447\u043d\u044b\u0435 \u0433\u0435\u043b\u0438\u0435\u0432\u044b\u0435 \u0448\u0430\u0440\u044b \u0441 \u0447\u0435\u0440\u043d\u044b\u043c \u043a\u043e\u043d\u0444\u0435\u0442\u0442\u0438 - \u0438\u0434\u0435\u0430\u043b\u044c\u043d\u044b\u0439 \u043f\u043e\u0434\u0430\u0440\u043e\u043a \u043a \u0446\u0432\u0435\u0442\u0430\u043c. \u0412\u043e\u0437\u0434\u0443\u0448\u043d\u044b\u0435 \u0448\u0430\u0440\u044b \u043d\u0435 \u0442\u043e\u043b\u044c\u043a\u043e \u0443\u0441\u0438\u043b\u044f\u0442 \u044d\u0444\u0444\u0435\u043a\u0442 \u043d\u0435\u043e\u0436\u0438\u0434\u0430\u043d\u043d\u043e\u0441\u0442\u0438, \u043d\u043e \u0438 \u043f\u043e\u0434\u043d\u0438\u043c\u0443\u0442 \u043d\u0430\u0441\u0442\u0440\u043e\u0435\u043d\u0438\u0435 \u043a \u044e\u0431\u0438\u043b\u0435\u044e.\" \/>\n<meta name=\"robots\" content=\"index, follow, max-snippet:-1, max-image-preview:large, max-video-preview:-1\" \/>\n<link rel=\"canonical\" href=\"https:\/\/www.gintaresgeles.lt\/ru\/puokste\/%d0%bf%d1%80%d0%be%d0%b7%d1%80%d0%b0%d1%87%d0%bd%d1%8b%d0%b9-%d0%b3%d0%b5%d0%bb%d0%b8%d0%b5%d0%b2%d1%8b%d0%b9-%d1%88%d0%b0%d1%80-%d1%81-%d1%87%d0%b5%d1%80%d0%bd%d1%8b%d0%bc-%d0%ba%d0%be%d0%bd%d1%84\/\" \/>\n<meta property=\"og:locale\" content=\"ru_RU\" \/>\n<meta property=\"og:type\" content=\"article\" \/>\n<meta property=\"og:title\" content=\"\u041f\u0440\u043e\u0437\u0440\u0430\u0447\u043d\u044b\u0439 \u0433\u0435\u043b\u0438\u0435\u0432\u044b\u0439 \u0448\u0430\u0440 \u0441 \u0447\u0435\u0440\u043d\u044b\u043c \u043a\u043e\u043d\u0444\u0435\u0442\u0442\u0438 | Gintar\u0117sG\u0117l\u0117s\" \/>\n<meta property=\"og:description\" content=\"\u041f\u0440\u043e\u0437\u0440\u0430\u0447\u043d\u044b\u0435 \u0433\u0435\u043b\u0438\u0435\u0432\u044b\u0435 \u0448\u0430\u0440\u044b \u0441 \u0447\u0435\u0440\u043d\u044b\u043c \u043a\u043e\u043d\u0444\u0435\u0442\u0442\u0438 - \u0438\u0434\u0435\u0430\u043b\u044c\u043d\u044b\u0439 \u043f\u043e\u0434\u0430\u0440\u043e\u043a \u043a \u0446\u0432\u0435\u0442\u0430\u043c. \u0412\u043e\u0437\u0434\u0443\u0448\u043d\u044b\u0435 \u0448\u0430\u0440\u044b \u043d\u0435 \u0442\u043e\u043b\u044c\u043a\u043e \u0443\u0441\u0438\u043b\u044f\u0442 \u044d\u0444\u0444\u0435\u043a\u0442 \u043d\u0435\u043e\u0436\u0438\u0434\u0430\u043d\u043d\u043e\u0441\u0442\u0438, \u043d\u043e \u0438 \u043f\u043e\u0434\u043d\u0438\u043c\u0443\u0442 \u043d\u0430\u0441\u0442\u0440\u043e\u0435\u043d\u0438\u0435 \u043a \u044e\u0431\u0438\u043b\u0435\u044e.\" \/>\n<meta property=\"og:url\" content=\"https:\/\/www.gintaresgeles.lt\/ru\/puokste\/%d0%bf%d1%80%d0%be%d0%b7%d1%80%d0%b0%d1%87%d0%bd%d1%8b%d0%b9-%d0%b3%d0%b5%d0%bb%d0%b8%d0%b5%d0%b2%d1%8b%d0%b9-%d1%88%d0%b0%d1%80-%d1%81-%d1%87%d0%b5%d1%80%d0%bd%d1%8b%d0%bc-%d0%ba%d0%be%d0%bd%d1%84\/\" \/>\n<meta property=\"og:site_name\" content=\"gintaresgeles.lt\" \/>\n<meta property=\"article:modified_time\" content=\"2026-03-07T15:01:35+00:00\" \/>\n<meta property=\"og:image\" content=\"https:\/\/www.gintaresgeles.lt\/wp-content\/uploads\/2022\/04\/skaidrus-guminiai-balionai-su-juodais-konfeti.jpg\" \/>\n\t<meta property=\"og:image:width\" content=\"1200\" \/>\n\t<meta property=\"og:image:height\" content=\"1200\" \/>\n\t<meta property=\"og:image:type\" content=\"image\/jpeg\" \/>\n<meta name=\"twitter:card\" content=\"summary_large_image\" \/>\n<script type=\"application\/ld+json\" class=\"yoast-schema-graph\">{\"@context\":\"https:\/\/schema.org\",\"@graph\":[{\"@type\":\"WebPage\",\"@id\":\"https:\/\/www.gintaresgeles.lt\/ru\/puokste\/%d0%bf%d1%80%d0%be%d0%b7%d1%80%d0%b0%d1%87%d0%bd%d1%8b%d0%b9-%d0%b3%d0%b5%d0%bb%d0%b8%d0%b5%d0%b2%d1%8b%d0%b9-%d1%88%d0%b0%d1%80-%d1%81-%d1%87%d0%b5%d1%80%d0%bd%d1%8b%d0%bc-%d0%ba%d0%be%d0%bd%d1%84\/\",\"url\":\"https:\/\/www.gintaresgeles.lt\/ru\/puokste\/%d0%bf%d1%80%d0%be%d0%b7%d1%80%d0%b0%d1%87%d0%bd%d1%8b%d0%b9-%d0%b3%d0%b5%d0%bb%d0%b8%d0%b5%d0%b2%d1%8b%d0%b9-%d1%88%d0%b0%d1%80-%d1%81-%d1%87%d0%b5%d1%80%d0%bd%d1%8b%d0%bc-%d0%ba%d0%be%d0%bd%d1%84\/\",\"name\":\"\u041f\u0440\u043e\u0437\u0440\u0430\u0447\u043d\u044b\u0439 \u0433\u0435\u043b\u0438\u0435\u0432\u044b\u0439 \u0448\u0430\u0440 \u0441 \u0447\u0435\u0440\u043d\u044b\u043c \u043a\u043e\u043d\u0444\u0435\u0442\u0442\u0438 | Gintar\u0117sG\u0117l\u0117s\",\"isPartOf\":{\"@id\":\"https:\/\/www.gintaresgeles.lt\/ru\/#website\"},\"primaryImageOfPage\":{\"@id\":\"https:\/\/www.gintaresgeles.lt\/ru\/puokste\/%d0%bf%d1%80%d0%be%d0%b7%d1%80%d0%b0%d1%87%d0%bd%d1%8b%d0%b9-%d0%b3%d0%b5%d0%bb%d0%b8%d0%b5%d0%b2%d1%8b%d0%b9-%d1%88%d0%b0%d1%80-%d1%81-%d1%87%d0%b5%d1%80%d0%bd%d1%8b%d0%bc-%d0%ba%d0%be%d0%bd%d1%84\/#primaryimage\"},\"image\":{\"@id\":\"https:\/\/www.gintaresgeles.lt\/ru\/puokste\/%d0%bf%d1%80%d0%be%d0%b7%d1%80%d0%b0%d1%87%d0%bd%d1%8b%d0%b9-%d0%b3%d0%b5%d0%bb%d0%b8%d0%b5%d0%b2%d1%8b%d0%b9-%d1%88%d0%b0%d1%80-%d1%81-%d1%87%d0%b5%d1%80%d0%bd%d1%8b%d0%bc-%d0%ba%d0%be%d0%bd%d1%84\/#primaryimage\"},\"thumbnailUrl\":\"https:\/\/www.gintaresgeles.lt\/wp-content\/uploads\/2022\/04\/skaidrus-guminiai-balionai-su-juodais-konfeti.jpg\",\"datePublished\":\"2022-04-19T11:42:04+00:00\",\"dateModified\":\"2026-03-07T15:01:35+00:00\",\"description\":\"\u041f\u0440\u043e\u0437\u0440\u0430\u0447\u043d\u044b\u0435 \u0433\u0435\u043b\u0438\u0435\u0432\u044b\u0435 \u0448\u0430\u0440\u044b \u0441 \u0447\u0435\u0440\u043d\u044b\u043c \u043a\u043e\u043d\u0444\u0435\u0442\u0442\u0438 - \u0438\u0434\u0435\u0430\u043b\u044c\u043d\u044b\u0439 \u043f\u043e\u0434\u0430\u0440\u043e\u043a \u043a \u0446\u0432\u0435\u0442\u0430\u043c. \u0412\u043e\u0437\u0434\u0443\u0448\u043d\u044b\u0435 \u0448\u0430\u0440\u044b \u043d\u0435 \u0442\u043e\u043b\u044c\u043a\u043e \u0443\u0441\u0438\u043b\u044f\u0442 \u044d\u0444\u0444\u0435\u043a\u0442 \u043d\u0435\u043e\u0436\u0438\u0434\u0430\u043d\u043d\u043e\u0441\u0442\u0438, \u043d\u043e \u0438 \u043f\u043e\u0434\u043d\u0438\u043c\u0443\u0442 \u043d\u0430\u0441\u0442\u0440\u043e\u0435\u043d\u0438\u0435 \u043a \u044e\u0431\u0438\u043b\u0435\u044e.\",\"breadcrumb\":{\"@id\":\"https:\/\/www.gintaresgeles.lt\/ru\/puokste\/%d0%bf%d1%80%d0%be%d0%b7%d1%80%d0%b0%d1%87%d0%bd%d1%8b%d0%b9-%d0%b3%d0%b5%d0%bb%d0%b8%d0%b5%d0%b2%d1%8b%d0%b9-%d1%88%d0%b0%d1%80-%d1%81-%d1%87%d0%b5%d1%80%d0%bd%d1%8b%d0%bc-%d0%ba%d0%be%d0%bd%d1%84\/#breadcrumb\"},\"inLanguage\":\"ru-RU\",\"potentialAction\":[{\"@type\":\"ReadAction\",\"target\":[\"https:\/\/www.gintaresgeles.lt\/ru\/puokste\/%d0%bf%d1%80%d0%be%d0%b7%d1%80%d0%b0%d1%87%d0%bd%d1%8b%d0%b9-%d0%b3%d0%b5%d0%bb%d0%b8%d0%b5%d0%b2%d1%8b%d0%b9-%d1%88%d0%b0%d1%80-%d1%81-%d1%87%d0%b5%d1%80%d0%bd%d1%8b%d0%bc-%d0%ba%d0%be%d0%bd%d1%84\/\"]}]},{\"@type\":\"ImageObject\",\"inLanguage\":\"ru-RU\",\"@id\":\"https:\/\/www.gintaresgeles.lt\/ru\/puokste\/%d0%bf%d1%80%d0%be%d0%b7%d1%80%d0%b0%d1%87%d0%bd%d1%8b%d0%b9-%d0%b3%d0%b5%d0%bb%d0%b8%d0%b5%d0%b2%d1%8b%d0%b9-%d1%88%d0%b0%d1%80-%d1%81-%d1%87%d0%b5%d1%80%d0%bd%d1%8b%d0%bc-%d0%ba%d0%be%d0%bd%d1%84\/#primaryimage\",\"url\":\"https:\/\/www.gintaresgeles.lt\/wp-content\/uploads\/2022\/04\/skaidrus-guminiai-balionai-su-juodais-konfeti.jpg\",\"contentUrl\":\"https:\/\/www.gintaresgeles.lt\/wp-content\/uploads\/2022\/04\/skaidrus-guminiai-balionai-su-juodais-konfeti.jpg\",\"width\":1200,\"height\":1200,\"caption\":\"Guminis permatomas helio balionas su juodais konfeti\"},{\"@type\":\"BreadcrumbList\",\"@id\":\"https:\/\/www.gintaresgeles.lt\/ru\/puokste\/%d0%bf%d1%80%d0%be%d0%b7%d1%80%d0%b0%d1%87%d0%bd%d1%8b%d0%b9-%d0%b3%d0%b5%d0%bb%d0%b8%d0%b5%d0%b2%d1%8b%d0%b9-%d1%88%d0%b0%d1%80-%d1%81-%d1%87%d0%b5%d1%80%d0%bd%d1%8b%d0%bc-%d0%ba%d0%be%d0%bd%d1%84\/#breadcrumb\",\"itemListElement\":[{\"@type\":\"ListItem\",\"position\":1,\"name\":\"Prad\u017eia\",\"item\":\"https:\/\/www.gintaresgeles.lt\/ru\/\"},{\"@type\":\"ListItem\",\"position\":2,\"name\":\"\u0412\u0441\u0435 \u0446\u0432\u0435\u0442\u044b \u0438 \u0434\u0440\u0443\u0433\u0438\u0435 \u043f\u0440\u043e\u0434\u0443\u043a\u0442\u044b\",\"item\":\"https:\/\/www.gintaresgeles.lt\/ru\/vse-cvety-i-drugie-produkty\/\"},{\"@type\":\"ListItem\",\"position\":3,\"name\":\"\u041f\u0440\u043e\u0437\u0440\u0430\u0447\u043d\u044b\u0439 \u0433\u0435\u043b\u0438\u0435\u0432\u044b\u0439 \u0448\u0430\u0440 \u0441 \u0447\u0435\u0440\u043d\u044b\u043c \u043a\u043e\u043d\u0444\u0435\u0442\u0442\u0438\"}]},{\"@type\":\"WebSite\",\"@id\":\"https:\/\/www.gintaresgeles.lt\/ru\/#website\",\"url\":\"https:\/\/www.gintaresgeles.lt\/ru\/\",\"name\":\"gintaresgeles.lt\",\"description\":\"G\u0117li\u0173 parduotuv\u0117 internete\",\"potentialAction\":[{\"@type\":\"SearchAction\",\"target\":{\"@type\":\"EntryPoint\",\"urlTemplate\":\"https:\/\/www.gintaresgeles.lt\/ru\/?s={search_term_string}\"},\"query-input\":{\"@type\":\"PropertyValueSpecification\",\"valueRequired\":true,\"valueName\":\"search_term_string\"}}],\"inLanguage\":\"ru-RU\"}]}<\/script>\n<!-- \/ Yoast SEO plugin. -->","yoast_head_json":{"title":"\u041f\u0440\u043e\u0437\u0440\u0430\u0447\u043d\u044b\u0439 \u0433\u0435\u043b\u0438\u0435\u0432\u044b\u0439 \u0448\u0430\u0440 \u0441 \u0447\u0435\u0440\u043d\u044b\u043c \u043a\u043e\u043d\u0444\u0435\u0442\u0442\u0438 | Gintar\u0117sG\u0117l\u0117s","description":"\u041f\u0440\u043e\u0437\u0440\u0430\u0447\u043d\u044b\u0435 \u0433\u0435\u043b\u0438\u0435\u0432\u044b\u0435 \u0448\u0430\u0440\u044b \u0441 \u0447\u0435\u0440\u043d\u044b\u043c \u043a\u043e\u043d\u0444\u0435\u0442\u0442\u0438 - \u0438\u0434\u0435\u0430\u043b\u044c\u043d\u044b\u0439 \u043f\u043e\u0434\u0430\u0440\u043e\u043a \u043a \u0446\u0432\u0435\u0442\u0430\u043c. \u0412\u043e\u0437\u0434\u0443\u0448\u043d\u044b\u0435 \u0448\u0430\u0440\u044b \u043d\u0435 \u0442\u043e\u043b\u044c\u043a\u043e \u0443\u0441\u0438\u043b\u044f\u0442 \u044d\u0444\u0444\u0435\u043a\u0442 \u043d\u0435\u043e\u0436\u0438\u0434\u0430\u043d\u043d\u043e\u0441\u0442\u0438, \u043d\u043e \u0438 \u043f\u043e\u0434\u043d\u0438\u043c\u0443\u0442 \u043d\u0430\u0441\u0442\u0440\u043e\u0435\u043d\u0438\u0435 \u043a \u044e\u0431\u0438\u043b\u0435\u044e.","robots":{"index":"index","follow":"follow","max-snippet":"max-snippet:-1","max-image-preview":"max-image-preview:large","max-video-preview":"max-video-preview:-1"},"canonical":"https:\/\/www.gintaresgeles.lt\/ru\/puokste\/%d0%bf%d1%80%d0%be%d0%b7%d1%80%d0%b0%d1%87%d0%bd%d1%8b%d0%b9-%d0%b3%d0%b5%d0%bb%d0%b8%d0%b5%d0%b2%d1%8b%d0%b9-%d1%88%d0%b0%d1%80-%d1%81-%d1%87%d0%b5%d1%80%d0%bd%d1%8b%d0%bc-%d0%ba%d0%be%d0%bd%d1%84\/","og_locale":"ru_RU","og_type":"article","og_title":"\u041f\u0440\u043e\u0437\u0440\u0430\u0447\u043d\u044b\u0439 \u0433\u0435\u043b\u0438\u0435\u0432\u044b\u0439 \u0448\u0430\u0440 \u0441 \u0447\u0435\u0440\u043d\u044b\u043c \u043a\u043e\u043d\u0444\u0435\u0442\u0442\u0438 | Gintar\u0117sG\u0117l\u0117s","og_description":"\u041f\u0440\u043e\u0437\u0440\u0430\u0447\u043d\u044b\u0435 \u0433\u0435\u043b\u0438\u0435\u0432\u044b\u0435 \u0448\u0430\u0440\u044b \u0441 \u0447\u0435\u0440\u043d\u044b\u043c \u043a\u043e\u043d\u0444\u0435\u0442\u0442\u0438 - \u0438\u0434\u0435\u0430\u043b\u044c\u043d\u044b\u0439 \u043f\u043e\u0434\u0430\u0440\u043e\u043a \u043a \u0446\u0432\u0435\u0442\u0430\u043c. \u0412\u043e\u0437\u0434\u0443\u0448\u043d\u044b\u0435 \u0448\u0430\u0440\u044b \u043d\u0435 \u0442\u043e\u043b\u044c\u043a\u043e \u0443\u0441\u0438\u043b\u044f\u0442 \u044d\u0444\u0444\u0435\u043a\u0442 \u043d\u0435\u043e\u0436\u0438\u0434\u0430\u043d\u043d\u043e\u0441\u0442\u0438, \u043d\u043e \u0438 \u043f\u043e\u0434\u043d\u0438\u043c\u0443\u0442 \u043d\u0430\u0441\u0442\u0440\u043e\u0435\u043d\u0438\u0435 \u043a \u044e\u0431\u0438\u043b\u0435\u044e.","og_url":"https:\/\/www.gintaresgeles.lt\/ru\/puokste\/%d0%bf%d1%80%d0%be%d0%b7%d1%80%d0%b0%d1%87%d0%bd%d1%8b%d0%b9-%d0%b3%d0%b5%d0%bb%d0%b8%d0%b5%d0%b2%d1%8b%d0%b9-%d1%88%d0%b0%d1%80-%d1%81-%d1%87%d0%b5%d1%80%d0%bd%d1%8b%d0%bc-%d0%ba%d0%be%d0%bd%d1%84\/","og_site_name":"gintaresgeles.lt","article_modified_time":"2026-03-07T15:01:35+00:00","og_image":[{"width":1200,"height":1200,"url":"https:\/\/www.gintaresgeles.lt\/wp-content\/uploads\/2022\/04\/skaidrus-guminiai-balionai-su-juodais-konfeti.jpg","type":"image\/jpeg"}],"twitter_card":"summary_large_image","schema":{"@context":"https:\/\/schema.org","@graph":[{"@type":"WebPage","@id":"https:\/\/www.gintaresgeles.lt\/ru\/puokste\/%d0%bf%d1%80%d0%be%d0%b7%d1%80%d0%b0%d1%87%d0%bd%d1%8b%d0%b9-%d0%b3%d0%b5%d0%bb%d0%b8%d0%b5%d0%b2%d1%8b%d0%b9-%d1%88%d0%b0%d1%80-%d1%81-%d1%87%d0%b5%d1%80%d0%bd%d1%8b%d0%bc-%d0%ba%d0%be%d0%bd%d1%84\/","url":"https:\/\/www.gintaresgeles.lt\/ru\/puokste\/%d0%bf%d1%80%d0%be%d0%b7%d1%80%d0%b0%d1%87%d0%bd%d1%8b%d0%b9-%d0%b3%d0%b5%d0%bb%d0%b8%d0%b5%d0%b2%d1%8b%d0%b9-%d1%88%d0%b0%d1%80-%d1%81-%d1%87%d0%b5%d1%80%d0%bd%d1%8b%d0%bc-%d0%ba%d0%be%d0%bd%d1%84\/","name":"\u041f\u0440\u043e\u0437\u0440\u0430\u0447\u043d\u044b\u0439 \u0433\u0435\u043b\u0438\u0435\u0432\u044b\u0439 \u0448\u0430\u0440 \u0441 \u0447\u0435\u0440\u043d\u044b\u043c \u043a\u043e\u043d\u0444\u0435\u0442\u0442\u0438 | Gintar\u0117sG\u0117l\u0117s","isPartOf":{"@id":"https:\/\/www.gintaresgeles.lt\/ru\/#website"},"primaryImageOfPage":{"@id":"https:\/\/www.gintaresgeles.lt\/ru\/puokste\/%d0%bf%d1%80%d0%be%d0%b7%d1%80%d0%b0%d1%87%d0%bd%d1%8b%d0%b9-%d0%b3%d0%b5%d0%bb%d0%b8%d0%b5%d0%b2%d1%8b%d0%b9-%d1%88%d0%b0%d1%80-%d1%81-%d1%87%d0%b5%d1%80%d0%bd%d1%8b%d0%bc-%d0%ba%d0%be%d0%bd%d1%84\/#primaryimage"},"image":{"@id":"https:\/\/www.gintaresgeles.lt\/ru\/puokste\/%d0%bf%d1%80%d0%be%d0%b7%d1%80%d0%b0%d1%87%d0%bd%d1%8b%d0%b9-%d0%b3%d0%b5%d0%bb%d0%b8%d0%b5%d0%b2%d1%8b%d0%b9-%d1%88%d0%b0%d1%80-%d1%81-%d1%87%d0%b5%d1%80%d0%bd%d1%8b%d0%bc-%d0%ba%d0%be%d0%bd%d1%84\/#primaryimage"},"thumbnailUrl":"https:\/\/www.gintaresgeles.lt\/wp-content\/uploads\/2022\/04\/skaidrus-guminiai-balionai-su-juodais-konfeti.jpg","datePublished":"2022-04-19T11:42:04+00:00","dateModified":"2026-03-07T15:01:35+00:00","description":"\u041f\u0440\u043e\u0437\u0440\u0430\u0447\u043d\u044b\u0435 \u0433\u0435\u043b\u0438\u0435\u0432\u044b\u0435 \u0448\u0430\u0440\u044b \u0441 \u0447\u0435\u0440\u043d\u044b\u043c \u043a\u043e\u043d\u0444\u0435\u0442\u0442\u0438 - \u0438\u0434\u0435\u0430\u043b\u044c\u043d\u044b\u0439 \u043f\u043e\u0434\u0430\u0440\u043e\u043a \u043a \u0446\u0432\u0435\u0442\u0430\u043c. \u0412\u043e\u0437\u0434\u0443\u0448\u043d\u044b\u0435 \u0448\u0430\u0440\u044b \u043d\u0435 \u0442\u043e\u043b\u044c\u043a\u043e \u0443\u0441\u0438\u043b\u044f\u0442 \u044d\u0444\u0444\u0435\u043a\u0442 \u043d\u0435\u043e\u0436\u0438\u0434\u0430\u043d\u043d\u043e\u0441\u0442\u0438, \u043d\u043e \u0438 \u043f\u043e\u0434\u043d\u0438\u043c\u0443\u0442 \u043d\u0430\u0441\u0442\u0440\u043e\u0435\u043d\u0438\u0435 \u043a \u044e\u0431\u0438\u043b\u0435\u044e.","breadcrumb":{"@id":"https:\/\/www.gintaresgeles.lt\/ru\/puokste\/%d0%bf%d1%80%d0%be%d0%b7%d1%80%d0%b0%d1%87%d0%bd%d1%8b%d0%b9-%d0%b3%d0%b5%d0%bb%d0%b8%d0%b5%d0%b2%d1%8b%d0%b9-%d1%88%d0%b0%d1%80-%d1%81-%d1%87%d0%b5%d1%80%d0%bd%d1%8b%d0%bc-%d0%ba%d0%be%d0%bd%d1%84\/#breadcrumb"},"inLanguage":"ru-RU","potentialAction":[{"@type":"ReadAction","target":["https:\/\/www.gintaresgeles.lt\/ru\/puokste\/%d0%bf%d1%80%d0%be%d0%b7%d1%80%d0%b0%d1%87%d0%bd%d1%8b%d0%b9-%d0%b3%d0%b5%d0%bb%d0%b8%d0%b5%d0%b2%d1%8b%d0%b9-%d1%88%d0%b0%d1%80-%d1%81-%d1%87%d0%b5%d1%80%d0%bd%d1%8b%d0%bc-%d0%ba%d0%be%d0%bd%d1%84\/"]}]},{"@type":"ImageObject","inLanguage":"ru-RU","@id":"https:\/\/www.gintaresgeles.lt\/ru\/puokste\/%d0%bf%d1%80%d0%be%d0%b7%d1%80%d0%b0%d1%87%d0%bd%d1%8b%d0%b9-%d0%b3%d0%b5%d0%bb%d0%b8%d0%b5%d0%b2%d1%8b%d0%b9-%d1%88%d0%b0%d1%80-%d1%81-%d1%87%d0%b5%d1%80%d0%bd%d1%8b%d0%bc-%d0%ba%d0%be%d0%bd%d1%84\/#primaryimage","url":"https:\/\/www.gintaresgeles.lt\/wp-content\/uploads\/2022\/04\/skaidrus-guminiai-balionai-su-juodais-konfeti.jpg","contentUrl":"https:\/\/www.gintaresgeles.lt\/wp-content\/uploads\/2022\/04\/skaidrus-guminiai-balionai-su-juodais-konfeti.jpg","width":1200,"height":1200,"caption":"Guminis permatomas helio balionas su juodais konfeti"},{"@type":"BreadcrumbList","@id":"https:\/\/www.gintaresgeles.lt\/ru\/puokste\/%d0%bf%d1%80%d0%be%d0%b7%d1%80%d0%b0%d1%87%d0%bd%d1%8b%d0%b9-%d0%b3%d0%b5%d0%bb%d0%b8%d0%b5%d0%b2%d1%8b%d0%b9-%d1%88%d0%b0%d1%80-%d1%81-%d1%87%d0%b5%d1%80%d0%bd%d1%8b%d0%bc-%d0%ba%d0%be%d0%bd%d1%84\/#breadcrumb","itemListElement":[{"@type":"ListItem","position":1,"name":"Prad\u017eia","item":"https:\/\/www.gintaresgeles.lt\/ru\/"},{"@type":"ListItem","position":2,"name":"\u0412\u0441\u0435 \u0446\u0432\u0435\u0442\u044b \u0438 \u0434\u0440\u0443\u0433\u0438\u0435 \u043f\u0440\u043e\u0434\u0443\u043a\u0442\u044b","item":"https:\/\/www.gintaresgeles.lt\/ru\/vse-cvety-i-drugie-produkty\/"},{"@type":"ListItem","position":3,"name":"\u041f\u0440\u043e\u0437\u0440\u0430\u0447\u043d\u044b\u0439 \u0433\u0435\u043b\u0438\u0435\u0432\u044b\u0439 \u0448\u0430\u0440 \u0441 \u0447\u0435\u0440\u043d\u044b\u043c \u043a\u043e\u043d\u0444\u0435\u0442\u0442\u0438"}]},{"@type":"WebSite","@id":"https:\/\/www.gintaresgeles.lt\/ru\/#website","url":"https:\/\/www.gintaresgeles.lt\/ru\/","name":"gintaresgeles.lt","description":"G\u0117li\u0173 parduotuv\u0117 internete","potentialAction":[{"@type":"SearchAction","target":{"@type":"EntryPoint","urlTemplate":"https:\/\/www.gintaresgeles.lt\/ru\/?s={search_term_string}"},"query-input":{"@type":"PropertyValueSpecification","valueRequired":true,"valueName":"search_term_string"}}],"inLanguage":"ru-RU"}]}},"_links":{"self":[{"href":"https:\/\/www.gintaresgeles.lt\/ru\/wp-json\/wp\/v2\/product\/40662","targetHints":{"allow":["GET"]}}],"collection":[{"href":"https:\/\/www.gintaresgeles.lt\/ru\/wp-json\/wp\/v2\/product"}],"about":[{"href":"https:\/\/www.gintaresgeles.lt\/ru\/wp-json\/wp\/v2\/types\/product"}],"wp:featuredmedia":[{"embeddable":true,"href":"https:\/\/www.gintaresgeles.lt\/ru\/wp-json\/wp\/v2\/media\/40665"}],"wp:attachment":[{"href":"https:\/\/www.gintaresgeles.lt\/ru\/wp-json\/wp\/v2\/media?parent=40662"}],"wp:term":[{"taxonomy":"product_brand","embeddable":true,"href":"https:\/\/www.gintaresgeles.lt\/ru\/wp-json\/wp\/v2\/product_brand?post=40662"},{"taxonomy":"product_cat","embeddable":true,"href":"https:\/\/www.gintaresgeles.lt\/ru\/wp-json\/wp\/v2\/product_cat?post=40662"},{"taxonomy":"product_tag","embeddable":true,"href":"https:\/\/www.gintaresgeles.lt\/ru\/wp-json\/wp\/v2\/product_tag?post=40662"}],"curies":[{"name":"wp","href":"https:\/\/api.w.org\/{rel}","templated":true}]}}