{"id":42563,"date":"2022-06-10T12:12:50","date_gmt":"2022-06-10T10:12:50","guid":{"rendered":"https:\/\/www.gintaresgeles.lt\/?post_type=product&#038;p=42563"},"modified":"2025-05-29T01:59:42","modified_gmt":"2025-05-28T23:59:42","slug":"%d0%ba%d0%be%d0%bd%d1%84%d0%b5%d1%82%d1%82%d0%b8-%d0%b1%d0%bb%d0%b5%d1%81%d1%82%d1%8f%d1%89%d0%b8%d0%b5-%d0%ba%d1%80%d1%83%d0%b3%d0%b8","status":"publish","type":"product","link":"https:\/\/www.gintaresgeles.lt\/ru\/puokste\/%d0%ba%d0%be%d0%bd%d1%84%d0%b5%d1%82%d1%82%d0%b8-%d0%b1%d0%bb%d0%b5%d1%81%d1%82%d1%8f%d1%89%d0%b8%d0%b5-%d0%ba%d1%80%d1%83%d0%b3%d0%b8\/","title":{"rendered":"\u041a\u043e\u043d\u0444\u0435\u0442\u0442\u0438 \u00ab\u0411\u043b\u0435\u0441\u0442\u044f\u0449\u0438\u0435 \u043a\u0440\u0443\u0433\u0438\u00bb"},"content":{"rendered":"","protected":false},"excerpt":{"rendered":"<p>\u041a\u043e\u043d\u0444\u0435\u0442\u0442\u0438-\u043f\u0443\u0448\u043a\u0430 \u2013 \u043e\u0442\u043b\u0438\u0447\u043d\u0430\u044f \u0438\u0434\u0435\u044f, \u0447\u0442\u043e\u0431\u044b \u043e\u0436\u0438\u0432\u0438\u0442\u044c \u043b\u044e\u0431\u043e\u0439 \u043f\u0440\u0430\u0437\u0434\u043d\u0438\u043a! \u0410 \u044d\u0442\u0438 \u0431\u043b\u0435\u0441\u0442\u044f\u0449\u0438\u0435 \u0431\u0443\u043c\u0430\u0436\u043d\u044b\u0435 \u043a\u0440\u0443\u0433\u0438 \u0438\u0434\u0435\u0430\u043b\u044c\u043d\u043e \u043f\u043e\u0434\u043e\u0439\u0434\u0443\u0442 \u0434\u043b\u044f \u0434\u043d\u044f \u0440\u043e\u0436\u0434\u0435\u043d\u0438\u044f, \u0441\u0432\u0430\u0434\u044c\u0431\u044b \u0438\u043b\u0438 \u043b\u044e\u0431\u043e\u0433\u043e \u0434\u0440\u0443\u0433\u043e\u0433\u043e \u0441\u043b\u0443\u0447\u0430\u044f.<\/p>\n","protected":false},"featured_media":42567,"template":"","meta":[],"product_brand":[],"product_cat":[1014],"product_tag":[],"class_list":{"0":"post-42563","1":"product","2":"type-product","3":"status-publish","4":"has-post-thumbnail","6":"product_cat-1014","7":"tm-has-options","9":"first","10":"outofstock","11":"taxable","12":"shipping-taxable","13":"purchasable","14":"product-type-simple"},"yoast_head":"<!-- This site is optimized with the Yoast SEO plugin v25.3 - https:\/\/yoast.com\/wordpress\/plugins\/seo\/ -->\n<title>\u041a\u043e\u043d\u0444\u0435\u0442\u0442\u0438 \u00ab\u0411\u043b\u0435\u0441\u0442\u044f\u0449\u0438\u0435 \u043a\u0440\u0443\u0433\u0438\u00bb | \u041f\u0440\u0430\u0437\u0434\u043d\u0438\u0447\u043d\u0430\u044f \u0430\u0442\u0440\u0438\u0431\u0443\u0442\u0438\u043a\u0430 | Gintar\u0117sG\u0117l\u0117s<\/title>\n<meta name=\"description\" content=\"\u0415\u0441\u043b\u0438 \u0432\u044b \u0445\u043e\u0442\u0438\u0442\u0435 \u0443\u0434\u0438\u0432\u0438\u0442\u044c \u0441\u0432\u043e\u0438\u0445 \u0434\u0440\u0443\u0437\u0435\u0439 \u0438\u043b\u0438 \u0441\u0435\u043c\u044c\u044e, \u0432\u044b \u043c\u043e\u0436\u0435\u0442\u0435 \u0438\u0441\u043f\u043e\u043b\u044c\u0437\u043e\u0432\u0430\u0442\u044c \u044d\u0442\u043e \u0431\u043b\u0435\u0441\u0442\u044f\u0449\u0435\u0435 \u043a\u043e\u043d\u0444\u0435\u0442\u0442\u0438 \u0432 \u0444\u043e\u0440\u043c\u0435 \u043a\u0440\u0443\u0433\u0430 \u0434\u043b\u044f \u043b\u044e\u0431\u043e\u0433\u043e \u0441\u043b\u0443\u0447\u0430\u044f!\" \/>\n<meta name=\"robots\" content=\"index, follow, max-snippet:-1, max-image-preview:large, max-video-preview:-1\" \/>\n<link rel=\"canonical\" href=\"https:\/\/www.gintaresgeles.lt\/ru\/puokste\/%d0%ba%d0%be%d0%bd%d1%84%d0%b5%d1%82%d1%82%d0%b8-%d0%b1%d0%bb%d0%b5%d1%81%d1%82%d1%8f%d1%89%d0%b8%d0%b5-%d0%ba%d1%80%d1%83%d0%b3%d0%b8\/\" \/>\n<meta property=\"og:locale\" content=\"ru_RU\" \/>\n<meta property=\"og:type\" content=\"article\" \/>\n<meta property=\"og:title\" content=\"\u041a\u043e\u043d\u0444\u0435\u0442\u0442\u0438 \u00ab\u0411\u043b\u0435\u0441\u0442\u044f\u0449\u0438\u0435 \u043a\u0440\u0443\u0433\u0438\u00bb | \u041f\u0440\u0430\u0437\u0434\u043d\u0438\u0447\u043d\u0430\u044f \u0430\u0442\u0440\u0438\u0431\u0443\u0442\u0438\u043a\u0430 | Gintar\u0117sG\u0117l\u0117s\" \/>\n<meta property=\"og:description\" content=\"\u0415\u0441\u043b\u0438 \u0432\u044b \u0445\u043e\u0442\u0438\u0442\u0435 \u0443\u0434\u0438\u0432\u0438\u0442\u044c \u0441\u0432\u043e\u0438\u0445 \u0434\u0440\u0443\u0437\u0435\u0439 \u0438\u043b\u0438 \u0441\u0435\u043c\u044c\u044e, \u0432\u044b \u043c\u043e\u0436\u0435\u0442\u0435 \u0438\u0441\u043f\u043e\u043b\u044c\u0437\u043e\u0432\u0430\u0442\u044c \u044d\u0442\u043e \u0431\u043b\u0435\u0441\u0442\u044f\u0449\u0435\u0435 \u043a\u043e\u043d\u0444\u0435\u0442\u0442\u0438 \u0432 \u0444\u043e\u0440\u043c\u0435 \u043a\u0440\u0443\u0433\u0430 \u0434\u043b\u044f \u043b\u044e\u0431\u043e\u0433\u043e \u0441\u043b\u0443\u0447\u0430\u044f!\" \/>\n<meta property=\"og:url\" content=\"https:\/\/www.gintaresgeles.lt\/ru\/puokste\/%d0%ba%d0%be%d0%bd%d1%84%d0%b5%d1%82%d1%82%d0%b8-%d0%b1%d0%bb%d0%b5%d1%81%d1%82%d1%8f%d1%89%d0%b8%d0%b5-%d0%ba%d1%80%d1%83%d0%b3%d0%b8\/\" \/>\n<meta property=\"og:site_name\" content=\"gintaresgeles.lt\" \/>\n<meta property=\"article:modified_time\" content=\"2025-05-28T23:59:42+00:00\" \/>\n<meta property=\"og:image\" content=\"https:\/\/www.gintaresgeles.lt\/wp-content\/uploads\/2022\/06\/blizgantys-apskritimai-konfeti.png\" \/>\n\t<meta property=\"og:image:width\" content=\"600\" \/>\n\t<meta property=\"og:image:height\" content=\"600\" \/>\n\t<meta property=\"og:image:type\" content=\"image\/png\" \/>\n<meta name=\"twitter:card\" content=\"summary_large_image\" \/>\n<script type=\"application\/ld+json\" class=\"yoast-schema-graph\">{\"@context\":\"https:\/\/schema.org\",\"@graph\":[{\"@type\":\"WebPage\",\"@id\":\"https:\/\/www.gintaresgeles.lt\/ru\/puokste\/%d0%ba%d0%be%d0%bd%d1%84%d0%b5%d1%82%d1%82%d0%b8-%d0%b1%d0%bb%d0%b5%d1%81%d1%82%d1%8f%d1%89%d0%b8%d0%b5-%d0%ba%d1%80%d1%83%d0%b3%d0%b8\/\",\"url\":\"https:\/\/www.gintaresgeles.lt\/ru\/puokste\/%d0%ba%d0%be%d0%bd%d1%84%d0%b5%d1%82%d1%82%d0%b8-%d0%b1%d0%bb%d0%b5%d1%81%d1%82%d1%8f%d1%89%d0%b8%d0%b5-%d0%ba%d1%80%d1%83%d0%b3%d0%b8\/\",\"name\":\"\u041a\u043e\u043d\u0444\u0435\u0442\u0442\u0438 \u00ab\u0411\u043b\u0435\u0441\u0442\u044f\u0449\u0438\u0435 \u043a\u0440\u0443\u0433\u0438\u00bb | \u041f\u0440\u0430\u0437\u0434\u043d\u0438\u0447\u043d\u0430\u044f \u0430\u0442\u0440\u0438\u0431\u0443\u0442\u0438\u043a\u0430 | Gintar\u0117sG\u0117l\u0117s\",\"isPartOf\":{\"@id\":\"https:\/\/www.gintaresgeles.lt\/ru\/#website\"},\"primaryImageOfPage\":{\"@id\":\"https:\/\/www.gintaresgeles.lt\/ru\/puokste\/%d0%ba%d0%be%d0%bd%d1%84%d0%b5%d1%82%d1%82%d0%b8-%d0%b1%d0%bb%d0%b5%d1%81%d1%82%d1%8f%d1%89%d0%b8%d0%b5-%d0%ba%d1%80%d1%83%d0%b3%d0%b8\/#primaryimage\"},\"image\":{\"@id\":\"https:\/\/www.gintaresgeles.lt\/ru\/puokste\/%d0%ba%d0%be%d0%bd%d1%84%d0%b5%d1%82%d1%82%d0%b8-%d0%b1%d0%bb%d0%b5%d1%81%d1%82%d1%8f%d1%89%d0%b8%d0%b5-%d0%ba%d1%80%d1%83%d0%b3%d0%b8\/#primaryimage\"},\"thumbnailUrl\":\"https:\/\/www.gintaresgeles.lt\/wp-content\/uploads\/2022\/06\/blizgantys-apskritimai-konfeti.png\",\"datePublished\":\"2022-06-10T10:12:50+00:00\",\"dateModified\":\"2025-05-28T23:59:42+00:00\",\"description\":\"\u0415\u0441\u043b\u0438 \u0432\u044b \u0445\u043e\u0442\u0438\u0442\u0435 \u0443\u0434\u0438\u0432\u0438\u0442\u044c \u0441\u0432\u043e\u0438\u0445 \u0434\u0440\u0443\u0437\u0435\u0439 \u0438\u043b\u0438 \u0441\u0435\u043c\u044c\u044e, \u0432\u044b \u043c\u043e\u0436\u0435\u0442\u0435 \u0438\u0441\u043f\u043e\u043b\u044c\u0437\u043e\u0432\u0430\u0442\u044c \u044d\u0442\u043e \u0431\u043b\u0435\u0441\u0442\u044f\u0449\u0435\u0435 \u043a\u043e\u043d\u0444\u0435\u0442\u0442\u0438 \u0432 \u0444\u043e\u0440\u043c\u0435 \u043a\u0440\u0443\u0433\u0430 \u0434\u043b\u044f \u043b\u044e\u0431\u043e\u0433\u043e \u0441\u043b\u0443\u0447\u0430\u044f!\",\"breadcrumb\":{\"@id\":\"https:\/\/www.gintaresgeles.lt\/ru\/puokste\/%d0%ba%d0%be%d0%bd%d1%84%d0%b5%d1%82%d1%82%d0%b8-%d0%b1%d0%bb%d0%b5%d1%81%d1%82%d1%8f%d1%89%d0%b8%d0%b5-%d0%ba%d1%80%d1%83%d0%b3%d0%b8\/#breadcrumb\"},\"inLanguage\":\"ru-RU\",\"potentialAction\":[{\"@type\":\"ReadAction\",\"target\":[\"https:\/\/www.gintaresgeles.lt\/ru\/puokste\/%d0%ba%d0%be%d0%bd%d1%84%d0%b5%d1%82%d1%82%d0%b8-%d0%b1%d0%bb%d0%b5%d1%81%d1%82%d1%8f%d1%89%d0%b8%d0%b5-%d0%ba%d1%80%d1%83%d0%b3%d0%b8\/\"]}]},{\"@type\":\"ImageObject\",\"inLanguage\":\"ru-RU\",\"@id\":\"https:\/\/www.gintaresgeles.lt\/ru\/puokste\/%d0%ba%d0%be%d0%bd%d1%84%d0%b5%d1%82%d1%82%d0%b8-%d0%b1%d0%bb%d0%b5%d1%81%d1%82%d1%8f%d1%89%d0%b8%d0%b5-%d0%ba%d1%80%d1%83%d0%b3%d0%b8\/#primaryimage\",\"url\":\"https:\/\/www.gintaresgeles.lt\/wp-content\/uploads\/2022\/06\/blizgantys-apskritimai-konfeti.png\",\"contentUrl\":\"https:\/\/www.gintaresgeles.lt\/wp-content\/uploads\/2022\/06\/blizgantys-apskritimai-konfeti.png\",\"width\":600,\"height\":600,\"caption\":\"Konfeti \u201eBlizg\u016bs apskritimai\\\"\"},{\"@type\":\"BreadcrumbList\",\"@id\":\"https:\/\/www.gintaresgeles.lt\/ru\/puokste\/%d0%ba%d0%be%d0%bd%d1%84%d0%b5%d1%82%d1%82%d0%b8-%d0%b1%d0%bb%d0%b5%d1%81%d1%82%d1%8f%d1%89%d0%b8%d0%b5-%d0%ba%d1%80%d1%83%d0%b3%d0%b8\/#breadcrumb\",\"itemListElement\":[{\"@type\":\"ListItem\",\"position\":1,\"name\":\"Prad\u017eia\",\"item\":\"https:\/\/www.gintaresgeles.lt\/ru\/\"},{\"@type\":\"ListItem\",\"position\":2,\"name\":\"\u0412\u0441\u0435 \u0446\u0432\u0435\u0442\u044b \u0438 \u0434\u0440\u0443\u0433\u0438\u0435 \u043f\u0440\u043e\u0434\u0443\u043a\u0442\u044b\",\"item\":\"https:\/\/www.gintaresgeles.lt\/ru\/vse-cvety-i-drugie-produkty\/\"},{\"@type\":\"ListItem\",\"position\":3,\"name\":\"\u041a\u043e\u043d\u0444\u0435\u0442\u0442\u0438 \u00ab\u0411\u043b\u0435\u0441\u0442\u044f\u0449\u0438\u0435 \u043a\u0440\u0443\u0433\u0438\u00bb\"}]},{\"@type\":\"WebSite\",\"@id\":\"https:\/\/www.gintaresgeles.lt\/ru\/#website\",\"url\":\"https:\/\/www.gintaresgeles.lt\/ru\/\",\"name\":\"gintaresgeles.lt\",\"description\":\"G\u0117li\u0173 parduotuv\u0117 internete\",\"potentialAction\":[{\"@type\":\"SearchAction\",\"target\":{\"@type\":\"EntryPoint\",\"urlTemplate\":\"https:\/\/www.gintaresgeles.lt\/ru\/?s={search_term_string}\"},\"query-input\":{\"@type\":\"PropertyValueSpecification\",\"valueRequired\":true,\"valueName\":\"search_term_string\"}}],\"inLanguage\":\"ru-RU\"}]}<\/script>\n<!-- \/ Yoast SEO plugin. -->","yoast_head_json":{"title":"\u041a\u043e\u043d\u0444\u0435\u0442\u0442\u0438 \u00ab\u0411\u043b\u0435\u0441\u0442\u044f\u0449\u0438\u0435 \u043a\u0440\u0443\u0433\u0438\u00bb | \u041f\u0440\u0430\u0437\u0434\u043d\u0438\u0447\u043d\u0430\u044f \u0430\u0442\u0440\u0438\u0431\u0443\u0442\u0438\u043a\u0430 | Gintar\u0117sG\u0117l\u0117s","description":"\u0415\u0441\u043b\u0438 \u0432\u044b \u0445\u043e\u0442\u0438\u0442\u0435 \u0443\u0434\u0438\u0432\u0438\u0442\u044c \u0441\u0432\u043e\u0438\u0445 \u0434\u0440\u0443\u0437\u0435\u0439 \u0438\u043b\u0438 \u0441\u0435\u043c\u044c\u044e, \u0432\u044b \u043c\u043e\u0436\u0435\u0442\u0435 \u0438\u0441\u043f\u043e\u043b\u044c\u0437\u043e\u0432\u0430\u0442\u044c \u044d\u0442\u043e \u0431\u043b\u0435\u0441\u0442\u044f\u0449\u0435\u0435 \u043a\u043e\u043d\u0444\u0435\u0442\u0442\u0438 \u0432 \u0444\u043e\u0440\u043c\u0435 \u043a\u0440\u0443\u0433\u0430 \u0434\u043b\u044f \u043b\u044e\u0431\u043e\u0433\u043e \u0441\u043b\u0443\u0447\u0430\u044f!","robots":{"index":"index","follow":"follow","max-snippet":"max-snippet:-1","max-image-preview":"max-image-preview:large","max-video-preview":"max-video-preview:-1"},"canonical":"https:\/\/www.gintaresgeles.lt\/ru\/puokste\/%d0%ba%d0%be%d0%bd%d1%84%d0%b5%d1%82%d1%82%d0%b8-%d0%b1%d0%bb%d0%b5%d1%81%d1%82%d1%8f%d1%89%d0%b8%d0%b5-%d0%ba%d1%80%d1%83%d0%b3%d0%b8\/","og_locale":"ru_RU","og_type":"article","og_title":"\u041a\u043e\u043d\u0444\u0435\u0442\u0442\u0438 \u00ab\u0411\u043b\u0435\u0441\u0442\u044f\u0449\u0438\u0435 \u043a\u0440\u0443\u0433\u0438\u00bb | \u041f\u0440\u0430\u0437\u0434\u043d\u0438\u0447\u043d\u0430\u044f \u0430\u0442\u0440\u0438\u0431\u0443\u0442\u0438\u043a\u0430 | Gintar\u0117sG\u0117l\u0117s","og_description":"\u0415\u0441\u043b\u0438 \u0432\u044b \u0445\u043e\u0442\u0438\u0442\u0435 \u0443\u0434\u0438\u0432\u0438\u0442\u044c \u0441\u0432\u043e\u0438\u0445 \u0434\u0440\u0443\u0437\u0435\u0439 \u0438\u043b\u0438 \u0441\u0435\u043c\u044c\u044e, \u0432\u044b \u043c\u043e\u0436\u0435\u0442\u0435 \u0438\u0441\u043f\u043e\u043b\u044c\u0437\u043e\u0432\u0430\u0442\u044c \u044d\u0442\u043e \u0431\u043b\u0435\u0441\u0442\u044f\u0449\u0435\u0435 \u043a\u043e\u043d\u0444\u0435\u0442\u0442\u0438 \u0432 \u0444\u043e\u0440\u043c\u0435 \u043a\u0440\u0443\u0433\u0430 \u0434\u043b\u044f \u043b\u044e\u0431\u043e\u0433\u043e \u0441\u043b\u0443\u0447\u0430\u044f!","og_url":"https:\/\/www.gintaresgeles.lt\/ru\/puokste\/%d0%ba%d0%be%d0%bd%d1%84%d0%b5%d1%82%d1%82%d0%b8-%d0%b1%d0%bb%d0%b5%d1%81%d1%82%d1%8f%d1%89%d0%b8%d0%b5-%d0%ba%d1%80%d1%83%d0%b3%d0%b8\/","og_site_name":"gintaresgeles.lt","article_modified_time":"2025-05-28T23:59:42+00:00","og_image":[{"width":600,"height":600,"url":"https:\/\/www.gintaresgeles.lt\/wp-content\/uploads\/2022\/06\/blizgantys-apskritimai-konfeti.png","type":"image\/png"}],"twitter_card":"summary_large_image","schema":{"@context":"https:\/\/schema.org","@graph":[{"@type":"WebPage","@id":"https:\/\/www.gintaresgeles.lt\/ru\/puokste\/%d0%ba%d0%be%d0%bd%d1%84%d0%b5%d1%82%d1%82%d0%b8-%d0%b1%d0%bb%d0%b5%d1%81%d1%82%d1%8f%d1%89%d0%b8%d0%b5-%d0%ba%d1%80%d1%83%d0%b3%d0%b8\/","url":"https:\/\/www.gintaresgeles.lt\/ru\/puokste\/%d0%ba%d0%be%d0%bd%d1%84%d0%b5%d1%82%d1%82%d0%b8-%d0%b1%d0%bb%d0%b5%d1%81%d1%82%d1%8f%d1%89%d0%b8%d0%b5-%d0%ba%d1%80%d1%83%d0%b3%d0%b8\/","name":"\u041a\u043e\u043d\u0444\u0435\u0442\u0442\u0438 \u00ab\u0411\u043b\u0435\u0441\u0442\u044f\u0449\u0438\u0435 \u043a\u0440\u0443\u0433\u0438\u00bb | \u041f\u0440\u0430\u0437\u0434\u043d\u0438\u0447\u043d\u0430\u044f \u0430\u0442\u0440\u0438\u0431\u0443\u0442\u0438\u043a\u0430 | Gintar\u0117sG\u0117l\u0117s","isPartOf":{"@id":"https:\/\/www.gintaresgeles.lt\/ru\/#website"},"primaryImageOfPage":{"@id":"https:\/\/www.gintaresgeles.lt\/ru\/puokste\/%d0%ba%d0%be%d0%bd%d1%84%d0%b5%d1%82%d1%82%d0%b8-%d0%b1%d0%bb%d0%b5%d1%81%d1%82%d1%8f%d1%89%d0%b8%d0%b5-%d0%ba%d1%80%d1%83%d0%b3%d0%b8\/#primaryimage"},"image":{"@id":"https:\/\/www.gintaresgeles.lt\/ru\/puokste\/%d0%ba%d0%be%d0%bd%d1%84%d0%b5%d1%82%d1%82%d0%b8-%d0%b1%d0%bb%d0%b5%d1%81%d1%82%d1%8f%d1%89%d0%b8%d0%b5-%d0%ba%d1%80%d1%83%d0%b3%d0%b8\/#primaryimage"},"thumbnailUrl":"https:\/\/www.gintaresgeles.lt\/wp-content\/uploads\/2022\/06\/blizgantys-apskritimai-konfeti.png","datePublished":"2022-06-10T10:12:50+00:00","dateModified":"2025-05-28T23:59:42+00:00","description":"\u0415\u0441\u043b\u0438 \u0432\u044b \u0445\u043e\u0442\u0438\u0442\u0435 \u0443\u0434\u0438\u0432\u0438\u0442\u044c \u0441\u0432\u043e\u0438\u0445 \u0434\u0440\u0443\u0437\u0435\u0439 \u0438\u043b\u0438 \u0441\u0435\u043c\u044c\u044e, \u0432\u044b \u043c\u043e\u0436\u0435\u0442\u0435 \u0438\u0441\u043f\u043e\u043b\u044c\u0437\u043e\u0432\u0430\u0442\u044c \u044d\u0442\u043e \u0431\u043b\u0435\u0441\u0442\u044f\u0449\u0435\u0435 \u043a\u043e\u043d\u0444\u0435\u0442\u0442\u0438 \u0432 \u0444\u043e\u0440\u043c\u0435 \u043a\u0440\u0443\u0433\u0430 \u0434\u043b\u044f \u043b\u044e\u0431\u043e\u0433\u043e \u0441\u043b\u0443\u0447\u0430\u044f!","breadcrumb":{"@id":"https:\/\/www.gintaresgeles.lt\/ru\/puokste\/%d0%ba%d0%be%d0%bd%d1%84%d0%b5%d1%82%d1%82%d0%b8-%d0%b1%d0%bb%d0%b5%d1%81%d1%82%d1%8f%d1%89%d0%b8%d0%b5-%d0%ba%d1%80%d1%83%d0%b3%d0%b8\/#breadcrumb"},"inLanguage":"ru-RU","potentialAction":[{"@type":"ReadAction","target":["https:\/\/www.gintaresgeles.lt\/ru\/puokste\/%d0%ba%d0%be%d0%bd%d1%84%d0%b5%d1%82%d1%82%d0%b8-%d0%b1%d0%bb%d0%b5%d1%81%d1%82%d1%8f%d1%89%d0%b8%d0%b5-%d0%ba%d1%80%d1%83%d0%b3%d0%b8\/"]}]},{"@type":"ImageObject","inLanguage":"ru-RU","@id":"https:\/\/www.gintaresgeles.lt\/ru\/puokste\/%d0%ba%d0%be%d0%bd%d1%84%d0%b5%d1%82%d1%82%d0%b8-%d0%b1%d0%bb%d0%b5%d1%81%d1%82%d1%8f%d1%89%d0%b8%d0%b5-%d0%ba%d1%80%d1%83%d0%b3%d0%b8\/#primaryimage","url":"https:\/\/www.gintaresgeles.lt\/wp-content\/uploads\/2022\/06\/blizgantys-apskritimai-konfeti.png","contentUrl":"https:\/\/www.gintaresgeles.lt\/wp-content\/uploads\/2022\/06\/blizgantys-apskritimai-konfeti.png","width":600,"height":600,"caption":"Konfeti \u201eBlizg\u016bs apskritimai\""},{"@type":"BreadcrumbList","@id":"https:\/\/www.gintaresgeles.lt\/ru\/puokste\/%d0%ba%d0%be%d0%bd%d1%84%d0%b5%d1%82%d1%82%d0%b8-%d0%b1%d0%bb%d0%b5%d1%81%d1%82%d1%8f%d1%89%d0%b8%d0%b5-%d0%ba%d1%80%d1%83%d0%b3%d0%b8\/#breadcrumb","itemListElement":[{"@type":"ListItem","position":1,"name":"Prad\u017eia","item":"https:\/\/www.gintaresgeles.lt\/ru\/"},{"@type":"ListItem","position":2,"name":"\u0412\u0441\u0435 \u0446\u0432\u0435\u0442\u044b \u0438 \u0434\u0440\u0443\u0433\u0438\u0435 \u043f\u0440\u043e\u0434\u0443\u043a\u0442\u044b","item":"https:\/\/www.gintaresgeles.lt\/ru\/vse-cvety-i-drugie-produkty\/"},{"@type":"ListItem","position":3,"name":"\u041a\u043e\u043d\u0444\u0435\u0442\u0442\u0438 \u00ab\u0411\u043b\u0435\u0441\u0442\u044f\u0449\u0438\u0435 \u043a\u0440\u0443\u0433\u0438\u00bb"}]},{"@type":"WebSite","@id":"https:\/\/www.gintaresgeles.lt\/ru\/#website","url":"https:\/\/www.gintaresgeles.lt\/ru\/","name":"gintaresgeles.lt","description":"G\u0117li\u0173 parduotuv\u0117 internete","potentialAction":[{"@type":"SearchAction","target":{"@type":"EntryPoint","urlTemplate":"https:\/\/www.gintaresgeles.lt\/ru\/?s={search_term_string}"},"query-input":{"@type":"PropertyValueSpecification","valueRequired":true,"valueName":"search_term_string"}}],"inLanguage":"ru-RU"}]}},"_links":{"self":[{"href":"https:\/\/www.gintaresgeles.lt\/ru\/wp-json\/wp\/v2\/product\/42563","targetHints":{"allow":["GET"]}}],"collection":[{"href":"https:\/\/www.gintaresgeles.lt\/ru\/wp-json\/wp\/v2\/product"}],"about":[{"href":"https:\/\/www.gintaresgeles.lt\/ru\/wp-json\/wp\/v2\/types\/product"}],"wp:featuredmedia":[{"embeddable":true,"href":"https:\/\/www.gintaresgeles.lt\/ru\/wp-json\/wp\/v2\/media\/42567"}],"wp:attachment":[{"href":"https:\/\/www.gintaresgeles.lt\/ru\/wp-json\/wp\/v2\/media?parent=42563"}],"wp:term":[{"taxonomy":"product_brand","embeddable":true,"href":"https:\/\/www.gintaresgeles.lt\/ru\/wp-json\/wp\/v2\/product_brand?post=42563"},{"taxonomy":"product_cat","embeddable":true,"href":"https:\/\/www.gintaresgeles.lt\/ru\/wp-json\/wp\/v2\/product_cat?post=42563"},{"taxonomy":"product_tag","embeddable":true,"href":"https:\/\/www.gintaresgeles.lt\/ru\/wp-json\/wp\/v2\/product_tag?post=42563"}],"curies":[{"name":"wp","href":"https:\/\/api.w.org\/{rel}","templated":true}]}}