{"id":42586,"date":"2022-06-10T15:07:54","date_gmt":"2022-06-10T13:07:54","guid":{"rendered":"https:\/\/www.gintaresgeles.lt\/?post_type=product&#038;p=42586"},"modified":"2024-03-05T14:05:15","modified_gmt":"2024-03-05T12:05:15","slug":"%d0%ba%d1%80%d0%b0%d1%81%d0%bd%d1%8b%d0%b9-%d1%84%d0%be%d0%bb%d1%8c%d0%b3%d0%b8%d1%80%d0%be%d0%b2%d0%b0%d0%bd%d0%bd%d1%8b%d0%b9-%d0%b3%d0%b5%d0%bb%d0%b8%d0%b5%d0%b2%d1%8b%d0%b9-%d1%88%d0%b0%d1%80","status":"publish","type":"product","link":"https:\/\/www.gintaresgeles.lt\/ru\/puokste\/%d0%ba%d1%80%d0%b0%d1%81%d0%bd%d1%8b%d0%b9-%d1%84%d0%be%d0%bb%d1%8c%d0%b3%d0%b8%d1%80%d0%be%d0%b2%d0%b0%d0%bd%d0%bd%d1%8b%d0%b9-%d0%b3%d0%b5%d0%bb%d0%b8%d0%b5%d0%b2%d1%8b%d0%b9-%d1%88%d0%b0%d1%80\/","title":{"rendered":"\u041a\u0440\u0430\u0441\u043d\u044b\u0439 \u0444\u043e\u043b\u044c\u0433\u0438\u0440\u043e\u0432\u0430\u043d\u043d\u044b\u0439 \u0433\u0435\u043b\u0438\u0435\u0432\u044b\u0439 \u0448\u0430\u0440 &#171;\u0424\u043e\u0440\u043c\u0443\u043b\u0430 1&#187;"},"content":{"rendered":"","protected":false},"excerpt":{"rendered":"<p>\u0424\u0438\u0433\u0443\u0440\u043d\u044b\u0439 \u0444\u043e\u043b\u044c\u0433\u0438\u0440\u043e\u0432\u0430\u043d\u043d\u044b\u0439 \u0433\u0435\u043b\u0438\u0435\u0432\u044b\u0439 \u0448\u0430\u0440 &#171;\u0424\u043e\u0440\u043c\u0443\u043b\u0430 1&#187; \u043d\u0435 \u043e\u0441\u0442\u0430\u0432\u0438\u0442 \u043c\u0430\u043b\u044c\u0447\u0438\u0448\u0435\u043a \u0440\u0430\u0432\u043d\u043e\u0434\u0443\u0448\u043d\u044b\u043c\u0438!\u041a\u0440\u0430\u0441\u043d\u0430\u044f \u043c\u0430\u0448\u0438\u043d\u0430 \u043e\u0431\u044f\u0437\u0430\u0442\u0435\u043b\u044c\u043d\u043e \u0432\u044b\u0437\u043e\u0432\u0435\u0442 \u0440\u0430\u0434\u043e\u0441\u0442\u044c \u0438 \u0443\u043b\u044b\u0431\u043a\u0443 \u043d\u0430 \u0432\u0430\u0448\u0435\u043c \u043b\u0438\u0446\u0435.<\/p>\n<p>\u0414\u0438\u0430\u043c\u0435\u0442\u0440 \u043d\u0430\u0434\u0443\u0442\u043e\u0433\u043e \u0432\u043e\u0437\u0434\u0443\u0448\u043d\u043e\u0433\u043e \u0448\u0430\u0440\u0430 60 \u0441\u043c.<\/p>\n","protected":false},"featured_media":42591,"template":"","meta":[],"product_brand":[],"product_cat":[957,984,1845],"product_tag":[],"class_list":{"0":"post-42586","1":"product","2":"type-product","3":"status-publish","4":"has-post-thumbnail","6":"product_cat-957","7":"product_cat-984","8":"product_cat-1845","9":"tm-has-options","11":"first","12":"instock","13":"taxable","14":"shipping-taxable","15":"purchasable","16":"product-type-simple"},"yoast_head":"<!-- This site is optimized with the Yoast SEO plugin v25.3 - https:\/\/yoast.com\/wordpress\/plugins\/seo\/ -->\n<title>\u041a\u0440\u0430\u0441\u043d\u044b\u0439 \u0444\u043e\u043b\u044c\u0433\u0438\u0440\u043e\u0432\u0430\u043d\u043d\u044b\u0439 \u0433\u0435\u043b\u0438\u0435\u0432\u044b\u0439 \u0448\u0430\u0440 &quot;\u0424\u043e\u0440\u043c\u0443\u043b\u0430 1&quot; - gintaresgeles.lt<\/title>\n<meta name=\"description\" content=\"\u041a\u0440\u0430\u0441\u043d\u0430\u044f \u043c\u0430\u0448\u0438\u043d\u0430 \u0424\u043e\u0440\u043c\u0443\u043b\u044b 1 \u043d\u0430\u0432\u0435\u0440\u043d\u044f\u043a\u0430 \u043f\u043e\u0440\u0430\u0434\u0443\u0435\u0442 \u0438 \u0443\u0434\u0438\u0432\u0438\u0442 \u043a\u0430\u0436\u0434\u043e\u0433\u043e \u043c\u0430\u043b\u044c\u0447\u0438\u0448\u043a\u0443! \u0414\u0430\u0440\u0438\u0442\u0435 \u043b\u044e\u0431\u043e\u0439 \u043f\u043e\u0432\u043e\u0434.\" \/>\n<meta name=\"robots\" content=\"index, follow, max-snippet:-1, max-image-preview:large, max-video-preview:-1\" \/>\n<link rel=\"canonical\" href=\"https:\/\/www.gintaresgeles.lt\/ru\/puokste\/%d0%ba%d1%80%d0%b0%d1%81%d0%bd%d1%8b%d0%b9-%d1%84%d0%be%d0%bb%d1%8c%d0%b3%d0%b8%d1%80%d0%be%d0%b2%d0%b0%d0%bd%d0%bd%d1%8b%d0%b9-%d0%b3%d0%b5%d0%bb%d0%b8%d0%b5%d0%b2%d1%8b%d0%b9-%d1%88%d0%b0%d1%80\/\" \/>\n<meta property=\"og:locale\" content=\"ru_RU\" \/>\n<meta property=\"og:type\" content=\"article\" \/>\n<meta property=\"og:title\" content=\"\u041a\u0440\u0430\u0441\u043d\u044b\u0439 \u0444\u043e\u043b\u044c\u0433\u0438\u0440\u043e\u0432\u0430\u043d\u043d\u044b\u0439 \u0433\u0435\u043b\u0438\u0435\u0432\u044b\u0439 \u0448\u0430\u0440 &quot;\u0424\u043e\u0440\u043c\u0443\u043b\u0430 1&quot; - gintaresgeles.lt\" \/>\n<meta property=\"og:description\" content=\"\u041a\u0440\u0430\u0441\u043d\u0430\u044f \u043c\u0430\u0448\u0438\u043d\u0430 \u0424\u043e\u0440\u043c\u0443\u043b\u044b 1 \u043d\u0430\u0432\u0435\u0440\u043d\u044f\u043a\u0430 \u043f\u043e\u0440\u0430\u0434\u0443\u0435\u0442 \u0438 \u0443\u0434\u0438\u0432\u0438\u0442 \u043a\u0430\u0436\u0434\u043e\u0433\u043e \u043c\u0430\u043b\u044c\u0447\u0438\u0448\u043a\u0443! \u0414\u0430\u0440\u0438\u0442\u0435 \u043b\u044e\u0431\u043e\u0439 \u043f\u043e\u0432\u043e\u0434.\" \/>\n<meta property=\"og:url\" content=\"https:\/\/www.gintaresgeles.lt\/ru\/puokste\/%d0%ba%d1%80%d0%b0%d1%81%d0%bd%d1%8b%d0%b9-%d1%84%d0%be%d0%bb%d1%8c%d0%b3%d0%b8%d1%80%d0%be%d0%b2%d0%b0%d0%bd%d0%bd%d1%8b%d0%b9-%d0%b3%d0%b5%d0%bb%d0%b8%d0%b5%d0%b2%d1%8b%d0%b9-%d1%88%d0%b0%d1%80\/\" \/>\n<meta property=\"og:site_name\" content=\"gintaresgeles.lt\" \/>\n<meta property=\"article:modified_time\" content=\"2024-03-05T12:05:15+00:00\" \/>\n<meta property=\"og:image\" content=\"https:\/\/www.gintaresgeles.lt\/wp-content\/uploads\/2022\/06\/folinis-helio-balionas-formule-1.png\" \/>\n\t<meta property=\"og:image:width\" content=\"600\" \/>\n\t<meta property=\"og:image:height\" content=\"600\" \/>\n\t<meta property=\"og:image:type\" content=\"image\/png\" \/>\n<meta name=\"twitter:card\" content=\"summary_large_image\" \/>\n<script type=\"application\/ld+json\" class=\"yoast-schema-graph\">{\"@context\":\"https:\/\/schema.org\",\"@graph\":[{\"@type\":\"WebPage\",\"@id\":\"https:\/\/www.gintaresgeles.lt\/ru\/puokste\/%d0%ba%d1%80%d0%b0%d1%81%d0%bd%d1%8b%d0%b9-%d1%84%d0%be%d0%bb%d1%8c%d0%b3%d0%b8%d1%80%d0%be%d0%b2%d0%b0%d0%bd%d0%bd%d1%8b%d0%b9-%d0%b3%d0%b5%d0%bb%d0%b8%d0%b5%d0%b2%d1%8b%d0%b9-%d1%88%d0%b0%d1%80\/\",\"url\":\"https:\/\/www.gintaresgeles.lt\/ru\/puokste\/%d0%ba%d1%80%d0%b0%d1%81%d0%bd%d1%8b%d0%b9-%d1%84%d0%be%d0%bb%d1%8c%d0%b3%d0%b8%d1%80%d0%be%d0%b2%d0%b0%d0%bd%d0%bd%d1%8b%d0%b9-%d0%b3%d0%b5%d0%bb%d0%b8%d0%b5%d0%b2%d1%8b%d0%b9-%d1%88%d0%b0%d1%80\/\",\"name\":\"\u041a\u0440\u0430\u0441\u043d\u044b\u0439 \u0444\u043e\u043b\u044c\u0433\u0438\u0440\u043e\u0432\u0430\u043d\u043d\u044b\u0439 \u0433\u0435\u043b\u0438\u0435\u0432\u044b\u0439 \u0448\u0430\u0440 \\\"\u0424\u043e\u0440\u043c\u0443\u043b\u0430 1\\\" - gintaresgeles.lt\",\"isPartOf\":{\"@id\":\"https:\/\/www.gintaresgeles.lt\/ru\/#website\"},\"primaryImageOfPage\":{\"@id\":\"https:\/\/www.gintaresgeles.lt\/ru\/puokste\/%d0%ba%d1%80%d0%b0%d1%81%d0%bd%d1%8b%d0%b9-%d1%84%d0%be%d0%bb%d1%8c%d0%b3%d0%b8%d1%80%d0%be%d0%b2%d0%b0%d0%bd%d0%bd%d1%8b%d0%b9-%d0%b3%d0%b5%d0%bb%d0%b8%d0%b5%d0%b2%d1%8b%d0%b9-%d1%88%d0%b0%d1%80\/#primaryimage\"},\"image\":{\"@id\":\"https:\/\/www.gintaresgeles.lt\/ru\/puokste\/%d0%ba%d1%80%d0%b0%d1%81%d0%bd%d1%8b%d0%b9-%d1%84%d0%be%d0%bb%d1%8c%d0%b3%d0%b8%d1%80%d0%be%d0%b2%d0%b0%d0%bd%d0%bd%d1%8b%d0%b9-%d0%b3%d0%b5%d0%bb%d0%b8%d0%b5%d0%b2%d1%8b%d0%b9-%d1%88%d0%b0%d1%80\/#primaryimage\"},\"thumbnailUrl\":\"https:\/\/www.gintaresgeles.lt\/wp-content\/uploads\/2022\/06\/folinis-helio-balionas-formule-1.png\",\"datePublished\":\"2022-06-10T13:07:54+00:00\",\"dateModified\":\"2024-03-05T12:05:15+00:00\",\"description\":\"\u041a\u0440\u0430\u0441\u043d\u0430\u044f \u043c\u0430\u0448\u0438\u043d\u0430 \u0424\u043e\u0440\u043c\u0443\u043b\u044b 1 \u043d\u0430\u0432\u0435\u0440\u043d\u044f\u043a\u0430 \u043f\u043e\u0440\u0430\u0434\u0443\u0435\u0442 \u0438 \u0443\u0434\u0438\u0432\u0438\u0442 \u043a\u0430\u0436\u0434\u043e\u0433\u043e \u043c\u0430\u043b\u044c\u0447\u0438\u0448\u043a\u0443! \u0414\u0430\u0440\u0438\u0442\u0435 \u043b\u044e\u0431\u043e\u0439 \u043f\u043e\u0432\u043e\u0434.\",\"breadcrumb\":{\"@id\":\"https:\/\/www.gintaresgeles.lt\/ru\/puokste\/%d0%ba%d1%80%d0%b0%d1%81%d0%bd%d1%8b%d0%b9-%d1%84%d0%be%d0%bb%d1%8c%d0%b3%d0%b8%d1%80%d0%be%d0%b2%d0%b0%d0%bd%d0%bd%d1%8b%d0%b9-%d0%b3%d0%b5%d0%bb%d0%b8%d0%b5%d0%b2%d1%8b%d0%b9-%d1%88%d0%b0%d1%80\/#breadcrumb\"},\"inLanguage\":\"ru-RU\",\"potentialAction\":[{\"@type\":\"ReadAction\",\"target\":[\"https:\/\/www.gintaresgeles.lt\/ru\/puokste\/%d0%ba%d1%80%d0%b0%d1%81%d0%bd%d1%8b%d0%b9-%d1%84%d0%be%d0%bb%d1%8c%d0%b3%d0%b8%d1%80%d0%be%d0%b2%d0%b0%d0%bd%d0%bd%d1%8b%d0%b9-%d0%b3%d0%b5%d0%bb%d0%b8%d0%b5%d0%b2%d1%8b%d0%b9-%d1%88%d0%b0%d1%80\/\"]}]},{\"@type\":\"ImageObject\",\"inLanguage\":\"ru-RU\",\"@id\":\"https:\/\/www.gintaresgeles.lt\/ru\/puokste\/%d0%ba%d1%80%d0%b0%d1%81%d0%bd%d1%8b%d0%b9-%d1%84%d0%be%d0%bb%d1%8c%d0%b3%d0%b8%d1%80%d0%be%d0%b2%d0%b0%d0%bd%d0%bd%d1%8b%d0%b9-%d0%b3%d0%b5%d0%bb%d0%b8%d0%b5%d0%b2%d1%8b%d0%b9-%d1%88%d0%b0%d1%80\/#primaryimage\",\"url\":\"https:\/\/www.gintaresgeles.lt\/wp-content\/uploads\/2022\/06\/folinis-helio-balionas-formule-1.png\",\"contentUrl\":\"https:\/\/www.gintaresgeles.lt\/wp-content\/uploads\/2022\/06\/folinis-helio-balionas-formule-1.png\",\"width\":600,\"height\":600,\"caption\":\"Folinis helio balionas \u201eFormul\u0117 1\\\"\"},{\"@type\":\"BreadcrumbList\",\"@id\":\"https:\/\/www.gintaresgeles.lt\/ru\/puokste\/%d0%ba%d1%80%d0%b0%d1%81%d0%bd%d1%8b%d0%b9-%d1%84%d0%be%d0%bb%d1%8c%d0%b3%d0%b8%d1%80%d0%be%d0%b2%d0%b0%d0%bd%d0%bd%d1%8b%d0%b9-%d0%b3%d0%b5%d0%bb%d0%b8%d0%b5%d0%b2%d1%8b%d0%b9-%d1%88%d0%b0%d1%80\/#breadcrumb\",\"itemListElement\":[{\"@type\":\"ListItem\",\"position\":1,\"name\":\"Prad\u017eia\",\"item\":\"https:\/\/www.gintaresgeles.lt\/ru\/\"},{\"@type\":\"ListItem\",\"position\":2,\"name\":\"\u0412\u0441\u0435 \u0446\u0432\u0435\u0442\u044b \u0438 \u0434\u0440\u0443\u0433\u0438\u0435 \u043f\u0440\u043e\u0434\u0443\u043a\u0442\u044b\",\"item\":\"https:\/\/www.gintaresgeles.lt\/ru\/vse-cvety-i-drugie-produkty\/\"},{\"@type\":\"ListItem\",\"position\":3,\"name\":\"\u041a\u0440\u0430\u0441\u043d\u044b\u0439 \u0444\u043e\u043b\u044c\u0433\u0438\u0440\u043e\u0432\u0430\u043d\u043d\u044b\u0439 \u0433\u0435\u043b\u0438\u0435\u0432\u044b\u0439 \u0448\u0430\u0440 &#8222;\u0424\u043e\u0440\u043c\u0443\u043b\u0430 1&#8221;\"}]},{\"@type\":\"WebSite\",\"@id\":\"https:\/\/www.gintaresgeles.lt\/ru\/#website\",\"url\":\"https:\/\/www.gintaresgeles.lt\/ru\/\",\"name\":\"gintaresgeles.lt\",\"description\":\"G\u0117li\u0173 parduotuv\u0117 internete\",\"potentialAction\":[{\"@type\":\"SearchAction\",\"target\":{\"@type\":\"EntryPoint\",\"urlTemplate\":\"https:\/\/www.gintaresgeles.lt\/ru\/?s={search_term_string}\"},\"query-input\":{\"@type\":\"PropertyValueSpecification\",\"valueRequired\":true,\"valueName\":\"search_term_string\"}}],\"inLanguage\":\"ru-RU\"}]}<\/script>\n<!-- \/ Yoast SEO plugin. -->","yoast_head_json":{"title":"\u041a\u0440\u0430\u0441\u043d\u044b\u0439 \u0444\u043e\u043b\u044c\u0433\u0438\u0440\u043e\u0432\u0430\u043d\u043d\u044b\u0439 \u0433\u0435\u043b\u0438\u0435\u0432\u044b\u0439 \u0448\u0430\u0440 \"\u0424\u043e\u0440\u043c\u0443\u043b\u0430 1\" - gintaresgeles.lt","description":"\u041a\u0440\u0430\u0441\u043d\u0430\u044f \u043c\u0430\u0448\u0438\u043d\u0430 \u0424\u043e\u0440\u043c\u0443\u043b\u044b 1 \u043d\u0430\u0432\u0435\u0440\u043d\u044f\u043a\u0430 \u043f\u043e\u0440\u0430\u0434\u0443\u0435\u0442 \u0438 \u0443\u0434\u0438\u0432\u0438\u0442 \u043a\u0430\u0436\u0434\u043e\u0433\u043e \u043c\u0430\u043b\u044c\u0447\u0438\u0448\u043a\u0443! \u0414\u0430\u0440\u0438\u0442\u0435 \u043b\u044e\u0431\u043e\u0439 \u043f\u043e\u0432\u043e\u0434.","robots":{"index":"index","follow":"follow","max-snippet":"max-snippet:-1","max-image-preview":"max-image-preview:large","max-video-preview":"max-video-preview:-1"},"canonical":"https:\/\/www.gintaresgeles.lt\/ru\/puokste\/%d0%ba%d1%80%d0%b0%d1%81%d0%bd%d1%8b%d0%b9-%d1%84%d0%be%d0%bb%d1%8c%d0%b3%d0%b8%d1%80%d0%be%d0%b2%d0%b0%d0%bd%d0%bd%d1%8b%d0%b9-%d0%b3%d0%b5%d0%bb%d0%b8%d0%b5%d0%b2%d1%8b%d0%b9-%d1%88%d0%b0%d1%80\/","og_locale":"ru_RU","og_type":"article","og_title":"\u041a\u0440\u0430\u0441\u043d\u044b\u0439 \u0444\u043e\u043b\u044c\u0433\u0438\u0440\u043e\u0432\u0430\u043d\u043d\u044b\u0439 \u0433\u0435\u043b\u0438\u0435\u0432\u044b\u0439 \u0448\u0430\u0440 \"\u0424\u043e\u0440\u043c\u0443\u043b\u0430 1\" - gintaresgeles.lt","og_description":"\u041a\u0440\u0430\u0441\u043d\u0430\u044f \u043c\u0430\u0448\u0438\u043d\u0430 \u0424\u043e\u0440\u043c\u0443\u043b\u044b 1 \u043d\u0430\u0432\u0435\u0440\u043d\u044f\u043a\u0430 \u043f\u043e\u0440\u0430\u0434\u0443\u0435\u0442 \u0438 \u0443\u0434\u0438\u0432\u0438\u0442 \u043a\u0430\u0436\u0434\u043e\u0433\u043e \u043c\u0430\u043b\u044c\u0447\u0438\u0448\u043a\u0443! \u0414\u0430\u0440\u0438\u0442\u0435 \u043b\u044e\u0431\u043e\u0439 \u043f\u043e\u0432\u043e\u0434.","og_url":"https:\/\/www.gintaresgeles.lt\/ru\/puokste\/%d0%ba%d1%80%d0%b0%d1%81%d0%bd%d1%8b%d0%b9-%d1%84%d0%be%d0%bb%d1%8c%d0%b3%d0%b8%d1%80%d0%be%d0%b2%d0%b0%d0%bd%d0%bd%d1%8b%d0%b9-%d0%b3%d0%b5%d0%bb%d0%b8%d0%b5%d0%b2%d1%8b%d0%b9-%d1%88%d0%b0%d1%80\/","og_site_name":"gintaresgeles.lt","article_modified_time":"2024-03-05T12:05:15+00:00","og_image":[{"width":600,"height":600,"url":"https:\/\/www.gintaresgeles.lt\/wp-content\/uploads\/2022\/06\/folinis-helio-balionas-formule-1.png","type":"image\/png"}],"twitter_card":"summary_large_image","schema":{"@context":"https:\/\/schema.org","@graph":[{"@type":"WebPage","@id":"https:\/\/www.gintaresgeles.lt\/ru\/puokste\/%d0%ba%d1%80%d0%b0%d1%81%d0%bd%d1%8b%d0%b9-%d1%84%d0%be%d0%bb%d1%8c%d0%b3%d0%b8%d1%80%d0%be%d0%b2%d0%b0%d0%bd%d0%bd%d1%8b%d0%b9-%d0%b3%d0%b5%d0%bb%d0%b8%d0%b5%d0%b2%d1%8b%d0%b9-%d1%88%d0%b0%d1%80\/","url":"https:\/\/www.gintaresgeles.lt\/ru\/puokste\/%d0%ba%d1%80%d0%b0%d1%81%d0%bd%d1%8b%d0%b9-%d1%84%d0%be%d0%bb%d1%8c%d0%b3%d0%b8%d1%80%d0%be%d0%b2%d0%b0%d0%bd%d0%bd%d1%8b%d0%b9-%d0%b3%d0%b5%d0%bb%d0%b8%d0%b5%d0%b2%d1%8b%d0%b9-%d1%88%d0%b0%d1%80\/","name":"\u041a\u0440\u0430\u0441\u043d\u044b\u0439 \u0444\u043e\u043b\u044c\u0433\u0438\u0440\u043e\u0432\u0430\u043d\u043d\u044b\u0439 \u0433\u0435\u043b\u0438\u0435\u0432\u044b\u0439 \u0448\u0430\u0440 \"\u0424\u043e\u0440\u043c\u0443\u043b\u0430 1\" - gintaresgeles.lt","isPartOf":{"@id":"https:\/\/www.gintaresgeles.lt\/ru\/#website"},"primaryImageOfPage":{"@id":"https:\/\/www.gintaresgeles.lt\/ru\/puokste\/%d0%ba%d1%80%d0%b0%d1%81%d0%bd%d1%8b%d0%b9-%d1%84%d0%be%d0%bb%d1%8c%d0%b3%d0%b8%d1%80%d0%be%d0%b2%d0%b0%d0%bd%d0%bd%d1%8b%d0%b9-%d0%b3%d0%b5%d0%bb%d0%b8%d0%b5%d0%b2%d1%8b%d0%b9-%d1%88%d0%b0%d1%80\/#primaryimage"},"image":{"@id":"https:\/\/www.gintaresgeles.lt\/ru\/puokste\/%d0%ba%d1%80%d0%b0%d1%81%d0%bd%d1%8b%d0%b9-%d1%84%d0%be%d0%bb%d1%8c%d0%b3%d0%b8%d1%80%d0%be%d0%b2%d0%b0%d0%bd%d0%bd%d1%8b%d0%b9-%d0%b3%d0%b5%d0%bb%d0%b8%d0%b5%d0%b2%d1%8b%d0%b9-%d1%88%d0%b0%d1%80\/#primaryimage"},"thumbnailUrl":"https:\/\/www.gintaresgeles.lt\/wp-content\/uploads\/2022\/06\/folinis-helio-balionas-formule-1.png","datePublished":"2022-06-10T13:07:54+00:00","dateModified":"2024-03-05T12:05:15+00:00","description":"\u041a\u0440\u0430\u0441\u043d\u0430\u044f \u043c\u0430\u0448\u0438\u043d\u0430 \u0424\u043e\u0440\u043c\u0443\u043b\u044b 1 \u043d\u0430\u0432\u0435\u0440\u043d\u044f\u043a\u0430 \u043f\u043e\u0440\u0430\u0434\u0443\u0435\u0442 \u0438 \u0443\u0434\u0438\u0432\u0438\u0442 \u043a\u0430\u0436\u0434\u043e\u0433\u043e \u043c\u0430\u043b\u044c\u0447\u0438\u0448\u043a\u0443! \u0414\u0430\u0440\u0438\u0442\u0435 \u043b\u044e\u0431\u043e\u0439 \u043f\u043e\u0432\u043e\u0434.","breadcrumb":{"@id":"https:\/\/www.gintaresgeles.lt\/ru\/puokste\/%d0%ba%d1%80%d0%b0%d1%81%d0%bd%d1%8b%d0%b9-%d1%84%d0%be%d0%bb%d1%8c%d0%b3%d0%b8%d1%80%d0%be%d0%b2%d0%b0%d0%bd%d0%bd%d1%8b%d0%b9-%d0%b3%d0%b5%d0%bb%d0%b8%d0%b5%d0%b2%d1%8b%d0%b9-%d1%88%d0%b0%d1%80\/#breadcrumb"},"inLanguage":"ru-RU","potentialAction":[{"@type":"ReadAction","target":["https:\/\/www.gintaresgeles.lt\/ru\/puokste\/%d0%ba%d1%80%d0%b0%d1%81%d0%bd%d1%8b%d0%b9-%d1%84%d0%be%d0%bb%d1%8c%d0%b3%d0%b8%d1%80%d0%be%d0%b2%d0%b0%d0%bd%d0%bd%d1%8b%d0%b9-%d0%b3%d0%b5%d0%bb%d0%b8%d0%b5%d0%b2%d1%8b%d0%b9-%d1%88%d0%b0%d1%80\/"]}]},{"@type":"ImageObject","inLanguage":"ru-RU","@id":"https:\/\/www.gintaresgeles.lt\/ru\/puokste\/%d0%ba%d1%80%d0%b0%d1%81%d0%bd%d1%8b%d0%b9-%d1%84%d0%be%d0%bb%d1%8c%d0%b3%d0%b8%d1%80%d0%be%d0%b2%d0%b0%d0%bd%d0%bd%d1%8b%d0%b9-%d0%b3%d0%b5%d0%bb%d0%b8%d0%b5%d0%b2%d1%8b%d0%b9-%d1%88%d0%b0%d1%80\/#primaryimage","url":"https:\/\/www.gintaresgeles.lt\/wp-content\/uploads\/2022\/06\/folinis-helio-balionas-formule-1.png","contentUrl":"https:\/\/www.gintaresgeles.lt\/wp-content\/uploads\/2022\/06\/folinis-helio-balionas-formule-1.png","width":600,"height":600,"caption":"Folinis helio balionas \u201eFormul\u0117 1\""},{"@type":"BreadcrumbList","@id":"https:\/\/www.gintaresgeles.lt\/ru\/puokste\/%d0%ba%d1%80%d0%b0%d1%81%d0%bd%d1%8b%d0%b9-%d1%84%d0%be%d0%bb%d1%8c%d0%b3%d0%b8%d1%80%d0%be%d0%b2%d0%b0%d0%bd%d0%bd%d1%8b%d0%b9-%d0%b3%d0%b5%d0%bb%d0%b8%d0%b5%d0%b2%d1%8b%d0%b9-%d1%88%d0%b0%d1%80\/#breadcrumb","itemListElement":[{"@type":"ListItem","position":1,"name":"Prad\u017eia","item":"https:\/\/www.gintaresgeles.lt\/ru\/"},{"@type":"ListItem","position":2,"name":"\u0412\u0441\u0435 \u0446\u0432\u0435\u0442\u044b \u0438 \u0434\u0440\u0443\u0433\u0438\u0435 \u043f\u0440\u043e\u0434\u0443\u043a\u0442\u044b","item":"https:\/\/www.gintaresgeles.lt\/ru\/vse-cvety-i-drugie-produkty\/"},{"@type":"ListItem","position":3,"name":"\u041a\u0440\u0430\u0441\u043d\u044b\u0439 \u0444\u043e\u043b\u044c\u0433\u0438\u0440\u043e\u0432\u0430\u043d\u043d\u044b\u0439 \u0433\u0435\u043b\u0438\u0435\u0432\u044b\u0439 \u0448\u0430\u0440 &#8222;\u0424\u043e\u0440\u043c\u0443\u043b\u0430 1&#8221;"}]},{"@type":"WebSite","@id":"https:\/\/www.gintaresgeles.lt\/ru\/#website","url":"https:\/\/www.gintaresgeles.lt\/ru\/","name":"gintaresgeles.lt","description":"G\u0117li\u0173 parduotuv\u0117 internete","potentialAction":[{"@type":"SearchAction","target":{"@type":"EntryPoint","urlTemplate":"https:\/\/www.gintaresgeles.lt\/ru\/?s={search_term_string}"},"query-input":{"@type":"PropertyValueSpecification","valueRequired":true,"valueName":"search_term_string"}}],"inLanguage":"ru-RU"}]}},"_links":{"self":[{"href":"https:\/\/www.gintaresgeles.lt\/ru\/wp-json\/wp\/v2\/product\/42586","targetHints":{"allow":["GET"]}}],"collection":[{"href":"https:\/\/www.gintaresgeles.lt\/ru\/wp-json\/wp\/v2\/product"}],"about":[{"href":"https:\/\/www.gintaresgeles.lt\/ru\/wp-json\/wp\/v2\/types\/product"}],"wp:featuredmedia":[{"embeddable":true,"href":"https:\/\/www.gintaresgeles.lt\/ru\/wp-json\/wp\/v2\/media\/42591"}],"wp:attachment":[{"href":"https:\/\/www.gintaresgeles.lt\/ru\/wp-json\/wp\/v2\/media?parent=42586"}],"wp:term":[{"taxonomy":"product_brand","embeddable":true,"href":"https:\/\/www.gintaresgeles.lt\/ru\/wp-json\/wp\/v2\/product_brand?post=42586"},{"taxonomy":"product_cat","embeddable":true,"href":"https:\/\/www.gintaresgeles.lt\/ru\/wp-json\/wp\/v2\/product_cat?post=42586"},{"taxonomy":"product_tag","embeddable":true,"href":"https:\/\/www.gintaresgeles.lt\/ru\/wp-json\/wp\/v2\/product_tag?post=42586"}],"curies":[{"name":"wp","href":"https:\/\/api.w.org\/{rel}","templated":true}]}}