{"id":42884,"date":"2022-05-25T13:24:23","date_gmt":"2022-05-25T11:24:23","guid":{"rendered":"https:\/\/www.gintaresgeles.lt\/puokste\/%d0%bc%d1%8b%d0%bb%d1%8c%d0%bd%d1%8b%d0%b5-%d1%86%d0%b2%d0%b5%d1%82%d1%8b-%d1%80%d0%be%d0%b7%d0%be%d0%b2%d1%8b%d0%b5-%d1%80%d0%be%d0%b7%d1%8b\/"},"modified":"2024-03-05T14:29:28","modified_gmt":"2024-03-05T12:29:28","slug":"%d0%bc%d1%8b%d0%bb%d1%8c%d0%bd%d1%8b%d0%b5-%d1%86%d0%b2%d0%b5%d1%82%d1%8b-%d1%80%d0%be%d0%b7%d0%be%d0%b2%d1%8b%d0%b5-%d1%80%d0%be%d0%b7%d1%8b","status":"publish","type":"product","link":"https:\/\/www.gintaresgeles.lt\/ru\/puokste\/%d0%bc%d1%8b%d0%bb%d1%8c%d0%bd%d1%8b%d0%b5-%d1%86%d0%b2%d0%b5%d1%82%d1%8b-%d1%80%d0%be%d0%b7%d0%be%d0%b2%d1%8b%d0%b5-%d1%80%d0%be%d0%b7%d1%8b\/","title":{"rendered":"\u041c\u044b\u043b\u044c\u043d\u044b\u0435 \u0446\u0432\u0435\u0442\u044b &#171;\u0420\u043e\u0437\u043e\u0432\u044b\u0435 \u0440\u043e\u0437\u044b&#187;"},"content":{"rendered":"","protected":false},"excerpt":{"rendered":"<p>\u041f\u043e\u0440\u0430\u0434\u0443\u0439\u0442\u0435 \u0441\u0432\u043e\u044e \u043b\u044e\u0431\u0438\u043c\u0443\u044e \u043c\u0430\u043c\u0443, \u0441\u0435\u0441\u0442\u0440\u0443, \u043f\u043e\u0434\u0440\u0443\u0433\u0443 \u043e\u0440\u0438\u0433\u0438\u043d\u0430\u043b\u044c\u043d\u044b\u043c \u0438 \u0435\u0449\u0435 \u0431\u043e\u043b\u0435\u0435 \u0438\u043d\u0442\u0435\u0440\u0435\u0441\u043d\u044b\u043c \u043f\u043e\u0434\u0430\u0440\u043a\u043e\u043c. \u0420\u0435\u0430\u043b\u0438\u0441\u0442\u0438\u0447\u043d\u043e \u0432\u044b\u0433\u043b\u044f\u0434\u044f\u0449\u0438\u0435 \u0430\u0440\u043e\u043c\u0430\u0442\u043d\u044b\u0435 \u0440\u043e\u0437\u043e\u0432\u044b\u0435 \u0440\u043e\u0437\u044b \u0438\u0437 \u043c\u044b\u043b\u0430 \u0441\u0442\u0430\u043d\u0443\u0442 \u043e\u0442\u043b\u0438\u0447\u043d\u043e\u0439 \u0434\u0435\u0442\u0430\u043b\u044c\u044e \u0438\u043d\u0442\u0435\u0440\u044c\u0435\u0440\u0430.<\/p>\n","protected":false},"featured_media":41695,"template":"","meta":[],"product_brand":[],"product_cat":[975,977,970,971,976,1363,972,967,966,968,973,1847],"product_tag":[],"class_list":{"0":"post-42884","1":"product","2":"type-product","3":"status-publish","4":"has-post-thumbnail","6":"product_cat-14--","7":"product_cat-977","8":"product_cat-970","9":"product_cat-971","10":"product_cat-976","11":"product_cat-cveti-8-marta","12":"product_cat-972","13":"product_cat-967","14":"product_cat-966","15":"product_cat-968","16":"product_cat-973","17":"product_cat-1847","18":"tm-no-options","20":"first","21":"outofstock","22":"taxable","23":"shipping-taxable","24":"purchasable","25":"product-type-variable","26":"has-default-attributes"},"yoast_head":"<!-- This site is optimized with the Yoast SEO plugin v25.3 - https:\/\/yoast.com\/wordpress\/plugins\/seo\/ -->\n<title>\u041c\u044b\u043b\u044c\u043d\u044b\u0435 \u0446\u0432\u0435\u0442\u044b &quot;\u0420\u043e\u0437\u043e\u0432\u044b\u0435 \u0440\u043e\u0437\u044b&quot; | Kvepian\u010dios muilo g\u0117l\u0117s | Gintar\u0117s G\u0117l\u0117s<\/title>\n<meta name=\"description\" content=\"\u0414\u0443\u0448\u0438\u0441\u0442\u044b\u0435 \u043c\u044b\u043b\u044c\u043d\u044b\u0435 \u0446\u0432\u0435\u0442\u044b &quot;\u0420\u043e\u0437\u043e\u0432\u044b\u0435 \u0440\u043e\u0437\u044b&quot; - \u043d\u0430\u0441\u043b\u0430\u0436\u0434\u0430\u0439\u0442\u0435\u0441\u044c \u0434\u043e\u043b\u0433\u043e\u0432\u0435\u0447\u043d\u044b\u043c \u0443\u043a\u0440\u0430\u0448\u0435\u043d\u0438\u0435\u043c \u0438\u043d\u0442\u0435\u0440\u044c\u0435\u0440\u0430. \u0412\u043d\u0438\u043c\u0430\u043d\u0438\u0435 \u0437\u0430\u0441\u0442\u0430\u0432\u0438\u0442 \u0443\u043b\u044b\u0431\u043d\u0443\u0442\u044c\u0441\u044f \u043a\u0430\u0436\u0434\u043e\u0433\u043e \u0431\u043b\u0438\u0437\u043a\u043e\u0433\u043e \u0447\u0435\u043b\u043e\u0432\u0435\u043a\u0430.\" \/>\n<meta name=\"robots\" content=\"index, follow, max-snippet:-1, max-image-preview:large, max-video-preview:-1\" \/>\n<link rel=\"canonical\" href=\"https:\/\/www.gintaresgeles.lt\/ru\/puokste\/%d0%bc%d1%8b%d0%bb%d1%8c%d0%bd%d1%8b%d0%b5-%d1%86%d0%b2%d0%b5%d1%82%d1%8b-%d1%80%d0%be%d0%b7%d0%be%d0%b2%d1%8b%d0%b5-%d1%80%d0%be%d0%b7%d1%8b\/\" \/>\n<meta property=\"og:locale\" content=\"ru_RU\" \/>\n<meta property=\"og:type\" content=\"article\" \/>\n<meta property=\"og:title\" content=\"\u041c\u044b\u043b\u044c\u043d\u044b\u0435 \u0446\u0432\u0435\u0442\u044b &quot;\u0420\u043e\u0437\u043e\u0432\u044b\u0435 \u0440\u043e\u0437\u044b&quot; | Kvepian\u010dios muilo g\u0117l\u0117s | Gintar\u0117s G\u0117l\u0117s\" \/>\n<meta property=\"og:description\" content=\"\u0414\u0443\u0448\u0438\u0441\u0442\u044b\u0435 \u043c\u044b\u043b\u044c\u043d\u044b\u0435 \u0446\u0432\u0435\u0442\u044b &quot;\u0420\u043e\u0437\u043e\u0432\u044b\u0435 \u0440\u043e\u0437\u044b&quot; - \u043d\u0430\u0441\u043b\u0430\u0436\u0434\u0430\u0439\u0442\u0435\u0441\u044c \u0434\u043e\u043b\u0433\u043e\u0432\u0435\u0447\u043d\u044b\u043c \u0443\u043a\u0440\u0430\u0448\u0435\u043d\u0438\u0435\u043c \u0438\u043d\u0442\u0435\u0440\u044c\u0435\u0440\u0430. \u0412\u043d\u0438\u043c\u0430\u043d\u0438\u0435 \u0437\u0430\u0441\u0442\u0430\u0432\u0438\u0442 \u0443\u043b\u044b\u0431\u043d\u0443\u0442\u044c\u0441\u044f \u043a\u0430\u0436\u0434\u043e\u0433\u043e \u0431\u043b\u0438\u0437\u043a\u043e\u0433\u043e \u0447\u0435\u043b\u043e\u0432\u0435\u043a\u0430.\" \/>\n<meta property=\"og:url\" content=\"https:\/\/www.gintaresgeles.lt\/ru\/puokste\/%d0%bc%d1%8b%d0%bb%d1%8c%d0%bd%d1%8b%d0%b5-%d1%86%d0%b2%d0%b5%d1%82%d1%8b-%d1%80%d0%be%d0%b7%d0%be%d0%b2%d1%8b%d0%b5-%d1%80%d0%be%d0%b7%d1%8b\/\" \/>\n<meta property=\"og:site_name\" content=\"gintaresgeles.lt\" \/>\n<meta property=\"article:modified_time\" content=\"2024-03-05T12:29:28+00:00\" \/>\n<meta property=\"og:image\" content=\"https:\/\/www.gintaresgeles.lt\/wp-content\/uploads\/2022\/05\/muilo-geles-rozines-rozes-kvepianciu-roziu-puokste.jpg\" \/>\n\t<meta property=\"og:image:width\" content=\"1200\" \/>\n\t<meta property=\"og:image:height\" content=\"1200\" \/>\n\t<meta property=\"og:image:type\" content=\"image\/jpeg\" \/>\n<meta name=\"twitter:card\" content=\"summary_large_image\" \/>\n<script type=\"application\/ld+json\" class=\"yoast-schema-graph\">{\"@context\":\"https:\/\/schema.org\",\"@graph\":[{\"@type\":\"WebPage\",\"@id\":\"https:\/\/www.gintaresgeles.lt\/ru\/puokste\/%d0%bc%d1%8b%d0%bb%d1%8c%d0%bd%d1%8b%d0%b5-%d1%86%d0%b2%d0%b5%d1%82%d1%8b-%d1%80%d0%be%d0%b7%d0%be%d0%b2%d1%8b%d0%b5-%d1%80%d0%be%d0%b7%d1%8b\/\",\"url\":\"https:\/\/www.gintaresgeles.lt\/ru\/puokste\/%d0%bc%d1%8b%d0%bb%d1%8c%d0%bd%d1%8b%d0%b5-%d1%86%d0%b2%d0%b5%d1%82%d1%8b-%d1%80%d0%be%d0%b7%d0%be%d0%b2%d1%8b%d0%b5-%d1%80%d0%be%d0%b7%d1%8b\/\",\"name\":\"\u041c\u044b\u043b\u044c\u043d\u044b\u0435 \u0446\u0432\u0435\u0442\u044b \\\"\u0420\u043e\u0437\u043e\u0432\u044b\u0435 \u0440\u043e\u0437\u044b\\\" | Kvepian\u010dios muilo g\u0117l\u0117s | Gintar\u0117s G\u0117l\u0117s\",\"isPartOf\":{\"@id\":\"https:\/\/www.gintaresgeles.lt\/ru\/#website\"},\"primaryImageOfPage\":{\"@id\":\"https:\/\/www.gintaresgeles.lt\/ru\/puokste\/%d0%bc%d1%8b%d0%bb%d1%8c%d0%bd%d1%8b%d0%b5-%d1%86%d0%b2%d0%b5%d1%82%d1%8b-%d1%80%d0%be%d0%b7%d0%be%d0%b2%d1%8b%d0%b5-%d1%80%d0%be%d0%b7%d1%8b\/#primaryimage\"},\"image\":{\"@id\":\"https:\/\/www.gintaresgeles.lt\/ru\/puokste\/%d0%bc%d1%8b%d0%bb%d1%8c%d0%bd%d1%8b%d0%b5-%d1%86%d0%b2%d0%b5%d1%82%d1%8b-%d1%80%d0%be%d0%b7%d0%be%d0%b2%d1%8b%d0%b5-%d1%80%d0%be%d0%b7%d1%8b\/#primaryimage\"},\"thumbnailUrl\":\"https:\/\/www.gintaresgeles.lt\/wp-content\/uploads\/2022\/05\/muilo-geles-rozines-rozes-kvepianciu-roziu-puokste.jpg\",\"datePublished\":\"2022-05-25T11:24:23+00:00\",\"dateModified\":\"2024-03-05T12:29:28+00:00\",\"description\":\"\u0414\u0443\u0448\u0438\u0441\u0442\u044b\u0435 \u043c\u044b\u043b\u044c\u043d\u044b\u0435 \u0446\u0432\u0435\u0442\u044b \\\"\u0420\u043e\u0437\u043e\u0432\u044b\u0435 \u0440\u043e\u0437\u044b\\\" - \u043d\u0430\u0441\u043b\u0430\u0436\u0434\u0430\u0439\u0442\u0435\u0441\u044c \u0434\u043e\u043b\u0433\u043e\u0432\u0435\u0447\u043d\u044b\u043c \u0443\u043a\u0440\u0430\u0448\u0435\u043d\u0438\u0435\u043c \u0438\u043d\u0442\u0435\u0440\u044c\u0435\u0440\u0430. \u0412\u043d\u0438\u043c\u0430\u043d\u0438\u0435 \u0437\u0430\u0441\u0442\u0430\u0432\u0438\u0442 \u0443\u043b\u044b\u0431\u043d\u0443\u0442\u044c\u0441\u044f \u043a\u0430\u0436\u0434\u043e\u0433\u043e \u0431\u043b\u0438\u0437\u043a\u043e\u0433\u043e \u0447\u0435\u043b\u043e\u0432\u0435\u043a\u0430.\",\"breadcrumb\":{\"@id\":\"https:\/\/www.gintaresgeles.lt\/ru\/puokste\/%d0%bc%d1%8b%d0%bb%d1%8c%d0%bd%d1%8b%d0%b5-%d1%86%d0%b2%d0%b5%d1%82%d1%8b-%d1%80%d0%be%d0%b7%d0%be%d0%b2%d1%8b%d0%b5-%d1%80%d0%be%d0%b7%d1%8b\/#breadcrumb\"},\"inLanguage\":\"ru-RU\",\"potentialAction\":[{\"@type\":\"ReadAction\",\"target\":[\"https:\/\/www.gintaresgeles.lt\/ru\/puokste\/%d0%bc%d1%8b%d0%bb%d1%8c%d0%bd%d1%8b%d0%b5-%d1%86%d0%b2%d0%b5%d1%82%d1%8b-%d1%80%d0%be%d0%b7%d0%be%d0%b2%d1%8b%d0%b5-%d1%80%d0%be%d0%b7%d1%8b\/\"]}]},{\"@type\":\"ImageObject\",\"inLanguage\":\"ru-RU\",\"@id\":\"https:\/\/www.gintaresgeles.lt\/ru\/puokste\/%d0%bc%d1%8b%d0%bb%d1%8c%d0%bd%d1%8b%d0%b5-%d1%86%d0%b2%d0%b5%d1%82%d1%8b-%d1%80%d0%be%d0%b7%d0%be%d0%b2%d1%8b%d0%b5-%d1%80%d0%be%d0%b7%d1%8b\/#primaryimage\",\"url\":\"https:\/\/www.gintaresgeles.lt\/wp-content\/uploads\/2022\/05\/muilo-geles-rozines-rozes-kvepianciu-roziu-puokste.jpg\",\"contentUrl\":\"https:\/\/www.gintaresgeles.lt\/wp-content\/uploads\/2022\/05\/muilo-geles-rozines-rozes-kvepianciu-roziu-puokste.jpg\",\"width\":1200,\"height\":1200,\"caption\":\"Kvepian\u010dios muilo g\u0117l\u0117s Ro\u017ein\u0117s ro\u017e\u0117s\"},{\"@type\":\"BreadcrumbList\",\"@id\":\"https:\/\/www.gintaresgeles.lt\/ru\/puokste\/%d0%bc%d1%8b%d0%bb%d1%8c%d0%bd%d1%8b%d0%b5-%d1%86%d0%b2%d0%b5%d1%82%d1%8b-%d1%80%d0%be%d0%b7%d0%be%d0%b2%d1%8b%d0%b5-%d1%80%d0%be%d0%b7%d1%8b\/#breadcrumb\",\"itemListElement\":[{\"@type\":\"ListItem\",\"position\":1,\"name\":\"Prad\u017eia\",\"item\":\"https:\/\/www.gintaresgeles.lt\/ru\/\"},{\"@type\":\"ListItem\",\"position\":2,\"name\":\"\u0412\u0441\u0435 \u0446\u0432\u0435\u0442\u044b \u0438 \u0434\u0440\u0443\u0433\u0438\u0435 \u043f\u0440\u043e\u0434\u0443\u043a\u0442\u044b\",\"item\":\"https:\/\/www.gintaresgeles.lt\/ru\/vse-cvety-i-drugie-produkty\/\"},{\"@type\":\"ListItem\",\"position\":3,\"name\":\"\u041c\u044b\u043b\u044c\u043d\u044b\u0435 \u0446\u0432\u0435\u0442\u044b &#8222;\u0420\u043e\u0437\u043e\u0432\u044b\u0435 \u0440\u043e\u0437\u044b&#8221;\"}]},{\"@type\":\"WebSite\",\"@id\":\"https:\/\/www.gintaresgeles.lt\/ru\/#website\",\"url\":\"https:\/\/www.gintaresgeles.lt\/ru\/\",\"name\":\"gintaresgeles.lt\",\"description\":\"G\u0117li\u0173 parduotuv\u0117 internete\",\"potentialAction\":[{\"@type\":\"SearchAction\",\"target\":{\"@type\":\"EntryPoint\",\"urlTemplate\":\"https:\/\/www.gintaresgeles.lt\/ru\/?s={search_term_string}\"},\"query-input\":{\"@type\":\"PropertyValueSpecification\",\"valueRequired\":true,\"valueName\":\"search_term_string\"}}],\"inLanguage\":\"ru-RU\"}]}<\/script>\n<!-- \/ Yoast SEO plugin. -->","yoast_head_json":{"title":"\u041c\u044b\u043b\u044c\u043d\u044b\u0435 \u0446\u0432\u0435\u0442\u044b \"\u0420\u043e\u0437\u043e\u0432\u044b\u0435 \u0440\u043e\u0437\u044b\" | Kvepian\u010dios muilo g\u0117l\u0117s | Gintar\u0117s G\u0117l\u0117s","description":"\u0414\u0443\u0448\u0438\u0441\u0442\u044b\u0435 \u043c\u044b\u043b\u044c\u043d\u044b\u0435 \u0446\u0432\u0435\u0442\u044b \"\u0420\u043e\u0437\u043e\u0432\u044b\u0435 \u0440\u043e\u0437\u044b\" - \u043d\u0430\u0441\u043b\u0430\u0436\u0434\u0430\u0439\u0442\u0435\u0441\u044c \u0434\u043e\u043b\u0433\u043e\u0432\u0435\u0447\u043d\u044b\u043c \u0443\u043a\u0440\u0430\u0448\u0435\u043d\u0438\u0435\u043c \u0438\u043d\u0442\u0435\u0440\u044c\u0435\u0440\u0430. \u0412\u043d\u0438\u043c\u0430\u043d\u0438\u0435 \u0437\u0430\u0441\u0442\u0430\u0432\u0438\u0442 \u0443\u043b\u044b\u0431\u043d\u0443\u0442\u044c\u0441\u044f \u043a\u0430\u0436\u0434\u043e\u0433\u043e \u0431\u043b\u0438\u0437\u043a\u043e\u0433\u043e \u0447\u0435\u043b\u043e\u0432\u0435\u043a\u0430.","robots":{"index":"index","follow":"follow","max-snippet":"max-snippet:-1","max-image-preview":"max-image-preview:large","max-video-preview":"max-video-preview:-1"},"canonical":"https:\/\/www.gintaresgeles.lt\/ru\/puokste\/%d0%bc%d1%8b%d0%bb%d1%8c%d0%bd%d1%8b%d0%b5-%d1%86%d0%b2%d0%b5%d1%82%d1%8b-%d1%80%d0%be%d0%b7%d0%be%d0%b2%d1%8b%d0%b5-%d1%80%d0%be%d0%b7%d1%8b\/","og_locale":"ru_RU","og_type":"article","og_title":"\u041c\u044b\u043b\u044c\u043d\u044b\u0435 \u0446\u0432\u0435\u0442\u044b \"\u0420\u043e\u0437\u043e\u0432\u044b\u0435 \u0440\u043e\u0437\u044b\" | Kvepian\u010dios muilo g\u0117l\u0117s | Gintar\u0117s G\u0117l\u0117s","og_description":"\u0414\u0443\u0448\u0438\u0441\u0442\u044b\u0435 \u043c\u044b\u043b\u044c\u043d\u044b\u0435 \u0446\u0432\u0435\u0442\u044b \"\u0420\u043e\u0437\u043e\u0432\u044b\u0435 \u0440\u043e\u0437\u044b\" - \u043d\u0430\u0441\u043b\u0430\u0436\u0434\u0430\u0439\u0442\u0435\u0441\u044c \u0434\u043e\u043b\u0433\u043e\u0432\u0435\u0447\u043d\u044b\u043c \u0443\u043a\u0440\u0430\u0448\u0435\u043d\u0438\u0435\u043c \u0438\u043d\u0442\u0435\u0440\u044c\u0435\u0440\u0430. \u0412\u043d\u0438\u043c\u0430\u043d\u0438\u0435 \u0437\u0430\u0441\u0442\u0430\u0432\u0438\u0442 \u0443\u043b\u044b\u0431\u043d\u0443\u0442\u044c\u0441\u044f \u043a\u0430\u0436\u0434\u043e\u0433\u043e \u0431\u043b\u0438\u0437\u043a\u043e\u0433\u043e \u0447\u0435\u043b\u043e\u0432\u0435\u043a\u0430.","og_url":"https:\/\/www.gintaresgeles.lt\/ru\/puokste\/%d0%bc%d1%8b%d0%bb%d1%8c%d0%bd%d1%8b%d0%b5-%d1%86%d0%b2%d0%b5%d1%82%d1%8b-%d1%80%d0%be%d0%b7%d0%be%d0%b2%d1%8b%d0%b5-%d1%80%d0%be%d0%b7%d1%8b\/","og_site_name":"gintaresgeles.lt","article_modified_time":"2024-03-05T12:29:28+00:00","og_image":[{"width":1200,"height":1200,"url":"https:\/\/www.gintaresgeles.lt\/wp-content\/uploads\/2022\/05\/muilo-geles-rozines-rozes-kvepianciu-roziu-puokste.jpg","type":"image\/jpeg"}],"twitter_card":"summary_large_image","schema":{"@context":"https:\/\/schema.org","@graph":[{"@type":"WebPage","@id":"https:\/\/www.gintaresgeles.lt\/ru\/puokste\/%d0%bc%d1%8b%d0%bb%d1%8c%d0%bd%d1%8b%d0%b5-%d1%86%d0%b2%d0%b5%d1%82%d1%8b-%d1%80%d0%be%d0%b7%d0%be%d0%b2%d1%8b%d0%b5-%d1%80%d0%be%d0%b7%d1%8b\/","url":"https:\/\/www.gintaresgeles.lt\/ru\/puokste\/%d0%bc%d1%8b%d0%bb%d1%8c%d0%bd%d1%8b%d0%b5-%d1%86%d0%b2%d0%b5%d1%82%d1%8b-%d1%80%d0%be%d0%b7%d0%be%d0%b2%d1%8b%d0%b5-%d1%80%d0%be%d0%b7%d1%8b\/","name":"\u041c\u044b\u043b\u044c\u043d\u044b\u0435 \u0446\u0432\u0435\u0442\u044b \"\u0420\u043e\u0437\u043e\u0432\u044b\u0435 \u0440\u043e\u0437\u044b\" | Kvepian\u010dios muilo g\u0117l\u0117s | Gintar\u0117s G\u0117l\u0117s","isPartOf":{"@id":"https:\/\/www.gintaresgeles.lt\/ru\/#website"},"primaryImageOfPage":{"@id":"https:\/\/www.gintaresgeles.lt\/ru\/puokste\/%d0%bc%d1%8b%d0%bb%d1%8c%d0%bd%d1%8b%d0%b5-%d1%86%d0%b2%d0%b5%d1%82%d1%8b-%d1%80%d0%be%d0%b7%d0%be%d0%b2%d1%8b%d0%b5-%d1%80%d0%be%d0%b7%d1%8b\/#primaryimage"},"image":{"@id":"https:\/\/www.gintaresgeles.lt\/ru\/puokste\/%d0%bc%d1%8b%d0%bb%d1%8c%d0%bd%d1%8b%d0%b5-%d1%86%d0%b2%d0%b5%d1%82%d1%8b-%d1%80%d0%be%d0%b7%d0%be%d0%b2%d1%8b%d0%b5-%d1%80%d0%be%d0%b7%d1%8b\/#primaryimage"},"thumbnailUrl":"https:\/\/www.gintaresgeles.lt\/wp-content\/uploads\/2022\/05\/muilo-geles-rozines-rozes-kvepianciu-roziu-puokste.jpg","datePublished":"2022-05-25T11:24:23+00:00","dateModified":"2024-03-05T12:29:28+00:00","description":"\u0414\u0443\u0448\u0438\u0441\u0442\u044b\u0435 \u043c\u044b\u043b\u044c\u043d\u044b\u0435 \u0446\u0432\u0435\u0442\u044b \"\u0420\u043e\u0437\u043e\u0432\u044b\u0435 \u0440\u043e\u0437\u044b\" - \u043d\u0430\u0441\u043b\u0430\u0436\u0434\u0430\u0439\u0442\u0435\u0441\u044c \u0434\u043e\u043b\u0433\u043e\u0432\u0435\u0447\u043d\u044b\u043c \u0443\u043a\u0440\u0430\u0448\u0435\u043d\u0438\u0435\u043c \u0438\u043d\u0442\u0435\u0440\u044c\u0435\u0440\u0430. \u0412\u043d\u0438\u043c\u0430\u043d\u0438\u0435 \u0437\u0430\u0441\u0442\u0430\u0432\u0438\u0442 \u0443\u043b\u044b\u0431\u043d\u0443\u0442\u044c\u0441\u044f \u043a\u0430\u0436\u0434\u043e\u0433\u043e \u0431\u043b\u0438\u0437\u043a\u043e\u0433\u043e \u0447\u0435\u043b\u043e\u0432\u0435\u043a\u0430.","breadcrumb":{"@id":"https:\/\/www.gintaresgeles.lt\/ru\/puokste\/%d0%bc%d1%8b%d0%bb%d1%8c%d0%bd%d1%8b%d0%b5-%d1%86%d0%b2%d0%b5%d1%82%d1%8b-%d1%80%d0%be%d0%b7%d0%be%d0%b2%d1%8b%d0%b5-%d1%80%d0%be%d0%b7%d1%8b\/#breadcrumb"},"inLanguage":"ru-RU","potentialAction":[{"@type":"ReadAction","target":["https:\/\/www.gintaresgeles.lt\/ru\/puokste\/%d0%bc%d1%8b%d0%bb%d1%8c%d0%bd%d1%8b%d0%b5-%d1%86%d0%b2%d0%b5%d1%82%d1%8b-%d1%80%d0%be%d0%b7%d0%be%d0%b2%d1%8b%d0%b5-%d1%80%d0%be%d0%b7%d1%8b\/"]}]},{"@type":"ImageObject","inLanguage":"ru-RU","@id":"https:\/\/www.gintaresgeles.lt\/ru\/puokste\/%d0%bc%d1%8b%d0%bb%d1%8c%d0%bd%d1%8b%d0%b5-%d1%86%d0%b2%d0%b5%d1%82%d1%8b-%d1%80%d0%be%d0%b7%d0%be%d0%b2%d1%8b%d0%b5-%d1%80%d0%be%d0%b7%d1%8b\/#primaryimage","url":"https:\/\/www.gintaresgeles.lt\/wp-content\/uploads\/2022\/05\/muilo-geles-rozines-rozes-kvepianciu-roziu-puokste.jpg","contentUrl":"https:\/\/www.gintaresgeles.lt\/wp-content\/uploads\/2022\/05\/muilo-geles-rozines-rozes-kvepianciu-roziu-puokste.jpg","width":1200,"height":1200,"caption":"Kvepian\u010dios muilo g\u0117l\u0117s Ro\u017ein\u0117s ro\u017e\u0117s"},{"@type":"BreadcrumbList","@id":"https:\/\/www.gintaresgeles.lt\/ru\/puokste\/%d0%bc%d1%8b%d0%bb%d1%8c%d0%bd%d1%8b%d0%b5-%d1%86%d0%b2%d0%b5%d1%82%d1%8b-%d1%80%d0%be%d0%b7%d0%be%d0%b2%d1%8b%d0%b5-%d1%80%d0%be%d0%b7%d1%8b\/#breadcrumb","itemListElement":[{"@type":"ListItem","position":1,"name":"Prad\u017eia","item":"https:\/\/www.gintaresgeles.lt\/ru\/"},{"@type":"ListItem","position":2,"name":"\u0412\u0441\u0435 \u0446\u0432\u0435\u0442\u044b \u0438 \u0434\u0440\u0443\u0433\u0438\u0435 \u043f\u0440\u043e\u0434\u0443\u043a\u0442\u044b","item":"https:\/\/www.gintaresgeles.lt\/ru\/vse-cvety-i-drugie-produkty\/"},{"@type":"ListItem","position":3,"name":"\u041c\u044b\u043b\u044c\u043d\u044b\u0435 \u0446\u0432\u0435\u0442\u044b &#8222;\u0420\u043e\u0437\u043e\u0432\u044b\u0435 \u0440\u043e\u0437\u044b&#8221;"}]},{"@type":"WebSite","@id":"https:\/\/www.gintaresgeles.lt\/ru\/#website","url":"https:\/\/www.gintaresgeles.lt\/ru\/","name":"gintaresgeles.lt","description":"G\u0117li\u0173 parduotuv\u0117 internete","potentialAction":[{"@type":"SearchAction","target":{"@type":"EntryPoint","urlTemplate":"https:\/\/www.gintaresgeles.lt\/ru\/?s={search_term_string}"},"query-input":{"@type":"PropertyValueSpecification","valueRequired":true,"valueName":"search_term_string"}}],"inLanguage":"ru-RU"}]}},"_links":{"self":[{"href":"https:\/\/www.gintaresgeles.lt\/ru\/wp-json\/wp\/v2\/product\/42884","targetHints":{"allow":["GET"]}}],"collection":[{"href":"https:\/\/www.gintaresgeles.lt\/ru\/wp-json\/wp\/v2\/product"}],"about":[{"href":"https:\/\/www.gintaresgeles.lt\/ru\/wp-json\/wp\/v2\/types\/product"}],"wp:featuredmedia":[{"embeddable":true,"href":"https:\/\/www.gintaresgeles.lt\/ru\/wp-json\/wp\/v2\/media\/41695"}],"wp:attachment":[{"href":"https:\/\/www.gintaresgeles.lt\/ru\/wp-json\/wp\/v2\/media?parent=42884"}],"wp:term":[{"taxonomy":"product_brand","embeddable":true,"href":"https:\/\/www.gintaresgeles.lt\/ru\/wp-json\/wp\/v2\/product_brand?post=42884"},{"taxonomy":"product_cat","embeddable":true,"href":"https:\/\/www.gintaresgeles.lt\/ru\/wp-json\/wp\/v2\/product_cat?post=42884"},{"taxonomy":"product_tag","embeddable":true,"href":"https:\/\/www.gintaresgeles.lt\/ru\/wp-json\/wp\/v2\/product_tag?post=42884"}],"curies":[{"name":"wp","href":"https:\/\/api.w.org\/{rel}","templated":true}]}}