{"id":43209,"date":"2022-06-17T14:00:11","date_gmt":"2022-06-17T12:00:11","guid":{"rendered":"https:\/\/www.gintaresgeles.lt\/?post_type=product&#038;p=43209"},"modified":"2022-06-18T10:06:15","modified_gmt":"2022-06-18T08:06:15","slug":"%d0%b1%d1%83%d1%82%d1%8b%d0%bb%d0%ba%d0%b0-%d1%81%d1%82%d0%b5%d0%ba%d0%bb%d1%8f%d0%bd%d0%bd%d0%b0%d1%8f-%d0%bb%d1%8e%d0%b1%d0%be%d0%b2%d0%bd%d0%be%d0%b5-%d0%bf%d0%b8%d1%81%d1%8c%d0%bc%d0%be","status":"publish","type":"product","link":"https:\/\/www.gintaresgeles.lt\/ru\/puokste\/%d0%b1%d1%83%d1%82%d1%8b%d0%bb%d0%ba%d0%b0-%d1%81%d1%82%d0%b5%d0%ba%d0%bb%d1%8f%d0%bd%d0%bd%d0%b0%d1%8f-%d0%bb%d1%8e%d0%b1%d0%be%d0%b2%d0%bd%d0%be%d0%b5-%d0%bf%d0%b8%d1%81%d1%8c%d0%bc%d0%be\/","title":{"rendered":"\u0411\u0443\u0442\u044b\u043b\u043a\u0430 \u0441\u0442\u0435\u043a\u043b\u044f\u043d\u043d\u0430\u044f &#171;\u041b\u044e\u0431\u043e\u0432\u043d\u043e\u0435 \u043f\u0438\u0441\u044c\u043c\u043e&#187;"},"content":{"rendered":"<p>\u0412\u044b\u0441\u043e\u0442\u0430 \u0431\u0443\u0442\u044b\u043b\u043a\u0438 &#8212; 9\u0441\u043c.<\/p>\n<p>\u0412\u043d\u0443\u0442\u0440\u0438 \u0432\u044b \u043d\u0430\u0439\u0434\u0435\u0442\u0435 2 \u0448\u0442. \u0431\u0443\u043c\u0430\u0433\u0430.<\/p>\n","protected":false},"excerpt":{"rendered":"<p>\u0412\u044b \u043c\u043e\u0436\u0435\u0442\u0435 \u043d\u0430\u043f\u0438\u0441\u0430\u0442\u044c \u043f\u0440\u0438\u0437\u043d\u0430\u043d\u0438\u0435 \u0432 \u043b\u044e\u0431\u0432\u0438 \u0438 \u043f\u043e\u0434\u0430\u0440\u0438\u0442\u044c \u044d\u0442\u0443 \u043c\u0438\u043b\u0443\u044e \u0431\u0443\u0442\u044b\u043b\u043e\u0447\u043a\u0443 \u043d\u0430 \u0441\u043e\u0447\u0443\u0432\u0441\u0442\u0432\u0438\u0435, \u043e\u043d\u0430 \u0442\u043e\u0447\u043d\u043e \u043f\u0440\u043e\u0438\u0437\u0432\u0435\u0434\u0435\u0442 \u043d\u0430 \u0432\u0430\u0441 \u0432\u043f\u0435\u0447\u0430\u0442\u043b\u0435\u043d\u0438\u0435. \u0411\u0443\u0442\u044b\u043b\u043a\u0443 \u0442\u0430\u043a\u0436\u0435 \u043c\u043e\u0436\u043d\u043e \u0438\u0441\u043f\u043e\u043b\u044c\u0437\u043e\u0432\u0430\u0442\u044c \u0432 \u043a\u0430\u0447\u0435\u0441\u0442\u0432\u0435 \u043f\u043e\u0434\u0430\u0440\u043a\u0430 \u043d\u0430 \u0440\u0430\u0437\u043b\u0438\u0447\u043d\u044b\u0435 \u043f\u0440\u0430\u0437\u0434\u043d\u0438\u043a\u0438 \u0438\u043b\u0438 \u0434\u0430\u0436\u0435 \u0432 \u043a\u0430\u0447\u0435\u0441\u0442\u0432\u0435 \u043f\u0440\u0438\u0433\u043b\u0430\u0448\u0435\u043d\u0438\u044f.<\/p>\n","protected":false},"featured_media":43212,"template":"","meta":[],"product_brand":[],"product_cat":[1014,1911,1914],"product_tag":[],"class_list":{"0":"post-43209","1":"product","2":"type-product","3":"status-publish","4":"has-post-thumbnail","6":"product_cat-1014","7":"product_cat-1911","8":"product_cat-1914","9":"tm-has-options","11":"first","12":"outofstock","13":"taxable","14":"shipping-taxable","15":"purchasable","16":"product-type-simple"},"yoast_head":"<!-- This site is optimized with the Yoast SEO plugin v25.3 - https:\/\/yoast.com\/wordpress\/plugins\/seo\/ -->\n<title>\u0411\u0443\u0442\u044b\u043b\u043a\u0430 \u0441\u0442\u0435\u043a\u043b\u044f\u043d\u043d\u0430\u044f &quot;\u041b\u044e\u0431\u043e\u0432\u043d\u043e\u0435 \u043f\u0438\u0441\u044c\u043c\u043e&quot; | Dovanos | Gintar\u0117s G\u0117l\u0117s<\/title>\n<meta name=\"description\" content=\"\u042d\u0442\u0430 \u043c\u0430\u043b\u0435\u043d\u044c\u043a\u0430\u044f \u0441\u0442\u0435\u043a\u043b\u044f\u043d\u043d\u0430\u044f \u0431\u0443\u0442\u044b\u043b\u043a\u0430 \u0441 \u0431\u0443\u043c\u0430\u0433\u043e\u0439 \u043c\u043e\u0436\u0435\u0442 \u0441\u0442\u0430\u0442\u044c \u043c\u0438\u043b\u043e\u0439 \u0438\u0434\u0435\u0435\u0439 \u0434\u043b\u044f \u043f\u0440\u0438\u0433\u043b\u0430\u0448\u0435\u043d\u0438\u044f \u0438\u043b\u0438 \u0438\u0437\u044b\u0441\u043a\u0430\u043d\u043d\u044b\u043c \u043f\u043e\u0434\u0430\u0440\u043a\u043e\u043c \u043d\u0430 \u043b\u044e\u0431\u043e\u0439 \u043f\u0440\u0430\u0437\u0434\u043d\u0438\u043a.\" \/>\n<meta name=\"robots\" content=\"index, follow, max-snippet:-1, max-image-preview:large, max-video-preview:-1\" \/>\n<link rel=\"canonical\" href=\"https:\/\/www.gintaresgeles.lt\/ru\/puokste\/%d0%b1%d1%83%d1%82%d1%8b%d0%bb%d0%ba%d0%b0-%d1%81%d1%82%d0%b5%d0%ba%d0%bb%d1%8f%d0%bd%d0%bd%d0%b0%d1%8f-%d0%bb%d1%8e%d0%b1%d0%be%d0%b2%d0%bd%d0%be%d0%b5-%d0%bf%d0%b8%d1%81%d1%8c%d0%bc%d0%be\/\" \/>\n<meta property=\"og:locale\" content=\"ru_RU\" \/>\n<meta property=\"og:type\" content=\"article\" \/>\n<meta property=\"og:title\" content=\"\u0411\u0443\u0442\u044b\u043b\u043a\u0430 \u0441\u0442\u0435\u043a\u043b\u044f\u043d\u043d\u0430\u044f &quot;\u041b\u044e\u0431\u043e\u0432\u043d\u043e\u0435 \u043f\u0438\u0441\u044c\u043c\u043e&quot; | Dovanos | Gintar\u0117s G\u0117l\u0117s\" \/>\n<meta property=\"og:description\" content=\"\u042d\u0442\u0430 \u043c\u0430\u043b\u0435\u043d\u044c\u043a\u0430\u044f \u0441\u0442\u0435\u043a\u043b\u044f\u043d\u043d\u0430\u044f \u0431\u0443\u0442\u044b\u043b\u043a\u0430 \u0441 \u0431\u0443\u043c\u0430\u0433\u043e\u0439 \u043c\u043e\u0436\u0435\u0442 \u0441\u0442\u0430\u0442\u044c \u043c\u0438\u043b\u043e\u0439 \u0438\u0434\u0435\u0435\u0439 \u0434\u043b\u044f \u043f\u0440\u0438\u0433\u043b\u0430\u0448\u0435\u043d\u0438\u044f \u0438\u043b\u0438 \u0438\u0437\u044b\u0441\u043a\u0430\u043d\u043d\u044b\u043c \u043f\u043e\u0434\u0430\u0440\u043a\u043e\u043c \u043d\u0430 \u043b\u044e\u0431\u043e\u0439 \u043f\u0440\u0430\u0437\u0434\u043d\u0438\u043a.\" \/>\n<meta property=\"og:url\" content=\"https:\/\/www.gintaresgeles.lt\/ru\/puokste\/%d0%b1%d1%83%d1%82%d1%8b%d0%bb%d0%ba%d0%b0-%d1%81%d1%82%d0%b5%d0%ba%d0%bb%d1%8f%d0%bd%d0%bd%d0%b0%d1%8f-%d0%bb%d1%8e%d0%b1%d0%be%d0%b2%d0%bd%d0%be%d0%b5-%d0%bf%d0%b8%d1%81%d1%8c%d0%bc%d0%be\/\" \/>\n<meta property=\"og:site_name\" content=\"gintaresgeles.lt\" \/>\n<meta property=\"article:modified_time\" content=\"2022-06-18T08:06:15+00:00\" \/>\n<meta property=\"og:image\" content=\"https:\/\/www.gintaresgeles.lt\/wp-content\/uploads\/2022\/06\/mazas-stiklainiukas-meiles-laiskelis.png\" \/>\n\t<meta property=\"og:image:width\" content=\"600\" \/>\n\t<meta property=\"og:image:height\" content=\"600\" \/>\n\t<meta property=\"og:image:type\" content=\"image\/png\" \/>\n<meta name=\"twitter:card\" content=\"summary_large_image\" \/>\n<script type=\"application\/ld+json\" class=\"yoast-schema-graph\">{\"@context\":\"https:\/\/schema.org\",\"@graph\":[{\"@type\":\"WebPage\",\"@id\":\"https:\/\/www.gintaresgeles.lt\/ru\/puokste\/%d0%b1%d1%83%d1%82%d1%8b%d0%bb%d0%ba%d0%b0-%d1%81%d1%82%d0%b5%d0%ba%d0%bb%d1%8f%d0%bd%d0%bd%d0%b0%d1%8f-%d0%bb%d1%8e%d0%b1%d0%be%d0%b2%d0%bd%d0%be%d0%b5-%d0%bf%d0%b8%d1%81%d1%8c%d0%bc%d0%be\/\",\"url\":\"https:\/\/www.gintaresgeles.lt\/ru\/puokste\/%d0%b1%d1%83%d1%82%d1%8b%d0%bb%d0%ba%d0%b0-%d1%81%d1%82%d0%b5%d0%ba%d0%bb%d1%8f%d0%bd%d0%bd%d0%b0%d1%8f-%d0%bb%d1%8e%d0%b1%d0%be%d0%b2%d0%bd%d0%be%d0%b5-%d0%bf%d0%b8%d1%81%d1%8c%d0%bc%d0%be\/\",\"name\":\"\u0411\u0443\u0442\u044b\u043b\u043a\u0430 \u0441\u0442\u0435\u043a\u043b\u044f\u043d\u043d\u0430\u044f \\\"\u041b\u044e\u0431\u043e\u0432\u043d\u043e\u0435 \u043f\u0438\u0441\u044c\u043c\u043e\\\" | Dovanos | Gintar\u0117s G\u0117l\u0117s\",\"isPartOf\":{\"@id\":\"https:\/\/www.gintaresgeles.lt\/ru\/#website\"},\"primaryImageOfPage\":{\"@id\":\"https:\/\/www.gintaresgeles.lt\/ru\/puokste\/%d0%b1%d1%83%d1%82%d1%8b%d0%bb%d0%ba%d0%b0-%d1%81%d1%82%d0%b5%d0%ba%d0%bb%d1%8f%d0%bd%d0%bd%d0%b0%d1%8f-%d0%bb%d1%8e%d0%b1%d0%be%d0%b2%d0%bd%d0%be%d0%b5-%d0%bf%d0%b8%d1%81%d1%8c%d0%bc%d0%be\/#primaryimage\"},\"image\":{\"@id\":\"https:\/\/www.gintaresgeles.lt\/ru\/puokste\/%d0%b1%d1%83%d1%82%d1%8b%d0%bb%d0%ba%d0%b0-%d1%81%d1%82%d0%b5%d0%ba%d0%bb%d1%8f%d0%bd%d0%bd%d0%b0%d1%8f-%d0%bb%d1%8e%d0%b1%d0%be%d0%b2%d0%bd%d0%be%d0%b5-%d0%bf%d0%b8%d1%81%d1%8c%d0%bc%d0%be\/#primaryimage\"},\"thumbnailUrl\":\"https:\/\/www.gintaresgeles.lt\/wp-content\/uploads\/2022\/06\/mazas-stiklainiukas-meiles-laiskelis.png\",\"datePublished\":\"2022-06-17T12:00:11+00:00\",\"dateModified\":\"2022-06-18T08:06:15+00:00\",\"description\":\"\u042d\u0442\u0430 \u043c\u0430\u043b\u0435\u043d\u044c\u043a\u0430\u044f \u0441\u0442\u0435\u043a\u043b\u044f\u043d\u043d\u0430\u044f \u0431\u0443\u0442\u044b\u043b\u043a\u0430 \u0441 \u0431\u0443\u043c\u0430\u0433\u043e\u0439 \u043c\u043e\u0436\u0435\u0442 \u0441\u0442\u0430\u0442\u044c \u043c\u0438\u043b\u043e\u0439 \u0438\u0434\u0435\u0435\u0439 \u0434\u043b\u044f \u043f\u0440\u0438\u0433\u043b\u0430\u0448\u0435\u043d\u0438\u044f \u0438\u043b\u0438 \u0438\u0437\u044b\u0441\u043a\u0430\u043d\u043d\u044b\u043c \u043f\u043e\u0434\u0430\u0440\u043a\u043e\u043c \u043d\u0430 \u043b\u044e\u0431\u043e\u0439 \u043f\u0440\u0430\u0437\u0434\u043d\u0438\u043a.\",\"breadcrumb\":{\"@id\":\"https:\/\/www.gintaresgeles.lt\/ru\/puokste\/%d0%b1%d1%83%d1%82%d1%8b%d0%bb%d0%ba%d0%b0-%d1%81%d1%82%d0%b5%d0%ba%d0%bb%d1%8f%d0%bd%d0%bd%d0%b0%d1%8f-%d0%bb%d1%8e%d0%b1%d0%be%d0%b2%d0%bd%d0%be%d0%b5-%d0%bf%d0%b8%d1%81%d1%8c%d0%bc%d0%be\/#breadcrumb\"},\"inLanguage\":\"ru-RU\",\"potentialAction\":[{\"@type\":\"ReadAction\",\"target\":[\"https:\/\/www.gintaresgeles.lt\/ru\/puokste\/%d0%b1%d1%83%d1%82%d1%8b%d0%bb%d0%ba%d0%b0-%d1%81%d1%82%d0%b5%d0%ba%d0%bb%d1%8f%d0%bd%d0%bd%d0%b0%d1%8f-%d0%bb%d1%8e%d0%b1%d0%be%d0%b2%d0%bd%d0%be%d0%b5-%d0%bf%d0%b8%d1%81%d1%8c%d0%bc%d0%be\/\"]}]},{\"@type\":\"ImageObject\",\"inLanguage\":\"ru-RU\",\"@id\":\"https:\/\/www.gintaresgeles.lt\/ru\/puokste\/%d0%b1%d1%83%d1%82%d1%8b%d0%bb%d0%ba%d0%b0-%d1%81%d1%82%d0%b5%d0%ba%d0%bb%d1%8f%d0%bd%d0%bd%d0%b0%d1%8f-%d0%bb%d1%8e%d0%b1%d0%be%d0%b2%d0%bd%d0%be%d0%b5-%d0%bf%d0%b8%d1%81%d1%8c%d0%bc%d0%be\/#primaryimage\",\"url\":\"https:\/\/www.gintaresgeles.lt\/wp-content\/uploads\/2022\/06\/mazas-stiklainiukas-meiles-laiskelis.png\",\"contentUrl\":\"https:\/\/www.gintaresgeles.lt\/wp-content\/uploads\/2022\/06\/mazas-stiklainiukas-meiles-laiskelis.png\",\"width\":600,\"height\":600,\"caption\":\"Ma\u017eas buteliukas\"},{\"@type\":\"BreadcrumbList\",\"@id\":\"https:\/\/www.gintaresgeles.lt\/ru\/puokste\/%d0%b1%d1%83%d1%82%d1%8b%d0%bb%d0%ba%d0%b0-%d1%81%d1%82%d0%b5%d0%ba%d0%bb%d1%8f%d0%bd%d0%bd%d0%b0%d1%8f-%d0%bb%d1%8e%d0%b1%d0%be%d0%b2%d0%bd%d0%be%d0%b5-%d0%bf%d0%b8%d1%81%d1%8c%d0%bc%d0%be\/#breadcrumb\",\"itemListElement\":[{\"@type\":\"ListItem\",\"position\":1,\"name\":\"Prad\u017eia\",\"item\":\"https:\/\/www.gintaresgeles.lt\/ru\/\"},{\"@type\":\"ListItem\",\"position\":2,\"name\":\"\u0412\u0441\u0435 \u0446\u0432\u0435\u0442\u044b \u0438 \u0434\u0440\u0443\u0433\u0438\u0435 \u043f\u0440\u043e\u0434\u0443\u043a\u0442\u044b\",\"item\":\"https:\/\/www.gintaresgeles.lt\/ru\/vse-cvety-i-drugie-produkty\/\"},{\"@type\":\"ListItem\",\"position\":3,\"name\":\"\u0411\u0443\u0442\u044b\u043b\u043a\u0430 \u0441\u0442\u0435\u043a\u043b\u044f\u043d\u043d\u0430\u044f &#171;\u041b\u044e\u0431\u043e\u0432\u043d\u043e\u0435 \u043f\u0438\u0441\u044c\u043c\u043e&#187;\"}]},{\"@type\":\"WebSite\",\"@id\":\"https:\/\/www.gintaresgeles.lt\/ru\/#website\",\"url\":\"https:\/\/www.gintaresgeles.lt\/ru\/\",\"name\":\"Gintares Geles\",\"description\":\"\u0414\u043e\u0441\u0442\u0430\u0432\u043a\u0430 \u0446\u0432\u0435\u0442\u043e\u0432 \u0432 \u0412\u0438\u043b\u044c\u043d\u044e\u0441\u0435 | \u0412 \u0442\u043e\u0442 \u0436\u0435 \u0434\u0435\u043d\u044c | Gintares geles\",\"potentialAction\":[{\"@type\":\"SearchAction\",\"target\":{\"@type\":\"EntryPoint\",\"urlTemplate\":\"https:\/\/www.gintaresgeles.lt\/ru\/?s={search_term_string}\"},\"query-input\":{\"@type\":\"PropertyValueSpecification\",\"valueRequired\":true,\"valueName\":\"search_term_string\"}}],\"inLanguage\":\"ru-RU\"}]}<\/script>\n<!-- \/ Yoast SEO plugin. -->","yoast_head_json":{"title":"\u0411\u0443\u0442\u044b\u043b\u043a\u0430 \u0441\u0442\u0435\u043a\u043b\u044f\u043d\u043d\u0430\u044f \"\u041b\u044e\u0431\u043e\u0432\u043d\u043e\u0435 \u043f\u0438\u0441\u044c\u043c\u043e\" | Dovanos | Gintar\u0117s G\u0117l\u0117s","description":"\u042d\u0442\u0430 \u043c\u0430\u043b\u0435\u043d\u044c\u043a\u0430\u044f \u0441\u0442\u0435\u043a\u043b\u044f\u043d\u043d\u0430\u044f \u0431\u0443\u0442\u044b\u043b\u043a\u0430 \u0441 \u0431\u0443\u043c\u0430\u0433\u043e\u0439 \u043c\u043e\u0436\u0435\u0442 \u0441\u0442\u0430\u0442\u044c \u043c\u0438\u043b\u043e\u0439 \u0438\u0434\u0435\u0435\u0439 \u0434\u043b\u044f \u043f\u0440\u0438\u0433\u043b\u0430\u0448\u0435\u043d\u0438\u044f \u0438\u043b\u0438 \u0438\u0437\u044b\u0441\u043a\u0430\u043d\u043d\u044b\u043c \u043f\u043e\u0434\u0430\u0440\u043a\u043e\u043c \u043d\u0430 \u043b\u044e\u0431\u043e\u0439 \u043f\u0440\u0430\u0437\u0434\u043d\u0438\u043a.","robots":{"index":"index","follow":"follow","max-snippet":"max-snippet:-1","max-image-preview":"max-image-preview:large","max-video-preview":"max-video-preview:-1"},"canonical":"https:\/\/www.gintaresgeles.lt\/ru\/puokste\/%d0%b1%d1%83%d1%82%d1%8b%d0%bb%d0%ba%d0%b0-%d1%81%d1%82%d0%b5%d0%ba%d0%bb%d1%8f%d0%bd%d0%bd%d0%b0%d1%8f-%d0%bb%d1%8e%d0%b1%d0%be%d0%b2%d0%bd%d0%be%d0%b5-%d0%bf%d0%b8%d1%81%d1%8c%d0%bc%d0%be\/","og_locale":"ru_RU","og_type":"article","og_title":"\u0411\u0443\u0442\u044b\u043b\u043a\u0430 \u0441\u0442\u0435\u043a\u043b\u044f\u043d\u043d\u0430\u044f \"\u041b\u044e\u0431\u043e\u0432\u043d\u043e\u0435 \u043f\u0438\u0441\u044c\u043c\u043e\" | Dovanos | Gintar\u0117s G\u0117l\u0117s","og_description":"\u042d\u0442\u0430 \u043c\u0430\u043b\u0435\u043d\u044c\u043a\u0430\u044f \u0441\u0442\u0435\u043a\u043b\u044f\u043d\u043d\u0430\u044f \u0431\u0443\u0442\u044b\u043b\u043a\u0430 \u0441 \u0431\u0443\u043c\u0430\u0433\u043e\u0439 \u043c\u043e\u0436\u0435\u0442 \u0441\u0442\u0430\u0442\u044c \u043c\u0438\u043b\u043e\u0439 \u0438\u0434\u0435\u0435\u0439 \u0434\u043b\u044f \u043f\u0440\u0438\u0433\u043b\u0430\u0448\u0435\u043d\u0438\u044f \u0438\u043b\u0438 \u0438\u0437\u044b\u0441\u043a\u0430\u043d\u043d\u044b\u043c \u043f\u043e\u0434\u0430\u0440\u043a\u043e\u043c \u043d\u0430 \u043b\u044e\u0431\u043e\u0439 \u043f\u0440\u0430\u0437\u0434\u043d\u0438\u043a.","og_url":"https:\/\/www.gintaresgeles.lt\/ru\/puokste\/%d0%b1%d1%83%d1%82%d1%8b%d0%bb%d0%ba%d0%b0-%d1%81%d1%82%d0%b5%d0%ba%d0%bb%d1%8f%d0%bd%d0%bd%d0%b0%d1%8f-%d0%bb%d1%8e%d0%b1%d0%be%d0%b2%d0%bd%d0%be%d0%b5-%d0%bf%d0%b8%d1%81%d1%8c%d0%bc%d0%be\/","og_site_name":"gintaresgeles.lt","article_modified_time":"2022-06-18T08:06:15+00:00","og_image":[{"width":600,"height":600,"url":"https:\/\/www.gintaresgeles.lt\/wp-content\/uploads\/2022\/06\/mazas-stiklainiukas-meiles-laiskelis.png","type":"image\/png"}],"twitter_card":"summary_large_image","schema":{"@context":"https:\/\/schema.org","@graph":[{"@type":"WebPage","@id":"https:\/\/www.gintaresgeles.lt\/ru\/puokste\/%d0%b1%d1%83%d1%82%d1%8b%d0%bb%d0%ba%d0%b0-%d1%81%d1%82%d0%b5%d0%ba%d0%bb%d1%8f%d0%bd%d0%bd%d0%b0%d1%8f-%d0%bb%d1%8e%d0%b1%d0%be%d0%b2%d0%bd%d0%be%d0%b5-%d0%bf%d0%b8%d1%81%d1%8c%d0%bc%d0%be\/","url":"https:\/\/www.gintaresgeles.lt\/ru\/puokste\/%d0%b1%d1%83%d1%82%d1%8b%d0%bb%d0%ba%d0%b0-%d1%81%d1%82%d0%b5%d0%ba%d0%bb%d1%8f%d0%bd%d0%bd%d0%b0%d1%8f-%d0%bb%d1%8e%d0%b1%d0%be%d0%b2%d0%bd%d0%be%d0%b5-%d0%bf%d0%b8%d1%81%d1%8c%d0%bc%d0%be\/","name":"\u0411\u0443\u0442\u044b\u043b\u043a\u0430 \u0441\u0442\u0435\u043a\u043b\u044f\u043d\u043d\u0430\u044f \"\u041b\u044e\u0431\u043e\u0432\u043d\u043e\u0435 \u043f\u0438\u0441\u044c\u043c\u043e\" | Dovanos | Gintar\u0117s G\u0117l\u0117s","isPartOf":{"@id":"https:\/\/www.gintaresgeles.lt\/ru\/#website"},"primaryImageOfPage":{"@id":"https:\/\/www.gintaresgeles.lt\/ru\/puokste\/%d0%b1%d1%83%d1%82%d1%8b%d0%bb%d0%ba%d0%b0-%d1%81%d1%82%d0%b5%d0%ba%d0%bb%d1%8f%d0%bd%d0%bd%d0%b0%d1%8f-%d0%bb%d1%8e%d0%b1%d0%be%d0%b2%d0%bd%d0%be%d0%b5-%d0%bf%d0%b8%d1%81%d1%8c%d0%bc%d0%be\/#primaryimage"},"image":{"@id":"https:\/\/www.gintaresgeles.lt\/ru\/puokste\/%d0%b1%d1%83%d1%82%d1%8b%d0%bb%d0%ba%d0%b0-%d1%81%d1%82%d0%b5%d0%ba%d0%bb%d1%8f%d0%bd%d0%bd%d0%b0%d1%8f-%d0%bb%d1%8e%d0%b1%d0%be%d0%b2%d0%bd%d0%be%d0%b5-%d0%bf%d0%b8%d1%81%d1%8c%d0%bc%d0%be\/#primaryimage"},"thumbnailUrl":"https:\/\/www.gintaresgeles.lt\/wp-content\/uploads\/2022\/06\/mazas-stiklainiukas-meiles-laiskelis.png","datePublished":"2022-06-17T12:00:11+00:00","dateModified":"2022-06-18T08:06:15+00:00","description":"\u042d\u0442\u0430 \u043c\u0430\u043b\u0435\u043d\u044c\u043a\u0430\u044f \u0441\u0442\u0435\u043a\u043b\u044f\u043d\u043d\u0430\u044f \u0431\u0443\u0442\u044b\u043b\u043a\u0430 \u0441 \u0431\u0443\u043c\u0430\u0433\u043e\u0439 \u043c\u043e\u0436\u0435\u0442 \u0441\u0442\u0430\u0442\u044c \u043c\u0438\u043b\u043e\u0439 \u0438\u0434\u0435\u0435\u0439 \u0434\u043b\u044f \u043f\u0440\u0438\u0433\u043b\u0430\u0448\u0435\u043d\u0438\u044f \u0438\u043b\u0438 \u0438\u0437\u044b\u0441\u043a\u0430\u043d\u043d\u044b\u043c \u043f\u043e\u0434\u0430\u0440\u043a\u043e\u043c \u043d\u0430 \u043b\u044e\u0431\u043e\u0439 \u043f\u0440\u0430\u0437\u0434\u043d\u0438\u043a.","breadcrumb":{"@id":"https:\/\/www.gintaresgeles.lt\/ru\/puokste\/%d0%b1%d1%83%d1%82%d1%8b%d0%bb%d0%ba%d0%b0-%d1%81%d1%82%d0%b5%d0%ba%d0%bb%d1%8f%d0%bd%d0%bd%d0%b0%d1%8f-%d0%bb%d1%8e%d0%b1%d0%be%d0%b2%d0%bd%d0%be%d0%b5-%d0%bf%d0%b8%d1%81%d1%8c%d0%bc%d0%be\/#breadcrumb"},"inLanguage":"ru-RU","potentialAction":[{"@type":"ReadAction","target":["https:\/\/www.gintaresgeles.lt\/ru\/puokste\/%d0%b1%d1%83%d1%82%d1%8b%d0%bb%d0%ba%d0%b0-%d1%81%d1%82%d0%b5%d0%ba%d0%bb%d1%8f%d0%bd%d0%bd%d0%b0%d1%8f-%d0%bb%d1%8e%d0%b1%d0%be%d0%b2%d0%bd%d0%be%d0%b5-%d0%bf%d0%b8%d1%81%d1%8c%d0%bc%d0%be\/"]}]},{"@type":"ImageObject","inLanguage":"ru-RU","@id":"https:\/\/www.gintaresgeles.lt\/ru\/puokste\/%d0%b1%d1%83%d1%82%d1%8b%d0%bb%d0%ba%d0%b0-%d1%81%d1%82%d0%b5%d0%ba%d0%bb%d1%8f%d0%bd%d0%bd%d0%b0%d1%8f-%d0%bb%d1%8e%d0%b1%d0%be%d0%b2%d0%bd%d0%be%d0%b5-%d0%bf%d0%b8%d1%81%d1%8c%d0%bc%d0%be\/#primaryimage","url":"https:\/\/www.gintaresgeles.lt\/wp-content\/uploads\/2022\/06\/mazas-stiklainiukas-meiles-laiskelis.png","contentUrl":"https:\/\/www.gintaresgeles.lt\/wp-content\/uploads\/2022\/06\/mazas-stiklainiukas-meiles-laiskelis.png","width":600,"height":600,"caption":"Ma\u017eas buteliukas"},{"@type":"BreadcrumbList","@id":"https:\/\/www.gintaresgeles.lt\/ru\/puokste\/%d0%b1%d1%83%d1%82%d1%8b%d0%bb%d0%ba%d0%b0-%d1%81%d1%82%d0%b5%d0%ba%d0%bb%d1%8f%d0%bd%d0%bd%d0%b0%d1%8f-%d0%bb%d1%8e%d0%b1%d0%be%d0%b2%d0%bd%d0%be%d0%b5-%d0%bf%d0%b8%d1%81%d1%8c%d0%bc%d0%be\/#breadcrumb","itemListElement":[{"@type":"ListItem","position":1,"name":"Prad\u017eia","item":"https:\/\/www.gintaresgeles.lt\/ru\/"},{"@type":"ListItem","position":2,"name":"\u0412\u0441\u0435 \u0446\u0432\u0435\u0442\u044b \u0438 \u0434\u0440\u0443\u0433\u0438\u0435 \u043f\u0440\u043e\u0434\u0443\u043a\u0442\u044b","item":"https:\/\/www.gintaresgeles.lt\/ru\/vse-cvety-i-drugie-produkty\/"},{"@type":"ListItem","position":3,"name":"\u0411\u0443\u0442\u044b\u043b\u043a\u0430 \u0441\u0442\u0435\u043a\u043b\u044f\u043d\u043d\u0430\u044f &#171;\u041b\u044e\u0431\u043e\u0432\u043d\u043e\u0435 \u043f\u0438\u0441\u044c\u043c\u043e&#187;"}]},{"@type":"WebSite","@id":"https:\/\/www.gintaresgeles.lt\/ru\/#website","url":"https:\/\/www.gintaresgeles.lt\/ru\/","name":"Gintares Geles","description":"\u0414\u043e\u0441\u0442\u0430\u0432\u043a\u0430 \u0446\u0432\u0435\u0442\u043e\u0432 \u0432 \u0412\u0438\u043b\u044c\u043d\u044e\u0441\u0435 | \u0412 \u0442\u043e\u0442 \u0436\u0435 \u0434\u0435\u043d\u044c | Gintares geles","potentialAction":[{"@type":"SearchAction","target":{"@type":"EntryPoint","urlTemplate":"https:\/\/www.gintaresgeles.lt\/ru\/?s={search_term_string}"},"query-input":{"@type":"PropertyValueSpecification","valueRequired":true,"valueName":"search_term_string"}}],"inLanguage":"ru-RU"}]}},"_links":{"self":[{"href":"https:\/\/www.gintaresgeles.lt\/ru\/wp-json\/wp\/v2\/product\/43209","targetHints":{"allow":["GET"]}}],"collection":[{"href":"https:\/\/www.gintaresgeles.lt\/ru\/wp-json\/wp\/v2\/product"}],"about":[{"href":"https:\/\/www.gintaresgeles.lt\/ru\/wp-json\/wp\/v2\/types\/product"}],"wp:featuredmedia":[{"embeddable":true,"href":"https:\/\/www.gintaresgeles.lt\/ru\/wp-json\/wp\/v2\/media\/43212"}],"wp:attachment":[{"href":"https:\/\/www.gintaresgeles.lt\/ru\/wp-json\/wp\/v2\/media?parent=43209"}],"wp:term":[{"taxonomy":"product_brand","embeddable":true,"href":"https:\/\/www.gintaresgeles.lt\/ru\/wp-json\/wp\/v2\/product_brand?post=43209"},{"taxonomy":"product_cat","embeddable":true,"href":"https:\/\/www.gintaresgeles.lt\/ru\/wp-json\/wp\/v2\/product_cat?post=43209"},{"taxonomy":"product_tag","embeddable":true,"href":"https:\/\/www.gintaresgeles.lt\/ru\/wp-json\/wp\/v2\/product_tag?post=43209"}],"curies":[{"name":"wp","href":"https:\/\/api.w.org\/{rel}","templated":true}]}}