{"id":43931,"date":"2022-07-08T21:59:40","date_gmt":"2022-07-08T18:59:40","guid":{"rendered":"https:\/\/www.gintaresgeles.lt\/puokste\/%d0%ba%d0%be%d0%bd%d1%84%d0%b5%d1%82%d0%bd%d1%8b%d0%b9-%d0%b1%d1%83%d0%ba%d0%b5%d1%82-%d1%88%d0%be%d0%ba%d0%be%d0%bb%d0%b0%d0%b4%d0%bd%d0%be-%d0%ba%d0%be%d0%ba%d0%be%d1%81%d0%be%d0%b2%d1%8b%d0%b9\/"},"modified":"2022-07-30T15:09:51","modified_gmt":"2022-07-30T12:09:51","slug":"%d0%ba%d0%be%d0%bd%d1%84%d0%b5%d1%82%d0%bd%d1%8b%d0%b9-%d0%b1%d1%83%d0%ba%d0%b5%d1%82-%d1%88%d0%be%d0%ba%d0%be%d0%bb%d0%b0%d0%b4%d0%bd%d0%be-%d0%ba%d0%be%d0%ba%d0%be%d1%81%d0%be%d0%b2%d1%8b%d0%b9","status":"publish","type":"product","link":"https:\/\/www.gintaresgeles.lt\/ru\/puokste\/%d0%ba%d0%be%d0%bd%d1%84%d0%b5%d1%82%d0%bd%d1%8b%d0%b9-%d0%b1%d1%83%d0%ba%d0%b5%d1%82-%d1%88%d0%be%d0%ba%d0%be%d0%bb%d0%b0%d0%b4%d0%bd%d0%be-%d0%ba%d0%be%d0%ba%d0%be%d1%81%d0%be%d0%b2%d1%8b%d0%b9\/","title":{"rendered":"\u041a\u043e\u043d\u0444\u0435\u0442\u043d\u044b\u0439 \u0431\u0443\u043a\u0435\u0442 &#171;\u0428\u043e\u043a\u043e\u043b\u0430\u0434\u043d\u043e-\u043a\u043e\u043a\u043e\u0441\u043e\u0432\u044b\u0439&#187;"},"content":{"rendered":"","protected":false},"excerpt":{"rendered":"<p>\u041f\u043e\u0434\u0430\u0440\u0438\u0442\u0435 \u044d\u0442\u043e\u0442 \u0431\u0443\u043a\u0435\u0442 \u0448\u043e\u043a\u043e\u043b\u0430\u0434\u043d\u044b\u0445 \u0431\u0430\u0442\u043e\u043d\u0447\u0438\u043a\u043e\u0432 \u043b\u044e\u0431\u0438\u043c\u043e\u043c\u0443 \u0438\u043b\u0438 \u0431\u043b\u0438\u0437\u043a\u043e\u043c\u0443 \u0447\u0435\u043b\u043e\u0432\u0435\u043a\u0443, \u0438 \u043f\u0443\u0441\u0442\u044c \u043e\u043d\u0438 \u043d\u0430\u0441\u043b\u0430\u0436\u0434\u0430\u044e\u0442\u0441\u044f \u0441\u043b\u0430\u0434\u043a\u0438\u043c \u043c\u043e\u043c\u0435\u043d\u0442\u043e\u043c, \u0433\u0434\u0435 \u0431\u044b \u043e\u043d\u0438 \u043d\u0438 \u0431\u044b\u043b\u0438!<\/p>\n<p>\u0411\u0443\u043a\u0435\u0442 \u0441\u043e\u0441\u0442\u043e\u0438\u0442 \u0438\u0437:<\/p>\n<p>12 \u0448\u0442. \u0448\u043e\u043a\u043e\u043b\u0430\u0434\u043d\u044b\u0435 \u0431\u0430\u0442\u043e\u043d\u0447\u0438\u043a\u0438 Bounty;<\/p>\n<p>3 \u0448\u0442. \u041f\u043b\u0438\u0442\u043a\u0438 \u043c\u043e\u043b\u043e\u0447\u043d\u043e\u0433\u043e \u0448\u043e\u043a\u043e\u043b\u0430\u0434\u0430 RITTER SPORT.<\/p>\n","protected":false},"featured_media":43918,"template":"","meta":[],"product_brand":[],"product_cat":[975,1000,977,1014,970,971,976,969,1363,972,967,966,968,973,1894,1895],"product_tag":[],"class_list":{"0":"post-43931","1":"product","2":"type-product","3":"status-publish","4":"has-post-thumbnail","6":"product_cat-14--","7":"product_cat-1000","8":"product_cat-977","9":"product_cat-1014","10":"product_cat-970","11":"product_cat-971","12":"product_cat-976","13":"product_cat-969","14":"product_cat-cveti-8-marta","15":"product_cat-972","16":"product_cat-967","17":"product_cat-966","18":"product_cat-968","19":"product_cat-973","20":"product_cat-1894","21":"product_cat-1895","22":"tm-has-options","24":"first","25":"outofstock","26":"taxable","27":"shipping-taxable","28":"purchasable","29":"product-type-simple"},"yoast_head":"<!-- This site is optimized with the Yoast SEO plugin v25.3 - https:\/\/yoast.com\/wordpress\/plugins\/seo\/ -->\n<title>\u041a\u043e\u043d\u0444\u0435\u0442\u043d\u044b\u0439 \u0431\u0443\u043a\u0435\u0442 &quot;\u0428\u043e\u043a\u043e\u043b\u0430\u0434\u043d\u043e-\u043a\u043e\u043a\u043e\u0441\u043e\u0432\u044b\u0439&quot; | Gintar\u0117sG\u0117l\u0117s<\/title>\n<meta name=\"description\" content=\"\u0425\u043e\u0442\u0438\u0442\u0435 \u043d\u0435\u043e\u0436\u0438\u0434\u0430\u043d\u043d\u043e \u0443\u0434\u0438\u0432\u0438\u0442\u044c \u0438 \u043f\u043e\u0431\u0430\u043b\u043e\u0432\u0430\u0442\u044c \u0434\u0440\u0443\u0433\u0430 \u0438\u043b\u0438 \u0440\u043e\u0434\u0441\u0442\u0432\u0435\u043d\u043d\u0438\u043a\u0430 \u0441\u043b\u0430\u0434\u043a\u0438\u043c \u043f\u043e\u0434\u0430\u0440\u043a\u043e\u043c? \u042d\u0442\u043e\u0442 \u0441\u044a\u0435\u0434\u043e\u0431\u043d\u044b\u0439 \u0431\u0443\u043a\u0435\u0442 \u0438\u0437 \u0448\u043e\u043a\u043e\u043b\u0430\u0434\u043d\u044b\u0445 \u0431\u0430\u0442\u043e\u043d\u0447\u0438\u043a\u043e\u0432 \u0438\u0434\u0435\u0430\u043b\u044c\u043d\u043e \u043f\u043e\u0434\u0445\u043e\u0434\u0438\u0442 \u0434\u043b\u044f \u044d\u0442\u043e\u0433\u043e.\" \/>\n<meta name=\"robots\" content=\"index, follow, max-snippet:-1, max-image-preview:large, max-video-preview:-1\" \/>\n<link rel=\"canonical\" href=\"https:\/\/www.gintaresgeles.lt\/ru\/puokste\/%d0%ba%d0%be%d0%bd%d1%84%d0%b5%d1%82%d0%bd%d1%8b%d0%b9-%d0%b1%d1%83%d0%ba%d0%b5%d1%82-%d1%88%d0%be%d0%ba%d0%be%d0%bb%d0%b0%d0%b4%d0%bd%d0%be-%d0%ba%d0%be%d0%ba%d0%be%d1%81%d0%be%d0%b2%d1%8b%d0%b9\/\" \/>\n<meta property=\"og:locale\" content=\"ru_RU\" \/>\n<meta property=\"og:type\" content=\"article\" \/>\n<meta property=\"og:title\" content=\"\u041a\u043e\u043d\u0444\u0435\u0442\u043d\u044b\u0439 \u0431\u0443\u043a\u0435\u0442 &quot;\u0428\u043e\u043a\u043e\u043b\u0430\u0434\u043d\u043e-\u043a\u043e\u043a\u043e\u0441\u043e\u0432\u044b\u0439&quot; | Gintar\u0117sG\u0117l\u0117s\" \/>\n<meta property=\"og:description\" content=\"\u0425\u043e\u0442\u0438\u0442\u0435 \u043d\u0435\u043e\u0436\u0438\u0434\u0430\u043d\u043d\u043e \u0443\u0434\u0438\u0432\u0438\u0442\u044c \u0438 \u043f\u043e\u0431\u0430\u043b\u043e\u0432\u0430\u0442\u044c \u0434\u0440\u0443\u0433\u0430 \u0438\u043b\u0438 \u0440\u043e\u0434\u0441\u0442\u0432\u0435\u043d\u043d\u0438\u043a\u0430 \u0441\u043b\u0430\u0434\u043a\u0438\u043c \u043f\u043e\u0434\u0430\u0440\u043a\u043e\u043c? \u042d\u0442\u043e\u0442 \u0441\u044a\u0435\u0434\u043e\u0431\u043d\u044b\u0439 \u0431\u0443\u043a\u0435\u0442 \u0438\u0437 \u0448\u043e\u043a\u043e\u043b\u0430\u0434\u043d\u044b\u0445 \u0431\u0430\u0442\u043e\u043d\u0447\u0438\u043a\u043e\u0432 \u0438\u0434\u0435\u0430\u043b\u044c\u043d\u043e \u043f\u043e\u0434\u0445\u043e\u0434\u0438\u0442 \u0434\u043b\u044f \u044d\u0442\u043e\u0433\u043e.\" \/>\n<meta property=\"og:url\" content=\"https:\/\/www.gintaresgeles.lt\/ru\/puokste\/%d0%ba%d0%be%d0%bd%d1%84%d0%b5%d1%82%d0%bd%d1%8b%d0%b9-%d0%b1%d1%83%d0%ba%d0%b5%d1%82-%d1%88%d0%be%d0%ba%d0%be%d0%bb%d0%b0%d0%b4%d0%bd%d0%be-%d0%ba%d0%be%d0%ba%d0%be%d1%81%d0%be%d0%b2%d1%8b%d0%b9\/\" \/>\n<meta property=\"og:site_name\" content=\"gintaresgeles.lt\" \/>\n<meta property=\"article:modified_time\" content=\"2022-07-30T12:09:51+00:00\" \/>\n<meta property=\"og:image\" content=\"https:\/\/www.gintaresgeles.lt\/wp-content\/uploads\/2022\/07\/valgomos-puokstes-is-sokoladiniu-batoneliu-gimtadienio-proga.jpg\" \/>\n\t<meta property=\"og:image:width\" content=\"1200\" \/>\n\t<meta property=\"og:image:height\" content=\"1200\" \/>\n\t<meta property=\"og:image:type\" content=\"image\/jpeg\" \/>\n<meta name=\"twitter:card\" content=\"summary_large_image\" \/>\n<script type=\"application\/ld+json\" class=\"yoast-schema-graph\">{\"@context\":\"https:\/\/schema.org\",\"@graph\":[{\"@type\":\"WebPage\",\"@id\":\"https:\/\/www.gintaresgeles.lt\/ru\/puokste\/%d0%ba%d0%be%d0%bd%d1%84%d0%b5%d1%82%d0%bd%d1%8b%d0%b9-%d0%b1%d1%83%d0%ba%d0%b5%d1%82-%d1%88%d0%be%d0%ba%d0%be%d0%bb%d0%b0%d0%b4%d0%bd%d0%be-%d0%ba%d0%be%d0%ba%d0%be%d1%81%d0%be%d0%b2%d1%8b%d0%b9\/\",\"url\":\"https:\/\/www.gintaresgeles.lt\/ru\/puokste\/%d0%ba%d0%be%d0%bd%d1%84%d0%b5%d1%82%d0%bd%d1%8b%d0%b9-%d0%b1%d1%83%d0%ba%d0%b5%d1%82-%d1%88%d0%be%d0%ba%d0%be%d0%bb%d0%b0%d0%b4%d0%bd%d0%be-%d0%ba%d0%be%d0%ba%d0%be%d1%81%d0%be%d0%b2%d1%8b%d0%b9\/\",\"name\":\"\u041a\u043e\u043d\u0444\u0435\u0442\u043d\u044b\u0439 \u0431\u0443\u043a\u0435\u0442 \\\"\u0428\u043e\u043a\u043e\u043b\u0430\u0434\u043d\u043e-\u043a\u043e\u043a\u043e\u0441\u043e\u0432\u044b\u0439\\\" | Gintar\u0117sG\u0117l\u0117s\",\"isPartOf\":{\"@id\":\"https:\/\/www.gintaresgeles.lt\/ru\/#website\"},\"primaryImageOfPage\":{\"@id\":\"https:\/\/www.gintaresgeles.lt\/ru\/puokste\/%d0%ba%d0%be%d0%bd%d1%84%d0%b5%d1%82%d0%bd%d1%8b%d0%b9-%d0%b1%d1%83%d0%ba%d0%b5%d1%82-%d1%88%d0%be%d0%ba%d0%be%d0%bb%d0%b0%d0%b4%d0%bd%d0%be-%d0%ba%d0%be%d0%ba%d0%be%d1%81%d0%be%d0%b2%d1%8b%d0%b9\/#primaryimage\"},\"image\":{\"@id\":\"https:\/\/www.gintaresgeles.lt\/ru\/puokste\/%d0%ba%d0%be%d0%bd%d1%84%d0%b5%d1%82%d0%bd%d1%8b%d0%b9-%d0%b1%d1%83%d0%ba%d0%b5%d1%82-%d1%88%d0%be%d0%ba%d0%be%d0%bb%d0%b0%d0%b4%d0%bd%d0%be-%d0%ba%d0%be%d0%ba%d0%be%d1%81%d0%be%d0%b2%d1%8b%d0%b9\/#primaryimage\"},\"thumbnailUrl\":\"https:\/\/www.gintaresgeles.lt\/wp-content\/uploads\/2022\/07\/valgomos-puokstes-is-sokoladiniu-batoneliu-gimtadienio-proga.jpg\",\"datePublished\":\"2022-07-08T18:59:40+00:00\",\"dateModified\":\"2022-07-30T12:09:51+00:00\",\"description\":\"\u0425\u043e\u0442\u0438\u0442\u0435 \u043d\u0435\u043e\u0436\u0438\u0434\u0430\u043d\u043d\u043e \u0443\u0434\u0438\u0432\u0438\u0442\u044c \u0438 \u043f\u043e\u0431\u0430\u043b\u043e\u0432\u0430\u0442\u044c \u0434\u0440\u0443\u0433\u0430 \u0438\u043b\u0438 \u0440\u043e\u0434\u0441\u0442\u0432\u0435\u043d\u043d\u0438\u043a\u0430 \u0441\u043b\u0430\u0434\u043a\u0438\u043c \u043f\u043e\u0434\u0430\u0440\u043a\u043e\u043c? \u042d\u0442\u043e\u0442 \u0441\u044a\u0435\u0434\u043e\u0431\u043d\u044b\u0439 \u0431\u0443\u043a\u0435\u0442 \u0438\u0437 \u0448\u043e\u043a\u043e\u043b\u0430\u0434\u043d\u044b\u0445 \u0431\u0430\u0442\u043e\u043d\u0447\u0438\u043a\u043e\u0432 \u0438\u0434\u0435\u0430\u043b\u044c\u043d\u043e \u043f\u043e\u0434\u0445\u043e\u0434\u0438\u0442 \u0434\u043b\u044f \u044d\u0442\u043e\u0433\u043e.\",\"breadcrumb\":{\"@id\":\"https:\/\/www.gintaresgeles.lt\/ru\/puokste\/%d0%ba%d0%be%d0%bd%d1%84%d0%b5%d1%82%d0%bd%d1%8b%d0%b9-%d0%b1%d1%83%d0%ba%d0%b5%d1%82-%d1%88%d0%be%d0%ba%d0%be%d0%bb%d0%b0%d0%b4%d0%bd%d0%be-%d0%ba%d0%be%d0%ba%d0%be%d1%81%d0%be%d0%b2%d1%8b%d0%b9\/#breadcrumb\"},\"inLanguage\":\"ru-RU\",\"potentialAction\":[{\"@type\":\"ReadAction\",\"target\":[\"https:\/\/www.gintaresgeles.lt\/ru\/puokste\/%d0%ba%d0%be%d0%bd%d1%84%d0%b5%d1%82%d0%bd%d1%8b%d0%b9-%d0%b1%d1%83%d0%ba%d0%b5%d1%82-%d1%88%d0%be%d0%ba%d0%be%d0%bb%d0%b0%d0%b4%d0%bd%d0%be-%d0%ba%d0%be%d0%ba%d0%be%d1%81%d0%be%d0%b2%d1%8b%d0%b9\/\"]}]},{\"@type\":\"ImageObject\",\"inLanguage\":\"ru-RU\",\"@id\":\"https:\/\/www.gintaresgeles.lt\/ru\/puokste\/%d0%ba%d0%be%d0%bd%d1%84%d0%b5%d1%82%d0%bd%d1%8b%d0%b9-%d0%b1%d1%83%d0%ba%d0%b5%d1%82-%d1%88%d0%be%d0%ba%d0%be%d0%bb%d0%b0%d0%b4%d0%bd%d0%be-%d0%ba%d0%be%d0%ba%d0%be%d1%81%d0%be%d0%b2%d1%8b%d0%b9\/#primaryimage\",\"url\":\"https:\/\/www.gintaresgeles.lt\/wp-content\/uploads\/2022\/07\/valgomos-puokstes-is-sokoladiniu-batoneliu-gimtadienio-proga.jpg\",\"contentUrl\":\"https:\/\/www.gintaresgeles.lt\/wp-content\/uploads\/2022\/07\/valgomos-puokstes-is-sokoladiniu-batoneliu-gimtadienio-proga.jpg\",\"width\":1200,\"height\":1200,\"caption\":\"Valgomos \u0161okoladini\u0173 saldaini\u0173 puok\u0161t\u0117s\"},{\"@type\":\"BreadcrumbList\",\"@id\":\"https:\/\/www.gintaresgeles.lt\/ru\/puokste\/%d0%ba%d0%be%d0%bd%d1%84%d0%b5%d1%82%d0%bd%d1%8b%d0%b9-%d0%b1%d1%83%d0%ba%d0%b5%d1%82-%d1%88%d0%be%d0%ba%d0%be%d0%bb%d0%b0%d0%b4%d0%bd%d0%be-%d0%ba%d0%be%d0%ba%d0%be%d1%81%d0%be%d0%b2%d1%8b%d0%b9\/#breadcrumb\",\"itemListElement\":[{\"@type\":\"ListItem\",\"position\":1,\"name\":\"Prad\u017eia\",\"item\":\"https:\/\/www.gintaresgeles.lt\/ru\/\"},{\"@type\":\"ListItem\",\"position\":2,\"name\":\"\u0412\u0441\u0435 \u0446\u0432\u0435\u0442\u044b \u0438 \u0434\u0440\u0443\u0433\u0438\u0435 \u043f\u0440\u043e\u0434\u0443\u043a\u0442\u044b\",\"item\":\"https:\/\/www.gintaresgeles.lt\/ru\/vse-cvety-i-drugie-produkty\/\"},{\"@type\":\"ListItem\",\"position\":3,\"name\":\"\u041a\u043e\u043d\u0444\u0435\u0442\u043d\u044b\u0439 \u0431\u0443\u043a\u0435\u0442 &#8222;\u0428\u043e\u043a\u043e\u043b\u0430\u0434\u043d\u043e-\u043a\u043e\u043a\u043e\u0441\u043e\u0432\u044b\u0439&#8221;\"}]},{\"@type\":\"WebSite\",\"@id\":\"https:\/\/www.gintaresgeles.lt\/ru\/#website\",\"url\":\"https:\/\/www.gintaresgeles.lt\/ru\/\",\"name\":\"Gintares Geles\",\"description\":\"\u0414\u043e\u0441\u0442\u0430\u0432\u043a\u0430 \u0446\u0432\u0435\u0442\u043e\u0432 \u0432 \u0412\u0438\u043b\u044c\u043d\u044e\u0441\u0435 | \u0412 \u0442\u043e\u0442 \u0436\u0435 \u0434\u0435\u043d\u044c | Gintares geles\",\"potentialAction\":[{\"@type\":\"SearchAction\",\"target\":{\"@type\":\"EntryPoint\",\"urlTemplate\":\"https:\/\/www.gintaresgeles.lt\/ru\/?s={search_term_string}\"},\"query-input\":{\"@type\":\"PropertyValueSpecification\",\"valueRequired\":true,\"valueName\":\"search_term_string\"}}],\"inLanguage\":\"ru-RU\"}]}<\/script>\n<!-- \/ Yoast SEO plugin. -->","yoast_head_json":{"title":"\u041a\u043e\u043d\u0444\u0435\u0442\u043d\u044b\u0439 \u0431\u0443\u043a\u0435\u0442 \"\u0428\u043e\u043a\u043e\u043b\u0430\u0434\u043d\u043e-\u043a\u043e\u043a\u043e\u0441\u043e\u0432\u044b\u0439\" | Gintar\u0117sG\u0117l\u0117s","description":"\u0425\u043e\u0442\u0438\u0442\u0435 \u043d\u0435\u043e\u0436\u0438\u0434\u0430\u043d\u043d\u043e \u0443\u0434\u0438\u0432\u0438\u0442\u044c \u0438 \u043f\u043e\u0431\u0430\u043b\u043e\u0432\u0430\u0442\u044c \u0434\u0440\u0443\u0433\u0430 \u0438\u043b\u0438 \u0440\u043e\u0434\u0441\u0442\u0432\u0435\u043d\u043d\u0438\u043a\u0430 \u0441\u043b\u0430\u0434\u043a\u0438\u043c \u043f\u043e\u0434\u0430\u0440\u043a\u043e\u043c? \u042d\u0442\u043e\u0442 \u0441\u044a\u0435\u0434\u043e\u0431\u043d\u044b\u0439 \u0431\u0443\u043a\u0435\u0442 \u0438\u0437 \u0448\u043e\u043a\u043e\u043b\u0430\u0434\u043d\u044b\u0445 \u0431\u0430\u0442\u043e\u043d\u0447\u0438\u043a\u043e\u0432 \u0438\u0434\u0435\u0430\u043b\u044c\u043d\u043e \u043f\u043e\u0434\u0445\u043e\u0434\u0438\u0442 \u0434\u043b\u044f \u044d\u0442\u043e\u0433\u043e.","robots":{"index":"index","follow":"follow","max-snippet":"max-snippet:-1","max-image-preview":"max-image-preview:large","max-video-preview":"max-video-preview:-1"},"canonical":"https:\/\/www.gintaresgeles.lt\/ru\/puokste\/%d0%ba%d0%be%d0%bd%d1%84%d0%b5%d1%82%d0%bd%d1%8b%d0%b9-%d0%b1%d1%83%d0%ba%d0%b5%d1%82-%d1%88%d0%be%d0%ba%d0%be%d0%bb%d0%b0%d0%b4%d0%bd%d0%be-%d0%ba%d0%be%d0%ba%d0%be%d1%81%d0%be%d0%b2%d1%8b%d0%b9\/","og_locale":"ru_RU","og_type":"article","og_title":"\u041a\u043e\u043d\u0444\u0435\u0442\u043d\u044b\u0439 \u0431\u0443\u043a\u0435\u0442 \"\u0428\u043e\u043a\u043e\u043b\u0430\u0434\u043d\u043e-\u043a\u043e\u043a\u043e\u0441\u043e\u0432\u044b\u0439\" | Gintar\u0117sG\u0117l\u0117s","og_description":"\u0425\u043e\u0442\u0438\u0442\u0435 \u043d\u0435\u043e\u0436\u0438\u0434\u0430\u043d\u043d\u043e \u0443\u0434\u0438\u0432\u0438\u0442\u044c \u0438 \u043f\u043e\u0431\u0430\u043b\u043e\u0432\u0430\u0442\u044c \u0434\u0440\u0443\u0433\u0430 \u0438\u043b\u0438 \u0440\u043e\u0434\u0441\u0442\u0432\u0435\u043d\u043d\u0438\u043a\u0430 \u0441\u043b\u0430\u0434\u043a\u0438\u043c \u043f\u043e\u0434\u0430\u0440\u043a\u043e\u043c? \u042d\u0442\u043e\u0442 \u0441\u044a\u0435\u0434\u043e\u0431\u043d\u044b\u0439 \u0431\u0443\u043a\u0435\u0442 \u0438\u0437 \u0448\u043e\u043a\u043e\u043b\u0430\u0434\u043d\u044b\u0445 \u0431\u0430\u0442\u043e\u043d\u0447\u0438\u043a\u043e\u0432 \u0438\u0434\u0435\u0430\u043b\u044c\u043d\u043e \u043f\u043e\u0434\u0445\u043e\u0434\u0438\u0442 \u0434\u043b\u044f \u044d\u0442\u043e\u0433\u043e.","og_url":"https:\/\/www.gintaresgeles.lt\/ru\/puokste\/%d0%ba%d0%be%d0%bd%d1%84%d0%b5%d1%82%d0%bd%d1%8b%d0%b9-%d0%b1%d1%83%d0%ba%d0%b5%d1%82-%d1%88%d0%be%d0%ba%d0%be%d0%bb%d0%b0%d0%b4%d0%bd%d0%be-%d0%ba%d0%be%d0%ba%d0%be%d1%81%d0%be%d0%b2%d1%8b%d0%b9\/","og_site_name":"gintaresgeles.lt","article_modified_time":"2022-07-30T12:09:51+00:00","og_image":[{"width":1200,"height":1200,"url":"https:\/\/www.gintaresgeles.lt\/wp-content\/uploads\/2022\/07\/valgomos-puokstes-is-sokoladiniu-batoneliu-gimtadienio-proga.jpg","type":"image\/jpeg"}],"twitter_card":"summary_large_image","schema":{"@context":"https:\/\/schema.org","@graph":[{"@type":"WebPage","@id":"https:\/\/www.gintaresgeles.lt\/ru\/puokste\/%d0%ba%d0%be%d0%bd%d1%84%d0%b5%d1%82%d0%bd%d1%8b%d0%b9-%d0%b1%d1%83%d0%ba%d0%b5%d1%82-%d1%88%d0%be%d0%ba%d0%be%d0%bb%d0%b0%d0%b4%d0%bd%d0%be-%d0%ba%d0%be%d0%ba%d0%be%d1%81%d0%be%d0%b2%d1%8b%d0%b9\/","url":"https:\/\/www.gintaresgeles.lt\/ru\/puokste\/%d0%ba%d0%be%d0%bd%d1%84%d0%b5%d1%82%d0%bd%d1%8b%d0%b9-%d0%b1%d1%83%d0%ba%d0%b5%d1%82-%d1%88%d0%be%d0%ba%d0%be%d0%bb%d0%b0%d0%b4%d0%bd%d0%be-%d0%ba%d0%be%d0%ba%d0%be%d1%81%d0%be%d0%b2%d1%8b%d0%b9\/","name":"\u041a\u043e\u043d\u0444\u0435\u0442\u043d\u044b\u0439 \u0431\u0443\u043a\u0435\u0442 \"\u0428\u043e\u043a\u043e\u043b\u0430\u0434\u043d\u043e-\u043a\u043e\u043a\u043e\u0441\u043e\u0432\u044b\u0439\" | Gintar\u0117sG\u0117l\u0117s","isPartOf":{"@id":"https:\/\/www.gintaresgeles.lt\/ru\/#website"},"primaryImageOfPage":{"@id":"https:\/\/www.gintaresgeles.lt\/ru\/puokste\/%d0%ba%d0%be%d0%bd%d1%84%d0%b5%d1%82%d0%bd%d1%8b%d0%b9-%d0%b1%d1%83%d0%ba%d0%b5%d1%82-%d1%88%d0%be%d0%ba%d0%be%d0%bb%d0%b0%d0%b4%d0%bd%d0%be-%d0%ba%d0%be%d0%ba%d0%be%d1%81%d0%be%d0%b2%d1%8b%d0%b9\/#primaryimage"},"image":{"@id":"https:\/\/www.gintaresgeles.lt\/ru\/puokste\/%d0%ba%d0%be%d0%bd%d1%84%d0%b5%d1%82%d0%bd%d1%8b%d0%b9-%d0%b1%d1%83%d0%ba%d0%b5%d1%82-%d1%88%d0%be%d0%ba%d0%be%d0%bb%d0%b0%d0%b4%d0%bd%d0%be-%d0%ba%d0%be%d0%ba%d0%be%d1%81%d0%be%d0%b2%d1%8b%d0%b9\/#primaryimage"},"thumbnailUrl":"https:\/\/www.gintaresgeles.lt\/wp-content\/uploads\/2022\/07\/valgomos-puokstes-is-sokoladiniu-batoneliu-gimtadienio-proga.jpg","datePublished":"2022-07-08T18:59:40+00:00","dateModified":"2022-07-30T12:09:51+00:00","description":"\u0425\u043e\u0442\u0438\u0442\u0435 \u043d\u0435\u043e\u0436\u0438\u0434\u0430\u043d\u043d\u043e \u0443\u0434\u0438\u0432\u0438\u0442\u044c \u0438 \u043f\u043e\u0431\u0430\u043b\u043e\u0432\u0430\u0442\u044c \u0434\u0440\u0443\u0433\u0430 \u0438\u043b\u0438 \u0440\u043e\u0434\u0441\u0442\u0432\u0435\u043d\u043d\u0438\u043a\u0430 \u0441\u043b\u0430\u0434\u043a\u0438\u043c \u043f\u043e\u0434\u0430\u0440\u043a\u043e\u043c? \u042d\u0442\u043e\u0442 \u0441\u044a\u0435\u0434\u043e\u0431\u043d\u044b\u0439 \u0431\u0443\u043a\u0435\u0442 \u0438\u0437 \u0448\u043e\u043a\u043e\u043b\u0430\u0434\u043d\u044b\u0445 \u0431\u0430\u0442\u043e\u043d\u0447\u0438\u043a\u043e\u0432 \u0438\u0434\u0435\u0430\u043b\u044c\u043d\u043e \u043f\u043e\u0434\u0445\u043e\u0434\u0438\u0442 \u0434\u043b\u044f \u044d\u0442\u043e\u0433\u043e.","breadcrumb":{"@id":"https:\/\/www.gintaresgeles.lt\/ru\/puokste\/%d0%ba%d0%be%d0%bd%d1%84%d0%b5%d1%82%d0%bd%d1%8b%d0%b9-%d0%b1%d1%83%d0%ba%d0%b5%d1%82-%d1%88%d0%be%d0%ba%d0%be%d0%bb%d0%b0%d0%b4%d0%bd%d0%be-%d0%ba%d0%be%d0%ba%d0%be%d1%81%d0%be%d0%b2%d1%8b%d0%b9\/#breadcrumb"},"inLanguage":"ru-RU","potentialAction":[{"@type":"ReadAction","target":["https:\/\/www.gintaresgeles.lt\/ru\/puokste\/%d0%ba%d0%be%d0%bd%d1%84%d0%b5%d1%82%d0%bd%d1%8b%d0%b9-%d0%b1%d1%83%d0%ba%d0%b5%d1%82-%d1%88%d0%be%d0%ba%d0%be%d0%bb%d0%b0%d0%b4%d0%bd%d0%be-%d0%ba%d0%be%d0%ba%d0%be%d1%81%d0%be%d0%b2%d1%8b%d0%b9\/"]}]},{"@type":"ImageObject","inLanguage":"ru-RU","@id":"https:\/\/www.gintaresgeles.lt\/ru\/puokste\/%d0%ba%d0%be%d0%bd%d1%84%d0%b5%d1%82%d0%bd%d1%8b%d0%b9-%d0%b1%d1%83%d0%ba%d0%b5%d1%82-%d1%88%d0%be%d0%ba%d0%be%d0%bb%d0%b0%d0%b4%d0%bd%d0%be-%d0%ba%d0%be%d0%ba%d0%be%d1%81%d0%be%d0%b2%d1%8b%d0%b9\/#primaryimage","url":"https:\/\/www.gintaresgeles.lt\/wp-content\/uploads\/2022\/07\/valgomos-puokstes-is-sokoladiniu-batoneliu-gimtadienio-proga.jpg","contentUrl":"https:\/\/www.gintaresgeles.lt\/wp-content\/uploads\/2022\/07\/valgomos-puokstes-is-sokoladiniu-batoneliu-gimtadienio-proga.jpg","width":1200,"height":1200,"caption":"Valgomos \u0161okoladini\u0173 saldaini\u0173 puok\u0161t\u0117s"},{"@type":"BreadcrumbList","@id":"https:\/\/www.gintaresgeles.lt\/ru\/puokste\/%d0%ba%d0%be%d0%bd%d1%84%d0%b5%d1%82%d0%bd%d1%8b%d0%b9-%d0%b1%d1%83%d0%ba%d0%b5%d1%82-%d1%88%d0%be%d0%ba%d0%be%d0%bb%d0%b0%d0%b4%d0%bd%d0%be-%d0%ba%d0%be%d0%ba%d0%be%d1%81%d0%be%d0%b2%d1%8b%d0%b9\/#breadcrumb","itemListElement":[{"@type":"ListItem","position":1,"name":"Prad\u017eia","item":"https:\/\/www.gintaresgeles.lt\/ru\/"},{"@type":"ListItem","position":2,"name":"\u0412\u0441\u0435 \u0446\u0432\u0435\u0442\u044b \u0438 \u0434\u0440\u0443\u0433\u0438\u0435 \u043f\u0440\u043e\u0434\u0443\u043a\u0442\u044b","item":"https:\/\/www.gintaresgeles.lt\/ru\/vse-cvety-i-drugie-produkty\/"},{"@type":"ListItem","position":3,"name":"\u041a\u043e\u043d\u0444\u0435\u0442\u043d\u044b\u0439 \u0431\u0443\u043a\u0435\u0442 &#8222;\u0428\u043e\u043a\u043e\u043b\u0430\u0434\u043d\u043e-\u043a\u043e\u043a\u043e\u0441\u043e\u0432\u044b\u0439&#8221;"}]},{"@type":"WebSite","@id":"https:\/\/www.gintaresgeles.lt\/ru\/#website","url":"https:\/\/www.gintaresgeles.lt\/ru\/","name":"Gintares Geles","description":"\u0414\u043e\u0441\u0442\u0430\u0432\u043a\u0430 \u0446\u0432\u0435\u0442\u043e\u0432 \u0432 \u0412\u0438\u043b\u044c\u043d\u044e\u0441\u0435 | \u0412 \u0442\u043e\u0442 \u0436\u0435 \u0434\u0435\u043d\u044c | Gintares geles","potentialAction":[{"@type":"SearchAction","target":{"@type":"EntryPoint","urlTemplate":"https:\/\/www.gintaresgeles.lt\/ru\/?s={search_term_string}"},"query-input":{"@type":"PropertyValueSpecification","valueRequired":true,"valueName":"search_term_string"}}],"inLanguage":"ru-RU"}]}},"_links":{"self":[{"href":"https:\/\/www.gintaresgeles.lt\/ru\/wp-json\/wp\/v2\/product\/43931","targetHints":{"allow":["GET"]}}],"collection":[{"href":"https:\/\/www.gintaresgeles.lt\/ru\/wp-json\/wp\/v2\/product"}],"about":[{"href":"https:\/\/www.gintaresgeles.lt\/ru\/wp-json\/wp\/v2\/types\/product"}],"wp:featuredmedia":[{"embeddable":true,"href":"https:\/\/www.gintaresgeles.lt\/ru\/wp-json\/wp\/v2\/media\/43918"}],"wp:attachment":[{"href":"https:\/\/www.gintaresgeles.lt\/ru\/wp-json\/wp\/v2\/media?parent=43931"}],"wp:term":[{"taxonomy":"product_brand","embeddable":true,"href":"https:\/\/www.gintaresgeles.lt\/ru\/wp-json\/wp\/v2\/product_brand?post=43931"},{"taxonomy":"product_cat","embeddable":true,"href":"https:\/\/www.gintaresgeles.lt\/ru\/wp-json\/wp\/v2\/product_cat?post=43931"},{"taxonomy":"product_tag","embeddable":true,"href":"https:\/\/www.gintaresgeles.lt\/ru\/wp-json\/wp\/v2\/product_tag?post=43931"}],"curies":[{"name":"wp","href":"https:\/\/api.w.org\/{rel}","templated":true}]}}