{"id":44556,"date":"2022-08-18T13:13:28","date_gmt":"2022-08-18T10:13:28","guid":{"rendered":"https:\/\/www.gintaresgeles.lt\/puokste\/%d0%b1%d1%83%d0%ba%d0%b5%d1%82-%d0%b2%d0%b8%d1%81%d0%ba%d0%b8-jack-daniels\/"},"modified":"2023-06-23T08:53:56","modified_gmt":"2023-06-23T06:53:56","slug":"%d0%b1%d1%83%d0%ba%d0%b5%d1%82-%d0%b2%d0%b8%d1%81%d0%ba%d0%b8-jack-daniels","status":"publish","type":"product","link":"https:\/\/www.gintaresgeles.lt\/ru\/puokste\/%d0%b1%d1%83%d0%ba%d0%b5%d1%82-%d0%b2%d0%b8%d1%81%d0%ba%d0%b8-jack-daniels\/","title":{"rendered":"\u0411\u0443\u043a\u0435\u0442 \u0432\u0438\u0441\u043a\u0438 Jack Daniel&#8217;s"},"content":{"rendered":"","protected":false},"excerpt":{"rendered":"<p>\u042d\u043a\u0441\u043a\u043b\u044e\u0437\u0438\u0432\u043d\u044b\u0439 \u0431\u0443\u043a\u0435\u0442 \u0438\u0437 \u0432\u0438\u0441\u043a\u0438 Jack Daniel&#8217;s \u0441\u0442\u0430\u043d\u0435\u0442 \u043e\u0442\u043b\u0438\u0447\u043d\u044b\u043c \u043f\u043e\u0434\u0430\u0440\u043a\u043e\u043c \u0438\u043b\u0438 \u0443\u043a\u0440\u0430\u0448\u0435\u043d\u0438\u0435\u043c \u043f\u043e\u0434\u0430\u0440\u043a\u0430 \u043f\u0430\u0440\u043d\u044e, \u043c\u0443\u0436\u0443 \u0438\u043b\u0438 \u0431\u0440\u0430\u0442\u0443.<\/p>\n<p>\u0411\u0443\u043a\u0435\u0442 \u0441\u043e\u0441\u0442\u043e\u0438\u0442 \u0438\u0437 6 \u0448\u0442. \u0411\u0430\u043d\u043a\u0438 0,33\u043b \u0430\u043b\u043a\u043e\u0433\u043e\u043b\u044c\u043d\u044b\u0445 \u043a\u043e\u043a\u0442\u0435\u0439\u043b\u0435\u0439 Jack Daniel&#8217;s \u0438 Cola (5%).<\/p>\n","protected":false},"featured_media":44513,"template":"","meta":[],"product_brand":[],"product_cat":[1000,1014,970,971,969,972,967,966,968,973,1945,1895],"product_tag":[],"class_list":{"0":"post-44556","1":"product","2":"type-product","3":"status-publish","4":"has-post-thumbnail","6":"product_cat-1000","7":"product_cat-1014","8":"product_cat-970","9":"product_cat-971","10":"product_cat-969","11":"product_cat-972","12":"product_cat-967","13":"product_cat-966","14":"product_cat-968","15":"product_cat-973","16":"product_cat-1945","17":"product_cat-1895","18":"tm-has-options","20":"first","21":"outofstock","22":"taxable","23":"shipping-taxable","24":"purchasable","25":"product-type-simple"},"yoast_head":"<!-- This site is optimized with the Yoast SEO plugin v25.3 - https:\/\/yoast.com\/wordpress\/plugins\/seo\/ -->\n<title>\u0411\u0443\u043a\u0435\u0442 \u0432\u0438\u0441\u043a\u0438 Jack Daniel&#039;s | Gintar\u0117s G\u0117l\u0117s<\/title>\n<meta name=\"description\" content=\"\u042d\u043a\u0441\u043a\u043b\u044e\u0437\u0438\u0432\u043d\u044b\u0439 \u0438 \u0438\u0441\u043a\u043b\u044e\u0447\u0438\u0442\u0435\u043b\u044c\u043d\u043e \u043c\u0443\u0436\u0441\u043a\u043e\u0439 \u0431\u0443\u043a\u0435\u0442 \u0432\u0438\u0441\u043a\u0438 &quot;Jack Daniel&#039;s&quot; \u043d\u0435 \u043e\u0441\u0442\u0430\u0432\u0438\u0442 \u0440\u0430\u0432\u043d\u043e\u0434\u0443\u0448\u043d\u044b\u043c \u043d\u0438 \u043e\u0434\u043d\u043e\u0433\u043e \u043c\u0443\u0436\u0447\u0438\u043d\u0443 \u0438\u043b\u0438 \u043f\u0430\u0440\u043d\u044f, \u043f\u043e\u043b\u0443\u0447\u0438\u0432\u0448\u0435\u0433\u043e \u0435\u0433\u043e.\" \/>\n<meta name=\"robots\" content=\"index, follow, max-snippet:-1, max-image-preview:large, max-video-preview:-1\" \/>\n<link rel=\"canonical\" href=\"https:\/\/www.gintaresgeles.lt\/ru\/puokste\/%d0%b1%d1%83%d0%ba%d0%b5%d1%82-%d0%b2%d0%b8%d1%81%d0%ba%d0%b8-jack-daniels\/\" \/>\n<meta property=\"og:locale\" content=\"ru_RU\" \/>\n<meta property=\"og:type\" content=\"article\" \/>\n<meta property=\"og:title\" content=\"\u0411\u0443\u043a\u0435\u0442 \u0432\u0438\u0441\u043a\u0438 Jack Daniel&#039;s | Gintar\u0117s G\u0117l\u0117s\" \/>\n<meta property=\"og:description\" content=\"\u042d\u043a\u0441\u043a\u043b\u044e\u0437\u0438\u0432\u043d\u044b\u0439 \u0438 \u0438\u0441\u043a\u043b\u044e\u0447\u0438\u0442\u0435\u043b\u044c\u043d\u043e \u043c\u0443\u0436\u0441\u043a\u043e\u0439 \u0431\u0443\u043a\u0435\u0442 \u0432\u0438\u0441\u043a\u0438 &quot;Jack Daniel&#039;s&quot; \u043d\u0435 \u043e\u0441\u0442\u0430\u0432\u0438\u0442 \u0440\u0430\u0432\u043d\u043e\u0434\u0443\u0448\u043d\u044b\u043c \u043d\u0438 \u043e\u0434\u043d\u043e\u0433\u043e \u043c\u0443\u0436\u0447\u0438\u043d\u0443 \u0438\u043b\u0438 \u043f\u0430\u0440\u043d\u044f, \u043f\u043e\u043b\u0443\u0447\u0438\u0432\u0448\u0435\u0433\u043e \u0435\u0433\u043e.\" \/>\n<meta property=\"og:url\" content=\"https:\/\/www.gintaresgeles.lt\/ru\/puokste\/%d0%b1%d1%83%d0%ba%d0%b5%d1%82-%d0%b2%d0%b8%d1%81%d0%ba%d0%b8-jack-daniels\/\" \/>\n<meta property=\"og:site_name\" content=\"gintaresgeles.lt\" \/>\n<meta property=\"article:modified_time\" content=\"2023-06-23T06:53:56+00:00\" \/>\n<meta property=\"og:image\" content=\"https:\/\/www.gintaresgeles.lt\/wp-content\/uploads\/2022\/08\/dovanos-vyrams-viskio-puokste.jpg\" \/>\n\t<meta property=\"og:image:width\" content=\"600\" \/>\n\t<meta property=\"og:image:height\" content=\"600\" \/>\n\t<meta property=\"og:image:type\" content=\"image\/jpeg\" \/>\n<meta name=\"twitter:card\" content=\"summary_large_image\" \/>\n<script type=\"application\/ld+json\" class=\"yoast-schema-graph\">{\"@context\":\"https:\/\/schema.org\",\"@graph\":[{\"@type\":\"WebPage\",\"@id\":\"https:\/\/www.gintaresgeles.lt\/ru\/puokste\/%d0%b1%d1%83%d0%ba%d0%b5%d1%82-%d0%b2%d0%b8%d1%81%d0%ba%d0%b8-jack-daniels\/\",\"url\":\"https:\/\/www.gintaresgeles.lt\/ru\/puokste\/%d0%b1%d1%83%d0%ba%d0%b5%d1%82-%d0%b2%d0%b8%d1%81%d0%ba%d0%b8-jack-daniels\/\",\"name\":\"\u0411\u0443\u043a\u0435\u0442 \u0432\u0438\u0441\u043a\u0438 Jack Daniel's | Gintar\u0117s G\u0117l\u0117s\",\"isPartOf\":{\"@id\":\"https:\/\/www.gintaresgeles.lt\/ru\/#website\"},\"primaryImageOfPage\":{\"@id\":\"https:\/\/www.gintaresgeles.lt\/ru\/puokste\/%d0%b1%d1%83%d0%ba%d0%b5%d1%82-%d0%b2%d0%b8%d1%81%d0%ba%d0%b8-jack-daniels\/#primaryimage\"},\"image\":{\"@id\":\"https:\/\/www.gintaresgeles.lt\/ru\/puokste\/%d0%b1%d1%83%d0%ba%d0%b5%d1%82-%d0%b2%d0%b8%d1%81%d0%ba%d0%b8-jack-daniels\/#primaryimage\"},\"thumbnailUrl\":\"https:\/\/www.gintaresgeles.lt\/wp-content\/uploads\/2022\/08\/dovanos-vyrams-viskio-puokste.jpg\",\"datePublished\":\"2022-08-18T10:13:28+00:00\",\"dateModified\":\"2023-06-23T06:53:56+00:00\",\"description\":\"\u042d\u043a\u0441\u043a\u043b\u044e\u0437\u0438\u0432\u043d\u044b\u0439 \u0438 \u0438\u0441\u043a\u043b\u044e\u0447\u0438\u0442\u0435\u043b\u044c\u043d\u043e \u043c\u0443\u0436\u0441\u043a\u043e\u0439 \u0431\u0443\u043a\u0435\u0442 \u0432\u0438\u0441\u043a\u0438 \\\"Jack Daniel's\\\" \u043d\u0435 \u043e\u0441\u0442\u0430\u0432\u0438\u0442 \u0440\u0430\u0432\u043d\u043e\u0434\u0443\u0448\u043d\u044b\u043c \u043d\u0438 \u043e\u0434\u043d\u043e\u0433\u043e \u043c\u0443\u0436\u0447\u0438\u043d\u0443 \u0438\u043b\u0438 \u043f\u0430\u0440\u043d\u044f, \u043f\u043e\u043b\u0443\u0447\u0438\u0432\u0448\u0435\u0433\u043e \u0435\u0433\u043e.\",\"breadcrumb\":{\"@id\":\"https:\/\/www.gintaresgeles.lt\/ru\/puokste\/%d0%b1%d1%83%d0%ba%d0%b5%d1%82-%d0%b2%d0%b8%d1%81%d0%ba%d0%b8-jack-daniels\/#breadcrumb\"},\"inLanguage\":\"ru-RU\",\"potentialAction\":[{\"@type\":\"ReadAction\",\"target\":[\"https:\/\/www.gintaresgeles.lt\/ru\/puokste\/%d0%b1%d1%83%d0%ba%d0%b5%d1%82-%d0%b2%d0%b8%d1%81%d0%ba%d0%b8-jack-daniels\/\"]}]},{\"@type\":\"ImageObject\",\"inLanguage\":\"ru-RU\",\"@id\":\"https:\/\/www.gintaresgeles.lt\/ru\/puokste\/%d0%b1%d1%83%d0%ba%d0%b5%d1%82-%d0%b2%d0%b8%d1%81%d0%ba%d0%b8-jack-daniels\/#primaryimage\",\"url\":\"https:\/\/www.gintaresgeles.lt\/wp-content\/uploads\/2022\/08\/dovanos-vyrams-viskio-puokste.jpg\",\"contentUrl\":\"https:\/\/www.gintaresgeles.lt\/wp-content\/uploads\/2022\/08\/dovanos-vyrams-viskio-puokste.jpg\",\"width\":600,\"height\":600,\"caption\":\"Jack Daniel's puok\u0161t\u0117 dovana draugui\"},{\"@type\":\"BreadcrumbList\",\"@id\":\"https:\/\/www.gintaresgeles.lt\/ru\/puokste\/%d0%b1%d1%83%d0%ba%d0%b5%d1%82-%d0%b2%d0%b8%d1%81%d0%ba%d0%b8-jack-daniels\/#breadcrumb\",\"itemListElement\":[{\"@type\":\"ListItem\",\"position\":1,\"name\":\"Prad\u017eia\",\"item\":\"https:\/\/www.gintaresgeles.lt\/ru\/\"},{\"@type\":\"ListItem\",\"position\":2,\"name\":\"\u0412\u0441\u0435 \u0446\u0432\u0435\u0442\u044b \u0438 \u0434\u0440\u0443\u0433\u0438\u0435 \u043f\u0440\u043e\u0434\u0443\u043a\u0442\u044b\",\"item\":\"https:\/\/www.gintaresgeles.lt\/ru\/vse-cvety-i-drugie-produkty\/\"},{\"@type\":\"ListItem\",\"position\":3,\"name\":\"\u0411\u0443\u043a\u0435\u0442 \u0432\u0438\u0441\u043a\u0438 Jack Daniel&#8217;s\"}]},{\"@type\":\"WebSite\",\"@id\":\"https:\/\/www.gintaresgeles.lt\/ru\/#website\",\"url\":\"https:\/\/www.gintaresgeles.lt\/ru\/\",\"name\":\"Gintares Geles\",\"description\":\"\u0414\u043e\u0441\u0442\u0430\u0432\u043a\u0430 \u0446\u0432\u0435\u0442\u043e\u0432 \u0432 \u0412\u0438\u043b\u044c\u043d\u044e\u0441\u0435 | \u0412 \u0442\u043e\u0442 \u0436\u0435 \u0434\u0435\u043d\u044c | Gintares geles\",\"potentialAction\":[{\"@type\":\"SearchAction\",\"target\":{\"@type\":\"EntryPoint\",\"urlTemplate\":\"https:\/\/www.gintaresgeles.lt\/ru\/?s={search_term_string}\"},\"query-input\":{\"@type\":\"PropertyValueSpecification\",\"valueRequired\":true,\"valueName\":\"search_term_string\"}}],\"inLanguage\":\"ru-RU\"}]}<\/script>\n<!-- \/ Yoast SEO plugin. -->","yoast_head_json":{"title":"\u0411\u0443\u043a\u0435\u0442 \u0432\u0438\u0441\u043a\u0438 Jack Daniel's | Gintar\u0117s G\u0117l\u0117s","description":"\u042d\u043a\u0441\u043a\u043b\u044e\u0437\u0438\u0432\u043d\u044b\u0439 \u0438 \u0438\u0441\u043a\u043b\u044e\u0447\u0438\u0442\u0435\u043b\u044c\u043d\u043e \u043c\u0443\u0436\u0441\u043a\u043e\u0439 \u0431\u0443\u043a\u0435\u0442 \u0432\u0438\u0441\u043a\u0438 \"Jack Daniel's\" \u043d\u0435 \u043e\u0441\u0442\u0430\u0432\u0438\u0442 \u0440\u0430\u0432\u043d\u043e\u0434\u0443\u0448\u043d\u044b\u043c \u043d\u0438 \u043e\u0434\u043d\u043e\u0433\u043e \u043c\u0443\u0436\u0447\u0438\u043d\u0443 \u0438\u043b\u0438 \u043f\u0430\u0440\u043d\u044f, \u043f\u043e\u043b\u0443\u0447\u0438\u0432\u0448\u0435\u0433\u043e \u0435\u0433\u043e.","robots":{"index":"index","follow":"follow","max-snippet":"max-snippet:-1","max-image-preview":"max-image-preview:large","max-video-preview":"max-video-preview:-1"},"canonical":"https:\/\/www.gintaresgeles.lt\/ru\/puokste\/%d0%b1%d1%83%d0%ba%d0%b5%d1%82-%d0%b2%d0%b8%d1%81%d0%ba%d0%b8-jack-daniels\/","og_locale":"ru_RU","og_type":"article","og_title":"\u0411\u0443\u043a\u0435\u0442 \u0432\u0438\u0441\u043a\u0438 Jack Daniel's | Gintar\u0117s G\u0117l\u0117s","og_description":"\u042d\u043a\u0441\u043a\u043b\u044e\u0437\u0438\u0432\u043d\u044b\u0439 \u0438 \u0438\u0441\u043a\u043b\u044e\u0447\u0438\u0442\u0435\u043b\u044c\u043d\u043e \u043c\u0443\u0436\u0441\u043a\u043e\u0439 \u0431\u0443\u043a\u0435\u0442 \u0432\u0438\u0441\u043a\u0438 \"Jack Daniel's\" \u043d\u0435 \u043e\u0441\u0442\u0430\u0432\u0438\u0442 \u0440\u0430\u0432\u043d\u043e\u0434\u0443\u0448\u043d\u044b\u043c \u043d\u0438 \u043e\u0434\u043d\u043e\u0433\u043e \u043c\u0443\u0436\u0447\u0438\u043d\u0443 \u0438\u043b\u0438 \u043f\u0430\u0440\u043d\u044f, \u043f\u043e\u043b\u0443\u0447\u0438\u0432\u0448\u0435\u0433\u043e \u0435\u0433\u043e.","og_url":"https:\/\/www.gintaresgeles.lt\/ru\/puokste\/%d0%b1%d1%83%d0%ba%d0%b5%d1%82-%d0%b2%d0%b8%d1%81%d0%ba%d0%b8-jack-daniels\/","og_site_name":"gintaresgeles.lt","article_modified_time":"2023-06-23T06:53:56+00:00","og_image":[{"width":600,"height":600,"url":"https:\/\/www.gintaresgeles.lt\/wp-content\/uploads\/2022\/08\/dovanos-vyrams-viskio-puokste.jpg","type":"image\/jpeg"}],"twitter_card":"summary_large_image","schema":{"@context":"https:\/\/schema.org","@graph":[{"@type":"WebPage","@id":"https:\/\/www.gintaresgeles.lt\/ru\/puokste\/%d0%b1%d1%83%d0%ba%d0%b5%d1%82-%d0%b2%d0%b8%d1%81%d0%ba%d0%b8-jack-daniels\/","url":"https:\/\/www.gintaresgeles.lt\/ru\/puokste\/%d0%b1%d1%83%d0%ba%d0%b5%d1%82-%d0%b2%d0%b8%d1%81%d0%ba%d0%b8-jack-daniels\/","name":"\u0411\u0443\u043a\u0435\u0442 \u0432\u0438\u0441\u043a\u0438 Jack Daniel's | Gintar\u0117s G\u0117l\u0117s","isPartOf":{"@id":"https:\/\/www.gintaresgeles.lt\/ru\/#website"},"primaryImageOfPage":{"@id":"https:\/\/www.gintaresgeles.lt\/ru\/puokste\/%d0%b1%d1%83%d0%ba%d0%b5%d1%82-%d0%b2%d0%b8%d1%81%d0%ba%d0%b8-jack-daniels\/#primaryimage"},"image":{"@id":"https:\/\/www.gintaresgeles.lt\/ru\/puokste\/%d0%b1%d1%83%d0%ba%d0%b5%d1%82-%d0%b2%d0%b8%d1%81%d0%ba%d0%b8-jack-daniels\/#primaryimage"},"thumbnailUrl":"https:\/\/www.gintaresgeles.lt\/wp-content\/uploads\/2022\/08\/dovanos-vyrams-viskio-puokste.jpg","datePublished":"2022-08-18T10:13:28+00:00","dateModified":"2023-06-23T06:53:56+00:00","description":"\u042d\u043a\u0441\u043a\u043b\u044e\u0437\u0438\u0432\u043d\u044b\u0439 \u0438 \u0438\u0441\u043a\u043b\u044e\u0447\u0438\u0442\u0435\u043b\u044c\u043d\u043e \u043c\u0443\u0436\u0441\u043a\u043e\u0439 \u0431\u0443\u043a\u0435\u0442 \u0432\u0438\u0441\u043a\u0438 \"Jack Daniel's\" \u043d\u0435 \u043e\u0441\u0442\u0430\u0432\u0438\u0442 \u0440\u0430\u0432\u043d\u043e\u0434\u0443\u0448\u043d\u044b\u043c \u043d\u0438 \u043e\u0434\u043d\u043e\u0433\u043e \u043c\u0443\u0436\u0447\u0438\u043d\u0443 \u0438\u043b\u0438 \u043f\u0430\u0440\u043d\u044f, \u043f\u043e\u043b\u0443\u0447\u0438\u0432\u0448\u0435\u0433\u043e \u0435\u0433\u043e.","breadcrumb":{"@id":"https:\/\/www.gintaresgeles.lt\/ru\/puokste\/%d0%b1%d1%83%d0%ba%d0%b5%d1%82-%d0%b2%d0%b8%d1%81%d0%ba%d0%b8-jack-daniels\/#breadcrumb"},"inLanguage":"ru-RU","potentialAction":[{"@type":"ReadAction","target":["https:\/\/www.gintaresgeles.lt\/ru\/puokste\/%d0%b1%d1%83%d0%ba%d0%b5%d1%82-%d0%b2%d0%b8%d1%81%d0%ba%d0%b8-jack-daniels\/"]}]},{"@type":"ImageObject","inLanguage":"ru-RU","@id":"https:\/\/www.gintaresgeles.lt\/ru\/puokste\/%d0%b1%d1%83%d0%ba%d0%b5%d1%82-%d0%b2%d0%b8%d1%81%d0%ba%d0%b8-jack-daniels\/#primaryimage","url":"https:\/\/www.gintaresgeles.lt\/wp-content\/uploads\/2022\/08\/dovanos-vyrams-viskio-puokste.jpg","contentUrl":"https:\/\/www.gintaresgeles.lt\/wp-content\/uploads\/2022\/08\/dovanos-vyrams-viskio-puokste.jpg","width":600,"height":600,"caption":"Jack Daniel's puok\u0161t\u0117 dovana draugui"},{"@type":"BreadcrumbList","@id":"https:\/\/www.gintaresgeles.lt\/ru\/puokste\/%d0%b1%d1%83%d0%ba%d0%b5%d1%82-%d0%b2%d0%b8%d1%81%d0%ba%d0%b8-jack-daniels\/#breadcrumb","itemListElement":[{"@type":"ListItem","position":1,"name":"Prad\u017eia","item":"https:\/\/www.gintaresgeles.lt\/ru\/"},{"@type":"ListItem","position":2,"name":"\u0412\u0441\u0435 \u0446\u0432\u0435\u0442\u044b \u0438 \u0434\u0440\u0443\u0433\u0438\u0435 \u043f\u0440\u043e\u0434\u0443\u043a\u0442\u044b","item":"https:\/\/www.gintaresgeles.lt\/ru\/vse-cvety-i-drugie-produkty\/"},{"@type":"ListItem","position":3,"name":"\u0411\u0443\u043a\u0435\u0442 \u0432\u0438\u0441\u043a\u0438 Jack Daniel&#8217;s"}]},{"@type":"WebSite","@id":"https:\/\/www.gintaresgeles.lt\/ru\/#website","url":"https:\/\/www.gintaresgeles.lt\/ru\/","name":"Gintares Geles","description":"\u0414\u043e\u0441\u0442\u0430\u0432\u043a\u0430 \u0446\u0432\u0435\u0442\u043e\u0432 \u0432 \u0412\u0438\u043b\u044c\u043d\u044e\u0441\u0435 | \u0412 \u0442\u043e\u0442 \u0436\u0435 \u0434\u0435\u043d\u044c | Gintares geles","potentialAction":[{"@type":"SearchAction","target":{"@type":"EntryPoint","urlTemplate":"https:\/\/www.gintaresgeles.lt\/ru\/?s={search_term_string}"},"query-input":{"@type":"PropertyValueSpecification","valueRequired":true,"valueName":"search_term_string"}}],"inLanguage":"ru-RU"}]}},"_links":{"self":[{"href":"https:\/\/www.gintaresgeles.lt\/ru\/wp-json\/wp\/v2\/product\/44556","targetHints":{"allow":["GET"]}}],"collection":[{"href":"https:\/\/www.gintaresgeles.lt\/ru\/wp-json\/wp\/v2\/product"}],"about":[{"href":"https:\/\/www.gintaresgeles.lt\/ru\/wp-json\/wp\/v2\/types\/product"}],"wp:featuredmedia":[{"embeddable":true,"href":"https:\/\/www.gintaresgeles.lt\/ru\/wp-json\/wp\/v2\/media\/44513"}],"wp:attachment":[{"href":"https:\/\/www.gintaresgeles.lt\/ru\/wp-json\/wp\/v2\/media?parent=44556"}],"wp:term":[{"taxonomy":"product_brand","embeddable":true,"href":"https:\/\/www.gintaresgeles.lt\/ru\/wp-json\/wp\/v2\/product_brand?post=44556"},{"taxonomy":"product_cat","embeddable":true,"href":"https:\/\/www.gintaresgeles.lt\/ru\/wp-json\/wp\/v2\/product_cat?post=44556"},{"taxonomy":"product_tag","embeddable":true,"href":"https:\/\/www.gintaresgeles.lt\/ru\/wp-json\/wp\/v2\/product_tag?post=44556"}],"curies":[{"name":"wp","href":"https:\/\/api.w.org\/{rel}","templated":true}]}}