{"id":44569,"date":"2022-08-10T18:40:01","date_gmt":"2022-08-10T15:40:01","guid":{"rendered":"https:\/\/www.gintaresgeles.lt\/puokste\/%d0%b2%d0%b8%d1%81%d0%ba%d0%b8-ballantines-12yo-40-0-7%d0%bb\/"},"modified":"2023-02-26T20:00:50","modified_gmt":"2023-02-26T18:00:50","slug":"%d0%b2%d0%b8%d1%81%d0%ba%d0%b8-ballantines-12yo-40-0-7%d0%bb","status":"publish","type":"product","link":"https:\/\/www.gintaresgeles.lt\/ru\/puokste\/%d0%b2%d0%b8%d1%81%d0%ba%d0%b8-ballantines-12yo-40-0-7%d0%bb\/","title":{"rendered":"\u0412\u0438\u0441\u043a\u0438 &#171;Ballantine&#8217;s 12YO&#187; 40% 0.7\u043b"},"content":{"rendered":"","protected":false},"excerpt":{"rendered":"<p>\u0412\u0438\u0441\u043a\u0438 &#171;Ballantine&#8217;s 12YO&#187; 40% 0,7\u043b \u043e\u0431\u043b\u0430\u0434\u0430\u0435\u0442 \u0434\u043e\u043b\u0433\u0438\u043c, \u0441\u043b\u0430\u0434\u043a\u0438\u043c \u0438 \u043e\u0441\u0432\u0435\u0436\u0430\u044e\u0449\u0438\u043c \u043f\u043e\u0441\u043b\u0435\u0432\u043a\u0443\u0441\u0438\u0435\u043c. \u042d\u0442\u043e\u0442 \u0430\u043b\u043a\u043e\u0433\u043e\u043b\u044c\u043d\u044b\u0439 \u043d\u0430\u043f\u0438\u0442\u043e\u043a \u043f\u0440\u0435\u043a\u0440\u0430\u0441\u043d\u043e \u043f\u043e\u0434\u043e\u0439\u0434\u0435\u0442 \u0434\u043b\u044f \u043f\u043e\u0434\u0430\u0440\u043a\u0430 \u043c\u0443\u0436\u0447\u0438\u043d\u0430\u043c, \u043a\u043e\u0433\u0434\u0430 \u0445\u043e\u0447\u0435\u0442\u0441\u044f \u043f\u043e\u0434\u0430\u0440\u0438\u0442\u044c \u043d\u0435 \u0442\u043e\u043b\u044c\u043a\u043e \u0431\u0443\u043a\u0435\u0442 \u0446\u0432\u0435\u0442\u043e\u0432, \u043d\u043e \u0438 \u0441\u0438\u043c\u0432\u043e\u043b\u0438\u0447\u0435\u0441\u043a\u0438\u0439 \u043f\u043e\u0434\u0430\u0440\u043e\u043a.<\/p>\n<p>\u041d\u0430\u043f\u0438\u0442\u043e\u043a \u0443\u043f\u0430\u043a\u043e\u0432\u0430\u043d \u0432 \u043a\u0430\u0440\u0442\u043e\u043d\u043d\u0443\u044e \u043a\u043e\u0440\u043e\u0431\u043a\u0443.<\/p>\n","protected":false},"featured_media":44380,"template":"","meta":[],"product_brand":[],"product_cat":[1014,1945],"product_tag":[],"class_list":{"0":"post-44569","1":"product","2":"type-product","3":"status-publish","4":"has-post-thumbnail","6":"product_cat-1014","7":"product_cat-1945","8":"tm-has-options","10":"first","11":"outofstock","12":"taxable","13":"shipping-taxable","14":"purchasable","15":"product-type-simple"},"yoast_head":"<!-- This site is optimized with the Yoast SEO plugin v25.3 - https:\/\/yoast.com\/wordpress\/plugins\/seo\/ -->\n<title>\u0412\u0438\u0441\u043a\u0438 &quot;Ballantine&#039;s 12YO&quot; 40% 0.7\u043b | Gintar\u0117s G\u0117l\u0117s<\/title>\n<meta name=\"description\" content=\"\u0421\u0434\u0435\u043b\u0430\u0439\u0442\u0435 \u0438\u0434\u0435\u0430\u043b\u044c\u043d\u044b\u0439 \u043f\u043e\u0434\u0430\u0440\u043e\u043a \u0441\u0432\u043e\u0435\u043c\u0443 \u0431\u043e\u0441\u0441\u0443 \u0438\u043b\u0438 \u043b\u0443\u0447\u0448\u0435\u043c\u0443 \u0434\u0440\u0443\u0433\u0443 \u0441 \u043a\u043e\u0440\u043e\u0431\u043a\u043e\u0439 \u0446\u0432\u0435\u0442\u043e\u0432 \u043d\u0430 \u0432\u0430\u0448 \u0432\u044b\u0431\u043e\u0440 \u0438 \u0432\u0438\u0441\u043a\u0438 Ballantine&#039;s 12YO.\" \/>\n<meta name=\"robots\" content=\"index, follow, max-snippet:-1, max-image-preview:large, max-video-preview:-1\" \/>\n<link rel=\"canonical\" href=\"https:\/\/www.gintaresgeles.lt\/ru\/puokste\/%d0%b2%d0%b8%d1%81%d0%ba%d0%b8-ballantines-12yo-40-0-7%d0%bb\/\" \/>\n<meta property=\"og:locale\" content=\"ru_RU\" \/>\n<meta property=\"og:type\" content=\"article\" \/>\n<meta property=\"og:title\" content=\"\u0412\u0438\u0441\u043a\u0438 &quot;Ballantine&#039;s 12YO&quot; 40% 0.7\u043b | Gintar\u0117s G\u0117l\u0117s\" \/>\n<meta property=\"og:description\" content=\"\u0421\u0434\u0435\u043b\u0430\u0439\u0442\u0435 \u0438\u0434\u0435\u0430\u043b\u044c\u043d\u044b\u0439 \u043f\u043e\u0434\u0430\u0440\u043e\u043a \u0441\u0432\u043e\u0435\u043c\u0443 \u0431\u043e\u0441\u0441\u0443 \u0438\u043b\u0438 \u043b\u0443\u0447\u0448\u0435\u043c\u0443 \u0434\u0440\u0443\u0433\u0443 \u0441 \u043a\u043e\u0440\u043e\u0431\u043a\u043e\u0439 \u0446\u0432\u0435\u0442\u043e\u0432 \u043d\u0430 \u0432\u0430\u0448 \u0432\u044b\u0431\u043e\u0440 \u0438 \u0432\u0438\u0441\u043a\u0438 Ballantine&#039;s 12YO.\" \/>\n<meta property=\"og:url\" content=\"https:\/\/www.gintaresgeles.lt\/ru\/puokste\/%d0%b2%d0%b8%d1%81%d0%ba%d0%b8-ballantines-12yo-40-0-7%d0%bb\/\" \/>\n<meta property=\"og:site_name\" content=\"gintaresgeles.lt\" \/>\n<meta property=\"article:modified_time\" content=\"2023-02-26T18:00:50+00:00\" \/>\n<meta property=\"og:image\" content=\"https:\/\/www.gintaresgeles.lt\/wp-content\/uploads\/2022\/08\/viskis-ballantines-12yo-dovana-teciui.jpg\" \/>\n\t<meta property=\"og:image:width\" content=\"600\" \/>\n\t<meta property=\"og:image:height\" content=\"600\" \/>\n\t<meta property=\"og:image:type\" content=\"image\/jpeg\" \/>\n<meta name=\"twitter:card\" content=\"summary_large_image\" \/>\n<script type=\"application\/ld+json\" class=\"yoast-schema-graph\">{\"@context\":\"https:\/\/schema.org\",\"@graph\":[{\"@type\":\"WebPage\",\"@id\":\"https:\/\/www.gintaresgeles.lt\/ru\/puokste\/%d0%b2%d0%b8%d1%81%d0%ba%d0%b8-ballantines-12yo-40-0-7%d0%bb\/\",\"url\":\"https:\/\/www.gintaresgeles.lt\/ru\/puokste\/%d0%b2%d0%b8%d1%81%d0%ba%d0%b8-ballantines-12yo-40-0-7%d0%bb\/\",\"name\":\"\u0412\u0438\u0441\u043a\u0438 \\\"Ballantine's 12YO\\\" 40% 0.7\u043b | Gintar\u0117s G\u0117l\u0117s\",\"isPartOf\":{\"@id\":\"https:\/\/www.gintaresgeles.lt\/ru\/#website\"},\"primaryImageOfPage\":{\"@id\":\"https:\/\/www.gintaresgeles.lt\/ru\/puokste\/%d0%b2%d0%b8%d1%81%d0%ba%d0%b8-ballantines-12yo-40-0-7%d0%bb\/#primaryimage\"},\"image\":{\"@id\":\"https:\/\/www.gintaresgeles.lt\/ru\/puokste\/%d0%b2%d0%b8%d1%81%d0%ba%d0%b8-ballantines-12yo-40-0-7%d0%bb\/#primaryimage\"},\"thumbnailUrl\":\"https:\/\/www.gintaresgeles.lt\/wp-content\/uploads\/2022\/08\/viskis-ballantines-12yo-dovana-teciui.jpg\",\"datePublished\":\"2022-08-10T15:40:01+00:00\",\"dateModified\":\"2023-02-26T18:00:50+00:00\",\"description\":\"\u0421\u0434\u0435\u043b\u0430\u0439\u0442\u0435 \u0438\u0434\u0435\u0430\u043b\u044c\u043d\u044b\u0439 \u043f\u043e\u0434\u0430\u0440\u043e\u043a \u0441\u0432\u043e\u0435\u043c\u0443 \u0431\u043e\u0441\u0441\u0443 \u0438\u043b\u0438 \u043b\u0443\u0447\u0448\u0435\u043c\u0443 \u0434\u0440\u0443\u0433\u0443 \u0441 \u043a\u043e\u0440\u043e\u0431\u043a\u043e\u0439 \u0446\u0432\u0435\u0442\u043e\u0432 \u043d\u0430 \u0432\u0430\u0448 \u0432\u044b\u0431\u043e\u0440 \u0438 \u0432\u0438\u0441\u043a\u0438 Ballantine's 12YO.\",\"breadcrumb\":{\"@id\":\"https:\/\/www.gintaresgeles.lt\/ru\/puokste\/%d0%b2%d0%b8%d1%81%d0%ba%d0%b8-ballantines-12yo-40-0-7%d0%bb\/#breadcrumb\"},\"inLanguage\":\"ru-RU\",\"potentialAction\":[{\"@type\":\"ReadAction\",\"target\":[\"https:\/\/www.gintaresgeles.lt\/ru\/puokste\/%d0%b2%d0%b8%d1%81%d0%ba%d0%b8-ballantines-12yo-40-0-7%d0%bb\/\"]}]},{\"@type\":\"ImageObject\",\"inLanguage\":\"ru-RU\",\"@id\":\"https:\/\/www.gintaresgeles.lt\/ru\/puokste\/%d0%b2%d0%b8%d1%81%d0%ba%d0%b8-ballantines-12yo-40-0-7%d0%bb\/#primaryimage\",\"url\":\"https:\/\/www.gintaresgeles.lt\/wp-content\/uploads\/2022\/08\/viskis-ballantines-12yo-dovana-teciui.jpg\",\"contentUrl\":\"https:\/\/www.gintaresgeles.lt\/wp-content\/uploads\/2022\/08\/viskis-ballantines-12yo-dovana-teciui.jpg\",\"width\":600,\"height\":600,\"caption\":\"Dovana bosui viskis Ballantine's\"},{\"@type\":\"BreadcrumbList\",\"@id\":\"https:\/\/www.gintaresgeles.lt\/ru\/puokste\/%d0%b2%d0%b8%d1%81%d0%ba%d0%b8-ballantines-12yo-40-0-7%d0%bb\/#breadcrumb\",\"itemListElement\":[{\"@type\":\"ListItem\",\"position\":1,\"name\":\"Prad\u017eia\",\"item\":\"https:\/\/www.gintaresgeles.lt\/ru\/\"},{\"@type\":\"ListItem\",\"position\":2,\"name\":\"\u0412\u0441\u0435 \u0446\u0432\u0435\u0442\u044b \u0438 \u0434\u0440\u0443\u0433\u0438\u0435 \u043f\u0440\u043e\u0434\u0443\u043a\u0442\u044b\",\"item\":\"https:\/\/www.gintaresgeles.lt\/ru\/vse-cvety-i-drugie-produkty\/\"},{\"@type\":\"ListItem\",\"position\":3,\"name\":\"\u0412\u0438\u0441\u043a\u0438 &#8222;Ballantine&#8217;s 12YO&#8221; 40% 0.7\u043b\"}]},{\"@type\":\"WebSite\",\"@id\":\"https:\/\/www.gintaresgeles.lt\/ru\/#website\",\"url\":\"https:\/\/www.gintaresgeles.lt\/ru\/\",\"name\":\"gintaresgeles.lt\",\"description\":\"G\u0117li\u0173 parduotuv\u0117 internete\",\"potentialAction\":[{\"@type\":\"SearchAction\",\"target\":{\"@type\":\"EntryPoint\",\"urlTemplate\":\"https:\/\/www.gintaresgeles.lt\/ru\/?s={search_term_string}\"},\"query-input\":{\"@type\":\"PropertyValueSpecification\",\"valueRequired\":true,\"valueName\":\"search_term_string\"}}],\"inLanguage\":\"ru-RU\"}]}<\/script>\n<!-- \/ Yoast SEO plugin. -->","yoast_head_json":{"title":"\u0412\u0438\u0441\u043a\u0438 \"Ballantine's 12YO\" 40% 0.7\u043b | Gintar\u0117s G\u0117l\u0117s","description":"\u0421\u0434\u0435\u043b\u0430\u0439\u0442\u0435 \u0438\u0434\u0435\u0430\u043b\u044c\u043d\u044b\u0439 \u043f\u043e\u0434\u0430\u0440\u043e\u043a \u0441\u0432\u043e\u0435\u043c\u0443 \u0431\u043e\u0441\u0441\u0443 \u0438\u043b\u0438 \u043b\u0443\u0447\u0448\u0435\u043c\u0443 \u0434\u0440\u0443\u0433\u0443 \u0441 \u043a\u043e\u0440\u043e\u0431\u043a\u043e\u0439 \u0446\u0432\u0435\u0442\u043e\u0432 \u043d\u0430 \u0432\u0430\u0448 \u0432\u044b\u0431\u043e\u0440 \u0438 \u0432\u0438\u0441\u043a\u0438 Ballantine's 12YO.","robots":{"index":"index","follow":"follow","max-snippet":"max-snippet:-1","max-image-preview":"max-image-preview:large","max-video-preview":"max-video-preview:-1"},"canonical":"https:\/\/www.gintaresgeles.lt\/ru\/puokste\/%d0%b2%d0%b8%d1%81%d0%ba%d0%b8-ballantines-12yo-40-0-7%d0%bb\/","og_locale":"ru_RU","og_type":"article","og_title":"\u0412\u0438\u0441\u043a\u0438 \"Ballantine's 12YO\" 40% 0.7\u043b | Gintar\u0117s G\u0117l\u0117s","og_description":"\u0421\u0434\u0435\u043b\u0430\u0439\u0442\u0435 \u0438\u0434\u0435\u0430\u043b\u044c\u043d\u044b\u0439 \u043f\u043e\u0434\u0430\u0440\u043e\u043a \u0441\u0432\u043e\u0435\u043c\u0443 \u0431\u043e\u0441\u0441\u0443 \u0438\u043b\u0438 \u043b\u0443\u0447\u0448\u0435\u043c\u0443 \u0434\u0440\u0443\u0433\u0443 \u0441 \u043a\u043e\u0440\u043e\u0431\u043a\u043e\u0439 \u0446\u0432\u0435\u0442\u043e\u0432 \u043d\u0430 \u0432\u0430\u0448 \u0432\u044b\u0431\u043e\u0440 \u0438 \u0432\u0438\u0441\u043a\u0438 Ballantine's 12YO.","og_url":"https:\/\/www.gintaresgeles.lt\/ru\/puokste\/%d0%b2%d0%b8%d1%81%d0%ba%d0%b8-ballantines-12yo-40-0-7%d0%bb\/","og_site_name":"gintaresgeles.lt","article_modified_time":"2023-02-26T18:00:50+00:00","og_image":[{"width":600,"height":600,"url":"https:\/\/www.gintaresgeles.lt\/wp-content\/uploads\/2022\/08\/viskis-ballantines-12yo-dovana-teciui.jpg","type":"image\/jpeg"}],"twitter_card":"summary_large_image","schema":{"@context":"https:\/\/schema.org","@graph":[{"@type":"WebPage","@id":"https:\/\/www.gintaresgeles.lt\/ru\/puokste\/%d0%b2%d0%b8%d1%81%d0%ba%d0%b8-ballantines-12yo-40-0-7%d0%bb\/","url":"https:\/\/www.gintaresgeles.lt\/ru\/puokste\/%d0%b2%d0%b8%d1%81%d0%ba%d0%b8-ballantines-12yo-40-0-7%d0%bb\/","name":"\u0412\u0438\u0441\u043a\u0438 \"Ballantine's 12YO\" 40% 0.7\u043b | Gintar\u0117s G\u0117l\u0117s","isPartOf":{"@id":"https:\/\/www.gintaresgeles.lt\/ru\/#website"},"primaryImageOfPage":{"@id":"https:\/\/www.gintaresgeles.lt\/ru\/puokste\/%d0%b2%d0%b8%d1%81%d0%ba%d0%b8-ballantines-12yo-40-0-7%d0%bb\/#primaryimage"},"image":{"@id":"https:\/\/www.gintaresgeles.lt\/ru\/puokste\/%d0%b2%d0%b8%d1%81%d0%ba%d0%b8-ballantines-12yo-40-0-7%d0%bb\/#primaryimage"},"thumbnailUrl":"https:\/\/www.gintaresgeles.lt\/wp-content\/uploads\/2022\/08\/viskis-ballantines-12yo-dovana-teciui.jpg","datePublished":"2022-08-10T15:40:01+00:00","dateModified":"2023-02-26T18:00:50+00:00","description":"\u0421\u0434\u0435\u043b\u0430\u0439\u0442\u0435 \u0438\u0434\u0435\u0430\u043b\u044c\u043d\u044b\u0439 \u043f\u043e\u0434\u0430\u0440\u043e\u043a \u0441\u0432\u043e\u0435\u043c\u0443 \u0431\u043e\u0441\u0441\u0443 \u0438\u043b\u0438 \u043b\u0443\u0447\u0448\u0435\u043c\u0443 \u0434\u0440\u0443\u0433\u0443 \u0441 \u043a\u043e\u0440\u043e\u0431\u043a\u043e\u0439 \u0446\u0432\u0435\u0442\u043e\u0432 \u043d\u0430 \u0432\u0430\u0448 \u0432\u044b\u0431\u043e\u0440 \u0438 \u0432\u0438\u0441\u043a\u0438 Ballantine's 12YO.","breadcrumb":{"@id":"https:\/\/www.gintaresgeles.lt\/ru\/puokste\/%d0%b2%d0%b8%d1%81%d0%ba%d0%b8-ballantines-12yo-40-0-7%d0%bb\/#breadcrumb"},"inLanguage":"ru-RU","potentialAction":[{"@type":"ReadAction","target":["https:\/\/www.gintaresgeles.lt\/ru\/puokste\/%d0%b2%d0%b8%d1%81%d0%ba%d0%b8-ballantines-12yo-40-0-7%d0%bb\/"]}]},{"@type":"ImageObject","inLanguage":"ru-RU","@id":"https:\/\/www.gintaresgeles.lt\/ru\/puokste\/%d0%b2%d0%b8%d1%81%d0%ba%d0%b8-ballantines-12yo-40-0-7%d0%bb\/#primaryimage","url":"https:\/\/www.gintaresgeles.lt\/wp-content\/uploads\/2022\/08\/viskis-ballantines-12yo-dovana-teciui.jpg","contentUrl":"https:\/\/www.gintaresgeles.lt\/wp-content\/uploads\/2022\/08\/viskis-ballantines-12yo-dovana-teciui.jpg","width":600,"height":600,"caption":"Dovana bosui viskis Ballantine's"},{"@type":"BreadcrumbList","@id":"https:\/\/www.gintaresgeles.lt\/ru\/puokste\/%d0%b2%d0%b8%d1%81%d0%ba%d0%b8-ballantines-12yo-40-0-7%d0%bb\/#breadcrumb","itemListElement":[{"@type":"ListItem","position":1,"name":"Prad\u017eia","item":"https:\/\/www.gintaresgeles.lt\/ru\/"},{"@type":"ListItem","position":2,"name":"\u0412\u0441\u0435 \u0446\u0432\u0435\u0442\u044b \u0438 \u0434\u0440\u0443\u0433\u0438\u0435 \u043f\u0440\u043e\u0434\u0443\u043a\u0442\u044b","item":"https:\/\/www.gintaresgeles.lt\/ru\/vse-cvety-i-drugie-produkty\/"},{"@type":"ListItem","position":3,"name":"\u0412\u0438\u0441\u043a\u0438 &#8222;Ballantine&#8217;s 12YO&#8221; 40% 0.7\u043b"}]},{"@type":"WebSite","@id":"https:\/\/www.gintaresgeles.lt\/ru\/#website","url":"https:\/\/www.gintaresgeles.lt\/ru\/","name":"gintaresgeles.lt","description":"G\u0117li\u0173 parduotuv\u0117 internete","potentialAction":[{"@type":"SearchAction","target":{"@type":"EntryPoint","urlTemplate":"https:\/\/www.gintaresgeles.lt\/ru\/?s={search_term_string}"},"query-input":{"@type":"PropertyValueSpecification","valueRequired":true,"valueName":"search_term_string"}}],"inLanguage":"ru-RU"}]}},"_links":{"self":[{"href":"https:\/\/www.gintaresgeles.lt\/ru\/wp-json\/wp\/v2\/product\/44569","targetHints":{"allow":["GET"]}}],"collection":[{"href":"https:\/\/www.gintaresgeles.lt\/ru\/wp-json\/wp\/v2\/product"}],"about":[{"href":"https:\/\/www.gintaresgeles.lt\/ru\/wp-json\/wp\/v2\/types\/product"}],"wp:featuredmedia":[{"embeddable":true,"href":"https:\/\/www.gintaresgeles.lt\/ru\/wp-json\/wp\/v2\/media\/44380"}],"wp:attachment":[{"href":"https:\/\/www.gintaresgeles.lt\/ru\/wp-json\/wp\/v2\/media?parent=44569"}],"wp:term":[{"taxonomy":"product_brand","embeddable":true,"href":"https:\/\/www.gintaresgeles.lt\/ru\/wp-json\/wp\/v2\/product_brand?post=44569"},{"taxonomy":"product_cat","embeddable":true,"href":"https:\/\/www.gintaresgeles.lt\/ru\/wp-json\/wp\/v2\/product_cat?post=44569"},{"taxonomy":"product_tag","embeddable":true,"href":"https:\/\/www.gintaresgeles.lt\/ru\/wp-json\/wp\/v2\/product_tag?post=44569"}],"curies":[{"name":"wp","href":"https:\/\/api.w.org\/{rel}","templated":true}]}}