{"id":44573,"date":"2022-08-04T16:51:32","date_gmt":"2022-08-04T13:51:32","guid":{"rendered":"https:\/\/www.gintaresgeles.lt\/puokste\/%d0%bc%d1%8b%d0%bb%d1%8c%d0%bd%d1%8b%d0%b5-%d1%86%d0%b2%d0%b5%d1%82%d1%8b-%d0%b2-%d0%ba%d0%be%d1%80%d0%be%d0%b1%d0%ba%d0%b5-%d0%ba%d1%80%d0%b5%d0%bc%d0%be%d0%b2%d1%8b%d0%b5-%d0%bf%d0%b8%d0%be%d0%bd\/"},"modified":"2022-08-04T16:51:32","modified_gmt":"2022-08-04T13:51:32","slug":"%d0%bc%d1%8b%d0%bb%d1%8c%d0%bd%d1%8b%d0%b5-%d1%86%d0%b2%d0%b5%d1%82%d1%8b-%d0%b2-%d0%ba%d0%be%d1%80%d0%be%d0%b1%d0%ba%d0%b5-%d0%ba%d1%80%d0%b5%d0%bc%d0%be%d0%b2%d1%8b%d0%b5-%d0%bf%d0%b8%d0%be%d0%bd","status":"publish","type":"product","link":"https:\/\/www.gintaresgeles.lt\/ru\/puokste\/%d0%bc%d1%8b%d0%bb%d1%8c%d0%bd%d1%8b%d0%b5-%d1%86%d0%b2%d0%b5%d1%82%d1%8b-%d0%b2-%d0%ba%d0%be%d1%80%d0%be%d0%b1%d0%ba%d0%b5-%d0%ba%d1%80%d0%b5%d0%bc%d0%be%d0%b2%d1%8b%d0%b5-%d0%bf%d0%b8%d0%be%d0%bd\/","title":{"rendered":"\u041c\u044b\u043b\u044c\u043d\u044b\u0435 \u0446\u0432\u0435\u0442\u044b \u0432 \u043a\u043e\u0440\u043e\u0431\u043a\u0435 &#171;\u041a\u0440\u0435\u043c\u043e\u0432\u044b\u0435 \u043f\u0438\u043e\u043d\u044b&#187;"},"content":{"rendered":"","protected":false},"excerpt":{"rendered":"<p>\u041c\u044b\u043b\u044c\u043d\u044b\u0435 \u0446\u0432\u0435\u0442\u044b \u0432 \u043a\u043e\u0440\u043e\u0431\u043a\u0435 &#171;\u041a\u0440\u0435\u043c\u043e\u0432\u044b\u0435 \u043f\u0438\u043e\u043d\u044b&#187; &#8212; \u043e\u0442\u043b\u0438\u0447\u043d\u044b\u0439 \u0432\u044b\u0431\u043e\u0440 \u043f\u0440\u0438 \u043f\u043e\u0438\u0441\u043a\u0435 \u0447\u0435\u0433\u043e-\u0442\u043e \u0443\u043d\u0438\u043a\u0430\u043b\u044c\u043d\u043e\u0433\u043e. \u042d\u0442\u0438 \u043c\u044b\u043b\u044c\u043d\u044b\u0435 \u0446\u0432\u0435\u0442\u044b \u0432\u044b\u0433\u043b\u044f\u0434\u044f\u0442 \u0440\u0435\u0430\u043b\u0438\u0441\u0442\u0438\u0447\u043d\u043e \u0438 \u043f\u0440\u0438\u044f\u0442\u043d\u043e \u043f\u0430\u0445\u043d\u0443\u0442, \u0430 \u0442\u0430\u043a\u0436\u0435 \u043e\u0442\u043b\u0438\u0447\u043d\u043e \u0441\u043c\u043e\u0442\u0440\u044f\u0442\u0441\u044f \u0432 \u0446\u0432\u0435\u0442\u043e\u0447\u043d\u043e\u0439 \u043a\u043e\u0440\u043e\u0431\u043a\u0435 \u0441 \u043f\u0430\u043f\u0438\u0440\u043e\u0441\u043d\u043e\u0439 \u0431\u0443\u043c\u0430\u0433\u043e\u0439 \u0438 \u0446\u0432\u0435\u0442\u043d\u043e\u0439 \u043b\u0435\u043d\u0442\u043e\u0439.<\/p>\n<p>\u041a\u043e\u0440\u043e\u0431\u043a\u0430 \u0432\u043c\u0435\u0449\u0430\u0435\u0442 9 &#8212; 11 \u0448\u0442. \u043c\u044b\u043b\u044c\u043d\u044b\u0435 \u043f\u0438\u043e\u043d\u044b, \u043a\u043e\u043b\u0438\u0447\u0435\u0441\u0442\u0432\u043e \u0437\u0430\u0432\u0438\u0441\u0438\u0442 \u043e\u0442 \u0440\u0430\u0437\u043c\u0435\u0440\u0430 \u0446\u0432\u0435\u0442\u043a\u043e\u0432.<\/p>\n","protected":false},"featured_media":44287,"template":"","meta":[],"product_brand":[],"product_cat":[975,977,970,971,976,1363,972,967,966,968,973,1847],"product_tag":[],"class_list":{"0":"post-44573","1":"product","2":"type-product","3":"status-publish","4":"has-post-thumbnail","6":"product_cat-14--","7":"product_cat-977","8":"product_cat-970","9":"product_cat-971","10":"product_cat-976","11":"product_cat-cveti-8-marta","12":"product_cat-972","13":"product_cat-967","14":"product_cat-966","15":"product_cat-968","16":"product_cat-973","17":"product_cat-1847","18":"tm-has-options","20":"first","21":"instock","22":"taxable","23":"shipping-taxable","24":"purchasable","25":"product-type-simple"},"yoast_head":"<!-- This site is optimized with the Yoast SEO plugin v25.3 - https:\/\/yoast.com\/wordpress\/plugins\/seo\/ -->\n<title>\u041c\u044b\u043b\u044c\u043d\u044b\u0435 \u0446\u0432\u0435\u0442\u044b \u0432 \u043a\u043e\u0440\u043e\u0431\u043a\u0435 &quot;\u041a\u0440\u0435\u043c\u043e\u0432\u044b\u0435 \u043f\u0438\u043e\u043d\u044b&quot; | Gintar\u0117s G\u0117l\u0117s<\/title>\n<meta name=\"description\" content=\"\u0417\u0430\u043a\u0430\u0436\u0438\u0442\u0435 \u044d\u0442\u0443 \u0438\u0437\u044b\u0441\u043a\u0430\u043d\u043d\u0443\u044e \u043c\u044b\u043b\u044c\u043d\u0443\u044e \u043a\u043e\u0440\u043e\u0431\u043e\u0447\u043a\u0443 &quot;\u041a\u0440\u0435\u043c\u043e\u0432\u044b\u0435 \u043f\u0438\u043e\u043d\u044b&quot; \u0438 \u043f\u043e\u0434\u0430\u0440\u0438\u0442\u0435 \u043d\u0430 \u0441\u0432\u0430\u0434\u044c\u0431\u0443 \u0438\u043b\u0438 \u043a\u0440\u0435\u0441\u0442\u0438\u043d\u044b.\" \/>\n<meta name=\"robots\" content=\"index, follow, max-snippet:-1, max-image-preview:large, max-video-preview:-1\" \/>\n<link rel=\"canonical\" href=\"https:\/\/www.gintaresgeles.lt\/ru\/puokste\/%d0%bc%d1%8b%d0%bb%d1%8c%d0%bd%d1%8b%d0%b5-%d1%86%d0%b2%d0%b5%d1%82%d1%8b-%d0%b2-%d0%ba%d0%be%d1%80%d0%be%d0%b1%d0%ba%d0%b5-%d0%ba%d1%80%d0%b5%d0%bc%d0%be%d0%b2%d1%8b%d0%b5-%d0%bf%d0%b8%d0%be%d0%bd\/\" \/>\n<meta property=\"og:locale\" content=\"ru_RU\" \/>\n<meta property=\"og:type\" content=\"article\" \/>\n<meta property=\"og:title\" content=\"\u041c\u044b\u043b\u044c\u043d\u044b\u0435 \u0446\u0432\u0435\u0442\u044b \u0432 \u043a\u043e\u0440\u043e\u0431\u043a\u0435 &quot;\u041a\u0440\u0435\u043c\u043e\u0432\u044b\u0435 \u043f\u0438\u043e\u043d\u044b&quot; | Gintar\u0117s G\u0117l\u0117s\" \/>\n<meta property=\"og:description\" content=\"\u0417\u0430\u043a\u0430\u0436\u0438\u0442\u0435 \u044d\u0442\u0443 \u0438\u0437\u044b\u0441\u043a\u0430\u043d\u043d\u0443\u044e \u043c\u044b\u043b\u044c\u043d\u0443\u044e \u043a\u043e\u0440\u043e\u0431\u043e\u0447\u043a\u0443 &quot;\u041a\u0440\u0435\u043c\u043e\u0432\u044b\u0435 \u043f\u0438\u043e\u043d\u044b&quot; \u0438 \u043f\u043e\u0434\u0430\u0440\u0438\u0442\u0435 \u043d\u0430 \u0441\u0432\u0430\u0434\u044c\u0431\u0443 \u0438\u043b\u0438 \u043a\u0440\u0435\u0441\u0442\u0438\u043d\u044b.\" \/>\n<meta property=\"og:url\" content=\"https:\/\/www.gintaresgeles.lt\/ru\/puokste\/%d0%bc%d1%8b%d0%bb%d1%8c%d0%bd%d1%8b%d0%b5-%d1%86%d0%b2%d0%b5%d1%82%d1%8b-%d0%b2-%d0%ba%d0%be%d1%80%d0%be%d0%b1%d0%ba%d0%b5-%d0%ba%d1%80%d0%b5%d0%bc%d0%be%d0%b2%d1%8b%d0%b5-%d0%bf%d0%b8%d0%be%d0%bd\/\" \/>\n<meta property=\"og:site_name\" content=\"gintaresgeles.lt\" \/>\n<meta property=\"og:image\" content=\"https:\/\/www.gintaresgeles.lt\/wp-content\/uploads\/2022\/08\/muilo-geliu-dezute-kreminiai-bijunai-geles-merginai.jpg\" \/>\n\t<meta property=\"og:image:width\" content=\"600\" \/>\n\t<meta property=\"og:image:height\" content=\"600\" \/>\n\t<meta property=\"og:image:type\" content=\"image\/jpeg\" \/>\n<meta name=\"twitter:card\" content=\"summary_large_image\" \/>\n<script type=\"application\/ld+json\" class=\"yoast-schema-graph\">{\"@context\":\"https:\/\/schema.org\",\"@graph\":[{\"@type\":\"WebPage\",\"@id\":\"https:\/\/www.gintaresgeles.lt\/ru\/puokste\/%d0%bc%d1%8b%d0%bb%d1%8c%d0%bd%d1%8b%d0%b5-%d1%86%d0%b2%d0%b5%d1%82%d1%8b-%d0%b2-%d0%ba%d0%be%d1%80%d0%be%d0%b1%d0%ba%d0%b5-%d0%ba%d1%80%d0%b5%d0%bc%d0%be%d0%b2%d1%8b%d0%b5-%d0%bf%d0%b8%d0%be%d0%bd\/\",\"url\":\"https:\/\/www.gintaresgeles.lt\/ru\/puokste\/%d0%bc%d1%8b%d0%bb%d1%8c%d0%bd%d1%8b%d0%b5-%d1%86%d0%b2%d0%b5%d1%82%d1%8b-%d0%b2-%d0%ba%d0%be%d1%80%d0%be%d0%b1%d0%ba%d0%b5-%d0%ba%d1%80%d0%b5%d0%bc%d0%be%d0%b2%d1%8b%d0%b5-%d0%bf%d0%b8%d0%be%d0%bd\/\",\"name\":\"\u041c\u044b\u043b\u044c\u043d\u044b\u0435 \u0446\u0432\u0435\u0442\u044b \u0432 \u043a\u043e\u0440\u043e\u0431\u043a\u0435 \\\"\u041a\u0440\u0435\u043c\u043e\u0432\u044b\u0435 \u043f\u0438\u043e\u043d\u044b\\\" | Gintar\u0117s G\u0117l\u0117s\",\"isPartOf\":{\"@id\":\"https:\/\/www.gintaresgeles.lt\/ru\/#website\"},\"primaryImageOfPage\":{\"@id\":\"https:\/\/www.gintaresgeles.lt\/ru\/puokste\/%d0%bc%d1%8b%d0%bb%d1%8c%d0%bd%d1%8b%d0%b5-%d1%86%d0%b2%d0%b5%d1%82%d1%8b-%d0%b2-%d0%ba%d0%be%d1%80%d0%be%d0%b1%d0%ba%d0%b5-%d0%ba%d1%80%d0%b5%d0%bc%d0%be%d0%b2%d1%8b%d0%b5-%d0%bf%d0%b8%d0%be%d0%bd\/#primaryimage\"},\"image\":{\"@id\":\"https:\/\/www.gintaresgeles.lt\/ru\/puokste\/%d0%bc%d1%8b%d0%bb%d1%8c%d0%bd%d1%8b%d0%b5-%d1%86%d0%b2%d0%b5%d1%82%d1%8b-%d0%b2-%d0%ba%d0%be%d1%80%d0%be%d0%b1%d0%ba%d0%b5-%d0%ba%d1%80%d0%b5%d0%bc%d0%be%d0%b2%d1%8b%d0%b5-%d0%bf%d0%b8%d0%be%d0%bd\/#primaryimage\"},\"thumbnailUrl\":\"https:\/\/www.gintaresgeles.lt\/wp-content\/uploads\/2022\/08\/muilo-geliu-dezute-kreminiai-bijunai-geles-merginai.jpg\",\"datePublished\":\"2022-08-04T13:51:32+00:00\",\"description\":\"\u0417\u0430\u043a\u0430\u0436\u0438\u0442\u0435 \u044d\u0442\u0443 \u0438\u0437\u044b\u0441\u043a\u0430\u043d\u043d\u0443\u044e \u043c\u044b\u043b\u044c\u043d\u0443\u044e \u043a\u043e\u0440\u043e\u0431\u043e\u0447\u043a\u0443 \\\"\u041a\u0440\u0435\u043c\u043e\u0432\u044b\u0435 \u043f\u0438\u043e\u043d\u044b\\\" \u0438 \u043f\u043e\u0434\u0430\u0440\u0438\u0442\u0435 \u043d\u0430 \u0441\u0432\u0430\u0434\u044c\u0431\u0443 \u0438\u043b\u0438 \u043a\u0440\u0435\u0441\u0442\u0438\u043d\u044b.\",\"breadcrumb\":{\"@id\":\"https:\/\/www.gintaresgeles.lt\/ru\/puokste\/%d0%bc%d1%8b%d0%bb%d1%8c%d0%bd%d1%8b%d0%b5-%d1%86%d0%b2%d0%b5%d1%82%d1%8b-%d0%b2-%d0%ba%d0%be%d1%80%d0%be%d0%b1%d0%ba%d0%b5-%d0%ba%d1%80%d0%b5%d0%bc%d0%be%d0%b2%d1%8b%d0%b5-%d0%bf%d0%b8%d0%be%d0%bd\/#breadcrumb\"},\"inLanguage\":\"ru-RU\",\"potentialAction\":[{\"@type\":\"ReadAction\",\"target\":[\"https:\/\/www.gintaresgeles.lt\/ru\/puokste\/%d0%bc%d1%8b%d0%bb%d1%8c%d0%bd%d1%8b%d0%b5-%d1%86%d0%b2%d0%b5%d1%82%d1%8b-%d0%b2-%d0%ba%d0%be%d1%80%d0%be%d0%b1%d0%ba%d0%b5-%d0%ba%d1%80%d0%b5%d0%bc%d0%be%d0%b2%d1%8b%d0%b5-%d0%bf%d0%b8%d0%be%d0%bd\/\"]}]},{\"@type\":\"ImageObject\",\"inLanguage\":\"ru-RU\",\"@id\":\"https:\/\/www.gintaresgeles.lt\/ru\/puokste\/%d0%bc%d1%8b%d0%bb%d1%8c%d0%bd%d1%8b%d0%b5-%d1%86%d0%b2%d0%b5%d1%82%d1%8b-%d0%b2-%d0%ba%d0%be%d1%80%d0%be%d0%b1%d0%ba%d0%b5-%d0%ba%d1%80%d0%b5%d0%bc%d0%be%d0%b2%d1%8b%d0%b5-%d0%bf%d0%b8%d0%be%d0%bd\/#primaryimage\",\"url\":\"https:\/\/www.gintaresgeles.lt\/wp-content\/uploads\/2022\/08\/muilo-geliu-dezute-kreminiai-bijunai-geles-merginai.jpg\",\"contentUrl\":\"https:\/\/www.gintaresgeles.lt\/wp-content\/uploads\/2022\/08\/muilo-geliu-dezute-kreminiai-bijunai-geles-merginai.jpg\",\"width\":600,\"height\":600,\"caption\":\"Muilo g\u0117l\u0117s d\u0117\u017eut\u0117je \u201eKreminiai bij\u016bnai\u201c vestuvi\u0173 dovanos\"},{\"@type\":\"BreadcrumbList\",\"@id\":\"https:\/\/www.gintaresgeles.lt\/ru\/puokste\/%d0%bc%d1%8b%d0%bb%d1%8c%d0%bd%d1%8b%d0%b5-%d1%86%d0%b2%d0%b5%d1%82%d1%8b-%d0%b2-%d0%ba%d0%be%d1%80%d0%be%d0%b1%d0%ba%d0%b5-%d0%ba%d1%80%d0%b5%d0%bc%d0%be%d0%b2%d1%8b%d0%b5-%d0%bf%d0%b8%d0%be%d0%bd\/#breadcrumb\",\"itemListElement\":[{\"@type\":\"ListItem\",\"position\":1,\"name\":\"Prad\u017eia\",\"item\":\"https:\/\/www.gintaresgeles.lt\/ru\/\"},{\"@type\":\"ListItem\",\"position\":2,\"name\":\"\u0412\u0441\u0435 \u0446\u0432\u0435\u0442\u044b \u0438 \u0434\u0440\u0443\u0433\u0438\u0435 \u043f\u0440\u043e\u0434\u0443\u043a\u0442\u044b\",\"item\":\"https:\/\/www.gintaresgeles.lt\/ru\/vse-cvety-i-drugie-produkty\/\"},{\"@type\":\"ListItem\",\"position\":3,\"name\":\"\u041c\u044b\u043b\u044c\u043d\u044b\u0435 \u0446\u0432\u0435\u0442\u044b \u0432 \u043a\u043e\u0440\u043e\u0431\u043a\u0435 &#8222;\u041a\u0440\u0435\u043c\u043e\u0432\u044b\u0435 \u043f\u0438\u043e\u043d\u044b&#8221;\"}]},{\"@type\":\"WebSite\",\"@id\":\"https:\/\/www.gintaresgeles.lt\/ru\/#website\",\"url\":\"https:\/\/www.gintaresgeles.lt\/ru\/\",\"name\":\"gintaresgeles.lt\",\"description\":\"G\u0117li\u0173 parduotuv\u0117 internete\",\"potentialAction\":[{\"@type\":\"SearchAction\",\"target\":{\"@type\":\"EntryPoint\",\"urlTemplate\":\"https:\/\/www.gintaresgeles.lt\/ru\/?s={search_term_string}\"},\"query-input\":{\"@type\":\"PropertyValueSpecification\",\"valueRequired\":true,\"valueName\":\"search_term_string\"}}],\"inLanguage\":\"ru-RU\"}]}<\/script>\n<!-- \/ Yoast SEO plugin. -->","yoast_head_json":{"title":"\u041c\u044b\u043b\u044c\u043d\u044b\u0435 \u0446\u0432\u0435\u0442\u044b \u0432 \u043a\u043e\u0440\u043e\u0431\u043a\u0435 \"\u041a\u0440\u0435\u043c\u043e\u0432\u044b\u0435 \u043f\u0438\u043e\u043d\u044b\" | Gintar\u0117s G\u0117l\u0117s","description":"\u0417\u0430\u043a\u0430\u0436\u0438\u0442\u0435 \u044d\u0442\u0443 \u0438\u0437\u044b\u0441\u043a\u0430\u043d\u043d\u0443\u044e \u043c\u044b\u043b\u044c\u043d\u0443\u044e \u043a\u043e\u0440\u043e\u0431\u043e\u0447\u043a\u0443 \"\u041a\u0440\u0435\u043c\u043e\u0432\u044b\u0435 \u043f\u0438\u043e\u043d\u044b\" \u0438 \u043f\u043e\u0434\u0430\u0440\u0438\u0442\u0435 \u043d\u0430 \u0441\u0432\u0430\u0434\u044c\u0431\u0443 \u0438\u043b\u0438 \u043a\u0440\u0435\u0441\u0442\u0438\u043d\u044b.","robots":{"index":"index","follow":"follow","max-snippet":"max-snippet:-1","max-image-preview":"max-image-preview:large","max-video-preview":"max-video-preview:-1"},"canonical":"https:\/\/www.gintaresgeles.lt\/ru\/puokste\/%d0%bc%d1%8b%d0%bb%d1%8c%d0%bd%d1%8b%d0%b5-%d1%86%d0%b2%d0%b5%d1%82%d1%8b-%d0%b2-%d0%ba%d0%be%d1%80%d0%be%d0%b1%d0%ba%d0%b5-%d0%ba%d1%80%d0%b5%d0%bc%d0%be%d0%b2%d1%8b%d0%b5-%d0%bf%d0%b8%d0%be%d0%bd\/","og_locale":"ru_RU","og_type":"article","og_title":"\u041c\u044b\u043b\u044c\u043d\u044b\u0435 \u0446\u0432\u0435\u0442\u044b \u0432 \u043a\u043e\u0440\u043e\u0431\u043a\u0435 \"\u041a\u0440\u0435\u043c\u043e\u0432\u044b\u0435 \u043f\u0438\u043e\u043d\u044b\" | Gintar\u0117s G\u0117l\u0117s","og_description":"\u0417\u0430\u043a\u0430\u0436\u0438\u0442\u0435 \u044d\u0442\u0443 \u0438\u0437\u044b\u0441\u043a\u0430\u043d\u043d\u0443\u044e \u043c\u044b\u043b\u044c\u043d\u0443\u044e \u043a\u043e\u0440\u043e\u0431\u043e\u0447\u043a\u0443 \"\u041a\u0440\u0435\u043c\u043e\u0432\u044b\u0435 \u043f\u0438\u043e\u043d\u044b\" \u0438 \u043f\u043e\u0434\u0430\u0440\u0438\u0442\u0435 \u043d\u0430 \u0441\u0432\u0430\u0434\u044c\u0431\u0443 \u0438\u043b\u0438 \u043a\u0440\u0435\u0441\u0442\u0438\u043d\u044b.","og_url":"https:\/\/www.gintaresgeles.lt\/ru\/puokste\/%d0%bc%d1%8b%d0%bb%d1%8c%d0%bd%d1%8b%d0%b5-%d1%86%d0%b2%d0%b5%d1%82%d1%8b-%d0%b2-%d0%ba%d0%be%d1%80%d0%be%d0%b1%d0%ba%d0%b5-%d0%ba%d1%80%d0%b5%d0%bc%d0%be%d0%b2%d1%8b%d0%b5-%d0%bf%d0%b8%d0%be%d0%bd\/","og_site_name":"gintaresgeles.lt","og_image":[{"width":600,"height":600,"url":"https:\/\/www.gintaresgeles.lt\/wp-content\/uploads\/2022\/08\/muilo-geliu-dezute-kreminiai-bijunai-geles-merginai.jpg","type":"image\/jpeg"}],"twitter_card":"summary_large_image","schema":{"@context":"https:\/\/schema.org","@graph":[{"@type":"WebPage","@id":"https:\/\/www.gintaresgeles.lt\/ru\/puokste\/%d0%bc%d1%8b%d0%bb%d1%8c%d0%bd%d1%8b%d0%b5-%d1%86%d0%b2%d0%b5%d1%82%d1%8b-%d0%b2-%d0%ba%d0%be%d1%80%d0%be%d0%b1%d0%ba%d0%b5-%d0%ba%d1%80%d0%b5%d0%bc%d0%be%d0%b2%d1%8b%d0%b5-%d0%bf%d0%b8%d0%be%d0%bd\/","url":"https:\/\/www.gintaresgeles.lt\/ru\/puokste\/%d0%bc%d1%8b%d0%bb%d1%8c%d0%bd%d1%8b%d0%b5-%d1%86%d0%b2%d0%b5%d1%82%d1%8b-%d0%b2-%d0%ba%d0%be%d1%80%d0%be%d0%b1%d0%ba%d0%b5-%d0%ba%d1%80%d0%b5%d0%bc%d0%be%d0%b2%d1%8b%d0%b5-%d0%bf%d0%b8%d0%be%d0%bd\/","name":"\u041c\u044b\u043b\u044c\u043d\u044b\u0435 \u0446\u0432\u0435\u0442\u044b \u0432 \u043a\u043e\u0440\u043e\u0431\u043a\u0435 \"\u041a\u0440\u0435\u043c\u043e\u0432\u044b\u0435 \u043f\u0438\u043e\u043d\u044b\" | Gintar\u0117s G\u0117l\u0117s","isPartOf":{"@id":"https:\/\/www.gintaresgeles.lt\/ru\/#website"},"primaryImageOfPage":{"@id":"https:\/\/www.gintaresgeles.lt\/ru\/puokste\/%d0%bc%d1%8b%d0%bb%d1%8c%d0%bd%d1%8b%d0%b5-%d1%86%d0%b2%d0%b5%d1%82%d1%8b-%d0%b2-%d0%ba%d0%be%d1%80%d0%be%d0%b1%d0%ba%d0%b5-%d0%ba%d1%80%d0%b5%d0%bc%d0%be%d0%b2%d1%8b%d0%b5-%d0%bf%d0%b8%d0%be%d0%bd\/#primaryimage"},"image":{"@id":"https:\/\/www.gintaresgeles.lt\/ru\/puokste\/%d0%bc%d1%8b%d0%bb%d1%8c%d0%bd%d1%8b%d0%b5-%d1%86%d0%b2%d0%b5%d1%82%d1%8b-%d0%b2-%d0%ba%d0%be%d1%80%d0%be%d0%b1%d0%ba%d0%b5-%d0%ba%d1%80%d0%b5%d0%bc%d0%be%d0%b2%d1%8b%d0%b5-%d0%bf%d0%b8%d0%be%d0%bd\/#primaryimage"},"thumbnailUrl":"https:\/\/www.gintaresgeles.lt\/wp-content\/uploads\/2022\/08\/muilo-geliu-dezute-kreminiai-bijunai-geles-merginai.jpg","datePublished":"2022-08-04T13:51:32+00:00","description":"\u0417\u0430\u043a\u0430\u0436\u0438\u0442\u0435 \u044d\u0442\u0443 \u0438\u0437\u044b\u0441\u043a\u0430\u043d\u043d\u0443\u044e \u043c\u044b\u043b\u044c\u043d\u0443\u044e \u043a\u043e\u0440\u043e\u0431\u043e\u0447\u043a\u0443 \"\u041a\u0440\u0435\u043c\u043e\u0432\u044b\u0435 \u043f\u0438\u043e\u043d\u044b\" \u0438 \u043f\u043e\u0434\u0430\u0440\u0438\u0442\u0435 \u043d\u0430 \u0441\u0432\u0430\u0434\u044c\u0431\u0443 \u0438\u043b\u0438 \u043a\u0440\u0435\u0441\u0442\u0438\u043d\u044b.","breadcrumb":{"@id":"https:\/\/www.gintaresgeles.lt\/ru\/puokste\/%d0%bc%d1%8b%d0%bb%d1%8c%d0%bd%d1%8b%d0%b5-%d1%86%d0%b2%d0%b5%d1%82%d1%8b-%d0%b2-%d0%ba%d0%be%d1%80%d0%be%d0%b1%d0%ba%d0%b5-%d0%ba%d1%80%d0%b5%d0%bc%d0%be%d0%b2%d1%8b%d0%b5-%d0%bf%d0%b8%d0%be%d0%bd\/#breadcrumb"},"inLanguage":"ru-RU","potentialAction":[{"@type":"ReadAction","target":["https:\/\/www.gintaresgeles.lt\/ru\/puokste\/%d0%bc%d1%8b%d0%bb%d1%8c%d0%bd%d1%8b%d0%b5-%d1%86%d0%b2%d0%b5%d1%82%d1%8b-%d0%b2-%d0%ba%d0%be%d1%80%d0%be%d0%b1%d0%ba%d0%b5-%d0%ba%d1%80%d0%b5%d0%bc%d0%be%d0%b2%d1%8b%d0%b5-%d0%bf%d0%b8%d0%be%d0%bd\/"]}]},{"@type":"ImageObject","inLanguage":"ru-RU","@id":"https:\/\/www.gintaresgeles.lt\/ru\/puokste\/%d0%bc%d1%8b%d0%bb%d1%8c%d0%bd%d1%8b%d0%b5-%d1%86%d0%b2%d0%b5%d1%82%d1%8b-%d0%b2-%d0%ba%d0%be%d1%80%d0%be%d0%b1%d0%ba%d0%b5-%d0%ba%d1%80%d0%b5%d0%bc%d0%be%d0%b2%d1%8b%d0%b5-%d0%bf%d0%b8%d0%be%d0%bd\/#primaryimage","url":"https:\/\/www.gintaresgeles.lt\/wp-content\/uploads\/2022\/08\/muilo-geliu-dezute-kreminiai-bijunai-geles-merginai.jpg","contentUrl":"https:\/\/www.gintaresgeles.lt\/wp-content\/uploads\/2022\/08\/muilo-geliu-dezute-kreminiai-bijunai-geles-merginai.jpg","width":600,"height":600,"caption":"Muilo g\u0117l\u0117s d\u0117\u017eut\u0117je \u201eKreminiai bij\u016bnai\u201c vestuvi\u0173 dovanos"},{"@type":"BreadcrumbList","@id":"https:\/\/www.gintaresgeles.lt\/ru\/puokste\/%d0%bc%d1%8b%d0%bb%d1%8c%d0%bd%d1%8b%d0%b5-%d1%86%d0%b2%d0%b5%d1%82%d1%8b-%d0%b2-%d0%ba%d0%be%d1%80%d0%be%d0%b1%d0%ba%d0%b5-%d0%ba%d1%80%d0%b5%d0%bc%d0%be%d0%b2%d1%8b%d0%b5-%d0%bf%d0%b8%d0%be%d0%bd\/#breadcrumb","itemListElement":[{"@type":"ListItem","position":1,"name":"Prad\u017eia","item":"https:\/\/www.gintaresgeles.lt\/ru\/"},{"@type":"ListItem","position":2,"name":"\u0412\u0441\u0435 \u0446\u0432\u0435\u0442\u044b \u0438 \u0434\u0440\u0443\u0433\u0438\u0435 \u043f\u0440\u043e\u0434\u0443\u043a\u0442\u044b","item":"https:\/\/www.gintaresgeles.lt\/ru\/vse-cvety-i-drugie-produkty\/"},{"@type":"ListItem","position":3,"name":"\u041c\u044b\u043b\u044c\u043d\u044b\u0435 \u0446\u0432\u0435\u0442\u044b \u0432 \u043a\u043e\u0440\u043e\u0431\u043a\u0435 &#8222;\u041a\u0440\u0435\u043c\u043e\u0432\u044b\u0435 \u043f\u0438\u043e\u043d\u044b&#8221;"}]},{"@type":"WebSite","@id":"https:\/\/www.gintaresgeles.lt\/ru\/#website","url":"https:\/\/www.gintaresgeles.lt\/ru\/","name":"gintaresgeles.lt","description":"G\u0117li\u0173 parduotuv\u0117 internete","potentialAction":[{"@type":"SearchAction","target":{"@type":"EntryPoint","urlTemplate":"https:\/\/www.gintaresgeles.lt\/ru\/?s={search_term_string}"},"query-input":{"@type":"PropertyValueSpecification","valueRequired":true,"valueName":"search_term_string"}}],"inLanguage":"ru-RU"}]}},"_links":{"self":[{"href":"https:\/\/www.gintaresgeles.lt\/ru\/wp-json\/wp\/v2\/product\/44573","targetHints":{"allow":["GET"]}}],"collection":[{"href":"https:\/\/www.gintaresgeles.lt\/ru\/wp-json\/wp\/v2\/product"}],"about":[{"href":"https:\/\/www.gintaresgeles.lt\/ru\/wp-json\/wp\/v2\/types\/product"}],"wp:featuredmedia":[{"embeddable":true,"href":"https:\/\/www.gintaresgeles.lt\/ru\/wp-json\/wp\/v2\/media\/44287"}],"wp:attachment":[{"href":"https:\/\/www.gintaresgeles.lt\/ru\/wp-json\/wp\/v2\/media?parent=44573"}],"wp:term":[{"taxonomy":"product_brand","embeddable":true,"href":"https:\/\/www.gintaresgeles.lt\/ru\/wp-json\/wp\/v2\/product_brand?post=44573"},{"taxonomy":"product_cat","embeddable":true,"href":"https:\/\/www.gintaresgeles.lt\/ru\/wp-json\/wp\/v2\/product_cat?post=44573"},{"taxonomy":"product_tag","embeddable":true,"href":"https:\/\/www.gintaresgeles.lt\/ru\/wp-json\/wp\/v2\/product_tag?post=44573"}],"curies":[{"name":"wp","href":"https:\/\/api.w.org\/{rel}","templated":true}]}}