{"id":44588,"date":"2022-08-03T15:24:21","date_gmt":"2022-08-03T12:24:21","guid":{"rendered":"https:\/\/www.gintaresgeles.lt\/puokste\/%d0%b1%d1%83%d0%ba%d0%b5%d1%82-%d0%b8%d0%b7-%d1%81%d0%bb%d0%b0%d0%b4%d0%be%d1%81%d1%82%d0%b5%d0%b9-%d1%82%d0%b2%d0%b8%d0%ba%d1%81\/"},"modified":"2022-08-03T15:24:21","modified_gmt":"2022-08-03T12:24:21","slug":"%d0%b1%d1%83%d0%ba%d0%b5%d1%82-%d0%b8%d0%b7-%d1%81%d0%bb%d0%b0%d0%b4%d0%be%d1%81%d1%82%d0%b5%d0%b9-%d1%82%d0%b2%d0%b8%d0%ba%d1%81","status":"publish","type":"product","link":"https:\/\/www.gintaresgeles.lt\/ru\/puokste\/%d0%b1%d1%83%d0%ba%d0%b5%d1%82-%d0%b8%d0%b7-%d1%81%d0%bb%d0%b0%d0%b4%d0%be%d1%81%d1%82%d0%b5%d0%b9-%d1%82%d0%b2%d0%b8%d0%ba%d1%81\/","title":{"rendered":"\u0411\u0443\u043a\u0435\u0442 \u0438\u0437 \u0441\u043b\u0430\u0434\u043e\u0441\u0442\u0435\u0439 \u0422\u0432\u0438\u043a\u0441"},"content":{"rendered":"","protected":false},"excerpt":{"rendered":"<p>\u0423 \u0432\u0430\u0441 \u043d\u0430\u0432\u0435\u0440\u043d\u044f\u043a\u0430 \u0435\u0441\u0442\u044c \u043d\u0435 \u043e\u0434\u0438\u043d \u0434\u0440\u0443\u0433, \u043a\u043e\u0442\u043e\u0440\u044b\u0439 \u043b\u044e\u0431\u0438\u0442 \u0441\u043b\u0430\u0434\u043a\u043e\u0435? \u0422\u0430\u043a \u0447\u0442\u043e \u043f\u043e\u0434\u0430\u0440\u0438\u0442\u0435 \u0435\u0439 \u044d\u0442\u043e\u0442 \u0431\u0443\u043a\u0435\u0442 \u043a\u043e\u043d\u0444\u0435\u0442 Twix, \u0438 \u044d\u0442\u043e \u0431\u0443\u0434\u0435\u0442 \u043e\u0434\u0438\u043d \u0438\u0437 \u043b\u0443\u0447\u0448\u0438\u0445 \u043f\u043e\u0434\u0430\u0440\u043a\u043e\u0432.<\/p>\n<p>\u0411\u0443\u043a\u0435\u0442 \u0441\u043e\u0441\u0442\u043e\u0438\u0442 \u0438\u0437:<\/p>\n<p>16 \u0448\u0442. \u0422\u0432\u0438\u043a\u0441 \u0431\u0430\u0440\u044b.<\/p>\n","protected":false},"featured_media":44213,"template":"","meta":[],"product_brand":[],"product_cat":[975,1000,977,1014,970,971,976,969,1363,972,967,966,968,973,1894,1895],"product_tag":[],"class_list":{"0":"post-44588","1":"product","2":"type-product","3":"status-publish","4":"has-post-thumbnail","6":"product_cat-14--","7":"product_cat-1000","8":"product_cat-977","9":"product_cat-1014","10":"product_cat-970","11":"product_cat-971","12":"product_cat-976","13":"product_cat-969","14":"product_cat-cveti-8-marta","15":"product_cat-972","16":"product_cat-967","17":"product_cat-966","18":"product_cat-968","19":"product_cat-973","20":"product_cat-1894","21":"product_cat-1895","22":"tm-has-options","24":"first","25":"outofstock","26":"taxable","27":"shipping-taxable","28":"purchasable","29":"product-type-simple"},"yoast_head":"<!-- This site is optimized with the Yoast SEO plugin v25.3 - https:\/\/yoast.com\/wordpress\/plugins\/seo\/ -->\n<title>\u0411\u0443\u043a\u0435\u0442 \u0438\u0437 \u0441\u043b\u0430\u0434\u043e\u0441\u0442\u0435\u0439 \u0422\u0432\u0438\u043a\u0441 | Gintar\u0117sG\u0117l\u0117s<\/title>\n<meta name=\"description\" content=\"\u041a\u0443\u043f\u0438\u0442\u0435 \u044d\u0442\u043e\u0442 \u0441\u043b\u0430\u0434\u043a\u0438\u0439 \u0431\u0443\u043a\u0435\u0442 \u0438\u0437 \u043a\u043e\u043d\u0444\u0435\u0442 \u0438 \u043f\u043e\u0434\u0430\u0440\u0438\u0442\u0435 \u043b\u044e\u0431\u0438\u043c\u043e\u0439 \u0434\u0435\u0432\u0443\u0448\u043a\u0435 \u0438\u043b\u0438 \u043c\u0430\u043c\u0435, \u0447\u0442\u043e\u0431\u044b \u0432\u044b\u0440\u0430\u0437\u0438\u0442\u044c \u0441\u0432\u043e\u0438 \u0441\u0430\u043c\u044b\u0435 \u0442\u0435\u043f\u043b\u044b\u0435 \u0447\u0443\u0432\u0441\u0442\u0432\u0430.\" \/>\n<meta name=\"robots\" content=\"index, follow, max-snippet:-1, max-image-preview:large, max-video-preview:-1\" \/>\n<link rel=\"canonical\" href=\"https:\/\/www.gintaresgeles.lt\/ru\/puokste\/%d0%b1%d1%83%d0%ba%d0%b5%d1%82-%d0%b8%d0%b7-%d1%81%d0%bb%d0%b0%d0%b4%d0%be%d1%81%d1%82%d0%b5%d0%b9-%d1%82%d0%b2%d0%b8%d0%ba%d1%81\/\" \/>\n<meta property=\"og:locale\" content=\"ru_RU\" \/>\n<meta property=\"og:type\" content=\"article\" \/>\n<meta property=\"og:title\" content=\"\u0411\u0443\u043a\u0435\u0442 \u0438\u0437 \u0441\u043b\u0430\u0434\u043e\u0441\u0442\u0435\u0439 \u0422\u0432\u0438\u043a\u0441 | Gintar\u0117sG\u0117l\u0117s\" \/>\n<meta property=\"og:description\" content=\"\u041a\u0443\u043f\u0438\u0442\u0435 \u044d\u0442\u043e\u0442 \u0441\u043b\u0430\u0434\u043a\u0438\u0439 \u0431\u0443\u043a\u0435\u0442 \u0438\u0437 \u043a\u043e\u043d\u0444\u0435\u0442 \u0438 \u043f\u043e\u0434\u0430\u0440\u0438\u0442\u0435 \u043b\u044e\u0431\u0438\u043c\u043e\u0439 \u0434\u0435\u0432\u0443\u0448\u043a\u0435 \u0438\u043b\u0438 \u043c\u0430\u043c\u0435, \u0447\u0442\u043e\u0431\u044b \u0432\u044b\u0440\u0430\u0437\u0438\u0442\u044c \u0441\u0432\u043e\u0438 \u0441\u0430\u043c\u044b\u0435 \u0442\u0435\u043f\u043b\u044b\u0435 \u0447\u0443\u0432\u0441\u0442\u0432\u0430.\" \/>\n<meta property=\"og:url\" content=\"https:\/\/www.gintaresgeles.lt\/ru\/puokste\/%d0%b1%d1%83%d0%ba%d0%b5%d1%82-%d0%b8%d0%b7-%d1%81%d0%bb%d0%b0%d0%b4%d0%be%d1%81%d1%82%d0%b5%d0%b9-%d1%82%d0%b2%d0%b8%d0%ba%d1%81\/\" \/>\n<meta property=\"og:site_name\" content=\"gintaresgeles.lt\" \/>\n<meta property=\"og:image\" content=\"https:\/\/www.gintaresgeles.lt\/wp-content\/uploads\/2022\/08\/saldainiu-puokstes-twix-batoneliai-dovanos-draugams.jpg\" \/>\n\t<meta property=\"og:image:width\" content=\"600\" \/>\n\t<meta property=\"og:image:height\" content=\"600\" \/>\n\t<meta property=\"og:image:type\" content=\"image\/jpeg\" \/>\n<meta name=\"twitter:card\" content=\"summary_large_image\" \/>\n<script type=\"application\/ld+json\" class=\"yoast-schema-graph\">{\"@context\":\"https:\/\/schema.org\",\"@graph\":[{\"@type\":\"WebPage\",\"@id\":\"https:\/\/www.gintaresgeles.lt\/ru\/puokste\/%d0%b1%d1%83%d0%ba%d0%b5%d1%82-%d0%b8%d0%b7-%d1%81%d0%bb%d0%b0%d0%b4%d0%be%d1%81%d1%82%d0%b5%d0%b9-%d1%82%d0%b2%d0%b8%d0%ba%d1%81\/\",\"url\":\"https:\/\/www.gintaresgeles.lt\/ru\/puokste\/%d0%b1%d1%83%d0%ba%d0%b5%d1%82-%d0%b8%d0%b7-%d1%81%d0%bb%d0%b0%d0%b4%d0%be%d1%81%d1%82%d0%b5%d0%b9-%d1%82%d0%b2%d0%b8%d0%ba%d1%81\/\",\"name\":\"\u0411\u0443\u043a\u0435\u0442 \u0438\u0437 \u0441\u043b\u0430\u0434\u043e\u0441\u0442\u0435\u0439 \u0422\u0432\u0438\u043a\u0441 | Gintar\u0117sG\u0117l\u0117s\",\"isPartOf\":{\"@id\":\"https:\/\/www.gintaresgeles.lt\/ru\/#website\"},\"primaryImageOfPage\":{\"@id\":\"https:\/\/www.gintaresgeles.lt\/ru\/puokste\/%d0%b1%d1%83%d0%ba%d0%b5%d1%82-%d0%b8%d0%b7-%d1%81%d0%bb%d0%b0%d0%b4%d0%be%d1%81%d1%82%d0%b5%d0%b9-%d1%82%d0%b2%d0%b8%d0%ba%d1%81\/#primaryimage\"},\"image\":{\"@id\":\"https:\/\/www.gintaresgeles.lt\/ru\/puokste\/%d0%b1%d1%83%d0%ba%d0%b5%d1%82-%d0%b8%d0%b7-%d1%81%d0%bb%d0%b0%d0%b4%d0%be%d1%81%d1%82%d0%b5%d0%b9-%d1%82%d0%b2%d0%b8%d0%ba%d1%81\/#primaryimage\"},\"thumbnailUrl\":\"https:\/\/www.gintaresgeles.lt\/wp-content\/uploads\/2022\/08\/saldainiu-puokstes-twix-batoneliai-dovanos-draugams.jpg\",\"datePublished\":\"2022-08-03T12:24:21+00:00\",\"description\":\"\u041a\u0443\u043f\u0438\u0442\u0435 \u044d\u0442\u043e\u0442 \u0441\u043b\u0430\u0434\u043a\u0438\u0439 \u0431\u0443\u043a\u0435\u0442 \u0438\u0437 \u043a\u043e\u043d\u0444\u0435\u0442 \u0438 \u043f\u043e\u0434\u0430\u0440\u0438\u0442\u0435 \u043b\u044e\u0431\u0438\u043c\u043e\u0439 \u0434\u0435\u0432\u0443\u0448\u043a\u0435 \u0438\u043b\u0438 \u043c\u0430\u043c\u0435, \u0447\u0442\u043e\u0431\u044b \u0432\u044b\u0440\u0430\u0437\u0438\u0442\u044c \u0441\u0432\u043e\u0438 \u0441\u0430\u043c\u044b\u0435 \u0442\u0435\u043f\u043b\u044b\u0435 \u0447\u0443\u0432\u0441\u0442\u0432\u0430.\",\"breadcrumb\":{\"@id\":\"https:\/\/www.gintaresgeles.lt\/ru\/puokste\/%d0%b1%d1%83%d0%ba%d0%b5%d1%82-%d0%b8%d0%b7-%d1%81%d0%bb%d0%b0%d0%b4%d0%be%d1%81%d1%82%d0%b5%d0%b9-%d1%82%d0%b2%d0%b8%d0%ba%d1%81\/#breadcrumb\"},\"inLanguage\":\"ru-RU\",\"potentialAction\":[{\"@type\":\"ReadAction\",\"target\":[\"https:\/\/www.gintaresgeles.lt\/ru\/puokste\/%d0%b1%d1%83%d0%ba%d0%b5%d1%82-%d0%b8%d0%b7-%d1%81%d0%bb%d0%b0%d0%b4%d0%be%d1%81%d1%82%d0%b5%d0%b9-%d1%82%d0%b2%d0%b8%d0%ba%d1%81\/\"]}]},{\"@type\":\"ImageObject\",\"inLanguage\":\"ru-RU\",\"@id\":\"https:\/\/www.gintaresgeles.lt\/ru\/puokste\/%d0%b1%d1%83%d0%ba%d0%b5%d1%82-%d0%b8%d0%b7-%d1%81%d0%bb%d0%b0%d0%b4%d0%be%d1%81%d1%82%d0%b5%d0%b9-%d1%82%d0%b2%d0%b8%d0%ba%d1%81\/#primaryimage\",\"url\":\"https:\/\/www.gintaresgeles.lt\/wp-content\/uploads\/2022\/08\/saldainiu-puokstes-twix-batoneliai-dovanos-draugams.jpg\",\"contentUrl\":\"https:\/\/www.gintaresgeles.lt\/wp-content\/uploads\/2022\/08\/saldainiu-puokstes-twix-batoneliai-dovanos-draugams.jpg\",\"width\":600,\"height\":600,\"caption\":\"Valgomos \u0161okoladini\u0173 saldaini\u0173 \u201eTwix\u201c\"},{\"@type\":\"BreadcrumbList\",\"@id\":\"https:\/\/www.gintaresgeles.lt\/ru\/puokste\/%d0%b1%d1%83%d0%ba%d0%b5%d1%82-%d0%b8%d0%b7-%d1%81%d0%bb%d0%b0%d0%b4%d0%be%d1%81%d1%82%d0%b5%d0%b9-%d1%82%d0%b2%d0%b8%d0%ba%d1%81\/#breadcrumb\",\"itemListElement\":[{\"@type\":\"ListItem\",\"position\":1,\"name\":\"Prad\u017eia\",\"item\":\"https:\/\/www.gintaresgeles.lt\/ru\/\"},{\"@type\":\"ListItem\",\"position\":2,\"name\":\"\u0412\u0441\u0435 \u0446\u0432\u0435\u0442\u044b \u0438 \u0434\u0440\u0443\u0433\u0438\u0435 \u043f\u0440\u043e\u0434\u0443\u043a\u0442\u044b\",\"item\":\"https:\/\/www.gintaresgeles.lt\/ru\/vse-cvety-i-drugie-produkty\/\"},{\"@type\":\"ListItem\",\"position\":3,\"name\":\"\u0411\u0443\u043a\u0435\u0442 \u0438\u0437 \u0441\u043b\u0430\u0434\u043e\u0441\u0442\u0435\u0439 \u0422\u0432\u0438\u043a\u0441\"}]},{\"@type\":\"WebSite\",\"@id\":\"https:\/\/www.gintaresgeles.lt\/ru\/#website\",\"url\":\"https:\/\/www.gintaresgeles.lt\/ru\/\",\"name\":\"gintaresgeles.lt\",\"description\":\"G\u0117li\u0173 parduotuv\u0117 internete\",\"potentialAction\":[{\"@type\":\"SearchAction\",\"target\":{\"@type\":\"EntryPoint\",\"urlTemplate\":\"https:\/\/www.gintaresgeles.lt\/ru\/?s={search_term_string}\"},\"query-input\":{\"@type\":\"PropertyValueSpecification\",\"valueRequired\":true,\"valueName\":\"search_term_string\"}}],\"inLanguage\":\"ru-RU\"}]}<\/script>\n<!-- \/ Yoast SEO plugin. -->","yoast_head_json":{"title":"\u0411\u0443\u043a\u0435\u0442 \u0438\u0437 \u0441\u043b\u0430\u0434\u043e\u0441\u0442\u0435\u0439 \u0422\u0432\u0438\u043a\u0441 | Gintar\u0117sG\u0117l\u0117s","description":"\u041a\u0443\u043f\u0438\u0442\u0435 \u044d\u0442\u043e\u0442 \u0441\u043b\u0430\u0434\u043a\u0438\u0439 \u0431\u0443\u043a\u0435\u0442 \u0438\u0437 \u043a\u043e\u043d\u0444\u0435\u0442 \u0438 \u043f\u043e\u0434\u0430\u0440\u0438\u0442\u0435 \u043b\u044e\u0431\u0438\u043c\u043e\u0439 \u0434\u0435\u0432\u0443\u0448\u043a\u0435 \u0438\u043b\u0438 \u043c\u0430\u043c\u0435, \u0447\u0442\u043e\u0431\u044b \u0432\u044b\u0440\u0430\u0437\u0438\u0442\u044c \u0441\u0432\u043e\u0438 \u0441\u0430\u043c\u044b\u0435 \u0442\u0435\u043f\u043b\u044b\u0435 \u0447\u0443\u0432\u0441\u0442\u0432\u0430.","robots":{"index":"index","follow":"follow","max-snippet":"max-snippet:-1","max-image-preview":"max-image-preview:large","max-video-preview":"max-video-preview:-1"},"canonical":"https:\/\/www.gintaresgeles.lt\/ru\/puokste\/%d0%b1%d1%83%d0%ba%d0%b5%d1%82-%d0%b8%d0%b7-%d1%81%d0%bb%d0%b0%d0%b4%d0%be%d1%81%d1%82%d0%b5%d0%b9-%d1%82%d0%b2%d0%b8%d0%ba%d1%81\/","og_locale":"ru_RU","og_type":"article","og_title":"\u0411\u0443\u043a\u0435\u0442 \u0438\u0437 \u0441\u043b\u0430\u0434\u043e\u0441\u0442\u0435\u0439 \u0422\u0432\u0438\u043a\u0441 | Gintar\u0117sG\u0117l\u0117s","og_description":"\u041a\u0443\u043f\u0438\u0442\u0435 \u044d\u0442\u043e\u0442 \u0441\u043b\u0430\u0434\u043a\u0438\u0439 \u0431\u0443\u043a\u0435\u0442 \u0438\u0437 \u043a\u043e\u043d\u0444\u0435\u0442 \u0438 \u043f\u043e\u0434\u0430\u0440\u0438\u0442\u0435 \u043b\u044e\u0431\u0438\u043c\u043e\u0439 \u0434\u0435\u0432\u0443\u0448\u043a\u0435 \u0438\u043b\u0438 \u043c\u0430\u043c\u0435, \u0447\u0442\u043e\u0431\u044b \u0432\u044b\u0440\u0430\u0437\u0438\u0442\u044c \u0441\u0432\u043e\u0438 \u0441\u0430\u043c\u044b\u0435 \u0442\u0435\u043f\u043b\u044b\u0435 \u0447\u0443\u0432\u0441\u0442\u0432\u0430.","og_url":"https:\/\/www.gintaresgeles.lt\/ru\/puokste\/%d0%b1%d1%83%d0%ba%d0%b5%d1%82-%d0%b8%d0%b7-%d1%81%d0%bb%d0%b0%d0%b4%d0%be%d1%81%d1%82%d0%b5%d0%b9-%d1%82%d0%b2%d0%b8%d0%ba%d1%81\/","og_site_name":"gintaresgeles.lt","og_image":[{"width":600,"height":600,"url":"https:\/\/www.gintaresgeles.lt\/wp-content\/uploads\/2022\/08\/saldainiu-puokstes-twix-batoneliai-dovanos-draugams.jpg","type":"image\/jpeg"}],"twitter_card":"summary_large_image","schema":{"@context":"https:\/\/schema.org","@graph":[{"@type":"WebPage","@id":"https:\/\/www.gintaresgeles.lt\/ru\/puokste\/%d0%b1%d1%83%d0%ba%d0%b5%d1%82-%d0%b8%d0%b7-%d1%81%d0%bb%d0%b0%d0%b4%d0%be%d1%81%d1%82%d0%b5%d0%b9-%d1%82%d0%b2%d0%b8%d0%ba%d1%81\/","url":"https:\/\/www.gintaresgeles.lt\/ru\/puokste\/%d0%b1%d1%83%d0%ba%d0%b5%d1%82-%d0%b8%d0%b7-%d1%81%d0%bb%d0%b0%d0%b4%d0%be%d1%81%d1%82%d0%b5%d0%b9-%d1%82%d0%b2%d0%b8%d0%ba%d1%81\/","name":"\u0411\u0443\u043a\u0435\u0442 \u0438\u0437 \u0441\u043b\u0430\u0434\u043e\u0441\u0442\u0435\u0439 \u0422\u0432\u0438\u043a\u0441 | Gintar\u0117sG\u0117l\u0117s","isPartOf":{"@id":"https:\/\/www.gintaresgeles.lt\/ru\/#website"},"primaryImageOfPage":{"@id":"https:\/\/www.gintaresgeles.lt\/ru\/puokste\/%d0%b1%d1%83%d0%ba%d0%b5%d1%82-%d0%b8%d0%b7-%d1%81%d0%bb%d0%b0%d0%b4%d0%be%d1%81%d1%82%d0%b5%d0%b9-%d1%82%d0%b2%d0%b8%d0%ba%d1%81\/#primaryimage"},"image":{"@id":"https:\/\/www.gintaresgeles.lt\/ru\/puokste\/%d0%b1%d1%83%d0%ba%d0%b5%d1%82-%d0%b8%d0%b7-%d1%81%d0%bb%d0%b0%d0%b4%d0%be%d1%81%d1%82%d0%b5%d0%b9-%d1%82%d0%b2%d0%b8%d0%ba%d1%81\/#primaryimage"},"thumbnailUrl":"https:\/\/www.gintaresgeles.lt\/wp-content\/uploads\/2022\/08\/saldainiu-puokstes-twix-batoneliai-dovanos-draugams.jpg","datePublished":"2022-08-03T12:24:21+00:00","description":"\u041a\u0443\u043f\u0438\u0442\u0435 \u044d\u0442\u043e\u0442 \u0441\u043b\u0430\u0434\u043a\u0438\u0439 \u0431\u0443\u043a\u0435\u0442 \u0438\u0437 \u043a\u043e\u043d\u0444\u0435\u0442 \u0438 \u043f\u043e\u0434\u0430\u0440\u0438\u0442\u0435 \u043b\u044e\u0431\u0438\u043c\u043e\u0439 \u0434\u0435\u0432\u0443\u0448\u043a\u0435 \u0438\u043b\u0438 \u043c\u0430\u043c\u0435, \u0447\u0442\u043e\u0431\u044b \u0432\u044b\u0440\u0430\u0437\u0438\u0442\u044c \u0441\u0432\u043e\u0438 \u0441\u0430\u043c\u044b\u0435 \u0442\u0435\u043f\u043b\u044b\u0435 \u0447\u0443\u0432\u0441\u0442\u0432\u0430.","breadcrumb":{"@id":"https:\/\/www.gintaresgeles.lt\/ru\/puokste\/%d0%b1%d1%83%d0%ba%d0%b5%d1%82-%d0%b8%d0%b7-%d1%81%d0%bb%d0%b0%d0%b4%d0%be%d1%81%d1%82%d0%b5%d0%b9-%d1%82%d0%b2%d0%b8%d0%ba%d1%81\/#breadcrumb"},"inLanguage":"ru-RU","potentialAction":[{"@type":"ReadAction","target":["https:\/\/www.gintaresgeles.lt\/ru\/puokste\/%d0%b1%d1%83%d0%ba%d0%b5%d1%82-%d0%b8%d0%b7-%d1%81%d0%bb%d0%b0%d0%b4%d0%be%d1%81%d1%82%d0%b5%d0%b9-%d1%82%d0%b2%d0%b8%d0%ba%d1%81\/"]}]},{"@type":"ImageObject","inLanguage":"ru-RU","@id":"https:\/\/www.gintaresgeles.lt\/ru\/puokste\/%d0%b1%d1%83%d0%ba%d0%b5%d1%82-%d0%b8%d0%b7-%d1%81%d0%bb%d0%b0%d0%b4%d0%be%d1%81%d1%82%d0%b5%d0%b9-%d1%82%d0%b2%d0%b8%d0%ba%d1%81\/#primaryimage","url":"https:\/\/www.gintaresgeles.lt\/wp-content\/uploads\/2022\/08\/saldainiu-puokstes-twix-batoneliai-dovanos-draugams.jpg","contentUrl":"https:\/\/www.gintaresgeles.lt\/wp-content\/uploads\/2022\/08\/saldainiu-puokstes-twix-batoneliai-dovanos-draugams.jpg","width":600,"height":600,"caption":"Valgomos \u0161okoladini\u0173 saldaini\u0173 \u201eTwix\u201c"},{"@type":"BreadcrumbList","@id":"https:\/\/www.gintaresgeles.lt\/ru\/puokste\/%d0%b1%d1%83%d0%ba%d0%b5%d1%82-%d0%b8%d0%b7-%d1%81%d0%bb%d0%b0%d0%b4%d0%be%d1%81%d1%82%d0%b5%d0%b9-%d1%82%d0%b2%d0%b8%d0%ba%d1%81\/#breadcrumb","itemListElement":[{"@type":"ListItem","position":1,"name":"Prad\u017eia","item":"https:\/\/www.gintaresgeles.lt\/ru\/"},{"@type":"ListItem","position":2,"name":"\u0412\u0441\u0435 \u0446\u0432\u0435\u0442\u044b \u0438 \u0434\u0440\u0443\u0433\u0438\u0435 \u043f\u0440\u043e\u0434\u0443\u043a\u0442\u044b","item":"https:\/\/www.gintaresgeles.lt\/ru\/vse-cvety-i-drugie-produkty\/"},{"@type":"ListItem","position":3,"name":"\u0411\u0443\u043a\u0435\u0442 \u0438\u0437 \u0441\u043b\u0430\u0434\u043e\u0441\u0442\u0435\u0439 \u0422\u0432\u0438\u043a\u0441"}]},{"@type":"WebSite","@id":"https:\/\/www.gintaresgeles.lt\/ru\/#website","url":"https:\/\/www.gintaresgeles.lt\/ru\/","name":"gintaresgeles.lt","description":"G\u0117li\u0173 parduotuv\u0117 internete","potentialAction":[{"@type":"SearchAction","target":{"@type":"EntryPoint","urlTemplate":"https:\/\/www.gintaresgeles.lt\/ru\/?s={search_term_string}"},"query-input":{"@type":"PropertyValueSpecification","valueRequired":true,"valueName":"search_term_string"}}],"inLanguage":"ru-RU"}]}},"_links":{"self":[{"href":"https:\/\/www.gintaresgeles.lt\/ru\/wp-json\/wp\/v2\/product\/44588","targetHints":{"allow":["GET"]}}],"collection":[{"href":"https:\/\/www.gintaresgeles.lt\/ru\/wp-json\/wp\/v2\/product"}],"about":[{"href":"https:\/\/www.gintaresgeles.lt\/ru\/wp-json\/wp\/v2\/types\/product"}],"wp:featuredmedia":[{"embeddable":true,"href":"https:\/\/www.gintaresgeles.lt\/ru\/wp-json\/wp\/v2\/media\/44213"}],"wp:attachment":[{"href":"https:\/\/www.gintaresgeles.lt\/ru\/wp-json\/wp\/v2\/media?parent=44588"}],"wp:term":[{"taxonomy":"product_brand","embeddable":true,"href":"https:\/\/www.gintaresgeles.lt\/ru\/wp-json\/wp\/v2\/product_brand?post=44588"},{"taxonomy":"product_cat","embeddable":true,"href":"https:\/\/www.gintaresgeles.lt\/ru\/wp-json\/wp\/v2\/product_cat?post=44588"},{"taxonomy":"product_tag","embeddable":true,"href":"https:\/\/www.gintaresgeles.lt\/ru\/wp-json\/wp\/v2\/product_tag?post=44588"}],"curies":[{"name":"wp","href":"https:\/\/api.w.org\/{rel}","templated":true}]}}