{"id":46006,"date":"2022-12-08T20:00:14","date_gmt":"2022-12-08T17:00:14","guid":{"rendered":"https:\/\/www.gintaresgeles.lt\/puokste\/%d0%b1%d1%83%d0%ba%d0%b5%d1%82-%d1%85%d0%bb%d0%be%d0%bf%d0%ba%d0%be%d0%b2%d1%8b%d1%85-%d1%86%d0%b2%d0%b5%d1%82%d0%be%d0%b2\/"},"modified":"2022-12-08T20:00:14","modified_gmt":"2022-12-08T17:00:14","slug":"%d0%b1%d1%83%d0%ba%d0%b5%d1%82-%d1%85%d0%bb%d0%be%d0%bf%d0%ba%d0%be%d0%b2%d1%8b%d1%85-%d1%86%d0%b2%d0%b5%d1%82%d0%be%d0%b2","status":"publish","type":"product","link":"https:\/\/www.gintaresgeles.lt\/ru\/puokste\/%d0%b1%d1%83%d0%ba%d0%b5%d1%82-%d1%85%d0%bb%d0%be%d0%bf%d0%ba%d0%be%d0%b2%d1%8b%d1%85-%d1%86%d0%b2%d0%b5%d1%82%d0%be%d0%b2\/","title":{"rendered":"\u0411\u0443\u043a\u0435\u0442 \u0445\u043b\u043e\u043f\u043a\u043e\u0432\u044b\u0445 \u0446\u0432\u0435\u0442\u043e\u0432"},"content":{"rendered":"","protected":false},"excerpt":{"rendered":"<p>\u0411\u0443\u043a\u0435\u0442 \u0445\u043b\u043e\u043f\u043a\u043e\u0432\u044b\u0445 \u0446\u0432\u0435\u0442\u043e\u0432 \u2013 \u044d\u043a\u0441\u043a\u043b\u044e\u0437\u0438\u0432\u043d\u0430\u044f \u0430\u043b\u044c\u0442\u0435\u0440\u043d\u0430\u0442\u0438\u0432\u0430 \u0431\u0443\u043a\u0435\u0442\u0443 \u0446\u0432\u0435\u0442\u043e\u0432. \u041e\u043d \u043e\u0441\u043e\u0431\u0435\u043d\u043d\u043e \u043f\u043e\u0434\u0445\u043e\u0434\u0438\u0442 \u0434\u043b\u044f \u0431\u043e\u043b\u0435\u0435 \u0445\u043e\u043b\u043e\u0434\u043d\u043e\u0439 \u043f\u043e\u0433\u043e\u0434\u044b, \u0442\u0430\u043a \u043a\u0430\u043a \u0446\u0432\u0435\u0442\u044b \u0445\u043b\u043e\u043f\u043a\u0430 \u043c\u043e\u0436\u043d\u043e \u043f\u0440\u0438\u0440\u0430\u0432\u043d\u044f\u0442\u044c \u043a \u043f\u0443\u0448\u0438\u0441\u0442\u043e\u043c\u0443 \u0441\u043d\u0435\u0433\u0443.<br \/>\n\u0421\u043c\u0435\u043b\u043e \u0434\u0430\u0440\u0438\u0442\u0435 \u044d\u0442\u043e\u0442 \u0431\u0443\u043a\u0435\u0442 \u043a\u0430\u043a \u0436\u0435\u043d\u0449\u0438\u043d\u0430\u043c, \u0442\u0430\u043a \u0438 \u043c\u0443\u0436\u0447\u0438\u043d\u0430\u043c. \u041e\u043d \u043f\u043e\u0434\u043e\u0439\u0434\u0435\u0442 \u043d\u0430 \u0434\u043d\u0438 \u0440\u043e\u0436\u0434\u0435\u043d\u0438\u044f, \u044e\u0431\u0438\u043b\u0435\u0438 \u0438\u043b\u0438 \u0433\u043e\u0434\u043e\u0432\u0449\u0438\u043d\u044b \u0438\u043b\u0438 \u043f\u0440\u043e\u0441\u0442\u043e, \u0447\u0442\u043e\u0431\u044b \u0441\u043a\u0440\u0430\u0441\u0438\u0442\u044c \u0434\u0435\u043d\u044c \u0431\u043b\u0438\u0437\u043a\u0438\u0445.<\/p>\n","protected":false},"featured_media":45779,"template":"","meta":[],"product_brand":[],"product_cat":[1000,977,2230,970,971,976,969,1363,972,965,967,966,968,999,1902],"product_tag":[],"class_list":{"0":"post-46006","1":"product","2":"type-product","3":"status-publish","4":"has-post-thumbnail","6":"product_cat-1000","7":"product_cat-977","8":"product_cat-p-","9":"product_cat-970","10":"product_cat-971","11":"product_cat-976","12":"product_cat-969","13":"product_cat-cveti-8-marta","14":"product_cat-972","15":"product_cat-965","16":"product_cat-967","17":"product_cat-966","18":"product_cat-968","19":"product_cat-999","20":"product_cat-1902","21":"tm-has-options","23":"first","24":"onbackorder","25":"taxable","26":"shipping-taxable","27":"purchasable","28":"product-type-variable","29":"has-default-attributes"},"yoast_head":"<!-- This site is optimized with the Yoast SEO plugin v25.3 - https:\/\/yoast.com\/wordpress\/plugins\/seo\/ -->\n<title>\u0411\u0443\u043a\u0435\u0442 \u0445\u043b\u043e\u043f\u043a\u043e\u0432\u044b\u0445 \u0446\u0432\u0435\u0442\u043e\u0432<\/title>\n<meta name=\"description\" content=\"\u041a\u043e\u0433\u0434\u0430 \u0445\u043e\u0447\u0435\u0442\u0441\u044f \u0447\u0435\u0433\u043e-\u0442\u043e \u0443\u043d\u0438\u043a\u0430\u043b\u044c\u043d\u043e\u0433\u043e \u0438 \u0441\u043e\u0432\u0435\u0440\u0448\u0435\u043d\u043d\u043e \u043e\u0442\u043b\u0438\u0447\u043d\u043e\u0433\u043e \u043e\u0442 \u0442\u0440\u0430\u0434\u0438\u0446\u0438\u043e\u043d\u043d\u043e\u0433\u043e \u0431\u0443\u043a\u0435\u0442\u0430 \u0446\u0432\u0435\u0442\u043e\u0432, \u043a\u043e\u0442\u043e\u0440\u044b\u0439 \u043d\u0435 \u043e\u0441\u0442\u0430\u0432\u0438\u0442 \u0440\u0430\u0432\u043d\u043e\u0434\u0443\u0448\u043d\u044b\u043c \u043d\u0438 \u043e\u0434\u043d\u043e\u0433\u043e \u043f\u043e\u043b\u0443\u0447\u0430\u0442\u0435\u043b\u044f...\" \/>\n<meta name=\"robots\" content=\"index, follow, max-snippet:-1, max-image-preview:large, max-video-preview:-1\" \/>\n<link rel=\"canonical\" href=\"https:\/\/www.gintaresgeles.lt\/ru\/puokste\/%d0%b1%d1%83%d0%ba%d0%b5%d1%82-%d1%85%d0%bb%d0%be%d0%bf%d0%ba%d0%be%d0%b2%d1%8b%d1%85-%d1%86%d0%b2%d0%b5%d1%82%d0%be%d0%b2\/\" \/>\n<meta property=\"og:locale\" content=\"ru_RU\" \/>\n<meta property=\"og:type\" content=\"article\" \/>\n<meta property=\"og:title\" content=\"\u0411\u0443\u043a\u0435\u0442 \u0445\u043b\u043e\u043f\u043a\u043e\u0432\u044b\u0445 \u0446\u0432\u0435\u0442\u043e\u0432\" \/>\n<meta property=\"og:description\" content=\"\u041a\u043e\u0433\u0434\u0430 \u0445\u043e\u0447\u0435\u0442\u0441\u044f \u0447\u0435\u0433\u043e-\u0442\u043e \u0443\u043d\u0438\u043a\u0430\u043b\u044c\u043d\u043e\u0433\u043e \u0438 \u0441\u043e\u0432\u0435\u0440\u0448\u0435\u043d\u043d\u043e \u043e\u0442\u043b\u0438\u0447\u043d\u043e\u0433\u043e \u043e\u0442 \u0442\u0440\u0430\u0434\u0438\u0446\u0438\u043e\u043d\u043d\u043e\u0433\u043e \u0431\u0443\u043a\u0435\u0442\u0430 \u0446\u0432\u0435\u0442\u043e\u0432, \u043a\u043e\u0442\u043e\u0440\u044b\u0439 \u043d\u0435 \u043e\u0441\u0442\u0430\u0432\u0438\u0442 \u0440\u0430\u0432\u043d\u043e\u0434\u0443\u0448\u043d\u044b\u043c \u043d\u0438 \u043e\u0434\u043d\u043e\u0433\u043e \u043f\u043e\u043b\u0443\u0447\u0430\u0442\u0435\u043b\u044f...\" \/>\n<meta property=\"og:url\" content=\"https:\/\/www.gintaresgeles.lt\/ru\/puokste\/%d0%b1%d1%83%d0%ba%d0%b5%d1%82-%d1%85%d0%bb%d0%be%d0%bf%d0%ba%d0%be%d0%b2%d1%8b%d1%85-%d1%86%d0%b2%d0%b5%d1%82%d0%be%d0%b2\/\" \/>\n<meta property=\"og:site_name\" content=\"gintaresgeles.lt\" \/>\n<meta property=\"og:image\" content=\"https:\/\/www.gintaresgeles.lt\/wp-content\/uploads\/2022\/12\/medvilnes-puokste-dovana-draugei.jpg\" \/>\n\t<meta property=\"og:image:width\" content=\"600\" \/>\n\t<meta property=\"og:image:height\" content=\"600\" \/>\n\t<meta property=\"og:image:type\" content=\"image\/jpeg\" \/>\n<meta name=\"twitter:card\" content=\"summary_large_image\" \/>\n<script type=\"application\/ld+json\" class=\"yoast-schema-graph\">{\"@context\":\"https:\/\/schema.org\",\"@graph\":[{\"@type\":\"WebPage\",\"@id\":\"https:\/\/www.gintaresgeles.lt\/ru\/puokste\/%d0%b1%d1%83%d0%ba%d0%b5%d1%82-%d1%85%d0%bb%d0%be%d0%bf%d0%ba%d0%be%d0%b2%d1%8b%d1%85-%d1%86%d0%b2%d0%b5%d1%82%d0%be%d0%b2\/\",\"url\":\"https:\/\/www.gintaresgeles.lt\/ru\/puokste\/%d0%b1%d1%83%d0%ba%d0%b5%d1%82-%d1%85%d0%bb%d0%be%d0%bf%d0%ba%d0%be%d0%b2%d1%8b%d1%85-%d1%86%d0%b2%d0%b5%d1%82%d0%be%d0%b2\/\",\"name\":\"\u0411\u0443\u043a\u0435\u0442 \u0445\u043b\u043e\u043f\u043a\u043e\u0432\u044b\u0445 \u0446\u0432\u0435\u0442\u043e\u0432\",\"isPartOf\":{\"@id\":\"https:\/\/www.gintaresgeles.lt\/ru\/#website\"},\"primaryImageOfPage\":{\"@id\":\"https:\/\/www.gintaresgeles.lt\/ru\/puokste\/%d0%b1%d1%83%d0%ba%d0%b5%d1%82-%d1%85%d0%bb%d0%be%d0%bf%d0%ba%d0%be%d0%b2%d1%8b%d1%85-%d1%86%d0%b2%d0%b5%d1%82%d0%be%d0%b2\/#primaryimage\"},\"image\":{\"@id\":\"https:\/\/www.gintaresgeles.lt\/ru\/puokste\/%d0%b1%d1%83%d0%ba%d0%b5%d1%82-%d1%85%d0%bb%d0%be%d0%bf%d0%ba%d0%be%d0%b2%d1%8b%d1%85-%d1%86%d0%b2%d0%b5%d1%82%d0%be%d0%b2\/#primaryimage\"},\"thumbnailUrl\":\"https:\/\/www.gintaresgeles.lt\/wp-content\/uploads\/2022\/12\/medvilnes-puokste-dovana-draugei.jpg\",\"datePublished\":\"2022-12-08T17:00:14+00:00\",\"description\":\"\u041a\u043e\u0433\u0434\u0430 \u0445\u043e\u0447\u0435\u0442\u0441\u044f \u0447\u0435\u0433\u043e-\u0442\u043e \u0443\u043d\u0438\u043a\u0430\u043b\u044c\u043d\u043e\u0433\u043e \u0438 \u0441\u043e\u0432\u0435\u0440\u0448\u0435\u043d\u043d\u043e \u043e\u0442\u043b\u0438\u0447\u043d\u043e\u0433\u043e \u043e\u0442 \u0442\u0440\u0430\u0434\u0438\u0446\u0438\u043e\u043d\u043d\u043e\u0433\u043e \u0431\u0443\u043a\u0435\u0442\u0430 \u0446\u0432\u0435\u0442\u043e\u0432, \u043a\u043e\u0442\u043e\u0440\u044b\u0439 \u043d\u0435 \u043e\u0441\u0442\u0430\u0432\u0438\u0442 \u0440\u0430\u0432\u043d\u043e\u0434\u0443\u0448\u043d\u044b\u043c \u043d\u0438 \u043e\u0434\u043d\u043e\u0433\u043e \u043f\u043e\u043b\u0443\u0447\u0430\u0442\u0435\u043b\u044f...\",\"breadcrumb\":{\"@id\":\"https:\/\/www.gintaresgeles.lt\/ru\/puokste\/%d0%b1%d1%83%d0%ba%d0%b5%d1%82-%d1%85%d0%bb%d0%be%d0%bf%d0%ba%d0%be%d0%b2%d1%8b%d1%85-%d1%86%d0%b2%d0%b5%d1%82%d0%be%d0%b2\/#breadcrumb\"},\"inLanguage\":\"ru-RU\",\"potentialAction\":[{\"@type\":\"ReadAction\",\"target\":[\"https:\/\/www.gintaresgeles.lt\/ru\/puokste\/%d0%b1%d1%83%d0%ba%d0%b5%d1%82-%d1%85%d0%bb%d0%be%d0%bf%d0%ba%d0%be%d0%b2%d1%8b%d1%85-%d1%86%d0%b2%d0%b5%d1%82%d0%be%d0%b2\/\"]}]},{\"@type\":\"ImageObject\",\"inLanguage\":\"ru-RU\",\"@id\":\"https:\/\/www.gintaresgeles.lt\/ru\/puokste\/%d0%b1%d1%83%d0%ba%d0%b5%d1%82-%d1%85%d0%bb%d0%be%d0%bf%d0%ba%d0%be%d0%b2%d1%8b%d1%85-%d1%86%d0%b2%d0%b5%d1%82%d0%be%d0%b2\/#primaryimage\",\"url\":\"https:\/\/www.gintaresgeles.lt\/wp-content\/uploads\/2022\/12\/medvilnes-puokste-dovana-draugei.jpg\",\"contentUrl\":\"https:\/\/www.gintaresgeles.lt\/wp-content\/uploads\/2022\/12\/medvilnes-puokste-dovana-draugei.jpg\",\"width\":600,\"height\":600,\"caption\":\"Medviln\u0117 puok\u0161t\u0117je g\u0117l\u0117s sesei\"},{\"@type\":\"BreadcrumbList\",\"@id\":\"https:\/\/www.gintaresgeles.lt\/ru\/puokste\/%d0%b1%d1%83%d0%ba%d0%b5%d1%82-%d1%85%d0%bb%d0%be%d0%bf%d0%ba%d0%be%d0%b2%d1%8b%d1%85-%d1%86%d0%b2%d0%b5%d1%82%d0%be%d0%b2\/#breadcrumb\",\"itemListElement\":[{\"@type\":\"ListItem\",\"position\":1,\"name\":\"Prad\u017eia\",\"item\":\"https:\/\/www.gintaresgeles.lt\/ru\/\"},{\"@type\":\"ListItem\",\"position\":2,\"name\":\"\u0412\u0441\u0435 \u0446\u0432\u0435\u0442\u044b \u0438 \u0434\u0440\u0443\u0433\u0438\u0435 \u043f\u0440\u043e\u0434\u0443\u043a\u0442\u044b\",\"item\":\"https:\/\/www.gintaresgeles.lt\/ru\/vse-cvety-i-drugie-produkty\/\"},{\"@type\":\"ListItem\",\"position\":3,\"name\":\"\u0411\u0443\u043a\u0435\u0442 \u0445\u043b\u043e\u043f\u043a\u043e\u0432\u044b\u0445 \u0446\u0432\u0435\u0442\u043e\u0432\"}]},{\"@type\":\"WebSite\",\"@id\":\"https:\/\/www.gintaresgeles.lt\/ru\/#website\",\"url\":\"https:\/\/www.gintaresgeles.lt\/ru\/\",\"name\":\"gintaresgeles.lt\",\"description\":\"G\u0117li\u0173 parduotuv\u0117 internete\",\"potentialAction\":[{\"@type\":\"SearchAction\",\"target\":{\"@type\":\"EntryPoint\",\"urlTemplate\":\"https:\/\/www.gintaresgeles.lt\/ru\/?s={search_term_string}\"},\"query-input\":{\"@type\":\"PropertyValueSpecification\",\"valueRequired\":true,\"valueName\":\"search_term_string\"}}],\"inLanguage\":\"ru-RU\"}]}<\/script>\n<!-- \/ Yoast SEO plugin. -->","yoast_head_json":{"title":"\u0411\u0443\u043a\u0435\u0442 \u0445\u043b\u043e\u043f\u043a\u043e\u0432\u044b\u0445 \u0446\u0432\u0435\u0442\u043e\u0432","description":"\u041a\u043e\u0433\u0434\u0430 \u0445\u043e\u0447\u0435\u0442\u0441\u044f \u0447\u0435\u0433\u043e-\u0442\u043e \u0443\u043d\u0438\u043a\u0430\u043b\u044c\u043d\u043e\u0433\u043e \u0438 \u0441\u043e\u0432\u0435\u0440\u0448\u0435\u043d\u043d\u043e \u043e\u0442\u043b\u0438\u0447\u043d\u043e\u0433\u043e \u043e\u0442 \u0442\u0440\u0430\u0434\u0438\u0446\u0438\u043e\u043d\u043d\u043e\u0433\u043e \u0431\u0443\u043a\u0435\u0442\u0430 \u0446\u0432\u0435\u0442\u043e\u0432, \u043a\u043e\u0442\u043e\u0440\u044b\u0439 \u043d\u0435 \u043e\u0441\u0442\u0430\u0432\u0438\u0442 \u0440\u0430\u0432\u043d\u043e\u0434\u0443\u0448\u043d\u044b\u043c \u043d\u0438 \u043e\u0434\u043d\u043e\u0433\u043e \u043f\u043e\u043b\u0443\u0447\u0430\u0442\u0435\u043b\u044f...","robots":{"index":"index","follow":"follow","max-snippet":"max-snippet:-1","max-image-preview":"max-image-preview:large","max-video-preview":"max-video-preview:-1"},"canonical":"https:\/\/www.gintaresgeles.lt\/ru\/puokste\/%d0%b1%d1%83%d0%ba%d0%b5%d1%82-%d1%85%d0%bb%d0%be%d0%bf%d0%ba%d0%be%d0%b2%d1%8b%d1%85-%d1%86%d0%b2%d0%b5%d1%82%d0%be%d0%b2\/","og_locale":"ru_RU","og_type":"article","og_title":"\u0411\u0443\u043a\u0435\u0442 \u0445\u043b\u043e\u043f\u043a\u043e\u0432\u044b\u0445 \u0446\u0432\u0435\u0442\u043e\u0432","og_description":"\u041a\u043e\u0433\u0434\u0430 \u0445\u043e\u0447\u0435\u0442\u0441\u044f \u0447\u0435\u0433\u043e-\u0442\u043e \u0443\u043d\u0438\u043a\u0430\u043b\u044c\u043d\u043e\u0433\u043e \u0438 \u0441\u043e\u0432\u0435\u0440\u0448\u0435\u043d\u043d\u043e \u043e\u0442\u043b\u0438\u0447\u043d\u043e\u0433\u043e \u043e\u0442 \u0442\u0440\u0430\u0434\u0438\u0446\u0438\u043e\u043d\u043d\u043e\u0433\u043e \u0431\u0443\u043a\u0435\u0442\u0430 \u0446\u0432\u0435\u0442\u043e\u0432, \u043a\u043e\u0442\u043e\u0440\u044b\u0439 \u043d\u0435 \u043e\u0441\u0442\u0430\u0432\u0438\u0442 \u0440\u0430\u0432\u043d\u043e\u0434\u0443\u0448\u043d\u044b\u043c \u043d\u0438 \u043e\u0434\u043d\u043e\u0433\u043e \u043f\u043e\u043b\u0443\u0447\u0430\u0442\u0435\u043b\u044f...","og_url":"https:\/\/www.gintaresgeles.lt\/ru\/puokste\/%d0%b1%d1%83%d0%ba%d0%b5%d1%82-%d1%85%d0%bb%d0%be%d0%bf%d0%ba%d0%be%d0%b2%d1%8b%d1%85-%d1%86%d0%b2%d0%b5%d1%82%d0%be%d0%b2\/","og_site_name":"gintaresgeles.lt","og_image":[{"width":600,"height":600,"url":"https:\/\/www.gintaresgeles.lt\/wp-content\/uploads\/2022\/12\/medvilnes-puokste-dovana-draugei.jpg","type":"image\/jpeg"}],"twitter_card":"summary_large_image","schema":{"@context":"https:\/\/schema.org","@graph":[{"@type":"WebPage","@id":"https:\/\/www.gintaresgeles.lt\/ru\/puokste\/%d0%b1%d1%83%d0%ba%d0%b5%d1%82-%d1%85%d0%bb%d0%be%d0%bf%d0%ba%d0%be%d0%b2%d1%8b%d1%85-%d1%86%d0%b2%d0%b5%d1%82%d0%be%d0%b2\/","url":"https:\/\/www.gintaresgeles.lt\/ru\/puokste\/%d0%b1%d1%83%d0%ba%d0%b5%d1%82-%d1%85%d0%bb%d0%be%d0%bf%d0%ba%d0%be%d0%b2%d1%8b%d1%85-%d1%86%d0%b2%d0%b5%d1%82%d0%be%d0%b2\/","name":"\u0411\u0443\u043a\u0435\u0442 \u0445\u043b\u043e\u043f\u043a\u043e\u0432\u044b\u0445 \u0446\u0432\u0435\u0442\u043e\u0432","isPartOf":{"@id":"https:\/\/www.gintaresgeles.lt\/ru\/#website"},"primaryImageOfPage":{"@id":"https:\/\/www.gintaresgeles.lt\/ru\/puokste\/%d0%b1%d1%83%d0%ba%d0%b5%d1%82-%d1%85%d0%bb%d0%be%d0%bf%d0%ba%d0%be%d0%b2%d1%8b%d1%85-%d1%86%d0%b2%d0%b5%d1%82%d0%be%d0%b2\/#primaryimage"},"image":{"@id":"https:\/\/www.gintaresgeles.lt\/ru\/puokste\/%d0%b1%d1%83%d0%ba%d0%b5%d1%82-%d1%85%d0%bb%d0%be%d0%bf%d0%ba%d0%be%d0%b2%d1%8b%d1%85-%d1%86%d0%b2%d0%b5%d1%82%d0%be%d0%b2\/#primaryimage"},"thumbnailUrl":"https:\/\/www.gintaresgeles.lt\/wp-content\/uploads\/2022\/12\/medvilnes-puokste-dovana-draugei.jpg","datePublished":"2022-12-08T17:00:14+00:00","description":"\u041a\u043e\u0433\u0434\u0430 \u0445\u043e\u0447\u0435\u0442\u0441\u044f \u0447\u0435\u0433\u043e-\u0442\u043e \u0443\u043d\u0438\u043a\u0430\u043b\u044c\u043d\u043e\u0433\u043e \u0438 \u0441\u043e\u0432\u0435\u0440\u0448\u0435\u043d\u043d\u043e \u043e\u0442\u043b\u0438\u0447\u043d\u043e\u0433\u043e \u043e\u0442 \u0442\u0440\u0430\u0434\u0438\u0446\u0438\u043e\u043d\u043d\u043e\u0433\u043e \u0431\u0443\u043a\u0435\u0442\u0430 \u0446\u0432\u0435\u0442\u043e\u0432, \u043a\u043e\u0442\u043e\u0440\u044b\u0439 \u043d\u0435 \u043e\u0441\u0442\u0430\u0432\u0438\u0442 \u0440\u0430\u0432\u043d\u043e\u0434\u0443\u0448\u043d\u044b\u043c \u043d\u0438 \u043e\u0434\u043d\u043e\u0433\u043e \u043f\u043e\u043b\u0443\u0447\u0430\u0442\u0435\u043b\u044f...","breadcrumb":{"@id":"https:\/\/www.gintaresgeles.lt\/ru\/puokste\/%d0%b1%d1%83%d0%ba%d0%b5%d1%82-%d1%85%d0%bb%d0%be%d0%bf%d0%ba%d0%be%d0%b2%d1%8b%d1%85-%d1%86%d0%b2%d0%b5%d1%82%d0%be%d0%b2\/#breadcrumb"},"inLanguage":"ru-RU","potentialAction":[{"@type":"ReadAction","target":["https:\/\/www.gintaresgeles.lt\/ru\/puokste\/%d0%b1%d1%83%d0%ba%d0%b5%d1%82-%d1%85%d0%bb%d0%be%d0%bf%d0%ba%d0%be%d0%b2%d1%8b%d1%85-%d1%86%d0%b2%d0%b5%d1%82%d0%be%d0%b2\/"]}]},{"@type":"ImageObject","inLanguage":"ru-RU","@id":"https:\/\/www.gintaresgeles.lt\/ru\/puokste\/%d0%b1%d1%83%d0%ba%d0%b5%d1%82-%d1%85%d0%bb%d0%be%d0%bf%d0%ba%d0%be%d0%b2%d1%8b%d1%85-%d1%86%d0%b2%d0%b5%d1%82%d0%be%d0%b2\/#primaryimage","url":"https:\/\/www.gintaresgeles.lt\/wp-content\/uploads\/2022\/12\/medvilnes-puokste-dovana-draugei.jpg","contentUrl":"https:\/\/www.gintaresgeles.lt\/wp-content\/uploads\/2022\/12\/medvilnes-puokste-dovana-draugei.jpg","width":600,"height":600,"caption":"Medviln\u0117 puok\u0161t\u0117je g\u0117l\u0117s sesei"},{"@type":"BreadcrumbList","@id":"https:\/\/www.gintaresgeles.lt\/ru\/puokste\/%d0%b1%d1%83%d0%ba%d0%b5%d1%82-%d1%85%d0%bb%d0%be%d0%bf%d0%ba%d0%be%d0%b2%d1%8b%d1%85-%d1%86%d0%b2%d0%b5%d1%82%d0%be%d0%b2\/#breadcrumb","itemListElement":[{"@type":"ListItem","position":1,"name":"Prad\u017eia","item":"https:\/\/www.gintaresgeles.lt\/ru\/"},{"@type":"ListItem","position":2,"name":"\u0412\u0441\u0435 \u0446\u0432\u0435\u0442\u044b \u0438 \u0434\u0440\u0443\u0433\u0438\u0435 \u043f\u0440\u043e\u0434\u0443\u043a\u0442\u044b","item":"https:\/\/www.gintaresgeles.lt\/ru\/vse-cvety-i-drugie-produkty\/"},{"@type":"ListItem","position":3,"name":"\u0411\u0443\u043a\u0435\u0442 \u0445\u043b\u043e\u043f\u043a\u043e\u0432\u044b\u0445 \u0446\u0432\u0435\u0442\u043e\u0432"}]},{"@type":"WebSite","@id":"https:\/\/www.gintaresgeles.lt\/ru\/#website","url":"https:\/\/www.gintaresgeles.lt\/ru\/","name":"gintaresgeles.lt","description":"G\u0117li\u0173 parduotuv\u0117 internete","potentialAction":[{"@type":"SearchAction","target":{"@type":"EntryPoint","urlTemplate":"https:\/\/www.gintaresgeles.lt\/ru\/?s={search_term_string}"},"query-input":{"@type":"PropertyValueSpecification","valueRequired":true,"valueName":"search_term_string"}}],"inLanguage":"ru-RU"}]}},"_links":{"self":[{"href":"https:\/\/www.gintaresgeles.lt\/ru\/wp-json\/wp\/v2\/product\/46006","targetHints":{"allow":["GET"]}}],"collection":[{"href":"https:\/\/www.gintaresgeles.lt\/ru\/wp-json\/wp\/v2\/product"}],"about":[{"href":"https:\/\/www.gintaresgeles.lt\/ru\/wp-json\/wp\/v2\/types\/product"}],"wp:featuredmedia":[{"embeddable":true,"href":"https:\/\/www.gintaresgeles.lt\/ru\/wp-json\/wp\/v2\/media\/45779"}],"wp:attachment":[{"href":"https:\/\/www.gintaresgeles.lt\/ru\/wp-json\/wp\/v2\/media?parent=46006"}],"wp:term":[{"taxonomy":"product_brand","embeddable":true,"href":"https:\/\/www.gintaresgeles.lt\/ru\/wp-json\/wp\/v2\/product_brand?post=46006"},{"taxonomy":"product_cat","embeddable":true,"href":"https:\/\/www.gintaresgeles.lt\/ru\/wp-json\/wp\/v2\/product_cat?post=46006"},{"taxonomy":"product_tag","embeddable":true,"href":"https:\/\/www.gintaresgeles.lt\/ru\/wp-json\/wp\/v2\/product_tag?post=46006"}],"curies":[{"name":"wp","href":"https:\/\/api.w.org\/{rel}","templated":true}]}}