{"id":48559,"date":"2023-03-23T21:20:40","date_gmt":"2023-03-23T19:20:40","guid":{"rendered":"https:\/\/www.gintaresgeles.lt\/puokste\/%d0%b1%d1%83%d0%ba%d0%b5%d1%82-%d1%86%d0%b2%d0%b5%d1%82%d0%be%d0%b2-%d0%bb%d0%b5%d1%82%d0%bd%d0%b5%d0%b5-%d1%83%d1%82%d1%80%d0%be\/"},"modified":"2023-03-23T21:20:40","modified_gmt":"2023-03-23T19:20:40","slug":"%d0%b1%d1%83%d0%ba%d0%b5%d1%82-%d1%86%d0%b2%d0%b5%d1%82%d0%be%d0%b2-%d0%bb%d0%b5%d1%82%d0%bd%d0%b5%d0%b5-%d1%83%d1%82%d1%80%d0%be","status":"publish","type":"product","link":"https:\/\/www.gintaresgeles.lt\/ru\/puokste\/%d0%b1%d1%83%d0%ba%d0%b5%d1%82-%d1%86%d0%b2%d0%b5%d1%82%d0%be%d0%b2-%d0%bb%d0%b5%d1%82%d0%bd%d0%b5%d0%b5-%d1%83%d1%82%d1%80%d0%be\/","title":{"rendered":"\u0411\u0443\u043a\u0435\u0442 \u0446\u0432\u0435\u0442\u043e\u0432 &#171;\u041b\u0435\u0442\u043d\u0435\u0435 \u0443\u0442\u0440\u043e&#187;"},"content":{"rendered":"","protected":false},"excerpt":{"rendered":"<p>\u0411\u0435\u043b\u044b\u0435 \u0446\u0432\u0435\u0442\u043a\u0438 \u043b\u044e\u0442\u0438\u043a\u0430 \u0432\u043c\u0435\u0441\u0442\u0435 \u0441 \u0446\u0432\u0435\u0442\u043a\u0430\u043c\u0438 \u043b\u0435\u0443\u043a\u043e\u043d\u0438\u0438 \u0438 \u0437\u043e\u043b\u043e\u0442\u043e\u043d\u0430\u0440\u043d\u0438\u043a\u0430 \u0441\u043e\u0437\u0434\u0430\u044e\u0442 \u043e\u0431\u0440\u0430\u0437 \u0447\u0443\u0434\u0435\u0441\u043d\u043e\u0433\u043e \u0431\u0443\u043a\u0435\u0442\u0430. \u0422\u0430\u043a\u043e\u0439 \u0431\u0443\u043a\u0435\u0442 \u043c\u043e\u0436\u043d\u043e \u0434\u0430\u0440\u0438\u0442\u044c \u043f\u043e \u0440\u0430\u0437\u043d\u044b\u043c \u043f\u043e\u0432\u043e\u0434\u0430\u043c, \u043a\u043e\u0433\u0434\u0430 \u0445\u043e\u0447\u0435\u0442\u0441\u044f \u0443\u0434\u0438\u0432\u0438\u0442\u044c.<\/p>\n<p>\u041c\u0430\u043b\u0435\u043d\u044c\u043a\u0438\u0439 \u0431\u0443\u043a\u0435\u0442 &#8212; 7 \u043b\u044e\u0442\u0438\u043a\u043e\u0432, 3 \u043b\u0435\u0443\u043a\u043e\u043d\u0438\u0438, 2 \u0437\u043e\u043b\u043e\u0442\u043e\u043d\u0430\u0440\u043d\u0438\u043a\u0430;<\/p>\n<p>\u0421\u0440\u0435\u0434\u043d\u0438\u0439 \u0431\u0443\u043a\u0435\u0442 &#8212; 13 \u043b\u044e\u0442\u0438\u043a\u043e\u0432, 5 \u043b\u0435\u0443\u043a\u043e\u043d\u0438\u0439, 4 \u0437\u043e\u043b\u043e\u0442\u043e\u043d\u0430\u0440\u043d\u0438\u043a\u0430;<\/p>\n<p>\u0411\u043e\u043b\u044c\u0448\u043e\u0439 \u0431\u0443\u043a\u0435\u0442 &#8212; 17 \u043b\u044e\u0442\u0438\u043a\u043e\u0432, 8 \u043b\u0435\u043a\u043e\u043d\u0438\u0439, 6 \u0437\u043e\u043b\u043e\u0442\u043e\u043d\u0430\u0440\u043d\u0438\u043a\u043e\u0432.<\/p>\n","protected":false},"featured_media":47728,"template":"","meta":[],"product_brand":[],"product_cat":[975,1000,977,970,971,976,1363,972,965,967,966,968,973,999,1902],"product_tag":[],"class_list":{"0":"post-48559","1":"product","2":"type-product","3":"status-publish","4":"has-post-thumbnail","6":"product_cat-14--","7":"product_cat-1000","8":"product_cat-977","9":"product_cat-970","10":"product_cat-971","11":"product_cat-976","12":"product_cat-cveti-8-marta","13":"product_cat-972","14":"product_cat-965","15":"product_cat-967","16":"product_cat-966","17":"product_cat-968","18":"product_cat-973","19":"product_cat-999","20":"product_cat-1902","21":"tm-has-options","23":"first","24":"outofstock","25":"taxable","26":"shipping-taxable","27":"purchasable","28":"product-type-variable","29":"has-default-attributes"},"yoast_head":"<!-- This site is optimized with the Yoast SEO plugin v25.3 - https:\/\/yoast.com\/wordpress\/plugins\/seo\/ -->\n<title>\u0411\u0443\u043a\u0435\u0442 \u0446\u0432\u0435\u0442\u043e\u0432 &quot;\u041b\u0435\u0442\u043d\u0435\u0435 \u0443\u0442\u0440\u043e&quot; | Gintar\u0117sG\u0117l\u0117s<\/title>\n<meta name=\"description\" content=\"\u0411\u0435\u043b\u044b\u0435 \u0446\u0432\u0435\u0442\u043a\u0438 \u043b\u044e\u0442\u0438\u043a\u0430, \u043a\u0440\u043e\u0448\u0435\u0447\u043d\u044b\u0435 \u0446\u0432\u0435\u0442\u043a\u0438 \u043b\u0435\u0443\u043a\u043e\u043d\u0438\u0438 \u0438 \u0437\u043e\u043b\u043e\u0442\u043e\u043d\u0430\u0440\u043d\u0438\u043a \u043f\u0440\u0435\u043a\u0440\u0430\u0441\u043d\u043e \u0441\u043e\u0447\u0435\u0442\u0430\u044e\u0442\u0441\u044f \u0432 \u0435\u0434\u0438\u043d\u043e\u0435 \u0446\u0435\u043b\u043e\u0435 \u0438 \u043e\u0431\u0440\u0430\u0437\u0443\u044e\u0442 \u0447\u0443\u0434\u0435\u0441\u043d\u044b\u0439 \u0446\u0432\u0435\u0442\u043e\u0447\u043d\u044b\u0439 \u0431\u0443\u043a\u0435\u0442.\" \/>\n<meta name=\"robots\" content=\"index, follow, max-snippet:-1, max-image-preview:large, max-video-preview:-1\" \/>\n<link rel=\"canonical\" href=\"https:\/\/www.gintaresgeles.lt\/ru\/puokste\/%d0%b1%d1%83%d0%ba%d0%b5%d1%82-%d1%86%d0%b2%d0%b5%d1%82%d0%be%d0%b2-%d0%bb%d0%b5%d1%82%d0%bd%d0%b5%d0%b5-%d1%83%d1%82%d1%80%d0%be\/\" \/>\n<meta property=\"og:locale\" content=\"ru_RU\" \/>\n<meta property=\"og:type\" content=\"article\" \/>\n<meta property=\"og:title\" content=\"\u0411\u0443\u043a\u0435\u0442 \u0446\u0432\u0435\u0442\u043e\u0432 &quot;\u041b\u0435\u0442\u043d\u0435\u0435 \u0443\u0442\u0440\u043e&quot; | Gintar\u0117sG\u0117l\u0117s\" \/>\n<meta property=\"og:description\" content=\"\u0411\u0435\u043b\u044b\u0435 \u0446\u0432\u0435\u0442\u043a\u0438 \u043b\u044e\u0442\u0438\u043a\u0430, \u043a\u0440\u043e\u0448\u0435\u0447\u043d\u044b\u0435 \u0446\u0432\u0435\u0442\u043a\u0438 \u043b\u0435\u0443\u043a\u043e\u043d\u0438\u0438 \u0438 \u0437\u043e\u043b\u043e\u0442\u043e\u043d\u0430\u0440\u043d\u0438\u043a \u043f\u0440\u0435\u043a\u0440\u0430\u0441\u043d\u043e \u0441\u043e\u0447\u0435\u0442\u0430\u044e\u0442\u0441\u044f \u0432 \u0435\u0434\u0438\u043d\u043e\u0435 \u0446\u0435\u043b\u043e\u0435 \u0438 \u043e\u0431\u0440\u0430\u0437\u0443\u044e\u0442 \u0447\u0443\u0434\u0435\u0441\u043d\u044b\u0439 \u0446\u0432\u0435\u0442\u043e\u0447\u043d\u044b\u0439 \u0431\u0443\u043a\u0435\u0442.\" \/>\n<meta property=\"og:url\" content=\"https:\/\/www.gintaresgeles.lt\/ru\/puokste\/%d0%b1%d1%83%d0%ba%d0%b5%d1%82-%d1%86%d0%b2%d0%b5%d1%82%d0%be%d0%b2-%d0%bb%d0%b5%d1%82%d0%bd%d0%b5%d0%b5-%d1%83%d1%82%d1%80%d0%be\/\" \/>\n<meta property=\"og:site_name\" content=\"gintaresgeles.lt\" \/>\n<meta property=\"og:image\" content=\"https:\/\/www.gintaresgeles.lt\/wp-content\/uploads\/2023\/02\/rausva-geliu-puokste-merginai.jpg\" \/>\n\t<meta property=\"og:image:width\" content=\"1200\" \/>\n\t<meta property=\"og:image:height\" content=\"1200\" \/>\n\t<meta property=\"og:image:type\" content=\"image\/jpeg\" \/>\n<meta name=\"twitter:card\" content=\"summary_large_image\" \/>\n<script type=\"application\/ld+json\" class=\"yoast-schema-graph\">{\"@context\":\"https:\/\/schema.org\",\"@graph\":[{\"@type\":\"WebPage\",\"@id\":\"https:\/\/www.gintaresgeles.lt\/ru\/puokste\/%d0%b1%d1%83%d0%ba%d0%b5%d1%82-%d1%86%d0%b2%d0%b5%d1%82%d0%be%d0%b2-%d0%bb%d0%b5%d1%82%d0%bd%d0%b5%d0%b5-%d1%83%d1%82%d1%80%d0%be\/\",\"url\":\"https:\/\/www.gintaresgeles.lt\/ru\/puokste\/%d0%b1%d1%83%d0%ba%d0%b5%d1%82-%d1%86%d0%b2%d0%b5%d1%82%d0%be%d0%b2-%d0%bb%d0%b5%d1%82%d0%bd%d0%b5%d0%b5-%d1%83%d1%82%d1%80%d0%be\/\",\"name\":\"\u0411\u0443\u043a\u0435\u0442 \u0446\u0432\u0435\u0442\u043e\u0432 \\\"\u041b\u0435\u0442\u043d\u0435\u0435 \u0443\u0442\u0440\u043e\\\" | Gintar\u0117sG\u0117l\u0117s\",\"isPartOf\":{\"@id\":\"https:\/\/www.gintaresgeles.lt\/ru\/#website\"},\"primaryImageOfPage\":{\"@id\":\"https:\/\/www.gintaresgeles.lt\/ru\/puokste\/%d0%b1%d1%83%d0%ba%d0%b5%d1%82-%d1%86%d0%b2%d0%b5%d1%82%d0%be%d0%b2-%d0%bb%d0%b5%d1%82%d0%bd%d0%b5%d0%b5-%d1%83%d1%82%d1%80%d0%be\/#primaryimage\"},\"image\":{\"@id\":\"https:\/\/www.gintaresgeles.lt\/ru\/puokste\/%d0%b1%d1%83%d0%ba%d0%b5%d1%82-%d1%86%d0%b2%d0%b5%d1%82%d0%be%d0%b2-%d0%bb%d0%b5%d1%82%d0%bd%d0%b5%d0%b5-%d1%83%d1%82%d1%80%d0%be\/#primaryimage\"},\"thumbnailUrl\":\"https:\/\/www.gintaresgeles.lt\/wp-content\/uploads\/2023\/02\/rausva-geliu-puokste-merginai.jpg\",\"datePublished\":\"2023-03-23T19:20:40+00:00\",\"description\":\"\u0411\u0435\u043b\u044b\u0435 \u0446\u0432\u0435\u0442\u043a\u0438 \u043b\u044e\u0442\u0438\u043a\u0430, \u043a\u0440\u043e\u0448\u0435\u0447\u043d\u044b\u0435 \u0446\u0432\u0435\u0442\u043a\u0438 \u043b\u0435\u0443\u043a\u043e\u043d\u0438\u0438 \u0438 \u0437\u043e\u043b\u043e\u0442\u043e\u043d\u0430\u0440\u043d\u0438\u043a \u043f\u0440\u0435\u043a\u0440\u0430\u0441\u043d\u043e \u0441\u043e\u0447\u0435\u0442\u0430\u044e\u0442\u0441\u044f \u0432 \u0435\u0434\u0438\u043d\u043e\u0435 \u0446\u0435\u043b\u043e\u0435 \u0438 \u043e\u0431\u0440\u0430\u0437\u0443\u044e\u0442 \u0447\u0443\u0434\u0435\u0441\u043d\u044b\u0439 \u0446\u0432\u0435\u0442\u043e\u0447\u043d\u044b\u0439 \u0431\u0443\u043a\u0435\u0442.\",\"breadcrumb\":{\"@id\":\"https:\/\/www.gintaresgeles.lt\/ru\/puokste\/%d0%b1%d1%83%d0%ba%d0%b5%d1%82-%d1%86%d0%b2%d0%b5%d1%82%d0%be%d0%b2-%d0%bb%d0%b5%d1%82%d0%bd%d0%b5%d0%b5-%d1%83%d1%82%d1%80%d0%be\/#breadcrumb\"},\"inLanguage\":\"ru-RU\",\"potentialAction\":[{\"@type\":\"ReadAction\",\"target\":[\"https:\/\/www.gintaresgeles.lt\/ru\/puokste\/%d0%b1%d1%83%d0%ba%d0%b5%d1%82-%d1%86%d0%b2%d0%b5%d1%82%d0%be%d0%b2-%d0%bb%d0%b5%d1%82%d0%bd%d0%b5%d0%b5-%d1%83%d1%82%d1%80%d0%be\/\"]}]},{\"@type\":\"ImageObject\",\"inLanguage\":\"ru-RU\",\"@id\":\"https:\/\/www.gintaresgeles.lt\/ru\/puokste\/%d0%b1%d1%83%d0%ba%d0%b5%d1%82-%d1%86%d0%b2%d0%b5%d1%82%d0%be%d0%b2-%d0%bb%d0%b5%d1%82%d0%bd%d0%b5%d0%b5-%d1%83%d1%82%d1%80%d0%be\/#primaryimage\",\"url\":\"https:\/\/www.gintaresgeles.lt\/wp-content\/uploads\/2023\/02\/rausva-geliu-puokste-merginai.jpg\",\"contentUrl\":\"https:\/\/www.gintaresgeles.lt\/wp-content\/uploads\/2023\/02\/rausva-geliu-puokste-merginai.jpg\",\"width\":1200,\"height\":1200,\"caption\":\"\u0160viesi\u0173 \u0161velni\u0173 spalv\u0173 g\u0117li\u0173 puok\u0161t\u0117 gimtadienio g\u0117l\u0117s\"},{\"@type\":\"BreadcrumbList\",\"@id\":\"https:\/\/www.gintaresgeles.lt\/ru\/puokste\/%d0%b1%d1%83%d0%ba%d0%b5%d1%82-%d1%86%d0%b2%d0%b5%d1%82%d0%be%d0%b2-%d0%bb%d0%b5%d1%82%d0%bd%d0%b5%d0%b5-%d1%83%d1%82%d1%80%d0%be\/#breadcrumb\",\"itemListElement\":[{\"@type\":\"ListItem\",\"position\":1,\"name\":\"Prad\u017eia\",\"item\":\"https:\/\/www.gintaresgeles.lt\/ru\/\"},{\"@type\":\"ListItem\",\"position\":2,\"name\":\"\u0412\u0441\u0435 \u0446\u0432\u0435\u0442\u044b \u0438 \u0434\u0440\u0443\u0433\u0438\u0435 \u043f\u0440\u043e\u0434\u0443\u043a\u0442\u044b\",\"item\":\"https:\/\/www.gintaresgeles.lt\/ru\/vse-cvety-i-drugie-produkty\/\"},{\"@type\":\"ListItem\",\"position\":3,\"name\":\"\u0411\u0443\u043a\u0435\u0442 \u0446\u0432\u0435\u0442\u043e\u0432 &#8222;\u041b\u0435\u0442\u043d\u0435\u0435 \u0443\u0442\u0440\u043e&#8221;\"}]},{\"@type\":\"WebSite\",\"@id\":\"https:\/\/www.gintaresgeles.lt\/ru\/#website\",\"url\":\"https:\/\/www.gintaresgeles.lt\/ru\/\",\"name\":\"gintaresgeles.lt\",\"description\":\"G\u0117li\u0173 parduotuv\u0117 internete\",\"potentialAction\":[{\"@type\":\"SearchAction\",\"target\":{\"@type\":\"EntryPoint\",\"urlTemplate\":\"https:\/\/www.gintaresgeles.lt\/ru\/?s={search_term_string}\"},\"query-input\":{\"@type\":\"PropertyValueSpecification\",\"valueRequired\":true,\"valueName\":\"search_term_string\"}}],\"inLanguage\":\"ru-RU\"}]}<\/script>\n<!-- \/ Yoast SEO plugin. -->","yoast_head_json":{"title":"\u0411\u0443\u043a\u0435\u0442 \u0446\u0432\u0435\u0442\u043e\u0432 \"\u041b\u0435\u0442\u043d\u0435\u0435 \u0443\u0442\u0440\u043e\" | Gintar\u0117sG\u0117l\u0117s","description":"\u0411\u0435\u043b\u044b\u0435 \u0446\u0432\u0435\u0442\u043a\u0438 \u043b\u044e\u0442\u0438\u043a\u0430, \u043a\u0440\u043e\u0448\u0435\u0447\u043d\u044b\u0435 \u0446\u0432\u0435\u0442\u043a\u0438 \u043b\u0435\u0443\u043a\u043e\u043d\u0438\u0438 \u0438 \u0437\u043e\u043b\u043e\u0442\u043e\u043d\u0430\u0440\u043d\u0438\u043a \u043f\u0440\u0435\u043a\u0440\u0430\u0441\u043d\u043e \u0441\u043e\u0447\u0435\u0442\u0430\u044e\u0442\u0441\u044f \u0432 \u0435\u0434\u0438\u043d\u043e\u0435 \u0446\u0435\u043b\u043e\u0435 \u0438 \u043e\u0431\u0440\u0430\u0437\u0443\u044e\u0442 \u0447\u0443\u0434\u0435\u0441\u043d\u044b\u0439 \u0446\u0432\u0435\u0442\u043e\u0447\u043d\u044b\u0439 \u0431\u0443\u043a\u0435\u0442.","robots":{"index":"index","follow":"follow","max-snippet":"max-snippet:-1","max-image-preview":"max-image-preview:large","max-video-preview":"max-video-preview:-1"},"canonical":"https:\/\/www.gintaresgeles.lt\/ru\/puokste\/%d0%b1%d1%83%d0%ba%d0%b5%d1%82-%d1%86%d0%b2%d0%b5%d1%82%d0%be%d0%b2-%d0%bb%d0%b5%d1%82%d0%bd%d0%b5%d0%b5-%d1%83%d1%82%d1%80%d0%be\/","og_locale":"ru_RU","og_type":"article","og_title":"\u0411\u0443\u043a\u0435\u0442 \u0446\u0432\u0435\u0442\u043e\u0432 \"\u041b\u0435\u0442\u043d\u0435\u0435 \u0443\u0442\u0440\u043e\" | Gintar\u0117sG\u0117l\u0117s","og_description":"\u0411\u0435\u043b\u044b\u0435 \u0446\u0432\u0435\u0442\u043a\u0438 \u043b\u044e\u0442\u0438\u043a\u0430, \u043a\u0440\u043e\u0448\u0435\u0447\u043d\u044b\u0435 \u0446\u0432\u0435\u0442\u043a\u0438 \u043b\u0435\u0443\u043a\u043e\u043d\u0438\u0438 \u0438 \u0437\u043e\u043b\u043e\u0442\u043e\u043d\u0430\u0440\u043d\u0438\u043a \u043f\u0440\u0435\u043a\u0440\u0430\u0441\u043d\u043e \u0441\u043e\u0447\u0435\u0442\u0430\u044e\u0442\u0441\u044f \u0432 \u0435\u0434\u0438\u043d\u043e\u0435 \u0446\u0435\u043b\u043e\u0435 \u0438 \u043e\u0431\u0440\u0430\u0437\u0443\u044e\u0442 \u0447\u0443\u0434\u0435\u0441\u043d\u044b\u0439 \u0446\u0432\u0435\u0442\u043e\u0447\u043d\u044b\u0439 \u0431\u0443\u043a\u0435\u0442.","og_url":"https:\/\/www.gintaresgeles.lt\/ru\/puokste\/%d0%b1%d1%83%d0%ba%d0%b5%d1%82-%d1%86%d0%b2%d0%b5%d1%82%d0%be%d0%b2-%d0%bb%d0%b5%d1%82%d0%bd%d0%b5%d0%b5-%d1%83%d1%82%d1%80%d0%be\/","og_site_name":"gintaresgeles.lt","og_image":[{"width":1200,"height":1200,"url":"https:\/\/www.gintaresgeles.lt\/wp-content\/uploads\/2023\/02\/rausva-geliu-puokste-merginai.jpg","type":"image\/jpeg"}],"twitter_card":"summary_large_image","schema":{"@context":"https:\/\/schema.org","@graph":[{"@type":"WebPage","@id":"https:\/\/www.gintaresgeles.lt\/ru\/puokste\/%d0%b1%d1%83%d0%ba%d0%b5%d1%82-%d1%86%d0%b2%d0%b5%d1%82%d0%be%d0%b2-%d0%bb%d0%b5%d1%82%d0%bd%d0%b5%d0%b5-%d1%83%d1%82%d1%80%d0%be\/","url":"https:\/\/www.gintaresgeles.lt\/ru\/puokste\/%d0%b1%d1%83%d0%ba%d0%b5%d1%82-%d1%86%d0%b2%d0%b5%d1%82%d0%be%d0%b2-%d0%bb%d0%b5%d1%82%d0%bd%d0%b5%d0%b5-%d1%83%d1%82%d1%80%d0%be\/","name":"\u0411\u0443\u043a\u0435\u0442 \u0446\u0432\u0435\u0442\u043e\u0432 \"\u041b\u0435\u0442\u043d\u0435\u0435 \u0443\u0442\u0440\u043e\" | Gintar\u0117sG\u0117l\u0117s","isPartOf":{"@id":"https:\/\/www.gintaresgeles.lt\/ru\/#website"},"primaryImageOfPage":{"@id":"https:\/\/www.gintaresgeles.lt\/ru\/puokste\/%d0%b1%d1%83%d0%ba%d0%b5%d1%82-%d1%86%d0%b2%d0%b5%d1%82%d0%be%d0%b2-%d0%bb%d0%b5%d1%82%d0%bd%d0%b5%d0%b5-%d1%83%d1%82%d1%80%d0%be\/#primaryimage"},"image":{"@id":"https:\/\/www.gintaresgeles.lt\/ru\/puokste\/%d0%b1%d1%83%d0%ba%d0%b5%d1%82-%d1%86%d0%b2%d0%b5%d1%82%d0%be%d0%b2-%d0%bb%d0%b5%d1%82%d0%bd%d0%b5%d0%b5-%d1%83%d1%82%d1%80%d0%be\/#primaryimage"},"thumbnailUrl":"https:\/\/www.gintaresgeles.lt\/wp-content\/uploads\/2023\/02\/rausva-geliu-puokste-merginai.jpg","datePublished":"2023-03-23T19:20:40+00:00","description":"\u0411\u0435\u043b\u044b\u0435 \u0446\u0432\u0435\u0442\u043a\u0438 \u043b\u044e\u0442\u0438\u043a\u0430, \u043a\u0440\u043e\u0448\u0435\u0447\u043d\u044b\u0435 \u0446\u0432\u0435\u0442\u043a\u0438 \u043b\u0435\u0443\u043a\u043e\u043d\u0438\u0438 \u0438 \u0437\u043e\u043b\u043e\u0442\u043e\u043d\u0430\u0440\u043d\u0438\u043a \u043f\u0440\u0435\u043a\u0440\u0430\u0441\u043d\u043e \u0441\u043e\u0447\u0435\u0442\u0430\u044e\u0442\u0441\u044f \u0432 \u0435\u0434\u0438\u043d\u043e\u0435 \u0446\u0435\u043b\u043e\u0435 \u0438 \u043e\u0431\u0440\u0430\u0437\u0443\u044e\u0442 \u0447\u0443\u0434\u0435\u0441\u043d\u044b\u0439 \u0446\u0432\u0435\u0442\u043e\u0447\u043d\u044b\u0439 \u0431\u0443\u043a\u0435\u0442.","breadcrumb":{"@id":"https:\/\/www.gintaresgeles.lt\/ru\/puokste\/%d0%b1%d1%83%d0%ba%d0%b5%d1%82-%d1%86%d0%b2%d0%b5%d1%82%d0%be%d0%b2-%d0%bb%d0%b5%d1%82%d0%bd%d0%b5%d0%b5-%d1%83%d1%82%d1%80%d0%be\/#breadcrumb"},"inLanguage":"ru-RU","potentialAction":[{"@type":"ReadAction","target":["https:\/\/www.gintaresgeles.lt\/ru\/puokste\/%d0%b1%d1%83%d0%ba%d0%b5%d1%82-%d1%86%d0%b2%d0%b5%d1%82%d0%be%d0%b2-%d0%bb%d0%b5%d1%82%d0%bd%d0%b5%d0%b5-%d1%83%d1%82%d1%80%d0%be\/"]}]},{"@type":"ImageObject","inLanguage":"ru-RU","@id":"https:\/\/www.gintaresgeles.lt\/ru\/puokste\/%d0%b1%d1%83%d0%ba%d0%b5%d1%82-%d1%86%d0%b2%d0%b5%d1%82%d0%be%d0%b2-%d0%bb%d0%b5%d1%82%d0%bd%d0%b5%d0%b5-%d1%83%d1%82%d1%80%d0%be\/#primaryimage","url":"https:\/\/www.gintaresgeles.lt\/wp-content\/uploads\/2023\/02\/rausva-geliu-puokste-merginai.jpg","contentUrl":"https:\/\/www.gintaresgeles.lt\/wp-content\/uploads\/2023\/02\/rausva-geliu-puokste-merginai.jpg","width":1200,"height":1200,"caption":"\u0160viesi\u0173 \u0161velni\u0173 spalv\u0173 g\u0117li\u0173 puok\u0161t\u0117 gimtadienio g\u0117l\u0117s"},{"@type":"BreadcrumbList","@id":"https:\/\/www.gintaresgeles.lt\/ru\/puokste\/%d0%b1%d1%83%d0%ba%d0%b5%d1%82-%d1%86%d0%b2%d0%b5%d1%82%d0%be%d0%b2-%d0%bb%d0%b5%d1%82%d0%bd%d0%b5%d0%b5-%d1%83%d1%82%d1%80%d0%be\/#breadcrumb","itemListElement":[{"@type":"ListItem","position":1,"name":"Prad\u017eia","item":"https:\/\/www.gintaresgeles.lt\/ru\/"},{"@type":"ListItem","position":2,"name":"\u0412\u0441\u0435 \u0446\u0432\u0435\u0442\u044b \u0438 \u0434\u0440\u0443\u0433\u0438\u0435 \u043f\u0440\u043e\u0434\u0443\u043a\u0442\u044b","item":"https:\/\/www.gintaresgeles.lt\/ru\/vse-cvety-i-drugie-produkty\/"},{"@type":"ListItem","position":3,"name":"\u0411\u0443\u043a\u0435\u0442 \u0446\u0432\u0435\u0442\u043e\u0432 &#8222;\u041b\u0435\u0442\u043d\u0435\u0435 \u0443\u0442\u0440\u043e&#8221;"}]},{"@type":"WebSite","@id":"https:\/\/www.gintaresgeles.lt\/ru\/#website","url":"https:\/\/www.gintaresgeles.lt\/ru\/","name":"gintaresgeles.lt","description":"G\u0117li\u0173 parduotuv\u0117 internete","potentialAction":[{"@type":"SearchAction","target":{"@type":"EntryPoint","urlTemplate":"https:\/\/www.gintaresgeles.lt\/ru\/?s={search_term_string}"},"query-input":{"@type":"PropertyValueSpecification","valueRequired":true,"valueName":"search_term_string"}}],"inLanguage":"ru-RU"}]}},"_links":{"self":[{"href":"https:\/\/www.gintaresgeles.lt\/ru\/wp-json\/wp\/v2\/product\/48559","targetHints":{"allow":["GET"]}}],"collection":[{"href":"https:\/\/www.gintaresgeles.lt\/ru\/wp-json\/wp\/v2\/product"}],"about":[{"href":"https:\/\/www.gintaresgeles.lt\/ru\/wp-json\/wp\/v2\/types\/product"}],"wp:featuredmedia":[{"embeddable":true,"href":"https:\/\/www.gintaresgeles.lt\/ru\/wp-json\/wp\/v2\/media\/47728"}],"wp:attachment":[{"href":"https:\/\/www.gintaresgeles.lt\/ru\/wp-json\/wp\/v2\/media?parent=48559"}],"wp:term":[{"taxonomy":"product_brand","embeddable":true,"href":"https:\/\/www.gintaresgeles.lt\/ru\/wp-json\/wp\/v2\/product_brand?post=48559"},{"taxonomy":"product_cat","embeddable":true,"href":"https:\/\/www.gintaresgeles.lt\/ru\/wp-json\/wp\/v2\/product_cat?post=48559"},{"taxonomy":"product_tag","embeddable":true,"href":"https:\/\/www.gintaresgeles.lt\/ru\/wp-json\/wp\/v2\/product_tag?post=48559"}],"curies":[{"name":"wp","href":"https:\/\/api.w.org\/{rel}","templated":true}]}}