{"id":48573,"date":"2023-03-18T17:23:30","date_gmt":"2023-03-18T15:23:30","guid":{"rendered":"https:\/\/www.gintaresgeles.lt\/puokste\/%d1%81%d1%83%d0%ba%d1%83%d0%bb%d0%b5%d0%bd%d1%82%d0%b0%d1%81-%d0%bf%d1%83%d0%bb%d0%b8%d0%b4%d0%be%d0%bd%d0%b8%d1%81\/"},"modified":"2023-06-12T15:41:27","modified_gmt":"2023-06-12T13:41:27","slug":"%d1%81%d1%83%d0%ba%d1%83%d0%bb%d0%b5%d0%bd%d1%82%d0%b0%d1%81-%d0%bf%d1%83%d0%bb%d0%b8%d0%b4%d0%be%d0%bd%d0%b8%d1%81","status":"publish","type":"product","link":"https:\/\/www.gintaresgeles.lt\/ru\/puokste\/%d1%81%d1%83%d0%ba%d1%83%d0%bb%d0%b5%d0%bd%d1%82%d0%b0%d1%81-%d0%bf%d1%83%d0%bb%d0%b8%d0%b4%d0%be%d0%bd%d0%b8%d1%81\/","title":{"rendered":"\u0421\u0443\u043a\u0443\u043b\u0435\u043d\u0442\u0430\u0441 \u00ab\u041f\u0443\u043b\u0438\u0434\u043e\u043d\u0438\u0441\u00bb"},"content":{"rendered":"","protected":false},"excerpt":{"rendered":"<p>\u0421\u0443\u043a\u043a\u0443\u043b\u0435\u043d\u0442 \u041f\u0443\u043b\u0438\u0434\u043e\u043d\u0438\u0441 \u2013 \u0441\u0442\u0435\u043b\u044e\u0449\u0435\u0435\u0441\u044f \u043f\u0443\u0441\u0442\u044b\u043d\u043d\u043e\u0435 \u0440\u0430\u0441\u0442\u0435\u043d\u0438\u0435, \u0432\u044b\u0440\u0430\u0441\u0442\u0430\u044e\u0449\u0435\u0435 \u043e\u0442 5 \u0434\u043e 15 \u0441\u043c \u0432 \u0434\u0438\u0430\u043c\u0435\u0442\u0440\u0435. \u041b\u0438\u0441\u0442\u044c\u044f \u043a\u043e\u0440\u043e\u0442\u043a\u043e\u0447\u0435\u0440\u0435\u0448\u043a\u043e\u0432\u044b\u0435, \u043c\u044f\u0441\u0438\u0441\u0442\u044b\u0435, \u0436\u0435\u0441\u0442\u043a\u0438\u0435, \u0441\u0432\u0435\u0442\u043b\u044b\u0435, \u0441\u0438\u0437\u043e-\u0437\u0435\u043b\u0435\u043d\u044b\u0435, \u0441 \u0437\u0430\u043e\u0441\u0442\u0440\u0435\u043d\u043d\u044b\u043c\u0438 \u043a\u043e\u043d\u0447\u0438\u043a\u0430\u043c\u0438, \u043a\u0440\u0430\u044f \u0438\u043d\u043e\u0433\u0434\u0430 \u043a\u0440\u0430\u0441\u043d\u0435\u044e\u0442 \u043d\u0430 \u0441\u043e\u043b\u043d\u0446\u0435.<\/p>\n<p>\u0412\u044b\u0441\u043e\u0442\u0430 \u0433\u043e\u0440\u0448\u043a\u0430 ~7\u0441\u043c; \u0434\u0438\u0430\u043c\u0435\u0442\u0440 ~7\u0441\u043c.<\/p>\n","protected":false},"featured_media":47625,"template":"","meta":[],"product_brand":[],"product_cat":[966,1848],"product_tag":[],"class_list":{"0":"post-48573","1":"product","2":"type-product","3":"status-publish","4":"has-post-thumbnail","6":"product_cat-966","7":"product_cat-1848","8":"tm-has-options","10":"first","11":"outofstock","12":"taxable","13":"shipping-taxable","14":"purchasable","15":"product-type-simple"},"yoast_head":"<!-- This site is optimized with the Yoast SEO plugin v25.3 - https:\/\/yoast.com\/wordpress\/plugins\/seo\/ -->\n<title>\u0421\u0443\u043a\u0443\u043b\u0435\u043d\u0442\u0430\u0441 \u00ab\u041f\u0443\u043b\u0438\u0434\u043e\u043d\u0438\u0441\u00bb | Kambariniai augalai | Gintar\u0117s G\u0117l\u0117s<\/title>\n<meta name=\"description\" content=\"Sukulentai - labai \u017eav\u016bs ir lengvai auginami, greitai augantys, kai kurie netgi \u017eydi. Padovanokite artimiesiems i\u0161 Gintar\u0117sg\u0117l\u0117s.lt\" \/>\n<meta name=\"robots\" content=\"index, follow, max-snippet:-1, max-image-preview:large, max-video-preview:-1\" \/>\n<link rel=\"canonical\" href=\"https:\/\/www.gintaresgeles.lt\/ru\/puokste\/%d1%81%d1%83%d0%ba%d1%83%d0%bb%d0%b5%d0%bd%d1%82%d0%b0%d1%81-%d0%bf%d1%83%d0%bb%d0%b8%d0%b4%d0%be%d0%bd%d0%b8%d1%81\/\" \/>\n<meta property=\"og:locale\" content=\"ru_RU\" \/>\n<meta property=\"og:type\" content=\"article\" \/>\n<meta property=\"og:title\" content=\"\u0421\u0443\u043a\u0443\u043b\u0435\u043d\u0442\u0430\u0441 \u00ab\u041f\u0443\u043b\u0438\u0434\u043e\u043d\u0438\u0441\u00bb | Kambariniai augalai | Gintar\u0117s G\u0117l\u0117s\" \/>\n<meta property=\"og:description\" content=\"Sukulentai - labai \u017eav\u016bs ir lengvai auginami, greitai augantys, kai kurie netgi \u017eydi. Padovanokite artimiesiems i\u0161 Gintar\u0117sg\u0117l\u0117s.lt\" \/>\n<meta property=\"og:url\" content=\"https:\/\/www.gintaresgeles.lt\/ru\/puokste\/%d1%81%d1%83%d0%ba%d1%83%d0%bb%d0%b5%d0%bd%d1%82%d0%b0%d1%81-%d0%bf%d1%83%d0%bb%d0%b8%d0%b4%d0%be%d0%bd%d0%b8%d1%81\/\" \/>\n<meta property=\"og:site_name\" content=\"gintaresgeles.lt\" \/>\n<meta property=\"article:modified_time\" content=\"2023-06-12T13:41:27+00:00\" \/>\n<meta property=\"og:image\" content=\"https:\/\/www.gintaresgeles.lt\/wp-content\/uploads\/2023\/03\/mini-augalai-vazonelyje-sukulentai-dovanos-merginai.jpg\" \/>\n\t<meta property=\"og:image:width\" content=\"1200\" \/>\n\t<meta property=\"og:image:height\" content=\"1200\" \/>\n\t<meta property=\"og:image:type\" content=\"image\/jpeg\" \/>\n<meta name=\"twitter:card\" content=\"summary_large_image\" \/>\n<script type=\"application\/ld+json\" class=\"yoast-schema-graph\">{\"@context\":\"https:\/\/schema.org\",\"@graph\":[{\"@type\":\"WebPage\",\"@id\":\"https:\/\/www.gintaresgeles.lt\/ru\/puokste\/%d1%81%d1%83%d0%ba%d1%83%d0%bb%d0%b5%d0%bd%d1%82%d0%b0%d1%81-%d0%bf%d1%83%d0%bb%d0%b8%d0%b4%d0%be%d0%bd%d0%b8%d1%81\/\",\"url\":\"https:\/\/www.gintaresgeles.lt\/ru\/puokste\/%d1%81%d1%83%d0%ba%d1%83%d0%bb%d0%b5%d0%bd%d1%82%d0%b0%d1%81-%d0%bf%d1%83%d0%bb%d0%b8%d0%b4%d0%be%d0%bd%d0%b8%d1%81\/\",\"name\":\"\u0421\u0443\u043a\u0443\u043b\u0435\u043d\u0442\u0430\u0441 \u00ab\u041f\u0443\u043b\u0438\u0434\u043e\u043d\u0438\u0441\u00bb | Kambariniai augalai | Gintar\u0117s G\u0117l\u0117s\",\"isPartOf\":{\"@id\":\"https:\/\/www.gintaresgeles.lt\/ru\/#website\"},\"primaryImageOfPage\":{\"@id\":\"https:\/\/www.gintaresgeles.lt\/ru\/puokste\/%d1%81%d1%83%d0%ba%d1%83%d0%bb%d0%b5%d0%bd%d1%82%d0%b0%d1%81-%d0%bf%d1%83%d0%bb%d0%b8%d0%b4%d0%be%d0%bd%d0%b8%d1%81\/#primaryimage\"},\"image\":{\"@id\":\"https:\/\/www.gintaresgeles.lt\/ru\/puokste\/%d1%81%d1%83%d0%ba%d1%83%d0%bb%d0%b5%d0%bd%d1%82%d0%b0%d1%81-%d0%bf%d1%83%d0%bb%d0%b8%d0%b4%d0%be%d0%bd%d0%b8%d1%81\/#primaryimage\"},\"thumbnailUrl\":\"https:\/\/www.gintaresgeles.lt\/wp-content\/uploads\/2023\/03\/mini-augalai-vazonelyje-sukulentai-dovanos-merginai.jpg\",\"datePublished\":\"2023-03-18T15:23:30+00:00\",\"dateModified\":\"2023-06-12T13:41:27+00:00\",\"description\":\"Sukulentai - labai \u017eav\u016bs ir lengvai auginami, greitai augantys, kai kurie netgi \u017eydi. Padovanokite artimiesiems i\u0161 Gintar\u0117sg\u0117l\u0117s.lt\",\"breadcrumb\":{\"@id\":\"https:\/\/www.gintaresgeles.lt\/ru\/puokste\/%d1%81%d1%83%d0%ba%d1%83%d0%bb%d0%b5%d0%bd%d1%82%d0%b0%d1%81-%d0%bf%d1%83%d0%bb%d0%b8%d0%b4%d0%be%d0%bd%d0%b8%d1%81\/#breadcrumb\"},\"inLanguage\":\"ru-RU\",\"potentialAction\":[{\"@type\":\"ReadAction\",\"target\":[\"https:\/\/www.gintaresgeles.lt\/ru\/puokste\/%d1%81%d1%83%d0%ba%d1%83%d0%bb%d0%b5%d0%bd%d1%82%d0%b0%d1%81-%d0%bf%d1%83%d0%bb%d0%b8%d0%b4%d0%be%d0%bd%d0%b8%d1%81\/\"]}]},{\"@type\":\"ImageObject\",\"inLanguage\":\"ru-RU\",\"@id\":\"https:\/\/www.gintaresgeles.lt\/ru\/puokste\/%d1%81%d1%83%d0%ba%d1%83%d0%bb%d0%b5%d0%bd%d1%82%d0%b0%d1%81-%d0%bf%d1%83%d0%bb%d0%b8%d0%b4%d0%be%d0%bd%d0%b8%d1%81\/#primaryimage\",\"url\":\"https:\/\/www.gintaresgeles.lt\/wp-content\/uploads\/2023\/03\/mini-augalai-vazonelyje-sukulentai-dovanos-merginai.jpg\",\"contentUrl\":\"https:\/\/www.gintaresgeles.lt\/wp-content\/uploads\/2023\/03\/mini-augalai-vazonelyje-sukulentai-dovanos-merginai.jpg\",\"width\":1200,\"height\":1200,\"caption\":\"Sukulentas vazone dovana moteriai\"},{\"@type\":\"BreadcrumbList\",\"@id\":\"https:\/\/www.gintaresgeles.lt\/ru\/puokste\/%d1%81%d1%83%d0%ba%d1%83%d0%bb%d0%b5%d0%bd%d1%82%d0%b0%d1%81-%d0%bf%d1%83%d0%bb%d0%b8%d0%b4%d0%be%d0%bd%d0%b8%d1%81\/#breadcrumb\",\"itemListElement\":[{\"@type\":\"ListItem\",\"position\":1,\"name\":\"Prad\u017eia\",\"item\":\"https:\/\/www.gintaresgeles.lt\/ru\/\"},{\"@type\":\"ListItem\",\"position\":2,\"name\":\"\u0412\u0441\u0435 \u0446\u0432\u0435\u0442\u044b \u0438 \u0434\u0440\u0443\u0433\u0438\u0435 \u043f\u0440\u043e\u0434\u0443\u043a\u0442\u044b\",\"item\":\"https:\/\/www.gintaresgeles.lt\/ru\/vse-cvety-i-drugie-produkty\/\"},{\"@type\":\"ListItem\",\"position\":3,\"name\":\"\u0421\u0443\u043a\u0443\u043b\u0435\u043d\u0442\u0430\u0441 \u00ab\u041f\u0443\u043b\u0438\u0434\u043e\u043d\u0438\u0441\u00bb\"}]},{\"@type\":\"WebSite\",\"@id\":\"https:\/\/www.gintaresgeles.lt\/ru\/#website\",\"url\":\"https:\/\/www.gintaresgeles.lt\/ru\/\",\"name\":\"gintaresgeles.lt\",\"description\":\"G\u0117li\u0173 parduotuv\u0117 internete\",\"potentialAction\":[{\"@type\":\"SearchAction\",\"target\":{\"@type\":\"EntryPoint\",\"urlTemplate\":\"https:\/\/www.gintaresgeles.lt\/ru\/?s={search_term_string}\"},\"query-input\":{\"@type\":\"PropertyValueSpecification\",\"valueRequired\":true,\"valueName\":\"search_term_string\"}}],\"inLanguage\":\"ru-RU\"}]}<\/script>\n<!-- \/ Yoast SEO plugin. -->","yoast_head_json":{"title":"\u0421\u0443\u043a\u0443\u043b\u0435\u043d\u0442\u0430\u0441 \u00ab\u041f\u0443\u043b\u0438\u0434\u043e\u043d\u0438\u0441\u00bb | Kambariniai augalai | Gintar\u0117s G\u0117l\u0117s","description":"Sukulentai - labai \u017eav\u016bs ir lengvai auginami, greitai augantys, kai kurie netgi \u017eydi. Padovanokite artimiesiems i\u0161 Gintar\u0117sg\u0117l\u0117s.lt","robots":{"index":"index","follow":"follow","max-snippet":"max-snippet:-1","max-image-preview":"max-image-preview:large","max-video-preview":"max-video-preview:-1"},"canonical":"https:\/\/www.gintaresgeles.lt\/ru\/puokste\/%d1%81%d1%83%d0%ba%d1%83%d0%bb%d0%b5%d0%bd%d1%82%d0%b0%d1%81-%d0%bf%d1%83%d0%bb%d0%b8%d0%b4%d0%be%d0%bd%d0%b8%d1%81\/","og_locale":"ru_RU","og_type":"article","og_title":"\u0421\u0443\u043a\u0443\u043b\u0435\u043d\u0442\u0430\u0441 \u00ab\u041f\u0443\u043b\u0438\u0434\u043e\u043d\u0438\u0441\u00bb | Kambariniai augalai | Gintar\u0117s G\u0117l\u0117s","og_description":"Sukulentai - labai \u017eav\u016bs ir lengvai auginami, greitai augantys, kai kurie netgi \u017eydi. Padovanokite artimiesiems i\u0161 Gintar\u0117sg\u0117l\u0117s.lt","og_url":"https:\/\/www.gintaresgeles.lt\/ru\/puokste\/%d1%81%d1%83%d0%ba%d1%83%d0%bb%d0%b5%d0%bd%d1%82%d0%b0%d1%81-%d0%bf%d1%83%d0%bb%d0%b8%d0%b4%d0%be%d0%bd%d0%b8%d1%81\/","og_site_name":"gintaresgeles.lt","article_modified_time":"2023-06-12T13:41:27+00:00","og_image":[{"width":1200,"height":1200,"url":"https:\/\/www.gintaresgeles.lt\/wp-content\/uploads\/2023\/03\/mini-augalai-vazonelyje-sukulentai-dovanos-merginai.jpg","type":"image\/jpeg"}],"twitter_card":"summary_large_image","schema":{"@context":"https:\/\/schema.org","@graph":[{"@type":"WebPage","@id":"https:\/\/www.gintaresgeles.lt\/ru\/puokste\/%d1%81%d1%83%d0%ba%d1%83%d0%bb%d0%b5%d0%bd%d1%82%d0%b0%d1%81-%d0%bf%d1%83%d0%bb%d0%b8%d0%b4%d0%be%d0%bd%d0%b8%d1%81\/","url":"https:\/\/www.gintaresgeles.lt\/ru\/puokste\/%d1%81%d1%83%d0%ba%d1%83%d0%bb%d0%b5%d0%bd%d1%82%d0%b0%d1%81-%d0%bf%d1%83%d0%bb%d0%b8%d0%b4%d0%be%d0%bd%d0%b8%d1%81\/","name":"\u0421\u0443\u043a\u0443\u043b\u0435\u043d\u0442\u0430\u0441 \u00ab\u041f\u0443\u043b\u0438\u0434\u043e\u043d\u0438\u0441\u00bb | Kambariniai augalai | Gintar\u0117s G\u0117l\u0117s","isPartOf":{"@id":"https:\/\/www.gintaresgeles.lt\/ru\/#website"},"primaryImageOfPage":{"@id":"https:\/\/www.gintaresgeles.lt\/ru\/puokste\/%d1%81%d1%83%d0%ba%d1%83%d0%bb%d0%b5%d0%bd%d1%82%d0%b0%d1%81-%d0%bf%d1%83%d0%bb%d0%b8%d0%b4%d0%be%d0%bd%d0%b8%d1%81\/#primaryimage"},"image":{"@id":"https:\/\/www.gintaresgeles.lt\/ru\/puokste\/%d1%81%d1%83%d0%ba%d1%83%d0%bb%d0%b5%d0%bd%d1%82%d0%b0%d1%81-%d0%bf%d1%83%d0%bb%d0%b8%d0%b4%d0%be%d0%bd%d0%b8%d1%81\/#primaryimage"},"thumbnailUrl":"https:\/\/www.gintaresgeles.lt\/wp-content\/uploads\/2023\/03\/mini-augalai-vazonelyje-sukulentai-dovanos-merginai.jpg","datePublished":"2023-03-18T15:23:30+00:00","dateModified":"2023-06-12T13:41:27+00:00","description":"Sukulentai - labai \u017eav\u016bs ir lengvai auginami, greitai augantys, kai kurie netgi \u017eydi. Padovanokite artimiesiems i\u0161 Gintar\u0117sg\u0117l\u0117s.lt","breadcrumb":{"@id":"https:\/\/www.gintaresgeles.lt\/ru\/puokste\/%d1%81%d1%83%d0%ba%d1%83%d0%bb%d0%b5%d0%bd%d1%82%d0%b0%d1%81-%d0%bf%d1%83%d0%bb%d0%b8%d0%b4%d0%be%d0%bd%d0%b8%d1%81\/#breadcrumb"},"inLanguage":"ru-RU","potentialAction":[{"@type":"ReadAction","target":["https:\/\/www.gintaresgeles.lt\/ru\/puokste\/%d1%81%d1%83%d0%ba%d1%83%d0%bb%d0%b5%d0%bd%d1%82%d0%b0%d1%81-%d0%bf%d1%83%d0%bb%d0%b8%d0%b4%d0%be%d0%bd%d0%b8%d1%81\/"]}]},{"@type":"ImageObject","inLanguage":"ru-RU","@id":"https:\/\/www.gintaresgeles.lt\/ru\/puokste\/%d1%81%d1%83%d0%ba%d1%83%d0%bb%d0%b5%d0%bd%d1%82%d0%b0%d1%81-%d0%bf%d1%83%d0%bb%d0%b8%d0%b4%d0%be%d0%bd%d0%b8%d1%81\/#primaryimage","url":"https:\/\/www.gintaresgeles.lt\/wp-content\/uploads\/2023\/03\/mini-augalai-vazonelyje-sukulentai-dovanos-merginai.jpg","contentUrl":"https:\/\/www.gintaresgeles.lt\/wp-content\/uploads\/2023\/03\/mini-augalai-vazonelyje-sukulentai-dovanos-merginai.jpg","width":1200,"height":1200,"caption":"Sukulentas vazone dovana moteriai"},{"@type":"BreadcrumbList","@id":"https:\/\/www.gintaresgeles.lt\/ru\/puokste\/%d1%81%d1%83%d0%ba%d1%83%d0%bb%d0%b5%d0%bd%d1%82%d0%b0%d1%81-%d0%bf%d1%83%d0%bb%d0%b8%d0%b4%d0%be%d0%bd%d0%b8%d1%81\/#breadcrumb","itemListElement":[{"@type":"ListItem","position":1,"name":"Prad\u017eia","item":"https:\/\/www.gintaresgeles.lt\/ru\/"},{"@type":"ListItem","position":2,"name":"\u0412\u0441\u0435 \u0446\u0432\u0435\u0442\u044b \u0438 \u0434\u0440\u0443\u0433\u0438\u0435 \u043f\u0440\u043e\u0434\u0443\u043a\u0442\u044b","item":"https:\/\/www.gintaresgeles.lt\/ru\/vse-cvety-i-drugie-produkty\/"},{"@type":"ListItem","position":3,"name":"\u0421\u0443\u043a\u0443\u043b\u0435\u043d\u0442\u0430\u0441 \u00ab\u041f\u0443\u043b\u0438\u0434\u043e\u043d\u0438\u0441\u00bb"}]},{"@type":"WebSite","@id":"https:\/\/www.gintaresgeles.lt\/ru\/#website","url":"https:\/\/www.gintaresgeles.lt\/ru\/","name":"gintaresgeles.lt","description":"G\u0117li\u0173 parduotuv\u0117 internete","potentialAction":[{"@type":"SearchAction","target":{"@type":"EntryPoint","urlTemplate":"https:\/\/www.gintaresgeles.lt\/ru\/?s={search_term_string}"},"query-input":{"@type":"PropertyValueSpecification","valueRequired":true,"valueName":"search_term_string"}}],"inLanguage":"ru-RU"}]}},"_links":{"self":[{"href":"https:\/\/www.gintaresgeles.lt\/ru\/wp-json\/wp\/v2\/product\/48573","targetHints":{"allow":["GET"]}}],"collection":[{"href":"https:\/\/www.gintaresgeles.lt\/ru\/wp-json\/wp\/v2\/product"}],"about":[{"href":"https:\/\/www.gintaresgeles.lt\/ru\/wp-json\/wp\/v2\/types\/product"}],"wp:featuredmedia":[{"embeddable":true,"href":"https:\/\/www.gintaresgeles.lt\/ru\/wp-json\/wp\/v2\/media\/47625"}],"wp:attachment":[{"href":"https:\/\/www.gintaresgeles.lt\/ru\/wp-json\/wp\/v2\/media?parent=48573"}],"wp:term":[{"taxonomy":"product_brand","embeddable":true,"href":"https:\/\/www.gintaresgeles.lt\/ru\/wp-json\/wp\/v2\/product_brand?post=48573"},{"taxonomy":"product_cat","embeddable":true,"href":"https:\/\/www.gintaresgeles.lt\/ru\/wp-json\/wp\/v2\/product_cat?post=48573"},{"taxonomy":"product_tag","embeddable":true,"href":"https:\/\/www.gintaresgeles.lt\/ru\/wp-json\/wp\/v2\/product_tag?post=48573"}],"curies":[{"name":"wp","href":"https:\/\/api.w.org\/{rel}","templated":true}]}}