{"id":49178,"date":"2023-08-10T12:03:14","date_gmt":"2023-08-10T10:03:21","guid":{"rendered":"https:\/\/www.gintaresgeles.lt\/?post_type=product&#038;p=49178"},"modified":"2025-05-29T01:59:15","modified_gmt":"2025-05-28T23:59:15","slug":"%d0%b1%d1%83%d0%ba%d0%b5%d1%82-%d1%86%d0%b2%d0%b5%d1%82%d0%be%d0%b2-%d1%80%d0%b0%d1%81%d1%81%d0%b2%d0%b5%d1%82","status":"publish","type":"product","link":"https:\/\/www.gintaresgeles.lt\/ru\/puokste\/%d0%b1%d1%83%d0%ba%d0%b5%d1%82-%d1%86%d0%b2%d0%b5%d1%82%d0%be%d0%b2-%d1%80%d0%b0%d1%81%d1%81%d0%b2%d0%b5%d1%82\/","title":{"rendered":"\u0411\u0443\u043a\u0435\u0442 \u0446\u0432\u0435\u0442\u043e\u0432 &#171;\u0420\u0430\u0441\u0441\u0432\u0435\u0442&#187;"},"content":{"rendered":"","protected":false},"excerpt":{"rendered":"<p>\u042d\u043a\u0441\u043a\u043b\u044e\u0437\u0438\u0432\u043d\u043e\u0435 \u043f\u0440\u0435\u0434\u043b\u043e\u0436\u0435\u043d\u0438\u0435 \u0434\u043b\u044f \u043b\u044e\u0431\u0438\u0442\u0435\u043b\u0435\u0439 \u043f\u043e\u0434\u0441\u043e\u043b\u043d\u0443\u0445\u043e\u0432 &#8212; \u043c\u0438\u043d\u0438\u043c\u0430\u043b\u0438\u0441\u0442\u0438\u0447\u043d\u044b\u0439 \u0431\u0443\u043a\u0435\u0442 &#171;\u0420\u0430\u0441\u0441\u0432\u0435\u0442&#187;. \u041e\u0447\u0430\u0440\u0443\u0439\u0442\u0435 \u0432\u0441\u0435\u0445 \u044d\u0442\u0438\u043c \u043d\u0435\u0431\u043e\u043b\u044c\u0448\u0438\u043c, \u043d\u043e \u043d\u0435\u043e\u0431\u044b\u0447\u0430\u0439\u043d\u043e \u043a\u0440\u0430\u0441\u0438\u0432\u044b\u043c \u0431\u0443\u043a\u0435\u0442\u043e\u043c.<\/p>\n<p>\u0411\u0443\u043a\u0435\u0442 \u0441\u043e\u0441\u0442\u043e\u0438\u0442 \u0438\u0437 1 \u043f\u043e\u0434\u0441\u043e\u043b\u043d\u0443\u0445\u0430, 3 \u0432\u0435\u0442\u043e\u043a \u0433\u0438\u043f\u0441\u043e\u0444\u0438\u043b \u0438 \u044d\u0432\u043a\u0430\u043b\u0438\u043f\u0442\u0430.<\/p>\n","protected":false},"featured_media":48995,"template":"","meta":[],"product_brand":[],"product_cat":[1000,977,970,971,976,2158,972,965,967,966,968,973,999,1805,2156,1141,1902],"product_tag":[],"class_list":{"0":"post-49178","1":"product","2":"type-product","3":"status-publish","4":"has-post-thumbnail","6":"product_cat-1000","7":"product_cat-977","8":"product_cat-970","9":"product_cat-971","10":"product_cat-976","11":"product_cat-1-","12":"product_cat-972","13":"product_cat-965","14":"product_cat-967","15":"product_cat-966","16":"product_cat-968","17":"product_cat-973","18":"product_cat-999","19":"product_cat-1805","20":"product_cat-2156","21":"product_cat-1141","22":"product_cat-1902","23":"tm-has-options","25":"first","26":"outofstock","27":"taxable","28":"shipping-taxable","29":"purchasable","30":"product-type-simple"},"yoast_head":"<!-- This site is optimized with the Yoast SEO plugin v25.3 - https:\/\/yoast.com\/wordpress\/plugins\/seo\/ -->\n<title>\u0411\u0443\u043a\u0435\u0442 \u0446\u0432\u0435\u0442\u043e\u0432 &quot;\u0420\u0430\u0441\u0441\u0432\u0435\u0442&quot; | \u0411\u0443\u043a\u0435\u0442\u044b \u0432 \u0412\u0438\u043b\u044c\u043d\u044e\u0441\u0435 | Gintar\u0117s g\u0117l\u0117s<\/title>\n<meta name=\"description\" content=\"\u0418\u0449\u0435\u0442\u0435 \u0441\u043f\u043e\u0441\u043e\u0431 \u0441\u0438\u043c\u0432\u043e\u043b\u0438\u0447\u0435\u0441\u043a\u0438 \u0443\u0434\u0438\u0432\u0438\u0442\u044c \u043b\u044e\u0431\u0438\u043c\u043e\u0433\u043e \u0447\u0435\u043b\u043e\u0432\u0435\u043a\u0430? \u041c\u044b \u043c\u043e\u0436\u0435\u043c \u043f\u0440\u0435\u0434\u043b\u043e\u0436\u0438\u0442\u044c \u0412\u0430\u043c \u043d\u0435\u0431\u043e\u043b\u044c\u0448\u043e\u0439, \u043d\u043e \u043e\u0447\u0430\u0440\u043e\u0432\u0430\u0442\u0435\u043b\u044c\u043d\u044b\u0439 \u0431\u0443\u043a\u0435\u0442\u0438\u043a &quot;\u0420\u0430\u0441\u0441\u0432\u0435\u0442&quot;.\" \/>\n<meta name=\"robots\" content=\"index, follow, max-snippet:-1, max-image-preview:large, max-video-preview:-1\" \/>\n<link rel=\"canonical\" href=\"https:\/\/www.gintaresgeles.lt\/ru\/puokste\/%d0%b1%d1%83%d0%ba%d0%b5%d1%82-%d1%86%d0%b2%d0%b5%d1%82%d0%be%d0%b2-%d1%80%d0%b0%d1%81%d1%81%d0%b2%d0%b5%d1%82\/\" \/>\n<meta property=\"og:locale\" content=\"ru_RU\" \/>\n<meta property=\"og:type\" content=\"article\" \/>\n<meta property=\"og:title\" content=\"\u0411\u0443\u043a\u0435\u0442 \u0446\u0432\u0435\u0442\u043e\u0432 &quot;\u0420\u0430\u0441\u0441\u0432\u0435\u0442&quot; | \u0411\u0443\u043a\u0435\u0442\u044b \u0432 \u0412\u0438\u043b\u044c\u043d\u044e\u0441\u0435 | Gintar\u0117s g\u0117l\u0117s\" \/>\n<meta property=\"og:description\" content=\"\u0418\u0449\u0435\u0442\u0435 \u0441\u043f\u043e\u0441\u043e\u0431 \u0441\u0438\u043c\u0432\u043e\u043b\u0438\u0447\u0435\u0441\u043a\u0438 \u0443\u0434\u0438\u0432\u0438\u0442\u044c \u043b\u044e\u0431\u0438\u043c\u043e\u0433\u043e \u0447\u0435\u043b\u043e\u0432\u0435\u043a\u0430? \u041c\u044b \u043c\u043e\u0436\u0435\u043c \u043f\u0440\u0435\u0434\u043b\u043e\u0436\u0438\u0442\u044c \u0412\u0430\u043c \u043d\u0435\u0431\u043e\u043b\u044c\u0448\u043e\u0439, \u043d\u043e \u043e\u0447\u0430\u0440\u043e\u0432\u0430\u0442\u0435\u043b\u044c\u043d\u044b\u0439 \u0431\u0443\u043a\u0435\u0442\u0438\u043a &quot;\u0420\u0430\u0441\u0441\u0432\u0435\u0442&quot;.\" \/>\n<meta property=\"og:url\" content=\"https:\/\/www.gintaresgeles.lt\/ru\/puokste\/%d0%b1%d1%83%d0%ba%d0%b5%d1%82-%d1%86%d0%b2%d0%b5%d1%82%d0%be%d0%b2-%d1%80%d0%b0%d1%81%d1%81%d0%b2%d0%b5%d1%82\/\" \/>\n<meta property=\"og:site_name\" content=\"gintaresgeles.lt\" \/>\n<meta property=\"article:modified_time\" content=\"2025-05-28T23:59:15+00:00\" \/>\n<meta property=\"og:image\" content=\"https:\/\/www.gintaresgeles.lt\/wp-content\/uploads\/2023\/07\/geles-rugsejo-1.jpg\" \/>\n\t<meta property=\"og:image:width\" content=\"1200\" \/>\n\t<meta property=\"og:image:height\" content=\"1200\" \/>\n\t<meta property=\"og:image:type\" content=\"image\/jpeg\" \/>\n<meta name=\"twitter:card\" content=\"summary_large_image\" \/>\n<script type=\"application\/ld+json\" class=\"yoast-schema-graph\">{\"@context\":\"https:\/\/schema.org\",\"@graph\":[{\"@type\":\"WebPage\",\"@id\":\"https:\/\/www.gintaresgeles.lt\/ru\/puokste\/%d0%b1%d1%83%d0%ba%d0%b5%d1%82-%d1%86%d0%b2%d0%b5%d1%82%d0%be%d0%b2-%d1%80%d0%b0%d1%81%d1%81%d0%b2%d0%b5%d1%82\/\",\"url\":\"https:\/\/www.gintaresgeles.lt\/ru\/puokste\/%d0%b1%d1%83%d0%ba%d0%b5%d1%82-%d1%86%d0%b2%d0%b5%d1%82%d0%be%d0%b2-%d1%80%d0%b0%d1%81%d1%81%d0%b2%d0%b5%d1%82\/\",\"name\":\"\u0411\u0443\u043a\u0435\u0442 \u0446\u0432\u0435\u0442\u043e\u0432 \\\"\u0420\u0430\u0441\u0441\u0432\u0435\u0442\\\" | \u0411\u0443\u043a\u0435\u0442\u044b \u0432 \u0412\u0438\u043b\u044c\u043d\u044e\u0441\u0435 | Gintar\u0117s g\u0117l\u0117s\",\"isPartOf\":{\"@id\":\"https:\/\/www.gintaresgeles.lt\/ru\/#website\"},\"primaryImageOfPage\":{\"@id\":\"https:\/\/www.gintaresgeles.lt\/ru\/puokste\/%d0%b1%d1%83%d0%ba%d0%b5%d1%82-%d1%86%d0%b2%d0%b5%d1%82%d0%be%d0%b2-%d1%80%d0%b0%d1%81%d1%81%d0%b2%d0%b5%d1%82\/#primaryimage\"},\"image\":{\"@id\":\"https:\/\/www.gintaresgeles.lt\/ru\/puokste\/%d0%b1%d1%83%d0%ba%d0%b5%d1%82-%d1%86%d0%b2%d0%b5%d1%82%d0%be%d0%b2-%d1%80%d0%b0%d1%81%d1%81%d0%b2%d0%b5%d1%82\/#primaryimage\"},\"thumbnailUrl\":\"https:\/\/www.gintaresgeles.lt\/wp-content\/uploads\/2023\/07\/geles-rugsejo-1.jpg\",\"datePublished\":\"2023-08-10T10:03:21+00:00\",\"dateModified\":\"2025-05-28T23:59:15+00:00\",\"description\":\"\u0418\u0449\u0435\u0442\u0435 \u0441\u043f\u043e\u0441\u043e\u0431 \u0441\u0438\u043c\u0432\u043e\u043b\u0438\u0447\u0435\u0441\u043a\u0438 \u0443\u0434\u0438\u0432\u0438\u0442\u044c \u043b\u044e\u0431\u0438\u043c\u043e\u0433\u043e \u0447\u0435\u043b\u043e\u0432\u0435\u043a\u0430? \u041c\u044b \u043c\u043e\u0436\u0435\u043c \u043f\u0440\u0435\u0434\u043b\u043e\u0436\u0438\u0442\u044c \u0412\u0430\u043c \u043d\u0435\u0431\u043e\u043b\u044c\u0448\u043e\u0439, \u043d\u043e \u043e\u0447\u0430\u0440\u043e\u0432\u0430\u0442\u0435\u043b\u044c\u043d\u044b\u0439 \u0431\u0443\u043a\u0435\u0442\u0438\u043a \\\"\u0420\u0430\u0441\u0441\u0432\u0435\u0442\\\".\",\"breadcrumb\":{\"@id\":\"https:\/\/www.gintaresgeles.lt\/ru\/puokste\/%d0%b1%d1%83%d0%ba%d0%b5%d1%82-%d1%86%d0%b2%d0%b5%d1%82%d0%be%d0%b2-%d1%80%d0%b0%d1%81%d1%81%d0%b2%d0%b5%d1%82\/#breadcrumb\"},\"inLanguage\":\"ru-RU\",\"potentialAction\":[{\"@type\":\"ReadAction\",\"target\":[\"https:\/\/www.gintaresgeles.lt\/ru\/puokste\/%d0%b1%d1%83%d0%ba%d0%b5%d1%82-%d1%86%d0%b2%d0%b5%d1%82%d0%be%d0%b2-%d1%80%d0%b0%d1%81%d1%81%d0%b2%d0%b5%d1%82\/\"]}]},{\"@type\":\"ImageObject\",\"inLanguage\":\"ru-RU\",\"@id\":\"https:\/\/www.gintaresgeles.lt\/ru\/puokste\/%d0%b1%d1%83%d0%ba%d0%b5%d1%82-%d1%86%d0%b2%d0%b5%d1%82%d0%be%d0%b2-%d1%80%d0%b0%d1%81%d1%81%d0%b2%d0%b5%d1%82\/#primaryimage\",\"url\":\"https:\/\/www.gintaresgeles.lt\/wp-content\/uploads\/2023\/07\/geles-rugsejo-1.jpg\",\"contentUrl\":\"https:\/\/www.gintaresgeles.lt\/wp-content\/uploads\/2023\/07\/geles-rugsejo-1.jpg\",\"width\":1200,\"height\":1200,\"caption\":\"geles-rugsejo-1\"},{\"@type\":\"BreadcrumbList\",\"@id\":\"https:\/\/www.gintaresgeles.lt\/ru\/puokste\/%d0%b1%d1%83%d0%ba%d0%b5%d1%82-%d1%86%d0%b2%d0%b5%d1%82%d0%be%d0%b2-%d1%80%d0%b0%d1%81%d1%81%d0%b2%d0%b5%d1%82\/#breadcrumb\",\"itemListElement\":[{\"@type\":\"ListItem\",\"position\":1,\"name\":\"Prad\u017eia\",\"item\":\"https:\/\/www.gintaresgeles.lt\/ru\/\"},{\"@type\":\"ListItem\",\"position\":2,\"name\":\"\u0412\u0441\u0435 \u0446\u0432\u0435\u0442\u044b \u0438 \u0434\u0440\u0443\u0433\u0438\u0435 \u043f\u0440\u043e\u0434\u0443\u043a\u0442\u044b\",\"item\":\"https:\/\/www.gintaresgeles.lt\/ru\/vse-cvety-i-drugie-produkty\/\"},{\"@type\":\"ListItem\",\"position\":3,\"name\":\"\u0411\u0443\u043a\u0435\u0442 \u0446\u0432\u0435\u0442\u043e\u0432 &#8222;\u0420\u0430\u0441\u0441\u0432\u0435\u0442&#8221;\"}]},{\"@type\":\"WebSite\",\"@id\":\"https:\/\/www.gintaresgeles.lt\/ru\/#website\",\"url\":\"https:\/\/www.gintaresgeles.lt\/ru\/\",\"name\":\"Gintares Geles\",\"description\":\"\u0414\u043e\u0441\u0442\u0430\u0432\u043a\u0430 \u0446\u0432\u0435\u0442\u043e\u0432 \u0432 \u0412\u0438\u043b\u044c\u043d\u044e\u0441\u0435 | \u0412 \u0442\u043e\u0442 \u0436\u0435 \u0434\u0435\u043d\u044c | Gintares geles\",\"potentialAction\":[{\"@type\":\"SearchAction\",\"target\":{\"@type\":\"EntryPoint\",\"urlTemplate\":\"https:\/\/www.gintaresgeles.lt\/ru\/?s={search_term_string}\"},\"query-input\":{\"@type\":\"PropertyValueSpecification\",\"valueRequired\":true,\"valueName\":\"search_term_string\"}}],\"inLanguage\":\"ru-RU\"}]}<\/script>\n<!-- \/ Yoast SEO plugin. -->","yoast_head_json":{"title":"\u0411\u0443\u043a\u0435\u0442 \u0446\u0432\u0435\u0442\u043e\u0432 \"\u0420\u0430\u0441\u0441\u0432\u0435\u0442\" | \u0411\u0443\u043a\u0435\u0442\u044b \u0432 \u0412\u0438\u043b\u044c\u043d\u044e\u0441\u0435 | Gintar\u0117s g\u0117l\u0117s","description":"\u0418\u0449\u0435\u0442\u0435 \u0441\u043f\u043e\u0441\u043e\u0431 \u0441\u0438\u043c\u0432\u043e\u043b\u0438\u0447\u0435\u0441\u043a\u0438 \u0443\u0434\u0438\u0432\u0438\u0442\u044c \u043b\u044e\u0431\u0438\u043c\u043e\u0433\u043e \u0447\u0435\u043b\u043e\u0432\u0435\u043a\u0430? \u041c\u044b \u043c\u043e\u0436\u0435\u043c \u043f\u0440\u0435\u0434\u043b\u043e\u0436\u0438\u0442\u044c \u0412\u0430\u043c \u043d\u0435\u0431\u043e\u043b\u044c\u0448\u043e\u0439, \u043d\u043e \u043e\u0447\u0430\u0440\u043e\u0432\u0430\u0442\u0435\u043b\u044c\u043d\u044b\u0439 \u0431\u0443\u043a\u0435\u0442\u0438\u043a \"\u0420\u0430\u0441\u0441\u0432\u0435\u0442\".","robots":{"index":"index","follow":"follow","max-snippet":"max-snippet:-1","max-image-preview":"max-image-preview:large","max-video-preview":"max-video-preview:-1"},"canonical":"https:\/\/www.gintaresgeles.lt\/ru\/puokste\/%d0%b1%d1%83%d0%ba%d0%b5%d1%82-%d1%86%d0%b2%d0%b5%d1%82%d0%be%d0%b2-%d1%80%d0%b0%d1%81%d1%81%d0%b2%d0%b5%d1%82\/","og_locale":"ru_RU","og_type":"article","og_title":"\u0411\u0443\u043a\u0435\u0442 \u0446\u0432\u0435\u0442\u043e\u0432 \"\u0420\u0430\u0441\u0441\u0432\u0435\u0442\" | \u0411\u0443\u043a\u0435\u0442\u044b \u0432 \u0412\u0438\u043b\u044c\u043d\u044e\u0441\u0435 | Gintar\u0117s g\u0117l\u0117s","og_description":"\u0418\u0449\u0435\u0442\u0435 \u0441\u043f\u043e\u0441\u043e\u0431 \u0441\u0438\u043c\u0432\u043e\u043b\u0438\u0447\u0435\u0441\u043a\u0438 \u0443\u0434\u0438\u0432\u0438\u0442\u044c \u043b\u044e\u0431\u0438\u043c\u043e\u0433\u043e \u0447\u0435\u043b\u043e\u0432\u0435\u043a\u0430? \u041c\u044b \u043c\u043e\u0436\u0435\u043c \u043f\u0440\u0435\u0434\u043b\u043e\u0436\u0438\u0442\u044c \u0412\u0430\u043c \u043d\u0435\u0431\u043e\u043b\u044c\u0448\u043e\u0439, \u043d\u043e \u043e\u0447\u0430\u0440\u043e\u0432\u0430\u0442\u0435\u043b\u044c\u043d\u044b\u0439 \u0431\u0443\u043a\u0435\u0442\u0438\u043a \"\u0420\u0430\u0441\u0441\u0432\u0435\u0442\".","og_url":"https:\/\/www.gintaresgeles.lt\/ru\/puokste\/%d0%b1%d1%83%d0%ba%d0%b5%d1%82-%d1%86%d0%b2%d0%b5%d1%82%d0%be%d0%b2-%d1%80%d0%b0%d1%81%d1%81%d0%b2%d0%b5%d1%82\/","og_site_name":"gintaresgeles.lt","article_modified_time":"2025-05-28T23:59:15+00:00","og_image":[{"width":1200,"height":1200,"url":"https:\/\/www.gintaresgeles.lt\/wp-content\/uploads\/2023\/07\/geles-rugsejo-1.jpg","type":"image\/jpeg"}],"twitter_card":"summary_large_image","schema":{"@context":"https:\/\/schema.org","@graph":[{"@type":"WebPage","@id":"https:\/\/www.gintaresgeles.lt\/ru\/puokste\/%d0%b1%d1%83%d0%ba%d0%b5%d1%82-%d1%86%d0%b2%d0%b5%d1%82%d0%be%d0%b2-%d1%80%d0%b0%d1%81%d1%81%d0%b2%d0%b5%d1%82\/","url":"https:\/\/www.gintaresgeles.lt\/ru\/puokste\/%d0%b1%d1%83%d0%ba%d0%b5%d1%82-%d1%86%d0%b2%d0%b5%d1%82%d0%be%d0%b2-%d1%80%d0%b0%d1%81%d1%81%d0%b2%d0%b5%d1%82\/","name":"\u0411\u0443\u043a\u0435\u0442 \u0446\u0432\u0435\u0442\u043e\u0432 \"\u0420\u0430\u0441\u0441\u0432\u0435\u0442\" | \u0411\u0443\u043a\u0435\u0442\u044b \u0432 \u0412\u0438\u043b\u044c\u043d\u044e\u0441\u0435 | Gintar\u0117s g\u0117l\u0117s","isPartOf":{"@id":"https:\/\/www.gintaresgeles.lt\/ru\/#website"},"primaryImageOfPage":{"@id":"https:\/\/www.gintaresgeles.lt\/ru\/puokste\/%d0%b1%d1%83%d0%ba%d0%b5%d1%82-%d1%86%d0%b2%d0%b5%d1%82%d0%be%d0%b2-%d1%80%d0%b0%d1%81%d1%81%d0%b2%d0%b5%d1%82\/#primaryimage"},"image":{"@id":"https:\/\/www.gintaresgeles.lt\/ru\/puokste\/%d0%b1%d1%83%d0%ba%d0%b5%d1%82-%d1%86%d0%b2%d0%b5%d1%82%d0%be%d0%b2-%d1%80%d0%b0%d1%81%d1%81%d0%b2%d0%b5%d1%82\/#primaryimage"},"thumbnailUrl":"https:\/\/www.gintaresgeles.lt\/wp-content\/uploads\/2023\/07\/geles-rugsejo-1.jpg","datePublished":"2023-08-10T10:03:21+00:00","dateModified":"2025-05-28T23:59:15+00:00","description":"\u0418\u0449\u0435\u0442\u0435 \u0441\u043f\u043e\u0441\u043e\u0431 \u0441\u0438\u043c\u0432\u043e\u043b\u0438\u0447\u0435\u0441\u043a\u0438 \u0443\u0434\u0438\u0432\u0438\u0442\u044c \u043b\u044e\u0431\u0438\u043c\u043e\u0433\u043e \u0447\u0435\u043b\u043e\u0432\u0435\u043a\u0430? \u041c\u044b \u043c\u043e\u0436\u0435\u043c \u043f\u0440\u0435\u0434\u043b\u043e\u0436\u0438\u0442\u044c \u0412\u0430\u043c \u043d\u0435\u0431\u043e\u043b\u044c\u0448\u043e\u0439, \u043d\u043e \u043e\u0447\u0430\u0440\u043e\u0432\u0430\u0442\u0435\u043b\u044c\u043d\u044b\u0439 \u0431\u0443\u043a\u0435\u0442\u0438\u043a \"\u0420\u0430\u0441\u0441\u0432\u0435\u0442\".","breadcrumb":{"@id":"https:\/\/www.gintaresgeles.lt\/ru\/puokste\/%d0%b1%d1%83%d0%ba%d0%b5%d1%82-%d1%86%d0%b2%d0%b5%d1%82%d0%be%d0%b2-%d1%80%d0%b0%d1%81%d1%81%d0%b2%d0%b5%d1%82\/#breadcrumb"},"inLanguage":"ru-RU","potentialAction":[{"@type":"ReadAction","target":["https:\/\/www.gintaresgeles.lt\/ru\/puokste\/%d0%b1%d1%83%d0%ba%d0%b5%d1%82-%d1%86%d0%b2%d0%b5%d1%82%d0%be%d0%b2-%d1%80%d0%b0%d1%81%d1%81%d0%b2%d0%b5%d1%82\/"]}]},{"@type":"ImageObject","inLanguage":"ru-RU","@id":"https:\/\/www.gintaresgeles.lt\/ru\/puokste\/%d0%b1%d1%83%d0%ba%d0%b5%d1%82-%d1%86%d0%b2%d0%b5%d1%82%d0%be%d0%b2-%d1%80%d0%b0%d1%81%d1%81%d0%b2%d0%b5%d1%82\/#primaryimage","url":"https:\/\/www.gintaresgeles.lt\/wp-content\/uploads\/2023\/07\/geles-rugsejo-1.jpg","contentUrl":"https:\/\/www.gintaresgeles.lt\/wp-content\/uploads\/2023\/07\/geles-rugsejo-1.jpg","width":1200,"height":1200,"caption":"geles-rugsejo-1"},{"@type":"BreadcrumbList","@id":"https:\/\/www.gintaresgeles.lt\/ru\/puokste\/%d0%b1%d1%83%d0%ba%d0%b5%d1%82-%d1%86%d0%b2%d0%b5%d1%82%d0%be%d0%b2-%d1%80%d0%b0%d1%81%d1%81%d0%b2%d0%b5%d1%82\/#breadcrumb","itemListElement":[{"@type":"ListItem","position":1,"name":"Prad\u017eia","item":"https:\/\/www.gintaresgeles.lt\/ru\/"},{"@type":"ListItem","position":2,"name":"\u0412\u0441\u0435 \u0446\u0432\u0435\u0442\u044b \u0438 \u0434\u0440\u0443\u0433\u0438\u0435 \u043f\u0440\u043e\u0434\u0443\u043a\u0442\u044b","item":"https:\/\/www.gintaresgeles.lt\/ru\/vse-cvety-i-drugie-produkty\/"},{"@type":"ListItem","position":3,"name":"\u0411\u0443\u043a\u0435\u0442 \u0446\u0432\u0435\u0442\u043e\u0432 &#8222;\u0420\u0430\u0441\u0441\u0432\u0435\u0442&#8221;"}]},{"@type":"WebSite","@id":"https:\/\/www.gintaresgeles.lt\/ru\/#website","url":"https:\/\/www.gintaresgeles.lt\/ru\/","name":"Gintares Geles","description":"\u0414\u043e\u0441\u0442\u0430\u0432\u043a\u0430 \u0446\u0432\u0435\u0442\u043e\u0432 \u0432 \u0412\u0438\u043b\u044c\u043d\u044e\u0441\u0435 | \u0412 \u0442\u043e\u0442 \u0436\u0435 \u0434\u0435\u043d\u044c | Gintares geles","potentialAction":[{"@type":"SearchAction","target":{"@type":"EntryPoint","urlTemplate":"https:\/\/www.gintaresgeles.lt\/ru\/?s={search_term_string}"},"query-input":{"@type":"PropertyValueSpecification","valueRequired":true,"valueName":"search_term_string"}}],"inLanguage":"ru-RU"}]}},"_links":{"self":[{"href":"https:\/\/www.gintaresgeles.lt\/ru\/wp-json\/wp\/v2\/product\/49178","targetHints":{"allow":["GET"]}}],"collection":[{"href":"https:\/\/www.gintaresgeles.lt\/ru\/wp-json\/wp\/v2\/product"}],"about":[{"href":"https:\/\/www.gintaresgeles.lt\/ru\/wp-json\/wp\/v2\/types\/product"}],"wp:featuredmedia":[{"embeddable":true,"href":"https:\/\/www.gintaresgeles.lt\/ru\/wp-json\/wp\/v2\/media\/48995"}],"wp:attachment":[{"href":"https:\/\/www.gintaresgeles.lt\/ru\/wp-json\/wp\/v2\/media?parent=49178"}],"wp:term":[{"taxonomy":"product_brand","embeddable":true,"href":"https:\/\/www.gintaresgeles.lt\/ru\/wp-json\/wp\/v2\/product_brand?post=49178"},{"taxonomy":"product_cat","embeddable":true,"href":"https:\/\/www.gintaresgeles.lt\/ru\/wp-json\/wp\/v2\/product_cat?post=49178"},{"taxonomy":"product_tag","embeddable":true,"href":"https:\/\/www.gintaresgeles.lt\/ru\/wp-json\/wp\/v2\/product_tag?post=49178"}],"curies":[{"name":"wp","href":"https:\/\/api.w.org\/{rel}","templated":true}]}}