{"id":49674,"date":"2023-10-12T17:00:23","date_gmt":"2023-10-12T15:00:23","guid":{"rendered":"https:\/\/www.gintaresgeles.lt\/?post_type=product&#038;p=49674"},"modified":"2026-02-18T11:43:05","modified_gmt":"2026-02-18T09:43:05","slug":"%d0%ba%d0%be%d1%80%d0%be%d0%b1%d0%ba%d0%b0-%d0%ba%d1%80%d0%b0%d1%81%d0%bd%d1%8b%d1%85-%d1%80%d0%be%d0%b7-%d1%81%d0%bb%d0%b0%d0%b4%d0%ba%d0%b8%d0%b9-%d0%ba%d0%be%d0%bc%d0%bf%d0%bb%d0%b8%d0%bc%d0%b5","status":"publish","type":"product","link":"https:\/\/www.gintaresgeles.lt\/ru\/puokste\/%d0%ba%d0%be%d1%80%d0%be%d0%b1%d0%ba%d0%b0-%d0%ba%d1%80%d0%b0%d1%81%d0%bd%d1%8b%d1%85-%d1%80%d0%be%d0%b7-%d1%81%d0%bb%d0%b0%d0%b4%d0%ba%d0%b8%d0%b9-%d0%ba%d0%be%d0%bc%d0%bf%d0%bb%d0%b8%d0%bc%d0%b5\/","title":{"rendered":"\u041a\u043e\u0440\u043e\u0431\u043a\u0430 \u043a\u0440\u0430\u0441\u043d\u044b\u0445 \u0440\u043e\u0437 &#171;\u0421\u043b\u0430\u0434\u043a\u0438\u0439 \u043a\u043e\u043c\u043f\u043b\u0438\u043c\u0435\u043d\u0442&#187;"},"content":{"rendered":"","protected":false},"excerpt":{"rendered":"<p>\u041a\u043e\u0440\u043e\u0431\u043a\u0430 \u043a\u0440\u0430\u0441\u043d\u044b\u0445 \u0440\u043e\u0437 &#171;\u0421\u043b\u0430\u0434\u043a\u0438\u0439 \u043a\u043e\u043c\u043f\u043b\u0438\u043c\u0435\u043d\u0442&#187; &#8212; \u043f\u043e\u0440\u0430\u0437\u0438\u0442 \u0432\u0430\u0448\u0443 \u043b\u044e\u0431\u0438\u043c\u0443\u044e \u043d\u0435 \u0442\u043e\u043b\u044c\u043a\u043e \u0432\u043f\u0435\u0447\u0430\u0442\u043b\u044f\u044e\u0449\u0438\u043c\u0438 \u0446\u0432\u0435\u0442\u0430\u043c\u0438 \u0440\u043e\u0437\u044b, \u043d\u043e \u0438 \u0441\u0432\u043e\u0438\u043c \u0441\u043b\u0430\u0434\u043a\u0438\u043c \u0432\u043d\u0435\u0448\u043d\u0438\u043c \u0432\u0438\u0434\u043e\u043c. \u041f\u043e\u0440\u0430\u0434\u0443\u0439\u0442\u0435 \u0436\u0435\u043d\u0449\u0438\u043d\u0443 \u044d\u0442\u0438\u043c \u043e\u0441\u043e\u0431\u0435\u043d\u043d\u044b\u043c \u043f\u043e\u0434\u0430\u0440\u043a\u043e\u043c.<\/p>\n<p>\u041a\u043e\u0440\u043e\u0431\u043a\u0430 \u0432 \u0444\u043e\u0440\u043c\u0435 \u0441\u0435\u0440\u0434\u0446\u0430 \u0441\u043e\u0441\u0442\u043e\u0438\u0442 \u0438\u0437 13 \u043a\u0440\u0430\u0441\u043d\u044b\u0445 \u0440\u043e\u0437. \u0411\u043e\u043a\u0430 \u043a\u043e\u0440\u043e\u0431\u043a\u0438 \u0442\u0430\u043a\u0436\u0435 \u0443\u043a\u0440\u0430\u0448\u0435\u043d\u044b \u0448\u043e\u043a\u043e\u043b\u0430\u0434\u043d\u044b\u043c\u0438 \u0431\u0430\u0442\u043e\u043d\u0447\u0438\u043a\u0430\u043c\u0438 Kinder.<\/p>\n","protected":false},"featured_media":49678,"template":"","meta":[],"product_brand":[],"product_cat":[975,977,1003,1002,970,971,976,1363,972,965,967,966,968,973,964,963],"product_tag":[],"class_list":{"0":"post-49674","1":"product","2":"type-product","3":"status-publish","4":"has-post-thumbnail","6":"product_cat-14--","7":"product_cat-977","8":"product_cat-1003","9":"product_cat-1002","10":"product_cat-970","11":"product_cat-971","12":"product_cat-976","13":"product_cat-cveti-8-marta","14":"product_cat-972","15":"product_cat-965","16":"product_cat-967","17":"product_cat-966","18":"product_cat-968","19":"product_cat-973","20":"product_cat-964","21":"product_cat-963","22":"tm-has-options","24":"first","25":"instock","26":"taxable","27":"shipping-taxable","28":"purchasable","29":"product-type-simple"},"yoast_head":"<!-- This site is optimized with the Yoast SEO plugin v25.3 - https:\/\/yoast.com\/wordpress\/plugins\/seo\/ -->\n<title>\u041a\u043e\u0440\u043e\u0431\u043a\u0430 \u043a\u0440\u0430\u0441\u043d\u044b\u0445 \u0440\u043e\u0437 &quot;\u0421\u043b\u0430\u0434\u043a\u0438\u0439 \u043a\u043e\u043c\u043f\u043b\u0438\u043c\u0435\u043d\u0442&quot; | Gintar\u0117sG\u0117l\u0117s<\/title>\n<meta name=\"description\" content=\"\u041a\u0440\u0430\u0441\u043d\u044b\u0435 \u0440\u043e\u0437\u044b \u0432 \u043a\u043e\u0440\u043e\u0431\u043a\u0435 \u0441 \u0431\u0430\u0442\u043e\u043d\u0447\u0438\u043a\u0430\u043c\u0438 \u041a\u0438\u043d\u0434\u0435\u0440 \u2013 \u043e\u0442\u043b\u0438\u0447\u043d\u043e\u0435 \u0441\u043e\u0447\u0435\u0442\u0430\u043d\u0438\u0435, \u0447\u0442\u043e\u0431\u044b \u043f\u043e\u0440\u0430\u0434\u043e\u0432\u0430\u0442\u044c \u043b\u044e\u0431\u0438\u043c\u0443\u044e \u0436\u0435\u043d\u0449\u0438\u043d\u0443.\" \/>\n<meta name=\"robots\" content=\"index, follow, max-snippet:-1, max-image-preview:large, max-video-preview:-1\" \/>\n<link rel=\"canonical\" href=\"https:\/\/www.gintaresgeles.lt\/ru\/puokste\/%d0%ba%d0%be%d1%80%d0%be%d0%b1%d0%ba%d0%b0-%d0%ba%d1%80%d0%b0%d1%81%d0%bd%d1%8b%d1%85-%d1%80%d0%be%d0%b7-%d1%81%d0%bb%d0%b0%d0%b4%d0%ba%d0%b8%d0%b9-%d0%ba%d0%be%d0%bc%d0%bf%d0%bb%d0%b8%d0%bc%d0%b5\/\" \/>\n<meta property=\"og:locale\" content=\"ru_RU\" \/>\n<meta property=\"og:type\" content=\"article\" \/>\n<meta property=\"og:title\" content=\"\u041a\u043e\u0440\u043e\u0431\u043a\u0430 \u043a\u0440\u0430\u0441\u043d\u044b\u0445 \u0440\u043e\u0437 &quot;\u0421\u043b\u0430\u0434\u043a\u0438\u0439 \u043a\u043e\u043c\u043f\u043b\u0438\u043c\u0435\u043d\u0442&quot; | Gintar\u0117sG\u0117l\u0117s\" \/>\n<meta property=\"og:description\" content=\"\u041a\u0440\u0430\u0441\u043d\u044b\u0435 \u0440\u043e\u0437\u044b \u0432 \u043a\u043e\u0440\u043e\u0431\u043a\u0435 \u0441 \u0431\u0430\u0442\u043e\u043d\u0447\u0438\u043a\u0430\u043c\u0438 \u041a\u0438\u043d\u0434\u0435\u0440 \u2013 \u043e\u0442\u043b\u0438\u0447\u043d\u043e\u0435 \u0441\u043e\u0447\u0435\u0442\u0430\u043d\u0438\u0435, \u0447\u0442\u043e\u0431\u044b \u043f\u043e\u0440\u0430\u0434\u043e\u0432\u0430\u0442\u044c \u043b\u044e\u0431\u0438\u043c\u0443\u044e \u0436\u0435\u043d\u0449\u0438\u043d\u0443.\" \/>\n<meta property=\"og:url\" content=\"https:\/\/www.gintaresgeles.lt\/ru\/puokste\/%d0%ba%d0%be%d1%80%d0%be%d0%b1%d0%ba%d0%b0-%d0%ba%d1%80%d0%b0%d1%81%d0%bd%d1%8b%d1%85-%d1%80%d0%be%d0%b7-%d1%81%d0%bb%d0%b0%d0%b4%d0%ba%d0%b8%d0%b9-%d0%ba%d0%be%d0%bc%d0%bf%d0%bb%d0%b8%d0%bc%d0%b5\/\" \/>\n<meta property=\"og:site_name\" content=\"gintaresgeles.lt\" \/>\n<meta property=\"article:modified_time\" content=\"2026-02-18T09:43:05+00:00\" \/>\n<meta property=\"og:image\" content=\"https:\/\/www.gintaresgeles.lt\/wp-content\/uploads\/2023\/10\/raudonos-rozes-sirdeles-formos-dezuteje-su-kinder-batoneliais.jpg\" \/>\n\t<meta property=\"og:image:width\" content=\"1200\" \/>\n\t<meta property=\"og:image:height\" content=\"1200\" \/>\n\t<meta property=\"og:image:type\" content=\"image\/jpeg\" \/>\n<meta name=\"twitter:card\" content=\"summary_large_image\" \/>\n<script type=\"application\/ld+json\" class=\"yoast-schema-graph\">{\"@context\":\"https:\/\/schema.org\",\"@graph\":[{\"@type\":\"WebPage\",\"@id\":\"https:\/\/www.gintaresgeles.lt\/ru\/puokste\/%d0%ba%d0%be%d1%80%d0%be%d0%b1%d0%ba%d0%b0-%d0%ba%d1%80%d0%b0%d1%81%d0%bd%d1%8b%d1%85-%d1%80%d0%be%d0%b7-%d1%81%d0%bb%d0%b0%d0%b4%d0%ba%d0%b8%d0%b9-%d0%ba%d0%be%d0%bc%d0%bf%d0%bb%d0%b8%d0%bc%d0%b5\/\",\"url\":\"https:\/\/www.gintaresgeles.lt\/ru\/puokste\/%d0%ba%d0%be%d1%80%d0%be%d0%b1%d0%ba%d0%b0-%d0%ba%d1%80%d0%b0%d1%81%d0%bd%d1%8b%d1%85-%d1%80%d0%be%d0%b7-%d1%81%d0%bb%d0%b0%d0%b4%d0%ba%d0%b8%d0%b9-%d0%ba%d0%be%d0%bc%d0%bf%d0%bb%d0%b8%d0%bc%d0%b5\/\",\"name\":\"\u041a\u043e\u0440\u043e\u0431\u043a\u0430 \u043a\u0440\u0430\u0441\u043d\u044b\u0445 \u0440\u043e\u0437 \\\"\u0421\u043b\u0430\u0434\u043a\u0438\u0439 \u043a\u043e\u043c\u043f\u043b\u0438\u043c\u0435\u043d\u0442\\\" | Gintar\u0117sG\u0117l\u0117s\",\"isPartOf\":{\"@id\":\"https:\/\/www.gintaresgeles.lt\/ru\/#website\"},\"primaryImageOfPage\":{\"@id\":\"https:\/\/www.gintaresgeles.lt\/ru\/puokste\/%d0%ba%d0%be%d1%80%d0%be%d0%b1%d0%ba%d0%b0-%d0%ba%d1%80%d0%b0%d1%81%d0%bd%d1%8b%d1%85-%d1%80%d0%be%d0%b7-%d1%81%d0%bb%d0%b0%d0%b4%d0%ba%d0%b8%d0%b9-%d0%ba%d0%be%d0%bc%d0%bf%d0%bb%d0%b8%d0%bc%d0%b5\/#primaryimage\"},\"image\":{\"@id\":\"https:\/\/www.gintaresgeles.lt\/ru\/puokste\/%d0%ba%d0%be%d1%80%d0%be%d0%b1%d0%ba%d0%b0-%d0%ba%d1%80%d0%b0%d1%81%d0%bd%d1%8b%d1%85-%d1%80%d0%be%d0%b7-%d1%81%d0%bb%d0%b0%d0%b4%d0%ba%d0%b8%d0%b9-%d0%ba%d0%be%d0%bc%d0%bf%d0%bb%d0%b8%d0%bc%d0%b5\/#primaryimage\"},\"thumbnailUrl\":\"https:\/\/www.gintaresgeles.lt\/wp-content\/uploads\/2023\/10\/raudonos-rozes-sirdeles-formos-dezuteje-su-kinder-batoneliais.jpg\",\"datePublished\":\"2023-10-12T15:00:23+00:00\",\"dateModified\":\"2026-02-18T09:43:05+00:00\",\"description\":\"\u041a\u0440\u0430\u0441\u043d\u044b\u0435 \u0440\u043e\u0437\u044b \u0432 \u043a\u043e\u0440\u043e\u0431\u043a\u0435 \u0441 \u0431\u0430\u0442\u043e\u043d\u0447\u0438\u043a\u0430\u043c\u0438 \u041a\u0438\u043d\u0434\u0435\u0440 \u2013 \u043e\u0442\u043b\u0438\u0447\u043d\u043e\u0435 \u0441\u043e\u0447\u0435\u0442\u0430\u043d\u0438\u0435, \u0447\u0442\u043e\u0431\u044b \u043f\u043e\u0440\u0430\u0434\u043e\u0432\u0430\u0442\u044c \u043b\u044e\u0431\u0438\u043c\u0443\u044e \u0436\u0435\u043d\u0449\u0438\u043d\u0443.\",\"breadcrumb\":{\"@id\":\"https:\/\/www.gintaresgeles.lt\/ru\/puokste\/%d0%ba%d0%be%d1%80%d0%be%d0%b1%d0%ba%d0%b0-%d0%ba%d1%80%d0%b0%d1%81%d0%bd%d1%8b%d1%85-%d1%80%d0%be%d0%b7-%d1%81%d0%bb%d0%b0%d0%b4%d0%ba%d0%b8%d0%b9-%d0%ba%d0%be%d0%bc%d0%bf%d0%bb%d0%b8%d0%bc%d0%b5\/#breadcrumb\"},\"inLanguage\":\"ru-RU\",\"potentialAction\":[{\"@type\":\"ReadAction\",\"target\":[\"https:\/\/www.gintaresgeles.lt\/ru\/puokste\/%d0%ba%d0%be%d1%80%d0%be%d0%b1%d0%ba%d0%b0-%d0%ba%d1%80%d0%b0%d1%81%d0%bd%d1%8b%d1%85-%d1%80%d0%be%d0%b7-%d1%81%d0%bb%d0%b0%d0%b4%d0%ba%d0%b8%d0%b9-%d0%ba%d0%be%d0%bc%d0%bf%d0%bb%d0%b8%d0%bc%d0%b5\/\"]}]},{\"@type\":\"ImageObject\",\"inLanguage\":\"ru-RU\",\"@id\":\"https:\/\/www.gintaresgeles.lt\/ru\/puokste\/%d0%ba%d0%be%d1%80%d0%be%d0%b1%d0%ba%d0%b0-%d0%ba%d1%80%d0%b0%d1%81%d0%bd%d1%8b%d1%85-%d1%80%d0%be%d0%b7-%d1%81%d0%bb%d0%b0%d0%b4%d0%ba%d0%b8%d0%b9-%d0%ba%d0%be%d0%bc%d0%bf%d0%bb%d0%b8%d0%bc%d0%b5\/#primaryimage\",\"url\":\"https:\/\/www.gintaresgeles.lt\/wp-content\/uploads\/2023\/10\/raudonos-rozes-sirdeles-formos-dezuteje-su-kinder-batoneliais.jpg\",\"contentUrl\":\"https:\/\/www.gintaresgeles.lt\/wp-content\/uploads\/2023\/10\/raudonos-rozes-sirdeles-formos-dezuteje-su-kinder-batoneliais.jpg\",\"width\":1200,\"height\":1200,\"caption\":\"Raudon\u0173 ro\u017ei\u0173 d\u0117\u017eut\u0117 su \u0161okoladiniais \u201eKinder\u201c baton\u0117liais\"},{\"@type\":\"BreadcrumbList\",\"@id\":\"https:\/\/www.gintaresgeles.lt\/ru\/puokste\/%d0%ba%d0%be%d1%80%d0%be%d0%b1%d0%ba%d0%b0-%d0%ba%d1%80%d0%b0%d1%81%d0%bd%d1%8b%d1%85-%d1%80%d0%be%d0%b7-%d1%81%d0%bb%d0%b0%d0%b4%d0%ba%d0%b8%d0%b9-%d0%ba%d0%be%d0%bc%d0%bf%d0%bb%d0%b8%d0%bc%d0%b5\/#breadcrumb\",\"itemListElement\":[{\"@type\":\"ListItem\",\"position\":1,\"name\":\"Prad\u017eia\",\"item\":\"https:\/\/www.gintaresgeles.lt\/ru\/\"},{\"@type\":\"ListItem\",\"position\":2,\"name\":\"\u0412\u0441\u0435 \u0446\u0432\u0435\u0442\u044b \u0438 \u0434\u0440\u0443\u0433\u0438\u0435 \u043f\u0440\u043e\u0434\u0443\u043a\u0442\u044b\",\"item\":\"https:\/\/www.gintaresgeles.lt\/ru\/vse-cvety-i-drugie-produkty\/\"},{\"@type\":\"ListItem\",\"position\":3,\"name\":\"\u041a\u043e\u0440\u043e\u0431\u043a\u0430 \u043a\u0440\u0430\u0441\u043d\u044b\u0445 \u0440\u043e\u0437 &#8222;\u0421\u043b\u0430\u0434\u043a\u0438\u0439 \u043a\u043e\u043c\u043f\u043b\u0438\u043c\u0435\u043d\u0442&#8221;\"}]},{\"@type\":\"WebSite\",\"@id\":\"https:\/\/www.gintaresgeles.lt\/ru\/#website\",\"url\":\"https:\/\/www.gintaresgeles.lt\/ru\/\",\"name\":\"gintaresgeles.lt\",\"description\":\"G\u0117li\u0173 parduotuv\u0117 internete\",\"potentialAction\":[{\"@type\":\"SearchAction\",\"target\":{\"@type\":\"EntryPoint\",\"urlTemplate\":\"https:\/\/www.gintaresgeles.lt\/ru\/?s={search_term_string}\"},\"query-input\":{\"@type\":\"PropertyValueSpecification\",\"valueRequired\":true,\"valueName\":\"search_term_string\"}}],\"inLanguage\":\"ru-RU\"}]}<\/script>\n<!-- \/ Yoast SEO plugin. -->","yoast_head_json":{"title":"\u041a\u043e\u0440\u043e\u0431\u043a\u0430 \u043a\u0440\u0430\u0441\u043d\u044b\u0445 \u0440\u043e\u0437 \"\u0421\u043b\u0430\u0434\u043a\u0438\u0439 \u043a\u043e\u043c\u043f\u043b\u0438\u043c\u0435\u043d\u0442\" | Gintar\u0117sG\u0117l\u0117s","description":"\u041a\u0440\u0430\u0441\u043d\u044b\u0435 \u0440\u043e\u0437\u044b \u0432 \u043a\u043e\u0440\u043e\u0431\u043a\u0435 \u0441 \u0431\u0430\u0442\u043e\u043d\u0447\u0438\u043a\u0430\u043c\u0438 \u041a\u0438\u043d\u0434\u0435\u0440 \u2013 \u043e\u0442\u043b\u0438\u0447\u043d\u043e\u0435 \u0441\u043e\u0447\u0435\u0442\u0430\u043d\u0438\u0435, \u0447\u0442\u043e\u0431\u044b \u043f\u043e\u0440\u0430\u0434\u043e\u0432\u0430\u0442\u044c \u043b\u044e\u0431\u0438\u043c\u0443\u044e \u0436\u0435\u043d\u0449\u0438\u043d\u0443.","robots":{"index":"index","follow":"follow","max-snippet":"max-snippet:-1","max-image-preview":"max-image-preview:large","max-video-preview":"max-video-preview:-1"},"canonical":"https:\/\/www.gintaresgeles.lt\/ru\/puokste\/%d0%ba%d0%be%d1%80%d0%be%d0%b1%d0%ba%d0%b0-%d0%ba%d1%80%d0%b0%d1%81%d0%bd%d1%8b%d1%85-%d1%80%d0%be%d0%b7-%d1%81%d0%bb%d0%b0%d0%b4%d0%ba%d0%b8%d0%b9-%d0%ba%d0%be%d0%bc%d0%bf%d0%bb%d0%b8%d0%bc%d0%b5\/","og_locale":"ru_RU","og_type":"article","og_title":"\u041a\u043e\u0440\u043e\u0431\u043a\u0430 \u043a\u0440\u0430\u0441\u043d\u044b\u0445 \u0440\u043e\u0437 \"\u0421\u043b\u0430\u0434\u043a\u0438\u0439 \u043a\u043e\u043c\u043f\u043b\u0438\u043c\u0435\u043d\u0442\" | Gintar\u0117sG\u0117l\u0117s","og_description":"\u041a\u0440\u0430\u0441\u043d\u044b\u0435 \u0440\u043e\u0437\u044b \u0432 \u043a\u043e\u0440\u043e\u0431\u043a\u0435 \u0441 \u0431\u0430\u0442\u043e\u043d\u0447\u0438\u043a\u0430\u043c\u0438 \u041a\u0438\u043d\u0434\u0435\u0440 \u2013 \u043e\u0442\u043b\u0438\u0447\u043d\u043e\u0435 \u0441\u043e\u0447\u0435\u0442\u0430\u043d\u0438\u0435, \u0447\u0442\u043e\u0431\u044b \u043f\u043e\u0440\u0430\u0434\u043e\u0432\u0430\u0442\u044c \u043b\u044e\u0431\u0438\u043c\u0443\u044e \u0436\u0435\u043d\u0449\u0438\u043d\u0443.","og_url":"https:\/\/www.gintaresgeles.lt\/ru\/puokste\/%d0%ba%d0%be%d1%80%d0%be%d0%b1%d0%ba%d0%b0-%d0%ba%d1%80%d0%b0%d1%81%d0%bd%d1%8b%d1%85-%d1%80%d0%be%d0%b7-%d1%81%d0%bb%d0%b0%d0%b4%d0%ba%d0%b8%d0%b9-%d0%ba%d0%be%d0%bc%d0%bf%d0%bb%d0%b8%d0%bc%d0%b5\/","og_site_name":"gintaresgeles.lt","article_modified_time":"2026-02-18T09:43:05+00:00","og_image":[{"width":1200,"height":1200,"url":"https:\/\/www.gintaresgeles.lt\/wp-content\/uploads\/2023\/10\/raudonos-rozes-sirdeles-formos-dezuteje-su-kinder-batoneliais.jpg","type":"image\/jpeg"}],"twitter_card":"summary_large_image","schema":{"@context":"https:\/\/schema.org","@graph":[{"@type":"WebPage","@id":"https:\/\/www.gintaresgeles.lt\/ru\/puokste\/%d0%ba%d0%be%d1%80%d0%be%d0%b1%d0%ba%d0%b0-%d0%ba%d1%80%d0%b0%d1%81%d0%bd%d1%8b%d1%85-%d1%80%d0%be%d0%b7-%d1%81%d0%bb%d0%b0%d0%b4%d0%ba%d0%b8%d0%b9-%d0%ba%d0%be%d0%bc%d0%bf%d0%bb%d0%b8%d0%bc%d0%b5\/","url":"https:\/\/www.gintaresgeles.lt\/ru\/puokste\/%d0%ba%d0%be%d1%80%d0%be%d0%b1%d0%ba%d0%b0-%d0%ba%d1%80%d0%b0%d1%81%d0%bd%d1%8b%d1%85-%d1%80%d0%be%d0%b7-%d1%81%d0%bb%d0%b0%d0%b4%d0%ba%d0%b8%d0%b9-%d0%ba%d0%be%d0%bc%d0%bf%d0%bb%d0%b8%d0%bc%d0%b5\/","name":"\u041a\u043e\u0440\u043e\u0431\u043a\u0430 \u043a\u0440\u0430\u0441\u043d\u044b\u0445 \u0440\u043e\u0437 \"\u0421\u043b\u0430\u0434\u043a\u0438\u0439 \u043a\u043e\u043c\u043f\u043b\u0438\u043c\u0435\u043d\u0442\" | Gintar\u0117sG\u0117l\u0117s","isPartOf":{"@id":"https:\/\/www.gintaresgeles.lt\/ru\/#website"},"primaryImageOfPage":{"@id":"https:\/\/www.gintaresgeles.lt\/ru\/puokste\/%d0%ba%d0%be%d1%80%d0%be%d0%b1%d0%ba%d0%b0-%d0%ba%d1%80%d0%b0%d1%81%d0%bd%d1%8b%d1%85-%d1%80%d0%be%d0%b7-%d1%81%d0%bb%d0%b0%d0%b4%d0%ba%d0%b8%d0%b9-%d0%ba%d0%be%d0%bc%d0%bf%d0%bb%d0%b8%d0%bc%d0%b5\/#primaryimage"},"image":{"@id":"https:\/\/www.gintaresgeles.lt\/ru\/puokste\/%d0%ba%d0%be%d1%80%d0%be%d0%b1%d0%ba%d0%b0-%d0%ba%d1%80%d0%b0%d1%81%d0%bd%d1%8b%d1%85-%d1%80%d0%be%d0%b7-%d1%81%d0%bb%d0%b0%d0%b4%d0%ba%d0%b8%d0%b9-%d0%ba%d0%be%d0%bc%d0%bf%d0%bb%d0%b8%d0%bc%d0%b5\/#primaryimage"},"thumbnailUrl":"https:\/\/www.gintaresgeles.lt\/wp-content\/uploads\/2023\/10\/raudonos-rozes-sirdeles-formos-dezuteje-su-kinder-batoneliais.jpg","datePublished":"2023-10-12T15:00:23+00:00","dateModified":"2026-02-18T09:43:05+00:00","description":"\u041a\u0440\u0430\u0441\u043d\u044b\u0435 \u0440\u043e\u0437\u044b \u0432 \u043a\u043e\u0440\u043e\u0431\u043a\u0435 \u0441 \u0431\u0430\u0442\u043e\u043d\u0447\u0438\u043a\u0430\u043c\u0438 \u041a\u0438\u043d\u0434\u0435\u0440 \u2013 \u043e\u0442\u043b\u0438\u0447\u043d\u043e\u0435 \u0441\u043e\u0447\u0435\u0442\u0430\u043d\u0438\u0435, \u0447\u0442\u043e\u0431\u044b \u043f\u043e\u0440\u0430\u0434\u043e\u0432\u0430\u0442\u044c \u043b\u044e\u0431\u0438\u043c\u0443\u044e \u0436\u0435\u043d\u0449\u0438\u043d\u0443.","breadcrumb":{"@id":"https:\/\/www.gintaresgeles.lt\/ru\/puokste\/%d0%ba%d0%be%d1%80%d0%be%d0%b1%d0%ba%d0%b0-%d0%ba%d1%80%d0%b0%d1%81%d0%bd%d1%8b%d1%85-%d1%80%d0%be%d0%b7-%d1%81%d0%bb%d0%b0%d0%b4%d0%ba%d0%b8%d0%b9-%d0%ba%d0%be%d0%bc%d0%bf%d0%bb%d0%b8%d0%bc%d0%b5\/#breadcrumb"},"inLanguage":"ru-RU","potentialAction":[{"@type":"ReadAction","target":["https:\/\/www.gintaresgeles.lt\/ru\/puokste\/%d0%ba%d0%be%d1%80%d0%be%d0%b1%d0%ba%d0%b0-%d0%ba%d1%80%d0%b0%d1%81%d0%bd%d1%8b%d1%85-%d1%80%d0%be%d0%b7-%d1%81%d0%bb%d0%b0%d0%b4%d0%ba%d0%b8%d0%b9-%d0%ba%d0%be%d0%bc%d0%bf%d0%bb%d0%b8%d0%bc%d0%b5\/"]}]},{"@type":"ImageObject","inLanguage":"ru-RU","@id":"https:\/\/www.gintaresgeles.lt\/ru\/puokste\/%d0%ba%d0%be%d1%80%d0%be%d0%b1%d0%ba%d0%b0-%d0%ba%d1%80%d0%b0%d1%81%d0%bd%d1%8b%d1%85-%d1%80%d0%be%d0%b7-%d1%81%d0%bb%d0%b0%d0%b4%d0%ba%d0%b8%d0%b9-%d0%ba%d0%be%d0%bc%d0%bf%d0%bb%d0%b8%d0%bc%d0%b5\/#primaryimage","url":"https:\/\/www.gintaresgeles.lt\/wp-content\/uploads\/2023\/10\/raudonos-rozes-sirdeles-formos-dezuteje-su-kinder-batoneliais.jpg","contentUrl":"https:\/\/www.gintaresgeles.lt\/wp-content\/uploads\/2023\/10\/raudonos-rozes-sirdeles-formos-dezuteje-su-kinder-batoneliais.jpg","width":1200,"height":1200,"caption":"Raudon\u0173 ro\u017ei\u0173 d\u0117\u017eut\u0117 su \u0161okoladiniais \u201eKinder\u201c baton\u0117liais"},{"@type":"BreadcrumbList","@id":"https:\/\/www.gintaresgeles.lt\/ru\/puokste\/%d0%ba%d0%be%d1%80%d0%be%d0%b1%d0%ba%d0%b0-%d0%ba%d1%80%d0%b0%d1%81%d0%bd%d1%8b%d1%85-%d1%80%d0%be%d0%b7-%d1%81%d0%bb%d0%b0%d0%b4%d0%ba%d0%b8%d0%b9-%d0%ba%d0%be%d0%bc%d0%bf%d0%bb%d0%b8%d0%bc%d0%b5\/#breadcrumb","itemListElement":[{"@type":"ListItem","position":1,"name":"Prad\u017eia","item":"https:\/\/www.gintaresgeles.lt\/ru\/"},{"@type":"ListItem","position":2,"name":"\u0412\u0441\u0435 \u0446\u0432\u0435\u0442\u044b \u0438 \u0434\u0440\u0443\u0433\u0438\u0435 \u043f\u0440\u043e\u0434\u0443\u043a\u0442\u044b","item":"https:\/\/www.gintaresgeles.lt\/ru\/vse-cvety-i-drugie-produkty\/"},{"@type":"ListItem","position":3,"name":"\u041a\u043e\u0440\u043e\u0431\u043a\u0430 \u043a\u0440\u0430\u0441\u043d\u044b\u0445 \u0440\u043e\u0437 &#8222;\u0421\u043b\u0430\u0434\u043a\u0438\u0439 \u043a\u043e\u043c\u043f\u043b\u0438\u043c\u0435\u043d\u0442&#8221;"}]},{"@type":"WebSite","@id":"https:\/\/www.gintaresgeles.lt\/ru\/#website","url":"https:\/\/www.gintaresgeles.lt\/ru\/","name":"gintaresgeles.lt","description":"G\u0117li\u0173 parduotuv\u0117 internete","potentialAction":[{"@type":"SearchAction","target":{"@type":"EntryPoint","urlTemplate":"https:\/\/www.gintaresgeles.lt\/ru\/?s={search_term_string}"},"query-input":{"@type":"PropertyValueSpecification","valueRequired":true,"valueName":"search_term_string"}}],"inLanguage":"ru-RU"}]}},"_links":{"self":[{"href":"https:\/\/www.gintaresgeles.lt\/ru\/wp-json\/wp\/v2\/product\/49674","targetHints":{"allow":["GET"]}}],"collection":[{"href":"https:\/\/www.gintaresgeles.lt\/ru\/wp-json\/wp\/v2\/product"}],"about":[{"href":"https:\/\/www.gintaresgeles.lt\/ru\/wp-json\/wp\/v2\/types\/product"}],"wp:featuredmedia":[{"embeddable":true,"href":"https:\/\/www.gintaresgeles.lt\/ru\/wp-json\/wp\/v2\/media\/49678"}],"wp:attachment":[{"href":"https:\/\/www.gintaresgeles.lt\/ru\/wp-json\/wp\/v2\/media?parent=49674"}],"wp:term":[{"taxonomy":"product_brand","embeddable":true,"href":"https:\/\/www.gintaresgeles.lt\/ru\/wp-json\/wp\/v2\/product_brand?post=49674"},{"taxonomy":"product_cat","embeddable":true,"href":"https:\/\/www.gintaresgeles.lt\/ru\/wp-json\/wp\/v2\/product_cat?post=49674"},{"taxonomy":"product_tag","embeddable":true,"href":"https:\/\/www.gintaresgeles.lt\/ru\/wp-json\/wp\/v2\/product_tag?post=49674"}],"curies":[{"name":"wp","href":"https:\/\/api.w.org\/{rel}","templated":true}]}}