{"id":49830,"date":"2023-09-22T14:47:05","date_gmt":"2023-09-22T12:47:05","guid":{"rendered":"https:\/\/www.gintaresgeles.lt\/puokste\/%d0%b1%d1%83%d0%ba%d0%b5%d1%82-%d1%80%d0%be%d0%b7%d0%be%d0%b2%d1%8b%d1%85-%d1%80%d0%be%d0%b7-%d0%b8-%d1%81%d1%82%d0%b0%d1%82%d0%b8%d1%86\/"},"modified":"2025-05-29T01:59:13","modified_gmt":"2025-05-28T23:59:13","slug":"%d0%b1%d1%83%d0%ba%d0%b5%d1%82-%d1%80%d0%be%d0%b7%d0%be%d0%b2%d1%8b%d1%85-%d1%80%d0%be%d0%b7-%d0%b8-%d1%81%d1%82%d0%b0%d1%82%d0%b8%d1%86","status":"publish","type":"product","link":"https:\/\/www.gintaresgeles.lt\/ru\/puokste\/%d0%b1%d1%83%d0%ba%d0%b5%d1%82-%d1%80%d0%be%d0%b7%d0%be%d0%b2%d1%8b%d1%85-%d1%80%d0%be%d0%b7-%d0%b8-%d1%81%d1%82%d0%b0%d1%82%d0%b8%d1%86\/","title":{"rendered":"\u0411\u0443\u043a\u0435\u0442 \u0440\u043e\u0437\u043e\u0432\u044b\u0445 \u0440\u043e\u0437 \u0438 \u0441\u0442\u0430\u0442\u0438\u0446"},"content":{"rendered":"","protected":false},"excerpt":{"rendered":"<p>\u041a\u043e\u043c\u043f\u043e\u0437\u0438\u0446\u0438\u044f \u0438\u0437 \u0440\u043e\u0437\u043e\u0432\u044b\u0445 \u0440\u043e\u0437 \u0438 \u0444\u0438\u043e\u043b\u0435\u0442\u043e\u0432\u044b\u0445 \u0441\u0442\u0430\u0442\u0438\u0446 \u0432\u044b\u0433\u043b\u044f\u0434\u0438\u0442 \u0447\u0440\u0435\u0437\u0432\u044b\u0447\u0430\u0439\u043d\u043e \u043e\u0440\u0438\u0433\u0438\u043d\u0430\u043b\u044c\u043d\u043e. \u042d\u043a\u0441\u043a\u043b\u044e\u0437\u0438\u0432\u043d\u043e\u0441\u0442\u044c \u0432\u0441\u0435\u0433\u0434\u0430 \u0437\u0430\u0432\u043e\u0440\u0430\u0436\u0438\u0432\u0430\u0435\u0442, \u043f\u0440\u0438\u0434\u0430\u0432\u0430\u044f \u0442\u0435\u043c \u0441\u0430\u043c\u044b\u043c \u043e\u0441\u043e\u0431\u044b\u0435 \u043e\u0449\u0443\u0449\u0435\u043d\u0438\u044f. \u0411\u0443\u043a\u0435\u0442 \u043f\u043e\u0434\u043e\u0439\u0434\u0435\u0442 \u0434\u043b\u044f \u043f\u043e\u0437\u0434\u0440\u0430\u0432\u043b\u0435\u043d\u0438\u0439 \u043f\u043e \u0440\u0430\u0437\u043d\u044b\u043c \u043f\u043e\u0432\u043e\u0434\u0430\u043c, \u0438 \u043c\u044b \u043d\u0435 \u0441\u043e\u043c\u043d\u0435\u0432\u0430\u0435\u043c\u0441\u044f, \u0447\u0442\u043e \u043e\u043d \u043f\u043e\u043d\u0440\u0430\u0432\u0438\u0442\u0441\u044f \u043c\u043d\u043e\u0433\u0438\u043c.<\/p>\n<p>\u0411\u0443\u043a\u0435\u0442 \u0441\u043e\u0441\u0442\u043e\u0438\u0442 \u0438\u0437 3 \u0440\u043e\u0437\u043e\u0432\u044b\u0445 \u0440\u043e\u0437 \u0438 2 \u0441\u0442\u0430\u0442\u0438\u0446.<\/p>\n","protected":false},"featured_media":49560,"template":"","meta":[],"product_brand":[],"product_cat":[1000,977,1005,970,971,976,969,2181,2158,1363,972,2182,999,2156,964,1902],"product_tag":[],"class_list":{"0":"post-49830","1":"product","2":"type-product","3":"status-publish","4":"has-post-thumbnail","6":"product_cat-1000","7":"product_cat-977","8":"product_cat-1005","9":"product_cat-970","10":"product_cat-971","11":"product_cat-976","12":"product_cat-969","13":"product_cat-2181","14":"product_cat-1-","15":"product_cat-cveti-8-marta","16":"product_cat-972","17":"product_cat-2182","18":"product_cat-999","19":"product_cat-2156","20":"product_cat-964","21":"product_cat-1902","22":"tm-has-options","24":"first","25":"instock","26":"taxable","27":"shipping-taxable","28":"purchasable","29":"product-type-simple"},"yoast_head":"<!-- This site is optimized with the Yoast SEO plugin v25.3 - https:\/\/yoast.com\/wordpress\/plugins\/seo\/ -->\n<title>\u0411\u0443\u043a\u0435\u0442 \u0440\u043e\u0437\u043e\u0432\u044b\u0445 \u0440\u043e\u0437 \u0438 \u0441\u0442\u0430\u0442\u0438\u0446 | \u0426\u0432\u0435\u0442\u044b \u0432 \u0412\u0438\u043b\u044c\u043d\u044e\u0441\u0435 | Gintar\u0117s G\u0117l\u0117s<\/title>\n<meta name=\"description\" content=\"\u0418\u0449\u0435\u0442\u0435 \u0443\u043d\u0438\u043a\u0430\u043b\u044c\u043d\u0443\u044e \u043a\u043e\u043c\u043f\u043e\u0437\u0438\u0446\u0438\u044e? \u042d\u0442\u0438\u043c \u0431\u0443\u043a\u0435\u0442\u043e\u043c \u0432\u044b \u043d\u0430\u0432\u0435\u0440\u043d\u044f\u043a\u0430 \u0443\u0434\u0438\u0432\u0438\u0442\u0435 \u043b\u044e\u0431\u0438\u043c\u043e\u0433\u043e \u0447\u0435\u043b\u043e\u0432\u0435\u043a\u0430 \u0438 \u043e\u043d \u0431\u0443\u0434\u0435\u0442 \u0432\u043f\u0435\u0447\u0430\u0442\u043b\u0435\u043d.\" \/>\n<meta name=\"robots\" content=\"index, follow, max-snippet:-1, max-image-preview:large, max-video-preview:-1\" \/>\n<link rel=\"canonical\" href=\"https:\/\/www.gintaresgeles.lt\/ru\/puokste\/%d0%b1%d1%83%d0%ba%d0%b5%d1%82-%d1%80%d0%be%d0%b7%d0%be%d0%b2%d1%8b%d1%85-%d1%80%d0%be%d0%b7-%d0%b8-%d1%81%d1%82%d0%b0%d1%82%d0%b8%d1%86\/\" \/>\n<meta property=\"og:locale\" content=\"ru_RU\" \/>\n<meta property=\"og:type\" content=\"article\" \/>\n<meta property=\"og:title\" content=\"\u0411\u0443\u043a\u0435\u0442 \u0440\u043e\u0437\u043e\u0432\u044b\u0445 \u0440\u043e\u0437 \u0438 \u0441\u0442\u0430\u0442\u0438\u0446 | \u0426\u0432\u0435\u0442\u044b \u0432 \u0412\u0438\u043b\u044c\u043d\u044e\u0441\u0435 | Gintar\u0117s G\u0117l\u0117s\" \/>\n<meta property=\"og:description\" content=\"\u0418\u0449\u0435\u0442\u0435 \u0443\u043d\u0438\u043a\u0430\u043b\u044c\u043d\u0443\u044e \u043a\u043e\u043c\u043f\u043e\u0437\u0438\u0446\u0438\u044e? \u042d\u0442\u0438\u043c \u0431\u0443\u043a\u0435\u0442\u043e\u043c \u0432\u044b \u043d\u0430\u0432\u0435\u0440\u043d\u044f\u043a\u0430 \u0443\u0434\u0438\u0432\u0438\u0442\u0435 \u043b\u044e\u0431\u0438\u043c\u043e\u0433\u043e \u0447\u0435\u043b\u043e\u0432\u0435\u043a\u0430 \u0438 \u043e\u043d \u0431\u0443\u0434\u0435\u0442 \u0432\u043f\u0435\u0447\u0430\u0442\u043b\u0435\u043d.\" \/>\n<meta property=\"og:url\" content=\"https:\/\/www.gintaresgeles.lt\/ru\/puokste\/%d0%b1%d1%83%d0%ba%d0%b5%d1%82-%d1%80%d0%be%d0%b7%d0%be%d0%b2%d1%8b%d1%85-%d1%80%d0%be%d0%b7-%d0%b8-%d1%81%d1%82%d0%b0%d1%82%d0%b8%d1%86\/\" \/>\n<meta property=\"og:site_name\" content=\"gintaresgeles.lt\" \/>\n<meta property=\"article:modified_time\" content=\"2025-05-28T23:59:13+00:00\" \/>\n<meta property=\"og:image\" content=\"https:\/\/www.gintaresgeles.lt\/wp-content\/uploads\/2023\/09\/rozines-rozes-ir-melynos-limonijos-puoksteje-geles-mokytojams.jpg\" \/>\n\t<meta property=\"og:image:width\" content=\"1200\" \/>\n\t<meta property=\"og:image:height\" content=\"1200\" \/>\n\t<meta property=\"og:image:type\" content=\"image\/jpeg\" \/>\n<meta name=\"twitter:card\" content=\"summary_large_image\" \/>\n<script type=\"application\/ld+json\" class=\"yoast-schema-graph\">{\"@context\":\"https:\/\/schema.org\",\"@graph\":[{\"@type\":\"WebPage\",\"@id\":\"https:\/\/www.gintaresgeles.lt\/ru\/puokste\/%d0%b1%d1%83%d0%ba%d0%b5%d1%82-%d1%80%d0%be%d0%b7%d0%be%d0%b2%d1%8b%d1%85-%d1%80%d0%be%d0%b7-%d0%b8-%d1%81%d1%82%d0%b0%d1%82%d0%b8%d1%86\/\",\"url\":\"https:\/\/www.gintaresgeles.lt\/ru\/puokste\/%d0%b1%d1%83%d0%ba%d0%b5%d1%82-%d1%80%d0%be%d0%b7%d0%be%d0%b2%d1%8b%d1%85-%d1%80%d0%be%d0%b7-%d0%b8-%d1%81%d1%82%d0%b0%d1%82%d0%b8%d1%86\/\",\"name\":\"\u0411\u0443\u043a\u0435\u0442 \u0440\u043e\u0437\u043e\u0432\u044b\u0445 \u0440\u043e\u0437 \u0438 \u0441\u0442\u0430\u0442\u0438\u0446 | \u0426\u0432\u0435\u0442\u044b \u0432 \u0412\u0438\u043b\u044c\u043d\u044e\u0441\u0435 | Gintar\u0117s G\u0117l\u0117s\",\"isPartOf\":{\"@id\":\"https:\/\/www.gintaresgeles.lt\/ru\/#website\"},\"primaryImageOfPage\":{\"@id\":\"https:\/\/www.gintaresgeles.lt\/ru\/puokste\/%d0%b1%d1%83%d0%ba%d0%b5%d1%82-%d1%80%d0%be%d0%b7%d0%be%d0%b2%d1%8b%d1%85-%d1%80%d0%be%d0%b7-%d0%b8-%d1%81%d1%82%d0%b0%d1%82%d0%b8%d1%86\/#primaryimage\"},\"image\":{\"@id\":\"https:\/\/www.gintaresgeles.lt\/ru\/puokste\/%d0%b1%d1%83%d0%ba%d0%b5%d1%82-%d1%80%d0%be%d0%b7%d0%be%d0%b2%d1%8b%d1%85-%d1%80%d0%be%d0%b7-%d0%b8-%d1%81%d1%82%d0%b0%d1%82%d0%b8%d1%86\/#primaryimage\"},\"thumbnailUrl\":\"https:\/\/www.gintaresgeles.lt\/wp-content\/uploads\/2023\/09\/rozines-rozes-ir-melynos-limonijos-puoksteje-geles-mokytojams.jpg\",\"datePublished\":\"2023-09-22T12:47:05+00:00\",\"dateModified\":\"2025-05-28T23:59:13+00:00\",\"description\":\"\u0418\u0449\u0435\u0442\u0435 \u0443\u043d\u0438\u043a\u0430\u043b\u044c\u043d\u0443\u044e \u043a\u043e\u043c\u043f\u043e\u0437\u0438\u0446\u0438\u044e? \u042d\u0442\u0438\u043c \u0431\u0443\u043a\u0435\u0442\u043e\u043c \u0432\u044b \u043d\u0430\u0432\u0435\u0440\u043d\u044f\u043a\u0430 \u0443\u0434\u0438\u0432\u0438\u0442\u0435 \u043b\u044e\u0431\u0438\u043c\u043e\u0433\u043e \u0447\u0435\u043b\u043e\u0432\u0435\u043a\u0430 \u0438 \u043e\u043d \u0431\u0443\u0434\u0435\u0442 \u0432\u043f\u0435\u0447\u0430\u0442\u043b\u0435\u043d.\",\"breadcrumb\":{\"@id\":\"https:\/\/www.gintaresgeles.lt\/ru\/puokste\/%d0%b1%d1%83%d0%ba%d0%b5%d1%82-%d1%80%d0%be%d0%b7%d0%be%d0%b2%d1%8b%d1%85-%d1%80%d0%be%d0%b7-%d0%b8-%d1%81%d1%82%d0%b0%d1%82%d0%b8%d1%86\/#breadcrumb\"},\"inLanguage\":\"ru-RU\",\"potentialAction\":[{\"@type\":\"ReadAction\",\"target\":[\"https:\/\/www.gintaresgeles.lt\/ru\/puokste\/%d0%b1%d1%83%d0%ba%d0%b5%d1%82-%d1%80%d0%be%d0%b7%d0%be%d0%b2%d1%8b%d1%85-%d1%80%d0%be%d0%b7-%d0%b8-%d1%81%d1%82%d0%b0%d1%82%d0%b8%d1%86\/\"]}]},{\"@type\":\"ImageObject\",\"inLanguage\":\"ru-RU\",\"@id\":\"https:\/\/www.gintaresgeles.lt\/ru\/puokste\/%d0%b1%d1%83%d0%ba%d0%b5%d1%82-%d1%80%d0%be%d0%b7%d0%be%d0%b2%d1%8b%d1%85-%d1%80%d0%be%d0%b7-%d0%b8-%d1%81%d1%82%d0%b0%d1%82%d0%b8%d1%86\/#primaryimage\",\"url\":\"https:\/\/www.gintaresgeles.lt\/wp-content\/uploads\/2023\/09\/rozines-rozes-ir-melynos-limonijos-puoksteje-geles-mokytojams.jpg\",\"contentUrl\":\"https:\/\/www.gintaresgeles.lt\/wp-content\/uploads\/2023\/09\/rozines-rozes-ir-melynos-limonijos-puoksteje-geles-mokytojams.jpg\",\"width\":1200,\"height\":1200,\"caption\":\"Simbolin\u0117s puok\u0161t\u0117s i\u0161 ro\u017eini\u0173 ro\u017ei\u0173 ir m\u0117lyn\u0173 limonij\u0173\"},{\"@type\":\"BreadcrumbList\",\"@id\":\"https:\/\/www.gintaresgeles.lt\/ru\/puokste\/%d0%b1%d1%83%d0%ba%d0%b5%d1%82-%d1%80%d0%be%d0%b7%d0%be%d0%b2%d1%8b%d1%85-%d1%80%d0%be%d0%b7-%d0%b8-%d1%81%d1%82%d0%b0%d1%82%d0%b8%d1%86\/#breadcrumb\",\"itemListElement\":[{\"@type\":\"ListItem\",\"position\":1,\"name\":\"Prad\u017eia\",\"item\":\"https:\/\/www.gintaresgeles.lt\/ru\/\"},{\"@type\":\"ListItem\",\"position\":2,\"name\":\"\u0412\u0441\u0435 \u0446\u0432\u0435\u0442\u044b \u0438 \u0434\u0440\u0443\u0433\u0438\u0435 \u043f\u0440\u043e\u0434\u0443\u043a\u0442\u044b\",\"item\":\"https:\/\/www.gintaresgeles.lt\/ru\/vse-cvety-i-drugie-produkty\/\"},{\"@type\":\"ListItem\",\"position\":3,\"name\":\"\u0411\u0443\u043a\u0435\u0442 \u0440\u043e\u0437\u043e\u0432\u044b\u0445 \u0440\u043e\u0437 \u0438 \u0441\u0442\u0430\u0442\u0438\u0446\"}]},{\"@type\":\"WebSite\",\"@id\":\"https:\/\/www.gintaresgeles.lt\/ru\/#website\",\"url\":\"https:\/\/www.gintaresgeles.lt\/ru\/\",\"name\":\"Gintares Geles\",\"description\":\"\u0414\u043e\u0441\u0442\u0430\u0432\u043a\u0430 \u0446\u0432\u0435\u0442\u043e\u0432 \u0432 \u0412\u0438\u043b\u044c\u043d\u044e\u0441\u0435 | \u0412 \u0442\u043e\u0442 \u0436\u0435 \u0434\u0435\u043d\u044c | Gintares geles\",\"potentialAction\":[{\"@type\":\"SearchAction\",\"target\":{\"@type\":\"EntryPoint\",\"urlTemplate\":\"https:\/\/www.gintaresgeles.lt\/ru\/?s={search_term_string}\"},\"query-input\":{\"@type\":\"PropertyValueSpecification\",\"valueRequired\":true,\"valueName\":\"search_term_string\"}}],\"inLanguage\":\"ru-RU\"}]}<\/script>\n<!-- \/ Yoast SEO plugin. -->","yoast_head_json":{"title":"\u0411\u0443\u043a\u0435\u0442 \u0440\u043e\u0437\u043e\u0432\u044b\u0445 \u0440\u043e\u0437 \u0438 \u0441\u0442\u0430\u0442\u0438\u0446 | \u0426\u0432\u0435\u0442\u044b \u0432 \u0412\u0438\u043b\u044c\u043d\u044e\u0441\u0435 | Gintar\u0117s G\u0117l\u0117s","description":"\u0418\u0449\u0435\u0442\u0435 \u0443\u043d\u0438\u043a\u0430\u043b\u044c\u043d\u0443\u044e \u043a\u043e\u043c\u043f\u043e\u0437\u0438\u0446\u0438\u044e? \u042d\u0442\u0438\u043c \u0431\u0443\u043a\u0435\u0442\u043e\u043c \u0432\u044b \u043d\u0430\u0432\u0435\u0440\u043d\u044f\u043a\u0430 \u0443\u0434\u0438\u0432\u0438\u0442\u0435 \u043b\u044e\u0431\u0438\u043c\u043e\u0433\u043e \u0447\u0435\u043b\u043e\u0432\u0435\u043a\u0430 \u0438 \u043e\u043d \u0431\u0443\u0434\u0435\u0442 \u0432\u043f\u0435\u0447\u0430\u0442\u043b\u0435\u043d.","robots":{"index":"index","follow":"follow","max-snippet":"max-snippet:-1","max-image-preview":"max-image-preview:large","max-video-preview":"max-video-preview:-1"},"canonical":"https:\/\/www.gintaresgeles.lt\/ru\/puokste\/%d0%b1%d1%83%d0%ba%d0%b5%d1%82-%d1%80%d0%be%d0%b7%d0%be%d0%b2%d1%8b%d1%85-%d1%80%d0%be%d0%b7-%d0%b8-%d1%81%d1%82%d0%b0%d1%82%d0%b8%d1%86\/","og_locale":"ru_RU","og_type":"article","og_title":"\u0411\u0443\u043a\u0435\u0442 \u0440\u043e\u0437\u043e\u0432\u044b\u0445 \u0440\u043e\u0437 \u0438 \u0441\u0442\u0430\u0442\u0438\u0446 | \u0426\u0432\u0435\u0442\u044b \u0432 \u0412\u0438\u043b\u044c\u043d\u044e\u0441\u0435 | Gintar\u0117s G\u0117l\u0117s","og_description":"\u0418\u0449\u0435\u0442\u0435 \u0443\u043d\u0438\u043a\u0430\u043b\u044c\u043d\u0443\u044e \u043a\u043e\u043c\u043f\u043e\u0437\u0438\u0446\u0438\u044e? \u042d\u0442\u0438\u043c \u0431\u0443\u043a\u0435\u0442\u043e\u043c \u0432\u044b \u043d\u0430\u0432\u0435\u0440\u043d\u044f\u043a\u0430 \u0443\u0434\u0438\u0432\u0438\u0442\u0435 \u043b\u044e\u0431\u0438\u043c\u043e\u0433\u043e \u0447\u0435\u043b\u043e\u0432\u0435\u043a\u0430 \u0438 \u043e\u043d \u0431\u0443\u0434\u0435\u0442 \u0432\u043f\u0435\u0447\u0430\u0442\u043b\u0435\u043d.","og_url":"https:\/\/www.gintaresgeles.lt\/ru\/puokste\/%d0%b1%d1%83%d0%ba%d0%b5%d1%82-%d1%80%d0%be%d0%b7%d0%be%d0%b2%d1%8b%d1%85-%d1%80%d0%be%d0%b7-%d0%b8-%d1%81%d1%82%d0%b0%d1%82%d0%b8%d1%86\/","og_site_name":"gintaresgeles.lt","article_modified_time":"2025-05-28T23:59:13+00:00","og_image":[{"width":1200,"height":1200,"url":"https:\/\/www.gintaresgeles.lt\/wp-content\/uploads\/2023\/09\/rozines-rozes-ir-melynos-limonijos-puoksteje-geles-mokytojams.jpg","type":"image\/jpeg"}],"twitter_card":"summary_large_image","schema":{"@context":"https:\/\/schema.org","@graph":[{"@type":"WebPage","@id":"https:\/\/www.gintaresgeles.lt\/ru\/puokste\/%d0%b1%d1%83%d0%ba%d0%b5%d1%82-%d1%80%d0%be%d0%b7%d0%be%d0%b2%d1%8b%d1%85-%d1%80%d0%be%d0%b7-%d0%b8-%d1%81%d1%82%d0%b0%d1%82%d0%b8%d1%86\/","url":"https:\/\/www.gintaresgeles.lt\/ru\/puokste\/%d0%b1%d1%83%d0%ba%d0%b5%d1%82-%d1%80%d0%be%d0%b7%d0%be%d0%b2%d1%8b%d1%85-%d1%80%d0%be%d0%b7-%d0%b8-%d1%81%d1%82%d0%b0%d1%82%d0%b8%d1%86\/","name":"\u0411\u0443\u043a\u0435\u0442 \u0440\u043e\u0437\u043e\u0432\u044b\u0445 \u0440\u043e\u0437 \u0438 \u0441\u0442\u0430\u0442\u0438\u0446 | \u0426\u0432\u0435\u0442\u044b \u0432 \u0412\u0438\u043b\u044c\u043d\u044e\u0441\u0435 | Gintar\u0117s G\u0117l\u0117s","isPartOf":{"@id":"https:\/\/www.gintaresgeles.lt\/ru\/#website"},"primaryImageOfPage":{"@id":"https:\/\/www.gintaresgeles.lt\/ru\/puokste\/%d0%b1%d1%83%d0%ba%d0%b5%d1%82-%d1%80%d0%be%d0%b7%d0%be%d0%b2%d1%8b%d1%85-%d1%80%d0%be%d0%b7-%d0%b8-%d1%81%d1%82%d0%b0%d1%82%d0%b8%d1%86\/#primaryimage"},"image":{"@id":"https:\/\/www.gintaresgeles.lt\/ru\/puokste\/%d0%b1%d1%83%d0%ba%d0%b5%d1%82-%d1%80%d0%be%d0%b7%d0%be%d0%b2%d1%8b%d1%85-%d1%80%d0%be%d0%b7-%d0%b8-%d1%81%d1%82%d0%b0%d1%82%d0%b8%d1%86\/#primaryimage"},"thumbnailUrl":"https:\/\/www.gintaresgeles.lt\/wp-content\/uploads\/2023\/09\/rozines-rozes-ir-melynos-limonijos-puoksteje-geles-mokytojams.jpg","datePublished":"2023-09-22T12:47:05+00:00","dateModified":"2025-05-28T23:59:13+00:00","description":"\u0418\u0449\u0435\u0442\u0435 \u0443\u043d\u0438\u043a\u0430\u043b\u044c\u043d\u0443\u044e \u043a\u043e\u043c\u043f\u043e\u0437\u0438\u0446\u0438\u044e? \u042d\u0442\u0438\u043c \u0431\u0443\u043a\u0435\u0442\u043e\u043c \u0432\u044b \u043d\u0430\u0432\u0435\u0440\u043d\u044f\u043a\u0430 \u0443\u0434\u0438\u0432\u0438\u0442\u0435 \u043b\u044e\u0431\u0438\u043c\u043e\u0433\u043e \u0447\u0435\u043b\u043e\u0432\u0435\u043a\u0430 \u0438 \u043e\u043d \u0431\u0443\u0434\u0435\u0442 \u0432\u043f\u0435\u0447\u0430\u0442\u043b\u0435\u043d.","breadcrumb":{"@id":"https:\/\/www.gintaresgeles.lt\/ru\/puokste\/%d0%b1%d1%83%d0%ba%d0%b5%d1%82-%d1%80%d0%be%d0%b7%d0%be%d0%b2%d1%8b%d1%85-%d1%80%d0%be%d0%b7-%d0%b8-%d1%81%d1%82%d0%b0%d1%82%d0%b8%d1%86\/#breadcrumb"},"inLanguage":"ru-RU","potentialAction":[{"@type":"ReadAction","target":["https:\/\/www.gintaresgeles.lt\/ru\/puokste\/%d0%b1%d1%83%d0%ba%d0%b5%d1%82-%d1%80%d0%be%d0%b7%d0%be%d0%b2%d1%8b%d1%85-%d1%80%d0%be%d0%b7-%d0%b8-%d1%81%d1%82%d0%b0%d1%82%d0%b8%d1%86\/"]}]},{"@type":"ImageObject","inLanguage":"ru-RU","@id":"https:\/\/www.gintaresgeles.lt\/ru\/puokste\/%d0%b1%d1%83%d0%ba%d0%b5%d1%82-%d1%80%d0%be%d0%b7%d0%be%d0%b2%d1%8b%d1%85-%d1%80%d0%be%d0%b7-%d0%b8-%d1%81%d1%82%d0%b0%d1%82%d0%b8%d1%86\/#primaryimage","url":"https:\/\/www.gintaresgeles.lt\/wp-content\/uploads\/2023\/09\/rozines-rozes-ir-melynos-limonijos-puoksteje-geles-mokytojams.jpg","contentUrl":"https:\/\/www.gintaresgeles.lt\/wp-content\/uploads\/2023\/09\/rozines-rozes-ir-melynos-limonijos-puoksteje-geles-mokytojams.jpg","width":1200,"height":1200,"caption":"Simbolin\u0117s puok\u0161t\u0117s i\u0161 ro\u017eini\u0173 ro\u017ei\u0173 ir m\u0117lyn\u0173 limonij\u0173"},{"@type":"BreadcrumbList","@id":"https:\/\/www.gintaresgeles.lt\/ru\/puokste\/%d0%b1%d1%83%d0%ba%d0%b5%d1%82-%d1%80%d0%be%d0%b7%d0%be%d0%b2%d1%8b%d1%85-%d1%80%d0%be%d0%b7-%d0%b8-%d1%81%d1%82%d0%b0%d1%82%d0%b8%d1%86\/#breadcrumb","itemListElement":[{"@type":"ListItem","position":1,"name":"Prad\u017eia","item":"https:\/\/www.gintaresgeles.lt\/ru\/"},{"@type":"ListItem","position":2,"name":"\u0412\u0441\u0435 \u0446\u0432\u0435\u0442\u044b \u0438 \u0434\u0440\u0443\u0433\u0438\u0435 \u043f\u0440\u043e\u0434\u0443\u043a\u0442\u044b","item":"https:\/\/www.gintaresgeles.lt\/ru\/vse-cvety-i-drugie-produkty\/"},{"@type":"ListItem","position":3,"name":"\u0411\u0443\u043a\u0435\u0442 \u0440\u043e\u0437\u043e\u0432\u044b\u0445 \u0440\u043e\u0437 \u0438 \u0441\u0442\u0430\u0442\u0438\u0446"}]},{"@type":"WebSite","@id":"https:\/\/www.gintaresgeles.lt\/ru\/#website","url":"https:\/\/www.gintaresgeles.lt\/ru\/","name":"Gintares Geles","description":"\u0414\u043e\u0441\u0442\u0430\u0432\u043a\u0430 \u0446\u0432\u0435\u0442\u043e\u0432 \u0432 \u0412\u0438\u043b\u044c\u043d\u044e\u0441\u0435 | \u0412 \u0442\u043e\u0442 \u0436\u0435 \u0434\u0435\u043d\u044c | Gintares geles","potentialAction":[{"@type":"SearchAction","target":{"@type":"EntryPoint","urlTemplate":"https:\/\/www.gintaresgeles.lt\/ru\/?s={search_term_string}"},"query-input":{"@type":"PropertyValueSpecification","valueRequired":true,"valueName":"search_term_string"}}],"inLanguage":"ru-RU"}]}},"_links":{"self":[{"href":"https:\/\/www.gintaresgeles.lt\/ru\/wp-json\/wp\/v2\/product\/49830","targetHints":{"allow":["GET"]}}],"collection":[{"href":"https:\/\/www.gintaresgeles.lt\/ru\/wp-json\/wp\/v2\/product"}],"about":[{"href":"https:\/\/www.gintaresgeles.lt\/ru\/wp-json\/wp\/v2\/types\/product"}],"wp:featuredmedia":[{"embeddable":true,"href":"https:\/\/www.gintaresgeles.lt\/ru\/wp-json\/wp\/v2\/media\/49560"}],"wp:attachment":[{"href":"https:\/\/www.gintaresgeles.lt\/ru\/wp-json\/wp\/v2\/media?parent=49830"}],"wp:term":[{"taxonomy":"product_brand","embeddable":true,"href":"https:\/\/www.gintaresgeles.lt\/ru\/wp-json\/wp\/v2\/product_brand?post=49830"},{"taxonomy":"product_cat","embeddable":true,"href":"https:\/\/www.gintaresgeles.lt\/ru\/wp-json\/wp\/v2\/product_cat?post=49830"},{"taxonomy":"product_tag","embeddable":true,"href":"https:\/\/www.gintaresgeles.lt\/ru\/wp-json\/wp\/v2\/product_tag?post=49830"}],"curies":[{"name":"wp","href":"https:\/\/api.w.org\/{rel}","templated":true}]}}