{"id":49925,"date":"2023-11-08T16:56:24","date_gmt":"2023-11-08T14:56:24","guid":{"rendered":"https:\/\/www.gintaresgeles.lt\/?post_type=product&#038;p=49925"},"modified":"2025-11-16T18:13:04","modified_gmt":"2025-11-16T16:13:04","slug":"%d0%b4%d0%b2%d1%83%d1%85%d1%81%d1%82%d0%be%d1%80%d0%be%d0%bd%d0%bd%d0%b8%d0%b9-%d1%80%d0%be%d0%b6%d0%b4%d0%b5%d1%81%d1%82%d0%b2%d0%b5%d0%bd%d1%81%d0%ba%d0%b8%d0%b9-%d0%b2%d0%b5%d0%bd%d0%be%d0%ba","status":"publish","type":"product","link":"https:\/\/www.gintaresgeles.lt\/ru\/puokste\/%d0%b4%d0%b2%d1%83%d1%85%d1%81%d1%82%d0%be%d1%80%d0%be%d0%bd%d0%bd%d0%b8%d0%b9-%d1%80%d0%be%d0%b6%d0%b4%d0%b5%d1%81%d1%82%d0%b2%d0%b5%d0%bd%d1%81%d0%ba%d0%b8%d0%b9-%d0%b2%d0%b5%d0%bd%d0%be%d0%ba\/","title":{"rendered":"\u041e\u0434\u043d\u043e\u0441\u0442\u043e\u0440\u043e\u043d\u043d\u0438\u0439 \u0440\u043e\u0436\u0434\u0435\u0441\u0442\u0432\u0435\u043d\u0441\u043a\u0438\u0439 \u0432\u0435\u043d\u043e\u043a &#171;\u0417\u0438\u043c\u043d\u0435\u0435 \u0432\u0440\u0435\u043c\u044f&#187;"},"content":{"rendered":"","protected":false},"excerpt":{"rendered":"<p>\u0420\u0443\u0447\u043d\u043e\u0439 \u0440\u0430\u0431\u043e\u0442\u044b \u0430\u0434\u0432\u0435\u043d\u0442-\u0432\u0435\u043d\u043e\u043a \u0438\u0437 \u0432\u0435\u0442\u043e\u043a \u043f\u0438\u0445\u0442\u044b, \u0443\u043a\u0440\u0430\u0448\u0435\u043d\u043d\u044b\u0439 \u0445\u043b\u043e\u043f\u043a\u043e\u043c, \u0441\u0435\u0440\u0435\u0431\u0440\u044f\u043d\u044b\u043c\u0438 \u043a\u0440\u0443\u0433\u043b\u044b\u043c\u0438 \u0438\u0433\u0440\u0443\u0448\u043a\u0430\u043c\u0438, \u0448\u0438\u0448\u043a\u0430\u043c\u0438, \u0437\u0435\u043b\u0435\u043d\u044b\u043c \u0431\u0430\u043d\u0442\u043e\u043c \u0438 \u0440\u043e\u0436\u0434\u0435\u0441\u0442\u0432\u0435\u043d\u0441\u043a\u0438\u043c\u0438 \u0431\u0435\u043b\u044b\u043c\u0438 \u0438\u0433\u0440\u0443\u0448\u043a\u0430\u043c\u0438 \u2013 \u0441\u043e\u0437\u0434\u0430\u0441\u0442 \u0443\u044e\u0442\u043d\u0443\u044e \u0440\u043e\u0436\u0434\u0435\u0441\u0442\u0432\u0435\u043d\u0441\u043a\u0443\u044e \u0430\u0442\u043c\u043e\u0441\u0444\u0435\u0440\u0443.<\/p>\n<p>\u0414\u0438\u0430\u043c\u0435\u0442\u0440 \u0432\u0435\u043d\u043a\u0430 \u2013 <b>30 \u0441\u043c<\/b>. \u041f\u0435\u0440\u0435\u0434\u043d\u044f\u044f \u0447\u0430\u0441\u0442\u044c \u0443\u043a\u0440\u0430\u0448\u0435\u043d\u0430 \u0434\u0435\u043a\u043e\u0440\u043e\u043c \u0438 \u0432\u0435\u0442\u043a\u0430\u043c\u0438 \u043f\u0438\u0445\u0442\u044b.<\/p>\n","protected":false},"featured_media":49928,"template":"","meta":[],"product_brand":[],"product_cat":[2230,1905],"product_tag":[],"class_list":{"0":"post-49925","1":"product","2":"type-product","3":"status-publish","4":"has-post-thumbnail","6":"product_cat-p-","7":"product_cat-1905","8":"tm-has-options","10":"first","11":"outofstock","12":"taxable","13":"shipping-taxable","14":"purchasable","15":"product-type-simple"},"yoast_head":"<!-- This site is optimized with the Yoast SEO plugin v25.3 - https:\/\/yoast.com\/wordpress\/plugins\/seo\/ -->\n<title>\u041e\u0434\u043d\u043e\u0441\u0442\u043e\u0440\u043e\u043d\u043d\u0438\u0439 \u0440\u043e\u0436\u0434\u0435\u0441\u0442\u0432\u0435\u043d\u0441\u043a\u0438\u0439 \u0432\u0435\u043d\u043e\u043a &quot;\u0417\u0438\u043c\u043d\u0435\u0435 \u0432\u0440\u0435\u043c\u044f&quot; | Gintar\u0117s G\u0117l\u0117s<\/title>\n<meta name=\"description\" content=\"\u0423\u043a\u0440\u0430\u0441\u044c\u0442\u0435 \u0441\u0432\u043e\u0439 \u0434\u043e\u043c \u0432 \u043f\u0440\u0430\u0437\u0434\u043d\u0438\u0447\u043d\u044b\u0439 \u0437\u0438\u043c\u043d\u0438\u0439 \u043f\u0435\u0440\u0438\u043e\u0434 \u044d\u0442\u0438\u043c \u043e\u0434\u043d\u043e\u0441\u0442\u043e\u0440\u043e\u043d\u043d\u0438\u043c \u0440\u043e\u0436\u0434\u0435\u0441\u0442\u0432\u0435\u043d\u0441\u043a\u0438\u043c \u0432\u0435\u043d\u043a\u043e\u043c \u0441 \u0431\u0435\u043b\u044b\u043c\u0438 \u0438 \u0437\u0435\u043b\u0435\u043d\u044b\u043c\u0438 \u044d\u043b\u0435\u043c\u0435\u043d\u0442\u0430\u043c\u0438 \u0434\u0435\u043a\u043e\u0440\u0430.\" \/>\n<meta name=\"robots\" content=\"index, follow, max-snippet:-1, max-image-preview:large, max-video-preview:-1\" \/>\n<link rel=\"canonical\" href=\"https:\/\/www.gintaresgeles.lt\/ru\/puokste\/%d0%b4%d0%b2%d1%83%d1%85%d1%81%d1%82%d0%be%d1%80%d0%be%d0%bd%d0%bd%d0%b8%d0%b9-%d1%80%d0%be%d0%b6%d0%b4%d0%b5%d1%81%d1%82%d0%b2%d0%b5%d0%bd%d1%81%d0%ba%d0%b8%d0%b9-%d0%b2%d0%b5%d0%bd%d0%be%d0%ba\/\" \/>\n<meta property=\"og:locale\" content=\"ru_RU\" \/>\n<meta property=\"og:type\" content=\"article\" \/>\n<meta property=\"og:title\" content=\"\u041e\u0434\u043d\u043e\u0441\u0442\u043e\u0440\u043e\u043d\u043d\u0438\u0439 \u0440\u043e\u0436\u0434\u0435\u0441\u0442\u0432\u0435\u043d\u0441\u043a\u0438\u0439 \u0432\u0435\u043d\u043e\u043a &quot;\u0417\u0438\u043c\u043d\u0435\u0435 \u0432\u0440\u0435\u043c\u044f&quot; | Gintar\u0117s G\u0117l\u0117s\" \/>\n<meta property=\"og:description\" content=\"\u0423\u043a\u0440\u0430\u0441\u044c\u0442\u0435 \u0441\u0432\u043e\u0439 \u0434\u043e\u043c \u0432 \u043f\u0440\u0430\u0437\u0434\u043d\u0438\u0447\u043d\u044b\u0439 \u0437\u0438\u043c\u043d\u0438\u0439 \u043f\u0435\u0440\u0438\u043e\u0434 \u044d\u0442\u0438\u043c \u043e\u0434\u043d\u043e\u0441\u0442\u043e\u0440\u043e\u043d\u043d\u0438\u043c \u0440\u043e\u0436\u0434\u0435\u0441\u0442\u0432\u0435\u043d\u0441\u043a\u0438\u043c \u0432\u0435\u043d\u043a\u043e\u043c \u0441 \u0431\u0435\u043b\u044b\u043c\u0438 \u0438 \u0437\u0435\u043b\u0435\u043d\u044b\u043c\u0438 \u044d\u043b\u0435\u043c\u0435\u043d\u0442\u0430\u043c\u0438 \u0434\u0435\u043a\u043e\u0440\u0430.\" \/>\n<meta property=\"og:url\" content=\"https:\/\/www.gintaresgeles.lt\/ru\/puokste\/%d0%b4%d0%b2%d1%83%d1%85%d1%81%d1%82%d0%be%d1%80%d0%be%d0%bd%d0%bd%d0%b8%d0%b9-%d1%80%d0%be%d0%b6%d0%b4%d0%b5%d1%81%d1%82%d0%b2%d0%b5%d0%bd%d1%81%d0%ba%d0%b8%d0%b9-%d0%b2%d0%b5%d0%bd%d0%be%d0%ba\/\" \/>\n<meta property=\"og:site_name\" content=\"gintaresgeles.lt\" \/>\n<meta property=\"article:modified_time\" content=\"2025-11-16T16:13:04+00:00\" \/>\n<meta property=\"og:image\" content=\"https:\/\/www.gintaresgeles.lt\/wp-content\/uploads\/2023\/11\/kalediniai-vainikai-is-kenio-saku-dekoracijos-namams.jpg\" \/>\n\t<meta property=\"og:image:width\" content=\"1200\" \/>\n\t<meta property=\"og:image:height\" content=\"1200\" \/>\n\t<meta property=\"og:image:type\" content=\"image\/jpeg\" \/>\n<meta name=\"twitter:card\" content=\"summary_large_image\" \/>\n<script type=\"application\/ld+json\" class=\"yoast-schema-graph\">{\"@context\":\"https:\/\/schema.org\",\"@graph\":[{\"@type\":\"WebPage\",\"@id\":\"https:\/\/www.gintaresgeles.lt\/ru\/puokste\/%d0%b4%d0%b2%d1%83%d1%85%d1%81%d1%82%d0%be%d1%80%d0%be%d0%bd%d0%bd%d0%b8%d0%b9-%d1%80%d0%be%d0%b6%d0%b4%d0%b5%d1%81%d1%82%d0%b2%d0%b5%d0%bd%d1%81%d0%ba%d0%b8%d0%b9-%d0%b2%d0%b5%d0%bd%d0%be%d0%ba\/\",\"url\":\"https:\/\/www.gintaresgeles.lt\/ru\/puokste\/%d0%b4%d0%b2%d1%83%d1%85%d1%81%d1%82%d0%be%d1%80%d0%be%d0%bd%d0%bd%d0%b8%d0%b9-%d1%80%d0%be%d0%b6%d0%b4%d0%b5%d1%81%d1%82%d0%b2%d0%b5%d0%bd%d1%81%d0%ba%d0%b8%d0%b9-%d0%b2%d0%b5%d0%bd%d0%be%d0%ba\/\",\"name\":\"\u041e\u0434\u043d\u043e\u0441\u0442\u043e\u0440\u043e\u043d\u043d\u0438\u0439 \u0440\u043e\u0436\u0434\u0435\u0441\u0442\u0432\u0435\u043d\u0441\u043a\u0438\u0439 \u0432\u0435\u043d\u043e\u043a \\\"\u0417\u0438\u043c\u043d\u0435\u0435 \u0432\u0440\u0435\u043c\u044f\\\" | Gintar\u0117s G\u0117l\u0117s\",\"isPartOf\":{\"@id\":\"https:\/\/www.gintaresgeles.lt\/ru\/#website\"},\"primaryImageOfPage\":{\"@id\":\"https:\/\/www.gintaresgeles.lt\/ru\/puokste\/%d0%b4%d0%b2%d1%83%d1%85%d1%81%d1%82%d0%be%d1%80%d0%be%d0%bd%d0%bd%d0%b8%d0%b9-%d1%80%d0%be%d0%b6%d0%b4%d0%b5%d1%81%d1%82%d0%b2%d0%b5%d0%bd%d1%81%d0%ba%d0%b8%d0%b9-%d0%b2%d0%b5%d0%bd%d0%be%d0%ba\/#primaryimage\"},\"image\":{\"@id\":\"https:\/\/www.gintaresgeles.lt\/ru\/puokste\/%d0%b4%d0%b2%d1%83%d1%85%d1%81%d1%82%d0%be%d1%80%d0%be%d0%bd%d0%bd%d0%b8%d0%b9-%d1%80%d0%be%d0%b6%d0%b4%d0%b5%d1%81%d1%82%d0%b2%d0%b5%d0%bd%d1%81%d0%ba%d0%b8%d0%b9-%d0%b2%d0%b5%d0%bd%d0%be%d0%ba\/#primaryimage\"},\"thumbnailUrl\":\"https:\/\/www.gintaresgeles.lt\/wp-content\/uploads\/2023\/11\/kalediniai-vainikai-is-kenio-saku-dekoracijos-namams.jpg\",\"datePublished\":\"2023-11-08T14:56:24+00:00\",\"dateModified\":\"2025-11-16T16:13:04+00:00\",\"description\":\"\u0423\u043a\u0440\u0430\u0441\u044c\u0442\u0435 \u0441\u0432\u043e\u0439 \u0434\u043e\u043c \u0432 \u043f\u0440\u0430\u0437\u0434\u043d\u0438\u0447\u043d\u044b\u0439 \u0437\u0438\u043c\u043d\u0438\u0439 \u043f\u0435\u0440\u0438\u043e\u0434 \u044d\u0442\u0438\u043c \u043e\u0434\u043d\u043e\u0441\u0442\u043e\u0440\u043e\u043d\u043d\u0438\u043c \u0440\u043e\u0436\u0434\u0435\u0441\u0442\u0432\u0435\u043d\u0441\u043a\u0438\u043c \u0432\u0435\u043d\u043a\u043e\u043c \u0441 \u0431\u0435\u043b\u044b\u043c\u0438 \u0438 \u0437\u0435\u043b\u0435\u043d\u044b\u043c\u0438 \u044d\u043b\u0435\u043c\u0435\u043d\u0442\u0430\u043c\u0438 \u0434\u0435\u043a\u043e\u0440\u0430.\",\"breadcrumb\":{\"@id\":\"https:\/\/www.gintaresgeles.lt\/ru\/puokste\/%d0%b4%d0%b2%d1%83%d1%85%d1%81%d1%82%d0%be%d1%80%d0%be%d0%bd%d0%bd%d0%b8%d0%b9-%d1%80%d0%be%d0%b6%d0%b4%d0%b5%d1%81%d1%82%d0%b2%d0%b5%d0%bd%d1%81%d0%ba%d0%b8%d0%b9-%d0%b2%d0%b5%d0%bd%d0%be%d0%ba\/#breadcrumb\"},\"inLanguage\":\"ru-RU\",\"potentialAction\":[{\"@type\":\"ReadAction\",\"target\":[\"https:\/\/www.gintaresgeles.lt\/ru\/puokste\/%d0%b4%d0%b2%d1%83%d1%85%d1%81%d1%82%d0%be%d1%80%d0%be%d0%bd%d0%bd%d0%b8%d0%b9-%d1%80%d0%be%d0%b6%d0%b4%d0%b5%d1%81%d1%82%d0%b2%d0%b5%d0%bd%d1%81%d0%ba%d0%b8%d0%b9-%d0%b2%d0%b5%d0%bd%d0%be%d0%ba\/\"]}]},{\"@type\":\"ImageObject\",\"inLanguage\":\"ru-RU\",\"@id\":\"https:\/\/www.gintaresgeles.lt\/ru\/puokste\/%d0%b4%d0%b2%d1%83%d1%85%d1%81%d1%82%d0%be%d1%80%d0%be%d0%bd%d0%bd%d0%b8%d0%b9-%d1%80%d0%be%d0%b6%d0%b4%d0%b5%d1%81%d1%82%d0%b2%d0%b5%d0%bd%d1%81%d0%ba%d0%b8%d0%b9-%d0%b2%d0%b5%d0%bd%d0%be%d0%ba\/#primaryimage\",\"url\":\"https:\/\/www.gintaresgeles.lt\/wp-content\/uploads\/2023\/11\/kalediniai-vainikai-is-kenio-saku-dekoracijos-namams.jpg\",\"contentUrl\":\"https:\/\/www.gintaresgeles.lt\/wp-content\/uploads\/2023\/11\/kalediniai-vainikai-is-kenio-saku-dekoracijos-namams.jpg\",\"width\":1200,\"height\":1200,\"caption\":\"Kal\u0117diniai vainikai su papuo\u0161imais ir elniuku dovanos artimiesiems\"},{\"@type\":\"BreadcrumbList\",\"@id\":\"https:\/\/www.gintaresgeles.lt\/ru\/puokste\/%d0%b4%d0%b2%d1%83%d1%85%d1%81%d1%82%d0%be%d1%80%d0%be%d0%bd%d0%bd%d0%b8%d0%b9-%d1%80%d0%be%d0%b6%d0%b4%d0%b5%d1%81%d1%82%d0%b2%d0%b5%d0%bd%d1%81%d0%ba%d0%b8%d0%b9-%d0%b2%d0%b5%d0%bd%d0%be%d0%ba\/#breadcrumb\",\"itemListElement\":[{\"@type\":\"ListItem\",\"position\":1,\"name\":\"Prad\u017eia\",\"item\":\"https:\/\/www.gintaresgeles.lt\/ru\/\"},{\"@type\":\"ListItem\",\"position\":2,\"name\":\"\u0412\u0441\u0435 \u0446\u0432\u0435\u0442\u044b \u0438 \u0434\u0440\u0443\u0433\u0438\u0435 \u043f\u0440\u043e\u0434\u0443\u043a\u0442\u044b\",\"item\":\"https:\/\/www.gintaresgeles.lt\/ru\/vse-cvety-i-drugie-produkty\/\"},{\"@type\":\"ListItem\",\"position\":3,\"name\":\"\u041e\u0434\u043d\u043e\u0441\u0442\u043e\u0440\u043e\u043d\u043d\u0438\u0439 \u0440\u043e\u0436\u0434\u0435\u0441\u0442\u0432\u0435\u043d\u0441\u043a\u0438\u0439 \u0432\u0435\u043d\u043e\u043a &#8222;\u0417\u0438\u043c\u043d\u0435\u0435 \u0432\u0440\u0435\u043c\u044f&#8221;\"}]},{\"@type\":\"WebSite\",\"@id\":\"https:\/\/www.gintaresgeles.lt\/ru\/#website\",\"url\":\"https:\/\/www.gintaresgeles.lt\/ru\/\",\"name\":\"gintaresgeles.lt\",\"description\":\"G\u0117li\u0173 parduotuv\u0117 internete\",\"potentialAction\":[{\"@type\":\"SearchAction\",\"target\":{\"@type\":\"EntryPoint\",\"urlTemplate\":\"https:\/\/www.gintaresgeles.lt\/ru\/?s={search_term_string}\"},\"query-input\":{\"@type\":\"PropertyValueSpecification\",\"valueRequired\":true,\"valueName\":\"search_term_string\"}}],\"inLanguage\":\"ru-RU\"}]}<\/script>\n<!-- \/ Yoast SEO plugin. -->","yoast_head_json":{"title":"\u041e\u0434\u043d\u043e\u0441\u0442\u043e\u0440\u043e\u043d\u043d\u0438\u0439 \u0440\u043e\u0436\u0434\u0435\u0441\u0442\u0432\u0435\u043d\u0441\u043a\u0438\u0439 \u0432\u0435\u043d\u043e\u043a \"\u0417\u0438\u043c\u043d\u0435\u0435 \u0432\u0440\u0435\u043c\u044f\" | Gintar\u0117s G\u0117l\u0117s","description":"\u0423\u043a\u0440\u0430\u0441\u044c\u0442\u0435 \u0441\u0432\u043e\u0439 \u0434\u043e\u043c \u0432 \u043f\u0440\u0430\u0437\u0434\u043d\u0438\u0447\u043d\u044b\u0439 \u0437\u0438\u043c\u043d\u0438\u0439 \u043f\u0435\u0440\u0438\u043e\u0434 \u044d\u0442\u0438\u043c \u043e\u0434\u043d\u043e\u0441\u0442\u043e\u0440\u043e\u043d\u043d\u0438\u043c \u0440\u043e\u0436\u0434\u0435\u0441\u0442\u0432\u0435\u043d\u0441\u043a\u0438\u043c \u0432\u0435\u043d\u043a\u043e\u043c \u0441 \u0431\u0435\u043b\u044b\u043c\u0438 \u0438 \u0437\u0435\u043b\u0435\u043d\u044b\u043c\u0438 \u044d\u043b\u0435\u043c\u0435\u043d\u0442\u0430\u043c\u0438 \u0434\u0435\u043a\u043e\u0440\u0430.","robots":{"index":"index","follow":"follow","max-snippet":"max-snippet:-1","max-image-preview":"max-image-preview:large","max-video-preview":"max-video-preview:-1"},"canonical":"https:\/\/www.gintaresgeles.lt\/ru\/puokste\/%d0%b4%d0%b2%d1%83%d1%85%d1%81%d1%82%d0%be%d1%80%d0%be%d0%bd%d0%bd%d0%b8%d0%b9-%d1%80%d0%be%d0%b6%d0%b4%d0%b5%d1%81%d1%82%d0%b2%d0%b5%d0%bd%d1%81%d0%ba%d0%b8%d0%b9-%d0%b2%d0%b5%d0%bd%d0%be%d0%ba\/","og_locale":"ru_RU","og_type":"article","og_title":"\u041e\u0434\u043d\u043e\u0441\u0442\u043e\u0440\u043e\u043d\u043d\u0438\u0439 \u0440\u043e\u0436\u0434\u0435\u0441\u0442\u0432\u0435\u043d\u0441\u043a\u0438\u0439 \u0432\u0435\u043d\u043e\u043a \"\u0417\u0438\u043c\u043d\u0435\u0435 \u0432\u0440\u0435\u043c\u044f\" | Gintar\u0117s G\u0117l\u0117s","og_description":"\u0423\u043a\u0440\u0430\u0441\u044c\u0442\u0435 \u0441\u0432\u043e\u0439 \u0434\u043e\u043c \u0432 \u043f\u0440\u0430\u0437\u0434\u043d\u0438\u0447\u043d\u044b\u0439 \u0437\u0438\u043c\u043d\u0438\u0439 \u043f\u0435\u0440\u0438\u043e\u0434 \u044d\u0442\u0438\u043c \u043e\u0434\u043d\u043e\u0441\u0442\u043e\u0440\u043e\u043d\u043d\u0438\u043c \u0440\u043e\u0436\u0434\u0435\u0441\u0442\u0432\u0435\u043d\u0441\u043a\u0438\u043c \u0432\u0435\u043d\u043a\u043e\u043c \u0441 \u0431\u0435\u043b\u044b\u043c\u0438 \u0438 \u0437\u0435\u043b\u0435\u043d\u044b\u043c\u0438 \u044d\u043b\u0435\u043c\u0435\u043d\u0442\u0430\u043c\u0438 \u0434\u0435\u043a\u043e\u0440\u0430.","og_url":"https:\/\/www.gintaresgeles.lt\/ru\/puokste\/%d0%b4%d0%b2%d1%83%d1%85%d1%81%d1%82%d0%be%d1%80%d0%be%d0%bd%d0%bd%d0%b8%d0%b9-%d1%80%d0%be%d0%b6%d0%b4%d0%b5%d1%81%d1%82%d0%b2%d0%b5%d0%bd%d1%81%d0%ba%d0%b8%d0%b9-%d0%b2%d0%b5%d0%bd%d0%be%d0%ba\/","og_site_name":"gintaresgeles.lt","article_modified_time":"2025-11-16T16:13:04+00:00","og_image":[{"width":1200,"height":1200,"url":"https:\/\/www.gintaresgeles.lt\/wp-content\/uploads\/2023\/11\/kalediniai-vainikai-is-kenio-saku-dekoracijos-namams.jpg","type":"image\/jpeg"}],"twitter_card":"summary_large_image","schema":{"@context":"https:\/\/schema.org","@graph":[{"@type":"WebPage","@id":"https:\/\/www.gintaresgeles.lt\/ru\/puokste\/%d0%b4%d0%b2%d1%83%d1%85%d1%81%d1%82%d0%be%d1%80%d0%be%d0%bd%d0%bd%d0%b8%d0%b9-%d1%80%d0%be%d0%b6%d0%b4%d0%b5%d1%81%d1%82%d0%b2%d0%b5%d0%bd%d1%81%d0%ba%d0%b8%d0%b9-%d0%b2%d0%b5%d0%bd%d0%be%d0%ba\/","url":"https:\/\/www.gintaresgeles.lt\/ru\/puokste\/%d0%b4%d0%b2%d1%83%d1%85%d1%81%d1%82%d0%be%d1%80%d0%be%d0%bd%d0%bd%d0%b8%d0%b9-%d1%80%d0%be%d0%b6%d0%b4%d0%b5%d1%81%d1%82%d0%b2%d0%b5%d0%bd%d1%81%d0%ba%d0%b8%d0%b9-%d0%b2%d0%b5%d0%bd%d0%be%d0%ba\/","name":"\u041e\u0434\u043d\u043e\u0441\u0442\u043e\u0440\u043e\u043d\u043d\u0438\u0439 \u0440\u043e\u0436\u0434\u0435\u0441\u0442\u0432\u0435\u043d\u0441\u043a\u0438\u0439 \u0432\u0435\u043d\u043e\u043a \"\u0417\u0438\u043c\u043d\u0435\u0435 \u0432\u0440\u0435\u043c\u044f\" | Gintar\u0117s G\u0117l\u0117s","isPartOf":{"@id":"https:\/\/www.gintaresgeles.lt\/ru\/#website"},"primaryImageOfPage":{"@id":"https:\/\/www.gintaresgeles.lt\/ru\/puokste\/%d0%b4%d0%b2%d1%83%d1%85%d1%81%d1%82%d0%be%d1%80%d0%be%d0%bd%d0%bd%d0%b8%d0%b9-%d1%80%d0%be%d0%b6%d0%b4%d0%b5%d1%81%d1%82%d0%b2%d0%b5%d0%bd%d1%81%d0%ba%d0%b8%d0%b9-%d0%b2%d0%b5%d0%bd%d0%be%d0%ba\/#primaryimage"},"image":{"@id":"https:\/\/www.gintaresgeles.lt\/ru\/puokste\/%d0%b4%d0%b2%d1%83%d1%85%d1%81%d1%82%d0%be%d1%80%d0%be%d0%bd%d0%bd%d0%b8%d0%b9-%d1%80%d0%be%d0%b6%d0%b4%d0%b5%d1%81%d1%82%d0%b2%d0%b5%d0%bd%d1%81%d0%ba%d0%b8%d0%b9-%d0%b2%d0%b5%d0%bd%d0%be%d0%ba\/#primaryimage"},"thumbnailUrl":"https:\/\/www.gintaresgeles.lt\/wp-content\/uploads\/2023\/11\/kalediniai-vainikai-is-kenio-saku-dekoracijos-namams.jpg","datePublished":"2023-11-08T14:56:24+00:00","dateModified":"2025-11-16T16:13:04+00:00","description":"\u0423\u043a\u0440\u0430\u0441\u044c\u0442\u0435 \u0441\u0432\u043e\u0439 \u0434\u043e\u043c \u0432 \u043f\u0440\u0430\u0437\u0434\u043d\u0438\u0447\u043d\u044b\u0439 \u0437\u0438\u043c\u043d\u0438\u0439 \u043f\u0435\u0440\u0438\u043e\u0434 \u044d\u0442\u0438\u043c \u043e\u0434\u043d\u043e\u0441\u0442\u043e\u0440\u043e\u043d\u043d\u0438\u043c \u0440\u043e\u0436\u0434\u0435\u0441\u0442\u0432\u0435\u043d\u0441\u043a\u0438\u043c \u0432\u0435\u043d\u043a\u043e\u043c \u0441 \u0431\u0435\u043b\u044b\u043c\u0438 \u0438 \u0437\u0435\u043b\u0435\u043d\u044b\u043c\u0438 \u044d\u043b\u0435\u043c\u0435\u043d\u0442\u0430\u043c\u0438 \u0434\u0435\u043a\u043e\u0440\u0430.","breadcrumb":{"@id":"https:\/\/www.gintaresgeles.lt\/ru\/puokste\/%d0%b4%d0%b2%d1%83%d1%85%d1%81%d1%82%d0%be%d1%80%d0%be%d0%bd%d0%bd%d0%b8%d0%b9-%d1%80%d0%be%d0%b6%d0%b4%d0%b5%d1%81%d1%82%d0%b2%d0%b5%d0%bd%d1%81%d0%ba%d0%b8%d0%b9-%d0%b2%d0%b5%d0%bd%d0%be%d0%ba\/#breadcrumb"},"inLanguage":"ru-RU","potentialAction":[{"@type":"ReadAction","target":["https:\/\/www.gintaresgeles.lt\/ru\/puokste\/%d0%b4%d0%b2%d1%83%d1%85%d1%81%d1%82%d0%be%d1%80%d0%be%d0%bd%d0%bd%d0%b8%d0%b9-%d1%80%d0%be%d0%b6%d0%b4%d0%b5%d1%81%d1%82%d0%b2%d0%b5%d0%bd%d1%81%d0%ba%d0%b8%d0%b9-%d0%b2%d0%b5%d0%bd%d0%be%d0%ba\/"]}]},{"@type":"ImageObject","inLanguage":"ru-RU","@id":"https:\/\/www.gintaresgeles.lt\/ru\/puokste\/%d0%b4%d0%b2%d1%83%d1%85%d1%81%d1%82%d0%be%d1%80%d0%be%d0%bd%d0%bd%d0%b8%d0%b9-%d1%80%d0%be%d0%b6%d0%b4%d0%b5%d1%81%d1%82%d0%b2%d0%b5%d0%bd%d1%81%d0%ba%d0%b8%d0%b9-%d0%b2%d0%b5%d0%bd%d0%be%d0%ba\/#primaryimage","url":"https:\/\/www.gintaresgeles.lt\/wp-content\/uploads\/2023\/11\/kalediniai-vainikai-is-kenio-saku-dekoracijos-namams.jpg","contentUrl":"https:\/\/www.gintaresgeles.lt\/wp-content\/uploads\/2023\/11\/kalediniai-vainikai-is-kenio-saku-dekoracijos-namams.jpg","width":1200,"height":1200,"caption":"Kal\u0117diniai vainikai su papuo\u0161imais ir elniuku dovanos artimiesiems"},{"@type":"BreadcrumbList","@id":"https:\/\/www.gintaresgeles.lt\/ru\/puokste\/%d0%b4%d0%b2%d1%83%d1%85%d1%81%d1%82%d0%be%d1%80%d0%be%d0%bd%d0%bd%d0%b8%d0%b9-%d1%80%d0%be%d0%b6%d0%b4%d0%b5%d1%81%d1%82%d0%b2%d0%b5%d0%bd%d1%81%d0%ba%d0%b8%d0%b9-%d0%b2%d0%b5%d0%bd%d0%be%d0%ba\/#breadcrumb","itemListElement":[{"@type":"ListItem","position":1,"name":"Prad\u017eia","item":"https:\/\/www.gintaresgeles.lt\/ru\/"},{"@type":"ListItem","position":2,"name":"\u0412\u0441\u0435 \u0446\u0432\u0435\u0442\u044b \u0438 \u0434\u0440\u0443\u0433\u0438\u0435 \u043f\u0440\u043e\u0434\u0443\u043a\u0442\u044b","item":"https:\/\/www.gintaresgeles.lt\/ru\/vse-cvety-i-drugie-produkty\/"},{"@type":"ListItem","position":3,"name":"\u041e\u0434\u043d\u043e\u0441\u0442\u043e\u0440\u043e\u043d\u043d\u0438\u0439 \u0440\u043e\u0436\u0434\u0435\u0441\u0442\u0432\u0435\u043d\u0441\u043a\u0438\u0439 \u0432\u0435\u043d\u043e\u043a &#8222;\u0417\u0438\u043c\u043d\u0435\u0435 \u0432\u0440\u0435\u043c\u044f&#8221;"}]},{"@type":"WebSite","@id":"https:\/\/www.gintaresgeles.lt\/ru\/#website","url":"https:\/\/www.gintaresgeles.lt\/ru\/","name":"gintaresgeles.lt","description":"G\u0117li\u0173 parduotuv\u0117 internete","potentialAction":[{"@type":"SearchAction","target":{"@type":"EntryPoint","urlTemplate":"https:\/\/www.gintaresgeles.lt\/ru\/?s={search_term_string}"},"query-input":{"@type":"PropertyValueSpecification","valueRequired":true,"valueName":"search_term_string"}}],"inLanguage":"ru-RU"}]}},"_links":{"self":[{"href":"https:\/\/www.gintaresgeles.lt\/ru\/wp-json\/wp\/v2\/product\/49925","targetHints":{"allow":["GET"]}}],"collection":[{"href":"https:\/\/www.gintaresgeles.lt\/ru\/wp-json\/wp\/v2\/product"}],"about":[{"href":"https:\/\/www.gintaresgeles.lt\/ru\/wp-json\/wp\/v2\/types\/product"}],"wp:featuredmedia":[{"embeddable":true,"href":"https:\/\/www.gintaresgeles.lt\/ru\/wp-json\/wp\/v2\/media\/49928"}],"wp:attachment":[{"href":"https:\/\/www.gintaresgeles.lt\/ru\/wp-json\/wp\/v2\/media?parent=49925"}],"wp:term":[{"taxonomy":"product_brand","embeddable":true,"href":"https:\/\/www.gintaresgeles.lt\/ru\/wp-json\/wp\/v2\/product_brand?post=49925"},{"taxonomy":"product_cat","embeddable":true,"href":"https:\/\/www.gintaresgeles.lt\/ru\/wp-json\/wp\/v2\/product_cat?post=49925"},{"taxonomy":"product_tag","embeddable":true,"href":"https:\/\/www.gintaresgeles.lt\/ru\/wp-json\/wp\/v2\/product_tag?post=49925"}],"curies":[{"name":"wp","href":"https:\/\/api.w.org\/{rel}","templated":true}]}}